{"id":81801,"date":"2025-06-05T09:54:16","date_gmt":"2025-06-05T07:54:16","guid":{"rendered":"https:\/\/magnetarmagnets.com\/?post_type=product&#038;p=81801"},"modified":"2026-04-03T20:49:24","modified_gmt":"2026-04-03T18:49:24","slug":"pacchetto-fishing-pole-2-0-per-pesca-con-magnete-1000-kg-terror-allround-360","status":"publish","type":"product","link":"https:\/\/magnetarmagnets.com\/it\/shop\/pacchetto-fishing-pole-2-0-per-pesca-con-magnete-1000-kg-terror-allround-360\/","title":{"rendered":"Pacchetto Fishing Pole 2.0 per pesca con magnete &#8211; 1000 kg &#8211; Terror &#8211; Allround 360\u00b0"},"content":{"rendered":"<ul>\r\n \t<li style=\"font-weight: 400;\"><span style=\"font-weight: 400;\">Pokestick extra lunga: 3 metri (3&#215;1 metro)<\/span><\/li>\r\n \t<li style=\"font-weight: 400;\"><span style=\"font-weight: 400;\">Montaggio\/smontaggio rapido<\/span><\/li>\r\n \t<li style=\"font-weight: 400;\"><span style=\"font-weight: 400;\">Trova oggetti sepolti in profondit\u00e0<\/span><\/li>\r\n \t<li style=\"font-weight: 400;\"><span style=\"font-weight: 400;\">Completamente pronto per la pesca con magnete<\/span><\/li>\r\n \t<li style=\"font-weight: 400;\"><span style=\"font-weight: 400;\">Asta in alluminio, non arrugginisce ed \u00e8 extra leggera<\/span><\/li>\r\n \t<li style=\"font-weight: 400;\"><span style=\"font-weight: 400;\">Peso perfetto di 1,3 kg<\/span><\/li>\r\n \t<li style=\"font-weight: 400;\"><span style=\"font-weight: 400;\">Facile da trasportare<\/span><\/li>\r\n \t<li style=\"font-weight: 400;\"><span style=\"font-weight: 400;\">Include una borsa per il trasporto<\/span><\/li>\r\n \t<li style=\"font-weight: 400;\"><span style=\"font-weight: 400;\">Fissaggi per la corda inclusi<\/span><\/li>\r\n \t<li style=\"font-weight: 400;\"><span style=\"font-weight: 400;\">Sconto aggiuntivo sul pacchetto!<\/span><\/li>\r\n<\/ul>\r\n<span style=\"font-weight: 400;\"><strong>Vuoi iniziare con la pesca con magnete e cerchi l\u2019attrezzatura giusta?<\/strong> In tal caso, il pacchetto pokestick \u00e8 perfetto per te! Il pacchetto include la pokestick \u2018Lange Jan\u2019, il magnete da pesca Terror, guanti impermeabili, colla threadlocker e la borsa per la pokestick. Usando \u2018Lange Jan\u2019 raggiungerai pi\u00f9 a fondo nel fango rispetto a una corda, aumentando le possibilit\u00e0 di trovare oggetti sepolti in profondit\u00e0.<\/span>\r\n<h2><strong>Pokestick per pesca con magnete?<\/strong><\/h2>\r\n<span style=\"font-weight: 400;\">Probabilmente conosci la pesca con magnete usando una corda, ma hai mai sentito parlare di pesca con magnete con una pokestick? \u00c8 un modo pi\u00f9 semplice per raggiungere oggetti lontani sotto il fango o tra le canne. Con un magnete da pesca e una corda non riuscirai mai a penetrare fino a 1 metro nel fango, mentre con una pokestick Magnetar puoi farlo. Vuoi che questi tesori restino nascosti? Oppure vuoi usare la nostra pokestick e il magnete da pesca per recuperarli tutti?<\/span>\r\n\r\n<a href=\"https:\/\/www.youtube.com\/watch?v=zK9xbaohgCw\">Clicca qui per un video istruttivo.<\/a>\r\n<h2><b>Copertura protettiva<\/b><\/h2>\r\nLa copertura protettiva inclusa in questo pacchetto \u00e8 l\u2019accessorio ideale per pescatori con magnete che desiderano proteggere i loro magneti in neodimio durante l\u2019uso. Queste custodie resistenti sono progettate per adattarsi perfettamente al magnete e fornire uno strato aggiuntivo di protezione contro graffi, rotture e altri tipi di danni. Le nostre coperture protettive sono robuste e resistono alle condizioni pi\u00f9 difficili. La copertura \u00e8 realizzata in acciaio inossidabile, garantendo che il tuo magnete resti magnetico a 360\u00b0. Con le nostre coperture protettive, potrai goderti la pesca con magnete senza preoccuparti dei danni al tuo prezioso magnete.\r\n\r\n(Attenzione: il fondo del magnete non \u00e8 protetto dalla copertura)","protected":false},"excerpt":{"rendered":"<p>Vuoi praticare la pesca con magnete con <strong>precisione<\/strong>? Puoi farlo con il <strong>Pacchetto Fishing Pole 2.0<\/strong>! <strong>Combina<\/strong> il magnete da pesca Allround 360\u00b0 Terror con la nostra Magnet Pole.<\/p>\n","protected":false},"featured_media":72559,"comment_status":"open","ping_status":"closed","template":"","meta":{"_acf_changed":false,"inline_featured_image":false},"product_brand":[],"product_cat":[480,473,476,481,483],"product_tag":[],"class_list":{"0":"post-81801","1":"product","2":"type-product","3":"status-publish","4":"has-post-thumbnail","6":"product_cat-kit-per-la-pesca-magnetica","7":"product_cat-magneti-da-pesca","8":"product_cat-magneti-da-pesca-360-allround","9":"product_cat-per-avventurieri-esperti","10":"product_cat-per-professionisti","12":"first","13":"instock","14":"sale","15":"taxable","16":"shipping-taxable","17":"purchasable","18":"product-type-simple"},"acf":[],"yoast_head":"<!-- This site is optimized with the Yoast SEO plugin v27.3 - https:\/\/yoast.com\/product\/yoast-seo-wordpress\/ -->\n<title>Pacchetto Fishing Pole 2.0 per pesca con magnete - 1000 kg - Terror - Allround 360\u00b0 - Magnet fishing with a Magnetar fishing magnet<\/title>\n<meta name=\"description\" content=\"Kit Fishing Pole - 1000 Kg Terror - Magnetar\" \/>\n<meta name=\"robots\" content=\"index, follow, max-snippet:-1, max-image-preview:large, max-video-preview:-1\" \/>\n<link rel=\"canonical\" href=\"https:\/\/magnetarmagnets.com\/it\/shop\/pacchetto-fishing-pole-2-0-per-pesca-con-magnete-1000-kg-terror-allround-360\/\" \/>\n<meta property=\"og:locale\" content=\"it_IT\" \/>\n<meta property=\"og:type\" content=\"article\" \/>\n<meta property=\"og:title\" content=\"Pacchetto Fishing Pole 2.0 per pesca con magnete - 1000 kg - Terror - Allround 360\u00b0 - Magnet fishing with a Magnetar fishing magnet\" \/>\n<meta property=\"og:description\" content=\"Kit Fishing Pole - 1000 Kg Terror - Magnetar\" \/>\n<meta property=\"og:url\" content=\"https:\/\/magnetarmagnets.com\/it\/shop\/pacchetto-fishing-pole-2-0-per-pesca-con-magnete-1000-kg-terror-allround-360\/\" \/>\n<meta property=\"og:site_name\" content=\"Magnet fishing with a Magnetar fishing magnet\" \/>\n<meta property=\"article:publisher\" content=\"https:\/\/www.facebook.com\/fishingmagnets\/\" \/>\n<meta property=\"article:modified_time\" content=\"2026-04-03T18:49:24+00:00\" \/>\n<meta property=\"og:image\" content=\"https:\/\/magnetarmagnets.com\/wp-content\/uploads\/2021\/10\/MAGNETAR-DEEP-SEEKER-2.0-KIT-GOOGLE.jpg\" \/>\n\t<meta property=\"og:image:width\" content=\"1500\" \/>\n\t<meta property=\"og:image:height\" content=\"1500\" \/>\n\t<meta property=\"og:image:type\" content=\"image\/jpeg\" \/>\n<meta name=\"twitter:card\" content=\"summary_large_image\" \/>\n<meta name=\"twitter:label1\" content=\"Tempo di lettura stimato\" \/>\n\t<meta name=\"twitter:data1\" content=\"2 minuti\" \/>\n<script type=\"application\/ld+json\" class=\"yoast-schema-graph\">{\"@context\":\"https:\\\/\\\/schema.org\",\"@graph\":[{\"@type\":[\"WebPage\",\"ItemPage\"],\"@id\":\"https:\\\/\\\/magnetarmagnets.com\\\/it\\\/shop\\\/pacchetto-fishing-pole-2-0-per-pesca-con-magnete-1000-kg-terror-allround-360\\\/\",\"url\":\"https:\\\/\\\/magnetarmagnets.com\\\/it\\\/shop\\\/pacchetto-fishing-pole-2-0-per-pesca-con-magnete-1000-kg-terror-allround-360\\\/\",\"name\":\"Pacchetto Fishing Pole 2.0 per pesca con magnete - 1000 kg - Terror - Allround 360\u00b0 - Magnet fishing with a Magnetar fishing magnet\",\"isPartOf\":{\"@id\":\"https:\\\/\\\/magnetarmagnets.com\\\/it\\\/#website\"},\"primaryImageOfPage\":{\"@id\":\"https:\\\/\\\/magnetarmagnets.com\\\/it\\\/shop\\\/pacchetto-fishing-pole-2-0-per-pesca-con-magnete-1000-kg-terror-allround-360\\\/#primaryimage\"},\"image\":{\"@id\":\"https:\\\/\\\/magnetarmagnets.com\\\/it\\\/shop\\\/pacchetto-fishing-pole-2-0-per-pesca-con-magnete-1000-kg-terror-allround-360\\\/#primaryimage\"},\"thumbnailUrl\":\"https:\\\/\\\/magnetarmagnets.com\\\/wp-content\\\/uploads\\\/2021\\\/10\\\/MAGNETAR-DEEP-SEEKER-2.0-KIT-GOOGLE.jpg\",\"datePublished\":\"2025-06-05T07:54:16+00:00\",\"dateModified\":\"2026-04-03T18:49:24+00:00\",\"description\":\"Kit Fishing Pole - 1000 Kg Terror - Magnetar\",\"breadcrumb\":{\"@id\":\"https:\\\/\\\/magnetarmagnets.com\\\/it\\\/shop\\\/pacchetto-fishing-pole-2-0-per-pesca-con-magnete-1000-kg-terror-allround-360\\\/#breadcrumb\"},\"inLanguage\":\"it-IT\",\"potentialAction\":[{\"@type\":\"ReadAction\",\"target\":[\"https:\\\/\\\/magnetarmagnets.com\\\/it\\\/shop\\\/pacchetto-fishing-pole-2-0-per-pesca-con-magnete-1000-kg-terror-allround-360\\\/\"]}]},{\"@type\":\"ImageObject\",\"inLanguage\":\"it-IT\",\"@id\":\"https:\\\/\\\/magnetarmagnets.com\\\/it\\\/shop\\\/pacchetto-fishing-pole-2-0-per-pesca-con-magnete-1000-kg-terror-allround-360\\\/#primaryimage\",\"url\":\"https:\\\/\\\/magnetarmagnets.com\\\/wp-content\\\/uploads\\\/2021\\\/10\\\/MAGNETAR-DEEP-SEEKER-2.0-KIT-GOOGLE.jpg\",\"contentUrl\":\"https:\\\/\\\/magnetarmagnets.com\\\/wp-content\\\/uploads\\\/2021\\\/10\\\/MAGNETAR-DEEP-SEEKER-2.0-KIT-GOOGLE.jpg\",\"width\":1500,\"height\":1500,\"caption\":\"MAGNETAR-DEEP-SEEKER-2.0-KIT\"},{\"@type\":\"BreadcrumbList\",\"@id\":\"https:\\\/\\\/magnetarmagnets.com\\\/it\\\/shop\\\/pacchetto-fishing-pole-2-0-per-pesca-con-magnete-1000-kg-terror-allround-360\\\/#breadcrumb\",\"itemListElement\":[{\"@type\":\"ListItem\",\"position\":1,\"name\":\"Home\",\"item\":\"https:\\\/\\\/magnetarmagnets.com\\\/it\\\/\"},{\"@type\":\"ListItem\",\"position\":2,\"name\":\"negozio\",\"item\":\"https:\\\/\\\/magnetarmagnets.com\\\/negozio\\\/\"},{\"@type\":\"ListItem\",\"position\":3,\"name\":\"Magneti da Pesca\",\"item\":\"https:\\\/\\\/magnetarmagnets.com\\\/it\\\/collections\\\/magneti-da-pesca\\\/\"},{\"@type\":\"ListItem\",\"position\":4,\"name\":\"Magneti da Pesca 360\u00b0 Allround\",\"item\":\"https:\\\/\\\/magnetarmagnets.com\\\/it\\\/collections\\\/magneti-da-pesca\\\/magneti-da-pesca-360-allround\\\/\"},{\"@type\":\"ListItem\",\"position\":5,\"name\":\"Pacchetto Fishing Pole 2.0 per pesca con magnete &#8211; 1000 kg &#8211; Terror &#8211; Allround 360\u00b0\"}]},{\"@type\":\"WebSite\",\"@id\":\"https:\\\/\\\/magnetarmagnets.com\\\/it\\\/#website\",\"url\":\"https:\\\/\\\/magnetarmagnets.com\\\/it\\\/\",\"name\":\"Magnet fishing with a Magnetar fishing magnet\",\"description\":\"Magneti potenti per la pesca magnetica\",\"publisher\":{\"@id\":\"https:\\\/\\\/magnetarmagnets.com\\\/it\\\/#organization\"},\"potentialAction\":[{\"@type\":\"SearchAction\",\"target\":{\"@type\":\"EntryPoint\",\"urlTemplate\":\"https:\\\/\\\/magnetarmagnets.com\\\/it\\\/?s={search_term_string}\"},\"query-input\":{\"@type\":\"PropertyValueSpecification\",\"valueRequired\":true,\"valueName\":\"search_term_string\"}}],\"inLanguage\":\"it-IT\"},{\"@type\":\"Organization\",\"@id\":\"https:\\\/\\\/magnetarmagnets.com\\\/it\\\/#organization\",\"name\":\"Magnetar\",\"url\":\"https:\\\/\\\/magnetarmagnets.com\\\/it\\\/\",\"logo\":{\"@type\":\"ImageObject\",\"inLanguage\":\"it-IT\",\"@id\":\"https:\\\/\\\/magnetarmagnets.com\\\/it\\\/#\\\/schema\\\/logo\\\/image\\\/\",\"url\":\"https:\\\/\\\/magnetarmagnets.com\\\/wp-content\\\/uploads\\\/2025\\\/05\\\/Logo-03_PNG-Black-scaled.png\",\"contentUrl\":\"https:\\\/\\\/magnetarmagnets.com\\\/wp-content\\\/uploads\\\/2025\\\/05\\\/Logo-03_PNG-Black-scaled.png\",\"width\":2560,\"height\":1658,\"caption\":\"Magnetar\"},\"image\":{\"@id\":\"https:\\\/\\\/magnetarmagnets.com\\\/it\\\/#\\\/schema\\\/logo\\\/image\\\/\"},\"sameAs\":[\"https:\\\/\\\/www.facebook.com\\\/fishingmagnets\\\/\",\"https:\\\/\\\/www.instagram.com\\\/magnetar_magnets\\\/\",\"https:\\\/\\\/www.linkedin.com\\\/company\\\/magnetarbv\\\/?originalSubdomain=nl\",\"https:\\\/\\\/www.youtube.com\\\/c\\\/MagnetarVismagneet\"]}]}<\/script>\n<!-- \/ Yoast SEO plugin. -->","yoast_head_json":{"title":"Pacchetto Fishing Pole 2.0 per pesca con magnete - 1000 kg - Terror - Allround 360\u00b0 - Magnet fishing with a Magnetar fishing magnet","description":"Kit Fishing Pole - 1000 Kg Terror - Magnetar","robots":{"index":"index","follow":"follow","max-snippet":"max-snippet:-1","max-image-preview":"max-image-preview:large","max-video-preview":"max-video-preview:-1"},"canonical":"https:\/\/magnetarmagnets.com\/it\/shop\/pacchetto-fishing-pole-2-0-per-pesca-con-magnete-1000-kg-terror-allround-360\/","og_locale":"it_IT","og_type":"article","og_title":"Pacchetto Fishing Pole 2.0 per pesca con magnete - 1000 kg - Terror - Allround 360\u00b0 - Magnet fishing with a Magnetar fishing magnet","og_description":"Kit Fishing Pole - 1000 Kg Terror - Magnetar","og_url":"https:\/\/magnetarmagnets.com\/it\/shop\/pacchetto-fishing-pole-2-0-per-pesca-con-magnete-1000-kg-terror-allround-360\/","og_site_name":"Magnet fishing with a Magnetar fishing magnet","article_publisher":"https:\/\/www.facebook.com\/fishingmagnets\/","article_modified_time":"2026-04-03T18:49:24+00:00","og_image":[{"width":1500,"height":1500,"url":"https:\/\/magnetarmagnets.com\/wp-content\/uploads\/2021\/10\/MAGNETAR-DEEP-SEEKER-2.0-KIT-GOOGLE.jpg","type":"image\/jpeg"}],"twitter_card":"summary_large_image","twitter_misc":{"Tempo di lettura stimato":"2 minuti"},"schema":{"@context":"https:\/\/schema.org","@graph":[{"@type":["WebPage","ItemPage"],"@id":"https:\/\/magnetarmagnets.com\/it\/shop\/pacchetto-fishing-pole-2-0-per-pesca-con-magnete-1000-kg-terror-allround-360\/","url":"https:\/\/magnetarmagnets.com\/it\/shop\/pacchetto-fishing-pole-2-0-per-pesca-con-magnete-1000-kg-terror-allround-360\/","name":"Pacchetto Fishing Pole 2.0 per pesca con magnete - 1000 kg - Terror - Allround 360\u00b0 - Magnet fishing with a Magnetar fishing magnet","isPartOf":{"@id":"https:\/\/magnetarmagnets.com\/it\/#website"},"primaryImageOfPage":{"@id":"https:\/\/magnetarmagnets.com\/it\/shop\/pacchetto-fishing-pole-2-0-per-pesca-con-magnete-1000-kg-terror-allround-360\/#primaryimage"},"image":{"@id":"https:\/\/magnetarmagnets.com\/it\/shop\/pacchetto-fishing-pole-2-0-per-pesca-con-magnete-1000-kg-terror-allround-360\/#primaryimage"},"thumbnailUrl":"https:\/\/magnetarmagnets.com\/wp-content\/uploads\/2021\/10\/MAGNETAR-DEEP-SEEKER-2.0-KIT-GOOGLE.jpg","datePublished":"2025-06-05T07:54:16+00:00","dateModified":"2026-04-03T18:49:24+00:00","description":"Kit Fishing Pole - 1000 Kg Terror - Magnetar","breadcrumb":{"@id":"https:\/\/magnetarmagnets.com\/it\/shop\/pacchetto-fishing-pole-2-0-per-pesca-con-magnete-1000-kg-terror-allround-360\/#breadcrumb"},"inLanguage":"it-IT","potentialAction":[{"@type":"ReadAction","target":["https:\/\/magnetarmagnets.com\/it\/shop\/pacchetto-fishing-pole-2-0-per-pesca-con-magnete-1000-kg-terror-allround-360\/"]}]},{"@type":"ImageObject","inLanguage":"it-IT","@id":"https:\/\/magnetarmagnets.com\/it\/shop\/pacchetto-fishing-pole-2-0-per-pesca-con-magnete-1000-kg-terror-allround-360\/#primaryimage","url":"https:\/\/magnetarmagnets.com\/wp-content\/uploads\/2021\/10\/MAGNETAR-DEEP-SEEKER-2.0-KIT-GOOGLE.jpg","contentUrl":"https:\/\/magnetarmagnets.com\/wp-content\/uploads\/2021\/10\/MAGNETAR-DEEP-SEEKER-2.0-KIT-GOOGLE.jpg","width":1500,"height":1500,"caption":"MAGNETAR-DEEP-SEEKER-2.0-KIT"},{"@type":"BreadcrumbList","@id":"https:\/\/magnetarmagnets.com\/it\/shop\/pacchetto-fishing-pole-2-0-per-pesca-con-magnete-1000-kg-terror-allround-360\/#breadcrumb","itemListElement":[{"@type":"ListItem","position":1,"name":"Home","item":"https:\/\/magnetarmagnets.com\/it\/"},{"@type":"ListItem","position":2,"name":"negozio","item":"https:\/\/magnetarmagnets.com\/negozio\/"},{"@type":"ListItem","position":3,"name":"Magneti da Pesca","item":"https:\/\/magnetarmagnets.com\/it\/collections\/magneti-da-pesca\/"},{"@type":"ListItem","position":4,"name":"Magneti da Pesca 360\u00b0 Allround","item":"https:\/\/magnetarmagnets.com\/it\/collections\/magneti-da-pesca\/magneti-da-pesca-360-allround\/"},{"@type":"ListItem","position":5,"name":"Pacchetto Fishing Pole 2.0 per pesca con magnete &#8211; 1000 kg &#8211; Terror &#8211; Allround 360\u00b0"}]},{"@type":"WebSite","@id":"https:\/\/magnetarmagnets.com\/it\/#website","url":"https:\/\/magnetarmagnets.com\/it\/","name":"Magnet fishing with a Magnetar fishing magnet","description":"Magneti potenti per la pesca magnetica","publisher":{"@id":"https:\/\/magnetarmagnets.com\/it\/#organization"},"potentialAction":[{"@type":"SearchAction","target":{"@type":"EntryPoint","urlTemplate":"https:\/\/magnetarmagnets.com\/it\/?s={search_term_string}"},"query-input":{"@type":"PropertyValueSpecification","valueRequired":true,"valueName":"search_term_string"}}],"inLanguage":"it-IT"},{"@type":"Organization","@id":"https:\/\/magnetarmagnets.com\/it\/#organization","name":"Magnetar","url":"https:\/\/magnetarmagnets.com\/it\/","logo":{"@type":"ImageObject","inLanguage":"it-IT","@id":"https:\/\/magnetarmagnets.com\/it\/#\/schema\/logo\/image\/","url":"https:\/\/magnetarmagnets.com\/wp-content\/uploads\/2025\/05\/Logo-03_PNG-Black-scaled.png","contentUrl":"https:\/\/magnetarmagnets.com\/wp-content\/uploads\/2025\/05\/Logo-03_PNG-Black-scaled.png","width":2560,"height":1658,"caption":"Magnetar"},"image":{"@id":"https:\/\/magnetarmagnets.com\/it\/#\/schema\/logo\/image\/"},"sameAs":["https:\/\/www.facebook.com\/fishingmagnets\/","https:\/\/www.instagram.com\/magnetar_magnets\/","https:\/\/www.linkedin.com\/company\/magnetarbv\/?originalSubdomain=nl","https:\/\/www.youtube.com\/c\/MagnetarVismagneet"]}]}},"_links":{"self":[{"href":"https:\/\/magnetarmagnets.com\/it\/wp-json\/wp\/v2\/product\/81801","targetHints":{"allow":["GET"]}}],"collection":[{"href":"https:\/\/magnetarmagnets.com\/it\/wp-json\/wp\/v2\/product"}],"about":[{"href":"https:\/\/magnetarmagnets.com\/it\/wp-json\/wp\/v2\/types\/product"}],"replies":[{"embeddable":true,"href":"https:\/\/magnetarmagnets.com\/it\/wp-json\/wp\/v2\/comments?post=81801"}],"version-history":[{"count":0,"href":"https:\/\/magnetarmagnets.com\/it\/wp-json\/wp\/v2\/product\/81801\/revisions"}],"wp:featuredmedia":[{"embeddable":true,"href":"https:\/\/magnetarmagnets.com\/it\/wp-json\/wp\/v2\/media\/72559"}],"wp:attachment":[{"href":"https:\/\/magnetarmagnets.com\/it\/wp-json\/wp\/v2\/media?parent=81801"}],"wp:term":[{"taxonomy":"product_brand","embeddable":true,"href":"https:\/\/magnetarmagnets.com\/it\/wp-json\/wp\/v2\/product_brand?post=81801"},{"taxonomy":"product_cat","embeddable":true,"href":"https:\/\/magnetarmagnets.com\/it\/wp-json\/wp\/v2\/product_cat?post=81801"},{"taxonomy":"product_tag","embeddable":true,"href":"https:\/\/magnetarmagnets.com\/it\/wp-json\/wp\/v2\/product_tag?post=81801"}],"curies":[{"name":"wp","href":"https:\/\/api.w.org\/{rel}","templated":true}]}}