{"id":81800,"date":"2025-06-05T09:54:16","date_gmt":"2025-06-05T07:54:16","guid":{"rendered":"https:\/\/magnetarmagnets.com\/?post_type=product&#038;p=81800"},"modified":"2026-04-14T21:49:44","modified_gmt":"2026-04-14T19:49:44","slug":"kit-girl-power-magnete-da-pesca-600-kg-hardcore-allround-360","status":"publish","type":"product","link":"https:\/\/magnetarmagnets.com\/it\/shop\/kit-girl-power-magnete-da-pesca-600-kg-hardcore-allround-360\/","title":{"rendered":"Kit Girl Power &#8211; magnete da pesca 600 kg \u2013 Hardcore Allround 360\u00b0"},"content":{"rendered":"Sei una donna appassionata di <a href=\"https:\/\/magnetarmagnets.com\/\" target=\"_blank\" rel=\"noopener\">pesca con magnete<\/a>? E vuoi diventare una professionista? Il nostro Kit Girl Power \u00e8 la soluzione ideale e include tutto il necessario per iniziare (e beneficiare del risparmio sul bundle!). Questo pacchetto comprende il nostro bestseller <a href=\"https:\/\/magnetarmagnets.com\/shop\/hardcore-magnet-2\/\" target=\"_blank\" rel=\"noopener\">magnete Hardcore<\/a> Allround 360\u00b0. Contiene anche la custodia protettiva Hardcore, guanti da 8 mm, colla da 10 ml e un cappellino rosa Magnetar.\r\n<h2>Il Hardcore: un magnete da pesca in neodimio<\/h2>\r\nIl nostro magnete in neodimio Allround 360\u00b0 \u00e8 noto per la sua enorme forza di attrazione. \u00c8 uno dei migliori e pi\u00f9 accessibili magneti da pesca sul mercato, a nostro giudizio. Il magnete ha una forza di attrazione di 5,5&#8243; (14 cm), che aumenta le probabilit\u00e0 di recuperare tesori pi\u00f9 grandi e preziosi.\r\n\r\nMolti magnetisti sono gi\u00e0 soddisfatti di questo prodotto. Curiosa di scoprire cosa ne pensano gli altri appassionati del magnete Hardcore? Scoprilo in questo video su <a href=\"https:\/\/www.youtube.com\/watch?v=1izvqgYbtd8\">YouTube<\/a>! Vuoi passare da un magnete monofacciale? In tal caso, l\u2019Hardcore \u00e8 la scelta perfetta.\r\n<h2>Pronta per il salto di qualit\u00e0?<\/h2>\r\nIl magnete Hardcore ti trasformer\u00e0 in una vera professionista. Grazie alla doppia faccia magnetica, recupererai pi\u00f9 facilmente gli oggetti. Inoltre, il peso di lancio \u00e8 comodo, rendendolo in generale adatto alle pescatrici magnetiche.\r\n\r\nGli angler pi\u00f9 esperti apprezzano l\u2019Hardcore, che \u00e8 diventato uno dei nostri best seller. \u00c8 realizzato in neodimio, il tipo di magnete permanente pi\u00f9 potente, e solleva pi\u00f9 di qualsiasi altro materiale di pari dimensione. Questo amplia la variet\u00e0 di oggetti che puoi recuperare e la forza di attrazione da ogni angolazione.\r\n<h2>Il magnete pi\u00f9 completo<\/h2>\r\nMolti magneti da pesca hanno forza di attrazione solo su un lato, e vanno bene per molti utenti. Per gli appassionati pi\u00f9 esigenti, per\u00f2, abbiamo inventato qualcosa di rivoluzionario: il primo magnete doppia faccia e, nel 2016, il primo magnete Allround con attrazione a 360 \u00b0. Oggi gli appassionati di tutta Europa amano i nostri magneti Allround 100% neodimio, che ci rendono il fornitore pi\u00f9 popolare in Europa.\r\n\r\nProgettiamo i nostri prodotti internamente con un piccolo team di fanatici del magnete da pesca e utilizziamo materiali di altissima qualit\u00e0. I clienti tornano da noi perch\u00e9 sanno di trovare sempre prodotti completi e affidabili.\r\n<h2>Forza di trazione rivoluzionaria<\/h2>\r\nI nostri magneti Allround hanno una potente attrazione a 360 \u00b0. Non c\u2019\u00e8 paragone con i magneti tradizionali monofacciali: la custodia in acciaio ne limita la forza e la indirizza in un\u2019unica direzione, mentre il nostro design garantisce massima potenza in tutto l\u2019ambiente circostante. Vuoi sapere come la misuriamo? Te lo spieghiamo in questo <a href=\"https:\/\/www.youtube.com\/watch?v=2McW3RURDxs\">video<\/a>.\r\n<h2>Standard di qualit\u00e0<\/h2>\r\nDa Magnetar puntiamo all\u2019eccellenza. I nostri magneti in neodimio mantengono la potenza magnetica per decenni!\r\n\r\nAbbiamo visto innumerevoli magneti da pesca sul mercato che perdono efficacia in poche settimane, a causa di materiali scadenti e processi produttivi inadeguati. Se acquisti da grandi aziende potresti restare delusa.\r\n\r\nMagnetar \u00e8 una piccola azienda familiare di appassionati di pesca con magnete, attenta a standard qualitativi elevati in ogni fase. Progettiamo tutto internamente per garantirti un prodotto di qualit\u00e0, cos\u00ec da goderti al massimo il tuo hobby.\r\n<h2>L\u2019importanza della protezione<\/h2>\r\nProteggere il tuo magnete Hardcore 100% neodimio \u00e8 fondamentale: graffi, rotture o altri danni possono comprometterne la durata. Per questo nel Kit Girl Power inseriamo una copertura protettiva in acciaio inox, che mantiene il magnete efficiente. Ricorda per\u00f2 che il fondo resta vulnerabile.\r\n<h2>Usa questo prodotto con cautela<\/h2>\r\nIl neodimio rende i magneti estremamente potenti: a distanza ravvicinata gli oggetti ferrosi viaggiano verso il magnete a grande velocit\u00e0. Presta attenzione alle dita, potrebbero rimanere intrappolate. L\u2019uso \u00e8 a tuo rischio e pericolo e i bambini devono essere sempre sorvegliati da un adulto. Consulta i nostri <a href=\"https:\/\/magnetarmagnets.com\/how-do-you-use-fishing-magnets-in-a-safe-way\/?v=796834e7a283\">avvisi di sicurezza<\/a> prima dell\u2019uso.\r\n<h2>Cerchi altro?<\/h2>\r\nPronta per un magnete Allround ancora pi\u00f9 performante? Scopri il <a href=\"https:\/\/magnetarmagnets.com\/shop\/expert-package\/\" target=\"_blank\" rel=\"noopener\">pacchetto Expert<\/a> con il potente magnete Terror. Cerchi un kit adatto ai bambini? Dai un\u2019occhiata al <a href=\"https:\/\/magnetarmagnets.com\/shop\/kids-package\/\" target=\"_blank\" rel=\"noopener\">kit per bambini<\/a> o al kit starter per i ragazzi pi\u00f9 grandi.\r\n\r\nNon dimenticare di esplorare i <a href=\"https:\/\/magnetarmagnets.com\/magnet-fishing-kit\/\" target=\"_blank\" rel=\"noopener\">migliori kit per pesca con magnete<\/a> e i nostri <a href=\"https:\/\/magnetarmagnets.com\/accessories\/\" target=\"_blank\" rel=\"noopener\">accessori per pesca con magnete<\/a>.","protected":false},"excerpt":{"rendered":"<p>Inizia con il Kit Girl Power. Questo pacchetto include il <strong>magnete Hardcore Allround 360\u00b0 da 600 kg<\/strong>, la custodia protettiva Hardcore, il cappellino rosa Magnetar, una fune da 8 mm, guanti e colla. <strong>Tutto ci\u00f2 di cui hai bisogno<\/strong> per iniziare la tua avventura di pesca con magnete!<\/p>\n","protected":false},"featured_media":74244,"comment_status":"open","ping_status":"closed","template":"","meta":{"_acf_changed":false,"inline_featured_image":false},"product_brand":[],"product_cat":[480,473,476,481,482,1006],"product_tag":[],"class_list":{"0":"post-81800","1":"product","2":"type-product","3":"status-publish","4":"has-post-thumbnail","6":"product_cat-kit-per-la-pesca-magnetica","7":"product_cat-magneti-da-pesca","8":"product_cat-magneti-da-pesca-360-allround","9":"product_cat-per-avventurieri-esperti","10":"product_cat-per-principianti-e-bambini","11":"product_cat-tutti-i-prodotti","13":"first","14":"instock","15":"sale","16":"taxable","17":"shipping-taxable","18":"purchasable","19":"product-type-simple"},"acf":[],"yoast_head":"<!-- This site is optimized with the Yoast SEO plugin v27.4 - https:\/\/yoast.com\/product\/yoast-seo-wordpress\/ -->\n<title>Kit Girl Power - 1300 lb \/ 600 kg - Hardcore Allround 360\u00b0<\/title>\n<meta name=\"description\" content=\"Pesca con magnete per ragazze? Il nostro Kit Girl Power \u00e8 perfetto per le donne che vogliono portare il loro hobby di ricerca di tesori al livello successivo!\" \/>\n<meta name=\"robots\" content=\"index, follow, max-snippet:-1, max-image-preview:large, max-video-preview:-1\" \/>\n<link rel=\"canonical\" href=\"https:\/\/magnetarmagnets.com\/it\/shop\/kit-girl-power-magnete-da-pesca-600-kg-hardcore-allround-360\/\" \/>\n<meta property=\"og:locale\" content=\"it_IT\" \/>\n<meta property=\"og:type\" content=\"article\" \/>\n<meta property=\"og:title\" content=\"Kit Girl Power - 1300 lb \/ 600 kg - Hardcore Allround 360\u00b0\" \/>\n<meta property=\"og:description\" content=\"Pesca con magnete per ragazze? Il nostro Kit Girl Power \u00e8 perfetto per le donne che vogliono portare il loro hobby di ricerca di tesori al livello successivo!\" \/>\n<meta property=\"og:url\" content=\"https:\/\/magnetarmagnets.com\/it\/shop\/kit-girl-power-magnete-da-pesca-600-kg-hardcore-allround-360\/\" \/>\n<meta property=\"og:site_name\" content=\"Magnet fishing with a Magnetar fishing magnet\" \/>\n<meta property=\"article:publisher\" content=\"https:\/\/www.facebook.com\/fishingmagnets\/\" \/>\n<meta property=\"article:modified_time\" content=\"2026-04-14T19:49:44+00:00\" \/>\n<meta property=\"og:image\" content=\"https:\/\/magnetarmagnets.com\/wp-content\/uploads\/2021\/10\/Kopie-van-MAGNETAR-KIT-CANVA-1.png\" \/>\n\t<meta property=\"og:image:width\" content=\"1500\" \/>\n\t<meta property=\"og:image:height\" content=\"1500\" \/>\n\t<meta property=\"og:image:type\" content=\"image\/png\" \/>\n<meta name=\"twitter:card\" content=\"summary_large_image\" \/>\n<meta name=\"twitter:label1\" content=\"Tempo di lettura stimato\" \/>\n\t<meta name=\"twitter:data1\" content=\"4 minuti\" \/>\n<script type=\"application\/ld+json\" class=\"yoast-schema-graph\">{\"@context\":\"https:\\\/\\\/schema.org\",\"@graph\":[{\"@type\":[\"WebPage\",\"ItemPage\"],\"@id\":\"https:\\\/\\\/magnetarmagnets.com\\\/it\\\/shop\\\/kit-girl-power-magnete-da-pesca-600-kg-hardcore-allround-360\\\/\",\"url\":\"https:\\\/\\\/magnetarmagnets.com\\\/it\\\/shop\\\/kit-girl-power-magnete-da-pesca-600-kg-hardcore-allround-360\\\/\",\"name\":\"Kit Girl Power - 1300 lb \\\/ 600 kg - Hardcore Allround 360\u00b0\",\"isPartOf\":{\"@id\":\"https:\\\/\\\/magnetarmagnets.com\\\/it\\\/#website\"},\"primaryImageOfPage\":{\"@id\":\"https:\\\/\\\/magnetarmagnets.com\\\/it\\\/shop\\\/kit-girl-power-magnete-da-pesca-600-kg-hardcore-allround-360\\\/#primaryimage\"},\"image\":{\"@id\":\"https:\\\/\\\/magnetarmagnets.com\\\/it\\\/shop\\\/kit-girl-power-magnete-da-pesca-600-kg-hardcore-allround-360\\\/#primaryimage\"},\"thumbnailUrl\":\"https:\\\/\\\/magnetarmagnets.com\\\/wp-content\\\/uploads\\\/2021\\\/10\\\/Kopie-van-MAGNETAR-KIT-CANVA-1.png\",\"datePublished\":\"2025-06-05T07:54:16+00:00\",\"dateModified\":\"2026-04-14T19:49:44+00:00\",\"description\":\"Pesca con magnete per ragazze? Il nostro Kit Girl Power \u00e8 perfetto per le donne che vogliono portare il loro hobby di ricerca di tesori al livello successivo!\",\"breadcrumb\":{\"@id\":\"https:\\\/\\\/magnetarmagnets.com\\\/it\\\/shop\\\/kit-girl-power-magnete-da-pesca-600-kg-hardcore-allround-360\\\/#breadcrumb\"},\"inLanguage\":\"it-IT\",\"potentialAction\":[{\"@type\":\"ReadAction\",\"target\":[\"https:\\\/\\\/magnetarmagnets.com\\\/it\\\/shop\\\/kit-girl-power-magnete-da-pesca-600-kg-hardcore-allround-360\\\/\"]}]},{\"@type\":\"ImageObject\",\"inLanguage\":\"it-IT\",\"@id\":\"https:\\\/\\\/magnetarmagnets.com\\\/it\\\/shop\\\/kit-girl-power-magnete-da-pesca-600-kg-hardcore-allround-360\\\/#primaryimage\",\"url\":\"https:\\\/\\\/magnetarmagnets.com\\\/wp-content\\\/uploads\\\/2021\\\/10\\\/Kopie-van-MAGNETAR-KIT-CANVA-1.png\",\"contentUrl\":\"https:\\\/\\\/magnetarmagnets.com\\\/wp-content\\\/uploads\\\/2021\\\/10\\\/Kopie-van-MAGNETAR-KIT-CANVA-1.png\",\"width\":1500,\"height\":1500,\"caption\":\"Girl Power Package - Hardcore Fishing Magnet\"},{\"@type\":\"BreadcrumbList\",\"@id\":\"https:\\\/\\\/magnetarmagnets.com\\\/it\\\/shop\\\/kit-girl-power-magnete-da-pesca-600-kg-hardcore-allround-360\\\/#breadcrumb\",\"itemListElement\":[{\"@type\":\"ListItem\",\"position\":1,\"name\":\"Home\",\"item\":\"https:\\\/\\\/magnetarmagnets.com\\\/it\\\/\"},{\"@type\":\"ListItem\",\"position\":2,\"name\":\"negozio\",\"item\":\"https:\\\/\\\/magnetarmagnets.com\\\/negozio\\\/\"},{\"@type\":\"ListItem\",\"position\":3,\"name\":\"Magneti da Pesca\",\"item\":\"https:\\\/\\\/magnetarmagnets.com\\\/it\\\/collections\\\/magneti-da-pesca\\\/\"},{\"@type\":\"ListItem\",\"position\":4,\"name\":\"Kit per la Pesca Magnetica\",\"item\":\"https:\\\/\\\/magnetarmagnets.com\\\/it\\\/collections\\\/magneti-da-pesca\\\/kit-per-la-pesca-magnetica\\\/\"},{\"@type\":\"ListItem\",\"position\":5,\"name\":\"Kit Girl Power &#8211; magnete da pesca 600 kg \u2013 Hardcore Allround 360\u00b0\"}]},{\"@type\":\"WebSite\",\"@id\":\"https:\\\/\\\/magnetarmagnets.com\\\/it\\\/#website\",\"url\":\"https:\\\/\\\/magnetarmagnets.com\\\/it\\\/\",\"name\":\"Magnet fishing with a Magnetar fishing magnet\",\"description\":\"Magneti potenti per la pesca magnetica\",\"publisher\":{\"@id\":\"https:\\\/\\\/magnetarmagnets.com\\\/it\\\/#organization\"},\"potentialAction\":[{\"@type\":\"SearchAction\",\"target\":{\"@type\":\"EntryPoint\",\"urlTemplate\":\"https:\\\/\\\/magnetarmagnets.com\\\/it\\\/?s={search_term_string}\"},\"query-input\":{\"@type\":\"PropertyValueSpecification\",\"valueRequired\":true,\"valueName\":\"search_term_string\"}}],\"inLanguage\":\"it-IT\"},{\"@type\":\"Organization\",\"@id\":\"https:\\\/\\\/magnetarmagnets.com\\\/it\\\/#organization\",\"name\":\"Magnetar\",\"url\":\"https:\\\/\\\/magnetarmagnets.com\\\/it\\\/\",\"logo\":{\"@type\":\"ImageObject\",\"inLanguage\":\"it-IT\",\"@id\":\"https:\\\/\\\/magnetarmagnets.com\\\/it\\\/#\\\/schema\\\/logo\\\/image\\\/\",\"url\":\"https:\\\/\\\/magnetarmagnets.com\\\/wp-content\\\/uploads\\\/2025\\\/05\\\/Logo-03_PNG-Black-scaled.png\",\"contentUrl\":\"https:\\\/\\\/magnetarmagnets.com\\\/wp-content\\\/uploads\\\/2025\\\/05\\\/Logo-03_PNG-Black-scaled.png\",\"width\":2560,\"height\":1658,\"caption\":\"Magnetar\"},\"image\":{\"@id\":\"https:\\\/\\\/magnetarmagnets.com\\\/it\\\/#\\\/schema\\\/logo\\\/image\\\/\"},\"sameAs\":[\"https:\\\/\\\/www.facebook.com\\\/fishingmagnets\\\/\",\"https:\\\/\\\/www.instagram.com\\\/magnetar_magnets\\\/\",\"https:\\\/\\\/www.linkedin.com\\\/company\\\/magnetarbv\\\/?originalSubdomain=nl\",\"https:\\\/\\\/www.youtube.com\\\/c\\\/MagnetarVismagneet\"]}]}<\/script>\n<!-- \/ Yoast SEO plugin. -->","yoast_head_json":{"title":"Kit Girl Power - 1300 lb \/ 600 kg - Hardcore Allround 360\u00b0","description":"Pesca con magnete per ragazze? Il nostro Kit Girl Power \u00e8 perfetto per le donne che vogliono portare il loro hobby di ricerca di tesori al livello successivo!","robots":{"index":"index","follow":"follow","max-snippet":"max-snippet:-1","max-image-preview":"max-image-preview:large","max-video-preview":"max-video-preview:-1"},"canonical":"https:\/\/magnetarmagnets.com\/it\/shop\/kit-girl-power-magnete-da-pesca-600-kg-hardcore-allround-360\/","og_locale":"it_IT","og_type":"article","og_title":"Kit Girl Power - 1300 lb \/ 600 kg - Hardcore Allround 360\u00b0","og_description":"Pesca con magnete per ragazze? Il nostro Kit Girl Power \u00e8 perfetto per le donne che vogliono portare il loro hobby di ricerca di tesori al livello successivo!","og_url":"https:\/\/magnetarmagnets.com\/it\/shop\/kit-girl-power-magnete-da-pesca-600-kg-hardcore-allround-360\/","og_site_name":"Magnet fishing with a Magnetar fishing magnet","article_publisher":"https:\/\/www.facebook.com\/fishingmagnets\/","article_modified_time":"2026-04-14T19:49:44+00:00","og_image":[{"width":1500,"height":1500,"url":"https:\/\/magnetarmagnets.com\/wp-content\/uploads\/2021\/10\/Kopie-van-MAGNETAR-KIT-CANVA-1.png","type":"image\/png"}],"twitter_card":"summary_large_image","twitter_misc":{"Tempo di lettura stimato":"4 minuti"},"schema":{"@context":"https:\/\/schema.org","@graph":[{"@type":["WebPage","ItemPage"],"@id":"https:\/\/magnetarmagnets.com\/it\/shop\/kit-girl-power-magnete-da-pesca-600-kg-hardcore-allround-360\/","url":"https:\/\/magnetarmagnets.com\/it\/shop\/kit-girl-power-magnete-da-pesca-600-kg-hardcore-allround-360\/","name":"Kit Girl Power - 1300 lb \/ 600 kg - Hardcore Allround 360\u00b0","isPartOf":{"@id":"https:\/\/magnetarmagnets.com\/it\/#website"},"primaryImageOfPage":{"@id":"https:\/\/magnetarmagnets.com\/it\/shop\/kit-girl-power-magnete-da-pesca-600-kg-hardcore-allround-360\/#primaryimage"},"image":{"@id":"https:\/\/magnetarmagnets.com\/it\/shop\/kit-girl-power-magnete-da-pesca-600-kg-hardcore-allround-360\/#primaryimage"},"thumbnailUrl":"https:\/\/magnetarmagnets.com\/wp-content\/uploads\/2021\/10\/Kopie-van-MAGNETAR-KIT-CANVA-1.png","datePublished":"2025-06-05T07:54:16+00:00","dateModified":"2026-04-14T19:49:44+00:00","description":"Pesca con magnete per ragazze? Il nostro Kit Girl Power \u00e8 perfetto per le donne che vogliono portare il loro hobby di ricerca di tesori al livello successivo!","breadcrumb":{"@id":"https:\/\/magnetarmagnets.com\/it\/shop\/kit-girl-power-magnete-da-pesca-600-kg-hardcore-allround-360\/#breadcrumb"},"inLanguage":"it-IT","potentialAction":[{"@type":"ReadAction","target":["https:\/\/magnetarmagnets.com\/it\/shop\/kit-girl-power-magnete-da-pesca-600-kg-hardcore-allround-360\/"]}]},{"@type":"ImageObject","inLanguage":"it-IT","@id":"https:\/\/magnetarmagnets.com\/it\/shop\/kit-girl-power-magnete-da-pesca-600-kg-hardcore-allround-360\/#primaryimage","url":"https:\/\/magnetarmagnets.com\/wp-content\/uploads\/2021\/10\/Kopie-van-MAGNETAR-KIT-CANVA-1.png","contentUrl":"https:\/\/magnetarmagnets.com\/wp-content\/uploads\/2021\/10\/Kopie-van-MAGNETAR-KIT-CANVA-1.png","width":1500,"height":1500,"caption":"Girl Power Package - Hardcore Fishing Magnet"},{"@type":"BreadcrumbList","@id":"https:\/\/magnetarmagnets.com\/it\/shop\/kit-girl-power-magnete-da-pesca-600-kg-hardcore-allround-360\/#breadcrumb","itemListElement":[{"@type":"ListItem","position":1,"name":"Home","item":"https:\/\/magnetarmagnets.com\/it\/"},{"@type":"ListItem","position":2,"name":"negozio","item":"https:\/\/magnetarmagnets.com\/negozio\/"},{"@type":"ListItem","position":3,"name":"Magneti da Pesca","item":"https:\/\/magnetarmagnets.com\/it\/collections\/magneti-da-pesca\/"},{"@type":"ListItem","position":4,"name":"Kit per la Pesca Magnetica","item":"https:\/\/magnetarmagnets.com\/it\/collections\/magneti-da-pesca\/kit-per-la-pesca-magnetica\/"},{"@type":"ListItem","position":5,"name":"Kit Girl Power &#8211; magnete da pesca 600 kg \u2013 Hardcore Allround 360\u00b0"}]},{"@type":"WebSite","@id":"https:\/\/magnetarmagnets.com\/it\/#website","url":"https:\/\/magnetarmagnets.com\/it\/","name":"Magnet fishing with a Magnetar fishing magnet","description":"Magneti potenti per la pesca magnetica","publisher":{"@id":"https:\/\/magnetarmagnets.com\/it\/#organization"},"potentialAction":[{"@type":"SearchAction","target":{"@type":"EntryPoint","urlTemplate":"https:\/\/magnetarmagnets.com\/it\/?s={search_term_string}"},"query-input":{"@type":"PropertyValueSpecification","valueRequired":true,"valueName":"search_term_string"}}],"inLanguage":"it-IT"},{"@type":"Organization","@id":"https:\/\/magnetarmagnets.com\/it\/#organization","name":"Magnetar","url":"https:\/\/magnetarmagnets.com\/it\/","logo":{"@type":"ImageObject","inLanguage":"it-IT","@id":"https:\/\/magnetarmagnets.com\/it\/#\/schema\/logo\/image\/","url":"https:\/\/magnetarmagnets.com\/wp-content\/uploads\/2025\/05\/Logo-03_PNG-Black-scaled.png","contentUrl":"https:\/\/magnetarmagnets.com\/wp-content\/uploads\/2025\/05\/Logo-03_PNG-Black-scaled.png","width":2560,"height":1658,"caption":"Magnetar"},"image":{"@id":"https:\/\/magnetarmagnets.com\/it\/#\/schema\/logo\/image\/"},"sameAs":["https:\/\/www.facebook.com\/fishingmagnets\/","https:\/\/www.instagram.com\/magnetar_magnets\/","https:\/\/www.linkedin.com\/company\/magnetarbv\/?originalSubdomain=nl","https:\/\/www.youtube.com\/c\/MagnetarVismagneet"]}]}},"_links":{"self":[{"href":"https:\/\/magnetarmagnets.com\/it\/wp-json\/wp\/v2\/product\/81800","targetHints":{"allow":["GET"]}}],"collection":[{"href":"https:\/\/magnetarmagnets.com\/it\/wp-json\/wp\/v2\/product"}],"about":[{"href":"https:\/\/magnetarmagnets.com\/it\/wp-json\/wp\/v2\/types\/product"}],"replies":[{"embeddable":true,"href":"https:\/\/magnetarmagnets.com\/it\/wp-json\/wp\/v2\/comments?post=81800"}],"version-history":[{"count":1,"href":"https:\/\/magnetarmagnets.com\/it\/wp-json\/wp\/v2\/product\/81800\/revisions"}],"predecessor-version":[{"id":95289,"href":"https:\/\/magnetarmagnets.com\/it\/wp-json\/wp\/v2\/product\/81800\/revisions\/95289"}],"wp:featuredmedia":[{"embeddable":true,"href":"https:\/\/magnetarmagnets.com\/it\/wp-json\/wp\/v2\/media\/74244"}],"wp:attachment":[{"href":"https:\/\/magnetarmagnets.com\/it\/wp-json\/wp\/v2\/media?parent=81800"}],"wp:term":[{"taxonomy":"product_brand","embeddable":true,"href":"https:\/\/magnetarmagnets.com\/it\/wp-json\/wp\/v2\/product_brand?post=81800"},{"taxonomy":"product_cat","embeddable":true,"href":"https:\/\/magnetarmagnets.com\/it\/wp-json\/wp\/v2\/product_cat?post=81800"},{"taxonomy":"product_tag","embeddable":true,"href":"https:\/\/magnetarmagnets.com\/it\/wp-json\/wp\/v2\/product_tag?post=81800"}],"curies":[{"name":"wp","href":"https:\/\/api.w.org\/{rel}","templated":true}]}}