{"id":81799,"date":"2025-06-05T09:54:15","date_gmt":"2025-06-05T07:54:15","guid":{"rendered":"https:\/\/magnetarmagnets.com\/?post_type=product&#038;p=81799"},"modified":"2026-04-03T19:18:45","modified_gmt":"2026-04-03T17:18:45","slug":"copertura-protettiva-360-per-magnete-da-pesca-allround","status":"publish","type":"product","link":"https:\/\/magnetarmagnets.com\/it\/shop\/copertura-protettiva-360-per-magnete-da-pesca-allround\/","title":{"rendered":"Copertura protettiva 360\u00b0 per magnete da pesca allround"},"content":{"rendered":"<h2><strong>Coperture protettive per magneti allround 360\u00b0<\/strong><\/h2>\r\nIl perfetto accessorio per gli appassionati di pesca con magnete che vogliono proteggere i propri magneti al neodimio durante l\u2019uso. Queste coperture resistenti sono progettate appositamente per adattarsi perfettamente al magnete e fornire un ulteriore strato di protezione contro graffi, rotture e altri tipi di danni. Le nostre coperture protettive sono realizzate per durare e possono resistere alle condizioni pi\u00f9 difficili. La copertura protettiva \u00e8 in acciaio inossidabile. Ci\u00f2 garantisce che il tuo magnete rimanga magnetico al 360\u00b0 (max. perdita della forza di trazione pari al 5%). Con le nostre coperture protettive puoi goderti la pesca con magnete senza preoccuparti dei danni al tuo prezioso magnete da pesca. Ordina oggi la tua copertura protettiva e scopri la tranquillit\u00e0 di sapere che il tuo magnete \u00e8 protetto.\r\n\r\n(Si prega di notare che il fondo del magnete non \u00e8 protetto dalla copertura)\r\n\r\nI magneti Magnetar\u00ae 360\u00b0 sono fragili, questo non \u00e8 un difetto di produzione ma una caratteristica del prodotto. I magneti sono realizzati da polvere magnetica (neodimio) pressata insieme. Quando un magnete non protetto viene lanciato contro una pietra, possono staccarsi dei pezzi. Proteggi quindi il magnete con una copertura protettiva adatta ed estendi la vita del tuo magnete. La forza di trazione diminuisce del 5% a causa della copertura protettiva.\r\n<h2><strong>Consigliamo vivamente di utilizzare le nostre coperture protettive:<\/strong><\/h2>\r\n<span lang=\"en\">\u2022 Aumenta la durata del magnete<\/span>\r\n\r\n\u2022 <span lang=\"en\">Meno danni in caso di caduta a terra<\/span>\r\n\r\n<span lang=\"en\">\u2022 Protegge dallo sgretolamento.<\/span>\r\n\r\n&nbsp;\r\n\r\nNon dimenticare di dare un&#8217;occhiata a tutti i <a href=\"https:\/\/magnetarmagnets.com\/\" target=\"_blank\" rel=\"noopener\">magneti da pesca in vendita<\/a> e ai nostri <a href=\"https:\/\/magnetarmagnets.com\/collections\/fishing-magnets\/magnet-fishing-kit\/\" target=\"_blank\" rel=\"noopener\">kit per pesca con magnete<\/a>. La copertura protettiva \u00e8 inclusa nei pacchetti magneti 360\u00b0.","protected":false},"excerpt":{"rendered":"<p><span style=\"font-weight: 400;\">Altamente consigliato per <strong>proteggere<\/strong> il tuo magnete da pesca allround 360\u00b0.<\/span><\/p>\n","protected":false},"featured_media":70742,"comment_status":"open","ping_status":"closed","template":"","meta":{"_acf_changed":false,"inline_featured_image":false},"product_brand":[],"product_cat":[513,514],"product_tag":[],"class_list":{"0":"post-81799","1":"product","2":"type-product","3":"status-publish","4":"has-post-thumbnail","6":"product_cat-equipement","7":"product_cat-equipement-de-peche-a-laimant","9":"first","10":"instock","11":"taxable","12":"shipping-taxable","13":"purchasable","14":"product-type-variable"},"acf":[],"yoast_head":"<!-- This site is optimized with the Yoast SEO plugin v27.3 - https:\/\/yoast.com\/product\/yoast-seo-wordpress\/ -->\n<title>Copertura protettiva 360\u00b0 per magnete da pesca allround - Magnet fishing with a Magnetar fishing magnet<\/title>\n<meta name=\"description\" content=\"Coperture protettive per magneti allround 360\u00b0 - Magnetar\" \/>\n<meta name=\"robots\" content=\"index, follow, max-snippet:-1, max-image-preview:large, max-video-preview:-1\" \/>\n<link rel=\"canonical\" href=\"https:\/\/magnetarmagnets.com\/it\/shop\/copertura-protettiva-360-per-magnete-da-pesca-allround\/\" \/>\n<meta property=\"og:locale\" content=\"it_IT\" \/>\n<meta property=\"og:type\" content=\"article\" \/>\n<meta property=\"og:title\" content=\"Copertura protettiva 360\u00b0 per magnete da pesca allround - Magnet fishing with a Magnetar fishing magnet\" \/>\n<meta property=\"og:description\" content=\"Coperture protettive per magneti allround 360\u00b0 - Magnetar\" \/>\n<meta property=\"og:url\" content=\"https:\/\/magnetarmagnets.com\/it\/shop\/copertura-protettiva-360-per-magnete-da-pesca-allround\/\" \/>\n<meta property=\"og:site_name\" content=\"Magnet fishing with a Magnetar fishing magnet\" \/>\n<meta property=\"article:publisher\" content=\"https:\/\/www.facebook.com\/fishingmagnets\/\" \/>\n<meta property=\"article:modified_time\" content=\"2026-04-03T17:18:45+00:00\" \/>\n<meta property=\"og:image\" content=\"https:\/\/magnetarmagnets.com\/wp-content\/uploads\/2018\/09\/2887.jpg\" \/>\n\t<meta property=\"og:image:width\" content=\"1000\" \/>\n\t<meta property=\"og:image:height\" content=\"1000\" \/>\n\t<meta property=\"og:image:type\" content=\"image\/jpeg\" \/>\n<meta name=\"twitter:card\" content=\"summary_large_image\" \/>\n<meta name=\"twitter:label1\" content=\"Tempo di lettura stimato\" \/>\n\t<meta name=\"twitter:data1\" content=\"2 minuti\" \/>\n<script type=\"application\/ld+json\" class=\"yoast-schema-graph\">{\"@context\":\"https:\\\/\\\/schema.org\",\"@graph\":[{\"@type\":[\"WebPage\",\"ItemPage\"],\"@id\":\"https:\\\/\\\/magnetarmagnets.com\\\/it\\\/shop\\\/copertura-protettiva-360-per-magnete-da-pesca-allround\\\/\",\"url\":\"https:\\\/\\\/magnetarmagnets.com\\\/it\\\/shop\\\/copertura-protettiva-360-per-magnete-da-pesca-allround\\\/\",\"name\":\"Copertura protettiva 360\u00b0 per magnete da pesca allround - Magnet fishing with a Magnetar fishing magnet\",\"isPartOf\":{\"@id\":\"https:\\\/\\\/magnetarmagnets.com\\\/it\\\/#website\"},\"primaryImageOfPage\":{\"@id\":\"https:\\\/\\\/magnetarmagnets.com\\\/it\\\/shop\\\/copertura-protettiva-360-per-magnete-da-pesca-allround\\\/#primaryimage\"},\"image\":{\"@id\":\"https:\\\/\\\/magnetarmagnets.com\\\/it\\\/shop\\\/copertura-protettiva-360-per-magnete-da-pesca-allround\\\/#primaryimage\"},\"thumbnailUrl\":\"https:\\\/\\\/magnetarmagnets.com\\\/wp-content\\\/uploads\\\/2018\\\/09\\\/2887.jpg\",\"datePublished\":\"2025-06-05T07:54:15+00:00\",\"dateModified\":\"2026-04-03T17:18:45+00:00\",\"description\":\"Coperture protettive per magneti allround 360\u00b0 - Magnetar\",\"breadcrumb\":{\"@id\":\"https:\\\/\\\/magnetarmagnets.com\\\/it\\\/shop\\\/copertura-protettiva-360-per-magnete-da-pesca-allround\\\/#breadcrumb\"},\"inLanguage\":\"it-IT\",\"potentialAction\":[{\"@type\":\"ReadAction\",\"target\":[\"https:\\\/\\\/magnetarmagnets.com\\\/it\\\/shop\\\/copertura-protettiva-360-per-magnete-da-pesca-allround\\\/\"]}]},{\"@type\":\"ImageObject\",\"inLanguage\":\"it-IT\",\"@id\":\"https:\\\/\\\/magnetarmagnets.com\\\/it\\\/shop\\\/copertura-protettiva-360-per-magnete-da-pesca-allround\\\/#primaryimage\",\"url\":\"https:\\\/\\\/magnetarmagnets.com\\\/wp-content\\\/uploads\\\/2018\\\/09\\\/2887.jpg\",\"contentUrl\":\"https:\\\/\\\/magnetarmagnets.com\\\/wp-content\\\/uploads\\\/2018\\\/09\\\/2887.jpg\",\"width\":1000,\"height\":1000,\"caption\":\"Protection cover fishing magnets\"},{\"@type\":\"BreadcrumbList\",\"@id\":\"https:\\\/\\\/magnetarmagnets.com\\\/it\\\/shop\\\/copertura-protettiva-360-per-magnete-da-pesca-allround\\\/#breadcrumb\",\"itemListElement\":[{\"@type\":\"ListItem\",\"position\":1,\"name\":\"Home\",\"item\":\"https:\\\/\\\/magnetarmagnets.com\\\/it\\\/\"},{\"@type\":\"ListItem\",\"position\":2,\"name\":\"negozio\",\"item\":\"https:\\\/\\\/magnetarmagnets.com\\\/negozio\\\/\"},{\"@type\":\"ListItem\",\"position\":3,\"name\":\"Attrezzatura\",\"item\":\"https:\\\/\\\/magnetarmagnets.com\\\/it\\\/collections\\\/attrezzatura\\\/\"},{\"@type\":\"ListItem\",\"position\":4,\"name\":\"Attrezzatura per la Pesca Magnetica\",\"item\":\"https:\\\/\\\/magnetarmagnets.com\\\/it\\\/collections\\\/attrezzatura\\\/attrezzatura-per-la-pesca-magnetica\\\/\"},{\"@type\":\"ListItem\",\"position\":5,\"name\":\"Copertura protettiva 360\u00b0 per magnete da pesca allround\"}]},{\"@type\":\"WebSite\",\"@id\":\"https:\\\/\\\/magnetarmagnets.com\\\/it\\\/#website\",\"url\":\"https:\\\/\\\/magnetarmagnets.com\\\/it\\\/\",\"name\":\"Magnet fishing with a Magnetar fishing magnet\",\"description\":\"Magneti potenti per la pesca magnetica\",\"publisher\":{\"@id\":\"https:\\\/\\\/magnetarmagnets.com\\\/it\\\/#organization\"},\"potentialAction\":[{\"@type\":\"SearchAction\",\"target\":{\"@type\":\"EntryPoint\",\"urlTemplate\":\"https:\\\/\\\/magnetarmagnets.com\\\/it\\\/?s={search_term_string}\"},\"query-input\":{\"@type\":\"PropertyValueSpecification\",\"valueRequired\":true,\"valueName\":\"search_term_string\"}}],\"inLanguage\":\"it-IT\"},{\"@type\":\"Organization\",\"@id\":\"https:\\\/\\\/magnetarmagnets.com\\\/it\\\/#organization\",\"name\":\"Magnetar\",\"url\":\"https:\\\/\\\/magnetarmagnets.com\\\/it\\\/\",\"logo\":{\"@type\":\"ImageObject\",\"inLanguage\":\"it-IT\",\"@id\":\"https:\\\/\\\/magnetarmagnets.com\\\/it\\\/#\\\/schema\\\/logo\\\/image\\\/\",\"url\":\"https:\\\/\\\/magnetarmagnets.com\\\/wp-content\\\/uploads\\\/2025\\\/05\\\/Logo-03_PNG-Black-scaled.png\",\"contentUrl\":\"https:\\\/\\\/magnetarmagnets.com\\\/wp-content\\\/uploads\\\/2025\\\/05\\\/Logo-03_PNG-Black-scaled.png\",\"width\":2560,\"height\":1658,\"caption\":\"Magnetar\"},\"image\":{\"@id\":\"https:\\\/\\\/magnetarmagnets.com\\\/it\\\/#\\\/schema\\\/logo\\\/image\\\/\"},\"sameAs\":[\"https:\\\/\\\/www.facebook.com\\\/fishingmagnets\\\/\",\"https:\\\/\\\/www.instagram.com\\\/magnetar_magnets\\\/\",\"https:\\\/\\\/www.linkedin.com\\\/company\\\/magnetarbv\\\/?originalSubdomain=nl\",\"https:\\\/\\\/www.youtube.com\\\/c\\\/MagnetarVismagneet\"]}]}<\/script>\n<!-- \/ Yoast SEO plugin. -->","yoast_head_json":{"title":"Copertura protettiva 360\u00b0 per magnete da pesca allround - Magnet fishing with a Magnetar fishing magnet","description":"Coperture protettive per magneti allround 360\u00b0 - Magnetar","robots":{"index":"index","follow":"follow","max-snippet":"max-snippet:-1","max-image-preview":"max-image-preview:large","max-video-preview":"max-video-preview:-1"},"canonical":"https:\/\/magnetarmagnets.com\/it\/shop\/copertura-protettiva-360-per-magnete-da-pesca-allround\/","og_locale":"it_IT","og_type":"article","og_title":"Copertura protettiva 360\u00b0 per magnete da pesca allround - Magnet fishing with a Magnetar fishing magnet","og_description":"Coperture protettive per magneti allround 360\u00b0 - Magnetar","og_url":"https:\/\/magnetarmagnets.com\/it\/shop\/copertura-protettiva-360-per-magnete-da-pesca-allround\/","og_site_name":"Magnet fishing with a Magnetar fishing magnet","article_publisher":"https:\/\/www.facebook.com\/fishingmagnets\/","article_modified_time":"2026-04-03T17:18:45+00:00","og_image":[{"width":1000,"height":1000,"url":"https:\/\/magnetarmagnets.com\/wp-content\/uploads\/2018\/09\/2887.jpg","type":"image\/jpeg"}],"twitter_card":"summary_large_image","twitter_misc":{"Tempo di lettura stimato":"2 minuti"},"schema":{"@context":"https:\/\/schema.org","@graph":[{"@type":["WebPage","ItemPage"],"@id":"https:\/\/magnetarmagnets.com\/it\/shop\/copertura-protettiva-360-per-magnete-da-pesca-allround\/","url":"https:\/\/magnetarmagnets.com\/it\/shop\/copertura-protettiva-360-per-magnete-da-pesca-allround\/","name":"Copertura protettiva 360\u00b0 per magnete da pesca allround - Magnet fishing with a Magnetar fishing magnet","isPartOf":{"@id":"https:\/\/magnetarmagnets.com\/it\/#website"},"primaryImageOfPage":{"@id":"https:\/\/magnetarmagnets.com\/it\/shop\/copertura-protettiva-360-per-magnete-da-pesca-allround\/#primaryimage"},"image":{"@id":"https:\/\/magnetarmagnets.com\/it\/shop\/copertura-protettiva-360-per-magnete-da-pesca-allround\/#primaryimage"},"thumbnailUrl":"https:\/\/magnetarmagnets.com\/wp-content\/uploads\/2018\/09\/2887.jpg","datePublished":"2025-06-05T07:54:15+00:00","dateModified":"2026-04-03T17:18:45+00:00","description":"Coperture protettive per magneti allround 360\u00b0 - Magnetar","breadcrumb":{"@id":"https:\/\/magnetarmagnets.com\/it\/shop\/copertura-protettiva-360-per-magnete-da-pesca-allround\/#breadcrumb"},"inLanguage":"it-IT","potentialAction":[{"@type":"ReadAction","target":["https:\/\/magnetarmagnets.com\/it\/shop\/copertura-protettiva-360-per-magnete-da-pesca-allround\/"]}]},{"@type":"ImageObject","inLanguage":"it-IT","@id":"https:\/\/magnetarmagnets.com\/it\/shop\/copertura-protettiva-360-per-magnete-da-pesca-allround\/#primaryimage","url":"https:\/\/magnetarmagnets.com\/wp-content\/uploads\/2018\/09\/2887.jpg","contentUrl":"https:\/\/magnetarmagnets.com\/wp-content\/uploads\/2018\/09\/2887.jpg","width":1000,"height":1000,"caption":"Protection cover fishing magnets"},{"@type":"BreadcrumbList","@id":"https:\/\/magnetarmagnets.com\/it\/shop\/copertura-protettiva-360-per-magnete-da-pesca-allround\/#breadcrumb","itemListElement":[{"@type":"ListItem","position":1,"name":"Home","item":"https:\/\/magnetarmagnets.com\/it\/"},{"@type":"ListItem","position":2,"name":"negozio","item":"https:\/\/magnetarmagnets.com\/negozio\/"},{"@type":"ListItem","position":3,"name":"Attrezzatura","item":"https:\/\/magnetarmagnets.com\/it\/collections\/attrezzatura\/"},{"@type":"ListItem","position":4,"name":"Attrezzatura per la Pesca Magnetica","item":"https:\/\/magnetarmagnets.com\/it\/collections\/attrezzatura\/attrezzatura-per-la-pesca-magnetica\/"},{"@type":"ListItem","position":5,"name":"Copertura protettiva 360\u00b0 per magnete da pesca allround"}]},{"@type":"WebSite","@id":"https:\/\/magnetarmagnets.com\/it\/#website","url":"https:\/\/magnetarmagnets.com\/it\/","name":"Magnet fishing with a Magnetar fishing magnet","description":"Magneti potenti per la pesca magnetica","publisher":{"@id":"https:\/\/magnetarmagnets.com\/it\/#organization"},"potentialAction":[{"@type":"SearchAction","target":{"@type":"EntryPoint","urlTemplate":"https:\/\/magnetarmagnets.com\/it\/?s={search_term_string}"},"query-input":{"@type":"PropertyValueSpecification","valueRequired":true,"valueName":"search_term_string"}}],"inLanguage":"it-IT"},{"@type":"Organization","@id":"https:\/\/magnetarmagnets.com\/it\/#organization","name":"Magnetar","url":"https:\/\/magnetarmagnets.com\/it\/","logo":{"@type":"ImageObject","inLanguage":"it-IT","@id":"https:\/\/magnetarmagnets.com\/it\/#\/schema\/logo\/image\/","url":"https:\/\/magnetarmagnets.com\/wp-content\/uploads\/2025\/05\/Logo-03_PNG-Black-scaled.png","contentUrl":"https:\/\/magnetarmagnets.com\/wp-content\/uploads\/2025\/05\/Logo-03_PNG-Black-scaled.png","width":2560,"height":1658,"caption":"Magnetar"},"image":{"@id":"https:\/\/magnetarmagnets.com\/it\/#\/schema\/logo\/image\/"},"sameAs":["https:\/\/www.facebook.com\/fishingmagnets\/","https:\/\/www.instagram.com\/magnetar_magnets\/","https:\/\/www.linkedin.com\/company\/magnetarbv\/?originalSubdomain=nl","https:\/\/www.youtube.com\/c\/MagnetarVismagneet"]}]}},"_links":{"self":[{"href":"https:\/\/magnetarmagnets.com\/it\/wp-json\/wp\/v2\/product\/81799","targetHints":{"allow":["GET"]}}],"collection":[{"href":"https:\/\/magnetarmagnets.com\/it\/wp-json\/wp\/v2\/product"}],"about":[{"href":"https:\/\/magnetarmagnets.com\/it\/wp-json\/wp\/v2\/types\/product"}],"replies":[{"embeddable":true,"href":"https:\/\/magnetarmagnets.com\/it\/wp-json\/wp\/v2\/comments?post=81799"}],"version-history":[{"count":1,"href":"https:\/\/magnetarmagnets.com\/it\/wp-json\/wp\/v2\/product\/81799\/revisions"}],"predecessor-version":[{"id":95232,"href":"https:\/\/magnetarmagnets.com\/it\/wp-json\/wp\/v2\/product\/81799\/revisions\/95232"}],"wp:featuredmedia":[{"embeddable":true,"href":"https:\/\/magnetarmagnets.com\/it\/wp-json\/wp\/v2\/media\/70742"}],"wp:attachment":[{"href":"https:\/\/magnetarmagnets.com\/it\/wp-json\/wp\/v2\/media?parent=81799"}],"wp:term":[{"taxonomy":"product_brand","embeddable":true,"href":"https:\/\/magnetarmagnets.com\/it\/wp-json\/wp\/v2\/product_brand?post=81799"},{"taxonomy":"product_cat","embeddable":true,"href":"https:\/\/magnetarmagnets.com\/it\/wp-json\/wp\/v2\/product_cat?post=81799"},{"taxonomy":"product_tag","embeddable":true,"href":"https:\/\/magnetarmagnets.com\/it\/wp-json\/wp\/v2\/product_tag?post=81799"}],"curies":[{"name":"wp","href":"https:\/\/api.w.org\/{rel}","templated":true}]}}