{"id":81796,"date":"2025-06-05T09:54:17","date_gmt":"2025-06-05T07:54:17","guid":{"rendered":"https:\/\/magnetarmagnets.com\/?post_type=product&#038;p=81796"},"modified":"2026-04-04T17:38:43","modified_gmt":"2026-04-04T15:38:43","slug":"magnete-da-pesca-barbarian-1600-kg-allround-360","status":"publish","type":"product","link":"https:\/\/magnetarmagnets.com\/it\/shop\/magnete-da-pesca-barbarian-1600-kg-allround-360\/","title":{"rendered":"Magnete da pesca Barbarian &#8211; 1600 kg &#8211; Allround 360\u00b0"},"content":{"rendered":"* Proteggi il magnete con una <a href=\"https:\/\/magnetarmagnets.com\/shop\/the-barbarian-protection\/\" target=\"_blank\" rel=\"noopener\"><b>copertura protettiva<\/b><\/a> durante la pesca. Senza una copertura protettiva, il magnete potrebbe danneggiarsi urtando oggetti duri. La copertura protettiva non \u00e8 inclusa con il magnete.\r\n\r\n<span style=\"font-weight: 400;\">Le reazioni positive ai nostri <\/span><a href=\"https:\/\/magnetarmagnets.com\/shop\/hardcore-magnet-2\/\" target=\"_blank\" rel=\"noopener\"><b>Hardcore,<\/b><\/a> <a href=\"https:\/\/magnetarmagnets.com\/shop\/exclusive-terror-magnet\/\" target=\"_blank\" rel=\"noopener\"><b>Terror<\/b><\/a><span style=\"font-weight: 400;\"> e <\/span><a href=\"https:\/\/magnetarmagnets.com\/shop\/beast-magnet\/\" target=\"_blank\" rel=\"noopener\"><b>Beast<\/b><\/a><span style=\"font-weight: 400;\"> magneti ci hanno spinto a sviluppare una nuova superpotenza, IL BARBARIAN! Questo magnete al 100% in Neodimio \u00e8 progettato appositamente per i pescatori professionisti e pi\u00f9 esperti nella pesca con magnete. Successore di diametro extra-large del noto Beast magnet, il Barbarian ha una forza di trazione combinata su tutti i lati fino a 3500 lbs\/1600 kg. Grazie al suo peso, affonda pi\u00f9 in profondit\u00e0 nel fango\/fanghiglia per raggiungere i tesori pi\u00f9 nascosti e difficili da recuperare.<\/span>\r\n\r\n<span style=\"font-weight: 400;\">Attenzione, non \u00e8 un gioco da ragazzi! Questo magnete da pesca \u00e8 cos\u00ec potente che deve essere usato con consapevolezza. Non \u00e8 adatto ai bambini! Il magnete ha un\u2019attrazione magnetica incredibilmente forte e attirer\u00e0 oggetti ferromagnetici anche a distanza. Questo magnete Barbarian non avr\u00e0 difficolt\u00e0 a recuperare oggetti, anche se sono rotondi, arrugginiti o sepolti nella fanghiglia. Quando si acquistano pi\u00f9 magneti potenti, consigliamo di usarli a una distanza ragionevole l\u2019uno dall\u2019altro e di conservarli separatamente.<\/span>\r\n<h2><b>Sei pronto per il magnete Barbarian?<\/b><\/h2>\r\n<span style=\"font-weight: 400;\">Il magnete da pesca Barbarian offre una forza magnetica a 360\u00b0 di 3500 lbs \/ 1600 kg. Gli oggetti vengono attratti su tutti i lati del magnete in qualsiasi condizione subacquea (fango, fanghiglia, corrente, rocce) e non rimane impigliato sulle pietre. Progettato per i pescatori con magnete pi\u00f9 esperti, questo magnete richiede estrema attenzione e cautela.<\/span>\r\n\r\n<span style=\"font-weight: 400;\">Questo magnete di grande peso \u00e8 adatto solo ai pescatori professionisti con magnete. A causa del suo peso non pu\u00f2 essere lanciato molto lontano, ma ci\u00f2 che gli manca in distanza lo compensa in tutti i tipi di terreni, profondit\u00e0, corsi d\u2019acqua e caccia ai tesori. \u00c8 il magnete da pesca pi\u00f9 grande e potente disponibile. Pu\u00f2 recuperare ogni tipo di tesoro con un solo lancio: casseforti, armi, parti di auto, scooter, e-bike e molto altro.<\/span>\r\n<h2><b>Evoluzione del magnete<\/b><\/h2>\r\n<span style=\"font-weight: 400;\">Molti magneti hanno forza attrattiva solo su un lato. Questo magnete a lato singolo \u00e8 il classico magnete da pesca. Magnetar \u00e8 stata la prima azienda a trasformare questo magnete classico in un <a href=\"https:\/\/magnetarmagnets.com\/double-sided-fishing-magnet\/\" target=\"_blank\" rel=\"noopener\">magnete a doppia faccia<\/a>. Poi nel 2016, Magnetar ha sviluppato il magnete da pesca allround con trazione magnetica a 360\u00b0. I pescatori con magnete in tutta l\u2019UE sono stati attratti dai nostri magneti al 100% in Neodimio, rendendoci il fornitore n.1 in Europa. I nostri magneti sono realizzati con la massima qualit\u00e0, design e cura da un piccolo team di appassionati di pesca con magnete. I nostri clienti tornano perch\u00e9 sanno che con Magnetar otterranno pi\u00f9 di un magnete: scopriranno tesori.<\/span>\r\n<h2><b>Potente forza di trazione a 360\u00b0<\/b><\/h2>\r\nIl magnete Barbarian \u00e8 il magnete pi\u00f9 potente che offriamo, con una forza di trazione fino a 3500 lbs\/1600 kg. La forza di trazione del Barbarian \u00e8 intensa e in grado di attrarre oggetti da tutta l\u2019area circostante, a differenza di un magnete a lato singolo racchiuso in un involucro d&#8217;acciaio che concentra la trazione in una direzione. Curioso di sapere come misuriamo la forza di trazione? <a href=\"https:\/\/www.youtube.com\/watch?v=2McW3RURDxs\" target=\"_blank\" rel=\"noopener\">Guarda il nostro video<\/a>.\r\n<h2><b>Alta qualit\u00e0<\/b><\/h2>\r\n<span style=\"font-weight: 400;\">I nostri magneti da pesca sono realizzati in Neodimio. I magneti Magnetar mantengono la loro forza magnetica per decenni con solo l\u20191% di perdita ogni 100 anni (con adeguata conservazione, cura e protezione).<\/span>\r\n\r\n<span style=\"font-weight: 400;\">La maggior parte degli altri fornitori di magneti mostra gi\u00e0 una perdita di forza dopo poche settimane. Negli ultimi anni abbiamo notato un numero crescente di magneti di bassa qualit\u00e0 sul mercato: magneti pi\u00f9 grandi con forza di trazione inferiore, neodimio di scarsa qualit\u00e0, false pubblicit\u00e0. Se acquisti uno di questi magneti a basso costo o da una grande azienda, rimarrai deluso nonostante il risparmio.<\/span>\r\n\r\n<span style=\"font-weight: 400;\">Magnetar \u00e8 una piccola azienda a conduzione familiare che mette la qualit\u00e0 al primo posto in tutto ci\u00f2 che fa. Siamo appassionati di <a href=\"https:\/\/magnetarmagnets.com\/\" target=\"_blank\" rel=\"noopener\">pesca con magnete<\/a> e tutti i nostri magneti sono disegnati, progettati e realizzati dal nostro team per garantirti il massimo valore (e tesori!). Se cerchi un magnete da pesca affidabile, efficace e potente, sei nel posto giusto. Il nostro team sar\u00e0 lieto di sentirti, <a href=\"mailto:info@magnetarmagnets.com\" target=\"_blank\" rel=\"noopener\">contattaci qui<\/a>.<\/span>\r\n\r\nNon dimenticare di dare un\u2019occhiata ai nostri <a href=\"https:\/\/magnetarmagnets.com\/magnet-fishing-kit\/\" target=\"_blank\" rel=\"noopener\">kit per pesca con magnete<\/a> o ai nostri <a href=\"https:\/\/magnetarmagnets.com\/accessories\/\" target=\"_blank\" rel=\"noopener\">accessori per pesca con magnete<\/a>.\r\n<h2><b>Copertura protettiva<\/b><\/h2>\r\nLe coperture protettive sono l\u2019accessorio perfetto per i pescatori con magnete che desiderano proteggere i loro magneti in neodimio durante l\u2019uso. Queste custodie resistenti sono progettate per adattarsi perfettamente al magnete e fornire un ulteriore strato di protezione contro graffi, rotture e altri tipi di danni. Le nostre coperture protettive sono costruite per durare e possono resistere alle condizioni pi\u00f9 estreme. La copertura \u00e8 realizzata in acciaio inossidabile, garantendo che il tuo magnete mantenga la magnetizzazione a 360\u00b0. Con le nostre coperture protettive, puoi praticare la pesca con magnete senza preoccuparti di danneggiare il tuo prezioso magnete. La copertura pu\u00f2 essere aggiunta separatamente a questo magnete.\r\n\r\n(<b style=\"font-weight: 400;\">Si prega di notare che la parte inferiore del magnete non \u00e8 protetta dalla copertura<\/b>)\r\n<h2><b>Usa il magnete Barbarian con cautela<\/b><\/h2>\r\n<span style=\"font-weight: 400;\">I nostri magneti in neodimio sono molto potenti e possono essere attratti a grande velocit\u00e0 da oggetti di ferro vicini. Con magneti cos\u00ec potenti come l\u2019allround 360\u00b0, \u00e8 possibile che le dita vengano intrappolate tra il magnete e altri oggetti. Maneggiare con cura e usare a proprio rischio. Leggere sempre gli avvertimenti di sicurezza prima dell\u2019uso.<\/span>\r\n\r\n<span style=\"font-weight: 400;\">* I bambini devono usare il magnete sotto la supervisione dei genitori.<\/span>","protected":false},"excerpt":{"rendered":"<p><span style=\"font-weight: 400;\">Il <strong>magnete da pesca Barbarian<\/strong> \u00e8 un magnete da pesca estremamente grande, progettato appositamente per pescatori professionisti e appassionati di pesca con magnete.<\/span><\/p>\n<p><span style=\"font-weight: 400;\">\u00c8 il magnete <strong>allround 360\u00b0<\/strong> pi\u00f9 potente al mondo, con una forza di trazione di <strong>1600 kg<\/strong>! Realizzato in Neodimio al 100% di altissima qualit\u00e0, questo magnete \u00e8 ancora pi\u00f9 estremo del nostro noto Beast magnet.<\/span><\/p>\n<p><span style=\"font-weight: 400;\">Questo magnete comporta rischi supplementari. Maneggiare e conservare con estrema cautela. Tenere lontano dalla portata dei bambini.<\/span><\/p>\n","protected":false},"featured_media":72177,"comment_status":"open","ping_status":"closed","template":"","meta":{"_acf_changed":false,"inline_featured_image":false},"product_brand":[],"product_cat":[602,607,604,602,607,604,616,616],"product_tag":[428],"class_list":{"0":"post-81796","1":"product","2":"type-product","3":"status-publish","4":"has-post-thumbnail","6":"product_cat-fiskemagneter","7":"product_cat-allround-fiskemagneter-360","8":"product_cat-sterkeste-fiskemagneter","12":"product_cat-profesjonelle","14":"product_tag-spedizione-gratuita","16":"first","17":"instock","18":"taxable","19":"shipping-taxable","20":"purchasable","21":"product-type-simple"},"acf":[],"yoast_head":"<!-- This site is optimized with the Yoast SEO plugin v27.3 - https:\/\/yoast.com\/product\/yoast-seo-wordpress\/ -->\n<title>Magnete da pesca Barbarian - 1600 kg - Allround 360\u00b0<\/title>\n<meta name=\"description\" content=\"Magnete da pesca Barbarian: il magnete da pesca pi\u00f9 estremo d\u2019Europa! Ordina i migliori magneti dal tuo specialista in pesca con magnete: Magnetar!\" \/>\n<meta name=\"robots\" content=\"index, follow, max-snippet:-1, max-image-preview:large, max-video-preview:-1\" \/>\n<link rel=\"canonical\" href=\"https:\/\/magnetarmagnets.com\/it\/shop\/magnete-da-pesca-barbarian-1600-kg-allround-360\/\" \/>\n<meta property=\"og:locale\" content=\"it_IT\" \/>\n<meta property=\"og:type\" content=\"article\" \/>\n<meta property=\"og:title\" content=\"Magnete da pesca Barbarian - 1600 kg - Allround 360\u00b0\" \/>\n<meta property=\"og:description\" content=\"Magnete da pesca Barbarian: il magnete da pesca pi\u00f9 estremo d\u2019Europa! Ordina i migliori magneti dal tuo specialista in pesca con magnete: Magnetar!\" \/>\n<meta property=\"og:url\" content=\"https:\/\/magnetarmagnets.com\/it\/shop\/magnete-da-pesca-barbarian-1600-kg-allround-360\/\" \/>\n<meta property=\"og:site_name\" content=\"Magnet fishing with a Magnetar fishing magnet\" \/>\n<meta property=\"article:publisher\" content=\"https:\/\/www.facebook.com\/fishingmagnets\/\" \/>\n<meta property=\"article:modified_time\" content=\"2026-04-04T15:38:43+00:00\" \/>\n<meta property=\"og:image\" content=\"https:\/\/magnetarmagnets.com\/wp-content\/uploads\/2020\/06\/Barbarian-magnet-360-Degrees-Neodymium.jpeg\" \/>\n\t<meta property=\"og:image:width\" content=\"1000\" \/>\n\t<meta property=\"og:image:height\" content=\"1000\" \/>\n\t<meta property=\"og:image:type\" content=\"image\/jpeg\" \/>\n<meta name=\"twitter:card\" content=\"summary_large_image\" \/>\n<meta name=\"twitter:label1\" content=\"Tempo di lettura stimato\" \/>\n\t<meta name=\"twitter:data1\" content=\"6 minuti\" \/>\n<script type=\"application\/ld+json\" class=\"yoast-schema-graph\">{\"@context\":\"https:\\\/\\\/schema.org\",\"@graph\":[{\"@type\":[\"WebPage\",\"ItemPage\"],\"@id\":\"https:\\\/\\\/magnetarmagnets.com\\\/it\\\/shop\\\/magnete-da-pesca-barbarian-1600-kg-allround-360\\\/\",\"url\":\"https:\\\/\\\/magnetarmagnets.com\\\/it\\\/shop\\\/magnete-da-pesca-barbarian-1600-kg-allround-360\\\/\",\"name\":\"Magnete da pesca Barbarian - 1600 kg - Allround 360\u00b0\",\"isPartOf\":{\"@id\":\"https:\\\/\\\/magnetarmagnets.com\\\/it\\\/#website\"},\"primaryImageOfPage\":{\"@id\":\"https:\\\/\\\/magnetarmagnets.com\\\/it\\\/shop\\\/magnete-da-pesca-barbarian-1600-kg-allround-360\\\/#primaryimage\"},\"image\":{\"@id\":\"https:\\\/\\\/magnetarmagnets.com\\\/it\\\/shop\\\/magnete-da-pesca-barbarian-1600-kg-allround-360\\\/#primaryimage\"},\"thumbnailUrl\":\"https:\\\/\\\/magnetarmagnets.com\\\/wp-content\\\/uploads\\\/2020\\\/06\\\/Barbarian-magnet-360-Degrees-Neodymium.jpeg\",\"datePublished\":\"2025-06-05T07:54:17+00:00\",\"dateModified\":\"2026-04-04T15:38:43+00:00\",\"description\":\"Magnete da pesca Barbarian: il magnete da pesca pi\u00f9 estremo d\u2019Europa! Ordina i migliori magneti dal tuo specialista in pesca con magnete: Magnetar!\",\"breadcrumb\":{\"@id\":\"https:\\\/\\\/magnetarmagnets.com\\\/it\\\/shop\\\/magnete-da-pesca-barbarian-1600-kg-allround-360\\\/#breadcrumb\"},\"inLanguage\":\"it-IT\",\"potentialAction\":[{\"@type\":\"ReadAction\",\"target\":[\"https:\\\/\\\/magnetarmagnets.com\\\/it\\\/shop\\\/magnete-da-pesca-barbarian-1600-kg-allround-360\\\/\"]}]},{\"@type\":\"ImageObject\",\"inLanguage\":\"it-IT\",\"@id\":\"https:\\\/\\\/magnetarmagnets.com\\\/it\\\/shop\\\/magnete-da-pesca-barbarian-1600-kg-allround-360\\\/#primaryimage\",\"url\":\"https:\\\/\\\/magnetarmagnets.com\\\/wp-content\\\/uploads\\\/2020\\\/06\\\/Barbarian-magnet-360-Degrees-Neodymium.jpeg\",\"contentUrl\":\"https:\\\/\\\/magnetarmagnets.com\\\/wp-content\\\/uploads\\\/2020\\\/06\\\/Barbarian-magnet-360-Degrees-Neodymium.jpeg\",\"width\":1000,\"height\":1000,\"caption\":\"Barbarian for magnet fishing with 360 Degrees Neodymium power\"},{\"@type\":\"BreadcrumbList\",\"@id\":\"https:\\\/\\\/magnetarmagnets.com\\\/it\\\/shop\\\/magnete-da-pesca-barbarian-1600-kg-allround-360\\\/#breadcrumb\",\"itemListElement\":[{\"@type\":\"ListItem\",\"position\":1,\"name\":\"Home\",\"item\":\"https:\\\/\\\/magnetarmagnets.com\\\/it\\\/\"},{\"@type\":\"ListItem\",\"position\":2,\"name\":\"negozio\",\"item\":\"https:\\\/\\\/magnetarmagnets.com\\\/negozio\\\/\"},{\"@type\":\"ListItem\",\"position\":3,\"name\":\"All products\",\"item\":\"https:\\\/\\\/magnetarmagnets.com\\\/collections\\\/all-products\\\/\"},{\"@type\":\"ListItem\",\"position\":4,\"name\":\"Magnete da pesca Barbarian &#8211; 1600 kg &#8211; Allround 360\u00b0\"}]},{\"@type\":\"WebSite\",\"@id\":\"https:\\\/\\\/magnetarmagnets.com\\\/it\\\/#website\",\"url\":\"https:\\\/\\\/magnetarmagnets.com\\\/it\\\/\",\"name\":\"Magnet fishing with a Magnetar fishing magnet\",\"description\":\"Magneti potenti per la pesca magnetica\",\"publisher\":{\"@id\":\"https:\\\/\\\/magnetarmagnets.com\\\/it\\\/#organization\"},\"potentialAction\":[{\"@type\":\"SearchAction\",\"target\":{\"@type\":\"EntryPoint\",\"urlTemplate\":\"https:\\\/\\\/magnetarmagnets.com\\\/it\\\/?s={search_term_string}\"},\"query-input\":{\"@type\":\"PropertyValueSpecification\",\"valueRequired\":true,\"valueName\":\"search_term_string\"}}],\"inLanguage\":\"it-IT\"},{\"@type\":\"Organization\",\"@id\":\"https:\\\/\\\/magnetarmagnets.com\\\/it\\\/#organization\",\"name\":\"Magnetar\",\"url\":\"https:\\\/\\\/magnetarmagnets.com\\\/it\\\/\",\"logo\":{\"@type\":\"ImageObject\",\"inLanguage\":\"it-IT\",\"@id\":\"https:\\\/\\\/magnetarmagnets.com\\\/it\\\/#\\\/schema\\\/logo\\\/image\\\/\",\"url\":\"https:\\\/\\\/magnetarmagnets.com\\\/wp-content\\\/uploads\\\/2025\\\/05\\\/Logo-03_PNG-Black-scaled.png\",\"contentUrl\":\"https:\\\/\\\/magnetarmagnets.com\\\/wp-content\\\/uploads\\\/2025\\\/05\\\/Logo-03_PNG-Black-scaled.png\",\"width\":2560,\"height\":1658,\"caption\":\"Magnetar\"},\"image\":{\"@id\":\"https:\\\/\\\/magnetarmagnets.com\\\/it\\\/#\\\/schema\\\/logo\\\/image\\\/\"},\"sameAs\":[\"https:\\\/\\\/www.facebook.com\\\/fishingmagnets\\\/\",\"https:\\\/\\\/www.instagram.com\\\/magnetar_magnets\\\/\",\"https:\\\/\\\/www.linkedin.com\\\/company\\\/magnetarbv\\\/?originalSubdomain=nl\",\"https:\\\/\\\/www.youtube.com\\\/c\\\/MagnetarVismagneet\"]}]}<\/script>\n<!-- \/ Yoast SEO plugin. -->","yoast_head_json":{"title":"Magnete da pesca Barbarian - 1600 kg - Allround 360\u00b0","description":"Magnete da pesca Barbarian: il magnete da pesca pi\u00f9 estremo d\u2019Europa! Ordina i migliori magneti dal tuo specialista in pesca con magnete: Magnetar!","robots":{"index":"index","follow":"follow","max-snippet":"max-snippet:-1","max-image-preview":"max-image-preview:large","max-video-preview":"max-video-preview:-1"},"canonical":"https:\/\/magnetarmagnets.com\/it\/shop\/magnete-da-pesca-barbarian-1600-kg-allround-360\/","og_locale":"it_IT","og_type":"article","og_title":"Magnete da pesca Barbarian - 1600 kg - Allround 360\u00b0","og_description":"Magnete da pesca Barbarian: il magnete da pesca pi\u00f9 estremo d\u2019Europa! Ordina i migliori magneti dal tuo specialista in pesca con magnete: Magnetar!","og_url":"https:\/\/magnetarmagnets.com\/it\/shop\/magnete-da-pesca-barbarian-1600-kg-allround-360\/","og_site_name":"Magnet fishing with a Magnetar fishing magnet","article_publisher":"https:\/\/www.facebook.com\/fishingmagnets\/","article_modified_time":"2026-04-04T15:38:43+00:00","og_image":[{"width":1000,"height":1000,"url":"https:\/\/magnetarmagnets.com\/wp-content\/uploads\/2020\/06\/Barbarian-magnet-360-Degrees-Neodymium.jpeg","type":"image\/jpeg"}],"twitter_card":"summary_large_image","twitter_misc":{"Tempo di lettura stimato":"6 minuti"},"schema":{"@context":"https:\/\/schema.org","@graph":[{"@type":["WebPage","ItemPage"],"@id":"https:\/\/magnetarmagnets.com\/it\/shop\/magnete-da-pesca-barbarian-1600-kg-allround-360\/","url":"https:\/\/magnetarmagnets.com\/it\/shop\/magnete-da-pesca-barbarian-1600-kg-allround-360\/","name":"Magnete da pesca Barbarian - 1600 kg - Allround 360\u00b0","isPartOf":{"@id":"https:\/\/magnetarmagnets.com\/it\/#website"},"primaryImageOfPage":{"@id":"https:\/\/magnetarmagnets.com\/it\/shop\/magnete-da-pesca-barbarian-1600-kg-allround-360\/#primaryimage"},"image":{"@id":"https:\/\/magnetarmagnets.com\/it\/shop\/magnete-da-pesca-barbarian-1600-kg-allround-360\/#primaryimage"},"thumbnailUrl":"https:\/\/magnetarmagnets.com\/wp-content\/uploads\/2020\/06\/Barbarian-magnet-360-Degrees-Neodymium.jpeg","datePublished":"2025-06-05T07:54:17+00:00","dateModified":"2026-04-04T15:38:43+00:00","description":"Magnete da pesca Barbarian: il magnete da pesca pi\u00f9 estremo d\u2019Europa! Ordina i migliori magneti dal tuo specialista in pesca con magnete: Magnetar!","breadcrumb":{"@id":"https:\/\/magnetarmagnets.com\/it\/shop\/magnete-da-pesca-barbarian-1600-kg-allround-360\/#breadcrumb"},"inLanguage":"it-IT","potentialAction":[{"@type":"ReadAction","target":["https:\/\/magnetarmagnets.com\/it\/shop\/magnete-da-pesca-barbarian-1600-kg-allround-360\/"]}]},{"@type":"ImageObject","inLanguage":"it-IT","@id":"https:\/\/magnetarmagnets.com\/it\/shop\/magnete-da-pesca-barbarian-1600-kg-allround-360\/#primaryimage","url":"https:\/\/magnetarmagnets.com\/wp-content\/uploads\/2020\/06\/Barbarian-magnet-360-Degrees-Neodymium.jpeg","contentUrl":"https:\/\/magnetarmagnets.com\/wp-content\/uploads\/2020\/06\/Barbarian-magnet-360-Degrees-Neodymium.jpeg","width":1000,"height":1000,"caption":"Barbarian for magnet fishing with 360 Degrees Neodymium power"},{"@type":"BreadcrumbList","@id":"https:\/\/magnetarmagnets.com\/it\/shop\/magnete-da-pesca-barbarian-1600-kg-allround-360\/#breadcrumb","itemListElement":[{"@type":"ListItem","position":1,"name":"Home","item":"https:\/\/magnetarmagnets.com\/it\/"},{"@type":"ListItem","position":2,"name":"negozio","item":"https:\/\/magnetarmagnets.com\/negozio\/"},{"@type":"ListItem","position":3,"name":"All products","item":"https:\/\/magnetarmagnets.com\/collections\/all-products\/"},{"@type":"ListItem","position":4,"name":"Magnete da pesca Barbarian &#8211; 1600 kg &#8211; Allround 360\u00b0"}]},{"@type":"WebSite","@id":"https:\/\/magnetarmagnets.com\/it\/#website","url":"https:\/\/magnetarmagnets.com\/it\/","name":"Magnet fishing with a Magnetar fishing magnet","description":"Magneti potenti per la pesca magnetica","publisher":{"@id":"https:\/\/magnetarmagnets.com\/it\/#organization"},"potentialAction":[{"@type":"SearchAction","target":{"@type":"EntryPoint","urlTemplate":"https:\/\/magnetarmagnets.com\/it\/?s={search_term_string}"},"query-input":{"@type":"PropertyValueSpecification","valueRequired":true,"valueName":"search_term_string"}}],"inLanguage":"it-IT"},{"@type":"Organization","@id":"https:\/\/magnetarmagnets.com\/it\/#organization","name":"Magnetar","url":"https:\/\/magnetarmagnets.com\/it\/","logo":{"@type":"ImageObject","inLanguage":"it-IT","@id":"https:\/\/magnetarmagnets.com\/it\/#\/schema\/logo\/image\/","url":"https:\/\/magnetarmagnets.com\/wp-content\/uploads\/2025\/05\/Logo-03_PNG-Black-scaled.png","contentUrl":"https:\/\/magnetarmagnets.com\/wp-content\/uploads\/2025\/05\/Logo-03_PNG-Black-scaled.png","width":2560,"height":1658,"caption":"Magnetar"},"image":{"@id":"https:\/\/magnetarmagnets.com\/it\/#\/schema\/logo\/image\/"},"sameAs":["https:\/\/www.facebook.com\/fishingmagnets\/","https:\/\/www.instagram.com\/magnetar_magnets\/","https:\/\/www.linkedin.com\/company\/magnetarbv\/?originalSubdomain=nl","https:\/\/www.youtube.com\/c\/MagnetarVismagneet"]}]}},"_links":{"self":[{"href":"https:\/\/magnetarmagnets.com\/it\/wp-json\/wp\/v2\/product\/81796","targetHints":{"allow":["GET"]}}],"collection":[{"href":"https:\/\/magnetarmagnets.com\/it\/wp-json\/wp\/v2\/product"}],"about":[{"href":"https:\/\/magnetarmagnets.com\/it\/wp-json\/wp\/v2\/types\/product"}],"replies":[{"embeddable":true,"href":"https:\/\/magnetarmagnets.com\/it\/wp-json\/wp\/v2\/comments?post=81796"}],"version-history":[{"count":1,"href":"https:\/\/magnetarmagnets.com\/it\/wp-json\/wp\/v2\/product\/81796\/revisions"}],"predecessor-version":[{"id":94602,"href":"https:\/\/magnetarmagnets.com\/it\/wp-json\/wp\/v2\/product\/81796\/revisions\/94602"}],"wp:featuredmedia":[{"embeddable":true,"href":"https:\/\/magnetarmagnets.com\/it\/wp-json\/wp\/v2\/media\/72177"}],"wp:attachment":[{"href":"https:\/\/magnetarmagnets.com\/it\/wp-json\/wp\/v2\/media?parent=81796"}],"wp:term":[{"taxonomy":"product_brand","embeddable":true,"href":"https:\/\/magnetarmagnets.com\/it\/wp-json\/wp\/v2\/product_brand?post=81796"},{"taxonomy":"product_cat","embeddable":true,"href":"https:\/\/magnetarmagnets.com\/it\/wp-json\/wp\/v2\/product_cat?post=81796"},{"taxonomy":"product_tag","embeddable":true,"href":"https:\/\/magnetarmagnets.com\/it\/wp-json\/wp\/v2\/product_tag?post=81796"}],"curies":[{"name":"wp","href":"https:\/\/api.w.org\/{rel}","templated":true}]}}