{"id":81793,"date":"2025-06-05T09:54:17","date_gmt":"2025-06-05T07:54:17","guid":{"rendered":"https:\/\/magnetarmagnets.com\/?post_type=product&#038;p=81793"},"modified":"2026-04-07T06:19:57","modified_gmt":"2026-04-07T04:19:57","slug":"legend-package-magnete-da-pesca-1400-kg-beast-allround-360","status":"publish","type":"product","link":"https:\/\/magnetarmagnets.com\/it\/shop\/legend-package-magnete-da-pesca-1400-kg-beast-allround-360\/","title":{"rendered":"Legend Package &#8211; magnete da pesca 1400 kg &#8211; Beast Allround 360\u00b0"},"content":{"rendered":"<b>Sei un pescatore magnetico leggendario?<\/b> O vuoi diventare una leggenda? Il nostro <a href=\"https:\/\/magnetarmagnets.com\/shop\/legend-package\/\" target=\"_blank\" rel=\"noopener\">Legend Package<\/a> \u00e8 la via da seguire e include tutto il necessario per iniziare (e ottenere risparmi sul bundle!). Questo pacchetto include il nostro magnete da pesca Beast Allround 360\u00b0. Include inoltre una corda robusta dal diametro di \u2153\u2019\u2019 \/ 10mm con moschettone, un paio di guanti impermeabili, una copertura protettiva Legend, colla e un rampino in acciaio inossidabile extra-large. Vuoi fare un upgrade? Scopri il nostro <a href=\"https:\/\/magnetarmagnets.com\/shop\/warrior-package\/\" target=\"_blank\" rel=\"noopener\">Warrior Package<\/a>!\n\n<h2><b>Il magnete da pesca in neodimio Beast<\/b><\/h2>\n\nLe reazioni positive ai nostri <a href=\"https:\/\/magnetarmagnets.com\/shop\/hardcore-magnet-2\/\" target=\"_blank\" rel=\"noopener\">Hardcore<\/a> e <a href=\"https:\/\/magnetarmagnets.com\/shop\/exclusive-terror-magnet\/\" target=\"_blank\" rel=\"noopener\">Terror<\/a> Magneti ci hanno spinto a sviluppare un nuovo superpotere: il Beast! Il Beast \u00e8 ancora pi\u00f9 potente del nostro magnete Hardcore &amp; Terror, non \u00e8 solo forte, \u00e8 BEASTLY strong. Il magnete da pesca Beast \u00e8 il successore pi\u00f9 grande del noto magnete Terror. Poich\u00e9 il magnete \u00e8 pi\u00f9 pesante, affonda pi\u00f9 in profondit\u00e0 in fango e limo, permettendo di raggiungere oggetti pi\u00f9 difficili da trovare.\n\nCome magnete da pesca allround, il Beast ha una forza di trazione magnetica di circa 350 kg per lato. Realizzato in neodimio al 100%, il materiale magnetico permanente pi\u00f9 potente, il Beast offre l\u2019opportunit\u00e0 ottimale di catturare oggetti metallici vicini e lontani.\n\n<h2><b>Sei pronto per provare il Beast?<\/b><\/h2>\n\nIl nome del magnete parla da s\u00e9: \u00e8 un Beast! Il magnete da pesca Beast ha una forza di trazione magnetica a 360\u00b0 di 1400 kg ed \u00e8 uno dei <a href=\"https:\/\/magnetarmagnets.com\/\" target=\"_blank\" rel=\"noopener\">migliori magneti da pesca<\/a> che offriamo. Gli oggetti vengono attratti su tutti i lati del magnete in qualsiasi condizione subacquea (fango, limo, corrente, roccia) e non si impiglia facilmente nelle rocce. Progettato per il pescatore magnetico avanzato, questo magnete richiede attenzione e precauzioni aggiuntive.\n\nIl Beast \u00e8 pensato per pescatori magnetici coraggiosi che sanno il fatto loro. Questo magnete \u00e8 cos\u00ec potente che si muove autonomamente sott\u2019acqua alla ricerca di oggetti. Il suo peso gli permette di setacciare il fango e raggiungere alcuni degli oggetti pi\u00f9 profondi, antichi e nascosti. Aggiorna il tuo equipaggiamento per trovare i tesori pi\u00f9 pesanti come grandi casseforti, armi, parti di auto, scooter, ebike e molto altro.\n\n<h2><b>Evolution del magnete<\/b><\/h2>\n\nMolti magneti hanno forza di attrazione su un solo lato. Questo magnete monofacciale \u00e8 il classico magnete da pesca. Magnetar \u00e8 stata la prima azienda a reinventare questo magnete classico in un magnete bifacciale. Poi, nel 2016, Magnetar ha sviluppato il magnete da pesca allround con forza di trazione a 360\u00b0. I pescatori magnetici in tutta l\u2019UE da allora sono attratti dai nostri magneti 100% neodimio, rendendoci il fornitore #1 in Europa. I nostri magneti sono realizzati con la massima qualit\u00e0, design e cura da un piccolo team di appassionati di pesca con magnete. I nostri clienti continuano a tornare perch\u00e9 sanno che con Magnetar otterranno pi\u00f9 di un magnete: cattureranno tesori.\n\n<h2><strong>Potente forza di trazione a 360\u00b0<\/strong><\/h2>\n\nIl magnete Beast \u00e8 uno dei magneti pi\u00f9 potenti che offriamo, con forza di trazione fino a 1400 kg. La sua forza di trazione \u00e8 vigorosa e capace di attrarre oggetti da tutta l\u2019area circostante, a differenza di un magnete monofacciale racchiuso in una copertura in acciaio, che concentra la forza in una sola direzione. Curioso sulla misurazione della forza di trazione? <a href=\"https:\/\/www.youtube.com\/watch?v=2McW3RURDxs\" target=\"_blank\" rel=\"noopener\">Guarda il nostro video sulla misurazione della forza di trazione<\/a>.\n\n<h2><b>Alta qualit\u00e0<\/b><\/h2>\n\nI nostri magneti da pesca sono realizzati in neodimio al 100%. I magneti Magnetar mantengono la loro potenza di trazione per decenni, perdendo solo l\u20191% ogni 100 anni (con corretta conservazione, cura e protezione).\n\nMolti altri fornitori di magneti mostrano gi\u00e0 una perdita di forza dopo poche settimane. Negli ultimi anni abbiamo notato un aumento di magneti di bassa qualit\u00e0 sul mercato: magneti pi\u00f9 grandi ma con inferiore forza, neodimio di scarsa qualit\u00e0, pubblicit\u00e0 ingannevole. Se acquisti uno di questi magneti a basso costo o da una grande azienda, finirai deluso anche se avrai risparmiato qualche soldo.\n\nMagnetar \u00e8 una piccola azienda a conduzione familiare che mette la qualit\u00e0 al primo posto in tutto ci\u00f2 che fa. Siamo appassionati di pesca con magnete e tutti i nostri magneti sono progettati, disegnati e realizzati dal nostro team per garantirti il massimo valore (o tesori dal tuo magnete!). Se cerchi un magnete da pesca affidabile, efficace e potente, sei nel posto giusto. Il nostro team sarebbe felice di sentirti, <a href=\"mailto:info@magnetarmagnets.com\">contattaci qui<\/a>.\n\n<h2><b>Copertura protettiva<\/b><\/h2>\n\nLa copertura protettiva inclusa in questo pacchetto \u00e8 l\u2019accessorio perfetto per i pescatori con magnete che vogliono proteggere i loro magneti in neodimio durante l\u2019uso. Queste coperture resistenti sono progettate per adattarsi perfettamente al magnete e offrire un ulteriore strato di protezione contro graffi, rotture e altri tipi di danni. Le nostre coperture protettive sono costruite per durare e resistere alle condizioni pi\u00f9 difficili. La copertura \u00e8 realizzata in acciaio inossidabile, garantendo che il tuo magnete mantenga la magnetizzazione a 360\u00b0. Con le nostre coperture, puoi goderti la pesca con magnete senza preoccuparti di danneggiare il tuo prezioso magnete.\n\n(Attenzione: la parte inferiore del magnete non \u00e8 protetta dalla copertura)\n\n<h2><b>Usa con cautela<\/b><\/h2>\n\nI nostri magneti in neodimio sono i <a href=\"https:\/\/magnetarmagnets.com\/strong-fishing-magnets\/\" target=\"_blank\" rel=\"noopener\">magneti da pesca pi\u00f9 potenti<\/a> e possono essere attratti verso oggetti in ferro ad alta velocit\u00e0 quando sono a distanza ravvicinata. Con magneti pi\u00f9 potenti come l\u2019allround 360\u00b0, \u00e8 possibile che le dita si incastrino tra il magnete e altri oggetti. Maneggia i magneti con cura e usali a tuo rischio. Leggi sempre i nostri avvisi di sicurezza prima dell\u2019uso.\n\n* I bambini devono usare il magnete sotto la supervisione dei genitori.\n\nNon dimenticare di dare un\u2019occhiata ai nostri <a href=\"https:\/\/magnetarmagnets.com\/collections\/fishing-magnets\/magnet-fishing-kit\/\" target=\"_blank\" rel=\"noopener\">kit per pesca magnetica<\/a> o ai <a href=\"https:\/\/magnetarmagnets.com\/accessories\/\" target=\"_blank\" rel=\"noopener\">accessori per pesca magnetica<\/a>.","protected":false},"excerpt":{"rendered":"<p><span style=\"font-weight: 400;\"><strong>Estremo<\/strong> e <strong>completo<\/strong> sulla riva con il <strong>magnete da pesca Beast Allround 360\u00b0<\/strong> e accessori, per la <strong>vera leggenda<\/strong>!<\/span><\/p>\n","protected":false},"featured_media":72575,"comment_status":"open","ping_status":"closed","template":"","meta":{"_acf_changed":false,"inline_featured_image":false},"product_brand":[],"product_cat":[480,473,476,483,1006],"product_tag":[],"class_list":{"0":"post-81793","1":"product","2":"type-product","3":"status-publish","4":"has-post-thumbnail","6":"product_cat-kit-per-la-pesca-magnetica","7":"product_cat-magneti-da-pesca","8":"product_cat-magneti-da-pesca-360-allround","9":"product_cat-per-professionisti","10":"product_cat-tutti-i-prodotti","12":"first","13":"instock","14":"sale","15":"taxable","16":"shipping-taxable","17":"purchasable","18":"product-type-simple"},"acf":[],"yoast_head":"<!-- This site is optimized with the Yoast SEO plugin v27.3 - https:\/\/yoast.com\/product\/yoast-seo-wordpress\/ -->\n<title>Legend Package - magnete da pesca 1400 kg - Beast Allround 360\u00b0 - Magnet fishing with a Magnetar fishing magnet<\/title>\n<meta name=\"description\" content=\"Pacchetto Legend - Beast 3100 lb \/ 1400 Kg - magnete da pesca Magnetar\" \/>\n<meta name=\"robots\" content=\"index, follow, max-snippet:-1, max-image-preview:large, max-video-preview:-1\" \/>\n<link rel=\"canonical\" href=\"https:\/\/magnetarmagnets.com\/it\/shop\/legend-package-magnete-da-pesca-1400-kg-beast-allround-360\/\" \/>\n<meta property=\"og:locale\" content=\"it_IT\" \/>\n<meta property=\"og:type\" content=\"article\" \/>\n<meta property=\"og:title\" content=\"Legend Package - magnete da pesca 1400 kg - Beast Allround 360\u00b0 - Magnet fishing with a Magnetar fishing magnet\" \/>\n<meta property=\"og:description\" content=\"Pacchetto Legend - Beast 3100 lb \/ 1400 Kg - magnete da pesca Magnetar\" \/>\n<meta property=\"og:url\" content=\"https:\/\/magnetarmagnets.com\/it\/shop\/legend-package-magnete-da-pesca-1400-kg-beast-allround-360\/\" \/>\n<meta property=\"og:site_name\" content=\"Magnet fishing with a Magnetar fishing magnet\" \/>\n<meta property=\"article:publisher\" content=\"https:\/\/www.facebook.com\/fishingmagnets\/\" \/>\n<meta property=\"article:modified_time\" content=\"2026-04-07T04:19:57+00:00\" \/>\n<meta property=\"og:image\" content=\"https:\/\/magnetarmagnets.com\/wp-content\/uploads\/2021\/10\/MAGNETAR-LEGEND-KIT-GOOGLE.jpg\" \/>\n\t<meta property=\"og:image:width\" content=\"1500\" \/>\n\t<meta property=\"og:image:height\" content=\"1500\" \/>\n\t<meta property=\"og:image:type\" content=\"image\/jpeg\" \/>\n<meta name=\"twitter:card\" content=\"summary_large_image\" \/>\n<meta name=\"twitter:label1\" content=\"Tempo di lettura stimato\" \/>\n\t<meta name=\"twitter:data1\" content=\"5 minuti\" \/>\n<script type=\"application\/ld+json\" class=\"yoast-schema-graph\">{\"@context\":\"https:\\\/\\\/schema.org\",\"@graph\":[{\"@type\":[\"WebPage\",\"ItemPage\"],\"@id\":\"https:\\\/\\\/magnetarmagnets.com\\\/it\\\/shop\\\/legend-package-magnete-da-pesca-1400-kg-beast-allround-360\\\/\",\"url\":\"https:\\\/\\\/magnetarmagnets.com\\\/it\\\/shop\\\/legend-package-magnete-da-pesca-1400-kg-beast-allround-360\\\/\",\"name\":\"Legend Package - magnete da pesca 1400 kg - Beast Allround 360\u00b0 - Magnet fishing with a Magnetar fishing magnet\",\"isPartOf\":{\"@id\":\"https:\\\/\\\/magnetarmagnets.com\\\/it\\\/#website\"},\"primaryImageOfPage\":{\"@id\":\"https:\\\/\\\/magnetarmagnets.com\\\/it\\\/shop\\\/legend-package-magnete-da-pesca-1400-kg-beast-allround-360\\\/#primaryimage\"},\"image\":{\"@id\":\"https:\\\/\\\/magnetarmagnets.com\\\/it\\\/shop\\\/legend-package-magnete-da-pesca-1400-kg-beast-allround-360\\\/#primaryimage\"},\"thumbnailUrl\":\"https:\\\/\\\/magnetarmagnets.com\\\/wp-content\\\/uploads\\\/2021\\\/10\\\/MAGNETAR-LEGEND-KIT-GOOGLE.jpg\",\"datePublished\":\"2025-06-05T07:54:17+00:00\",\"dateModified\":\"2026-04-07T04:19:57+00:00\",\"description\":\"Pacchetto Legend - Beast 3100 lb \\\/ 1400 Kg - magnete da pesca Magnetar\",\"breadcrumb\":{\"@id\":\"https:\\\/\\\/magnetarmagnets.com\\\/it\\\/shop\\\/legend-package-magnete-da-pesca-1400-kg-beast-allround-360\\\/#breadcrumb\"},\"inLanguage\":\"it-IT\",\"potentialAction\":[{\"@type\":\"ReadAction\",\"target\":[\"https:\\\/\\\/magnetarmagnets.com\\\/it\\\/shop\\\/legend-package-magnete-da-pesca-1400-kg-beast-allround-360\\\/\"]}]},{\"@type\":\"ImageObject\",\"inLanguage\":\"it-IT\",\"@id\":\"https:\\\/\\\/magnetarmagnets.com\\\/it\\\/shop\\\/legend-package-magnete-da-pesca-1400-kg-beast-allround-360\\\/#primaryimage\",\"url\":\"https:\\\/\\\/magnetarmagnets.com\\\/wp-content\\\/uploads\\\/2021\\\/10\\\/MAGNETAR-LEGEND-KIT-GOOGLE.jpg\",\"contentUrl\":\"https:\\\/\\\/magnetarmagnets.com\\\/wp-content\\\/uploads\\\/2021\\\/10\\\/MAGNETAR-LEGEND-KIT-GOOGLE.jpg\",\"width\":1500,\"height\":1500,\"caption\":\"MAGNETAR-LEGEND-KIT\"},{\"@type\":\"BreadcrumbList\",\"@id\":\"https:\\\/\\\/magnetarmagnets.com\\\/it\\\/shop\\\/legend-package-magnete-da-pesca-1400-kg-beast-allround-360\\\/#breadcrumb\",\"itemListElement\":[{\"@type\":\"ListItem\",\"position\":1,\"name\":\"Home\",\"item\":\"https:\\\/\\\/magnetarmagnets.com\\\/it\\\/\"},{\"@type\":\"ListItem\",\"position\":2,\"name\":\"negozio\",\"item\":\"https:\\\/\\\/magnetarmagnets.com\\\/negozio\\\/\"},{\"@type\":\"ListItem\",\"position\":3,\"name\":\"Magneti da Pesca\",\"item\":\"https:\\\/\\\/magnetarmagnets.com\\\/it\\\/collections\\\/magneti-da-pesca\\\/\"},{\"@type\":\"ListItem\",\"position\":4,\"name\":\"Magneti da Pesca 360\u00b0 Allround\",\"item\":\"https:\\\/\\\/magnetarmagnets.com\\\/it\\\/collections\\\/magneti-da-pesca\\\/magneti-da-pesca-360-allround\\\/\"},{\"@type\":\"ListItem\",\"position\":5,\"name\":\"Legend Package &#8211; magnete da pesca 1400 kg &#8211; Beast Allround 360\u00b0\"}]},{\"@type\":\"WebSite\",\"@id\":\"https:\\\/\\\/magnetarmagnets.com\\\/it\\\/#website\",\"url\":\"https:\\\/\\\/magnetarmagnets.com\\\/it\\\/\",\"name\":\"Magnet fishing with a Magnetar fishing magnet\",\"description\":\"Magneti potenti per la pesca magnetica\",\"publisher\":{\"@id\":\"https:\\\/\\\/magnetarmagnets.com\\\/it\\\/#organization\"},\"potentialAction\":[{\"@type\":\"SearchAction\",\"target\":{\"@type\":\"EntryPoint\",\"urlTemplate\":\"https:\\\/\\\/magnetarmagnets.com\\\/it\\\/?s={search_term_string}\"},\"query-input\":{\"@type\":\"PropertyValueSpecification\",\"valueRequired\":true,\"valueName\":\"search_term_string\"}}],\"inLanguage\":\"it-IT\"},{\"@type\":\"Organization\",\"@id\":\"https:\\\/\\\/magnetarmagnets.com\\\/it\\\/#organization\",\"name\":\"Magnetar\",\"url\":\"https:\\\/\\\/magnetarmagnets.com\\\/it\\\/\",\"logo\":{\"@type\":\"ImageObject\",\"inLanguage\":\"it-IT\",\"@id\":\"https:\\\/\\\/magnetarmagnets.com\\\/it\\\/#\\\/schema\\\/logo\\\/image\\\/\",\"url\":\"https:\\\/\\\/magnetarmagnets.com\\\/wp-content\\\/uploads\\\/2025\\\/05\\\/Logo-03_PNG-Black-scaled.png\",\"contentUrl\":\"https:\\\/\\\/magnetarmagnets.com\\\/wp-content\\\/uploads\\\/2025\\\/05\\\/Logo-03_PNG-Black-scaled.png\",\"width\":2560,\"height\":1658,\"caption\":\"Magnetar\"},\"image\":{\"@id\":\"https:\\\/\\\/magnetarmagnets.com\\\/it\\\/#\\\/schema\\\/logo\\\/image\\\/\"},\"sameAs\":[\"https:\\\/\\\/www.facebook.com\\\/fishingmagnets\\\/\",\"https:\\\/\\\/www.instagram.com\\\/magnetar_magnets\\\/\",\"https:\\\/\\\/www.linkedin.com\\\/company\\\/magnetarbv\\\/?originalSubdomain=nl\",\"https:\\\/\\\/www.youtube.com\\\/c\\\/MagnetarVismagneet\"]}]}<\/script>\n<!-- \/ Yoast SEO plugin. -->","yoast_head_json":{"title":"Legend Package - magnete da pesca 1400 kg - Beast Allround 360\u00b0 - Magnet fishing with a Magnetar fishing magnet","description":"Pacchetto Legend - Beast 3100 lb \/ 1400 Kg - magnete da pesca Magnetar","robots":{"index":"index","follow":"follow","max-snippet":"max-snippet:-1","max-image-preview":"max-image-preview:large","max-video-preview":"max-video-preview:-1"},"canonical":"https:\/\/magnetarmagnets.com\/it\/shop\/legend-package-magnete-da-pesca-1400-kg-beast-allround-360\/","og_locale":"it_IT","og_type":"article","og_title":"Legend Package - magnete da pesca 1400 kg - Beast Allround 360\u00b0 - Magnet fishing with a Magnetar fishing magnet","og_description":"Pacchetto Legend - Beast 3100 lb \/ 1400 Kg - magnete da pesca Magnetar","og_url":"https:\/\/magnetarmagnets.com\/it\/shop\/legend-package-magnete-da-pesca-1400-kg-beast-allround-360\/","og_site_name":"Magnet fishing with a Magnetar fishing magnet","article_publisher":"https:\/\/www.facebook.com\/fishingmagnets\/","article_modified_time":"2026-04-07T04:19:57+00:00","og_image":[{"width":1500,"height":1500,"url":"https:\/\/magnetarmagnets.com\/wp-content\/uploads\/2021\/10\/MAGNETAR-LEGEND-KIT-GOOGLE.jpg","type":"image\/jpeg"}],"twitter_card":"summary_large_image","twitter_misc":{"Tempo di lettura stimato":"5 minuti"},"schema":{"@context":"https:\/\/schema.org","@graph":[{"@type":["WebPage","ItemPage"],"@id":"https:\/\/magnetarmagnets.com\/it\/shop\/legend-package-magnete-da-pesca-1400-kg-beast-allround-360\/","url":"https:\/\/magnetarmagnets.com\/it\/shop\/legend-package-magnete-da-pesca-1400-kg-beast-allround-360\/","name":"Legend Package - magnete da pesca 1400 kg - Beast Allround 360\u00b0 - Magnet fishing with a Magnetar fishing magnet","isPartOf":{"@id":"https:\/\/magnetarmagnets.com\/it\/#website"},"primaryImageOfPage":{"@id":"https:\/\/magnetarmagnets.com\/it\/shop\/legend-package-magnete-da-pesca-1400-kg-beast-allround-360\/#primaryimage"},"image":{"@id":"https:\/\/magnetarmagnets.com\/it\/shop\/legend-package-magnete-da-pesca-1400-kg-beast-allround-360\/#primaryimage"},"thumbnailUrl":"https:\/\/magnetarmagnets.com\/wp-content\/uploads\/2021\/10\/MAGNETAR-LEGEND-KIT-GOOGLE.jpg","datePublished":"2025-06-05T07:54:17+00:00","dateModified":"2026-04-07T04:19:57+00:00","description":"Pacchetto Legend - Beast 3100 lb \/ 1400 Kg - magnete da pesca Magnetar","breadcrumb":{"@id":"https:\/\/magnetarmagnets.com\/it\/shop\/legend-package-magnete-da-pesca-1400-kg-beast-allround-360\/#breadcrumb"},"inLanguage":"it-IT","potentialAction":[{"@type":"ReadAction","target":["https:\/\/magnetarmagnets.com\/it\/shop\/legend-package-magnete-da-pesca-1400-kg-beast-allround-360\/"]}]},{"@type":"ImageObject","inLanguage":"it-IT","@id":"https:\/\/magnetarmagnets.com\/it\/shop\/legend-package-magnete-da-pesca-1400-kg-beast-allround-360\/#primaryimage","url":"https:\/\/magnetarmagnets.com\/wp-content\/uploads\/2021\/10\/MAGNETAR-LEGEND-KIT-GOOGLE.jpg","contentUrl":"https:\/\/magnetarmagnets.com\/wp-content\/uploads\/2021\/10\/MAGNETAR-LEGEND-KIT-GOOGLE.jpg","width":1500,"height":1500,"caption":"MAGNETAR-LEGEND-KIT"},{"@type":"BreadcrumbList","@id":"https:\/\/magnetarmagnets.com\/it\/shop\/legend-package-magnete-da-pesca-1400-kg-beast-allround-360\/#breadcrumb","itemListElement":[{"@type":"ListItem","position":1,"name":"Home","item":"https:\/\/magnetarmagnets.com\/it\/"},{"@type":"ListItem","position":2,"name":"negozio","item":"https:\/\/magnetarmagnets.com\/negozio\/"},{"@type":"ListItem","position":3,"name":"Magneti da Pesca","item":"https:\/\/magnetarmagnets.com\/it\/collections\/magneti-da-pesca\/"},{"@type":"ListItem","position":4,"name":"Magneti da Pesca 360\u00b0 Allround","item":"https:\/\/magnetarmagnets.com\/it\/collections\/magneti-da-pesca\/magneti-da-pesca-360-allround\/"},{"@type":"ListItem","position":5,"name":"Legend Package &#8211; magnete da pesca 1400 kg &#8211; Beast Allround 360\u00b0"}]},{"@type":"WebSite","@id":"https:\/\/magnetarmagnets.com\/it\/#website","url":"https:\/\/magnetarmagnets.com\/it\/","name":"Magnet fishing with a Magnetar fishing magnet","description":"Magneti potenti per la pesca magnetica","publisher":{"@id":"https:\/\/magnetarmagnets.com\/it\/#organization"},"potentialAction":[{"@type":"SearchAction","target":{"@type":"EntryPoint","urlTemplate":"https:\/\/magnetarmagnets.com\/it\/?s={search_term_string}"},"query-input":{"@type":"PropertyValueSpecification","valueRequired":true,"valueName":"search_term_string"}}],"inLanguage":"it-IT"},{"@type":"Organization","@id":"https:\/\/magnetarmagnets.com\/it\/#organization","name":"Magnetar","url":"https:\/\/magnetarmagnets.com\/it\/","logo":{"@type":"ImageObject","inLanguage":"it-IT","@id":"https:\/\/magnetarmagnets.com\/it\/#\/schema\/logo\/image\/","url":"https:\/\/magnetarmagnets.com\/wp-content\/uploads\/2025\/05\/Logo-03_PNG-Black-scaled.png","contentUrl":"https:\/\/magnetarmagnets.com\/wp-content\/uploads\/2025\/05\/Logo-03_PNG-Black-scaled.png","width":2560,"height":1658,"caption":"Magnetar"},"image":{"@id":"https:\/\/magnetarmagnets.com\/it\/#\/schema\/logo\/image\/"},"sameAs":["https:\/\/www.facebook.com\/fishingmagnets\/","https:\/\/www.instagram.com\/magnetar_magnets\/","https:\/\/www.linkedin.com\/company\/magnetarbv\/?originalSubdomain=nl","https:\/\/www.youtube.com\/c\/MagnetarVismagneet"]}]}},"_links":{"self":[{"href":"https:\/\/magnetarmagnets.com\/it\/wp-json\/wp\/v2\/product\/81793","targetHints":{"allow":["GET"]}}],"collection":[{"href":"https:\/\/magnetarmagnets.com\/it\/wp-json\/wp\/v2\/product"}],"about":[{"href":"https:\/\/magnetarmagnets.com\/it\/wp-json\/wp\/v2\/types\/product"}],"replies":[{"embeddable":true,"href":"https:\/\/magnetarmagnets.com\/it\/wp-json\/wp\/v2\/comments?post=81793"}],"version-history":[{"count":1,"href":"https:\/\/magnetarmagnets.com\/it\/wp-json\/wp\/v2\/product\/81793\/revisions"}],"predecessor-version":[{"id":94516,"href":"https:\/\/magnetarmagnets.com\/it\/wp-json\/wp\/v2\/product\/81793\/revisions\/94516"}],"wp:featuredmedia":[{"embeddable":true,"href":"https:\/\/magnetarmagnets.com\/it\/wp-json\/wp\/v2\/media\/72575"}],"wp:attachment":[{"href":"https:\/\/magnetarmagnets.com\/it\/wp-json\/wp\/v2\/media?parent=81793"}],"wp:term":[{"taxonomy":"product_brand","embeddable":true,"href":"https:\/\/magnetarmagnets.com\/it\/wp-json\/wp\/v2\/product_brand?post=81793"},{"taxonomy":"product_cat","embeddable":true,"href":"https:\/\/magnetarmagnets.com\/it\/wp-json\/wp\/v2\/product_cat?post=81793"},{"taxonomy":"product_tag","embeddable":true,"href":"https:\/\/magnetarmagnets.com\/it\/wp-json\/wp\/v2\/product_tag?post=81793"}],"curies":[{"name":"wp","href":"https:\/\/api.w.org\/{rel}","templated":true}]}}