{"id":81792,"date":"2025-06-05T09:54:37","date_gmt":"2025-06-05T07:54:37","guid":{"rendered":"https:\/\/magnetarmagnets.com\/?post_type=product&#038;p=81792"},"modified":"2026-04-03T06:06:39","modified_gmt":"2026-04-03T04:06:39","slug":"pacchetto-warrior-due-magneti-da-pesca-terror-beast-allround-360","status":"publish","type":"product","link":"https:\/\/magnetarmagnets.com\/it\/shop\/pacchetto-warrior-due-magneti-da-pesca-terror-beast-allround-360\/","title":{"rendered":"Pacchetto Warrior &#8211; due magneti da pesca Terror + Beast &#8211; Allround 360\u00b0"},"content":{"rendered":"<b>ATTENZIONE!<\/b> Questo pacchetto contiene magneti estremamente potenti. \u00c8 di <b>importanza fondamentale<\/b> che tu mantenga sempre una distanza di 1 metro tra questi magneti. Altrimenti potrebbero verificarsi situazioni molto pericolose.\n\n\n\n<span style=\"font-weight: 400;\">Il <\/span><b>pacchetto Warrior<\/b><span style=\"font-weight: 400;\"> \u00e8 dotato dei magneti pi\u00f9 potenti che troverai, <a href=\"https:\/\/magnetarmagnets.com\/shop\/exclusive-terror-magnet\/\" target=\"_blank\" rel=\"noopener\">il Terror<\/a> e <a href=\"https:\/\/magnetarmagnets.com\/shop\/beast-magnet\/\" target=\"_blank\" rel=\"noopener\">il Beast<\/a> per pesca con magnete! Queste due forze della natura ti convinceranno della loro attrazione magnetica a 360\u00b0. Questo pacchetto \u00e8 pensato per pescatori con magnete avanzati che vogliono massimizzare le possibilit\u00e0 di trovare oggetti. Include colla di fissaggio, 2 corde da 10 mm, 2 paia di guanti impermeabili e le custodie protettive per entrambi i magneti. Vuoi diventare un vero warrior della pesca con magnete? Acquista subito questo pacchetto con uno sconto extra.<\/span>\n\n<h2><b>Sei pronto a provare i magneti Beast e Terror?<\/b><\/h2>\n\nIl nome dei magneti parla da s\u00e9: sono Extreme! Il magnete Terror offre una forza di attrazione estremamente potente fino a 2200 lbs\/1000 kg. Il magnete Beast ha una forza di attrazione magnetica a 360\u00b0 di 3100 lbs\/1400 kg. Gli oggetti vengono attratti su tutti i lati di questi magneti in qualsiasi condizione subacquea (fango, sedimenti, corrente, rocce) e non si incastrano facilmente. Progettati per pescatori con magnete esperti, questi magneti richiedono ulteriore cura e attenzione.\n\n<h2><b>Evoluzione del magnete<\/b><\/h2>\n\nMolti magneti hanno forza attrattiva solo su un lato. Questo magnete monolaterale \u00e8 il classico magnete da pesca. Magnetar \u00e8 stata la prima azienda a riprogettare questo magnete classico in un magnete bilaterale. Nel 2016 Magnetar ha poi sviluppato il magnete da pesca allround con attrazione magnetica a 360\u00b0. I pescatori con magnete in tutta l\u2019UE sono stati attratti dai nostri magneti 100% Neodimio sin da allora, rendendoci il fornitore n. 1 in Europa. I nostri magneti sono realizzati con la massima qualit\u00e0, design e cura da un piccolo team di appassionati di pesca con magnete. I nostri clienti tornano perch\u00e9 sanno che con Magnetar otterranno pi\u00f9 di un semplice magnete: troveranno tesori.\n\n<h2><strong>Potente forza di trazione a 360\u00b0<\/strong><\/h2>\n\nIl magnete Beast \u00e8 uno dei pi\u00f9 potenti che offriamo, con una forza di trazione fino a 3100 lbs\/1400 kg. La forza di trazione del Beast \u00e8 in grado di attirare oggetti da tutta l\u2019area circostante, a differenza di un magnete monolaterale racchiuso in un involucro d\u2019acciaio che concentra la forza in una sola direzione. Curioso di scoprire come misuriamo la forza di trazione? <a href=\"https:\/\/www.youtube.com\/watch?v=2McW3RURDxs\" target=\"_blank\" rel=\"noopener\">Guarda il nostro video sulle misurazioni della forza di trazione<\/a>.\n\n<h2><b>Alta qualit\u00e0<\/b><\/h2>\n\nI nostri <a href=\"https:\/\/magnetarmagnets.com\/\" target=\"_blank\" rel=\"noopener\">magneti da pesca<\/a> sono realizzati in Neodimio al 100%. I magneti Magnetar mantengono la loro potenza magnetica per decenni con solo l\u20191% di perdita ogni 100 anni (con adeguata conservazione, cura e protezione).\n\nLa maggior parte degli altri fornitori mostra gi\u00e0 perdite di forza dopo poche settimane. Negli ultimi anni abbiamo osservato sempre pi\u00f9 magneti di bassa qualit\u00e0 sul mercato: magneti pi\u00f9 grandi con forza di trazione inferiore, neodimio di scarsa qualit\u00e0, pubblicit\u00e0 ingannevole. Se acquisti uno di questi magneti a minor costo o da una grande azienda, rischi di rimanere deluso nonostante il risparmio.\n\nMagnetar \u00e8 un\u2019azienda familiare che mette la qualit\u00e0 al primo posto. Siamo appassionati di pesca con magnete e tutti i nostri magneti sono progettati e realizzati internamente per garantirti il massimo rendimento (o tesori dal tuo magnete!). Se cerchi un magnete da pesca affidabile, efficace e <a href=\"https:\/\/magnetarmagnets.com\/strong-fishing-magnets\/\" target=\"_blank\" rel=\"noopener\">potente<\/a>, sei nel posto giusto. Contattaci qui: <a href=\"mailto:info@magnetarmagnets.com\">info@magnetarmagnets.com<\/a>.\n\n<h2><b>Custodia protettiva<\/b><\/h2>\n\nLa custodia protettiva inclusa in questo pacchetto \u00e8 l\u2019accessorio perfetto per proteggere i tuoi magneti in Neodimio durante l\u2019uso. Queste custodie resistenti si adattano perfettamente al magnete, offrendo uno strato extra di protezione contro graffi, rotture e altri danni. Realizzate in acciaio inossidabile, garantiscono che il magnete mantenga l\u2019attrazione a 360\u00b0. Con le nostre custodie protettive, puoi fare pesca con magnete senza preoccupazioni.\n\n(Nota: la parte inferiore del magnete non \u00e8 coperta dalla custodia)\n\n<h2><b>Usa con cautela<\/b><\/h2>\n\nI nostri magneti in Neodimio sono molto potenti e possono attirare oggetti in ferro ad alta velocit\u00e0 se vicini. Con magneti pi\u00f9 forti come quelli allround a 360\u00b0, c\u2019\u00e8 il rischio che le dita rimangano intrappolate tra il magnete e altri oggetti. Maneggia i magneti con cura e usali a tuo rischio. Leggi sempre le avvertenze di sicurezza prima dell\u2019uso.\n\n* I bambini devono usare il magnete sotto supervisione di un adulto.\n\nNon dimenticare di consultare i nostri <a href=\"https:\/\/magnetarmagnets.com\/magnet-fishing-kit\/\" target=\"_blank\" rel=\"noopener\">kit per pesca con magnete<\/a> e la nostra <a href=\"https:\/\/magnetarmagnets.com\/accessories\/\" target=\"_blank\" rel=\"noopener\">attrezzatura per pesca con magnete<\/a>.","protected":false},"excerpt":{"rendered":"<p><span style=\"font-weight: 400;\">Vai <strong>alla grande<\/strong> e <strong>con potenza<\/strong> con due magneti da pesca estremamente potenti e a 360\u00b0, il <strong>Terror<\/strong> e il <strong>Beast<\/strong>, tutto in un unico kit.<\/span><\/p>\n","protected":false},"featured_media":72591,"comment_status":"open","ping_status":"closed","template":"","meta":{"_acf_changed":false,"inline_featured_image":false},"product_brand":[],"product_cat":[480,473,476,483],"product_tag":[],"class_list":{"0":"post-81792","1":"product","2":"type-product","3":"status-publish","4":"has-post-thumbnail","6":"product_cat-kit-per-la-pesca-magnetica","7":"product_cat-magneti-da-pesca","8":"product_cat-magneti-da-pesca-360-allround","9":"product_cat-per-professionisti","11":"first","12":"instock","13":"sale","14":"taxable","15":"shipping-taxable","16":"purchasable","17":"product-type-simple"},"acf":[],"yoast_head":"<!-- This site is optimized with the Yoast SEO plugin v27.3 - https:\/\/yoast.com\/product\/yoast-seo-wordpress\/ -->\n<title>Pacchetto Warrior - due magneti da pesca Terror + Beast - Allround 360\u00b0 - Magnet fishing with a Magnetar fishing magnet<\/title>\n<meta name=\"description\" content=\"Pacchetto Warrior - due magneti: Terror + Beast - Magnetar\" \/>\n<meta name=\"robots\" content=\"index, follow, max-snippet:-1, max-image-preview:large, max-video-preview:-1\" \/>\n<link rel=\"canonical\" href=\"https:\/\/magnetarmagnets.com\/it\/shop\/pacchetto-warrior-due-magneti-da-pesca-terror-beast-allround-360\/\" \/>\n<meta property=\"og:locale\" content=\"it_IT\" \/>\n<meta property=\"og:type\" content=\"article\" \/>\n<meta property=\"og:title\" content=\"Pacchetto Warrior - due magneti da pesca Terror + Beast - Allround 360\u00b0 - Magnet fishing with a Magnetar fishing magnet\" \/>\n<meta property=\"og:description\" content=\"Pacchetto Warrior - due magneti: Terror + Beast - Magnetar\" \/>\n<meta property=\"og:url\" content=\"https:\/\/magnetarmagnets.com\/it\/shop\/pacchetto-warrior-due-magneti-da-pesca-terror-beast-allround-360\/\" \/>\n<meta property=\"og:site_name\" content=\"Magnet fishing with a Magnetar fishing magnet\" \/>\n<meta property=\"article:publisher\" content=\"https:\/\/www.facebook.com\/fishingmagnets\/\" \/>\n<meta property=\"article:modified_time\" content=\"2026-04-03T04:06:39+00:00\" \/>\n<meta property=\"og:image\" content=\"https:\/\/magnetarmagnets.com\/wp-content\/uploads\/2021\/10\/MAGNETAR-WARRIOR-KIT-GOOGLE.jpg\" \/>\n\t<meta property=\"og:image:width\" content=\"1500\" \/>\n\t<meta property=\"og:image:height\" content=\"1500\" \/>\n\t<meta property=\"og:image:type\" content=\"image\/jpeg\" \/>\n<meta name=\"twitter:card\" content=\"summary_large_image\" \/>\n<meta name=\"twitter:label1\" content=\"Tempo di lettura stimato\" \/>\n\t<meta name=\"twitter:data1\" content=\"4 minuti\" \/>\n<script type=\"application\/ld+json\" class=\"yoast-schema-graph\">{\"@context\":\"https:\\\/\\\/schema.org\",\"@graph\":[{\"@type\":[\"WebPage\",\"ItemPage\"],\"@id\":\"https:\\\/\\\/magnetarmagnets.com\\\/it\\\/shop\\\/pacchetto-warrior-due-magneti-da-pesca-terror-beast-allround-360\\\/\",\"url\":\"https:\\\/\\\/magnetarmagnets.com\\\/it\\\/shop\\\/pacchetto-warrior-due-magneti-da-pesca-terror-beast-allround-360\\\/\",\"name\":\"Pacchetto Warrior - due magneti da pesca Terror + Beast - Allround 360\u00b0 - Magnet fishing with a Magnetar fishing magnet\",\"isPartOf\":{\"@id\":\"https:\\\/\\\/magnetarmagnets.com\\\/it\\\/#website\"},\"primaryImageOfPage\":{\"@id\":\"https:\\\/\\\/magnetarmagnets.com\\\/it\\\/shop\\\/pacchetto-warrior-due-magneti-da-pesca-terror-beast-allround-360\\\/#primaryimage\"},\"image\":{\"@id\":\"https:\\\/\\\/magnetarmagnets.com\\\/it\\\/shop\\\/pacchetto-warrior-due-magneti-da-pesca-terror-beast-allround-360\\\/#primaryimage\"},\"thumbnailUrl\":\"https:\\\/\\\/magnetarmagnets.com\\\/wp-content\\\/uploads\\\/2021\\\/10\\\/MAGNETAR-WARRIOR-KIT-GOOGLE.jpg\",\"datePublished\":\"2025-06-05T07:54:37+00:00\",\"dateModified\":\"2026-04-03T04:06:39+00:00\",\"description\":\"Pacchetto Warrior - due magneti: Terror + Beast - Magnetar\",\"breadcrumb\":{\"@id\":\"https:\\\/\\\/magnetarmagnets.com\\\/it\\\/shop\\\/pacchetto-warrior-due-magneti-da-pesca-terror-beast-allround-360\\\/#breadcrumb\"},\"inLanguage\":\"it-IT\",\"potentialAction\":[{\"@type\":\"ReadAction\",\"target\":[\"https:\\\/\\\/magnetarmagnets.com\\\/it\\\/shop\\\/pacchetto-warrior-due-magneti-da-pesca-terror-beast-allround-360\\\/\"]}]},{\"@type\":\"ImageObject\",\"inLanguage\":\"it-IT\",\"@id\":\"https:\\\/\\\/magnetarmagnets.com\\\/it\\\/shop\\\/pacchetto-warrior-due-magneti-da-pesca-terror-beast-allround-360\\\/#primaryimage\",\"url\":\"https:\\\/\\\/magnetarmagnets.com\\\/wp-content\\\/uploads\\\/2021\\\/10\\\/MAGNETAR-WARRIOR-KIT-GOOGLE.jpg\",\"contentUrl\":\"https:\\\/\\\/magnetarmagnets.com\\\/wp-content\\\/uploads\\\/2021\\\/10\\\/MAGNETAR-WARRIOR-KIT-GOOGLE.jpg\",\"width\":1500,\"height\":1500,\"caption\":\"MAGNETAR-WARRIOR-KIT\"},{\"@type\":\"BreadcrumbList\",\"@id\":\"https:\\\/\\\/magnetarmagnets.com\\\/it\\\/shop\\\/pacchetto-warrior-due-magneti-da-pesca-terror-beast-allround-360\\\/#breadcrumb\",\"itemListElement\":[{\"@type\":\"ListItem\",\"position\":1,\"name\":\"Home\",\"item\":\"https:\\\/\\\/magnetarmagnets.com\\\/it\\\/\"},{\"@type\":\"ListItem\",\"position\":2,\"name\":\"negozio\",\"item\":\"https:\\\/\\\/magnetarmagnets.com\\\/negozio\\\/\"},{\"@type\":\"ListItem\",\"position\":3,\"name\":\"Magneti da Pesca\",\"item\":\"https:\\\/\\\/magnetarmagnets.com\\\/it\\\/collections\\\/magneti-da-pesca\\\/\"},{\"@type\":\"ListItem\",\"position\":4,\"name\":\"Magneti da Pesca 360\u00b0 Allround\",\"item\":\"https:\\\/\\\/magnetarmagnets.com\\\/it\\\/collections\\\/magneti-da-pesca\\\/magneti-da-pesca-360-allround\\\/\"},{\"@type\":\"ListItem\",\"position\":5,\"name\":\"Pacchetto Warrior &#8211; due magneti da pesca Terror + Beast &#8211; Allround 360\u00b0\"}]},{\"@type\":\"WebSite\",\"@id\":\"https:\\\/\\\/magnetarmagnets.com\\\/it\\\/#website\",\"url\":\"https:\\\/\\\/magnetarmagnets.com\\\/it\\\/\",\"name\":\"Magnet fishing with a Magnetar fishing magnet\",\"description\":\"Magneti potenti per la pesca magnetica\",\"publisher\":{\"@id\":\"https:\\\/\\\/magnetarmagnets.com\\\/it\\\/#organization\"},\"potentialAction\":[{\"@type\":\"SearchAction\",\"target\":{\"@type\":\"EntryPoint\",\"urlTemplate\":\"https:\\\/\\\/magnetarmagnets.com\\\/it\\\/?s={search_term_string}\"},\"query-input\":{\"@type\":\"PropertyValueSpecification\",\"valueRequired\":true,\"valueName\":\"search_term_string\"}}],\"inLanguage\":\"it-IT\"},{\"@type\":\"Organization\",\"@id\":\"https:\\\/\\\/magnetarmagnets.com\\\/it\\\/#organization\",\"name\":\"Magnetar\",\"url\":\"https:\\\/\\\/magnetarmagnets.com\\\/it\\\/\",\"logo\":{\"@type\":\"ImageObject\",\"inLanguage\":\"it-IT\",\"@id\":\"https:\\\/\\\/magnetarmagnets.com\\\/it\\\/#\\\/schema\\\/logo\\\/image\\\/\",\"url\":\"https:\\\/\\\/magnetarmagnets.com\\\/wp-content\\\/uploads\\\/2025\\\/05\\\/Logo-03_PNG-Black-scaled.png\",\"contentUrl\":\"https:\\\/\\\/magnetarmagnets.com\\\/wp-content\\\/uploads\\\/2025\\\/05\\\/Logo-03_PNG-Black-scaled.png\",\"width\":2560,\"height\":1658,\"caption\":\"Magnetar\"},\"image\":{\"@id\":\"https:\\\/\\\/magnetarmagnets.com\\\/it\\\/#\\\/schema\\\/logo\\\/image\\\/\"},\"sameAs\":[\"https:\\\/\\\/www.facebook.com\\\/fishingmagnets\\\/\",\"https:\\\/\\\/www.instagram.com\\\/magnetar_magnets\\\/\",\"https:\\\/\\\/www.linkedin.com\\\/company\\\/magnetarbv\\\/?originalSubdomain=nl\",\"https:\\\/\\\/www.youtube.com\\\/c\\\/MagnetarVismagneet\"]}]}<\/script>\n<!-- \/ Yoast SEO plugin. -->","yoast_head_json":{"title":"Pacchetto Warrior - due magneti da pesca Terror + Beast - Allround 360\u00b0 - Magnet fishing with a Magnetar fishing magnet","description":"Pacchetto Warrior - due magneti: Terror + Beast - Magnetar","robots":{"index":"index","follow":"follow","max-snippet":"max-snippet:-1","max-image-preview":"max-image-preview:large","max-video-preview":"max-video-preview:-1"},"canonical":"https:\/\/magnetarmagnets.com\/it\/shop\/pacchetto-warrior-due-magneti-da-pesca-terror-beast-allround-360\/","og_locale":"it_IT","og_type":"article","og_title":"Pacchetto Warrior - due magneti da pesca Terror + Beast - Allround 360\u00b0 - Magnet fishing with a Magnetar fishing magnet","og_description":"Pacchetto Warrior - due magneti: Terror + Beast - Magnetar","og_url":"https:\/\/magnetarmagnets.com\/it\/shop\/pacchetto-warrior-due-magneti-da-pesca-terror-beast-allround-360\/","og_site_name":"Magnet fishing with a Magnetar fishing magnet","article_publisher":"https:\/\/www.facebook.com\/fishingmagnets\/","article_modified_time":"2026-04-03T04:06:39+00:00","og_image":[{"width":1500,"height":1500,"url":"https:\/\/magnetarmagnets.com\/wp-content\/uploads\/2021\/10\/MAGNETAR-WARRIOR-KIT-GOOGLE.jpg","type":"image\/jpeg"}],"twitter_card":"summary_large_image","twitter_misc":{"Tempo di lettura stimato":"4 minuti"},"schema":{"@context":"https:\/\/schema.org","@graph":[{"@type":["WebPage","ItemPage"],"@id":"https:\/\/magnetarmagnets.com\/it\/shop\/pacchetto-warrior-due-magneti-da-pesca-terror-beast-allround-360\/","url":"https:\/\/magnetarmagnets.com\/it\/shop\/pacchetto-warrior-due-magneti-da-pesca-terror-beast-allround-360\/","name":"Pacchetto Warrior - due magneti da pesca Terror + Beast - Allround 360\u00b0 - Magnet fishing with a Magnetar fishing magnet","isPartOf":{"@id":"https:\/\/magnetarmagnets.com\/it\/#website"},"primaryImageOfPage":{"@id":"https:\/\/magnetarmagnets.com\/it\/shop\/pacchetto-warrior-due-magneti-da-pesca-terror-beast-allround-360\/#primaryimage"},"image":{"@id":"https:\/\/magnetarmagnets.com\/it\/shop\/pacchetto-warrior-due-magneti-da-pesca-terror-beast-allround-360\/#primaryimage"},"thumbnailUrl":"https:\/\/magnetarmagnets.com\/wp-content\/uploads\/2021\/10\/MAGNETAR-WARRIOR-KIT-GOOGLE.jpg","datePublished":"2025-06-05T07:54:37+00:00","dateModified":"2026-04-03T04:06:39+00:00","description":"Pacchetto Warrior - due magneti: Terror + Beast - Magnetar","breadcrumb":{"@id":"https:\/\/magnetarmagnets.com\/it\/shop\/pacchetto-warrior-due-magneti-da-pesca-terror-beast-allround-360\/#breadcrumb"},"inLanguage":"it-IT","potentialAction":[{"@type":"ReadAction","target":["https:\/\/magnetarmagnets.com\/it\/shop\/pacchetto-warrior-due-magneti-da-pesca-terror-beast-allround-360\/"]}]},{"@type":"ImageObject","inLanguage":"it-IT","@id":"https:\/\/magnetarmagnets.com\/it\/shop\/pacchetto-warrior-due-magneti-da-pesca-terror-beast-allround-360\/#primaryimage","url":"https:\/\/magnetarmagnets.com\/wp-content\/uploads\/2021\/10\/MAGNETAR-WARRIOR-KIT-GOOGLE.jpg","contentUrl":"https:\/\/magnetarmagnets.com\/wp-content\/uploads\/2021\/10\/MAGNETAR-WARRIOR-KIT-GOOGLE.jpg","width":1500,"height":1500,"caption":"MAGNETAR-WARRIOR-KIT"},{"@type":"BreadcrumbList","@id":"https:\/\/magnetarmagnets.com\/it\/shop\/pacchetto-warrior-due-magneti-da-pesca-terror-beast-allround-360\/#breadcrumb","itemListElement":[{"@type":"ListItem","position":1,"name":"Home","item":"https:\/\/magnetarmagnets.com\/it\/"},{"@type":"ListItem","position":2,"name":"negozio","item":"https:\/\/magnetarmagnets.com\/negozio\/"},{"@type":"ListItem","position":3,"name":"Magneti da Pesca","item":"https:\/\/magnetarmagnets.com\/it\/collections\/magneti-da-pesca\/"},{"@type":"ListItem","position":4,"name":"Magneti da Pesca 360\u00b0 Allround","item":"https:\/\/magnetarmagnets.com\/it\/collections\/magneti-da-pesca\/magneti-da-pesca-360-allround\/"},{"@type":"ListItem","position":5,"name":"Pacchetto Warrior &#8211; due magneti da pesca Terror + Beast &#8211; Allround 360\u00b0"}]},{"@type":"WebSite","@id":"https:\/\/magnetarmagnets.com\/it\/#website","url":"https:\/\/magnetarmagnets.com\/it\/","name":"Magnet fishing with a Magnetar fishing magnet","description":"Magneti potenti per la pesca magnetica","publisher":{"@id":"https:\/\/magnetarmagnets.com\/it\/#organization"},"potentialAction":[{"@type":"SearchAction","target":{"@type":"EntryPoint","urlTemplate":"https:\/\/magnetarmagnets.com\/it\/?s={search_term_string}"},"query-input":{"@type":"PropertyValueSpecification","valueRequired":true,"valueName":"search_term_string"}}],"inLanguage":"it-IT"},{"@type":"Organization","@id":"https:\/\/magnetarmagnets.com\/it\/#organization","name":"Magnetar","url":"https:\/\/magnetarmagnets.com\/it\/","logo":{"@type":"ImageObject","inLanguage":"it-IT","@id":"https:\/\/magnetarmagnets.com\/it\/#\/schema\/logo\/image\/","url":"https:\/\/magnetarmagnets.com\/wp-content\/uploads\/2025\/05\/Logo-03_PNG-Black-scaled.png","contentUrl":"https:\/\/magnetarmagnets.com\/wp-content\/uploads\/2025\/05\/Logo-03_PNG-Black-scaled.png","width":2560,"height":1658,"caption":"Magnetar"},"image":{"@id":"https:\/\/magnetarmagnets.com\/it\/#\/schema\/logo\/image\/"},"sameAs":["https:\/\/www.facebook.com\/fishingmagnets\/","https:\/\/www.instagram.com\/magnetar_magnets\/","https:\/\/www.linkedin.com\/company\/magnetarbv\/?originalSubdomain=nl","https:\/\/www.youtube.com\/c\/MagnetarVismagneet"]}]}},"_links":{"self":[{"href":"https:\/\/magnetarmagnets.com\/it\/wp-json\/wp\/v2\/product\/81792","targetHints":{"allow":["GET"]}}],"collection":[{"href":"https:\/\/magnetarmagnets.com\/it\/wp-json\/wp\/v2\/product"}],"about":[{"href":"https:\/\/magnetarmagnets.com\/it\/wp-json\/wp\/v2\/types\/product"}],"replies":[{"embeddable":true,"href":"https:\/\/magnetarmagnets.com\/it\/wp-json\/wp\/v2\/comments?post=81792"}],"version-history":[{"count":0,"href":"https:\/\/magnetarmagnets.com\/it\/wp-json\/wp\/v2\/product\/81792\/revisions"}],"wp:featuredmedia":[{"embeddable":true,"href":"https:\/\/magnetarmagnets.com\/it\/wp-json\/wp\/v2\/media\/72591"}],"wp:attachment":[{"href":"https:\/\/magnetarmagnets.com\/it\/wp-json\/wp\/v2\/media?parent=81792"}],"wp:term":[{"taxonomy":"product_brand","embeddable":true,"href":"https:\/\/magnetarmagnets.com\/it\/wp-json\/wp\/v2\/product_brand?post=81792"},{"taxonomy":"product_cat","embeddable":true,"href":"https:\/\/magnetarmagnets.com\/it\/wp-json\/wp\/v2\/product_cat?post=81792"},{"taxonomy":"product_tag","embeddable":true,"href":"https:\/\/magnetarmagnets.com\/it\/wp-json\/wp\/v2\/product_tag?post=81792"}],"curies":[{"name":"wp","href":"https:\/\/api.w.org\/{rel}","templated":true}]}}