{"id":81791,"date":"2025-06-05T09:54:38","date_gmt":"2025-06-05T07:54:38","guid":{"rendered":"https:\/\/magnetarmagnets.com\/?post_type=product&#038;p=81791"},"modified":"2026-04-22T06:19:10","modified_gmt":"2026-04-22T04:19:10","slug":"pacchetto-pro-magnete-da-pesca-hardcore-allround-360-600-kg","status":"publish","type":"product","link":"https:\/\/magnetarmagnets.com\/it\/shop\/pacchetto-pro-magnete-da-pesca-hardcore-allround-360-600-kg\/","title":{"rendered":"Pacchetto Pro magnete da pesca &#8211; Hardcore Allround 360\u00b0 600 kg"},"content":{"rendered":"<b>Sei un esperto di pesca con magnete? <\/b>O vuoi diventarlo? Il nostro Pacchetto Pro \u00e8 la scelta ideale e include tutto il necessario per iniziare (e approfittare dello sconto bundle!). Questo pacchetto comprende il nostro bestseller: il magnete da pesca neodimio Hardcore Allround 360\u00b0. Include inoltre una robusta corda da 8 mm di diametro con moschettone, un paio di guanti impermeabili, una copertura protettiva Hardcore, colla e un grande <a href=\"https:\/\/magnetarmagnets.com\/shop\/stainless-steel-hook-for-magnet-fishing\/\" target=\"_blank\" rel=\"noopener\">gancio in acciaio inossidabile per pesca con magnete<\/a>. Vuoi fare un salto di livello? Dai un\u2019occhiata al nostro <a href=\"https:\/\/magnetarmagnets.com\/shop\/expert-package\/\" target=\"_blank\" rel=\"noopener\">Pacchetto Expert!<\/a>\r\n<h2><b>Il magnete da pesca neodimio Hardcore<\/b><\/h2>\r\n<span style=\"font-weight: 400;\">Il nostro magnete neodimio Allround 360\u00b0 offre un\u2019enorme forza di attrazione! \u00c8 uno dei magneti da pesca pi\u00f9 potenti e con il miglior rapporto qualit\u00e0-prezzo sul mercato.<\/span><b> Con una forza di attrazione di 14 cm intorno al magnete<\/b><span style=\"font-weight: 400;\">, l\u2019attrazione a lunga distanza ti d\u00e0 maggiori possibilit\u00e0 di recuperare tesori pi\u00f9 grandi e preziosi. Molti appassionati di pesca con magnete elogiano l\u2019Hardcore Allround per i suoi efficaci risultati \u2013 scopri cosa dicono i professionisti su <\/span><a href=\"https:\/\/www.youtube.com\/watch?v=1izvqgYbtd8\" target=\"_blank\" rel=\"noopener\"><span style=\"font-weight: 400;\">YouTube<\/span><\/a><span style=\"font-weight: 400;\">! Il magnete da pesca Allround Hardcore \u00e8 perfetto per chi vuole potenziare un <a href=\"https:\/\/magnetarmagnets.com\/collections\/fishing-magnets\/single-sided-classic\/\" target=\"_blank\" rel=\"noopener\">magnete da pesca monofacciale<\/a> o bifacciale con una forza di trazione ancora maggiore.<\/span>\r\n<h2><b>Sei pronto a diventare Hardcore?<\/b><\/h2>\r\n<span style=\"font-weight: 400;\">Diventa un pescatore con magnete Hardcore! Il nome dice tutto: questo magnete \u00e8 potentissimo! L\u2019Hardcore si attacca agli oggetti da qualsiasi lato, penetra il fango e non resta incastrato facilmente tra le rocce. Non \u00e8 n\u00e9 troppo pesante n\u00e9 troppo leggero: puoi lanciarlo per ore senza problemi.<\/span>\r\n\r\n<span style=\"font-weight: 400;\">L\u2019Hardcore \u00e8 diventato uno dei nostri best seller e il preferito dai magnetisti pi\u00f9 esperti. \u00c8 realizzato in Neodimio puro al 100% \u2013 il pi\u00f9 potente dei magneti permanenti, in grado di sollevare pi\u00f9 di qualsiasi altro materiale della stessa misura. Questo aumenta l\u2019attrazione complessiva da ogni direzione.<\/span>\r\n<h2><b>Evoluzione del magnete<\/b><\/h2>\r\nMolti <a href=\"https:\/\/magnetarmagnets.com\/\" target=\"_blank\" rel=\"noopener\">magneti da pesca<\/a> hanno forza di attrazione su un solo lato. Magnetar \u00e8 stata la prima azienda a trasformare il classico magnete monofacciale in un <a href=\"https:\/\/magnetarmagnets.com\/double-sided-fishing-magnet\/\" target=\"_blank\" rel=\"noopener\">magnete da pesca bifacciale<\/a>. Nel 2016 abbiamo sviluppato l\u2019Allround 360\u00b0. Da allora, pescatori con magnete in tutta Europa si affidano ai nostri magneti 100% Neodimio, rendendoci il fornitore n.1 in Europa.\r\n<h2><strong>Potente forza di trazione a 360\u00b0<\/strong><\/h2>\r\n<span style=\"font-weight: 400;\">L\u2019Hardcore \u00e8 uno dei magneti pi\u00f9 potenti che offriamo. La forza di trazione di un magnete monofacciale non pu\u00f2 competere con un vero magnete neodimio 360\u00b0. Il rivestimento in acciaio del monofacciale concentra la forza in una sola direzione, mentre il nostro magnete Allround 360\u00b0 attira oggetti da ogni lato. Curioso di vedere come misuriamo la forza di trazione?<\/span><a href=\"https:\/\/www.youtube.com\/watch?v=2McW3RURDxs\" target=\"_blank\" rel=\"noopener\"><span style=\"font-weight: 400;\">Guarda il nostro video sulle misurazioni<\/span><\/a><span style=\"font-weight: 400;\">.<\/span>","protected":false},"excerpt":{"rendered":"<p><span style=\"font-weight: 400;\">Inizia subito con uno <strong>sconto bundle<\/strong> e con il <strong>magnete da pesca Hardcore 360\u00b0 originale<\/strong>.<\/span><\/p>\n","protected":false},"featured_media":74020,"comment_status":"open","ping_status":"closed","template":"","meta":{"_acf_changed":false,"inline_featured_image":false},"product_brand":[],"product_cat":[480,473,476,481,482,1006],"product_tag":[],"class_list":{"0":"post-81791","1":"product","2":"type-product","3":"status-publish","4":"has-post-thumbnail","6":"product_cat-kit-per-la-pesca-magnetica","7":"product_cat-magneti-da-pesca","8":"product_cat-magneti-da-pesca-360-allround","9":"product_cat-per-avventurieri-esperti","10":"product_cat-per-principianti-e-bambini","11":"product_cat-tutti-i-prodotti","13":"first","14":"instock","15":"sale","16":"taxable","17":"shipping-taxable","18":"purchasable","19":"product-type-simple"},"acf":[],"yoast_head":"<!-- This site is optimized with the Yoast SEO plugin v27.4 - https:\/\/yoast.com\/product\/yoast-seo-wordpress\/ -->\n<title>Pacchetto Pro magnete da pesca - Hardcore Allround 360\u00b0 600 kg - Magnet fishing with a Magnetar fishing magnet<\/title>\n<meta name=\"description\" content=\"Pacchetto Pro - Hardcore 600 kg - Magnetar\" \/>\n<meta name=\"robots\" content=\"index, follow, max-snippet:-1, max-image-preview:large, max-video-preview:-1\" \/>\n<link rel=\"canonical\" href=\"https:\/\/magnetarmagnets.com\/it\/shop\/pacchetto-pro-magnete-da-pesca-hardcore-allround-360-600-kg\/\" \/>\n<meta property=\"og:locale\" content=\"it_IT\" \/>\n<meta property=\"og:type\" content=\"article\" \/>\n<meta property=\"og:title\" content=\"Pacchetto Pro magnete da pesca - Hardcore Allround 360\u00b0 600 kg - Magnet fishing with a Magnetar fishing magnet\" \/>\n<meta property=\"og:description\" content=\"Pacchetto Pro - Hardcore 600 kg - Magnetar\" \/>\n<meta property=\"og:url\" content=\"https:\/\/magnetarmagnets.com\/it\/shop\/pacchetto-pro-magnete-da-pesca-hardcore-allround-360-600-kg\/\" \/>\n<meta property=\"og:site_name\" content=\"Magnet fishing with a Magnetar fishing magnet\" \/>\n<meta property=\"article:publisher\" content=\"https:\/\/www.facebook.com\/fishingmagnets\/\" \/>\n<meta property=\"article:modified_time\" content=\"2026-04-22T04:19:10+00:00\" \/>\n<meta property=\"og:image\" content=\"https:\/\/magnetarmagnets.com\/wp-content\/uploads\/2019\/11\/pro-pakket.jpg\" \/>\n\t<meta property=\"og:image:width\" content=\"1500\" \/>\n\t<meta property=\"og:image:height\" content=\"1500\" \/>\n\t<meta property=\"og:image:type\" content=\"image\/jpeg\" \/>\n<meta name=\"twitter:card\" content=\"summary_large_image\" \/>\n<meta name=\"twitter:label1\" content=\"Tempo di lettura stimato\" \/>\n\t<meta name=\"twitter:data1\" content=\"3 minuti\" \/>\n<script type=\"application\/ld+json\" class=\"yoast-schema-graph\">{\"@context\":\"https:\\\/\\\/schema.org\",\"@graph\":[{\"@type\":[\"WebPage\",\"ItemPage\"],\"@id\":\"https:\\\/\\\/magnetarmagnets.com\\\/it\\\/shop\\\/pacchetto-pro-magnete-da-pesca-hardcore-allround-360-600-kg\\\/\",\"url\":\"https:\\\/\\\/magnetarmagnets.com\\\/it\\\/shop\\\/pacchetto-pro-magnete-da-pesca-hardcore-allround-360-600-kg\\\/\",\"name\":\"Pacchetto Pro magnete da pesca - Hardcore Allround 360\u00b0 600 kg - Magnet fishing with a Magnetar fishing magnet\",\"isPartOf\":{\"@id\":\"https:\\\/\\\/magnetarmagnets.com\\\/it\\\/#website\"},\"primaryImageOfPage\":{\"@id\":\"https:\\\/\\\/magnetarmagnets.com\\\/it\\\/shop\\\/pacchetto-pro-magnete-da-pesca-hardcore-allround-360-600-kg\\\/#primaryimage\"},\"image\":{\"@id\":\"https:\\\/\\\/magnetarmagnets.com\\\/it\\\/shop\\\/pacchetto-pro-magnete-da-pesca-hardcore-allround-360-600-kg\\\/#primaryimage\"},\"thumbnailUrl\":\"https:\\\/\\\/magnetarmagnets.com\\\/wp-content\\\/uploads\\\/2019\\\/11\\\/pro-pakket.jpg\",\"datePublished\":\"2025-06-05T07:54:38+00:00\",\"dateModified\":\"2026-04-22T04:19:10+00:00\",\"description\":\"Pacchetto Pro - Hardcore 600 kg - Magnetar\",\"breadcrumb\":{\"@id\":\"https:\\\/\\\/magnetarmagnets.com\\\/it\\\/shop\\\/pacchetto-pro-magnete-da-pesca-hardcore-allround-360-600-kg\\\/#breadcrumb\"},\"inLanguage\":\"it-IT\",\"potentialAction\":[{\"@type\":\"ReadAction\",\"target\":[\"https:\\\/\\\/magnetarmagnets.com\\\/it\\\/shop\\\/pacchetto-pro-magnete-da-pesca-hardcore-allround-360-600-kg\\\/\"]}]},{\"@type\":\"ImageObject\",\"inLanguage\":\"it-IT\",\"@id\":\"https:\\\/\\\/magnetarmagnets.com\\\/it\\\/shop\\\/pacchetto-pro-magnete-da-pesca-hardcore-allround-360-600-kg\\\/#primaryimage\",\"url\":\"https:\\\/\\\/magnetarmagnets.com\\\/wp-content\\\/uploads\\\/2019\\\/11\\\/pro-pakket.jpg\",\"contentUrl\":\"https:\\\/\\\/magnetarmagnets.com\\\/wp-content\\\/uploads\\\/2019\\\/11\\\/pro-pakket.jpg\",\"width\":1500,\"height\":1500,\"caption\":\"Pro Package for magnet fishing\"},{\"@type\":\"BreadcrumbList\",\"@id\":\"https:\\\/\\\/magnetarmagnets.com\\\/it\\\/shop\\\/pacchetto-pro-magnete-da-pesca-hardcore-allround-360-600-kg\\\/#breadcrumb\",\"itemListElement\":[{\"@type\":\"ListItem\",\"position\":1,\"name\":\"Home\",\"item\":\"https:\\\/\\\/magnetarmagnets.com\\\/it\\\/\"},{\"@type\":\"ListItem\",\"position\":2,\"name\":\"negozio\",\"item\":\"https:\\\/\\\/magnetarmagnets.com\\\/negozio\\\/\"},{\"@type\":\"ListItem\",\"position\":3,\"name\":\"Tutti i prodotti\",\"item\":\"https:\\\/\\\/magnetarmagnets.com\\\/it\\\/collections\\\/tutti-i-prodotti\\\/\"},{\"@type\":\"ListItem\",\"position\":4,\"name\":\"Pacchetto Pro magnete da pesca &#8211; Hardcore Allround 360\u00b0 600 kg\"}]},{\"@type\":\"WebSite\",\"@id\":\"https:\\\/\\\/magnetarmagnets.com\\\/it\\\/#website\",\"url\":\"https:\\\/\\\/magnetarmagnets.com\\\/it\\\/\",\"name\":\"Magnet fishing with a Magnetar fishing magnet\",\"description\":\"Magneti potenti per la pesca magnetica\",\"publisher\":{\"@id\":\"https:\\\/\\\/magnetarmagnets.com\\\/it\\\/#organization\"},\"potentialAction\":[{\"@type\":\"SearchAction\",\"target\":{\"@type\":\"EntryPoint\",\"urlTemplate\":\"https:\\\/\\\/magnetarmagnets.com\\\/it\\\/?s={search_term_string}\"},\"query-input\":{\"@type\":\"PropertyValueSpecification\",\"valueRequired\":true,\"valueName\":\"search_term_string\"}}],\"inLanguage\":\"it-IT\"},{\"@type\":\"Organization\",\"@id\":\"https:\\\/\\\/magnetarmagnets.com\\\/it\\\/#organization\",\"name\":\"Magnetar\",\"url\":\"https:\\\/\\\/magnetarmagnets.com\\\/it\\\/\",\"logo\":{\"@type\":\"ImageObject\",\"inLanguage\":\"it-IT\",\"@id\":\"https:\\\/\\\/magnetarmagnets.com\\\/it\\\/#\\\/schema\\\/logo\\\/image\\\/\",\"url\":\"https:\\\/\\\/magnetarmagnets.com\\\/wp-content\\\/uploads\\\/2025\\\/05\\\/Logo-03_PNG-Black-scaled.png\",\"contentUrl\":\"https:\\\/\\\/magnetarmagnets.com\\\/wp-content\\\/uploads\\\/2025\\\/05\\\/Logo-03_PNG-Black-scaled.png\",\"width\":2560,\"height\":1658,\"caption\":\"Magnetar\"},\"image\":{\"@id\":\"https:\\\/\\\/magnetarmagnets.com\\\/it\\\/#\\\/schema\\\/logo\\\/image\\\/\"},\"sameAs\":[\"https:\\\/\\\/www.facebook.com\\\/fishingmagnets\\\/\",\"https:\\\/\\\/www.instagram.com\\\/magnetar_magnets\\\/\",\"https:\\\/\\\/www.linkedin.com\\\/company\\\/magnetarbv\\\/?originalSubdomain=nl\",\"https:\\\/\\\/www.youtube.com\\\/c\\\/MagnetarVismagneet\"]}]}<\/script>\n<!-- \/ Yoast SEO plugin. -->","yoast_head_json":{"title":"Pacchetto Pro magnete da pesca - Hardcore Allround 360\u00b0 600 kg - Magnet fishing with a Magnetar fishing magnet","description":"Pacchetto Pro - Hardcore 600 kg - Magnetar","robots":{"index":"index","follow":"follow","max-snippet":"max-snippet:-1","max-image-preview":"max-image-preview:large","max-video-preview":"max-video-preview:-1"},"canonical":"https:\/\/magnetarmagnets.com\/it\/shop\/pacchetto-pro-magnete-da-pesca-hardcore-allround-360-600-kg\/","og_locale":"it_IT","og_type":"article","og_title":"Pacchetto Pro magnete da pesca - Hardcore Allround 360\u00b0 600 kg - Magnet fishing with a Magnetar fishing magnet","og_description":"Pacchetto Pro - Hardcore 600 kg - Magnetar","og_url":"https:\/\/magnetarmagnets.com\/it\/shop\/pacchetto-pro-magnete-da-pesca-hardcore-allround-360-600-kg\/","og_site_name":"Magnet fishing with a Magnetar fishing magnet","article_publisher":"https:\/\/www.facebook.com\/fishingmagnets\/","article_modified_time":"2026-04-22T04:19:10+00:00","og_image":[{"width":1500,"height":1500,"url":"https:\/\/magnetarmagnets.com\/wp-content\/uploads\/2019\/11\/pro-pakket.jpg","type":"image\/jpeg"}],"twitter_card":"summary_large_image","twitter_misc":{"Tempo di lettura stimato":"3 minuti"},"schema":{"@context":"https:\/\/schema.org","@graph":[{"@type":["WebPage","ItemPage"],"@id":"https:\/\/magnetarmagnets.com\/it\/shop\/pacchetto-pro-magnete-da-pesca-hardcore-allround-360-600-kg\/","url":"https:\/\/magnetarmagnets.com\/it\/shop\/pacchetto-pro-magnete-da-pesca-hardcore-allround-360-600-kg\/","name":"Pacchetto Pro magnete da pesca - Hardcore Allround 360\u00b0 600 kg - Magnet fishing with a Magnetar fishing magnet","isPartOf":{"@id":"https:\/\/magnetarmagnets.com\/it\/#website"},"primaryImageOfPage":{"@id":"https:\/\/magnetarmagnets.com\/it\/shop\/pacchetto-pro-magnete-da-pesca-hardcore-allround-360-600-kg\/#primaryimage"},"image":{"@id":"https:\/\/magnetarmagnets.com\/it\/shop\/pacchetto-pro-magnete-da-pesca-hardcore-allround-360-600-kg\/#primaryimage"},"thumbnailUrl":"https:\/\/magnetarmagnets.com\/wp-content\/uploads\/2019\/11\/pro-pakket.jpg","datePublished":"2025-06-05T07:54:38+00:00","dateModified":"2026-04-22T04:19:10+00:00","description":"Pacchetto Pro - Hardcore 600 kg - Magnetar","breadcrumb":{"@id":"https:\/\/magnetarmagnets.com\/it\/shop\/pacchetto-pro-magnete-da-pesca-hardcore-allround-360-600-kg\/#breadcrumb"},"inLanguage":"it-IT","potentialAction":[{"@type":"ReadAction","target":["https:\/\/magnetarmagnets.com\/it\/shop\/pacchetto-pro-magnete-da-pesca-hardcore-allround-360-600-kg\/"]}]},{"@type":"ImageObject","inLanguage":"it-IT","@id":"https:\/\/magnetarmagnets.com\/it\/shop\/pacchetto-pro-magnete-da-pesca-hardcore-allround-360-600-kg\/#primaryimage","url":"https:\/\/magnetarmagnets.com\/wp-content\/uploads\/2019\/11\/pro-pakket.jpg","contentUrl":"https:\/\/magnetarmagnets.com\/wp-content\/uploads\/2019\/11\/pro-pakket.jpg","width":1500,"height":1500,"caption":"Pro Package for magnet fishing"},{"@type":"BreadcrumbList","@id":"https:\/\/magnetarmagnets.com\/it\/shop\/pacchetto-pro-magnete-da-pesca-hardcore-allround-360-600-kg\/#breadcrumb","itemListElement":[{"@type":"ListItem","position":1,"name":"Home","item":"https:\/\/magnetarmagnets.com\/it\/"},{"@type":"ListItem","position":2,"name":"negozio","item":"https:\/\/magnetarmagnets.com\/negozio\/"},{"@type":"ListItem","position":3,"name":"Tutti i prodotti","item":"https:\/\/magnetarmagnets.com\/it\/collections\/tutti-i-prodotti\/"},{"@type":"ListItem","position":4,"name":"Pacchetto Pro magnete da pesca &#8211; Hardcore Allround 360\u00b0 600 kg"}]},{"@type":"WebSite","@id":"https:\/\/magnetarmagnets.com\/it\/#website","url":"https:\/\/magnetarmagnets.com\/it\/","name":"Magnet fishing with a Magnetar fishing magnet","description":"Magneti potenti per la pesca magnetica","publisher":{"@id":"https:\/\/magnetarmagnets.com\/it\/#organization"},"potentialAction":[{"@type":"SearchAction","target":{"@type":"EntryPoint","urlTemplate":"https:\/\/magnetarmagnets.com\/it\/?s={search_term_string}"},"query-input":{"@type":"PropertyValueSpecification","valueRequired":true,"valueName":"search_term_string"}}],"inLanguage":"it-IT"},{"@type":"Organization","@id":"https:\/\/magnetarmagnets.com\/it\/#organization","name":"Magnetar","url":"https:\/\/magnetarmagnets.com\/it\/","logo":{"@type":"ImageObject","inLanguage":"it-IT","@id":"https:\/\/magnetarmagnets.com\/it\/#\/schema\/logo\/image\/","url":"https:\/\/magnetarmagnets.com\/wp-content\/uploads\/2025\/05\/Logo-03_PNG-Black-scaled.png","contentUrl":"https:\/\/magnetarmagnets.com\/wp-content\/uploads\/2025\/05\/Logo-03_PNG-Black-scaled.png","width":2560,"height":1658,"caption":"Magnetar"},"image":{"@id":"https:\/\/magnetarmagnets.com\/it\/#\/schema\/logo\/image\/"},"sameAs":["https:\/\/www.facebook.com\/fishingmagnets\/","https:\/\/www.instagram.com\/magnetar_magnets\/","https:\/\/www.linkedin.com\/company\/magnetarbv\/?originalSubdomain=nl","https:\/\/www.youtube.com\/c\/MagnetarVismagneet"]}]}},"_links":{"self":[{"href":"https:\/\/magnetarmagnets.com\/it\/wp-json\/wp\/v2\/product\/81791","targetHints":{"allow":["GET"]}}],"collection":[{"href":"https:\/\/magnetarmagnets.com\/it\/wp-json\/wp\/v2\/product"}],"about":[{"href":"https:\/\/magnetarmagnets.com\/it\/wp-json\/wp\/v2\/types\/product"}],"replies":[{"embeddable":true,"href":"https:\/\/magnetarmagnets.com\/it\/wp-json\/wp\/v2\/comments?post=81791"}],"version-history":[{"count":1,"href":"https:\/\/magnetarmagnets.com\/it\/wp-json\/wp\/v2\/product\/81791\/revisions"}],"predecessor-version":[{"id":94701,"href":"https:\/\/magnetarmagnets.com\/it\/wp-json\/wp\/v2\/product\/81791\/revisions\/94701"}],"wp:featuredmedia":[{"embeddable":true,"href":"https:\/\/magnetarmagnets.com\/it\/wp-json\/wp\/v2\/media\/74020"}],"wp:attachment":[{"href":"https:\/\/magnetarmagnets.com\/it\/wp-json\/wp\/v2\/media?parent=81791"}],"wp:term":[{"taxonomy":"product_brand","embeddable":true,"href":"https:\/\/magnetarmagnets.com\/it\/wp-json\/wp\/v2\/product_brand?post=81791"},{"taxonomy":"product_cat","embeddable":true,"href":"https:\/\/magnetarmagnets.com\/it\/wp-json\/wp\/v2\/product_cat?post=81791"},{"taxonomy":"product_tag","embeddable":true,"href":"https:\/\/magnetarmagnets.com\/it\/wp-json\/wp\/v2\/product_tag?post=81791"}],"curies":[{"name":"wp","href":"https:\/\/api.w.org\/{rel}","templated":true}]}}