{"id":81790,"date":"2025-06-05T09:54:38","date_gmt":"2025-06-05T07:54:38","guid":{"rendered":"https:\/\/magnetarmagnets.com\/?post_type=product&#038;p=81790"},"modified":"2026-05-11T21:28:52","modified_gmt":"2026-05-11T19:28:52","slug":"pacchetto-expert-magnete-da-pesca-terror-allround-360-1000-kg","status":"publish","type":"product","link":"https:\/\/magnetarmagnets.com\/it\/shop\/pacchetto-expert-magnete-da-pesca-terror-allround-360-1000-kg\/","title":{"rendered":"Pacchetto Expert &#8211; Magnete da pesca Terror Allround 360\u00b0 &#8211; 1000 kg"},"content":{"rendered":"Sei un magnete neodimio pesca esperto? O stai cercando l&#8217;attrezzatura perfetta come principiante? Il Pacchetto Expert \u00e8 la soluzione ideale. Questo pacchetto include il nostro magnete da pesca Terror Allround 360\u00b0. Include inoltre una corda robusta da 8 mm di diametro con moschettone, un paio di guanti impermeabili, una copertura protettiva per il Terror, colla e un grande amo in acciaio inox. Vuoi una vera potenza? Con questo kit sei pronto per la pesca con magnete! Vuoi migliorare ancora? Scopri il nostro <a href=\"https:\/\/magnetarmagnets.com\/shop\/legend-package\/\" target=\"_blank\" rel=\"noopener\">Pacchetto Legend!<\/a>\r\n<h2><b>Il magnete neodimio pesca Terror<\/b><\/h2>\r\nAbbiamo sviluppato il magnete da pesca Terror dopo il successo del nostro magnete Hardcore. Il magnete Terror offre ancora pi\u00f9 opportunit\u00e0 di recupero grazie a un\u2019estesa forza magnetica fino a 1000 kg (2200 lbs). Questo aumenta notevolmente la possibilit\u00e0 di catturare tesori pi\u00f9 grandi e pregiati. Il magnete \u00e8 inoltre pi\u00f9 pesante, il che gli permette di affondare pi\u00f9 in profondit\u00e0 nel fango e raggiungere oggetti nascosti e sommersi. Come tutti i nostri magneti, il Terror \u00e8 un magnete da pesca 100% Neodimio con potenza di trazione su tutti i lati.\r\n<h2><b>Sei pronto per il Terror?<\/b><\/h2>\r\nIl nome dice tutto: questo magnete \u00e8 estremamente potente! Il magnete da pesca Terror afferra gli oggetti da qualsiasi lato, attraversa il fango e non si incaglia facilmente sulle rocce. Abbastanza pesante da affondare in melma o limo, abbastanza leggero da lanciarlo in acqua, puoi lanciare questo magnete per ore senza problemi. Nella sua categoria di peso \u00e8 lanciabile e pu\u00f2 raggiungere il fondo di canali e fiumi fangosi nonostante l&#8217;eventuale corrente.\r\n\r\nIl Terror \u00e8 pensato per pescatori con esperienza che vogliono ottenere un ritorno dal loro investimento nel magnete. \u00c8 perfetto per recuperare tesori leggeri ma anche pesanti come casseforti, armi di grandi dimensioni, parti di auto, scooter, ebike.\r\n<h2><b>Evoluzione del magnete<\/b><\/h2>\r\nMolti <a href=\"https:\/\/magnetarmagnets.com\/\" target=\"_blank\" rel=\"noopener\">magneti da pesca<\/a> hanno forza attrattiva solo su un lato. Questo magnete a lato singolo \u00e8 il classico magnete da pesca. Magnetar \u00e8 stata la prima azienda a riprogettare questo magnete classico in un magnete a doppio lato. Poi, nel 2016, Magnetar ha sviluppato il magnete allround con attrazione magnetica a 360\u00b0. I pescatori con magnete in tutta Europa sono stati attratti dai nostri magneti 100% Neodimio, rendendoci il fornitore numero 1 in Europa. I nostri magneti sono prodotti con la massima qualit\u00e0, progettazione e cura da un piccolo team di appassionati di pesca con magnete. I nostri clienti tornano perch\u00e9 sanno che con Magnetar otterranno pi\u00f9 di un magnete: cattureranno tesori.\r\n<h2><b>Potente forza di trazione a 360\u00b0<\/b><\/h2>\r\nIl magnete Terror \u00e8 uno dei magneti pi\u00f9 potenti che offriamo, con una forza di trazione fino a 1000 kg (2200 lbs). La forza di trazione del Terror \u00e8 intensa e capace di attirare oggetti da tutto l&#8217;ambiente circostante, a differenza di un magnete a lato singolo racchiuso in una copertura di acciaio che concentra la forza in una sola direzione. Vuoi sapere come misuriamo la forza di trazione? <a href=\"https:\/\/www.youtube.com\/watch?v=2McW3RURDxs\" target=\"_blank\" rel=\"noopener\">Guarda il nostro video sulle misurazioni della forza di trazione<\/a>.","protected":false},"excerpt":{"rendered":"<p><span style=\"font-weight: 400;\">Completa la tua attrezzatura con il magnete Terror 360\u00b0 e gli accessori. <strong>Risultati comprovati<\/strong>!<\/span><\/p>\n","protected":false},"featured_media":72563,"comment_status":"open","ping_status":"closed","template":"","meta":{"_acf_changed":false,"inline_featured_image":false},"product_brand":[],"product_cat":[480,473,476,481,483,1006],"product_tag":[],"class_list":{"0":"post-81790","1":"product","2":"type-product","3":"status-publish","4":"has-post-thumbnail","6":"product_cat-kit-per-la-pesca-magnetica","7":"product_cat-magneti-da-pesca","8":"product_cat-magneti-da-pesca-360-allround","9":"product_cat-per-avventurieri-esperti","10":"product_cat-per-professionisti","11":"product_cat-tutti-i-prodotti","13":"first","14":"instock","15":"sale","16":"taxable","17":"shipping-taxable","18":"purchasable","19":"product-type-simple"},"acf":[],"yoast_head":"<!-- This site is optimized with the Yoast SEO plugin v27.5 - https:\/\/yoast.com\/product\/yoast-seo-wordpress\/ -->\n<title>Pacchetto Expert - Magnete da pesca Terror Allround 360\u00b0 - 1000 kg - Magnet fishing with a Magnetar fishing magnet<\/title>\n<meta name=\"description\" content=\"Pacchetto Expert - 1000 Kg Terror - Magnetar\" \/>\n<meta name=\"robots\" content=\"index, follow, max-snippet:-1, max-image-preview:large, max-video-preview:-1\" \/>\n<link rel=\"canonical\" href=\"https:\/\/magnetarmagnets.com\/it\/shop\/pacchetto-expert-magnete-da-pesca-terror-allround-360-1000-kg\/\" \/>\n<meta property=\"og:locale\" content=\"it_IT\" \/>\n<meta property=\"og:type\" content=\"article\" \/>\n<meta property=\"og:title\" content=\"Pacchetto Expert - Magnete da pesca Terror Allround 360\u00b0 - 1000 kg - Magnet fishing with a Magnetar fishing magnet\" \/>\n<meta property=\"og:description\" content=\"Pacchetto Expert - 1000 Kg Terror - Magnetar\" \/>\n<meta property=\"og:url\" content=\"https:\/\/magnetarmagnets.com\/it\/shop\/pacchetto-expert-magnete-da-pesca-terror-allround-360-1000-kg\/\" \/>\n<meta property=\"og:site_name\" content=\"Magnet fishing with a Magnetar fishing magnet\" \/>\n<meta property=\"article:publisher\" content=\"https:\/\/www.facebook.com\/fishingmagnets\/\" \/>\n<meta property=\"article:modified_time\" content=\"2026-05-11T19:28:52+00:00\" \/>\n<meta property=\"og:image\" content=\"https:\/\/magnetarmagnets.com\/wp-content\/uploads\/2021\/10\/MAGNETAR-EXPERT-KIT-GOOGLE.jpg\" \/>\n\t<meta property=\"og:image:width\" content=\"1500\" \/>\n\t<meta property=\"og:image:height\" content=\"1500\" \/>\n\t<meta property=\"og:image:type\" content=\"image\/jpeg\" \/>\n<meta name=\"twitter:card\" content=\"summary_large_image\" \/>\n<meta name=\"twitter:label1\" content=\"Tempo di lettura stimato\" \/>\n\t<meta name=\"twitter:data1\" content=\"3 minuti\" \/>\n<script type=\"application\/ld+json\" class=\"yoast-schema-graph\">{\"@context\":\"https:\\\/\\\/schema.org\",\"@graph\":[{\"@type\":[\"WebPage\",\"ItemPage\"],\"@id\":\"https:\\\/\\\/magnetarmagnets.com\\\/it\\\/shop\\\/pacchetto-expert-magnete-da-pesca-terror-allround-360-1000-kg\\\/\",\"url\":\"https:\\\/\\\/magnetarmagnets.com\\\/it\\\/shop\\\/pacchetto-expert-magnete-da-pesca-terror-allround-360-1000-kg\\\/\",\"name\":\"Pacchetto Expert - Magnete da pesca Terror Allround 360\u00b0 - 1000 kg - Magnet fishing with a Magnetar fishing magnet\",\"isPartOf\":{\"@id\":\"https:\\\/\\\/magnetarmagnets.com\\\/it\\\/#website\"},\"primaryImageOfPage\":{\"@id\":\"https:\\\/\\\/magnetarmagnets.com\\\/it\\\/shop\\\/pacchetto-expert-magnete-da-pesca-terror-allround-360-1000-kg\\\/#primaryimage\"},\"image\":{\"@id\":\"https:\\\/\\\/magnetarmagnets.com\\\/it\\\/shop\\\/pacchetto-expert-magnete-da-pesca-terror-allround-360-1000-kg\\\/#primaryimage\"},\"thumbnailUrl\":\"https:\\\/\\\/magnetarmagnets.com\\\/wp-content\\\/uploads\\\/2021\\\/10\\\/MAGNETAR-EXPERT-KIT-GOOGLE.jpg\",\"datePublished\":\"2025-06-05T07:54:38+00:00\",\"dateModified\":\"2026-05-11T19:28:52+00:00\",\"description\":\"Pacchetto Expert - 1000 Kg Terror - Magnetar\",\"breadcrumb\":{\"@id\":\"https:\\\/\\\/magnetarmagnets.com\\\/it\\\/shop\\\/pacchetto-expert-magnete-da-pesca-terror-allround-360-1000-kg\\\/#breadcrumb\"},\"inLanguage\":\"it-IT\",\"potentialAction\":[{\"@type\":\"ReadAction\",\"target\":[\"https:\\\/\\\/magnetarmagnets.com\\\/it\\\/shop\\\/pacchetto-expert-magnete-da-pesca-terror-allround-360-1000-kg\\\/\"]}]},{\"@type\":\"ImageObject\",\"inLanguage\":\"it-IT\",\"@id\":\"https:\\\/\\\/magnetarmagnets.com\\\/it\\\/shop\\\/pacchetto-expert-magnete-da-pesca-terror-allround-360-1000-kg\\\/#primaryimage\",\"url\":\"https:\\\/\\\/magnetarmagnets.com\\\/wp-content\\\/uploads\\\/2021\\\/10\\\/MAGNETAR-EXPERT-KIT-GOOGLE.jpg\",\"contentUrl\":\"https:\\\/\\\/magnetarmagnets.com\\\/wp-content\\\/uploads\\\/2021\\\/10\\\/MAGNETAR-EXPERT-KIT-GOOGLE.jpg\",\"width\":1500,\"height\":1500,\"caption\":\"MAGNETAR-EXPERT-KIT\"},{\"@type\":\"BreadcrumbList\",\"@id\":\"https:\\\/\\\/magnetarmagnets.com\\\/it\\\/shop\\\/pacchetto-expert-magnete-da-pesca-terror-allround-360-1000-kg\\\/#breadcrumb\",\"itemListElement\":[{\"@type\":\"ListItem\",\"position\":1,\"name\":\"Home\",\"item\":\"https:\\\/\\\/magnetarmagnets.com\\\/it\\\/\"},{\"@type\":\"ListItem\",\"position\":2,\"name\":\"negozio\",\"item\":\"https:\\\/\\\/magnetarmagnets.com\\\/negozio\\\/\"},{\"@type\":\"ListItem\",\"position\":3,\"name\":\"Magneti da Pesca\",\"item\":\"https:\\\/\\\/magnetarmagnets.com\\\/it\\\/collections\\\/magneti-da-pesca\\\/\"},{\"@type\":\"ListItem\",\"position\":4,\"name\":\"Kit per la Pesca Magnetica\",\"item\":\"https:\\\/\\\/magnetarmagnets.com\\\/it\\\/collections\\\/magneti-da-pesca\\\/kit-per-la-pesca-magnetica\\\/\"},{\"@type\":\"ListItem\",\"position\":5,\"name\":\"Pacchetto Expert &#8211; Magnete da pesca Terror Allround 360\u00b0 &#8211; 1000 kg\"}]},{\"@type\":\"WebSite\",\"@id\":\"https:\\\/\\\/magnetarmagnets.com\\\/it\\\/#website\",\"url\":\"https:\\\/\\\/magnetarmagnets.com\\\/it\\\/\",\"name\":\"Magnet fishing with a Magnetar fishing magnet\",\"description\":\"Magneti potenti per la pesca magnetica\",\"publisher\":{\"@id\":\"https:\\\/\\\/magnetarmagnets.com\\\/it\\\/#organization\"},\"potentialAction\":[{\"@type\":\"SearchAction\",\"target\":{\"@type\":\"EntryPoint\",\"urlTemplate\":\"https:\\\/\\\/magnetarmagnets.com\\\/it\\\/?s={search_term_string}\"},\"query-input\":{\"@type\":\"PropertyValueSpecification\",\"valueRequired\":true,\"valueName\":\"search_term_string\"}}],\"inLanguage\":\"it-IT\"},{\"@type\":\"Organization\",\"@id\":\"https:\\\/\\\/magnetarmagnets.com\\\/it\\\/#organization\",\"name\":\"Magnetar\",\"url\":\"https:\\\/\\\/magnetarmagnets.com\\\/it\\\/\",\"logo\":{\"@type\":\"ImageObject\",\"inLanguage\":\"it-IT\",\"@id\":\"https:\\\/\\\/magnetarmagnets.com\\\/it\\\/#\\\/schema\\\/logo\\\/image\\\/\",\"url\":\"https:\\\/\\\/magnetarmagnets.com\\\/wp-content\\\/uploads\\\/2025\\\/05\\\/Logo-03_PNG-Black-scaled.png\",\"contentUrl\":\"https:\\\/\\\/magnetarmagnets.com\\\/wp-content\\\/uploads\\\/2025\\\/05\\\/Logo-03_PNG-Black-scaled.png\",\"width\":2560,\"height\":1658,\"caption\":\"Magnetar\"},\"image\":{\"@id\":\"https:\\\/\\\/magnetarmagnets.com\\\/it\\\/#\\\/schema\\\/logo\\\/image\\\/\"},\"sameAs\":[\"https:\\\/\\\/www.facebook.com\\\/fishingmagnets\\\/\",\"https:\\\/\\\/www.instagram.com\\\/magnetar_magnets\\\/\",\"https:\\\/\\\/www.linkedin.com\\\/company\\\/magnetarbv\\\/?originalSubdomain=nl\",\"https:\\\/\\\/www.youtube.com\\\/c\\\/MagnetarVismagneet\"]}]}<\/script>\n<!-- \/ Yoast SEO plugin. -->","yoast_head_json":{"title":"Pacchetto Expert - Magnete da pesca Terror Allround 360\u00b0 - 1000 kg - Magnet fishing with a Magnetar fishing magnet","description":"Pacchetto Expert - 1000 Kg Terror - Magnetar","robots":{"index":"index","follow":"follow","max-snippet":"max-snippet:-1","max-image-preview":"max-image-preview:large","max-video-preview":"max-video-preview:-1"},"canonical":"https:\/\/magnetarmagnets.com\/it\/shop\/pacchetto-expert-magnete-da-pesca-terror-allround-360-1000-kg\/","og_locale":"it_IT","og_type":"article","og_title":"Pacchetto Expert - Magnete da pesca Terror Allround 360\u00b0 - 1000 kg - Magnet fishing with a Magnetar fishing magnet","og_description":"Pacchetto Expert - 1000 Kg Terror - Magnetar","og_url":"https:\/\/magnetarmagnets.com\/it\/shop\/pacchetto-expert-magnete-da-pesca-terror-allround-360-1000-kg\/","og_site_name":"Magnet fishing with a Magnetar fishing magnet","article_publisher":"https:\/\/www.facebook.com\/fishingmagnets\/","article_modified_time":"2026-05-11T19:28:52+00:00","og_image":[{"width":1500,"height":1500,"url":"https:\/\/magnetarmagnets.com\/wp-content\/uploads\/2021\/10\/MAGNETAR-EXPERT-KIT-GOOGLE.jpg","type":"image\/jpeg"}],"twitter_card":"summary_large_image","twitter_misc":{"Tempo di lettura stimato":"3 minuti"},"schema":{"@context":"https:\/\/schema.org","@graph":[{"@type":["WebPage","ItemPage"],"@id":"https:\/\/magnetarmagnets.com\/it\/shop\/pacchetto-expert-magnete-da-pesca-terror-allround-360-1000-kg\/","url":"https:\/\/magnetarmagnets.com\/it\/shop\/pacchetto-expert-magnete-da-pesca-terror-allround-360-1000-kg\/","name":"Pacchetto Expert - Magnete da pesca Terror Allround 360\u00b0 - 1000 kg - Magnet fishing with a Magnetar fishing magnet","isPartOf":{"@id":"https:\/\/magnetarmagnets.com\/it\/#website"},"primaryImageOfPage":{"@id":"https:\/\/magnetarmagnets.com\/it\/shop\/pacchetto-expert-magnete-da-pesca-terror-allround-360-1000-kg\/#primaryimage"},"image":{"@id":"https:\/\/magnetarmagnets.com\/it\/shop\/pacchetto-expert-magnete-da-pesca-terror-allround-360-1000-kg\/#primaryimage"},"thumbnailUrl":"https:\/\/magnetarmagnets.com\/wp-content\/uploads\/2021\/10\/MAGNETAR-EXPERT-KIT-GOOGLE.jpg","datePublished":"2025-06-05T07:54:38+00:00","dateModified":"2026-05-11T19:28:52+00:00","description":"Pacchetto Expert - 1000 Kg Terror - Magnetar","breadcrumb":{"@id":"https:\/\/magnetarmagnets.com\/it\/shop\/pacchetto-expert-magnete-da-pesca-terror-allround-360-1000-kg\/#breadcrumb"},"inLanguage":"it-IT","potentialAction":[{"@type":"ReadAction","target":["https:\/\/magnetarmagnets.com\/it\/shop\/pacchetto-expert-magnete-da-pesca-terror-allround-360-1000-kg\/"]}]},{"@type":"ImageObject","inLanguage":"it-IT","@id":"https:\/\/magnetarmagnets.com\/it\/shop\/pacchetto-expert-magnete-da-pesca-terror-allround-360-1000-kg\/#primaryimage","url":"https:\/\/magnetarmagnets.com\/wp-content\/uploads\/2021\/10\/MAGNETAR-EXPERT-KIT-GOOGLE.jpg","contentUrl":"https:\/\/magnetarmagnets.com\/wp-content\/uploads\/2021\/10\/MAGNETAR-EXPERT-KIT-GOOGLE.jpg","width":1500,"height":1500,"caption":"MAGNETAR-EXPERT-KIT"},{"@type":"BreadcrumbList","@id":"https:\/\/magnetarmagnets.com\/it\/shop\/pacchetto-expert-magnete-da-pesca-terror-allround-360-1000-kg\/#breadcrumb","itemListElement":[{"@type":"ListItem","position":1,"name":"Home","item":"https:\/\/magnetarmagnets.com\/it\/"},{"@type":"ListItem","position":2,"name":"negozio","item":"https:\/\/magnetarmagnets.com\/negozio\/"},{"@type":"ListItem","position":3,"name":"Magneti da Pesca","item":"https:\/\/magnetarmagnets.com\/it\/collections\/magneti-da-pesca\/"},{"@type":"ListItem","position":4,"name":"Kit per la Pesca Magnetica","item":"https:\/\/magnetarmagnets.com\/it\/collections\/magneti-da-pesca\/kit-per-la-pesca-magnetica\/"},{"@type":"ListItem","position":5,"name":"Pacchetto Expert &#8211; Magnete da pesca Terror Allround 360\u00b0 &#8211; 1000 kg"}]},{"@type":"WebSite","@id":"https:\/\/magnetarmagnets.com\/it\/#website","url":"https:\/\/magnetarmagnets.com\/it\/","name":"Magnet fishing with a Magnetar fishing magnet","description":"Magneti potenti per la pesca magnetica","publisher":{"@id":"https:\/\/magnetarmagnets.com\/it\/#organization"},"potentialAction":[{"@type":"SearchAction","target":{"@type":"EntryPoint","urlTemplate":"https:\/\/magnetarmagnets.com\/it\/?s={search_term_string}"},"query-input":{"@type":"PropertyValueSpecification","valueRequired":true,"valueName":"search_term_string"}}],"inLanguage":"it-IT"},{"@type":"Organization","@id":"https:\/\/magnetarmagnets.com\/it\/#organization","name":"Magnetar","url":"https:\/\/magnetarmagnets.com\/it\/","logo":{"@type":"ImageObject","inLanguage":"it-IT","@id":"https:\/\/magnetarmagnets.com\/it\/#\/schema\/logo\/image\/","url":"https:\/\/magnetarmagnets.com\/wp-content\/uploads\/2025\/05\/Logo-03_PNG-Black-scaled.png","contentUrl":"https:\/\/magnetarmagnets.com\/wp-content\/uploads\/2025\/05\/Logo-03_PNG-Black-scaled.png","width":2560,"height":1658,"caption":"Magnetar"},"image":{"@id":"https:\/\/magnetarmagnets.com\/it\/#\/schema\/logo\/image\/"},"sameAs":["https:\/\/www.facebook.com\/fishingmagnets\/","https:\/\/www.instagram.com\/magnetar_magnets\/","https:\/\/www.linkedin.com\/company\/magnetarbv\/?originalSubdomain=nl","https:\/\/www.youtube.com\/c\/MagnetarVismagneet"]}]}},"_links":{"self":[{"href":"https:\/\/magnetarmagnets.com\/it\/wp-json\/wp\/v2\/product\/81790","targetHints":{"allow":["GET"]}}],"collection":[{"href":"https:\/\/magnetarmagnets.com\/it\/wp-json\/wp\/v2\/product"}],"about":[{"href":"https:\/\/magnetarmagnets.com\/it\/wp-json\/wp\/v2\/types\/product"}],"replies":[{"embeddable":true,"href":"https:\/\/magnetarmagnets.com\/it\/wp-json\/wp\/v2\/comments?post=81790"}],"version-history":[{"count":0,"href":"https:\/\/magnetarmagnets.com\/it\/wp-json\/wp\/v2\/product\/81790\/revisions"}],"wp:featuredmedia":[{"embeddable":true,"href":"https:\/\/magnetarmagnets.com\/it\/wp-json\/wp\/v2\/media\/72563"}],"wp:attachment":[{"href":"https:\/\/magnetarmagnets.com\/it\/wp-json\/wp\/v2\/media?parent=81790"}],"wp:term":[{"taxonomy":"product_brand","embeddable":true,"href":"https:\/\/magnetarmagnets.com\/it\/wp-json\/wp\/v2\/product_brand?post=81790"},{"taxonomy":"product_cat","embeddable":true,"href":"https:\/\/magnetarmagnets.com\/it\/wp-json\/wp\/v2\/product_cat?post=81790"},{"taxonomy":"product_tag","embeddable":true,"href":"https:\/\/magnetarmagnets.com\/it\/wp-json\/wp\/v2\/product_tag?post=81790"}],"curies":[{"name":"wp","href":"https:\/\/api.w.org\/{rel}","templated":true}]}}