{"id":81789,"date":"2025-06-05T09:54:39","date_gmt":"2025-06-05T07:54:39","guid":{"rendered":"https:\/\/magnetarmagnets.com\/?post_type=product&#038;p=81789"},"modified":"2026-04-18T00:43:36","modified_gmt":"2026-04-17T22:43:36","slug":"pacchetto-starter-magnete-da-pesca-200-kg-monofacciale","status":"publish","type":"product","link":"https:\/\/magnetarmagnets.com\/it\/shop\/pacchetto-starter-magnete-da-pesca-200-kg-monofacciale\/","title":{"rendered":"Pacchetto Starter magnete da pesca &#8211; 200 kg &#8211; monofacciale"},"content":{"rendered":"Come iniziare con la pesca con magnete? Con lo Starter Package di Magnetar &#8211; 450 lb \/ 200 kg &#8211; monofacciale avrai il miglior inizio possibile. Questo pacchetto include il nostro Classic 200, un magnete monofacciale, e abbiamo aggiunto un rampino, una corda per pesca con magnete e colla metallica per completare il set. In questo modo sarai preparato per quasi tutto ci\u00f2 che potresti trovare sul lungomare.\r\n<h2>Starter Package &#8211; 450 lb \/ 200 kg &#8211; monofacciale<\/h2>\r\nIl <a href=\"https:\/\/magnetarmagnets.com\/shop\/classic-fishing-magnet-440lb-200kg\/\"><strong>Classic Fishing Magnet 440 lb \/ 200 kg<\/strong><\/a> \u00e8 il magnete perfetto per principianti e bambini. Grazie alla scocca in acciaio, il prodotto \u00e8 protetto da eventuali danni causati da cadute o urti. Per stare sempre al sicuro. Questo magnete monofacciale esercita forza magnetica solo da un lato. L\u2019intera forza magnetica \u00e8 concentrata in una direzione, rendendo questi magneti estremamente potenti nelle condizioni ideali.\r\n\r\nLa forza di trazione di 450 lb \/ 200 kg pu\u00f2 essere raggiunta solo quando le circostanze sono perfette. Ci\u00f2 avviene quando il magnete tocca una piastra di metallo non ossidata spessa 2 cm. La probabilit\u00e0 che ci\u00f2 accada durante la pesca con magnete non \u00e8 molto elevata. Vuoi sapere come viene determinata la forza di trazione di un magnete da pesca? Guarda il nostro video sul <a href=\"https:\/\/www.youtube.com\/watch?v=2McW3RURDxs&amp;t=14s\"><strong>magnetic pull test<\/strong><\/a> che utilizziamo.\r\n\r\nLa corda fornita \u00e8 progettata per la pesca con magnete. Questa corda \u00e8 dotata sia di un\u2019asola preformata sia di un moschettone, eliminando la necessit\u00e0 di nodi difficili. Una soluzione ideale per principianti e bambini! Inoltre, il pacchetto contiene un rampino per tirare fuori dall\u2019acqua oggetti non magnetici, pesanti o di grandi dimensioni. Infine, \u00e8 inclusa una boccetta di colla metallica. Questa viene utilizzata per mantenere saldamente collegati gli occhielli alla base del magnete.\r\n\r\nStai cercando un pacchetto completamente diverso con un magnete monofacciale pi\u00f9 potente? Dai un\u2019occhiata al nostro <a href=\"https:\/\/magnetarmagnets.com\/shop\/advanced-package\/\"><strong>Advanced Package<\/strong><\/a>. Oppure preferisci un magnete a 360\u00b0 tuttofare? Il nostro <a href=\"https:\/\/magnetarmagnets.com\/shop\/fishmagnet-package-pro\/\"><strong>Pro Package<\/strong><\/a> con il magnete <a href=\"https:\/\/magnetarmagnets.com\/shop\/hardcore-magnet-2\/\"><strong>Hardcore<\/strong><\/a> potrebbe fare al caso tuo.\r\n<h2>Alta qualit\u00e0<\/h2>\r\nTutti i <a href=\"https:\/\/magnetarmagnets.com\/collections\/fishing-magnets\/\"><strong>magneti da pesca<\/strong><\/a> di Magnetar sono realizzati in neodimio. Questo materiale garantisce una forza magnetica duratura. Con un uso e una conservazione adeguati, questi magneti perdono solo l\u2019uno per cento della loro forza in 100 anni. Ecco perch\u00e9 siamo certi di offrire i magneti da pesca di pi\u00f9 alta qualit\u00e0 sul mercato.\r\n\r\nNegli ultimi anni il mercato \u00e8 stato invaso da prodotti di bassa qualit\u00e0. Molti magneti da pesca di altri venditori tendono a perdere forza nel giro di poche settimane. Generalmente si trovano magneti di dimensioni maggiori ma realizzati con neodimio di qualit\u00e0 inferiore e pubblicizzati con annunci ingannevoli. Prodotti del genere possono sembrare economici, ma lasciano insoddisfatti sul lungo termine.\r\n\r\nMagnetar \u00e8 una piccola azienda a gestione familiare di veri appassionati di pesca con magnete. La qualit\u00e0 viene prima di tutto per noi, e questo si riflette nei nostri prodotti. Tutti i nostri magneti da pesca sono progettati internamente per garantire prodotti di alta gamma. Cerchi un magnete da pesca affidabile, efficace e di qualit\u00e0? Scegli Magnetar!\r\n<h2>Avvertenze:<\/h2>\r\nI nostri magneti da pesca in neodimio sono molto potenti. Questo pu\u00f2 causare l\u2019attrazione di altri oggetti verso il magnete a grande velocit\u00e0. Ovviamente ci\u00f2 pu\u00f2 provocare situazioni potenzialmente pericolose, poich\u00e9 le dita potrebbero rimanere intrappolate tra il magnete e l\u2019oggetto. Raccomandiamo di maneggiare sempre questi magneti con cura e sottolineiamo che lo si fa a proprio rischio. Leggere le nostre avvertenze di sicurezza prima dell\u2019uso.","protected":false},"excerpt":{"rendered":"<p><span style=\"font-weight: 400;\"><strong>Inizia alla grande<\/strong> lungo il lungomare con questo set per la <strong>pesca con magnete<\/strong> <strong>economico<\/strong> per <strong>principianti<\/strong>.<\/span><\/p>\n","protected":false},"featured_media":73161,"comment_status":"open","ping_status":"closed","template":"","meta":{"_acf_changed":false,"inline_featured_image":false},"product_brand":[],"product_cat":[480,473,479,482],"product_tag":[],"class_list":{"0":"post-81789","1":"product","2":"type-product","3":"status-publish","4":"has-post-thumbnail","6":"product_cat-kit-per-la-pesca-magnetica","7":"product_cat-magneti-da-pesca","8":"product_cat-magneti-da-pesca-a-faccia-singola","9":"product_cat-per-principianti-e-bambini","11":"first","12":"instock","13":"sale","14":"taxable","15":"shipping-taxable","16":"purchasable","17":"product-type-simple"},"acf":[],"yoast_head":"<!-- This site is optimized with the Yoast SEO plugin v27.4 - https:\/\/yoast.com\/product\/yoast-seo-wordpress\/ -->\n<title>Pacchetto Starter magnete da pesca - 200 kg - monofacciale - Magnet fishing with a Magnetar fishing magnet<\/title>\n<meta name=\"description\" content=\"Pacchetto Starter - 200 kg monofacciale - Magnetar\" \/>\n<meta name=\"robots\" content=\"index, follow, max-snippet:-1, max-image-preview:large, max-video-preview:-1\" \/>\n<link rel=\"canonical\" href=\"https:\/\/magnetarmagnets.com\/it\/shop\/pacchetto-starter-magnete-da-pesca-200-kg-monofacciale\/\" \/>\n<meta property=\"og:locale\" content=\"it_IT\" \/>\n<meta property=\"og:type\" content=\"article\" \/>\n<meta property=\"og:title\" content=\"Pacchetto Starter magnete da pesca - 200 kg - monofacciale - Magnet fishing with a Magnetar fishing magnet\" \/>\n<meta property=\"og:description\" content=\"Pacchetto Starter - 200 kg monofacciale - Magnetar\" \/>\n<meta property=\"og:url\" content=\"https:\/\/magnetarmagnets.com\/it\/shop\/pacchetto-starter-magnete-da-pesca-200-kg-monofacciale\/\" \/>\n<meta property=\"og:site_name\" content=\"Magnet fishing with a Magnetar fishing magnet\" \/>\n<meta property=\"article:publisher\" content=\"https:\/\/www.facebook.com\/fishingmagnets\/\" \/>\n<meta property=\"article:modified_time\" content=\"2026-04-17T22:43:36+00:00\" \/>\n<meta property=\"og:image\" content=\"https:\/\/magnetarmagnets.com\/wp-content\/uploads\/2018\/05\/MAGNETAR-STARTER-SET-GOOGLE.jpg\" \/>\n\t<meta property=\"og:image:width\" content=\"1500\" \/>\n\t<meta property=\"og:image:height\" content=\"1500\" \/>\n\t<meta property=\"og:image:type\" content=\"image\/jpeg\" \/>\n<meta name=\"twitter:card\" content=\"summary_large_image\" \/>\n<meta name=\"twitter:label1\" content=\"Tempo di lettura stimato\" \/>\n\t<meta name=\"twitter:data1\" content=\"4 minuti\" \/>\n<script type=\"application\/ld+json\" class=\"yoast-schema-graph\">{\"@context\":\"https:\\\/\\\/schema.org\",\"@graph\":[{\"@type\":[\"WebPage\",\"ItemPage\"],\"@id\":\"https:\\\/\\\/magnetarmagnets.com\\\/it\\\/shop\\\/pacchetto-starter-magnete-da-pesca-200-kg-monofacciale\\\/\",\"url\":\"https:\\\/\\\/magnetarmagnets.com\\\/it\\\/shop\\\/pacchetto-starter-magnete-da-pesca-200-kg-monofacciale\\\/\",\"name\":\"Pacchetto Starter magnete da pesca - 200 kg - monofacciale - Magnet fishing with a Magnetar fishing magnet\",\"isPartOf\":{\"@id\":\"https:\\\/\\\/magnetarmagnets.com\\\/it\\\/#website\"},\"primaryImageOfPage\":{\"@id\":\"https:\\\/\\\/magnetarmagnets.com\\\/it\\\/shop\\\/pacchetto-starter-magnete-da-pesca-200-kg-monofacciale\\\/#primaryimage\"},\"image\":{\"@id\":\"https:\\\/\\\/magnetarmagnets.com\\\/it\\\/shop\\\/pacchetto-starter-magnete-da-pesca-200-kg-monofacciale\\\/#primaryimage\"},\"thumbnailUrl\":\"https:\\\/\\\/magnetarmagnets.com\\\/wp-content\\\/uploads\\\/2018\\\/05\\\/MAGNETAR-STARTER-SET-GOOGLE.jpg\",\"datePublished\":\"2025-06-05T07:54:39+00:00\",\"dateModified\":\"2026-04-17T22:43:36+00:00\",\"description\":\"Pacchetto Starter - 200 kg monofacciale - Magnetar\",\"breadcrumb\":{\"@id\":\"https:\\\/\\\/magnetarmagnets.com\\\/it\\\/shop\\\/pacchetto-starter-magnete-da-pesca-200-kg-monofacciale\\\/#breadcrumb\"},\"inLanguage\":\"it-IT\",\"potentialAction\":[{\"@type\":\"ReadAction\",\"target\":[\"https:\\\/\\\/magnetarmagnets.com\\\/it\\\/shop\\\/pacchetto-starter-magnete-da-pesca-200-kg-monofacciale\\\/\"]}]},{\"@type\":\"ImageObject\",\"inLanguage\":\"it-IT\",\"@id\":\"https:\\\/\\\/magnetarmagnets.com\\\/it\\\/shop\\\/pacchetto-starter-magnete-da-pesca-200-kg-monofacciale\\\/#primaryimage\",\"url\":\"https:\\\/\\\/magnetarmagnets.com\\\/wp-content\\\/uploads\\\/2018\\\/05\\\/MAGNETAR-STARTER-SET-GOOGLE.jpg\",\"contentUrl\":\"https:\\\/\\\/magnetarmagnets.com\\\/wp-content\\\/uploads\\\/2018\\\/05\\\/MAGNETAR-STARTER-SET-GOOGLE.jpg\",\"width\":1500,\"height\":1500},{\"@type\":\"BreadcrumbList\",\"@id\":\"https:\\\/\\\/magnetarmagnets.com\\\/it\\\/shop\\\/pacchetto-starter-magnete-da-pesca-200-kg-monofacciale\\\/#breadcrumb\",\"itemListElement\":[{\"@type\":\"ListItem\",\"position\":1,\"name\":\"Home\",\"item\":\"https:\\\/\\\/magnetarmagnets.com\\\/it\\\/\"},{\"@type\":\"ListItem\",\"position\":2,\"name\":\"negozio\",\"item\":\"https:\\\/\\\/magnetarmagnets.com\\\/negozio\\\/\"},{\"@type\":\"ListItem\",\"position\":3,\"name\":\"Magneti da Pesca\",\"item\":\"https:\\\/\\\/magnetarmagnets.com\\\/it\\\/collections\\\/magneti-da-pesca\\\/\"},{\"@type\":\"ListItem\",\"position\":4,\"name\":\"Kit per la Pesca Magnetica\",\"item\":\"https:\\\/\\\/magnetarmagnets.com\\\/it\\\/collections\\\/magneti-da-pesca\\\/kit-per-la-pesca-magnetica\\\/\"},{\"@type\":\"ListItem\",\"position\":5,\"name\":\"Pacchetto Starter magnete da pesca &#8211; 200 kg &#8211; monofacciale\"}]},{\"@type\":\"WebSite\",\"@id\":\"https:\\\/\\\/magnetarmagnets.com\\\/it\\\/#website\",\"url\":\"https:\\\/\\\/magnetarmagnets.com\\\/it\\\/\",\"name\":\"Magnet fishing with a Magnetar fishing magnet\",\"description\":\"Magneti potenti per la pesca magnetica\",\"publisher\":{\"@id\":\"https:\\\/\\\/magnetarmagnets.com\\\/it\\\/#organization\"},\"potentialAction\":[{\"@type\":\"SearchAction\",\"target\":{\"@type\":\"EntryPoint\",\"urlTemplate\":\"https:\\\/\\\/magnetarmagnets.com\\\/it\\\/?s={search_term_string}\"},\"query-input\":{\"@type\":\"PropertyValueSpecification\",\"valueRequired\":true,\"valueName\":\"search_term_string\"}}],\"inLanguage\":\"it-IT\"},{\"@type\":\"Organization\",\"@id\":\"https:\\\/\\\/magnetarmagnets.com\\\/it\\\/#organization\",\"name\":\"Magnetar\",\"url\":\"https:\\\/\\\/magnetarmagnets.com\\\/it\\\/\",\"logo\":{\"@type\":\"ImageObject\",\"inLanguage\":\"it-IT\",\"@id\":\"https:\\\/\\\/magnetarmagnets.com\\\/it\\\/#\\\/schema\\\/logo\\\/image\\\/\",\"url\":\"https:\\\/\\\/magnetarmagnets.com\\\/wp-content\\\/uploads\\\/2025\\\/05\\\/Logo-03_PNG-Black-scaled.png\",\"contentUrl\":\"https:\\\/\\\/magnetarmagnets.com\\\/wp-content\\\/uploads\\\/2025\\\/05\\\/Logo-03_PNG-Black-scaled.png\",\"width\":2560,\"height\":1658,\"caption\":\"Magnetar\"},\"image\":{\"@id\":\"https:\\\/\\\/magnetarmagnets.com\\\/it\\\/#\\\/schema\\\/logo\\\/image\\\/\"},\"sameAs\":[\"https:\\\/\\\/www.facebook.com\\\/fishingmagnets\\\/\",\"https:\\\/\\\/www.instagram.com\\\/magnetar_magnets\\\/\",\"https:\\\/\\\/www.linkedin.com\\\/company\\\/magnetarbv\\\/?originalSubdomain=nl\",\"https:\\\/\\\/www.youtube.com\\\/c\\\/MagnetarVismagneet\"]}]}<\/script>\n<!-- \/ Yoast SEO plugin. -->","yoast_head_json":{"title":"Pacchetto Starter magnete da pesca - 200 kg - monofacciale - Magnet fishing with a Magnetar fishing magnet","description":"Pacchetto Starter - 200 kg monofacciale - Magnetar","robots":{"index":"index","follow":"follow","max-snippet":"max-snippet:-1","max-image-preview":"max-image-preview:large","max-video-preview":"max-video-preview:-1"},"canonical":"https:\/\/magnetarmagnets.com\/it\/shop\/pacchetto-starter-magnete-da-pesca-200-kg-monofacciale\/","og_locale":"it_IT","og_type":"article","og_title":"Pacchetto Starter magnete da pesca - 200 kg - monofacciale - Magnet fishing with a Magnetar fishing magnet","og_description":"Pacchetto Starter - 200 kg monofacciale - Magnetar","og_url":"https:\/\/magnetarmagnets.com\/it\/shop\/pacchetto-starter-magnete-da-pesca-200-kg-monofacciale\/","og_site_name":"Magnet fishing with a Magnetar fishing magnet","article_publisher":"https:\/\/www.facebook.com\/fishingmagnets\/","article_modified_time":"2026-04-17T22:43:36+00:00","og_image":[{"width":1500,"height":1500,"url":"https:\/\/magnetarmagnets.com\/wp-content\/uploads\/2018\/05\/MAGNETAR-STARTER-SET-GOOGLE.jpg","type":"image\/jpeg"}],"twitter_card":"summary_large_image","twitter_misc":{"Tempo di lettura stimato":"4 minuti"},"schema":{"@context":"https:\/\/schema.org","@graph":[{"@type":["WebPage","ItemPage"],"@id":"https:\/\/magnetarmagnets.com\/it\/shop\/pacchetto-starter-magnete-da-pesca-200-kg-monofacciale\/","url":"https:\/\/magnetarmagnets.com\/it\/shop\/pacchetto-starter-magnete-da-pesca-200-kg-monofacciale\/","name":"Pacchetto Starter magnete da pesca - 200 kg - monofacciale - Magnet fishing with a Magnetar fishing magnet","isPartOf":{"@id":"https:\/\/magnetarmagnets.com\/it\/#website"},"primaryImageOfPage":{"@id":"https:\/\/magnetarmagnets.com\/it\/shop\/pacchetto-starter-magnete-da-pesca-200-kg-monofacciale\/#primaryimage"},"image":{"@id":"https:\/\/magnetarmagnets.com\/it\/shop\/pacchetto-starter-magnete-da-pesca-200-kg-monofacciale\/#primaryimage"},"thumbnailUrl":"https:\/\/magnetarmagnets.com\/wp-content\/uploads\/2018\/05\/MAGNETAR-STARTER-SET-GOOGLE.jpg","datePublished":"2025-06-05T07:54:39+00:00","dateModified":"2026-04-17T22:43:36+00:00","description":"Pacchetto Starter - 200 kg monofacciale - Magnetar","breadcrumb":{"@id":"https:\/\/magnetarmagnets.com\/it\/shop\/pacchetto-starter-magnete-da-pesca-200-kg-monofacciale\/#breadcrumb"},"inLanguage":"it-IT","potentialAction":[{"@type":"ReadAction","target":["https:\/\/magnetarmagnets.com\/it\/shop\/pacchetto-starter-magnete-da-pesca-200-kg-monofacciale\/"]}]},{"@type":"ImageObject","inLanguage":"it-IT","@id":"https:\/\/magnetarmagnets.com\/it\/shop\/pacchetto-starter-magnete-da-pesca-200-kg-monofacciale\/#primaryimage","url":"https:\/\/magnetarmagnets.com\/wp-content\/uploads\/2018\/05\/MAGNETAR-STARTER-SET-GOOGLE.jpg","contentUrl":"https:\/\/magnetarmagnets.com\/wp-content\/uploads\/2018\/05\/MAGNETAR-STARTER-SET-GOOGLE.jpg","width":1500,"height":1500},{"@type":"BreadcrumbList","@id":"https:\/\/magnetarmagnets.com\/it\/shop\/pacchetto-starter-magnete-da-pesca-200-kg-monofacciale\/#breadcrumb","itemListElement":[{"@type":"ListItem","position":1,"name":"Home","item":"https:\/\/magnetarmagnets.com\/it\/"},{"@type":"ListItem","position":2,"name":"negozio","item":"https:\/\/magnetarmagnets.com\/negozio\/"},{"@type":"ListItem","position":3,"name":"Magneti da Pesca","item":"https:\/\/magnetarmagnets.com\/it\/collections\/magneti-da-pesca\/"},{"@type":"ListItem","position":4,"name":"Kit per la Pesca Magnetica","item":"https:\/\/magnetarmagnets.com\/it\/collections\/magneti-da-pesca\/kit-per-la-pesca-magnetica\/"},{"@type":"ListItem","position":5,"name":"Pacchetto Starter magnete da pesca &#8211; 200 kg &#8211; monofacciale"}]},{"@type":"WebSite","@id":"https:\/\/magnetarmagnets.com\/it\/#website","url":"https:\/\/magnetarmagnets.com\/it\/","name":"Magnet fishing with a Magnetar fishing magnet","description":"Magneti potenti per la pesca magnetica","publisher":{"@id":"https:\/\/magnetarmagnets.com\/it\/#organization"},"potentialAction":[{"@type":"SearchAction","target":{"@type":"EntryPoint","urlTemplate":"https:\/\/magnetarmagnets.com\/it\/?s={search_term_string}"},"query-input":{"@type":"PropertyValueSpecification","valueRequired":true,"valueName":"search_term_string"}}],"inLanguage":"it-IT"},{"@type":"Organization","@id":"https:\/\/magnetarmagnets.com\/it\/#organization","name":"Magnetar","url":"https:\/\/magnetarmagnets.com\/it\/","logo":{"@type":"ImageObject","inLanguage":"it-IT","@id":"https:\/\/magnetarmagnets.com\/it\/#\/schema\/logo\/image\/","url":"https:\/\/magnetarmagnets.com\/wp-content\/uploads\/2025\/05\/Logo-03_PNG-Black-scaled.png","contentUrl":"https:\/\/magnetarmagnets.com\/wp-content\/uploads\/2025\/05\/Logo-03_PNG-Black-scaled.png","width":2560,"height":1658,"caption":"Magnetar"},"image":{"@id":"https:\/\/magnetarmagnets.com\/it\/#\/schema\/logo\/image\/"},"sameAs":["https:\/\/www.facebook.com\/fishingmagnets\/","https:\/\/www.instagram.com\/magnetar_magnets\/","https:\/\/www.linkedin.com\/company\/magnetarbv\/?originalSubdomain=nl","https:\/\/www.youtube.com\/c\/MagnetarVismagneet"]}]}},"_links":{"self":[{"href":"https:\/\/magnetarmagnets.com\/it\/wp-json\/wp\/v2\/product\/81789","targetHints":{"allow":["GET"]}}],"collection":[{"href":"https:\/\/magnetarmagnets.com\/it\/wp-json\/wp\/v2\/product"}],"about":[{"href":"https:\/\/magnetarmagnets.com\/it\/wp-json\/wp\/v2\/types\/product"}],"replies":[{"embeddable":true,"href":"https:\/\/magnetarmagnets.com\/it\/wp-json\/wp\/v2\/comments?post=81789"}],"version-history":[{"count":0,"href":"https:\/\/magnetarmagnets.com\/it\/wp-json\/wp\/v2\/product\/81789\/revisions"}],"wp:featuredmedia":[{"embeddable":true,"href":"https:\/\/magnetarmagnets.com\/it\/wp-json\/wp\/v2\/media\/73161"}],"wp:attachment":[{"href":"https:\/\/magnetarmagnets.com\/it\/wp-json\/wp\/v2\/media?parent=81789"}],"wp:term":[{"taxonomy":"product_brand","embeddable":true,"href":"https:\/\/magnetarmagnets.com\/it\/wp-json\/wp\/v2\/product_brand?post=81789"},{"taxonomy":"product_cat","embeddable":true,"href":"https:\/\/magnetarmagnets.com\/it\/wp-json\/wp\/v2\/product_cat?post=81789"},{"taxonomy":"product_tag","embeddable":true,"href":"https:\/\/magnetarmagnets.com\/it\/wp-json\/wp\/v2\/product_tag?post=81789"}],"curies":[{"name":"wp","href":"https:\/\/api.w.org\/{rel}","templated":true}]}}