{"id":81788,"date":"2025-06-05T09:54:39","date_gmt":"2025-06-05T07:54:39","guid":{"rendered":"https:\/\/magnetarmagnets.com\/?post_type=product&#038;p=81788"},"modified":"2026-04-03T10:13:42","modified_gmt":"2026-04-03T08:13:42","slug":"terror-magnet-magnete-da-pesca-allround-360-1000-kg","status":"publish","type":"product","link":"https:\/\/magnetarmagnets.com\/it\/shop\/terror-magnet-magnete-da-pesca-allround-360-1000-kg\/","title":{"rendered":"Terror Magnet \u00ae &#8211; Magnete da pesca Allround 360\u00b0 1000 kg"},"content":{"rendered":"<span style=\"font-weight: 400;\">* Proteggi il magnete con una <a href=\"https:\/\/magnetarmagnets.com\/shop\/protection-cover-terror\/\" target=\"_blank\" rel=\"noopener\"><b>copertura protettiva<\/b><\/a> durante la pesca. Senza una copertura protettiva, il magnete pu\u00f2 danneggiarsi a contatto con oggetti duri. La copertura protettiva non \u00e8 inclusa con il magnete.<\/span>\r\n<h2><b>Il magnete da pesca in neodimio Terror<\/b><\/h2>\r\n<span style=\"font-weight: 400;\">Abbiamo sviluppato il magnete da pesca Terror a seguito del successo del nostro magnete Hardcore. Il magnete Terror offre ancora pi\u00f9 opportunit\u00e0 di recupero rispetto al nostro magnete Hardcore, con una forza di trazione estremamente potente e di lunga portata fino a 2200 lb\/1000 kg. Ci\u00f2 aumenta notevolmente le probabilit\u00e0 di recuperare tesori pi\u00f9 grandi e preziosi. Il magnete \u00e8 anche pi\u00f9 pesante, il che gli consente di affondare pi\u00f9 in profondit\u00e0 nel fango e raggiungere oggetti sommersi e nascosti. Come tutti i nostri magneti, il Terror \u00e8 un magnete da pesca in 100% neodimio con forza di trazione su tutti i lati.<\/span>\r\n\r\n<span style=\"font-weight: 400;\">\u200b\u200b<\/span><b>Sei un esperto di pesca con magnete? <\/b><span style=\"font-weight: 400;\">O desideri diventarlo? Il nostro <\/span><a href=\"https:\/\/magnetarmagnets.com\/shop\/expert-package\/\" target=\"_blank\" rel=\"noopener\"><span style=\"font-weight: 400;\">Pacchetto Expert<\/span><\/a><span style=\"font-weight: 400;\"> \u00e8 la scelta giusta e include tutto il necessario per iniziare (e risparmiare con il bundle!). Questo pacchetto include il nostro magnete Allround 360\u00b0 Terror, una corda resistente diametro \u2153\u2019\u2019 (8 mm) con moschettone, un paio di guanti impermeabili, una copertura protettiva Expert, colla e un amo da traino extra-large in acciaio inox. Vuoi un livello superiore? Scopri il nostro <\/span><a href=\"https:\/\/magnetarmagnets.com\/shop\/legend-package\/\" target=\"_blank\" rel=\"noopener\"><span style=\"font-weight: 400;\">Pacchetto Legend<\/span><\/a><span style=\"font-weight: 400;\">!<\/span>\r\n<h2><b>Sei pronto per il Terror?<\/b><\/h2>\r\n<span style=\"font-weight: 400;\">Il nome del magnete dice tutto: questo magnete \u00e8 estremamente potente! Il magnete da pesca Terror si aggancia a qualsiasi oggetto da ogni lato, anche attraverso il fango, senza impigliarsi facilmente sulle rocce. Abbastanza pesante da affondare nel fango o nel limo, abbastanza leggero da poterlo lanciare in acqua, puoi gettare questo magnete per ore senza problemi. Nella classe di peso intermedia \u00e8 lanciabile e pu\u00f2 raggiungere il fondo di canali e fiumi fangosi nonostante la corrente.<\/span>\r\n\r\n<span style=\"font-weight: 400;\">Il Terror \u00e8 pensato per pescatori con esperienza che desiderano un ritorno sull&#8217;investimento magnetico. \u00c8 perfetto per recuperare tesori sia leggeri che pesanti, come casseforti, armi di grandi dimensioni, parti di auto, scooter e bici elettriche.<\/span>\r\n<h2><b>Evoluzione dei magneti<\/b><\/h2>\r\n<span style=\"font-weight: 400;\">Molti magneti hanno forza attrattiva solo su un lato. Questo magnete monofacciale \u00e8 il classico magnete da pesca. Magnetar \u00e8 stata la prima azienda a riconvertirlo in un magnete bifacciale. Poi, nel 2016, Magnetar ha sviluppato il magnete Allround con trazione magnetica a 360\u00b0. Da allora, pescatori magnetici in tutta l&#8217;UE sono attratti dai nostri magneti al 100% in neodimio, rendendoci il fornitore n.1 in Europa. I nostri magneti sono progettati e realizzati con la massima qualit\u00e0 da un piccolo team di appassionati di pesca con magnete. I nostri clienti tornano sempre perch\u00e9 sanno che con Magnetar otterranno pi\u00f9 di un semplice magnete: recupereranno tesori.<\/span>\r\n<h2><b>Forza di trazione potente a 360\u00b0<\/b><\/h2>\r\n<span style=\"font-weight: 400;\">Il magnete Terror \u00e8 uno dei pi\u00f9 potenti che offriamo, con una forza di trazione fino a 2200 lb\/1000 kg. La sua forza \u00e8 efficace e in grado di attrarre oggetti da tutto l&#8217;intorno, a differenza di un magnete monofacciale incapsulato in una custodia d&#8217;acciaio che concentra la forza in una sola direzione. Curioso di sapere come misuriamo la forza di trazione? <\/span><a href=\"https:\/\/www.youtube.com\/watch?v=2McW3RURDxs\" target=\"_blank\" rel=\"noopener\"><span style=\"font-weight: 400;\">Guarda il nostro video<\/span><\/a><span style=\"font-weight: 400;\">.<\/span>","protected":false},"excerpt":{"rendered":"<p><span style=\"font-weight: 400;\">Il nostro magnete da pesca Terror \u00e8 pensato per i pescatori magnetici esperti e coraggiosi che desiderano recuperare ci\u00f2 che nessun altro ha ancora catturato. Con un campo magnetico a 360\u00b0, questo magnete in puro neodimio \u00e8 estremamente potente, con una forza di trazione fino a 1000 kg. Attenzione: questo magnete non \u00e8 per i deboli di cuore!<\/span><\/p>\n","protected":false},"featured_media":72171,"comment_status":"open","ping_status":"closed","template":"","meta":{"_acf_changed":false,"inline_featured_image":false},"product_brand":[],"product_cat":[473,476],"product_tag":[],"class_list":{"0":"post-81788","1":"product","2":"type-product","3":"status-publish","4":"has-post-thumbnail","6":"product_cat-magneti-da-pesca","7":"product_cat-magneti-da-pesca-360-allround","9":"first","10":"instock","11":"taxable","12":"shipping-taxable","13":"purchasable","14":"product-type-simple"},"acf":[],"yoast_head":"<!-- This site is optimized with the Yoast SEO plugin v27.3 - https:\/\/yoast.com\/product\/yoast-seo-wordpress\/ -->\n<title>Terror Magnet \u00ae - Magnete da pesca Allround 360\u00b0 1000 kg<\/title>\n<meta name=\"description\" content=\"Il magnete da pesca Terror di Magnetar. 360\u00b0, forza di trazione 1000 kg, come visto su YouTube! Ordina prima delle 23:00: consegna domani!\" \/>\n<meta name=\"robots\" content=\"index, follow, max-snippet:-1, max-image-preview:large, max-video-preview:-1\" \/>\n<link rel=\"canonical\" href=\"https:\/\/magnetarmagnets.com\/it\/shop\/terror-magnet-magnete-da-pesca-allround-360-1000-kg\/\" \/>\n<meta property=\"og:locale\" content=\"it_IT\" \/>\n<meta property=\"og:type\" content=\"article\" \/>\n<meta property=\"og:title\" content=\"Terror Magnet \u00ae - Magnete da pesca Allround 360\u00b0 1000 kg\" \/>\n<meta property=\"og:description\" content=\"Il magnete da pesca Terror di Magnetar. 360\u00b0, forza di trazione 1000 kg, come visto su YouTube! Ordina prima delle 23:00: consegna domani!\" \/>\n<meta property=\"og:url\" content=\"https:\/\/magnetarmagnets.com\/it\/shop\/terror-magnet-magnete-da-pesca-allround-360-1000-kg\/\" \/>\n<meta property=\"og:site_name\" content=\"Magnet fishing with a Magnetar fishing magnet\" \/>\n<meta property=\"article:publisher\" content=\"https:\/\/www.facebook.com\/fishingmagnets\/\" \/>\n<meta property=\"article:modified_time\" content=\"2026-04-03T08:13:42+00:00\" \/>\n<meta property=\"og:image\" content=\"https:\/\/magnetarmagnets.com\/wp-content\/uploads\/2018\/08\/Terror-magnet-360-Degrees-Neodymium.jpeg\" \/>\n\t<meta property=\"og:image:width\" content=\"1000\" \/>\n\t<meta property=\"og:image:height\" content=\"1000\" \/>\n\t<meta property=\"og:image:type\" content=\"image\/jpeg\" \/>\n<meta name=\"twitter:card\" content=\"summary_large_image\" \/>\n<meta name=\"twitter:label1\" content=\"Tempo di lettura stimato\" \/>\n\t<meta name=\"twitter:data1\" content=\"3 minuti\" \/>\n<script type=\"application\/ld+json\" class=\"yoast-schema-graph\">{\"@context\":\"https:\\\/\\\/schema.org\",\"@graph\":[{\"@type\":[\"WebPage\",\"ItemPage\"],\"@id\":\"https:\\\/\\\/magnetarmagnets.com\\\/it\\\/shop\\\/terror-magnet-magnete-da-pesca-allround-360-1000-kg\\\/\",\"url\":\"https:\\\/\\\/magnetarmagnets.com\\\/it\\\/shop\\\/terror-magnet-magnete-da-pesca-allround-360-1000-kg\\\/\",\"name\":\"Terror Magnet \u00ae - Magnete da pesca Allround 360\u00b0 1000 kg\",\"isPartOf\":{\"@id\":\"https:\\\/\\\/magnetarmagnets.com\\\/it\\\/#website\"},\"primaryImageOfPage\":{\"@id\":\"https:\\\/\\\/magnetarmagnets.com\\\/it\\\/shop\\\/terror-magnet-magnete-da-pesca-allround-360-1000-kg\\\/#primaryimage\"},\"image\":{\"@id\":\"https:\\\/\\\/magnetarmagnets.com\\\/it\\\/shop\\\/terror-magnet-magnete-da-pesca-allround-360-1000-kg\\\/#primaryimage\"},\"thumbnailUrl\":\"https:\\\/\\\/magnetarmagnets.com\\\/wp-content\\\/uploads\\\/2018\\\/08\\\/Terror-magnet-360-Degrees-Neodymium.jpeg\",\"datePublished\":\"2025-06-05T07:54:39+00:00\",\"dateModified\":\"2026-04-03T08:13:42+00:00\",\"description\":\"Il magnete da pesca Terror di Magnetar. 360\u00b0, forza di trazione 1000 kg, come visto su YouTube! Ordina prima delle 23:00: consegna domani!\",\"breadcrumb\":{\"@id\":\"https:\\\/\\\/magnetarmagnets.com\\\/it\\\/shop\\\/terror-magnet-magnete-da-pesca-allround-360-1000-kg\\\/#breadcrumb\"},\"inLanguage\":\"it-IT\",\"potentialAction\":[{\"@type\":\"ReadAction\",\"target\":[\"https:\\\/\\\/magnetarmagnets.com\\\/it\\\/shop\\\/terror-magnet-magnete-da-pesca-allround-360-1000-kg\\\/\"]}]},{\"@type\":\"ImageObject\",\"inLanguage\":\"it-IT\",\"@id\":\"https:\\\/\\\/magnetarmagnets.com\\\/it\\\/shop\\\/terror-magnet-magnete-da-pesca-allround-360-1000-kg\\\/#primaryimage\",\"url\":\"https:\\\/\\\/magnetarmagnets.com\\\/wp-content\\\/uploads\\\/2018\\\/08\\\/Terror-magnet-360-Degrees-Neodymium.jpeg\",\"contentUrl\":\"https:\\\/\\\/magnetarmagnets.com\\\/wp-content\\\/uploads\\\/2018\\\/08\\\/Terror-magnet-360-Degrees-Neodymium.jpeg\",\"width\":1000,\"height\":1000,\"caption\":\"Terror magnet for magnet fishing with 360 Degree Neodymium pull power\"},{\"@type\":\"BreadcrumbList\",\"@id\":\"https:\\\/\\\/magnetarmagnets.com\\\/it\\\/shop\\\/terror-magnet-magnete-da-pesca-allround-360-1000-kg\\\/#breadcrumb\",\"itemListElement\":[{\"@type\":\"ListItem\",\"position\":1,\"name\":\"Home\",\"item\":\"https:\\\/\\\/magnetarmagnets.com\\\/it\\\/\"},{\"@type\":\"ListItem\",\"position\":2,\"name\":\"negozio\",\"item\":\"https:\\\/\\\/magnetarmagnets.com\\\/negozio\\\/\"},{\"@type\":\"ListItem\",\"position\":3,\"name\":\"Magneti da Pesca\",\"item\":\"https:\\\/\\\/magnetarmagnets.com\\\/it\\\/collections\\\/magneti-da-pesca\\\/\"},{\"@type\":\"ListItem\",\"position\":4,\"name\":\"Magneti da Pesca 360\u00b0 Allround\",\"item\":\"https:\\\/\\\/magnetarmagnets.com\\\/it\\\/collections\\\/magneti-da-pesca\\\/magneti-da-pesca-360-allround\\\/\"},{\"@type\":\"ListItem\",\"position\":5,\"name\":\"Terror Magnet \u00ae &#8211; Magnete da pesca Allround 360\u00b0 1000 kg\"}]},{\"@type\":\"WebSite\",\"@id\":\"https:\\\/\\\/magnetarmagnets.com\\\/it\\\/#website\",\"url\":\"https:\\\/\\\/magnetarmagnets.com\\\/it\\\/\",\"name\":\"Magnet fishing with a Magnetar fishing magnet\",\"description\":\"Magneti potenti per la pesca magnetica\",\"publisher\":{\"@id\":\"https:\\\/\\\/magnetarmagnets.com\\\/it\\\/#organization\"},\"potentialAction\":[{\"@type\":\"SearchAction\",\"target\":{\"@type\":\"EntryPoint\",\"urlTemplate\":\"https:\\\/\\\/magnetarmagnets.com\\\/it\\\/?s={search_term_string}\"},\"query-input\":{\"@type\":\"PropertyValueSpecification\",\"valueRequired\":true,\"valueName\":\"search_term_string\"}}],\"inLanguage\":\"it-IT\"},{\"@type\":\"Organization\",\"@id\":\"https:\\\/\\\/magnetarmagnets.com\\\/it\\\/#organization\",\"name\":\"Magnetar\",\"url\":\"https:\\\/\\\/magnetarmagnets.com\\\/it\\\/\",\"logo\":{\"@type\":\"ImageObject\",\"inLanguage\":\"it-IT\",\"@id\":\"https:\\\/\\\/magnetarmagnets.com\\\/it\\\/#\\\/schema\\\/logo\\\/image\\\/\",\"url\":\"https:\\\/\\\/magnetarmagnets.com\\\/wp-content\\\/uploads\\\/2025\\\/05\\\/Logo-03_PNG-Black-scaled.png\",\"contentUrl\":\"https:\\\/\\\/magnetarmagnets.com\\\/wp-content\\\/uploads\\\/2025\\\/05\\\/Logo-03_PNG-Black-scaled.png\",\"width\":2560,\"height\":1658,\"caption\":\"Magnetar\"},\"image\":{\"@id\":\"https:\\\/\\\/magnetarmagnets.com\\\/it\\\/#\\\/schema\\\/logo\\\/image\\\/\"},\"sameAs\":[\"https:\\\/\\\/www.facebook.com\\\/fishingmagnets\\\/\",\"https:\\\/\\\/www.instagram.com\\\/magnetar_magnets\\\/\",\"https:\\\/\\\/www.linkedin.com\\\/company\\\/magnetarbv\\\/?originalSubdomain=nl\",\"https:\\\/\\\/www.youtube.com\\\/c\\\/MagnetarVismagneet\"]}]}<\/script>\n<!-- \/ Yoast SEO plugin. -->","yoast_head_json":{"title":"Terror Magnet \u00ae - Magnete da pesca Allround 360\u00b0 1000 kg","description":"Il magnete da pesca Terror di Magnetar. 360\u00b0, forza di trazione 1000 kg, come visto su YouTube! Ordina prima delle 23:00: consegna domani!","robots":{"index":"index","follow":"follow","max-snippet":"max-snippet:-1","max-image-preview":"max-image-preview:large","max-video-preview":"max-video-preview:-1"},"canonical":"https:\/\/magnetarmagnets.com\/it\/shop\/terror-magnet-magnete-da-pesca-allround-360-1000-kg\/","og_locale":"it_IT","og_type":"article","og_title":"Terror Magnet \u00ae - Magnete da pesca Allround 360\u00b0 1000 kg","og_description":"Il magnete da pesca Terror di Magnetar. 360\u00b0, forza di trazione 1000 kg, come visto su YouTube! Ordina prima delle 23:00: consegna domani!","og_url":"https:\/\/magnetarmagnets.com\/it\/shop\/terror-magnet-magnete-da-pesca-allround-360-1000-kg\/","og_site_name":"Magnet fishing with a Magnetar fishing magnet","article_publisher":"https:\/\/www.facebook.com\/fishingmagnets\/","article_modified_time":"2026-04-03T08:13:42+00:00","og_image":[{"width":1000,"height":1000,"url":"https:\/\/magnetarmagnets.com\/wp-content\/uploads\/2018\/08\/Terror-magnet-360-Degrees-Neodymium.jpeg","type":"image\/jpeg"}],"twitter_card":"summary_large_image","twitter_misc":{"Tempo di lettura stimato":"3 minuti"},"schema":{"@context":"https:\/\/schema.org","@graph":[{"@type":["WebPage","ItemPage"],"@id":"https:\/\/magnetarmagnets.com\/it\/shop\/terror-magnet-magnete-da-pesca-allround-360-1000-kg\/","url":"https:\/\/magnetarmagnets.com\/it\/shop\/terror-magnet-magnete-da-pesca-allround-360-1000-kg\/","name":"Terror Magnet \u00ae - Magnete da pesca Allround 360\u00b0 1000 kg","isPartOf":{"@id":"https:\/\/magnetarmagnets.com\/it\/#website"},"primaryImageOfPage":{"@id":"https:\/\/magnetarmagnets.com\/it\/shop\/terror-magnet-magnete-da-pesca-allround-360-1000-kg\/#primaryimage"},"image":{"@id":"https:\/\/magnetarmagnets.com\/it\/shop\/terror-magnet-magnete-da-pesca-allround-360-1000-kg\/#primaryimage"},"thumbnailUrl":"https:\/\/magnetarmagnets.com\/wp-content\/uploads\/2018\/08\/Terror-magnet-360-Degrees-Neodymium.jpeg","datePublished":"2025-06-05T07:54:39+00:00","dateModified":"2026-04-03T08:13:42+00:00","description":"Il magnete da pesca Terror di Magnetar. 360\u00b0, forza di trazione 1000 kg, come visto su YouTube! Ordina prima delle 23:00: consegna domani!","breadcrumb":{"@id":"https:\/\/magnetarmagnets.com\/it\/shop\/terror-magnet-magnete-da-pesca-allround-360-1000-kg\/#breadcrumb"},"inLanguage":"it-IT","potentialAction":[{"@type":"ReadAction","target":["https:\/\/magnetarmagnets.com\/it\/shop\/terror-magnet-magnete-da-pesca-allround-360-1000-kg\/"]}]},{"@type":"ImageObject","inLanguage":"it-IT","@id":"https:\/\/magnetarmagnets.com\/it\/shop\/terror-magnet-magnete-da-pesca-allround-360-1000-kg\/#primaryimage","url":"https:\/\/magnetarmagnets.com\/wp-content\/uploads\/2018\/08\/Terror-magnet-360-Degrees-Neodymium.jpeg","contentUrl":"https:\/\/magnetarmagnets.com\/wp-content\/uploads\/2018\/08\/Terror-magnet-360-Degrees-Neodymium.jpeg","width":1000,"height":1000,"caption":"Terror magnet for magnet fishing with 360 Degree Neodymium pull power"},{"@type":"BreadcrumbList","@id":"https:\/\/magnetarmagnets.com\/it\/shop\/terror-magnet-magnete-da-pesca-allround-360-1000-kg\/#breadcrumb","itemListElement":[{"@type":"ListItem","position":1,"name":"Home","item":"https:\/\/magnetarmagnets.com\/it\/"},{"@type":"ListItem","position":2,"name":"negozio","item":"https:\/\/magnetarmagnets.com\/negozio\/"},{"@type":"ListItem","position":3,"name":"Magneti da Pesca","item":"https:\/\/magnetarmagnets.com\/it\/collections\/magneti-da-pesca\/"},{"@type":"ListItem","position":4,"name":"Magneti da Pesca 360\u00b0 Allround","item":"https:\/\/magnetarmagnets.com\/it\/collections\/magneti-da-pesca\/magneti-da-pesca-360-allround\/"},{"@type":"ListItem","position":5,"name":"Terror Magnet \u00ae &#8211; Magnete da pesca Allround 360\u00b0 1000 kg"}]},{"@type":"WebSite","@id":"https:\/\/magnetarmagnets.com\/it\/#website","url":"https:\/\/magnetarmagnets.com\/it\/","name":"Magnet fishing with a Magnetar fishing magnet","description":"Magneti potenti per la pesca magnetica","publisher":{"@id":"https:\/\/magnetarmagnets.com\/it\/#organization"},"potentialAction":[{"@type":"SearchAction","target":{"@type":"EntryPoint","urlTemplate":"https:\/\/magnetarmagnets.com\/it\/?s={search_term_string}"},"query-input":{"@type":"PropertyValueSpecification","valueRequired":true,"valueName":"search_term_string"}}],"inLanguage":"it-IT"},{"@type":"Organization","@id":"https:\/\/magnetarmagnets.com\/it\/#organization","name":"Magnetar","url":"https:\/\/magnetarmagnets.com\/it\/","logo":{"@type":"ImageObject","inLanguage":"it-IT","@id":"https:\/\/magnetarmagnets.com\/it\/#\/schema\/logo\/image\/","url":"https:\/\/magnetarmagnets.com\/wp-content\/uploads\/2025\/05\/Logo-03_PNG-Black-scaled.png","contentUrl":"https:\/\/magnetarmagnets.com\/wp-content\/uploads\/2025\/05\/Logo-03_PNG-Black-scaled.png","width":2560,"height":1658,"caption":"Magnetar"},"image":{"@id":"https:\/\/magnetarmagnets.com\/it\/#\/schema\/logo\/image\/"},"sameAs":["https:\/\/www.facebook.com\/fishingmagnets\/","https:\/\/www.instagram.com\/magnetar_magnets\/","https:\/\/www.linkedin.com\/company\/magnetarbv\/?originalSubdomain=nl","https:\/\/www.youtube.com\/c\/MagnetarVismagneet"]}]}},"_links":{"self":[{"href":"https:\/\/magnetarmagnets.com\/it\/wp-json\/wp\/v2\/product\/81788","targetHints":{"allow":["GET"]}}],"collection":[{"href":"https:\/\/magnetarmagnets.com\/it\/wp-json\/wp\/v2\/product"}],"about":[{"href":"https:\/\/magnetarmagnets.com\/it\/wp-json\/wp\/v2\/types\/product"}],"replies":[{"embeddable":true,"href":"https:\/\/magnetarmagnets.com\/it\/wp-json\/wp\/v2\/comments?post=81788"}],"version-history":[{"count":0,"href":"https:\/\/magnetarmagnets.com\/it\/wp-json\/wp\/v2\/product\/81788\/revisions"}],"wp:featuredmedia":[{"embeddable":true,"href":"https:\/\/magnetarmagnets.com\/it\/wp-json\/wp\/v2\/media\/72171"}],"wp:attachment":[{"href":"https:\/\/magnetarmagnets.com\/it\/wp-json\/wp\/v2\/media?parent=81788"}],"wp:term":[{"taxonomy":"product_brand","embeddable":true,"href":"https:\/\/magnetarmagnets.com\/it\/wp-json\/wp\/v2\/product_brand?post=81788"},{"taxonomy":"product_cat","embeddable":true,"href":"https:\/\/magnetarmagnets.com\/it\/wp-json\/wp\/v2\/product_cat?post=81788"},{"taxonomy":"product_tag","embeddable":true,"href":"https:\/\/magnetarmagnets.com\/it\/wp-json\/wp\/v2\/product_tag?post=81788"}],"curies":[{"name":"wp","href":"https:\/\/api.w.org\/{rel}","templated":true}]}}