{"id":81787,"date":"2025-06-05T09:54:39","date_gmt":"2025-06-05T07:54:39","guid":{"rendered":"https:\/\/magnetarmagnets.com\/?post_type=product&#038;p=81787"},"modified":"2026-04-04T07:33:17","modified_gmt":"2026-04-04T05:33:17","slug":"porta-coltelli-magnetico-acciaio-inossidabile","status":"publish","type":"product","link":"https:\/\/magnetarmagnets.com\/it\/shop\/porta-coltelli-magnetico-acciaio-inossidabile\/","title":{"rendered":"Porta coltelli magnetico &#8211; acciaio inossidabile"},"content":{"rendered":"<h2><strong>Porta coltelli molto elegante<\/strong><\/h2>\r\n<span style=\"font-weight: 400;\">Non nascondere i tuoi coltelli: appendili in modo igienico, semplice e veloce su un porta coltelli magnetico!<\/span><span style=\"font-weight: 400;\">Appendi facilmente i tuoi coltelli con la striscia magnetica di Magnetar. I coltelli si \u201cattaccheranno\u201d alla striscia magnetica in modo sicuro e molto elegante. <strong>Disponibile in legno e in acciaio inossidabile<\/strong>!<\/span>\r\n<h2><strong>Vantaggi del porta coltelli<\/strong><\/h2>\r\n<span style=\"font-weight: 400;\">Puoi conservare i tuoi coltelli in alto, cos\u00ec i bambini non possono raggiungerli. Niente pi\u00f9 danni nei cassetti o negli armadietti della cucina e i tuoi coltelli dureranno pi\u00f9 a lungo. I tuoi coltelli saranno esposti in modo moderno ed elegante nella tua cucina. Potrai mostrarli con orgoglio senza doverli nascondere in un ceppo o in un cassetto!<\/span>\r\n<h2><span style=\"font-weight: 400;\">Informazioni e montaggio<\/span><\/h2>\r\n<span style=\"font-weight: 400;\">Il porta coltelli magnetico \u00e8 realizzato in acciaio inossidabile, che si integra perfettamente nella tua cucina. Offriamo sia la versione in legno sia quella in acciaio inox. Il montaggio del porta coltelli magnetico \u00e8 rapido e molto semplice. Chiunque abbia impugnato un trapano pu\u00f2 installarlo facilmente. Sono inclusi due viti e due tasselli, cos\u00ec non dovrai acquistarli separatamente.<\/span>\r\n<h2><strong>Specifiche<\/strong><\/h2>\r\n<span style=\"font-weight: 400;\">La striscia magnetica \u00e8 larga 4,7 cm, il che consente di fissare correttamente sia coltelli piccoli che grandi. \u00c8 possibile appendere numerosi coltelli con lunghezza fino a 36 cm.<\/span>\r\n\r\n<img fetchpriority=\"high\" decoding=\"async\" class=\"alignleft size-medium wp-image-38098\" src=\"https:\/\/magnetarmagnets.com\/wp-content\/uploads\/2018\/03\/IMG_2101-300x200.jpg\" alt=\"magnetische messenhouder rvs\" width=\"300\" height=\"200\" \/><img decoding=\"async\" class=\"alignright size-medium wp-image-38100\" src=\"https:\/\/magnetarmagnets.com\/wp-content\/uploads\/2018\/03\/IMG_2108-300x200.jpg\" alt=\"magnetische messenhouder rvs achterkant\" width=\"300\" height=\"200\" srcset=\"https:\/\/magnetarmagnets.com\/wp-content\/uploads\/2018\/03\/IMG_2108-300x200.jpg 300w, https:\/\/magnetarmagnets.com\/wp-content\/uploads\/2018\/03\/IMG_2108-scaled-800x533.jpg 800w, https:\/\/magnetarmagnets.com\/wp-content\/uploads\/2018\/03\/IMG_2108-768x512.jpg 768w, https:\/\/magnetarmagnets.com\/wp-content\/uploads\/2018\/03\/IMG_2108-1024x683.jpg 1024w, https:\/\/magnetarmagnets.com\/wp-content\/uploads\/2018\/03\/IMG_2108-scaled-600x400.jpg 600w\" sizes=\"(max-width: 300px) 100vw, 300px\" \/>","protected":false},"excerpt":{"rendered":"<p><span style=\"font-weight: 400;\">La striscia magnetica portautensili \u00e8 realizzata in <strong>acciaio inossidabile<\/strong>, che dona alla tua cucina un aspetto <strong>molto elegante<\/strong> ed \u00e8 <strong>molto facile da montare<\/strong>.<\/span><\/p>\n","protected":false},"featured_media":73697,"comment_status":"open","ping_status":"closed","template":"","meta":{"_acf_changed":false,"inline_featured_image":false},"product_brand":[],"product_cat":[517,513],"product_tag":[],"class_list":{"0":"post-81787","1":"product","2":"type-product","3":"status-publish","4":"has-post-thumbnail","6":"product_cat-accessoires-magnetiques","7":"product_cat-equipement","9":"first","10":"instock","11":"taxable","12":"shipping-taxable","13":"purchasable","14":"product-type-simple"},"acf":[],"yoast_head":"<!-- This site is optimized with the Yoast SEO plugin v27.3 - https:\/\/yoast.com\/product\/yoast-seo-wordpress\/ -->\n<title>Porta coltelli magnetico - acciaio inossidabile - Magnet fishing with a Magnetar fishing magnet<\/title>\n<meta name=\"description\" content=\"Porta coltelli magnetico - acciaio inossidabile di Magnetar\" \/>\n<meta name=\"robots\" content=\"index, follow, max-snippet:-1, max-image-preview:large, max-video-preview:-1\" \/>\n<link rel=\"canonical\" href=\"https:\/\/magnetarmagnets.com\/it\/shop\/porta-coltelli-magnetico-acciaio-inossidabile\/\" \/>\n<meta property=\"og:locale\" content=\"it_IT\" \/>\n<meta property=\"og:type\" content=\"article\" \/>\n<meta property=\"og:title\" content=\"Porta coltelli magnetico - acciaio inossidabile - Magnet fishing with a Magnetar fishing magnet\" \/>\n<meta property=\"og:description\" content=\"Porta coltelli magnetico - acciaio inossidabile di Magnetar\" \/>\n<meta property=\"og:url\" content=\"https:\/\/magnetarmagnets.com\/it\/shop\/porta-coltelli-magnetico-acciaio-inossidabile\/\" \/>\n<meta property=\"og:site_name\" content=\"Magnet fishing with a Magnetar fishing magnet\" \/>\n<meta property=\"article:publisher\" content=\"https:\/\/www.facebook.com\/fishingmagnets\/\" \/>\n<meta property=\"article:modified_time\" content=\"2026-04-04T05:33:17+00:00\" \/>\n<meta property=\"og:image\" content=\"https:\/\/magnetarmagnets.com\/wp-content\/uploads\/2018\/03\/550x506.jpg\" \/>\n\t<meta property=\"og:image:width\" content=\"550\" \/>\n\t<meta property=\"og:image:height\" content=\"506\" \/>\n\t<meta property=\"og:image:type\" content=\"image\/jpeg\" \/>\n<meta name=\"twitter:card\" content=\"summary_large_image\" \/>\n<meta name=\"twitter:label1\" content=\"Tempo di lettura stimato\" \/>\n\t<meta name=\"twitter:data1\" content=\"2 minuti\" \/>\n<script type=\"application\/ld+json\" class=\"yoast-schema-graph\">{\"@context\":\"https:\\\/\\\/schema.org\",\"@graph\":[{\"@type\":[\"WebPage\",\"ItemPage\"],\"@id\":\"https:\\\/\\\/magnetarmagnets.com\\\/it\\\/shop\\\/porta-coltelli-magnetico-acciaio-inossidabile\\\/\",\"url\":\"https:\\\/\\\/magnetarmagnets.com\\\/it\\\/shop\\\/porta-coltelli-magnetico-acciaio-inossidabile\\\/\",\"name\":\"Porta coltelli magnetico - acciaio inossidabile - Magnet fishing with a Magnetar fishing magnet\",\"isPartOf\":{\"@id\":\"https:\\\/\\\/magnetarmagnets.com\\\/it\\\/#website\"},\"primaryImageOfPage\":{\"@id\":\"https:\\\/\\\/magnetarmagnets.com\\\/it\\\/shop\\\/porta-coltelli-magnetico-acciaio-inossidabile\\\/#primaryimage\"},\"image\":{\"@id\":\"https:\\\/\\\/magnetarmagnets.com\\\/it\\\/shop\\\/porta-coltelli-magnetico-acciaio-inossidabile\\\/#primaryimage\"},\"thumbnailUrl\":\"https:\\\/\\\/magnetarmagnets.com\\\/wp-content\\\/uploads\\\/2018\\\/03\\\/550x506.jpg\",\"datePublished\":\"2025-06-05T07:54:39+00:00\",\"dateModified\":\"2026-04-04T05:33:17+00:00\",\"description\":\"Porta coltelli magnetico - acciaio inossidabile di Magnetar\",\"breadcrumb\":{\"@id\":\"https:\\\/\\\/magnetarmagnets.com\\\/it\\\/shop\\\/porta-coltelli-magnetico-acciaio-inossidabile\\\/#breadcrumb\"},\"inLanguage\":\"it-IT\",\"potentialAction\":[{\"@type\":\"ReadAction\",\"target\":[\"https:\\\/\\\/magnetarmagnets.com\\\/it\\\/shop\\\/porta-coltelli-magnetico-acciaio-inossidabile\\\/\"]}]},{\"@type\":\"ImageObject\",\"inLanguage\":\"it-IT\",\"@id\":\"https:\\\/\\\/magnetarmagnets.com\\\/it\\\/shop\\\/porta-coltelli-magnetico-acciaio-inossidabile\\\/#primaryimage\",\"url\":\"https:\\\/\\\/magnetarmagnets.com\\\/wp-content\\\/uploads\\\/2018\\\/03\\\/550x506.jpg\",\"contentUrl\":\"https:\\\/\\\/magnetarmagnets.com\\\/wp-content\\\/uploads\\\/2018\\\/03\\\/550x506.jpg\",\"width\":550,\"height\":506,\"caption\":\"Stainless Steel knife holder\"},{\"@type\":\"BreadcrumbList\",\"@id\":\"https:\\\/\\\/magnetarmagnets.com\\\/it\\\/shop\\\/porta-coltelli-magnetico-acciaio-inossidabile\\\/#breadcrumb\",\"itemListElement\":[{\"@type\":\"ListItem\",\"position\":1,\"name\":\"Home\",\"item\":\"https:\\\/\\\/magnetarmagnets.com\\\/it\\\/\"},{\"@type\":\"ListItem\",\"position\":2,\"name\":\"negozio\",\"item\":\"https:\\\/\\\/magnetarmagnets.com\\\/negozio\\\/\"},{\"@type\":\"ListItem\",\"position\":3,\"name\":\"Attrezzatura\",\"item\":\"https:\\\/\\\/magnetarmagnets.com\\\/it\\\/collections\\\/attrezzatura\\\/\"},{\"@type\":\"ListItem\",\"position\":4,\"name\":\"Accessori Magnetici\",\"item\":\"https:\\\/\\\/magnetarmagnets.com\\\/it\\\/collections\\\/attrezzatura\\\/accessori-magnetici\\\/\"},{\"@type\":\"ListItem\",\"position\":5,\"name\":\"Porta coltelli magnetico &#8211; acciaio inossidabile\"}]},{\"@type\":\"WebSite\",\"@id\":\"https:\\\/\\\/magnetarmagnets.com\\\/it\\\/#website\",\"url\":\"https:\\\/\\\/magnetarmagnets.com\\\/it\\\/\",\"name\":\"Magnet fishing with a Magnetar fishing magnet\",\"description\":\"Magneti potenti per la pesca magnetica\",\"publisher\":{\"@id\":\"https:\\\/\\\/magnetarmagnets.com\\\/it\\\/#organization\"},\"potentialAction\":[{\"@type\":\"SearchAction\",\"target\":{\"@type\":\"EntryPoint\",\"urlTemplate\":\"https:\\\/\\\/magnetarmagnets.com\\\/it\\\/?s={search_term_string}\"},\"query-input\":{\"@type\":\"PropertyValueSpecification\",\"valueRequired\":true,\"valueName\":\"search_term_string\"}}],\"inLanguage\":\"it-IT\"},{\"@type\":\"Organization\",\"@id\":\"https:\\\/\\\/magnetarmagnets.com\\\/it\\\/#organization\",\"name\":\"Magnetar\",\"url\":\"https:\\\/\\\/magnetarmagnets.com\\\/it\\\/\",\"logo\":{\"@type\":\"ImageObject\",\"inLanguage\":\"it-IT\",\"@id\":\"https:\\\/\\\/magnetarmagnets.com\\\/it\\\/#\\\/schema\\\/logo\\\/image\\\/\",\"url\":\"https:\\\/\\\/magnetarmagnets.com\\\/wp-content\\\/uploads\\\/2025\\\/05\\\/Logo-03_PNG-Black-scaled.png\",\"contentUrl\":\"https:\\\/\\\/magnetarmagnets.com\\\/wp-content\\\/uploads\\\/2025\\\/05\\\/Logo-03_PNG-Black-scaled.png\",\"width\":2560,\"height\":1658,\"caption\":\"Magnetar\"},\"image\":{\"@id\":\"https:\\\/\\\/magnetarmagnets.com\\\/it\\\/#\\\/schema\\\/logo\\\/image\\\/\"},\"sameAs\":[\"https:\\\/\\\/www.facebook.com\\\/fishingmagnets\\\/\",\"https:\\\/\\\/www.instagram.com\\\/magnetar_magnets\\\/\",\"https:\\\/\\\/www.linkedin.com\\\/company\\\/magnetarbv\\\/?originalSubdomain=nl\",\"https:\\\/\\\/www.youtube.com\\\/c\\\/MagnetarVismagneet\"]}]}<\/script>\n<!-- \/ Yoast SEO plugin. -->","yoast_head_json":{"title":"Porta coltelli magnetico - acciaio inossidabile - Magnet fishing with a Magnetar fishing magnet","description":"Porta coltelli magnetico - acciaio inossidabile di Magnetar","robots":{"index":"index","follow":"follow","max-snippet":"max-snippet:-1","max-image-preview":"max-image-preview:large","max-video-preview":"max-video-preview:-1"},"canonical":"https:\/\/magnetarmagnets.com\/it\/shop\/porta-coltelli-magnetico-acciaio-inossidabile\/","og_locale":"it_IT","og_type":"article","og_title":"Porta coltelli magnetico - acciaio inossidabile - Magnet fishing with a Magnetar fishing magnet","og_description":"Porta coltelli magnetico - acciaio inossidabile di Magnetar","og_url":"https:\/\/magnetarmagnets.com\/it\/shop\/porta-coltelli-magnetico-acciaio-inossidabile\/","og_site_name":"Magnet fishing with a Magnetar fishing magnet","article_publisher":"https:\/\/www.facebook.com\/fishingmagnets\/","article_modified_time":"2026-04-04T05:33:17+00:00","og_image":[{"width":550,"height":506,"url":"https:\/\/magnetarmagnets.com\/wp-content\/uploads\/2018\/03\/550x506.jpg","type":"image\/jpeg"}],"twitter_card":"summary_large_image","twitter_misc":{"Tempo di lettura stimato":"2 minuti"},"schema":{"@context":"https:\/\/schema.org","@graph":[{"@type":["WebPage","ItemPage"],"@id":"https:\/\/magnetarmagnets.com\/it\/shop\/porta-coltelli-magnetico-acciaio-inossidabile\/","url":"https:\/\/magnetarmagnets.com\/it\/shop\/porta-coltelli-magnetico-acciaio-inossidabile\/","name":"Porta coltelli magnetico - acciaio inossidabile - Magnet fishing with a Magnetar fishing magnet","isPartOf":{"@id":"https:\/\/magnetarmagnets.com\/it\/#website"},"primaryImageOfPage":{"@id":"https:\/\/magnetarmagnets.com\/it\/shop\/porta-coltelli-magnetico-acciaio-inossidabile\/#primaryimage"},"image":{"@id":"https:\/\/magnetarmagnets.com\/it\/shop\/porta-coltelli-magnetico-acciaio-inossidabile\/#primaryimage"},"thumbnailUrl":"https:\/\/magnetarmagnets.com\/wp-content\/uploads\/2018\/03\/550x506.jpg","datePublished":"2025-06-05T07:54:39+00:00","dateModified":"2026-04-04T05:33:17+00:00","description":"Porta coltelli magnetico - acciaio inossidabile di Magnetar","breadcrumb":{"@id":"https:\/\/magnetarmagnets.com\/it\/shop\/porta-coltelli-magnetico-acciaio-inossidabile\/#breadcrumb"},"inLanguage":"it-IT","potentialAction":[{"@type":"ReadAction","target":["https:\/\/magnetarmagnets.com\/it\/shop\/porta-coltelli-magnetico-acciaio-inossidabile\/"]}]},{"@type":"ImageObject","inLanguage":"it-IT","@id":"https:\/\/magnetarmagnets.com\/it\/shop\/porta-coltelli-magnetico-acciaio-inossidabile\/#primaryimage","url":"https:\/\/magnetarmagnets.com\/wp-content\/uploads\/2018\/03\/550x506.jpg","contentUrl":"https:\/\/magnetarmagnets.com\/wp-content\/uploads\/2018\/03\/550x506.jpg","width":550,"height":506,"caption":"Stainless Steel knife holder"},{"@type":"BreadcrumbList","@id":"https:\/\/magnetarmagnets.com\/it\/shop\/porta-coltelli-magnetico-acciaio-inossidabile\/#breadcrumb","itemListElement":[{"@type":"ListItem","position":1,"name":"Home","item":"https:\/\/magnetarmagnets.com\/it\/"},{"@type":"ListItem","position":2,"name":"negozio","item":"https:\/\/magnetarmagnets.com\/negozio\/"},{"@type":"ListItem","position":3,"name":"Attrezzatura","item":"https:\/\/magnetarmagnets.com\/it\/collections\/attrezzatura\/"},{"@type":"ListItem","position":4,"name":"Accessori Magnetici","item":"https:\/\/magnetarmagnets.com\/it\/collections\/attrezzatura\/accessori-magnetici\/"},{"@type":"ListItem","position":5,"name":"Porta coltelli magnetico &#8211; acciaio inossidabile"}]},{"@type":"WebSite","@id":"https:\/\/magnetarmagnets.com\/it\/#website","url":"https:\/\/magnetarmagnets.com\/it\/","name":"Magnet fishing with a Magnetar fishing magnet","description":"Magneti potenti per la pesca magnetica","publisher":{"@id":"https:\/\/magnetarmagnets.com\/it\/#organization"},"potentialAction":[{"@type":"SearchAction","target":{"@type":"EntryPoint","urlTemplate":"https:\/\/magnetarmagnets.com\/it\/?s={search_term_string}"},"query-input":{"@type":"PropertyValueSpecification","valueRequired":true,"valueName":"search_term_string"}}],"inLanguage":"it-IT"},{"@type":"Organization","@id":"https:\/\/magnetarmagnets.com\/it\/#organization","name":"Magnetar","url":"https:\/\/magnetarmagnets.com\/it\/","logo":{"@type":"ImageObject","inLanguage":"it-IT","@id":"https:\/\/magnetarmagnets.com\/it\/#\/schema\/logo\/image\/","url":"https:\/\/magnetarmagnets.com\/wp-content\/uploads\/2025\/05\/Logo-03_PNG-Black-scaled.png","contentUrl":"https:\/\/magnetarmagnets.com\/wp-content\/uploads\/2025\/05\/Logo-03_PNG-Black-scaled.png","width":2560,"height":1658,"caption":"Magnetar"},"image":{"@id":"https:\/\/magnetarmagnets.com\/it\/#\/schema\/logo\/image\/"},"sameAs":["https:\/\/www.facebook.com\/fishingmagnets\/","https:\/\/www.instagram.com\/magnetar_magnets\/","https:\/\/www.linkedin.com\/company\/magnetarbv\/?originalSubdomain=nl","https:\/\/www.youtube.com\/c\/MagnetarVismagneet"]}]}},"_links":{"self":[{"href":"https:\/\/magnetarmagnets.com\/it\/wp-json\/wp\/v2\/product\/81787","targetHints":{"allow":["GET"]}}],"collection":[{"href":"https:\/\/magnetarmagnets.com\/it\/wp-json\/wp\/v2\/product"}],"about":[{"href":"https:\/\/magnetarmagnets.com\/it\/wp-json\/wp\/v2\/types\/product"}],"replies":[{"embeddable":true,"href":"https:\/\/magnetarmagnets.com\/it\/wp-json\/wp\/v2\/comments?post=81787"}],"version-history":[{"count":1,"href":"https:\/\/magnetarmagnets.com\/it\/wp-json\/wp\/v2\/product\/81787\/revisions"}],"predecessor-version":[{"id":95333,"href":"https:\/\/magnetarmagnets.com\/it\/wp-json\/wp\/v2\/product\/81787\/revisions\/95333"}],"wp:featuredmedia":[{"embeddable":true,"href":"https:\/\/magnetarmagnets.com\/it\/wp-json\/wp\/v2\/media\/73697"}],"wp:attachment":[{"href":"https:\/\/magnetarmagnets.com\/it\/wp-json\/wp\/v2\/media?parent=81787"}],"wp:term":[{"taxonomy":"product_brand","embeddable":true,"href":"https:\/\/magnetarmagnets.com\/it\/wp-json\/wp\/v2\/product_brand?post=81787"},{"taxonomy":"product_cat","embeddable":true,"href":"https:\/\/magnetarmagnets.com\/it\/wp-json\/wp\/v2\/product_cat?post=81787"},{"taxonomy":"product_tag","embeddable":true,"href":"https:\/\/magnetarmagnets.com\/it\/wp-json\/wp\/v2\/product_tag?post=81787"}],"curies":[{"name":"wp","href":"https:\/\/api.w.org\/{rel}","templated":true}]}}