{"id":81785,"date":"2025-06-05T09:54:40","date_gmt":"2025-06-05T07:54:40","guid":{"rendered":"https:\/\/magnetarmagnets.com\/?post_type=product&#038;p=81785"},"modified":"2026-04-17T00:29:05","modified_gmt":"2026-04-16T22:29:05","slug":"magnete-da-pesca-classic-110-kg-lato-singolo","status":"publish","type":"product","link":"https:\/\/magnetarmagnets.com\/it\/shop\/magnete-da-pesca-classic-110-kg-lato-singolo\/","title":{"rendered":"Magnete da pesca Classic 110 KG &#8211; lato singolo"},"content":{"rendered":"Il magnete da pesca Classic 110 <span style=\"font-weight: 400;\">\u00e8 un magnete da pesca in neodimio monolato con una forza di trazione massima di 110 kg. Consigliamo il nostro magnete da pesca Classic 110 ai bambini o a chiunque abbia bisogno di un magnete per recuperare le chiavi dal fondo dell&#8217;acqua una o poche volte. Per chi desidera davvero dedicarsi seriamente alla pesca con magnete, consigliamo un magnete pi\u00f9 potente.<\/span>\r\n<h2>Magnete da pesca Classic 110 &#8211; 110 kg<\/h2>\r\n<span style=\"font-weight: 400;\">Stai cercando un piccolo magnete da pesca per tuo figlio? O hai fatto cadere qualcosa in acqua e devi recuperarlo? Il magnete da pesca Classic 110 \u00e8 la soluzione perfetta! Questo magnete \u00e8 di dimensioni ridotte, ideale per i bambini, ma anche potente. 110 kg sembra una forza notevole, ma sar\u00e0 raggiunta solo in condizioni ideali: superficie metallica piana di spessore 2 cm, senza ruggine n\u00e9 detriti tra il magnete e il metallo. In queste condizioni puoi sollevare 110 kg in verticale.<\/span>\r\n\r\n<span style=\"font-weight: 400;\">In particolare con questo magnete puoi recuperare monete, chiavi e piccoli tesori. Oggetti pi\u00f9 pesanti non possono essere estratti. Riteniamo che 110 kg siano appena sufficienti per la pesca con magnete pi\u00f9 impegnativa. Il vantaggio del Classic 110 \u00e8 il prezzo contenuto, che lo rende accessibile anche ai bambini per scoprire se la pesca con magnete \u00e8 un hobby divertente. Se invece vuoi praticare pesca con magnete senza perdere reperti pi\u00f9 grandi, consigliamo uno dei nostri magneti pi\u00f9 potenti.<\/span>\r\n\r\nVuoi prendere sul serio la pesca con magnete? Consigliamo allora i nostri magneti pi\u00f9 potenti. Il <a href=\"https:\/\/magnetarmagnets.com\/shop\/classic-fishing-magnet-660lb-300kg\">Classic 300<\/a> e i magneti allround a 360\u00b0 <a href=\"https:\/\/magnetarmagnets.com\/shop\/easy-magnet\">Easy<\/a> e <a href=\"https:\/\/magnetarmagnets.com\/shop\/hardcore-magnet-2\">Hardcore<\/a> sono eccellenti scelte per il neofita della pesca con magnete che desidera recuperare una vasta gamma di oggetti.","protected":false},"excerpt":{"rendered":"<p><span style=\"font-weight: 400;\"><strong>Sicuro per i bambini<\/strong>, indispensabile per gli appassionati di sport acquatici per <strong>riportare in superficie gli oggetti persi<\/strong>.<\/span><\/p>\n","protected":false},"featured_media":70484,"comment_status":"open","ping_status":"closed","template":"","meta":{"_acf_changed":false,"inline_featured_image":false},"product_brand":[],"product_cat":[473,479,482],"product_tag":[],"class_list":{"0":"post-81785","1":"product","2":"type-product","3":"status-publish","4":"has-post-thumbnail","6":"product_cat-magneti-da-pesca","7":"product_cat-magneti-da-pesca-a-faccia-singola","8":"product_cat-per-principianti-e-bambini","10":"first","11":"instock","12":"sale","13":"taxable","14":"shipping-taxable","15":"purchasable","16":"product-type-simple"},"acf":[],"yoast_head":"<!-- This site is optimized with the Yoast SEO plugin v27.4 - https:\/\/yoast.com\/product\/yoast-seo-wordpress\/ -->\n<title>Magnete da pesca per bambini - magnete 110kg speciale per bambini<\/title>\n<meta name=\"description\" content=\"Magnete da pesca per bambini - 110kg - Magnetar\" \/>\n<meta name=\"robots\" content=\"index, follow, max-snippet:-1, max-image-preview:large, max-video-preview:-1\" \/>\n<link rel=\"canonical\" href=\"https:\/\/magnetarmagnets.com\/it\/shop\/magnete-da-pesca-classic-110-kg-lato-singolo\/\" \/>\n<meta property=\"og:locale\" content=\"it_IT\" \/>\n<meta property=\"og:type\" content=\"article\" \/>\n<meta property=\"og:title\" content=\"Magnete da pesca per bambini - magnete 110kg speciale per bambini\" \/>\n<meta property=\"og:description\" content=\"Magnete da pesca per bambini - 110kg - Magnetar\" \/>\n<meta property=\"og:url\" content=\"https:\/\/magnetarmagnets.com\/it\/shop\/magnete-da-pesca-classic-110-kg-lato-singolo\/\" \/>\n<meta property=\"og:site_name\" content=\"Magnet fishing with a Magnetar fishing magnet\" \/>\n<meta property=\"article:publisher\" content=\"https:\/\/www.facebook.com\/fishingmagnets\/\" \/>\n<meta property=\"article:modified_time\" content=\"2026-04-16T22:29:05+00:00\" \/>\n<meta property=\"og:image\" content=\"https:\/\/magnetarmagnets.com\/wp-content\/uploads\/2018\/02\/FOTO1499-1.jpg\" \/>\n\t<meta property=\"og:image:width\" content=\"1000\" \/>\n\t<meta property=\"og:image:height\" content=\"1000\" \/>\n\t<meta property=\"og:image:type\" content=\"image\/jpeg\" \/>\n<meta name=\"twitter:card\" content=\"summary_large_image\" \/>\n<meta name=\"twitter:label1\" content=\"Tempo di lettura stimato\" \/>\n\t<meta name=\"twitter:data1\" content=\"2 minuti\" \/>\n<script type=\"application\/ld+json\" class=\"yoast-schema-graph\">{\"@context\":\"https:\\\/\\\/schema.org\",\"@graph\":[{\"@type\":[\"WebPage\",\"ItemPage\"],\"@id\":\"https:\\\/\\\/magnetarmagnets.com\\\/it\\\/shop\\\/magnete-da-pesca-classic-110-kg-lato-singolo\\\/\",\"url\":\"https:\\\/\\\/magnetarmagnets.com\\\/it\\\/shop\\\/magnete-da-pesca-classic-110-kg-lato-singolo\\\/\",\"name\":\"Magnete da pesca per bambini - magnete 110kg speciale per bambini\",\"isPartOf\":{\"@id\":\"https:\\\/\\\/magnetarmagnets.com\\\/it\\\/#website\"},\"primaryImageOfPage\":{\"@id\":\"https:\\\/\\\/magnetarmagnets.com\\\/it\\\/shop\\\/magnete-da-pesca-classic-110-kg-lato-singolo\\\/#primaryimage\"},\"image\":{\"@id\":\"https:\\\/\\\/magnetarmagnets.com\\\/it\\\/shop\\\/magnete-da-pesca-classic-110-kg-lato-singolo\\\/#primaryimage\"},\"thumbnailUrl\":\"https:\\\/\\\/magnetarmagnets.com\\\/wp-content\\\/uploads\\\/2018\\\/02\\\/FOTO1499-1.jpg\",\"datePublished\":\"2025-06-05T07:54:40+00:00\",\"dateModified\":\"2026-04-16T22:29:05+00:00\",\"description\":\"Magnete da pesca per bambini - 110kg - Magnetar\",\"breadcrumb\":{\"@id\":\"https:\\\/\\\/magnetarmagnets.com\\\/it\\\/shop\\\/magnete-da-pesca-classic-110-kg-lato-singolo\\\/#breadcrumb\"},\"inLanguage\":\"it-IT\",\"potentialAction\":[{\"@type\":\"ReadAction\",\"target\":[\"https:\\\/\\\/magnetarmagnets.com\\\/it\\\/shop\\\/magnete-da-pesca-classic-110-kg-lato-singolo\\\/\"]}]},{\"@type\":\"ImageObject\",\"inLanguage\":\"it-IT\",\"@id\":\"https:\\\/\\\/magnetarmagnets.com\\\/it\\\/shop\\\/magnete-da-pesca-classic-110-kg-lato-singolo\\\/#primaryimage\",\"url\":\"https:\\\/\\\/magnetarmagnets.com\\\/wp-content\\\/uploads\\\/2018\\\/02\\\/FOTO1499-1.jpg\",\"contentUrl\":\"https:\\\/\\\/magnetarmagnets.com\\\/wp-content\\\/uploads\\\/2018\\\/02\\\/FOTO1499-1.jpg\",\"width\":1000,\"height\":1000,\"caption\":\"Classic 80\"},{\"@type\":\"BreadcrumbList\",\"@id\":\"https:\\\/\\\/magnetarmagnets.com\\\/it\\\/shop\\\/magnete-da-pesca-classic-110-kg-lato-singolo\\\/#breadcrumb\",\"itemListElement\":[{\"@type\":\"ListItem\",\"position\":1,\"name\":\"Home\",\"item\":\"https:\\\/\\\/magnetarmagnets.com\\\/it\\\/\"},{\"@type\":\"ListItem\",\"position\":2,\"name\":\"negozio\",\"item\":\"https:\\\/\\\/magnetarmagnets.com\\\/negozio\\\/\"},{\"@type\":\"ListItem\",\"position\":3,\"name\":\"Per Principianti e Bambini\",\"item\":\"https:\\\/\\\/magnetarmagnets.com\\\/it\\\/collections\\\/per-principianti-e-bambini\\\/\"},{\"@type\":\"ListItem\",\"position\":4,\"name\":\"Magnete da pesca Classic 110 KG &#8211; lato singolo\"}]},{\"@type\":\"WebSite\",\"@id\":\"https:\\\/\\\/magnetarmagnets.com\\\/it\\\/#website\",\"url\":\"https:\\\/\\\/magnetarmagnets.com\\\/it\\\/\",\"name\":\"Magnet fishing with a Magnetar fishing magnet\",\"description\":\"Magneti potenti per la pesca magnetica\",\"publisher\":{\"@id\":\"https:\\\/\\\/magnetarmagnets.com\\\/it\\\/#organization\"},\"potentialAction\":[{\"@type\":\"SearchAction\",\"target\":{\"@type\":\"EntryPoint\",\"urlTemplate\":\"https:\\\/\\\/magnetarmagnets.com\\\/it\\\/?s={search_term_string}\"},\"query-input\":{\"@type\":\"PropertyValueSpecification\",\"valueRequired\":true,\"valueName\":\"search_term_string\"}}],\"inLanguage\":\"it-IT\"},{\"@type\":\"Organization\",\"@id\":\"https:\\\/\\\/magnetarmagnets.com\\\/it\\\/#organization\",\"name\":\"Magnetar\",\"url\":\"https:\\\/\\\/magnetarmagnets.com\\\/it\\\/\",\"logo\":{\"@type\":\"ImageObject\",\"inLanguage\":\"it-IT\",\"@id\":\"https:\\\/\\\/magnetarmagnets.com\\\/it\\\/#\\\/schema\\\/logo\\\/image\\\/\",\"url\":\"https:\\\/\\\/magnetarmagnets.com\\\/wp-content\\\/uploads\\\/2025\\\/05\\\/Logo-03_PNG-Black-scaled.png\",\"contentUrl\":\"https:\\\/\\\/magnetarmagnets.com\\\/wp-content\\\/uploads\\\/2025\\\/05\\\/Logo-03_PNG-Black-scaled.png\",\"width\":2560,\"height\":1658,\"caption\":\"Magnetar\"},\"image\":{\"@id\":\"https:\\\/\\\/magnetarmagnets.com\\\/it\\\/#\\\/schema\\\/logo\\\/image\\\/\"},\"sameAs\":[\"https:\\\/\\\/www.facebook.com\\\/fishingmagnets\\\/\",\"https:\\\/\\\/www.instagram.com\\\/magnetar_magnets\\\/\",\"https:\\\/\\\/www.linkedin.com\\\/company\\\/magnetarbv\\\/?originalSubdomain=nl\",\"https:\\\/\\\/www.youtube.com\\\/c\\\/MagnetarVismagneet\"]}]}<\/script>\n<!-- \/ Yoast SEO plugin. -->","yoast_head_json":{"title":"Magnete da pesca per bambini - magnete 110kg speciale per bambini","description":"Magnete da pesca per bambini - 110kg - Magnetar","robots":{"index":"index","follow":"follow","max-snippet":"max-snippet:-1","max-image-preview":"max-image-preview:large","max-video-preview":"max-video-preview:-1"},"canonical":"https:\/\/magnetarmagnets.com\/it\/shop\/magnete-da-pesca-classic-110-kg-lato-singolo\/","og_locale":"it_IT","og_type":"article","og_title":"Magnete da pesca per bambini - magnete 110kg speciale per bambini","og_description":"Magnete da pesca per bambini - 110kg - Magnetar","og_url":"https:\/\/magnetarmagnets.com\/it\/shop\/magnete-da-pesca-classic-110-kg-lato-singolo\/","og_site_name":"Magnet fishing with a Magnetar fishing magnet","article_publisher":"https:\/\/www.facebook.com\/fishingmagnets\/","article_modified_time":"2026-04-16T22:29:05+00:00","og_image":[{"width":1000,"height":1000,"url":"https:\/\/magnetarmagnets.com\/wp-content\/uploads\/2018\/02\/FOTO1499-1.jpg","type":"image\/jpeg"}],"twitter_card":"summary_large_image","twitter_misc":{"Tempo di lettura stimato":"2 minuti"},"schema":{"@context":"https:\/\/schema.org","@graph":[{"@type":["WebPage","ItemPage"],"@id":"https:\/\/magnetarmagnets.com\/it\/shop\/magnete-da-pesca-classic-110-kg-lato-singolo\/","url":"https:\/\/magnetarmagnets.com\/it\/shop\/magnete-da-pesca-classic-110-kg-lato-singolo\/","name":"Magnete da pesca per bambini - magnete 110kg speciale per bambini","isPartOf":{"@id":"https:\/\/magnetarmagnets.com\/it\/#website"},"primaryImageOfPage":{"@id":"https:\/\/magnetarmagnets.com\/it\/shop\/magnete-da-pesca-classic-110-kg-lato-singolo\/#primaryimage"},"image":{"@id":"https:\/\/magnetarmagnets.com\/it\/shop\/magnete-da-pesca-classic-110-kg-lato-singolo\/#primaryimage"},"thumbnailUrl":"https:\/\/magnetarmagnets.com\/wp-content\/uploads\/2018\/02\/FOTO1499-1.jpg","datePublished":"2025-06-05T07:54:40+00:00","dateModified":"2026-04-16T22:29:05+00:00","description":"Magnete da pesca per bambini - 110kg - Magnetar","breadcrumb":{"@id":"https:\/\/magnetarmagnets.com\/it\/shop\/magnete-da-pesca-classic-110-kg-lato-singolo\/#breadcrumb"},"inLanguage":"it-IT","potentialAction":[{"@type":"ReadAction","target":["https:\/\/magnetarmagnets.com\/it\/shop\/magnete-da-pesca-classic-110-kg-lato-singolo\/"]}]},{"@type":"ImageObject","inLanguage":"it-IT","@id":"https:\/\/magnetarmagnets.com\/it\/shop\/magnete-da-pesca-classic-110-kg-lato-singolo\/#primaryimage","url":"https:\/\/magnetarmagnets.com\/wp-content\/uploads\/2018\/02\/FOTO1499-1.jpg","contentUrl":"https:\/\/magnetarmagnets.com\/wp-content\/uploads\/2018\/02\/FOTO1499-1.jpg","width":1000,"height":1000,"caption":"Classic 80"},{"@type":"BreadcrumbList","@id":"https:\/\/magnetarmagnets.com\/it\/shop\/magnete-da-pesca-classic-110-kg-lato-singolo\/#breadcrumb","itemListElement":[{"@type":"ListItem","position":1,"name":"Home","item":"https:\/\/magnetarmagnets.com\/it\/"},{"@type":"ListItem","position":2,"name":"negozio","item":"https:\/\/magnetarmagnets.com\/negozio\/"},{"@type":"ListItem","position":3,"name":"Per Principianti e Bambini","item":"https:\/\/magnetarmagnets.com\/it\/collections\/per-principianti-e-bambini\/"},{"@type":"ListItem","position":4,"name":"Magnete da pesca Classic 110 KG &#8211; lato singolo"}]},{"@type":"WebSite","@id":"https:\/\/magnetarmagnets.com\/it\/#website","url":"https:\/\/magnetarmagnets.com\/it\/","name":"Magnet fishing with a Magnetar fishing magnet","description":"Magneti potenti per la pesca magnetica","publisher":{"@id":"https:\/\/magnetarmagnets.com\/it\/#organization"},"potentialAction":[{"@type":"SearchAction","target":{"@type":"EntryPoint","urlTemplate":"https:\/\/magnetarmagnets.com\/it\/?s={search_term_string}"},"query-input":{"@type":"PropertyValueSpecification","valueRequired":true,"valueName":"search_term_string"}}],"inLanguage":"it-IT"},{"@type":"Organization","@id":"https:\/\/magnetarmagnets.com\/it\/#organization","name":"Magnetar","url":"https:\/\/magnetarmagnets.com\/it\/","logo":{"@type":"ImageObject","inLanguage":"it-IT","@id":"https:\/\/magnetarmagnets.com\/it\/#\/schema\/logo\/image\/","url":"https:\/\/magnetarmagnets.com\/wp-content\/uploads\/2025\/05\/Logo-03_PNG-Black-scaled.png","contentUrl":"https:\/\/magnetarmagnets.com\/wp-content\/uploads\/2025\/05\/Logo-03_PNG-Black-scaled.png","width":2560,"height":1658,"caption":"Magnetar"},"image":{"@id":"https:\/\/magnetarmagnets.com\/it\/#\/schema\/logo\/image\/"},"sameAs":["https:\/\/www.facebook.com\/fishingmagnets\/","https:\/\/www.instagram.com\/magnetar_magnets\/","https:\/\/www.linkedin.com\/company\/magnetarbv\/?originalSubdomain=nl","https:\/\/www.youtube.com\/c\/MagnetarVismagneet"]}]}},"_links":{"self":[{"href":"https:\/\/magnetarmagnets.com\/it\/wp-json\/wp\/v2\/product\/81785","targetHints":{"allow":["GET"]}}],"collection":[{"href":"https:\/\/magnetarmagnets.com\/it\/wp-json\/wp\/v2\/product"}],"about":[{"href":"https:\/\/magnetarmagnets.com\/it\/wp-json\/wp\/v2\/types\/product"}],"replies":[{"embeddable":true,"href":"https:\/\/magnetarmagnets.com\/it\/wp-json\/wp\/v2\/comments?post=81785"}],"version-history":[{"count":1,"href":"https:\/\/magnetarmagnets.com\/it\/wp-json\/wp\/v2\/product\/81785\/revisions"}],"predecessor-version":[{"id":95671,"href":"https:\/\/magnetarmagnets.com\/it\/wp-json\/wp\/v2\/product\/81785\/revisions\/95671"}],"wp:featuredmedia":[{"embeddable":true,"href":"https:\/\/magnetarmagnets.com\/it\/wp-json\/wp\/v2\/media\/70484"}],"wp:attachment":[{"href":"https:\/\/magnetarmagnets.com\/it\/wp-json\/wp\/v2\/media?parent=81785"}],"wp:term":[{"taxonomy":"product_brand","embeddable":true,"href":"https:\/\/magnetarmagnets.com\/it\/wp-json\/wp\/v2\/product_brand?post=81785"},{"taxonomy":"product_cat","embeddable":true,"href":"https:\/\/magnetarmagnets.com\/it\/wp-json\/wp\/v2\/product_cat?post=81785"},{"taxonomy":"product_tag","embeddable":true,"href":"https:\/\/magnetarmagnets.com\/it\/wp-json\/wp\/v2\/product_tag?post=81785"}],"curies":[{"name":"wp","href":"https:\/\/api.w.org\/{rel}","templated":true}]}}