{"id":81783,"date":"2025-06-05T09:54:40","date_gmt":"2025-06-05T07:54:40","guid":{"rendered":"https:\/\/magnetarmagnets.com\/?post_type=product&#038;p=81783"},"modified":"2026-04-03T11:51:07","modified_gmt":"2026-04-03T09:51:07","slug":"easy-magnet-magnete-da-pesca-280-kg-allround-360","status":"publish","type":"product","link":"https:\/\/magnetarmagnets.com\/it\/shop\/easy-magnet-magnete-da-pesca-280-kg-allround-360\/","title":{"rendered":"Easy Magnet &#8211; magnete da pesca 280 kg &#8211; Allround 360\u00b0"},"content":{"rendered":"* Proteggi il magnete con una <a href=\"https:\/\/magnetarmagnets.com\/shop\/protection-cover-easy\/\" target=\"_blank\" rel=\"noopener\"><b>copertura protettiva<\/b><\/a> durante la pesca. Senza questa copertura, il magnete pu\u00f2 danneggiarsi se urta oggetti duri. La copertura protettiva non \u00e8 inclusa con il magnete.\r\n<h2><b>Il magnete da pesca Easy in neodimio<\/b><\/h2>\r\n<span style=\"font-weight: 400;\">Stai cercando il tuo primo <a href=\"https:\/\/magnetarmagnets.com\/\" target=\"_blank\" rel=\"noopener\">magnete da pesca<\/a> per appassionarti a questo hobby? L&#8217;Easy magnete \u00e8 perfetto per te! Grazie al suo peso di lancio ridotto offre ottime opportunit\u00e0 di recupero a un prezzo introduttivo conveniente. Perfetto per pescatori con magnete alle prime armi che vogliono capire se la <em>pesca con magnete<\/em> fa per loro prima di investire in un magnete pi\u00f9 potente. L&#8217;Easy \u00e8 ideale per individuare monete, ferri di cavallo, proiettili, pistole, coltelli e altri oggetti di dimensioni ridotte.<\/span>\r\n\r\n<span style=\"font-weight: 400;\">L&#8217;Easy magnete da pesca \u00e8 un magnete da pesca Allround con attrazione magnetica su tutti i lati e una forza di trazione di 600 lbs (150 lbs x 4 lati). L&#8217;Easy magnete da pesca \u00e8 la variante pi\u00f9 piccola della nostra gamma Exclusive ed \u00e8 perfetto per pescatori magnetici che vogliono un&#8217;eccellente opportunit\u00e0 di recupero a un costo contenuto. L&#8217;Easy \u00e8 il fratellino del nostro <\/span><a href=\"https:\/\/magnetarmagnets.com\/shop\/hardcore-magnet-2\/\" target=\"_blank\" rel=\"noopener\"><span style=\"font-weight: 400;\">Hardcore<\/span><\/a><span style=\"font-weight: 400;\"> magnete da pesca ma \u00e8 altrettanto aggressivo nei risultati di ricerca.<\/span>\r\n<h2><b>Stai cercando il tuo primo magnete da pesca a 360\u00b0?<\/b><\/h2>\r\n<span style=\"font-weight: 400;\">L&#8217;Easy magnete \u00e8 la versione pi\u00f9 piccola del magnete da pesca Allround. Abbiamo creato questo magnete per entry-level magnet fishermen che vogliono accedere alla gamma pi\u00f9 potente al prezzo pi\u00f9 accessibile. Cerchi un magnete da pesca Allround pi\u00f9 potente? Dai un&#8217;occhiata ai nostri Hardcore, Terror o The Beast. Se sei nuovo nella pesca con magnete considera l&#8217;acquisto dei nostri <a href=\"https:\/\/magnetarmagnets.com\/collections\/fishing-magnets\/magnet-fishing-kit\/\" target=\"_blank\" rel=\"noopener\">kit per la pesca con magnete<\/a>.<\/span>\r\n<h2><b>Evoluzione del magnete<\/b><\/h2>\r\n<span style=\"font-weight: 400;\">Molti magneti hanno una forza attrattiva solo su un lato. Questo magnete a lato singolo \u00e8 il classico magnete da pesca. Magnetar \u00e8 stata la prima azienda a trasformare questo magnete classico in un magnete a doppia faccia. Poi, nel 2016, Magnetar ha sviluppato il magnete da pesca Allround a 360\u00b0 con attrazione magnetica su tutti i lati. I pescatori magnetici in tutta l&#8217;UE sono attratti dai nostri magneti 100% in neodimio da allora, rendendoci il fornitore #1 in Europa. I nostri magneti sono realizzati con la massima qualit\u00e0, design e cura da un piccolo team di appassionati di pesca con magnete. I nostri clienti tornano perch\u00e9 sanno che con Magnetar otterranno pi\u00f9 di un magnete, troveranno tesori.<\/span>\r\n<h2><b>Potente forza di trazione a 360\u00b0<\/b><\/h2>\r\n<span style=\"font-weight: 400;\">L&#8217;Easy magnete \u00e8 uno dei magneti pi\u00f9 potenti che offriamo. La forza di trazione di un magnete a lato singolo non \u00e8 paragonabile a quella di un magnete in puro neodimio a 360\u00b0. L&#8217;involucro in acciaio del magnete a lato singolo influisce sulla forza di trazione e la concentra in una direzione. Ci\u00f2 permette ai magneti a lato singolo di raggiungere elevate forze attrattive su superfici piatte da un lato, ma il nostro esclusivo magnete Allround 360\u00b0 attrae oggetti da ogni lato grazie alla forza magnetica su tutto l&#8217;intorno. Clicca sul link per scoprire di pi\u00f9 sulla <a href=\"https:\/\/www.youtube.com\/watch?v=2McW3RURDxs\">misurazione della nostra forza di trazione<\/a>.<\/span>","protected":false},"excerpt":{"rendered":"<p><span style=\"font-weight: 400;\">Un rivoluzionario magnete a 360\u00b0 per bambini con <strong>attrazione totale a lunga distanza<\/strong>. Progettato da Magnetar, questo <strong>magnete in puro neodimio<\/strong> ha una forza di trazione fino a 280 kg ed \u00e8 perfetto per <strong>piccoli esploratori con grandi sogni di magnete da pesca<\/strong>. La prossima volta che porterai tuo figlio in avventura, sarai sicuro di trovare <strong>tesori entusiasmanti<\/strong> e creare <strong>ricordi che durano per sempre<\/strong>.<\/span><\/p>\n","protected":false},"featured_media":73988,"comment_status":"open","ping_status":"closed","template":"","meta":{"_acf_changed":false,"inline_featured_image":false},"product_brand":[],"product_cat":[473,476,482],"product_tag":[],"class_list":{"0":"post-81783","1":"product","2":"type-product","3":"status-publish","4":"has-post-thumbnail","6":"product_cat-magneti-da-pesca","7":"product_cat-magneti-da-pesca-360-allround","8":"product_cat-per-principianti-e-bambini","10":"first","11":"instock","12":"sale","13":"taxable","14":"shipping-taxable","15":"purchasable","16":"product-type-simple"},"acf":[],"yoast_head":"<!-- This site is optimized with the Yoast SEO plugin v27.3 - https:\/\/yoast.com\/product\/yoast-seo-wordpress\/ -->\n<title>Easy Magnet - magnete da pesca 280 kg - Allround 360\u00b0<\/title>\n<meta name=\"description\" content=\"L&#039;esclusivo Easy magnete da pesca: il magnete da pesca Allround pi\u00f9 piccolo! Ma non sottovalutarlo: \u00e8 molto potente e garantisce un ottimo tasso di recupero!\" \/>\n<meta name=\"robots\" content=\"index, follow, max-snippet:-1, max-image-preview:large, max-video-preview:-1\" \/>\n<link rel=\"canonical\" href=\"https:\/\/magnetarmagnets.com\/it\/shop\/easy-magnet-magnete-da-pesca-280-kg-allround-360\/\" \/>\n<meta property=\"og:locale\" content=\"it_IT\" \/>\n<meta property=\"og:type\" content=\"article\" \/>\n<meta property=\"og:title\" content=\"Easy Magnet - magnete da pesca 280 kg - Allround 360\u00b0\" \/>\n<meta property=\"og:description\" content=\"L&#039;esclusivo Easy magnete da pesca: il magnete da pesca Allround pi\u00f9 piccolo! Ma non sottovalutarlo: \u00e8 molto potente e garantisce un ottimo tasso di recupero!\" \/>\n<meta property=\"og:url\" content=\"https:\/\/magnetarmagnets.com\/it\/shop\/easy-magnet-magnete-da-pesca-280-kg-allround-360\/\" \/>\n<meta property=\"og:site_name\" content=\"Magnet fishing with a Magnetar fishing magnet\" \/>\n<meta property=\"article:publisher\" content=\"https:\/\/www.facebook.com\/fishingmagnets\/\" \/>\n<meta property=\"article:modified_time\" content=\"2026-04-03T09:51:07+00:00\" \/>\n<meta property=\"og:image\" content=\"https:\/\/magnetarmagnets.com\/wp-content\/uploads\/2023\/12\/The_Easy_Bergemagnet_fur_magnetfischen.jpeg.jpg\" \/>\n\t<meta property=\"og:image:width\" content=\"1000\" \/>\n\t<meta property=\"og:image:height\" content=\"1000\" \/>\n\t<meta property=\"og:image:type\" content=\"image\/jpeg\" \/>\n<meta name=\"twitter:card\" content=\"summary_large_image\" \/>\n<meta name=\"twitter:label1\" content=\"Tempo di lettura stimato\" \/>\n\t<meta name=\"twitter:data1\" content=\"3 minuti\" \/>\n<script type=\"application\/ld+json\" class=\"yoast-schema-graph\">{\"@context\":\"https:\\\/\\\/schema.org\",\"@graph\":[{\"@type\":[\"WebPage\",\"ItemPage\"],\"@id\":\"https:\\\/\\\/magnetarmagnets.com\\\/it\\\/shop\\\/easy-magnet-magnete-da-pesca-280-kg-allround-360\\\/\",\"url\":\"https:\\\/\\\/magnetarmagnets.com\\\/it\\\/shop\\\/easy-magnet-magnete-da-pesca-280-kg-allround-360\\\/\",\"name\":\"Easy Magnet - magnete da pesca 280 kg - Allround 360\u00b0\",\"isPartOf\":{\"@id\":\"https:\\\/\\\/magnetarmagnets.com\\\/it\\\/#website\"},\"primaryImageOfPage\":{\"@id\":\"https:\\\/\\\/magnetarmagnets.com\\\/it\\\/shop\\\/easy-magnet-magnete-da-pesca-280-kg-allround-360\\\/#primaryimage\"},\"image\":{\"@id\":\"https:\\\/\\\/magnetarmagnets.com\\\/it\\\/shop\\\/easy-magnet-magnete-da-pesca-280-kg-allround-360\\\/#primaryimage\"},\"thumbnailUrl\":\"https:\\\/\\\/magnetarmagnets.com\\\/wp-content\\\/uploads\\\/2023\\\/12\\\/The_Easy_Bergemagnet_fur_magnetfischen.jpeg.jpg\",\"datePublished\":\"2025-06-05T07:54:40+00:00\",\"dateModified\":\"2026-04-03T09:51:07+00:00\",\"description\":\"L'esclusivo Easy magnete da pesca: il magnete da pesca Allround pi\u00f9 piccolo! Ma non sottovalutarlo: \u00e8 molto potente e garantisce un ottimo tasso di recupero!\",\"breadcrumb\":{\"@id\":\"https:\\\/\\\/magnetarmagnets.com\\\/it\\\/shop\\\/easy-magnet-magnete-da-pesca-280-kg-allround-360\\\/#breadcrumb\"},\"inLanguage\":\"it-IT\",\"potentialAction\":[{\"@type\":\"ReadAction\",\"target\":[\"https:\\\/\\\/magnetarmagnets.com\\\/it\\\/shop\\\/easy-magnet-magnete-da-pesca-280-kg-allround-360\\\/\"]}]},{\"@type\":\"ImageObject\",\"inLanguage\":\"it-IT\",\"@id\":\"https:\\\/\\\/magnetarmagnets.com\\\/it\\\/shop\\\/easy-magnet-magnete-da-pesca-280-kg-allround-360\\\/#primaryimage\",\"url\":\"https:\\\/\\\/magnetarmagnets.com\\\/wp-content\\\/uploads\\\/2023\\\/12\\\/The_Easy_Bergemagnet_fur_magnetfischen.jpeg.jpg\",\"contentUrl\":\"https:\\\/\\\/magnetarmagnets.com\\\/wp-content\\\/uploads\\\/2023\\\/12\\\/The_Easy_Bergemagnet_fur_magnetfischen.jpeg.jpg\",\"width\":1000,\"height\":1000,\"caption\":\"The Easy fishing magnet for magnet fishing\"},{\"@type\":\"BreadcrumbList\",\"@id\":\"https:\\\/\\\/magnetarmagnets.com\\\/it\\\/shop\\\/easy-magnet-magnete-da-pesca-280-kg-allround-360\\\/#breadcrumb\",\"itemListElement\":[{\"@type\":\"ListItem\",\"position\":1,\"name\":\"Home\",\"item\":\"https:\\\/\\\/magnetarmagnets.com\\\/it\\\/\"},{\"@type\":\"ListItem\",\"position\":2,\"name\":\"negozio\",\"item\":\"https:\\\/\\\/magnetarmagnets.com\\\/negozio\\\/\"},{\"@type\":\"ListItem\",\"position\":3,\"name\":\"Magneti da Pesca\",\"item\":\"https:\\\/\\\/magnetarmagnets.com\\\/it\\\/collections\\\/magneti-da-pesca\\\/\"},{\"@type\":\"ListItem\",\"position\":4,\"name\":\"Magneti da Pesca 360\u00b0 Allround\",\"item\":\"https:\\\/\\\/magnetarmagnets.com\\\/it\\\/collections\\\/magneti-da-pesca\\\/magneti-da-pesca-360-allround\\\/\"},{\"@type\":\"ListItem\",\"position\":5,\"name\":\"Easy Magnet &#8211; magnete da pesca 280 kg &#8211; Allround 360\u00b0\"}]},{\"@type\":\"WebSite\",\"@id\":\"https:\\\/\\\/magnetarmagnets.com\\\/it\\\/#website\",\"url\":\"https:\\\/\\\/magnetarmagnets.com\\\/it\\\/\",\"name\":\"Magnet fishing with a Magnetar fishing magnet\",\"description\":\"Magneti potenti per la pesca magnetica\",\"publisher\":{\"@id\":\"https:\\\/\\\/magnetarmagnets.com\\\/it\\\/#organization\"},\"potentialAction\":[{\"@type\":\"SearchAction\",\"target\":{\"@type\":\"EntryPoint\",\"urlTemplate\":\"https:\\\/\\\/magnetarmagnets.com\\\/it\\\/?s={search_term_string}\"},\"query-input\":{\"@type\":\"PropertyValueSpecification\",\"valueRequired\":true,\"valueName\":\"search_term_string\"}}],\"inLanguage\":\"it-IT\"},{\"@type\":\"Organization\",\"@id\":\"https:\\\/\\\/magnetarmagnets.com\\\/it\\\/#organization\",\"name\":\"Magnetar\",\"url\":\"https:\\\/\\\/magnetarmagnets.com\\\/it\\\/\",\"logo\":{\"@type\":\"ImageObject\",\"inLanguage\":\"it-IT\",\"@id\":\"https:\\\/\\\/magnetarmagnets.com\\\/it\\\/#\\\/schema\\\/logo\\\/image\\\/\",\"url\":\"https:\\\/\\\/magnetarmagnets.com\\\/wp-content\\\/uploads\\\/2025\\\/05\\\/Logo-03_PNG-Black-scaled.png\",\"contentUrl\":\"https:\\\/\\\/magnetarmagnets.com\\\/wp-content\\\/uploads\\\/2025\\\/05\\\/Logo-03_PNG-Black-scaled.png\",\"width\":2560,\"height\":1658,\"caption\":\"Magnetar\"},\"image\":{\"@id\":\"https:\\\/\\\/magnetarmagnets.com\\\/it\\\/#\\\/schema\\\/logo\\\/image\\\/\"},\"sameAs\":[\"https:\\\/\\\/www.facebook.com\\\/fishingmagnets\\\/\",\"https:\\\/\\\/www.instagram.com\\\/magnetar_magnets\\\/\",\"https:\\\/\\\/www.linkedin.com\\\/company\\\/magnetarbv\\\/?originalSubdomain=nl\",\"https:\\\/\\\/www.youtube.com\\\/c\\\/MagnetarVismagneet\"]}]}<\/script>\n<!-- \/ Yoast SEO plugin. -->","yoast_head_json":{"title":"Easy Magnet - magnete da pesca 280 kg - Allround 360\u00b0","description":"L'esclusivo Easy magnete da pesca: il magnete da pesca Allround pi\u00f9 piccolo! Ma non sottovalutarlo: \u00e8 molto potente e garantisce un ottimo tasso di recupero!","robots":{"index":"index","follow":"follow","max-snippet":"max-snippet:-1","max-image-preview":"max-image-preview:large","max-video-preview":"max-video-preview:-1"},"canonical":"https:\/\/magnetarmagnets.com\/it\/shop\/easy-magnet-magnete-da-pesca-280-kg-allround-360\/","og_locale":"it_IT","og_type":"article","og_title":"Easy Magnet - magnete da pesca 280 kg - Allround 360\u00b0","og_description":"L'esclusivo Easy magnete da pesca: il magnete da pesca Allround pi\u00f9 piccolo! Ma non sottovalutarlo: \u00e8 molto potente e garantisce un ottimo tasso di recupero!","og_url":"https:\/\/magnetarmagnets.com\/it\/shop\/easy-magnet-magnete-da-pesca-280-kg-allround-360\/","og_site_name":"Magnet fishing with a Magnetar fishing magnet","article_publisher":"https:\/\/www.facebook.com\/fishingmagnets\/","article_modified_time":"2026-04-03T09:51:07+00:00","og_image":[{"width":1000,"height":1000,"url":"https:\/\/magnetarmagnets.com\/wp-content\/uploads\/2023\/12\/The_Easy_Bergemagnet_fur_magnetfischen.jpeg.jpg","type":"image\/jpeg"}],"twitter_card":"summary_large_image","twitter_misc":{"Tempo di lettura stimato":"3 minuti"},"schema":{"@context":"https:\/\/schema.org","@graph":[{"@type":["WebPage","ItemPage"],"@id":"https:\/\/magnetarmagnets.com\/it\/shop\/easy-magnet-magnete-da-pesca-280-kg-allround-360\/","url":"https:\/\/magnetarmagnets.com\/it\/shop\/easy-magnet-magnete-da-pesca-280-kg-allround-360\/","name":"Easy Magnet - magnete da pesca 280 kg - Allround 360\u00b0","isPartOf":{"@id":"https:\/\/magnetarmagnets.com\/it\/#website"},"primaryImageOfPage":{"@id":"https:\/\/magnetarmagnets.com\/it\/shop\/easy-magnet-magnete-da-pesca-280-kg-allround-360\/#primaryimage"},"image":{"@id":"https:\/\/magnetarmagnets.com\/it\/shop\/easy-magnet-magnete-da-pesca-280-kg-allround-360\/#primaryimage"},"thumbnailUrl":"https:\/\/magnetarmagnets.com\/wp-content\/uploads\/2023\/12\/The_Easy_Bergemagnet_fur_magnetfischen.jpeg.jpg","datePublished":"2025-06-05T07:54:40+00:00","dateModified":"2026-04-03T09:51:07+00:00","description":"L'esclusivo Easy magnete da pesca: il magnete da pesca Allround pi\u00f9 piccolo! Ma non sottovalutarlo: \u00e8 molto potente e garantisce un ottimo tasso di recupero!","breadcrumb":{"@id":"https:\/\/magnetarmagnets.com\/it\/shop\/easy-magnet-magnete-da-pesca-280-kg-allround-360\/#breadcrumb"},"inLanguage":"it-IT","potentialAction":[{"@type":"ReadAction","target":["https:\/\/magnetarmagnets.com\/it\/shop\/easy-magnet-magnete-da-pesca-280-kg-allround-360\/"]}]},{"@type":"ImageObject","inLanguage":"it-IT","@id":"https:\/\/magnetarmagnets.com\/it\/shop\/easy-magnet-magnete-da-pesca-280-kg-allround-360\/#primaryimage","url":"https:\/\/magnetarmagnets.com\/wp-content\/uploads\/2023\/12\/The_Easy_Bergemagnet_fur_magnetfischen.jpeg.jpg","contentUrl":"https:\/\/magnetarmagnets.com\/wp-content\/uploads\/2023\/12\/The_Easy_Bergemagnet_fur_magnetfischen.jpeg.jpg","width":1000,"height":1000,"caption":"The Easy fishing magnet for magnet fishing"},{"@type":"BreadcrumbList","@id":"https:\/\/magnetarmagnets.com\/it\/shop\/easy-magnet-magnete-da-pesca-280-kg-allround-360\/#breadcrumb","itemListElement":[{"@type":"ListItem","position":1,"name":"Home","item":"https:\/\/magnetarmagnets.com\/it\/"},{"@type":"ListItem","position":2,"name":"negozio","item":"https:\/\/magnetarmagnets.com\/negozio\/"},{"@type":"ListItem","position":3,"name":"Magneti da Pesca","item":"https:\/\/magnetarmagnets.com\/it\/collections\/magneti-da-pesca\/"},{"@type":"ListItem","position":4,"name":"Magneti da Pesca 360\u00b0 Allround","item":"https:\/\/magnetarmagnets.com\/it\/collections\/magneti-da-pesca\/magneti-da-pesca-360-allround\/"},{"@type":"ListItem","position":5,"name":"Easy Magnet &#8211; magnete da pesca 280 kg &#8211; Allround 360\u00b0"}]},{"@type":"WebSite","@id":"https:\/\/magnetarmagnets.com\/it\/#website","url":"https:\/\/magnetarmagnets.com\/it\/","name":"Magnet fishing with a Magnetar fishing magnet","description":"Magneti potenti per la pesca magnetica","publisher":{"@id":"https:\/\/magnetarmagnets.com\/it\/#organization"},"potentialAction":[{"@type":"SearchAction","target":{"@type":"EntryPoint","urlTemplate":"https:\/\/magnetarmagnets.com\/it\/?s={search_term_string}"},"query-input":{"@type":"PropertyValueSpecification","valueRequired":true,"valueName":"search_term_string"}}],"inLanguage":"it-IT"},{"@type":"Organization","@id":"https:\/\/magnetarmagnets.com\/it\/#organization","name":"Magnetar","url":"https:\/\/magnetarmagnets.com\/it\/","logo":{"@type":"ImageObject","inLanguage":"it-IT","@id":"https:\/\/magnetarmagnets.com\/it\/#\/schema\/logo\/image\/","url":"https:\/\/magnetarmagnets.com\/wp-content\/uploads\/2025\/05\/Logo-03_PNG-Black-scaled.png","contentUrl":"https:\/\/magnetarmagnets.com\/wp-content\/uploads\/2025\/05\/Logo-03_PNG-Black-scaled.png","width":2560,"height":1658,"caption":"Magnetar"},"image":{"@id":"https:\/\/magnetarmagnets.com\/it\/#\/schema\/logo\/image\/"},"sameAs":["https:\/\/www.facebook.com\/fishingmagnets\/","https:\/\/www.instagram.com\/magnetar_magnets\/","https:\/\/www.linkedin.com\/company\/magnetarbv\/?originalSubdomain=nl","https:\/\/www.youtube.com\/c\/MagnetarVismagneet"]}]}},"_links":{"self":[{"href":"https:\/\/magnetarmagnets.com\/it\/wp-json\/wp\/v2\/product\/81783","targetHints":{"allow":["GET"]}}],"collection":[{"href":"https:\/\/magnetarmagnets.com\/it\/wp-json\/wp\/v2\/product"}],"about":[{"href":"https:\/\/magnetarmagnets.com\/it\/wp-json\/wp\/v2\/types\/product"}],"replies":[{"embeddable":true,"href":"https:\/\/magnetarmagnets.com\/it\/wp-json\/wp\/v2\/comments?post=81783"}],"version-history":[{"count":0,"href":"https:\/\/magnetarmagnets.com\/it\/wp-json\/wp\/v2\/product\/81783\/revisions"}],"wp:featuredmedia":[{"embeddable":true,"href":"https:\/\/magnetarmagnets.com\/it\/wp-json\/wp\/v2\/media\/73988"}],"wp:attachment":[{"href":"https:\/\/magnetarmagnets.com\/it\/wp-json\/wp\/v2\/media?parent=81783"}],"wp:term":[{"taxonomy":"product_brand","embeddable":true,"href":"https:\/\/magnetarmagnets.com\/it\/wp-json\/wp\/v2\/product_brand?post=81783"},{"taxonomy":"product_cat","embeddable":true,"href":"https:\/\/magnetarmagnets.com\/it\/wp-json\/wp\/v2\/product_cat?post=81783"},{"taxonomy":"product_tag","embeddable":true,"href":"https:\/\/magnetarmagnets.com\/it\/wp-json\/wp\/v2\/product_tag?post=81783"}],"curies":[{"name":"wp","href":"https:\/\/api.w.org\/{rel}","templated":true}]}}