{"id":81782,"date":"2025-06-05T09:54:40","date_gmt":"2025-06-05T07:54:40","guid":{"rendered":"https:\/\/magnetarmagnets.com\/?post_type=product&#038;p=81782"},"modified":"2026-04-07T18:23:21","modified_gmt":"2026-04-07T16:23:21","slug":"magnete-da-pesca-classico-300-kg-monofacciale","status":"publish","type":"product","link":"https:\/\/magnetarmagnets.com\/it\/shop\/magnete-da-pesca-classico-300-kg-monofacciale\/","title":{"rendered":"Magnete da pesca classico &#8211; 300 KG &#8211; Monofacciale"},"content":{"rendered":"Il magnete da pesca Classic 300 \u00e8 un magnete da pesca in neodimio monofacciale. Ha una forza di trazione fino a 660LB\/300KG. Il Classic 300 \u00e8 consigliato ai principianti che desiderano estrarre oggetti di grandi dimensioni dall&#8217;acqua. Questo magnete \u00e8 resistente agli urti, incapsulato in una robusta custodia in acciaio per proteggerlo dagli urti. Se cerchi un magnete che tutta la famiglia possa usare a un prezzo conveniente, questo \u00e8 il magnete da pesca che fa per te.\r\n<h2><strong>Potente magnete da pesca monofacciale 660LB\/300KG<\/strong><\/h2>\r\nIl magnete \u00e8 dotato di un alloggiamento che lo protegge da urti e cadute. Di conseguenza, il magnete \u00e8 attivo solo sulla parte inferiore. Tutte le forze di trazione sono indirizzate verso il basso, rendendo il magnete estremamente potente. <span style=\"font-weight: 400;\">Se cerchi un magnete allround con maggior potenza, dai un&#8217;occhiata ai nostri magneti <a href=\"https:\/\/magnetarmagnets.com\/shop\/easy-magnet\">Easy<\/a> e <a href=\"https:\/\/magnetarmagnets.com\/shop\/hardcore-magnet-2\/\" target=\"_blank\" rel=\"noopener noreferrer\">Hardcore<\/a>.<\/span>\r\n<h2>Non \u00e8 troppa potenza di tiraggio?<\/h2>\r\nNon preoccuparti! La forza di tiraggio dichiarata di 660LB\/300KG si raggiunge solo in condizioni perfette: metallo piatto spesso 0,78 inch\/2cm, senza ruggine n\u00e9 detriti tra magnete e metallo. La probabilit\u00e0 di imbattersi in una piastra di metallo pulita in acqua \u00e8 bassa. La maggior parte delle volte i tesori di ferro sono arrugginiti.\r\n<h2><b>Alta qualit\u00e0<\/b><\/h2>\r\nI nostri magneti da pesca sono realizzati in neodimio. I magneti Magnetar mantengono la loro forza magnetica per decenni, perdendo solo l&#8217;1% ogni 100 anni (se correttamente conservati e curati). Ecco perch\u00e9 vendiamo uno dei <a href=\"https:\/\/magnetarmagnets.com\/\" target=\"_blank\" rel=\"noopener\">migliori magneti da pesca<\/a> sul mercato.\r\n\r\nLa maggior parte degli altri fornitori mostra gi\u00e0 una perdita di forza dopo poche settimane. Negli ultimi anni abbiamo notato sempre pi\u00f9 magneti di bassa qualit\u00e0: magneti pi\u00f9 grandi ma con forza di trazione inferiore, neodimio scadente e pubblicit\u00e0 ingannevole. Se acquisti un magnete a basso costo o da una grande azienda, rischi di restare deluso, anche se risparmi qualche euro.\r\n\r\nMagnetar \u00e8 un&#8217;azienda familiare che mette la qualit\u00e0 al primo posto in tutto ci\u00f2 che fa. Siamo appassionati di pesca con magnete e tutti i nostri magneti sono progettati e prodotti dal nostro team per garantirti il miglior rapporto qualit\u00e0-prezzo (o tesori dal magnete!). Se cerchi un magnete da pesca affidabile, efficace e potente, sei nel posto giusto. Il nostro team sar\u00e0 felice di sentirti, <a href=\"mailto:info@magnetarmagnets.nl\">contattaci qui<\/a>.\r\n<h2><b>Usa con cautela<\/b><\/h2>\r\nI nostri magneti in neodimio sono molto potenti e possono attirare oggetti di ferro ad alta velocit\u00e0 se vicini. Con magneti da pesca pi\u00f9 potenti come il 360\u00b0 allround, le tue dita potrebbero restare intrappolate tra il magnete e altri oggetti. Maneggia i magneti con cura e usali a tuo rischio. Leggi sempre le nostre avvertenze prima dell&#8217;uso.\r\n\r\n* I bambini devono usare il magnete sotto la supervisione di un adulto.\r\n\r\nNon dimenticare di dare un&#8217;occhiata ai nostri <a href=\"https:\/\/magnetarmagnets.com\/magnet-fishing-kit\/\" target=\"_blank\" rel=\"noopener\">kit per pesca con magnete<\/a> e ai nostri <a href=\"https:\/\/magnetarmagnets.com\/accessories\/\" target=\"_blank\" rel=\"noopener\">accessori per pesca con magnete<\/a>.","protected":false},"excerpt":{"rendered":"<p>Inizia la tua prossima avventura con questo <strong>magnete da pesca monofacciale in neodimio<\/strong>. Questo magnete \u00e8 <strong>resistente agli urti<\/strong>, adatto a tutta la famiglia e <strong>facile da usare<\/strong>. Il Classic 300 \u00e8 un <strong>affidabile magnete da pesca<\/strong>.<\/p>\n","protected":false},"featured_media":74142,"comment_status":"open","ping_status":"closed","template":"","meta":{"_acf_changed":false,"inline_featured_image":false},"product_brand":[],"product_cat":[473,479,481,482,1006],"product_tag":[],"class_list":{"0":"post-81782","1":"product","2":"type-product","3":"status-publish","4":"has-post-thumbnail","6":"product_cat-magneti-da-pesca","7":"product_cat-magneti-da-pesca-a-faccia-singola","8":"product_cat-per-avventurieri-esperti","9":"product_cat-per-principianti-e-bambini","10":"product_cat-tutti-i-prodotti","12":"first","13":"instock","14":"taxable","15":"shipping-taxable","16":"purchasable","17":"product-type-simple"},"acf":[],"yoast_head":"<!-- This site is optimized with the Yoast SEO plugin v27.4 - https:\/\/yoast.com\/product\/yoast-seo-wordpress\/ -->\n<title>Magnete da pesca Magnetar 300 KG, molto resistente! Qualit\u00e0 eccellente!<\/title>\n<meta name=\"description\" content=\"Magnete da pesca Magnetar 300 KG per pesca con magnete, molto resistente! Qualit\u00e0 eccezionale! Ampia gamma di prodotti! Vieni a visitare il nostro negozio\" \/>\n<meta name=\"robots\" content=\"index, follow, max-snippet:-1, max-image-preview:large, max-video-preview:-1\" \/>\n<link rel=\"canonical\" href=\"https:\/\/magnetarmagnets.com\/it\/shop\/magnete-da-pesca-classico-300-kg-monofacciale\/\" \/>\n<meta property=\"og:locale\" content=\"it_IT\" \/>\n<meta property=\"og:type\" content=\"article\" \/>\n<meta property=\"og:title\" content=\"Magnete da pesca Magnetar 300 KG, molto resistente! Qualit\u00e0 eccellente!\" \/>\n<meta property=\"og:description\" content=\"Magnete da pesca Magnetar 300 KG per pesca con magnete, molto resistente! Qualit\u00e0 eccezionale! Ampia gamma di prodotti! Vieni a visitare il nostro negozio\" \/>\n<meta property=\"og:url\" content=\"https:\/\/magnetarmagnets.com\/it\/shop\/magnete-da-pesca-classico-300-kg-monofacciale\/\" \/>\n<meta property=\"og:site_name\" content=\"Magnet fishing with a Magnetar fishing magnet\" \/>\n<meta property=\"article:publisher\" content=\"https:\/\/www.facebook.com\/fishingmagnets\/\" \/>\n<meta property=\"article:modified_time\" content=\"2026-04-07T16:23:21+00:00\" \/>\n<meta property=\"og:image\" content=\"https:\/\/magnetarmagnets.com\/wp-content\/uploads\/2020\/05\/Classic-250.jpg\" \/>\n\t<meta property=\"og:image:width\" content=\"1000\" \/>\n\t<meta property=\"og:image:height\" content=\"1000\" \/>\n\t<meta property=\"og:image:type\" content=\"image\/jpeg\" \/>\n<meta name=\"twitter:card\" content=\"summary_large_image\" \/>\n<meta name=\"twitter:label1\" content=\"Tempo di lettura stimato\" \/>\n\t<meta name=\"twitter:data1\" content=\"3 minuti\" \/>\n<script type=\"application\/ld+json\" class=\"yoast-schema-graph\">{\"@context\":\"https:\\\/\\\/schema.org\",\"@graph\":[{\"@type\":[\"WebPage\",\"ItemPage\"],\"@id\":\"https:\\\/\\\/magnetarmagnets.com\\\/it\\\/shop\\\/magnete-da-pesca-classico-300-kg-monofacciale\\\/\",\"url\":\"https:\\\/\\\/magnetarmagnets.com\\\/it\\\/shop\\\/magnete-da-pesca-classico-300-kg-monofacciale\\\/\",\"name\":\"Magnete da pesca Magnetar 300 KG, molto resistente! Qualit\u00e0 eccellente!\",\"isPartOf\":{\"@id\":\"https:\\\/\\\/magnetarmagnets.com\\\/it\\\/#website\"},\"primaryImageOfPage\":{\"@id\":\"https:\\\/\\\/magnetarmagnets.com\\\/it\\\/shop\\\/magnete-da-pesca-classico-300-kg-monofacciale\\\/#primaryimage\"},\"image\":{\"@id\":\"https:\\\/\\\/magnetarmagnets.com\\\/it\\\/shop\\\/magnete-da-pesca-classico-300-kg-monofacciale\\\/#primaryimage\"},\"thumbnailUrl\":\"https:\\\/\\\/magnetarmagnets.com\\\/wp-content\\\/uploads\\\/2020\\\/05\\\/Classic-250.jpg\",\"datePublished\":\"2025-06-05T07:54:40+00:00\",\"dateModified\":\"2026-04-07T16:23:21+00:00\",\"description\":\"Magnete da pesca Magnetar 300 KG per pesca con magnete, molto resistente! Qualit\u00e0 eccezionale! Ampia gamma di prodotti! Vieni a visitare il nostro negozio\",\"breadcrumb\":{\"@id\":\"https:\\\/\\\/magnetarmagnets.com\\\/it\\\/shop\\\/magnete-da-pesca-classico-300-kg-monofacciale\\\/#breadcrumb\"},\"inLanguage\":\"it-IT\",\"potentialAction\":[{\"@type\":\"ReadAction\",\"target\":[\"https:\\\/\\\/magnetarmagnets.com\\\/it\\\/shop\\\/magnete-da-pesca-classico-300-kg-monofacciale\\\/\"]}]},{\"@type\":\"ImageObject\",\"inLanguage\":\"it-IT\",\"@id\":\"https:\\\/\\\/magnetarmagnets.com\\\/it\\\/shop\\\/magnete-da-pesca-classico-300-kg-monofacciale\\\/#primaryimage\",\"url\":\"https:\\\/\\\/magnetarmagnets.com\\\/wp-content\\\/uploads\\\/2020\\\/05\\\/Classic-250.jpg\",\"contentUrl\":\"https:\\\/\\\/magnetarmagnets.com\\\/wp-content\\\/uploads\\\/2020\\\/05\\\/Classic-250.jpg\",\"width\":1000,\"height\":1000,\"caption\":\"Classic 300 fishing magnet\"},{\"@type\":\"BreadcrumbList\",\"@id\":\"https:\\\/\\\/magnetarmagnets.com\\\/it\\\/shop\\\/magnete-da-pesca-classico-300-kg-monofacciale\\\/#breadcrumb\",\"itemListElement\":[{\"@type\":\"ListItem\",\"position\":1,\"name\":\"Home\",\"item\":\"https:\\\/\\\/magnetarmagnets.com\\\/it\\\/\"},{\"@type\":\"ListItem\",\"position\":2,\"name\":\"negozio\",\"item\":\"https:\\\/\\\/magnetarmagnets.com\\\/negozio\\\/\"},{\"@type\":\"ListItem\",\"position\":3,\"name\":\"Magneti da Pesca\",\"item\":\"https:\\\/\\\/magnetarmagnets.com\\\/it\\\/collections\\\/magneti-da-pesca\\\/\"},{\"@type\":\"ListItem\",\"position\":4,\"name\":\"Magneti da Pesca a Faccia Singola\",\"item\":\"https:\\\/\\\/magnetarmagnets.com\\\/it\\\/collections\\\/magneti-da-pesca\\\/magneti-da-pesca-a-faccia-singola\\\/\"},{\"@type\":\"ListItem\",\"position\":5,\"name\":\"Magnete da pesca classico &#8211; 300 KG &#8211; Monofacciale\"}]},{\"@type\":\"WebSite\",\"@id\":\"https:\\\/\\\/magnetarmagnets.com\\\/it\\\/#website\",\"url\":\"https:\\\/\\\/magnetarmagnets.com\\\/it\\\/\",\"name\":\"Magnet fishing with a Magnetar fishing magnet\",\"description\":\"Magneti potenti per la pesca magnetica\",\"publisher\":{\"@id\":\"https:\\\/\\\/magnetarmagnets.com\\\/it\\\/#organization\"},\"potentialAction\":[{\"@type\":\"SearchAction\",\"target\":{\"@type\":\"EntryPoint\",\"urlTemplate\":\"https:\\\/\\\/magnetarmagnets.com\\\/it\\\/?s={search_term_string}\"},\"query-input\":{\"@type\":\"PropertyValueSpecification\",\"valueRequired\":true,\"valueName\":\"search_term_string\"}}],\"inLanguage\":\"it-IT\"},{\"@type\":\"Organization\",\"@id\":\"https:\\\/\\\/magnetarmagnets.com\\\/it\\\/#organization\",\"name\":\"Magnetar\",\"url\":\"https:\\\/\\\/magnetarmagnets.com\\\/it\\\/\",\"logo\":{\"@type\":\"ImageObject\",\"inLanguage\":\"it-IT\",\"@id\":\"https:\\\/\\\/magnetarmagnets.com\\\/it\\\/#\\\/schema\\\/logo\\\/image\\\/\",\"url\":\"https:\\\/\\\/magnetarmagnets.com\\\/wp-content\\\/uploads\\\/2025\\\/05\\\/Logo-03_PNG-Black-scaled.png\",\"contentUrl\":\"https:\\\/\\\/magnetarmagnets.com\\\/wp-content\\\/uploads\\\/2025\\\/05\\\/Logo-03_PNG-Black-scaled.png\",\"width\":2560,\"height\":1658,\"caption\":\"Magnetar\"},\"image\":{\"@id\":\"https:\\\/\\\/magnetarmagnets.com\\\/it\\\/#\\\/schema\\\/logo\\\/image\\\/\"},\"sameAs\":[\"https:\\\/\\\/www.facebook.com\\\/fishingmagnets\\\/\",\"https:\\\/\\\/www.instagram.com\\\/magnetar_magnets\\\/\",\"https:\\\/\\\/www.linkedin.com\\\/company\\\/magnetarbv\\\/?originalSubdomain=nl\",\"https:\\\/\\\/www.youtube.com\\\/c\\\/MagnetarVismagneet\"]}]}<\/script>\n<!-- \/ Yoast SEO plugin. -->","yoast_head_json":{"title":"Magnete da pesca Magnetar 300 KG, molto resistente! Qualit\u00e0 eccellente!","description":"Magnete da pesca Magnetar 300 KG per pesca con magnete, molto resistente! Qualit\u00e0 eccezionale! Ampia gamma di prodotti! Vieni a visitare il nostro negozio","robots":{"index":"index","follow":"follow","max-snippet":"max-snippet:-1","max-image-preview":"max-image-preview:large","max-video-preview":"max-video-preview:-1"},"canonical":"https:\/\/magnetarmagnets.com\/it\/shop\/magnete-da-pesca-classico-300-kg-monofacciale\/","og_locale":"it_IT","og_type":"article","og_title":"Magnete da pesca Magnetar 300 KG, molto resistente! Qualit\u00e0 eccellente!","og_description":"Magnete da pesca Magnetar 300 KG per pesca con magnete, molto resistente! Qualit\u00e0 eccezionale! Ampia gamma di prodotti! Vieni a visitare il nostro negozio","og_url":"https:\/\/magnetarmagnets.com\/it\/shop\/magnete-da-pesca-classico-300-kg-monofacciale\/","og_site_name":"Magnet fishing with a Magnetar fishing magnet","article_publisher":"https:\/\/www.facebook.com\/fishingmagnets\/","article_modified_time":"2026-04-07T16:23:21+00:00","og_image":[{"width":1000,"height":1000,"url":"https:\/\/magnetarmagnets.com\/wp-content\/uploads\/2020\/05\/Classic-250.jpg","type":"image\/jpeg"}],"twitter_card":"summary_large_image","twitter_misc":{"Tempo di lettura stimato":"3 minuti"},"schema":{"@context":"https:\/\/schema.org","@graph":[{"@type":["WebPage","ItemPage"],"@id":"https:\/\/magnetarmagnets.com\/it\/shop\/magnete-da-pesca-classico-300-kg-monofacciale\/","url":"https:\/\/magnetarmagnets.com\/it\/shop\/magnete-da-pesca-classico-300-kg-monofacciale\/","name":"Magnete da pesca Magnetar 300 KG, molto resistente! Qualit\u00e0 eccellente!","isPartOf":{"@id":"https:\/\/magnetarmagnets.com\/it\/#website"},"primaryImageOfPage":{"@id":"https:\/\/magnetarmagnets.com\/it\/shop\/magnete-da-pesca-classico-300-kg-monofacciale\/#primaryimage"},"image":{"@id":"https:\/\/magnetarmagnets.com\/it\/shop\/magnete-da-pesca-classico-300-kg-monofacciale\/#primaryimage"},"thumbnailUrl":"https:\/\/magnetarmagnets.com\/wp-content\/uploads\/2020\/05\/Classic-250.jpg","datePublished":"2025-06-05T07:54:40+00:00","dateModified":"2026-04-07T16:23:21+00:00","description":"Magnete da pesca Magnetar 300 KG per pesca con magnete, molto resistente! Qualit\u00e0 eccezionale! Ampia gamma di prodotti! Vieni a visitare il nostro negozio","breadcrumb":{"@id":"https:\/\/magnetarmagnets.com\/it\/shop\/magnete-da-pesca-classico-300-kg-monofacciale\/#breadcrumb"},"inLanguage":"it-IT","potentialAction":[{"@type":"ReadAction","target":["https:\/\/magnetarmagnets.com\/it\/shop\/magnete-da-pesca-classico-300-kg-monofacciale\/"]}]},{"@type":"ImageObject","inLanguage":"it-IT","@id":"https:\/\/magnetarmagnets.com\/it\/shop\/magnete-da-pesca-classico-300-kg-monofacciale\/#primaryimage","url":"https:\/\/magnetarmagnets.com\/wp-content\/uploads\/2020\/05\/Classic-250.jpg","contentUrl":"https:\/\/magnetarmagnets.com\/wp-content\/uploads\/2020\/05\/Classic-250.jpg","width":1000,"height":1000,"caption":"Classic 300 fishing magnet"},{"@type":"BreadcrumbList","@id":"https:\/\/magnetarmagnets.com\/it\/shop\/magnete-da-pesca-classico-300-kg-monofacciale\/#breadcrumb","itemListElement":[{"@type":"ListItem","position":1,"name":"Home","item":"https:\/\/magnetarmagnets.com\/it\/"},{"@type":"ListItem","position":2,"name":"negozio","item":"https:\/\/magnetarmagnets.com\/negozio\/"},{"@type":"ListItem","position":3,"name":"Magneti da Pesca","item":"https:\/\/magnetarmagnets.com\/it\/collections\/magneti-da-pesca\/"},{"@type":"ListItem","position":4,"name":"Magneti da Pesca a Faccia Singola","item":"https:\/\/magnetarmagnets.com\/it\/collections\/magneti-da-pesca\/magneti-da-pesca-a-faccia-singola\/"},{"@type":"ListItem","position":5,"name":"Magnete da pesca classico &#8211; 300 KG &#8211; Monofacciale"}]},{"@type":"WebSite","@id":"https:\/\/magnetarmagnets.com\/it\/#website","url":"https:\/\/magnetarmagnets.com\/it\/","name":"Magnet fishing with a Magnetar fishing magnet","description":"Magneti potenti per la pesca magnetica","publisher":{"@id":"https:\/\/magnetarmagnets.com\/it\/#organization"},"potentialAction":[{"@type":"SearchAction","target":{"@type":"EntryPoint","urlTemplate":"https:\/\/magnetarmagnets.com\/it\/?s={search_term_string}"},"query-input":{"@type":"PropertyValueSpecification","valueRequired":true,"valueName":"search_term_string"}}],"inLanguage":"it-IT"},{"@type":"Organization","@id":"https:\/\/magnetarmagnets.com\/it\/#organization","name":"Magnetar","url":"https:\/\/magnetarmagnets.com\/it\/","logo":{"@type":"ImageObject","inLanguage":"it-IT","@id":"https:\/\/magnetarmagnets.com\/it\/#\/schema\/logo\/image\/","url":"https:\/\/magnetarmagnets.com\/wp-content\/uploads\/2025\/05\/Logo-03_PNG-Black-scaled.png","contentUrl":"https:\/\/magnetarmagnets.com\/wp-content\/uploads\/2025\/05\/Logo-03_PNG-Black-scaled.png","width":2560,"height":1658,"caption":"Magnetar"},"image":{"@id":"https:\/\/magnetarmagnets.com\/it\/#\/schema\/logo\/image\/"},"sameAs":["https:\/\/www.facebook.com\/fishingmagnets\/","https:\/\/www.instagram.com\/magnetar_magnets\/","https:\/\/www.linkedin.com\/company\/magnetarbv\/?originalSubdomain=nl","https:\/\/www.youtube.com\/c\/MagnetarVismagneet"]}]}},"_links":{"self":[{"href":"https:\/\/magnetarmagnets.com\/it\/wp-json\/wp\/v2\/product\/81782","targetHints":{"allow":["GET"]}}],"collection":[{"href":"https:\/\/magnetarmagnets.com\/it\/wp-json\/wp\/v2\/product"}],"about":[{"href":"https:\/\/magnetarmagnets.com\/it\/wp-json\/wp\/v2\/types\/product"}],"replies":[{"embeddable":true,"href":"https:\/\/magnetarmagnets.com\/it\/wp-json\/wp\/v2\/comments?post=81782"}],"version-history":[{"count":1,"href":"https:\/\/magnetarmagnets.com\/it\/wp-json\/wp\/v2\/product\/81782\/revisions"}],"predecessor-version":[{"id":95660,"href":"https:\/\/magnetarmagnets.com\/it\/wp-json\/wp\/v2\/product\/81782\/revisions\/95660"}],"wp:featuredmedia":[{"embeddable":true,"href":"https:\/\/magnetarmagnets.com\/it\/wp-json\/wp\/v2\/media\/74142"}],"wp:attachment":[{"href":"https:\/\/magnetarmagnets.com\/it\/wp-json\/wp\/v2\/media?parent=81782"}],"wp:term":[{"taxonomy":"product_brand","embeddable":true,"href":"https:\/\/magnetarmagnets.com\/it\/wp-json\/wp\/v2\/product_brand?post=81782"},{"taxonomy":"product_cat","embeddable":true,"href":"https:\/\/magnetarmagnets.com\/it\/wp-json\/wp\/v2\/product_cat?post=81782"},{"taxonomy":"product_tag","embeddable":true,"href":"https:\/\/magnetarmagnets.com\/it\/wp-json\/wp\/v2\/product_tag?post=81782"}],"curies":[{"name":"wp","href":"https:\/\/api.w.org\/{rel}","templated":true}]}}