{"id":81781,"date":"2025-06-05T09:54:41","date_gmt":"2025-06-05T07:54:41","guid":{"rendered":"https:\/\/magnetarmagnets.com\/?post_type=product&#038;p=81781"},"modified":"2026-04-07T18:38:58","modified_gmt":"2026-04-07T16:38:58","slug":"magnete-da-pesca-classic-200-kg-monolato","status":"publish","type":"product","link":"https:\/\/magnetarmagnets.com\/it\/shop\/magnete-da-pesca-classic-200-kg-monolato\/","title":{"rendered":"Magnete da pesca Classic 200 KG &#8211; Monolato"},"content":{"rendered":"Il magnete da pesca Classic 200 <span style=\"font-weight: 400;\">\u00e8 un magnete da pesca in neodimio monolato con una forza di estrazione massima di 200 kg. Il magnete da pesca Classic 200 \u00e8 consigliato a chi \u00e8 alle prime armi con la pesca con magnete e vuole scoprire se potrebbe diventare il suo nuovo hobby. Se vuoi diventare un esperto di pesca con magnete, ti consigliamo di acquistare un magnete pi\u00f9 potente, ad esempio uno della nostra gamma esclusiva.<\/span>\r\n<h2><strong>Magnete da pesca Classic 200 \u2013 200 kg \/ 440 lb<\/strong><\/h2>\r\n<span style=\"font-weight: 400;\">Cerchi un regalo speciale per tuo figlio? Oppure vuoi iniziare tu stesso la pesca con magnete? Dai un\u2019occhiata al Classic 200! Il Magnetar Classic 200 \u00e8 un magnete in neodimio con una forza di estrazione massima di 200 chilogrammi. \u00c8 uno dei magneti da pesca pi\u00f9 leggeri della nostra gamma. Questo magnete \u00e8 particolarmente indicato per i principianti che desiderano raccogliere piccoli oggetti.<\/span>\r\n\r\n<span style=\"font-weight: 400;\">La parte inferiore di questo magnete \u00e8 completamente magnetica ed \u00e8 protetta da una custodia in metallo. La custodia serve a prevenire danni da urto o caduta. Il nostro consiglio per la pesca con magnete \u00e8 di utilizzare un magnete con almeno 200 kg di forza. 200 kg sembrano molta forza, ma il valore massimo si raggiunge solo in condizioni ideali: superficie metallica piana con uno spessore di 2 cm, assenza di ruggine e di detriti tra il magnete e il metallo. In queste condizioni puoi sollevare 200 kg in verticale.<\/span><span style=\"font-weight: 400;\">200 kg di forza sono il minimo se desideri estrarre oggetti di grandi dimensioni dall\u2019acqua. Cerchi un magnete versatile ma economico? Scopri il nostro esclusivo <a href=\"https:\/\/magnetarmagnets.com\/shop\/easy-magnet\">Easy Magnet<\/a>.<\/span>\r\n<h2>Alta qualit\u00e0<\/h2>\r\nI nostri magneti sono realizzati con il miglior neodimio disponibile. Ci\u00f2 significa che i magneti Magnetar mantengono il loro potere magnetico perdendo solo l\u20191% dopo 100 anni! La maggior parte degli altri fornitori vende magneti che perdono questa percentuale in poche settimane. Sempre pi\u00f9 spesso si trovano in commercio magneti di bassa qualit\u00e0 con neodimio scadente, prodotti per ridurre i costi e apparire pi\u00f9 grandi. Acquistando un magnete del genere, butterai via i tuoi soldi.\r\n\r\nTutti i nostri magneti sono disegnati e progettati personalmente per offrirti la migliore esperienza di pesca con magnete. Testiamo i nostri magneti con attrezzature professionali per garantire che la forza di estrazione dichiarata sia precisa. Grazie alla nostra esperienza nella pesca con magnete, sappiamo esattamente come progettare un magnete efficiente. Prova tu stesso i nostri magneti da pesca di alta qualit\u00e0, potenti e affidabili. Curioso di scoprire come misuriamo la forza di estrazione? Guarda il nostro <a href=\"https:\/\/www.youtube.com\/watch?v=2McW3RURDxs\">video sulla misurazione della forza<\/a>.\r\n<h2>Attenzione!<\/h2>\r\nI nostri magneti in neodimio sono estremamente potenti e possono agganciarsi a oggetti metallici ad alta velocit\u00e0 quando si avvicinano. Non mettere mai le dita tra il magnete e il metallo. Con alcuni dei nostri magneti pi\u00f9 potenti potresti facilmente schiacciare, rompere o procurarti vesciche alle dita se rimangono intrappolate. Usa sempre i nostri magneti con cautela. Attenzione: l\u2019uso dei nostri magneti \u00e8 a tuo rischio e pericolo. Leggi sempre le nostre <a href=\"https:\/\/magnetarmagnets.com\/how-do-you-use-fishing-magnets-in-a-safe-way?v=796834e7a283\">avvertenze di sicurezza<\/a> prima dell\u2019uso.","protected":false},"excerpt":{"rendered":"<p><span style=\"font-weight: 400;\">Il vero classico, il <strong>resistente agli urti<\/strong> e <strong>sicuro<\/strong> magnete da pesca. Ora ancora pi\u00f9 <strong>conveniente<\/strong>!<\/span><\/p>\n","protected":false},"featured_media":74146,"comment_status":"open","ping_status":"closed","template":"","meta":{"_acf_changed":false,"inline_featured_image":false},"product_brand":[],"product_cat":[473,479,482,1006],"product_tag":[],"class_list":{"0":"post-81781","1":"product","2":"type-product","3":"status-publish","4":"has-post-thumbnail","6":"product_cat-magneti-da-pesca","7":"product_cat-magneti-da-pesca-a-faccia-singola","8":"product_cat-per-principianti-e-bambini","9":"product_cat-tutti-i-prodotti","11":"first","12":"instock","13":"taxable","14":"shipping-taxable","15":"purchasable","16":"product-type-simple"},"acf":[],"yoast_head":"<!-- This site is optimized with the Yoast SEO plugin v27.4 - https:\/\/yoast.com\/product\/yoast-seo-wordpress\/ -->\n<title>Magnete da pesca Classic 200 KG - Monolato - Magnet fishing with a Magnetar fishing magnet<\/title>\n<meta name=\"description\" content=\"Classic Fishing Magnet 200 Kg - by Magnetar\" \/>\n<meta name=\"robots\" content=\"index, follow, max-snippet:-1, max-image-preview:large, max-video-preview:-1\" \/>\n<link rel=\"canonical\" href=\"https:\/\/magnetarmagnets.com\/it\/shop\/magnete-da-pesca-classic-200-kg-monolato\/\" \/>\n<meta property=\"og:locale\" content=\"it_IT\" \/>\n<meta property=\"og:type\" content=\"article\" \/>\n<meta property=\"og:title\" content=\"Magnete da pesca Classic 200 KG - Monolato - Magnet fishing with a Magnetar fishing magnet\" \/>\n<meta property=\"og:description\" content=\"Classic Fishing Magnet 200 Kg - by Magnetar\" \/>\n<meta property=\"og:url\" content=\"https:\/\/magnetarmagnets.com\/it\/shop\/magnete-da-pesca-classic-200-kg-monolato\/\" \/>\n<meta property=\"og:site_name\" content=\"Magnet fishing with a Magnetar fishing magnet\" \/>\n<meta property=\"article:publisher\" content=\"https:\/\/www.facebook.com\/fishingmagnets\/\" \/>\n<meta property=\"article:modified_time\" content=\"2026-04-07T16:38:58+00:00\" \/>\n<meta property=\"og:image\" content=\"https:\/\/magnetarmagnets.com\/wp-content\/uploads\/2020\/05\/hoofdafbeelding-classic-200.jpg\" \/>\n\t<meta property=\"og:image:width\" content=\"1000\" \/>\n\t<meta property=\"og:image:height\" content=\"1000\" \/>\n\t<meta property=\"og:image:type\" content=\"image\/jpeg\" \/>\n<meta name=\"twitter:card\" content=\"summary_large_image\" \/>\n<meta name=\"twitter:label1\" content=\"Tempo di lettura stimato\" \/>\n\t<meta name=\"twitter:data1\" content=\"3 minuti\" \/>\n<script type=\"application\/ld+json\" class=\"yoast-schema-graph\">{\"@context\":\"https:\\\/\\\/schema.org\",\"@graph\":[{\"@type\":[\"WebPage\",\"ItemPage\"],\"@id\":\"https:\\\/\\\/magnetarmagnets.com\\\/it\\\/shop\\\/magnete-da-pesca-classic-200-kg-monolato\\\/\",\"url\":\"https:\\\/\\\/magnetarmagnets.com\\\/it\\\/shop\\\/magnete-da-pesca-classic-200-kg-monolato\\\/\",\"name\":\"Magnete da pesca Classic 200 KG - Monolato - Magnet fishing with a Magnetar fishing magnet\",\"isPartOf\":{\"@id\":\"https:\\\/\\\/magnetarmagnets.com\\\/it\\\/#website\"},\"primaryImageOfPage\":{\"@id\":\"https:\\\/\\\/magnetarmagnets.com\\\/it\\\/shop\\\/magnete-da-pesca-classic-200-kg-monolato\\\/#primaryimage\"},\"image\":{\"@id\":\"https:\\\/\\\/magnetarmagnets.com\\\/it\\\/shop\\\/magnete-da-pesca-classic-200-kg-monolato\\\/#primaryimage\"},\"thumbnailUrl\":\"https:\\\/\\\/magnetarmagnets.com\\\/wp-content\\\/uploads\\\/2020\\\/05\\\/hoofdafbeelding-classic-200.jpg\",\"datePublished\":\"2025-06-05T07:54:41+00:00\",\"dateModified\":\"2026-04-07T16:38:58+00:00\",\"description\":\"Classic Fishing Magnet 200 Kg - by Magnetar\",\"breadcrumb\":{\"@id\":\"https:\\\/\\\/magnetarmagnets.com\\\/it\\\/shop\\\/magnete-da-pesca-classic-200-kg-monolato\\\/#breadcrumb\"},\"inLanguage\":\"it-IT\",\"potentialAction\":[{\"@type\":\"ReadAction\",\"target\":[\"https:\\\/\\\/magnetarmagnets.com\\\/it\\\/shop\\\/magnete-da-pesca-classic-200-kg-monolato\\\/\"]}]},{\"@type\":\"ImageObject\",\"inLanguage\":\"it-IT\",\"@id\":\"https:\\\/\\\/magnetarmagnets.com\\\/it\\\/shop\\\/magnete-da-pesca-classic-200-kg-monolato\\\/#primaryimage\",\"url\":\"https:\\\/\\\/magnetarmagnets.com\\\/wp-content\\\/uploads\\\/2020\\\/05\\\/hoofdafbeelding-classic-200.jpg\",\"contentUrl\":\"https:\\\/\\\/magnetarmagnets.com\\\/wp-content\\\/uploads\\\/2020\\\/05\\\/hoofdafbeelding-classic-200.jpg\",\"width\":1000,\"height\":1000,\"caption\":\"Classic 200 fishing magnet\"},{\"@type\":\"BreadcrumbList\",\"@id\":\"https:\\\/\\\/magnetarmagnets.com\\\/it\\\/shop\\\/magnete-da-pesca-classic-200-kg-monolato\\\/#breadcrumb\",\"itemListElement\":[{\"@type\":\"ListItem\",\"position\":1,\"name\":\"Home\",\"item\":\"https:\\\/\\\/magnetarmagnets.com\\\/it\\\/\"},{\"@type\":\"ListItem\",\"position\":2,\"name\":\"negozio\",\"item\":\"https:\\\/\\\/magnetarmagnets.com\\\/negozio\\\/\"},{\"@type\":\"ListItem\",\"position\":3,\"name\":\"Magneti da Pesca\",\"item\":\"https:\\\/\\\/magnetarmagnets.com\\\/it\\\/collections\\\/magneti-da-pesca\\\/\"},{\"@type\":\"ListItem\",\"position\":4,\"name\":\"Magneti da Pesca a Faccia Singola\",\"item\":\"https:\\\/\\\/magnetarmagnets.com\\\/it\\\/collections\\\/magneti-da-pesca\\\/magneti-da-pesca-a-faccia-singola\\\/\"},{\"@type\":\"ListItem\",\"position\":5,\"name\":\"Magnete da pesca Classic 200 KG &#8211; Monolato\"}]},{\"@type\":\"WebSite\",\"@id\":\"https:\\\/\\\/magnetarmagnets.com\\\/it\\\/#website\",\"url\":\"https:\\\/\\\/magnetarmagnets.com\\\/it\\\/\",\"name\":\"Magnet fishing with a Magnetar fishing magnet\",\"description\":\"Magneti potenti per la pesca magnetica\",\"publisher\":{\"@id\":\"https:\\\/\\\/magnetarmagnets.com\\\/it\\\/#organization\"},\"potentialAction\":[{\"@type\":\"SearchAction\",\"target\":{\"@type\":\"EntryPoint\",\"urlTemplate\":\"https:\\\/\\\/magnetarmagnets.com\\\/it\\\/?s={search_term_string}\"},\"query-input\":{\"@type\":\"PropertyValueSpecification\",\"valueRequired\":true,\"valueName\":\"search_term_string\"}}],\"inLanguage\":\"it-IT\"},{\"@type\":\"Organization\",\"@id\":\"https:\\\/\\\/magnetarmagnets.com\\\/it\\\/#organization\",\"name\":\"Magnetar\",\"url\":\"https:\\\/\\\/magnetarmagnets.com\\\/it\\\/\",\"logo\":{\"@type\":\"ImageObject\",\"inLanguage\":\"it-IT\",\"@id\":\"https:\\\/\\\/magnetarmagnets.com\\\/it\\\/#\\\/schema\\\/logo\\\/image\\\/\",\"url\":\"https:\\\/\\\/magnetarmagnets.com\\\/wp-content\\\/uploads\\\/2025\\\/05\\\/Logo-03_PNG-Black-scaled.png\",\"contentUrl\":\"https:\\\/\\\/magnetarmagnets.com\\\/wp-content\\\/uploads\\\/2025\\\/05\\\/Logo-03_PNG-Black-scaled.png\",\"width\":2560,\"height\":1658,\"caption\":\"Magnetar\"},\"image\":{\"@id\":\"https:\\\/\\\/magnetarmagnets.com\\\/it\\\/#\\\/schema\\\/logo\\\/image\\\/\"},\"sameAs\":[\"https:\\\/\\\/www.facebook.com\\\/fishingmagnets\\\/\",\"https:\\\/\\\/www.instagram.com\\\/magnetar_magnets\\\/\",\"https:\\\/\\\/www.linkedin.com\\\/company\\\/magnetarbv\\\/?originalSubdomain=nl\",\"https:\\\/\\\/www.youtube.com\\\/c\\\/MagnetarVismagneet\"]}]}<\/script>\n<!-- \/ Yoast SEO plugin. -->","yoast_head_json":{"title":"Magnete da pesca Classic 200 KG - Monolato - Magnet fishing with a Magnetar fishing magnet","description":"Classic Fishing Magnet 200 Kg - by Magnetar","robots":{"index":"index","follow":"follow","max-snippet":"max-snippet:-1","max-image-preview":"max-image-preview:large","max-video-preview":"max-video-preview:-1"},"canonical":"https:\/\/magnetarmagnets.com\/it\/shop\/magnete-da-pesca-classic-200-kg-monolato\/","og_locale":"it_IT","og_type":"article","og_title":"Magnete da pesca Classic 200 KG - Monolato - Magnet fishing with a Magnetar fishing magnet","og_description":"Classic Fishing Magnet 200 Kg - by Magnetar","og_url":"https:\/\/magnetarmagnets.com\/it\/shop\/magnete-da-pesca-classic-200-kg-monolato\/","og_site_name":"Magnet fishing with a Magnetar fishing magnet","article_publisher":"https:\/\/www.facebook.com\/fishingmagnets\/","article_modified_time":"2026-04-07T16:38:58+00:00","og_image":[{"width":1000,"height":1000,"url":"https:\/\/magnetarmagnets.com\/wp-content\/uploads\/2020\/05\/hoofdafbeelding-classic-200.jpg","type":"image\/jpeg"}],"twitter_card":"summary_large_image","twitter_misc":{"Tempo di lettura stimato":"3 minuti"},"schema":{"@context":"https:\/\/schema.org","@graph":[{"@type":["WebPage","ItemPage"],"@id":"https:\/\/magnetarmagnets.com\/it\/shop\/magnete-da-pesca-classic-200-kg-monolato\/","url":"https:\/\/magnetarmagnets.com\/it\/shop\/magnete-da-pesca-classic-200-kg-monolato\/","name":"Magnete da pesca Classic 200 KG - Monolato - Magnet fishing with a Magnetar fishing magnet","isPartOf":{"@id":"https:\/\/magnetarmagnets.com\/it\/#website"},"primaryImageOfPage":{"@id":"https:\/\/magnetarmagnets.com\/it\/shop\/magnete-da-pesca-classic-200-kg-monolato\/#primaryimage"},"image":{"@id":"https:\/\/magnetarmagnets.com\/it\/shop\/magnete-da-pesca-classic-200-kg-monolato\/#primaryimage"},"thumbnailUrl":"https:\/\/magnetarmagnets.com\/wp-content\/uploads\/2020\/05\/hoofdafbeelding-classic-200.jpg","datePublished":"2025-06-05T07:54:41+00:00","dateModified":"2026-04-07T16:38:58+00:00","description":"Classic Fishing Magnet 200 Kg - by Magnetar","breadcrumb":{"@id":"https:\/\/magnetarmagnets.com\/it\/shop\/magnete-da-pesca-classic-200-kg-monolato\/#breadcrumb"},"inLanguage":"it-IT","potentialAction":[{"@type":"ReadAction","target":["https:\/\/magnetarmagnets.com\/it\/shop\/magnete-da-pesca-classic-200-kg-monolato\/"]}]},{"@type":"ImageObject","inLanguage":"it-IT","@id":"https:\/\/magnetarmagnets.com\/it\/shop\/magnete-da-pesca-classic-200-kg-monolato\/#primaryimage","url":"https:\/\/magnetarmagnets.com\/wp-content\/uploads\/2020\/05\/hoofdafbeelding-classic-200.jpg","contentUrl":"https:\/\/magnetarmagnets.com\/wp-content\/uploads\/2020\/05\/hoofdafbeelding-classic-200.jpg","width":1000,"height":1000,"caption":"Classic 200 fishing magnet"},{"@type":"BreadcrumbList","@id":"https:\/\/magnetarmagnets.com\/it\/shop\/magnete-da-pesca-classic-200-kg-monolato\/#breadcrumb","itemListElement":[{"@type":"ListItem","position":1,"name":"Home","item":"https:\/\/magnetarmagnets.com\/it\/"},{"@type":"ListItem","position":2,"name":"negozio","item":"https:\/\/magnetarmagnets.com\/negozio\/"},{"@type":"ListItem","position":3,"name":"Magneti da Pesca","item":"https:\/\/magnetarmagnets.com\/it\/collections\/magneti-da-pesca\/"},{"@type":"ListItem","position":4,"name":"Magneti da Pesca a Faccia Singola","item":"https:\/\/magnetarmagnets.com\/it\/collections\/magneti-da-pesca\/magneti-da-pesca-a-faccia-singola\/"},{"@type":"ListItem","position":5,"name":"Magnete da pesca Classic 200 KG &#8211; Monolato"}]},{"@type":"WebSite","@id":"https:\/\/magnetarmagnets.com\/it\/#website","url":"https:\/\/magnetarmagnets.com\/it\/","name":"Magnet fishing with a Magnetar fishing magnet","description":"Magneti potenti per la pesca magnetica","publisher":{"@id":"https:\/\/magnetarmagnets.com\/it\/#organization"},"potentialAction":[{"@type":"SearchAction","target":{"@type":"EntryPoint","urlTemplate":"https:\/\/magnetarmagnets.com\/it\/?s={search_term_string}"},"query-input":{"@type":"PropertyValueSpecification","valueRequired":true,"valueName":"search_term_string"}}],"inLanguage":"it-IT"},{"@type":"Organization","@id":"https:\/\/magnetarmagnets.com\/it\/#organization","name":"Magnetar","url":"https:\/\/magnetarmagnets.com\/it\/","logo":{"@type":"ImageObject","inLanguage":"it-IT","@id":"https:\/\/magnetarmagnets.com\/it\/#\/schema\/logo\/image\/","url":"https:\/\/magnetarmagnets.com\/wp-content\/uploads\/2025\/05\/Logo-03_PNG-Black-scaled.png","contentUrl":"https:\/\/magnetarmagnets.com\/wp-content\/uploads\/2025\/05\/Logo-03_PNG-Black-scaled.png","width":2560,"height":1658,"caption":"Magnetar"},"image":{"@id":"https:\/\/magnetarmagnets.com\/it\/#\/schema\/logo\/image\/"},"sameAs":["https:\/\/www.facebook.com\/fishingmagnets\/","https:\/\/www.instagram.com\/magnetar_magnets\/","https:\/\/www.linkedin.com\/company\/magnetarbv\/?originalSubdomain=nl","https:\/\/www.youtube.com\/c\/MagnetarVismagneet"]}]}},"_links":{"self":[{"href":"https:\/\/magnetarmagnets.com\/it\/wp-json\/wp\/v2\/product\/81781","targetHints":{"allow":["GET"]}}],"collection":[{"href":"https:\/\/magnetarmagnets.com\/it\/wp-json\/wp\/v2\/product"}],"about":[{"href":"https:\/\/magnetarmagnets.com\/it\/wp-json\/wp\/v2\/types\/product"}],"replies":[{"embeddable":true,"href":"https:\/\/magnetarmagnets.com\/it\/wp-json\/wp\/v2\/comments?post=81781"}],"version-history":[{"count":0,"href":"https:\/\/magnetarmagnets.com\/it\/wp-json\/wp\/v2\/product\/81781\/revisions"}],"wp:featuredmedia":[{"embeddable":true,"href":"https:\/\/magnetarmagnets.com\/it\/wp-json\/wp\/v2\/media\/74146"}],"wp:attachment":[{"href":"https:\/\/magnetarmagnets.com\/it\/wp-json\/wp\/v2\/media?parent=81781"}],"wp:term":[{"taxonomy":"product_brand","embeddable":true,"href":"https:\/\/magnetarmagnets.com\/it\/wp-json\/wp\/v2\/product_brand?post=81781"},{"taxonomy":"product_cat","embeddable":true,"href":"https:\/\/magnetarmagnets.com\/it\/wp-json\/wp\/v2\/product_cat?post=81781"},{"taxonomy":"product_tag","embeddable":true,"href":"https:\/\/magnetarmagnets.com\/it\/wp-json\/wp\/v2\/product_tag?post=81781"}],"curies":[{"name":"wp","href":"https:\/\/api.w.org\/{rel}","templated":true}]}}