{"id":81778,"date":"2025-06-05T09:54:40","date_gmt":"2025-06-05T07:54:40","guid":{"rendered":"https:\/\/magnetarmagnets.com\/?post_type=product&#038;p=81778"},"modified":"2026-04-03T11:47:16","modified_gmt":"2026-04-03T09:47:16","slug":"hardcore-magnet-magnete-da-pesca-600-kg-allround-360","status":"publish","type":"product","link":"https:\/\/magnetarmagnets.com\/it\/shop\/hardcore-magnet-magnete-da-pesca-600-kg-allround-360\/","title":{"rendered":"Hardcore Magnet\u00ae &#8211; Magnete da pesca 600 kg &#8211; Allround 360\u00b0"},"content":{"rendered":"<span style=\"font-weight: 400;\">* Proteggi il magnete con una <\/span><a href=\"https:\/\/magnetarmagnets.com\/shop\/protection-cover-hardcore\/\" target=\"_blank\" rel=\"noopener\"><b>copertura protettiva<\/b><\/a><span style=\"font-weight: 400;\"> durante la pesca. Senza copertura protettiva, il magnete pu\u00f2 danneggiarsi in caso di urti con oggetti duri. La copertura protettiva non \u00e8 inclusa con il magnete.<\/span>\r\n<h2><b>Il magnete da pesca Hardcore in neodimio<\/b><\/h2>\r\n<span style=\"font-weight: 400;\">Il nostro magnete in neodimio allround a 360\u00b0 ha un&#8217;enorme forza di trazione magnetica! Si tratta di uno dei <a href=\"https:\/\/magnetarmagnets.com\/strong-fishing-magnets\/\" target=\"_blank\" rel=\"noopener\">magneti da pesca pi\u00f9 potenti<\/a> e dai prezzi pi\u00f9 competitivi sul mercato. <\/span><b>Con una forza di attrazione di 5,5&#8221; \/ 14 cm intorno al magnete<\/b><span style=\"font-weight: 400;\">, l&#8217;attrazione a distanza ti offre maggiori possibilit\u00e0 di recuperare tesori pi\u00f9 grandi e pi\u00f9 preziosi. Molti appassionati di pesca con magnete elogiano il magnete allround Hardcore per i suoi risultati efficaci &#8211; guarda cosa dicono i professionisti su <\/span><a href=\"https:\/\/www.youtube.com\/watch?v=1izvqgYbtd8\" target=\"_blank\" rel=\"noopener\"><span style=\"font-weight: 400;\">YouTube<\/span><\/a><span style=\"font-weight: 400;\">! Il magnete da pesca allround Hardcore \u00e8 perfetto per chi vuole potenziare un magnete monolato o bilaterale con una forza di trazione totale ancora maggiore. <\/span>\r\n<h2><b>Sei pronto a diventare Hardcore?<\/b><\/h2>\r\n<span style=\"font-weight: 400;\">Diventa un magnetista Hardcore! Il nome del magnete parla chiaro: \u00e8 potentissimo! Il magnete da pesca Hardcore si aggrappa a ogni oggetto da qualsiasi lato, anche nel fango, e non si impiglia facilmente sulle rocce. Non troppo pesante, non troppo leggero, puoi lanciarlo per ore senza problemi.<\/span>\r\n\r\n<span style=\"font-weight: 400;\">Il magnete Hardcore \u00e8 diventato uno dei nostri best-seller e il preferito tra i magnetisti esperti. \u00c8 realizzato al 100% in neodimio puro &#8211; il magnete permanente pi\u00f9 potente, capace di sollevare pi\u00f9 di altri materiali della stessa dimensione. Ci\u00f2 aumenta l&#8217;attrazione complessiva da ogni direzione e la gamma di oggetti che potrai recuperare.<\/span>\r\n<h2><b>Evoluzione del magnete<\/b><\/h2>\r\n<span style=\"font-weight: 400;\">Molti magneti hanno forza attrattiva solo su un lato. Questo magnete monolato \u00e8 il classico magnete da pesca. Magnetar \u00e8 stata la prima azienda a trasformare questo classico in un magnete a doppio lato. Poi, nel 2016, Magnetar ha sviluppato il magnete da pesca allround con trazione magnetica a 360\u00b0. I magnetisti di tutta l&#8217;UE sono attratti dai nostri magneti 100% in neodimio sin dal primo giorno, rendendoci il fornitore n.1 in Europa. I nostri magneti sono realizzati con la massima qualit\u00e0, design e cura da un piccolo team di appassionati di pesca con magnete. I nostri clienti tornano sempre perch\u00e9 sanno che con Magnetar otterranno pi\u00f9 di un magnete: troveranno tesori.<\/span>\r\n<h2><strong>Potente forza di trazione a 360\u00b0<\/strong><\/h2>\r\n<span style=\"font-weight: 400;\">Il magnete Hardcore \u00e8 uno dei magneti pi\u00f9 potenti che offriamo. La forza di trazione di un magnete monolato non \u00e8 paragonabile a quella di un magnete in neodimio puro a 360\u00b0 come il Hardcore. Questo perch\u00e9 l&#8217;involucro in acciaio del magnete monolato influenza la trazione, concentrandola in una sola direzione. Ci\u00f2 permette ai magneti monolato di raggiungere alte forze di trazione su superfici piane in metallo, ma il nostro esclusivo magnete Allround 360\u00b0 attrae oggetti da ogni lato, esercitando trazione magnetica su tutta l&#8217;area circostante. Vuoi scoprire come misuriamo la forza di trazione? <\/span><a href=\"https:\/\/www.youtube.com\/watch?v=2McW3RURDxs\" target=\"_blank\" rel=\"noopener\"><span style=\"font-weight: 400;\">Guarda il nostro video qui<\/span><\/a><span style=\"font-weight: 400;\">.<\/span>","protected":false},"excerpt":{"rendered":"<p>Prova il nostro <strong>magnete da pesca pi\u00f9 venduto<\/strong> con campo magnetico a 360\u00b0. Progettato da Magnetar, questo <strong>magnete in neodimio puro<\/strong> \u00e8 <strong>estremamente potente<\/strong> con una forza di trazione fino a 600 kg. Scegli la potenza estrema con questo magnete!<\/p>\n","protected":false},"featured_media":74000,"comment_status":"open","ping_status":"closed","template":"","meta":{"_acf_changed":false,"inline_featured_image":false},"product_brand":[],"product_cat":[473,476,481,482],"product_tag":[428],"class_list":{"0":"post-81778","1":"product","2":"type-product","3":"status-publish","4":"has-post-thumbnail","6":"product_cat-magneti-da-pesca","7":"product_cat-magneti-da-pesca-360-allround","8":"product_cat-per-avventurieri-esperti","9":"product_cat-per-principianti-e-bambini","10":"product_tag-spedizione-gratuita","12":"first","13":"instock","14":"sale","15":"taxable","16":"shipping-taxable","17":"purchasable","18":"product-type-simple"},"acf":[],"yoast_head":"<!-- This site is optimized with the Yoast SEO plugin v27.3 - https:\/\/yoast.com\/product\/yoast-seo-wordpress\/ -->\n<title>Hardcore Magnet\u00ae - Magnete da pesca 600 kg - Allround 360\u00b0<\/title>\n<meta name=\"description\" content=\"Il magnete da pesca Hardcore \u00e8 il magnete allround pi\u00f9 famoso. Estremamente potente, di qualit\u00e0 eccellente, con peso perfetto per il lancio e magnetico a 360\u00b0.\" \/>\n<meta name=\"robots\" content=\"index, follow, max-snippet:-1, max-image-preview:large, max-video-preview:-1\" \/>\n<link rel=\"canonical\" href=\"https:\/\/magnetarmagnets.com\/it\/shop\/hardcore-magnet-magnete-da-pesca-600-kg-allround-360\/\" \/>\n<meta property=\"og:locale\" content=\"it_IT\" \/>\n<meta property=\"og:type\" content=\"article\" \/>\n<meta property=\"og:title\" content=\"Hardcore Magnet\u00ae - Magnete da pesca 600 kg - Allround 360\u00b0\" \/>\n<meta property=\"og:description\" content=\"Il magnete da pesca Hardcore \u00e8 il magnete allround pi\u00f9 famoso. Estremamente potente, di qualit\u00e0 eccellente, con peso perfetto per il lancio e magnetico a 360\u00b0.\" \/>\n<meta property=\"og:url\" content=\"https:\/\/magnetarmagnets.com\/it\/shop\/hardcore-magnet-magnete-da-pesca-600-kg-allround-360\/\" \/>\n<meta property=\"og:site_name\" content=\"Magnet fishing with a Magnetar fishing magnet\" \/>\n<meta property=\"article:publisher\" content=\"https:\/\/www.facebook.com\/fishingmagnets\/\" \/>\n<meta property=\"article:modified_time\" content=\"2026-04-03T09:47:16+00:00\" \/>\n<meta property=\"og:image\" content=\"https:\/\/magnetarmagnets.com\/wp-content\/uploads\/2023\/12\/The_Hardcore_fishing_magnet_Triangle.jpeg.jpg\" \/>\n\t<meta property=\"og:image:width\" content=\"1000\" \/>\n\t<meta property=\"og:image:height\" content=\"1000\" \/>\n\t<meta property=\"og:image:type\" content=\"image\/jpeg\" \/>\n<meta name=\"twitter:card\" content=\"summary_large_image\" \/>\n<meta name=\"twitter:label1\" content=\"Tempo di lettura stimato\" \/>\n\t<meta name=\"twitter:data1\" content=\"3 minuti\" \/>\n<script type=\"application\/ld+json\" class=\"yoast-schema-graph\">{\"@context\":\"https:\\\/\\\/schema.org\",\"@graph\":[{\"@type\":[\"WebPage\",\"ItemPage\"],\"@id\":\"https:\\\/\\\/magnetarmagnets.com\\\/it\\\/shop\\\/hardcore-magnet-magnete-da-pesca-600-kg-allround-360\\\/\",\"url\":\"https:\\\/\\\/magnetarmagnets.com\\\/it\\\/shop\\\/hardcore-magnet-magnete-da-pesca-600-kg-allround-360\\\/\",\"name\":\"Hardcore Magnet\u00ae - Magnete da pesca 600 kg - Allround 360\u00b0\",\"isPartOf\":{\"@id\":\"https:\\\/\\\/magnetarmagnets.com\\\/it\\\/#website\"},\"primaryImageOfPage\":{\"@id\":\"https:\\\/\\\/magnetarmagnets.com\\\/it\\\/shop\\\/hardcore-magnet-magnete-da-pesca-600-kg-allround-360\\\/#primaryimage\"},\"image\":{\"@id\":\"https:\\\/\\\/magnetarmagnets.com\\\/it\\\/shop\\\/hardcore-magnet-magnete-da-pesca-600-kg-allround-360\\\/#primaryimage\"},\"thumbnailUrl\":\"https:\\\/\\\/magnetarmagnets.com\\\/wp-content\\\/uploads\\\/2023\\\/12\\\/The_Hardcore_fishing_magnet_Triangle.jpeg.jpg\",\"datePublished\":\"2025-06-05T07:54:40+00:00\",\"dateModified\":\"2026-04-03T09:47:16+00:00\",\"description\":\"Il magnete da pesca Hardcore \u00e8 il magnete allround pi\u00f9 famoso. Estremamente potente, di qualit\u00e0 eccellente, con peso perfetto per il lancio e magnetico a 360\u00b0.\",\"breadcrumb\":{\"@id\":\"https:\\\/\\\/magnetarmagnets.com\\\/it\\\/shop\\\/hardcore-magnet-magnete-da-pesca-600-kg-allround-360\\\/#breadcrumb\"},\"inLanguage\":\"it-IT\",\"potentialAction\":[{\"@type\":\"ReadAction\",\"target\":[\"https:\\\/\\\/magnetarmagnets.com\\\/it\\\/shop\\\/hardcore-magnet-magnete-da-pesca-600-kg-allround-360\\\/\"]}]},{\"@type\":\"ImageObject\",\"inLanguage\":\"it-IT\",\"@id\":\"https:\\\/\\\/magnetarmagnets.com\\\/it\\\/shop\\\/hardcore-magnet-magnete-da-pesca-600-kg-allround-360\\\/#primaryimage\",\"url\":\"https:\\\/\\\/magnetarmagnets.com\\\/wp-content\\\/uploads\\\/2023\\\/12\\\/The_Hardcore_fishing_magnet_Triangle.jpeg.jpg\",\"contentUrl\":\"https:\\\/\\\/magnetarmagnets.com\\\/wp-content\\\/uploads\\\/2023\\\/12\\\/The_Hardcore_fishing_magnet_Triangle.jpeg.jpg\",\"width\":1000,\"height\":1000,\"caption\":\"The Hardcore fishing magnet for magnet fishing\"},{\"@type\":\"BreadcrumbList\",\"@id\":\"https:\\\/\\\/magnetarmagnets.com\\\/it\\\/shop\\\/hardcore-magnet-magnete-da-pesca-600-kg-allround-360\\\/#breadcrumb\",\"itemListElement\":[{\"@type\":\"ListItem\",\"position\":1,\"name\":\"Home\",\"item\":\"https:\\\/\\\/magnetarmagnets.com\\\/it\\\/\"},{\"@type\":\"ListItem\",\"position\":2,\"name\":\"negozio\",\"item\":\"https:\\\/\\\/magnetarmagnets.com\\\/negozio\\\/\"},{\"@type\":\"ListItem\",\"position\":3,\"name\":\"Magneti da Pesca\",\"item\":\"https:\\\/\\\/magnetarmagnets.com\\\/it\\\/collections\\\/magneti-da-pesca\\\/\"},{\"@type\":\"ListItem\",\"position\":4,\"name\":\"Magneti da Pesca 360\u00b0 Allround\",\"item\":\"https:\\\/\\\/magnetarmagnets.com\\\/it\\\/collections\\\/magneti-da-pesca\\\/magneti-da-pesca-360-allround\\\/\"},{\"@type\":\"ListItem\",\"position\":5,\"name\":\"Hardcore Magnet\u00ae &#8211; Magnete da pesca 600 kg &#8211; Allround 360\u00b0\"}]},{\"@type\":\"WebSite\",\"@id\":\"https:\\\/\\\/magnetarmagnets.com\\\/it\\\/#website\",\"url\":\"https:\\\/\\\/magnetarmagnets.com\\\/it\\\/\",\"name\":\"Magnet fishing with a Magnetar fishing magnet\",\"description\":\"Magneti potenti per la pesca magnetica\",\"publisher\":{\"@id\":\"https:\\\/\\\/magnetarmagnets.com\\\/it\\\/#organization\"},\"potentialAction\":[{\"@type\":\"SearchAction\",\"target\":{\"@type\":\"EntryPoint\",\"urlTemplate\":\"https:\\\/\\\/magnetarmagnets.com\\\/it\\\/?s={search_term_string}\"},\"query-input\":{\"@type\":\"PropertyValueSpecification\",\"valueRequired\":true,\"valueName\":\"search_term_string\"}}],\"inLanguage\":\"it-IT\"},{\"@type\":\"Organization\",\"@id\":\"https:\\\/\\\/magnetarmagnets.com\\\/it\\\/#organization\",\"name\":\"Magnetar\",\"url\":\"https:\\\/\\\/magnetarmagnets.com\\\/it\\\/\",\"logo\":{\"@type\":\"ImageObject\",\"inLanguage\":\"it-IT\",\"@id\":\"https:\\\/\\\/magnetarmagnets.com\\\/it\\\/#\\\/schema\\\/logo\\\/image\\\/\",\"url\":\"https:\\\/\\\/magnetarmagnets.com\\\/wp-content\\\/uploads\\\/2025\\\/05\\\/Logo-03_PNG-Black-scaled.png\",\"contentUrl\":\"https:\\\/\\\/magnetarmagnets.com\\\/wp-content\\\/uploads\\\/2025\\\/05\\\/Logo-03_PNG-Black-scaled.png\",\"width\":2560,\"height\":1658,\"caption\":\"Magnetar\"},\"image\":{\"@id\":\"https:\\\/\\\/magnetarmagnets.com\\\/it\\\/#\\\/schema\\\/logo\\\/image\\\/\"},\"sameAs\":[\"https:\\\/\\\/www.facebook.com\\\/fishingmagnets\\\/\",\"https:\\\/\\\/www.instagram.com\\\/magnetar_magnets\\\/\",\"https:\\\/\\\/www.linkedin.com\\\/company\\\/magnetarbv\\\/?originalSubdomain=nl\",\"https:\\\/\\\/www.youtube.com\\\/c\\\/MagnetarVismagneet\"]}]}<\/script>\n<!-- \/ Yoast SEO plugin. -->","yoast_head_json":{"title":"Hardcore Magnet\u00ae - Magnete da pesca 600 kg - Allround 360\u00b0","description":"Il magnete da pesca Hardcore \u00e8 il magnete allround pi\u00f9 famoso. Estremamente potente, di qualit\u00e0 eccellente, con peso perfetto per il lancio e magnetico a 360\u00b0.","robots":{"index":"index","follow":"follow","max-snippet":"max-snippet:-1","max-image-preview":"max-image-preview:large","max-video-preview":"max-video-preview:-1"},"canonical":"https:\/\/magnetarmagnets.com\/it\/shop\/hardcore-magnet-magnete-da-pesca-600-kg-allround-360\/","og_locale":"it_IT","og_type":"article","og_title":"Hardcore Magnet\u00ae - Magnete da pesca 600 kg - Allround 360\u00b0","og_description":"Il magnete da pesca Hardcore \u00e8 il magnete allround pi\u00f9 famoso. Estremamente potente, di qualit\u00e0 eccellente, con peso perfetto per il lancio e magnetico a 360\u00b0.","og_url":"https:\/\/magnetarmagnets.com\/it\/shop\/hardcore-magnet-magnete-da-pesca-600-kg-allround-360\/","og_site_name":"Magnet fishing with a Magnetar fishing magnet","article_publisher":"https:\/\/www.facebook.com\/fishingmagnets\/","article_modified_time":"2026-04-03T09:47:16+00:00","og_image":[{"width":1000,"height":1000,"url":"https:\/\/magnetarmagnets.com\/wp-content\/uploads\/2023\/12\/The_Hardcore_fishing_magnet_Triangle.jpeg.jpg","type":"image\/jpeg"}],"twitter_card":"summary_large_image","twitter_misc":{"Tempo di lettura stimato":"3 minuti"},"schema":{"@context":"https:\/\/schema.org","@graph":[{"@type":["WebPage","ItemPage"],"@id":"https:\/\/magnetarmagnets.com\/it\/shop\/hardcore-magnet-magnete-da-pesca-600-kg-allround-360\/","url":"https:\/\/magnetarmagnets.com\/it\/shop\/hardcore-magnet-magnete-da-pesca-600-kg-allround-360\/","name":"Hardcore Magnet\u00ae - Magnete da pesca 600 kg - Allround 360\u00b0","isPartOf":{"@id":"https:\/\/magnetarmagnets.com\/it\/#website"},"primaryImageOfPage":{"@id":"https:\/\/magnetarmagnets.com\/it\/shop\/hardcore-magnet-magnete-da-pesca-600-kg-allround-360\/#primaryimage"},"image":{"@id":"https:\/\/magnetarmagnets.com\/it\/shop\/hardcore-magnet-magnete-da-pesca-600-kg-allround-360\/#primaryimage"},"thumbnailUrl":"https:\/\/magnetarmagnets.com\/wp-content\/uploads\/2023\/12\/The_Hardcore_fishing_magnet_Triangle.jpeg.jpg","datePublished":"2025-06-05T07:54:40+00:00","dateModified":"2026-04-03T09:47:16+00:00","description":"Il magnete da pesca Hardcore \u00e8 il magnete allround pi\u00f9 famoso. Estremamente potente, di qualit\u00e0 eccellente, con peso perfetto per il lancio e magnetico a 360\u00b0.","breadcrumb":{"@id":"https:\/\/magnetarmagnets.com\/it\/shop\/hardcore-magnet-magnete-da-pesca-600-kg-allround-360\/#breadcrumb"},"inLanguage":"it-IT","potentialAction":[{"@type":"ReadAction","target":["https:\/\/magnetarmagnets.com\/it\/shop\/hardcore-magnet-magnete-da-pesca-600-kg-allround-360\/"]}]},{"@type":"ImageObject","inLanguage":"it-IT","@id":"https:\/\/magnetarmagnets.com\/it\/shop\/hardcore-magnet-magnete-da-pesca-600-kg-allround-360\/#primaryimage","url":"https:\/\/magnetarmagnets.com\/wp-content\/uploads\/2023\/12\/The_Hardcore_fishing_magnet_Triangle.jpeg.jpg","contentUrl":"https:\/\/magnetarmagnets.com\/wp-content\/uploads\/2023\/12\/The_Hardcore_fishing_magnet_Triangle.jpeg.jpg","width":1000,"height":1000,"caption":"The Hardcore fishing magnet for magnet fishing"},{"@type":"BreadcrumbList","@id":"https:\/\/magnetarmagnets.com\/it\/shop\/hardcore-magnet-magnete-da-pesca-600-kg-allround-360\/#breadcrumb","itemListElement":[{"@type":"ListItem","position":1,"name":"Home","item":"https:\/\/magnetarmagnets.com\/it\/"},{"@type":"ListItem","position":2,"name":"negozio","item":"https:\/\/magnetarmagnets.com\/negozio\/"},{"@type":"ListItem","position":3,"name":"Magneti da Pesca","item":"https:\/\/magnetarmagnets.com\/it\/collections\/magneti-da-pesca\/"},{"@type":"ListItem","position":4,"name":"Magneti da Pesca 360\u00b0 Allround","item":"https:\/\/magnetarmagnets.com\/it\/collections\/magneti-da-pesca\/magneti-da-pesca-360-allround\/"},{"@type":"ListItem","position":5,"name":"Hardcore Magnet\u00ae &#8211; Magnete da pesca 600 kg &#8211; Allround 360\u00b0"}]},{"@type":"WebSite","@id":"https:\/\/magnetarmagnets.com\/it\/#website","url":"https:\/\/magnetarmagnets.com\/it\/","name":"Magnet fishing with a Magnetar fishing magnet","description":"Magneti potenti per la pesca magnetica","publisher":{"@id":"https:\/\/magnetarmagnets.com\/it\/#organization"},"potentialAction":[{"@type":"SearchAction","target":{"@type":"EntryPoint","urlTemplate":"https:\/\/magnetarmagnets.com\/it\/?s={search_term_string}"},"query-input":{"@type":"PropertyValueSpecification","valueRequired":true,"valueName":"search_term_string"}}],"inLanguage":"it-IT"},{"@type":"Organization","@id":"https:\/\/magnetarmagnets.com\/it\/#organization","name":"Magnetar","url":"https:\/\/magnetarmagnets.com\/it\/","logo":{"@type":"ImageObject","inLanguage":"it-IT","@id":"https:\/\/magnetarmagnets.com\/it\/#\/schema\/logo\/image\/","url":"https:\/\/magnetarmagnets.com\/wp-content\/uploads\/2025\/05\/Logo-03_PNG-Black-scaled.png","contentUrl":"https:\/\/magnetarmagnets.com\/wp-content\/uploads\/2025\/05\/Logo-03_PNG-Black-scaled.png","width":2560,"height":1658,"caption":"Magnetar"},"image":{"@id":"https:\/\/magnetarmagnets.com\/it\/#\/schema\/logo\/image\/"},"sameAs":["https:\/\/www.facebook.com\/fishingmagnets\/","https:\/\/www.instagram.com\/magnetar_magnets\/","https:\/\/www.linkedin.com\/company\/magnetarbv\/?originalSubdomain=nl","https:\/\/www.youtube.com\/c\/MagnetarVismagneet"]}]}},"_links":{"self":[{"href":"https:\/\/magnetarmagnets.com\/it\/wp-json\/wp\/v2\/product\/81778","targetHints":{"allow":["GET"]}}],"collection":[{"href":"https:\/\/magnetarmagnets.com\/it\/wp-json\/wp\/v2\/product"}],"about":[{"href":"https:\/\/magnetarmagnets.com\/it\/wp-json\/wp\/v2\/types\/product"}],"replies":[{"embeddable":true,"href":"https:\/\/magnetarmagnets.com\/it\/wp-json\/wp\/v2\/comments?post=81778"}],"version-history":[{"count":1,"href":"https:\/\/magnetarmagnets.com\/it\/wp-json\/wp\/v2\/product\/81778\/revisions"}],"predecessor-version":[{"id":94595,"href":"https:\/\/magnetarmagnets.com\/it\/wp-json\/wp\/v2\/product\/81778\/revisions\/94595"}],"wp:featuredmedia":[{"embeddable":true,"href":"https:\/\/magnetarmagnets.com\/it\/wp-json\/wp\/v2\/media\/74000"}],"wp:attachment":[{"href":"https:\/\/magnetarmagnets.com\/it\/wp-json\/wp\/v2\/media?parent=81778"}],"wp:term":[{"taxonomy":"product_brand","embeddable":true,"href":"https:\/\/magnetarmagnets.com\/it\/wp-json\/wp\/v2\/product_brand?post=81778"},{"taxonomy":"product_cat","embeddable":true,"href":"https:\/\/magnetarmagnets.com\/it\/wp-json\/wp\/v2\/product_cat?post=81778"},{"taxonomy":"product_tag","embeddable":true,"href":"https:\/\/magnetarmagnets.com\/it\/wp-json\/wp\/v2\/product_tag?post=81778"}],"curies":[{"name":"wp","href":"https:\/\/api.w.org\/{rel}","templated":true}]}}