{"id":81776,"date":"2025-06-05T09:54:42","date_gmt":"2025-06-05T07:54:42","guid":{"rendered":"https:\/\/magnetarmagnets.com\/?post_type=product&#038;p=81776"},"modified":"2026-04-04T21:02:17","modified_gmt":"2026-04-04T19:02:17","slug":"magnete-da-pesca-classico-500-kg-monolaterale","status":"publish","type":"product","link":"https:\/\/magnetarmagnets.com\/it\/shop\/magnete-da-pesca-classico-500-kg-monolaterale\/","title":{"rendered":"Magnete da pesca classico 500 KG &#8211; monolaterale"},"content":{"rendered":"Il magnete da pesca Classic 500 <span style=\"font-weight: 400;\">\u00e8 un magnete neodimio monolaterale con una forza di trazione massima di 1100 lb (500 kg). Il magnete da pesca Classic 500 \u00e8 una vera potenza nella gamma Classic ed \u00e8 il secondo magnete pi\u00f9 potente di questa serie.<\/span><span style=\"font-weight: 400;\">Consigliamo il Classic 500 agli appassionati di pesca con magnete per recuperare casseforti e altri oggetti pesanti senza problemi. Cerchi un magnete pi\u00f9 piccolo o pi\u00f9 grande? Dai un&#8217;occhiata al <a href=\"https:\/\/magnetarmagnets.com\/shop\/classic-fishing-magnet-660lb-300kg\">Classic 300<\/a><\/span><span style=\"font-weight: 400;\"> o al <a href=\"https:\/\/magnetarmagnets.com\/shop\/exclusive-terror-magnet\">Terror<\/a>, un magnete da pesca versatile.<\/span>\r\n<h2><strong>Magnete da pesca Classic 500 500kg\/1100lb<\/strong><\/h2>\r\n<span style=\"font-weight: 400;\">Stai cercando una vera potenza? Vorresti recuperare oggetti pi\u00f9 grandi e pesanti dall&#8217;acqua? Allora il Classic 500 potrebbe essere il magnete giusto per te! Il Magnetar Classic 500 \u00e8 un magnete neodimio con una forza di trazione massima di 500kg\/1100lb. L&#8217;elevata forza magnetica rende questo magnete una vera potenza. <\/span>\r\n\r\n<span style=\"font-weight: 400;\">Questo magnete \u00e8 stato progettato appositamente per aumentare le possibilit\u00e0 di recupero di oggetti dall&#8217;acqua. Mantenendo il diametro il pi\u00f9 piccolo possibile, il magnete scivoler\u00e0 sugli oggetti in modo pi\u00f9 fluido e ti aiuter\u00e0 a recuperarli molto pi\u00f9 rapidamente. Questo magnete \u00e8 consigliato a chi ha esperienza nella pesca con magnete o a principianti coraggiosi che vogliono iniziare con un magnete molto potente.<\/span>\r\n\r\n<span style=\"font-weight: 400;\">Questo magnete \u00e8 dotato di un involucro metallico robusto che protegge il magnete da urti o danni da caduta. La forza di trazione dichiarata di 500kg si raggiunge solo in condizioni ottimali: metallo piatto con uno spessore di 2 cm, senza ruggine e senza detriti tra il magnete e il metallo. In queste condizioni puoi sollevare 500kg in verticale. Cerchi un magnete potente e versatile che si agganci facilmente anche a oggetti tondi e arrugginiti? Scopri il nostro esclusivo <\/span><span style=\"font-weight: 400;\"><a href=\"https:\/\/magnetarmagnets.com\/shop\/beast-magnet\">Beast<\/a> magnete da pesca e le <a href=\"https:\/\/magnetarmagnets.com\/shop\/protection-covers-all-round-magnets\/\">coperture protettive<\/a>.<\/span>","protected":false},"excerpt":{"rendered":"<p><span style=\"font-weight: 400;\">Una <strong>vera potenza<\/strong>, questo magnete da pesca <strong>resistente agli urti<\/strong> per oggetti pesanti.<\/span><\/p>\n","protected":false},"featured_media":70582,"comment_status":"open","ping_status":"closed","template":"","meta":{"_acf_changed":false,"inline_featured_image":false},"product_brand":[],"product_cat":[473,479,488,479],"product_tag":[],"class_list":{"0":"post-81776","1":"product","2":"type-product","3":"status-publish","4":"has-post-thumbnail","6":"product_cat-magneti-da-pesca","7":"product_cat-magneti-da-pesca-a-faccia-singola","8":"product_cat-magneti-da-pesca-piu-potenti","11":"first","12":"instock","13":"taxable","14":"shipping-taxable","15":"purchasable","16":"product-type-simple"},"acf":[],"yoast_head":"<!-- This site is optimized with the Yoast SEO plugin v27.3 - https:\/\/yoast.com\/product\/yoast-seo-wordpress\/ -->\n<title>Magnete da pesca classico 500 KG - monolaterale - Magnet fishing with a Magnetar fishing magnet<\/title>\n<meta name=\"description\" content=\"Magnete da pesca Classic 500 Kg - Magnetar\" \/>\n<meta name=\"robots\" content=\"index, follow, max-snippet:-1, max-image-preview:large, max-video-preview:-1\" \/>\n<link rel=\"canonical\" href=\"https:\/\/magnetarmagnets.com\/it\/shop\/magnete-da-pesca-classico-500-kg-monolaterale\/\" \/>\n<meta property=\"og:locale\" content=\"it_IT\" \/>\n<meta property=\"og:type\" content=\"article\" \/>\n<meta property=\"og:title\" content=\"Magnete da pesca classico 500 KG - monolaterale - Magnet fishing with a Magnetar fishing magnet\" \/>\n<meta property=\"og:description\" content=\"Magnete da pesca Classic 500 Kg - Magnetar\" \/>\n<meta property=\"og:url\" content=\"https:\/\/magnetarmagnets.com\/it\/shop\/magnete-da-pesca-classico-500-kg-monolaterale\/\" \/>\n<meta property=\"og:site_name\" content=\"Magnet fishing with a Magnetar fishing magnet\" \/>\n<meta property=\"article:publisher\" content=\"https:\/\/www.facebook.com\/fishingmagnets\/\" \/>\n<meta property=\"article:modified_time\" content=\"2026-04-04T19:02:17+00:00\" \/>\n<meta property=\"og:image\" content=\"https:\/\/magnetarmagnets.com\/wp-content\/uploads\/2016\/12\/FOTO1483.jpg\" \/>\n\t<meta property=\"og:image:width\" content=\"1000\" \/>\n\t<meta property=\"og:image:height\" content=\"1000\" \/>\n\t<meta property=\"og:image:type\" content=\"image\/jpeg\" \/>\n<meta name=\"twitter:card\" content=\"summary_large_image\" \/>\n<meta name=\"twitter:label1\" content=\"Tempo di lettura stimato\" \/>\n\t<meta name=\"twitter:data1\" content=\"2 minuti\" \/>\n<script type=\"application\/ld+json\" class=\"yoast-schema-graph\">{\"@context\":\"https:\\\/\\\/schema.org\",\"@graph\":[{\"@type\":[\"WebPage\",\"ItemPage\"],\"@id\":\"https:\\\/\\\/magnetarmagnets.com\\\/it\\\/shop\\\/magnete-da-pesca-classico-500-kg-monolaterale\\\/\",\"url\":\"https:\\\/\\\/magnetarmagnets.com\\\/it\\\/shop\\\/magnete-da-pesca-classico-500-kg-monolaterale\\\/\",\"name\":\"Magnete da pesca classico 500 KG - monolaterale - Magnet fishing with a Magnetar fishing magnet\",\"isPartOf\":{\"@id\":\"https:\\\/\\\/magnetarmagnets.com\\\/it\\\/#website\"},\"primaryImageOfPage\":{\"@id\":\"https:\\\/\\\/magnetarmagnets.com\\\/it\\\/shop\\\/magnete-da-pesca-classico-500-kg-monolaterale\\\/#primaryimage\"},\"image\":{\"@id\":\"https:\\\/\\\/magnetarmagnets.com\\\/it\\\/shop\\\/magnete-da-pesca-classico-500-kg-monolaterale\\\/#primaryimage\"},\"thumbnailUrl\":\"https:\\\/\\\/magnetarmagnets.com\\\/wp-content\\\/uploads\\\/2016\\\/12\\\/FOTO1483.jpg\",\"datePublished\":\"2025-06-05T07:54:42+00:00\",\"dateModified\":\"2026-04-04T19:02:17+00:00\",\"description\":\"Magnete da pesca Classic 500 Kg - Magnetar\",\"breadcrumb\":{\"@id\":\"https:\\\/\\\/magnetarmagnets.com\\\/it\\\/shop\\\/magnete-da-pesca-classico-500-kg-monolaterale\\\/#breadcrumb\"},\"inLanguage\":\"it-IT\",\"potentialAction\":[{\"@type\":\"ReadAction\",\"target\":[\"https:\\\/\\\/magnetarmagnets.com\\\/it\\\/shop\\\/magnete-da-pesca-classico-500-kg-monolaterale\\\/\"]}]},{\"@type\":\"ImageObject\",\"inLanguage\":\"it-IT\",\"@id\":\"https:\\\/\\\/magnetarmagnets.com\\\/it\\\/shop\\\/magnete-da-pesca-classico-500-kg-monolaterale\\\/#primaryimage\",\"url\":\"https:\\\/\\\/magnetarmagnets.com\\\/wp-content\\\/uploads\\\/2016\\\/12\\\/FOTO1483.jpg\",\"contentUrl\":\"https:\\\/\\\/magnetarmagnets.com\\\/wp-content\\\/uploads\\\/2016\\\/12\\\/FOTO1483.jpg\",\"width\":1000,\"height\":1000,\"caption\":\"Classic 550\"},{\"@type\":\"BreadcrumbList\",\"@id\":\"https:\\\/\\\/magnetarmagnets.com\\\/it\\\/shop\\\/magnete-da-pesca-classico-500-kg-monolaterale\\\/#breadcrumb\",\"itemListElement\":[{\"@type\":\"ListItem\",\"position\":1,\"name\":\"Home\",\"item\":\"https:\\\/\\\/magnetarmagnets.com\\\/it\\\/\"},{\"@type\":\"ListItem\",\"position\":2,\"name\":\"negozio\",\"item\":\"https:\\\/\\\/magnetarmagnets.com\\\/negozio\\\/\"},{\"@type\":\"ListItem\",\"position\":3,\"name\":\"Magneti da Pesca\",\"item\":\"https:\\\/\\\/magnetarmagnets.com\\\/it\\\/collections\\\/magneti-da-pesca\\\/\"},{\"@type\":\"ListItem\",\"position\":4,\"name\":\"Magneti da Pesca a Faccia Singola\",\"item\":\"https:\\\/\\\/magnetarmagnets.com\\\/it\\\/collections\\\/magneti-da-pesca\\\/magneti-da-pesca-a-faccia-singola\\\/\"},{\"@type\":\"ListItem\",\"position\":5,\"name\":\"Magnete da pesca classico 500 KG &#8211; monolaterale\"}]},{\"@type\":\"WebSite\",\"@id\":\"https:\\\/\\\/magnetarmagnets.com\\\/it\\\/#website\",\"url\":\"https:\\\/\\\/magnetarmagnets.com\\\/it\\\/\",\"name\":\"Magnet fishing with a Magnetar fishing magnet\",\"description\":\"Magneti potenti per la pesca magnetica\",\"publisher\":{\"@id\":\"https:\\\/\\\/magnetarmagnets.com\\\/it\\\/#organization\"},\"potentialAction\":[{\"@type\":\"SearchAction\",\"target\":{\"@type\":\"EntryPoint\",\"urlTemplate\":\"https:\\\/\\\/magnetarmagnets.com\\\/it\\\/?s={search_term_string}\"},\"query-input\":{\"@type\":\"PropertyValueSpecification\",\"valueRequired\":true,\"valueName\":\"search_term_string\"}}],\"inLanguage\":\"it-IT\"},{\"@type\":\"Organization\",\"@id\":\"https:\\\/\\\/magnetarmagnets.com\\\/it\\\/#organization\",\"name\":\"Magnetar\",\"url\":\"https:\\\/\\\/magnetarmagnets.com\\\/it\\\/\",\"logo\":{\"@type\":\"ImageObject\",\"inLanguage\":\"it-IT\",\"@id\":\"https:\\\/\\\/magnetarmagnets.com\\\/it\\\/#\\\/schema\\\/logo\\\/image\\\/\",\"url\":\"https:\\\/\\\/magnetarmagnets.com\\\/wp-content\\\/uploads\\\/2025\\\/05\\\/Logo-03_PNG-Black-scaled.png\",\"contentUrl\":\"https:\\\/\\\/magnetarmagnets.com\\\/wp-content\\\/uploads\\\/2025\\\/05\\\/Logo-03_PNG-Black-scaled.png\",\"width\":2560,\"height\":1658,\"caption\":\"Magnetar\"},\"image\":{\"@id\":\"https:\\\/\\\/magnetarmagnets.com\\\/it\\\/#\\\/schema\\\/logo\\\/image\\\/\"},\"sameAs\":[\"https:\\\/\\\/www.facebook.com\\\/fishingmagnets\\\/\",\"https:\\\/\\\/www.instagram.com\\\/magnetar_magnets\\\/\",\"https:\\\/\\\/www.linkedin.com\\\/company\\\/magnetarbv\\\/?originalSubdomain=nl\",\"https:\\\/\\\/www.youtube.com\\\/c\\\/MagnetarVismagneet\"]}]}<\/script>\n<!-- \/ Yoast SEO plugin. -->","yoast_head_json":{"title":"Magnete da pesca classico 500 KG - monolaterale - Magnet fishing with a Magnetar fishing magnet","description":"Magnete da pesca Classic 500 Kg - Magnetar","robots":{"index":"index","follow":"follow","max-snippet":"max-snippet:-1","max-image-preview":"max-image-preview:large","max-video-preview":"max-video-preview:-1"},"canonical":"https:\/\/magnetarmagnets.com\/it\/shop\/magnete-da-pesca-classico-500-kg-monolaterale\/","og_locale":"it_IT","og_type":"article","og_title":"Magnete da pesca classico 500 KG - monolaterale - Magnet fishing with a Magnetar fishing magnet","og_description":"Magnete da pesca Classic 500 Kg - Magnetar","og_url":"https:\/\/magnetarmagnets.com\/it\/shop\/magnete-da-pesca-classico-500-kg-monolaterale\/","og_site_name":"Magnet fishing with a Magnetar fishing magnet","article_publisher":"https:\/\/www.facebook.com\/fishingmagnets\/","article_modified_time":"2026-04-04T19:02:17+00:00","og_image":[{"width":1000,"height":1000,"url":"https:\/\/magnetarmagnets.com\/wp-content\/uploads\/2016\/12\/FOTO1483.jpg","type":"image\/jpeg"}],"twitter_card":"summary_large_image","twitter_misc":{"Tempo di lettura stimato":"2 minuti"},"schema":{"@context":"https:\/\/schema.org","@graph":[{"@type":["WebPage","ItemPage"],"@id":"https:\/\/magnetarmagnets.com\/it\/shop\/magnete-da-pesca-classico-500-kg-monolaterale\/","url":"https:\/\/magnetarmagnets.com\/it\/shop\/magnete-da-pesca-classico-500-kg-monolaterale\/","name":"Magnete da pesca classico 500 KG - monolaterale - Magnet fishing with a Magnetar fishing magnet","isPartOf":{"@id":"https:\/\/magnetarmagnets.com\/it\/#website"},"primaryImageOfPage":{"@id":"https:\/\/magnetarmagnets.com\/it\/shop\/magnete-da-pesca-classico-500-kg-monolaterale\/#primaryimage"},"image":{"@id":"https:\/\/magnetarmagnets.com\/it\/shop\/magnete-da-pesca-classico-500-kg-monolaterale\/#primaryimage"},"thumbnailUrl":"https:\/\/magnetarmagnets.com\/wp-content\/uploads\/2016\/12\/FOTO1483.jpg","datePublished":"2025-06-05T07:54:42+00:00","dateModified":"2026-04-04T19:02:17+00:00","description":"Magnete da pesca Classic 500 Kg - Magnetar","breadcrumb":{"@id":"https:\/\/magnetarmagnets.com\/it\/shop\/magnete-da-pesca-classico-500-kg-monolaterale\/#breadcrumb"},"inLanguage":"it-IT","potentialAction":[{"@type":"ReadAction","target":["https:\/\/magnetarmagnets.com\/it\/shop\/magnete-da-pesca-classico-500-kg-monolaterale\/"]}]},{"@type":"ImageObject","inLanguage":"it-IT","@id":"https:\/\/magnetarmagnets.com\/it\/shop\/magnete-da-pesca-classico-500-kg-monolaterale\/#primaryimage","url":"https:\/\/magnetarmagnets.com\/wp-content\/uploads\/2016\/12\/FOTO1483.jpg","contentUrl":"https:\/\/magnetarmagnets.com\/wp-content\/uploads\/2016\/12\/FOTO1483.jpg","width":1000,"height":1000,"caption":"Classic 550"},{"@type":"BreadcrumbList","@id":"https:\/\/magnetarmagnets.com\/it\/shop\/magnete-da-pesca-classico-500-kg-monolaterale\/#breadcrumb","itemListElement":[{"@type":"ListItem","position":1,"name":"Home","item":"https:\/\/magnetarmagnets.com\/it\/"},{"@type":"ListItem","position":2,"name":"negozio","item":"https:\/\/magnetarmagnets.com\/negozio\/"},{"@type":"ListItem","position":3,"name":"Magneti da Pesca","item":"https:\/\/magnetarmagnets.com\/it\/collections\/magneti-da-pesca\/"},{"@type":"ListItem","position":4,"name":"Magneti da Pesca a Faccia Singola","item":"https:\/\/magnetarmagnets.com\/it\/collections\/magneti-da-pesca\/magneti-da-pesca-a-faccia-singola\/"},{"@type":"ListItem","position":5,"name":"Magnete da pesca classico 500 KG &#8211; monolaterale"}]},{"@type":"WebSite","@id":"https:\/\/magnetarmagnets.com\/it\/#website","url":"https:\/\/magnetarmagnets.com\/it\/","name":"Magnet fishing with a Magnetar fishing magnet","description":"Magneti potenti per la pesca magnetica","publisher":{"@id":"https:\/\/magnetarmagnets.com\/it\/#organization"},"potentialAction":[{"@type":"SearchAction","target":{"@type":"EntryPoint","urlTemplate":"https:\/\/magnetarmagnets.com\/it\/?s={search_term_string}"},"query-input":{"@type":"PropertyValueSpecification","valueRequired":true,"valueName":"search_term_string"}}],"inLanguage":"it-IT"},{"@type":"Organization","@id":"https:\/\/magnetarmagnets.com\/it\/#organization","name":"Magnetar","url":"https:\/\/magnetarmagnets.com\/it\/","logo":{"@type":"ImageObject","inLanguage":"it-IT","@id":"https:\/\/magnetarmagnets.com\/it\/#\/schema\/logo\/image\/","url":"https:\/\/magnetarmagnets.com\/wp-content\/uploads\/2025\/05\/Logo-03_PNG-Black-scaled.png","contentUrl":"https:\/\/magnetarmagnets.com\/wp-content\/uploads\/2025\/05\/Logo-03_PNG-Black-scaled.png","width":2560,"height":1658,"caption":"Magnetar"},"image":{"@id":"https:\/\/magnetarmagnets.com\/it\/#\/schema\/logo\/image\/"},"sameAs":["https:\/\/www.facebook.com\/fishingmagnets\/","https:\/\/www.instagram.com\/magnetar_magnets\/","https:\/\/www.linkedin.com\/company\/magnetarbv\/?originalSubdomain=nl","https:\/\/www.youtube.com\/c\/MagnetarVismagneet"]}]}},"_links":{"self":[{"href":"https:\/\/magnetarmagnets.com\/it\/wp-json\/wp\/v2\/product\/81776","targetHints":{"allow":["GET"]}}],"collection":[{"href":"https:\/\/magnetarmagnets.com\/it\/wp-json\/wp\/v2\/product"}],"about":[{"href":"https:\/\/magnetarmagnets.com\/it\/wp-json\/wp\/v2\/types\/product"}],"replies":[{"embeddable":true,"href":"https:\/\/magnetarmagnets.com\/it\/wp-json\/wp\/v2\/comments?post=81776"}],"version-history":[{"count":1,"href":"https:\/\/magnetarmagnets.com\/it\/wp-json\/wp\/v2\/product\/81776\/revisions"}],"predecessor-version":[{"id":95407,"href":"https:\/\/magnetarmagnets.com\/it\/wp-json\/wp\/v2\/product\/81776\/revisions\/95407"}],"wp:featuredmedia":[{"embeddable":true,"href":"https:\/\/magnetarmagnets.com\/it\/wp-json\/wp\/v2\/media\/70582"}],"wp:attachment":[{"href":"https:\/\/magnetarmagnets.com\/it\/wp-json\/wp\/v2\/media?parent=81776"}],"wp:term":[{"taxonomy":"product_brand","embeddable":true,"href":"https:\/\/magnetarmagnets.com\/it\/wp-json\/wp\/v2\/product_brand?post=81776"},{"taxonomy":"product_cat","embeddable":true,"href":"https:\/\/magnetarmagnets.com\/it\/wp-json\/wp\/v2\/product_cat?post=81776"},{"taxonomy":"product_tag","embeddable":true,"href":"https:\/\/magnetarmagnets.com\/it\/wp-json\/wp\/v2\/product_tag?post=81776"}],"curies":[{"name":"wp","href":"https:\/\/api.w.org\/{rel}","templated":true}]}}