{"id":81775,"date":"2025-06-05T09:54:41","date_gmt":"2025-06-05T07:54:41","guid":{"rendered":"https:\/\/magnetarmagnets.com\/?post_type=product&#038;p=81775"},"modified":"2026-04-15T03:14:59","modified_gmt":"2026-04-15T01:14:59","slug":"pacchetto-avanzato-magnete-da-pesca-400-kg-monofacciale","status":"publish","type":"product","link":"https:\/\/magnetarmagnets.com\/it\/shop\/pacchetto-avanzato-magnete-da-pesca-400-kg-monofacciale\/","title":{"rendered":"Pacchetto avanzato magnete da pesca &#8211; 400 kg &#8211; monofacciale"},"content":{"rendered":"Cerchi un set completo per pesca con magnete? Il pacchetto avanzato 880 lb \/ 400 kg &#8211; monofacciale contiene tutto ci\u00f2 di cui hai bisogno in riva all&#8217;acqua. Questo set per pesca con magnete \u00e8 composto da un magnete da pesca Classic 400, un paio di guanti impermeabili, una corda dal design unico, un gancio in acciaio inossidabile e colla per magneti per prepararti a qualsiasi situazione.\r\n<h2>Pacchetto avanzato 880 lb \/ 400 kg &#8211; contenuto<\/h2>\r\nIl <a href=\"https:\/\/magnetarmagnets.com\/shop\/classic-fishing-magnet-880lb-400kg\/\"><strong>Classic <\/strong><\/a><a href=\"https:\/\/magnetarmagnets.com\/shop\/classic-fishing-magnet-880lb-400kg\/\"><strong>Fishing Magnet <\/strong><\/a><a href=\"https:\/\/magnetarmagnets.com\/shop\/classic-fishing-magnet-880lb-400kg\/\"><strong>400 kg<\/strong><\/a> \u00e8 uno dei magneti da pesca monofacciali pi\u00f9 potenti di Magnetar. Questo prodotto \u00e8 protetto da una copertura che previene danni da cadute o urti. Inoltre, concentra tutta la forza magnetica sul fondo del magnete. Concentrando la trazione su un solo lato, questo magnete diventa estremamente potente. Cos\u00ec potente che potrebbe risultare difficile staccare gli oggetti dal magnete. Con questo magnete, oggetti pesanti con superfici piane, come casseforti, parti di auto e travi metalliche, possono essere facilmente riportati in superficie. Inoltre, altri oggetti storici pi\u00f9 piccoli non avranno alcuna possibilit\u00e0 contro questo magnete da pesca.\r\n\r\nLa forza di trazione di 880 lb (400 kg) si ottiene solo in condizioni perfette, ovvero quando il magnete tocca una piastra metallica non ossidata di 2 cm di spessore. La probabilit\u00e0 che ci\u00f2 accada durante la pesca con magnete \u00e8 solitamente bassa. Vuoi sapere come viene determinata la forza di trazione di un magnete da pesca? Guarda il nostro video sul <a href=\"https:\/\/www.youtube.com\/watch?v=2McW3RURDxs&amp;t=14s\"><strong>test di attrazione magnetica<\/strong><\/a> che utilizziamo.\r\n\r\nLa corda fornita \u00e8 progettata per la pesca con magnete. Dispone di un\u2019asola prefissata e di un moschettone, eliminando la necessit\u00e0 di nodi complicati. Inoltre, il pacchetto contiene un gancio per estrarre oggetti non magnetici e pesanti dall\u2019acqua. \u00c8 inclusa una bottiglia di colla per magneti, da utilizzare per fissare in sicurezza le ghiere e i ganci al magnete. Infine, usa sempre i guanti forniti per proteggere le mani durante la pesca con magnete.\r\n\r\nCerchi un set tutto-in-uno per pesca con magnete pi\u00f9 adatto ai bambini? Scopri il nostro <a href=\"https:\/\/magnetarmagnets.com\/shop\/starterpackage\/\"><strong>Starter Package<\/strong><\/a>. Se invece sei interessato a un magnete versatile a 360\u00b0, il nostro <a href=\"https:\/\/magnetarmagnets.com\/shop\/fishmagnet-package-pro\/\"><strong>Pacchetto Pro<\/strong><\/a> con il magnete <a href=\"https:\/\/magnetarmagnets.com\/shop\/hardcore-magnet-2\/\"><strong>Hardcore<\/strong><\/a> potrebbe fare al caso tuo. Non dimenticare di dare un\u2019occhiata ai <a href=\"https:\/\/magnetarmagnets.com\/magnet-fishing-kit\/\" target=\"_blank\" rel=\"noopener\">migliori kit per pesca con magnete<\/a> e ai nostri <a href=\"https:\/\/magnetarmagnets.com\/accessories\/\" target=\"_blank\" rel=\"noopener\">accessori per pesca con magnete<\/a>.\r\n<h2>Alta qualit\u00e0<\/h2>\r\nTutti i magneti da pesca Magnetar sono realizzati in neodimio. Questo materiale garantisce una forza magnetica duratura. Con un uso e stoccaggio adeguati, questi magneti perdono solo l\u20191% della loro forza in 100 anni. Per questo siamo certi di offrire i magneti neodimio pesca di altissima qualit\u00e0 sul mercato.\r\n\r\nNegli ultimi anni il mercato \u00e8 stato invaso da prodotti di bassa qualit\u00e0. Molti magneti da pesca venduti altrove perdono forza nel giro di poche settimane. Generalmente si trovano magneti di grandi dimensioni ma con neodimio di qualit\u00e0 inferiore e con pubblicit\u00e0 fuorvianti. Questi prodotti possono sembrare economici, ma ti lasceranno deluso a lungo termine.\r\n\r\nMagnetar \u00e8 una piccola azienda a conduzione familiare composta da veri appassionati di pesca con magnete. La qualit\u00e0 viene prima di tutto per noi, e questo si riflette nei nostri prodotti. Tutti i nostri magneti da pesca sono progettati internamente per garantire prodotti di alta gamma. Cerchi un magnete da pesca affidabile, efficace e di qualit\u00e0? Scegli Magnetar!\r\n<h2>Avvertenze:<\/h2>\r\nI nostri magneti da pesca in neodimio sono molto potenti. Questo pu\u00f2 causare l\u2019attrazione ad alta velocit\u00e0 di altri oggetti verso il magnete, con situazioni potenzialmente pericolose, come dita incastrate tra il magnete e un oggetto. Raccomandiamo di maneggiare sempre questi magneti con cura e sottolineiamo che lo fai a tuo rischio. Leggi le nostre avvertenze di sicurezza prima dell\u2019uso.","protected":false},"excerpt":{"rendered":"<p>Il kit adatto a <strong>ogni appassionato di pesca con magnete<\/strong>. Inizia la tua avventura con questo <strong>pacchetto completo<\/strong> che <strong>include tutto il necessario<\/strong>.<\/p>\n","protected":false},"featured_media":72543,"comment_status":"open","ping_status":"closed","template":"","meta":{"_acf_changed":false,"inline_featured_image":false},"product_brand":[],"product_cat":[480,473,479,481],"product_tag":[],"class_list":{"0":"post-81775","1":"product","2":"type-product","3":"status-publish","4":"has-post-thumbnail","6":"product_cat-kit-per-la-pesca-magnetica","7":"product_cat-magneti-da-pesca","8":"product_cat-magneti-da-pesca-a-faccia-singola","9":"product_cat-per-avventurieri-esperti","11":"first","12":"instock","13":"sale","14":"taxable","15":"shipping-taxable","16":"purchasable","17":"product-type-simple"},"acf":[],"yoast_head":"<!-- This site is optimized with the Yoast SEO plugin v27.4 - https:\/\/yoast.com\/product\/yoast-seo-wordpress\/ -->\n<title>Pacchetto avanzato magnete da pesca - 400 kg - monofacciale - Magnet fishing with a Magnetar fishing magnet<\/title>\n<meta name=\"description\" content=\"Pacchetto avanzato - magnete da pesca 400 kg - Magnetar\" \/>\n<meta name=\"robots\" content=\"index, follow, max-snippet:-1, max-image-preview:large, max-video-preview:-1\" \/>\n<link rel=\"canonical\" href=\"https:\/\/magnetarmagnets.com\/it\/shop\/pacchetto-avanzato-magnete-da-pesca-400-kg-monofacciale\/\" \/>\n<meta property=\"og:locale\" content=\"it_IT\" \/>\n<meta property=\"og:type\" content=\"article\" \/>\n<meta property=\"og:title\" content=\"Pacchetto avanzato magnete da pesca - 400 kg - monofacciale - Magnet fishing with a Magnetar fishing magnet\" \/>\n<meta property=\"og:description\" content=\"Pacchetto avanzato - magnete da pesca 400 kg - Magnetar\" \/>\n<meta property=\"og:url\" content=\"https:\/\/magnetarmagnets.com\/it\/shop\/pacchetto-avanzato-magnete-da-pesca-400-kg-monofacciale\/\" \/>\n<meta property=\"og:site_name\" content=\"Magnet fishing with a Magnetar fishing magnet\" \/>\n<meta property=\"article:publisher\" content=\"https:\/\/www.facebook.com\/fishingmagnets\/\" \/>\n<meta property=\"article:modified_time\" content=\"2026-04-15T01:14:59+00:00\" \/>\n<meta property=\"og:image\" content=\"https:\/\/magnetarmagnets.com\/wp-content\/uploads\/2021\/10\/MAGNETAR-ADVANCED-KIT-GOOGLE.jpg\" \/>\n\t<meta property=\"og:image:width\" content=\"1500\" \/>\n\t<meta property=\"og:image:height\" content=\"1500\" \/>\n\t<meta property=\"og:image:type\" content=\"image\/jpeg\" \/>\n<meta name=\"twitter:card\" content=\"summary_large_image\" \/>\n<meta name=\"twitter:label1\" content=\"Tempo di lettura stimato\" \/>\n\t<meta name=\"twitter:data1\" content=\"4 minuti\" \/>\n<script type=\"application\/ld+json\" class=\"yoast-schema-graph\">{\"@context\":\"https:\\\/\\\/schema.org\",\"@graph\":[{\"@type\":[\"WebPage\",\"ItemPage\"],\"@id\":\"https:\\\/\\\/magnetarmagnets.com\\\/it\\\/shop\\\/pacchetto-avanzato-magnete-da-pesca-400-kg-monofacciale\\\/\",\"url\":\"https:\\\/\\\/magnetarmagnets.com\\\/it\\\/shop\\\/pacchetto-avanzato-magnete-da-pesca-400-kg-monofacciale\\\/\",\"name\":\"Pacchetto avanzato magnete da pesca - 400 kg - monofacciale - Magnet fishing with a Magnetar fishing magnet\",\"isPartOf\":{\"@id\":\"https:\\\/\\\/magnetarmagnets.com\\\/it\\\/#website\"},\"primaryImageOfPage\":{\"@id\":\"https:\\\/\\\/magnetarmagnets.com\\\/it\\\/shop\\\/pacchetto-avanzato-magnete-da-pesca-400-kg-monofacciale\\\/#primaryimage\"},\"image\":{\"@id\":\"https:\\\/\\\/magnetarmagnets.com\\\/it\\\/shop\\\/pacchetto-avanzato-magnete-da-pesca-400-kg-monofacciale\\\/#primaryimage\"},\"thumbnailUrl\":\"https:\\\/\\\/magnetarmagnets.com\\\/wp-content\\\/uploads\\\/2021\\\/10\\\/MAGNETAR-ADVANCED-KIT-GOOGLE.jpg\",\"datePublished\":\"2025-06-05T07:54:41+00:00\",\"dateModified\":\"2026-04-15T01:14:59+00:00\",\"description\":\"Pacchetto avanzato - magnete da pesca 400 kg - Magnetar\",\"breadcrumb\":{\"@id\":\"https:\\\/\\\/magnetarmagnets.com\\\/it\\\/shop\\\/pacchetto-avanzato-magnete-da-pesca-400-kg-monofacciale\\\/#breadcrumb\"},\"inLanguage\":\"it-IT\",\"potentialAction\":[{\"@type\":\"ReadAction\",\"target\":[\"https:\\\/\\\/magnetarmagnets.com\\\/it\\\/shop\\\/pacchetto-avanzato-magnete-da-pesca-400-kg-monofacciale\\\/\"]}]},{\"@type\":\"ImageObject\",\"inLanguage\":\"it-IT\",\"@id\":\"https:\\\/\\\/magnetarmagnets.com\\\/it\\\/shop\\\/pacchetto-avanzato-magnete-da-pesca-400-kg-monofacciale\\\/#primaryimage\",\"url\":\"https:\\\/\\\/magnetarmagnets.com\\\/wp-content\\\/uploads\\\/2021\\\/10\\\/MAGNETAR-ADVANCED-KIT-GOOGLE.jpg\",\"contentUrl\":\"https:\\\/\\\/magnetarmagnets.com\\\/wp-content\\\/uploads\\\/2021\\\/10\\\/MAGNETAR-ADVANCED-KIT-GOOGLE.jpg\",\"width\":1500,\"height\":1500,\"caption\":\"MAGNETAR-ADVANCED-KIT\"},{\"@type\":\"BreadcrumbList\",\"@id\":\"https:\\\/\\\/magnetarmagnets.com\\\/it\\\/shop\\\/pacchetto-avanzato-magnete-da-pesca-400-kg-monofacciale\\\/#breadcrumb\",\"itemListElement\":[{\"@type\":\"ListItem\",\"position\":1,\"name\":\"Home\",\"item\":\"https:\\\/\\\/magnetarmagnets.com\\\/it\\\/\"},{\"@type\":\"ListItem\",\"position\":2,\"name\":\"negozio\",\"item\":\"https:\\\/\\\/magnetarmagnets.com\\\/negozio\\\/\"},{\"@type\":\"ListItem\",\"position\":3,\"name\":\"Magneti da Pesca\",\"item\":\"https:\\\/\\\/magnetarmagnets.com\\\/it\\\/collections\\\/magneti-da-pesca\\\/\"},{\"@type\":\"ListItem\",\"position\":4,\"name\":\"Magneti da Pesca a Faccia Singola\",\"item\":\"https:\\\/\\\/magnetarmagnets.com\\\/it\\\/collections\\\/magneti-da-pesca\\\/magneti-da-pesca-a-faccia-singola\\\/\"},{\"@type\":\"ListItem\",\"position\":5,\"name\":\"Pacchetto avanzato magnete da pesca &#8211; 400 kg &#8211; monofacciale\"}]},{\"@type\":\"WebSite\",\"@id\":\"https:\\\/\\\/magnetarmagnets.com\\\/it\\\/#website\",\"url\":\"https:\\\/\\\/magnetarmagnets.com\\\/it\\\/\",\"name\":\"Magnet fishing with a Magnetar fishing magnet\",\"description\":\"Magneti potenti per la pesca magnetica\",\"publisher\":{\"@id\":\"https:\\\/\\\/magnetarmagnets.com\\\/it\\\/#organization\"},\"potentialAction\":[{\"@type\":\"SearchAction\",\"target\":{\"@type\":\"EntryPoint\",\"urlTemplate\":\"https:\\\/\\\/magnetarmagnets.com\\\/it\\\/?s={search_term_string}\"},\"query-input\":{\"@type\":\"PropertyValueSpecification\",\"valueRequired\":true,\"valueName\":\"search_term_string\"}}],\"inLanguage\":\"it-IT\"},{\"@type\":\"Organization\",\"@id\":\"https:\\\/\\\/magnetarmagnets.com\\\/it\\\/#organization\",\"name\":\"Magnetar\",\"url\":\"https:\\\/\\\/magnetarmagnets.com\\\/it\\\/\",\"logo\":{\"@type\":\"ImageObject\",\"inLanguage\":\"it-IT\",\"@id\":\"https:\\\/\\\/magnetarmagnets.com\\\/it\\\/#\\\/schema\\\/logo\\\/image\\\/\",\"url\":\"https:\\\/\\\/magnetarmagnets.com\\\/wp-content\\\/uploads\\\/2025\\\/05\\\/Logo-03_PNG-Black-scaled.png\",\"contentUrl\":\"https:\\\/\\\/magnetarmagnets.com\\\/wp-content\\\/uploads\\\/2025\\\/05\\\/Logo-03_PNG-Black-scaled.png\",\"width\":2560,\"height\":1658,\"caption\":\"Magnetar\"},\"image\":{\"@id\":\"https:\\\/\\\/magnetarmagnets.com\\\/it\\\/#\\\/schema\\\/logo\\\/image\\\/\"},\"sameAs\":[\"https:\\\/\\\/www.facebook.com\\\/fishingmagnets\\\/\",\"https:\\\/\\\/www.instagram.com\\\/magnetar_magnets\\\/\",\"https:\\\/\\\/www.linkedin.com\\\/company\\\/magnetarbv\\\/?originalSubdomain=nl\",\"https:\\\/\\\/www.youtube.com\\\/c\\\/MagnetarVismagneet\"]}]}<\/script>\n<!-- \/ Yoast SEO plugin. -->","yoast_head_json":{"title":"Pacchetto avanzato magnete da pesca - 400 kg - monofacciale - Magnet fishing with a Magnetar fishing magnet","description":"Pacchetto avanzato - magnete da pesca 400 kg - Magnetar","robots":{"index":"index","follow":"follow","max-snippet":"max-snippet:-1","max-image-preview":"max-image-preview:large","max-video-preview":"max-video-preview:-1"},"canonical":"https:\/\/magnetarmagnets.com\/it\/shop\/pacchetto-avanzato-magnete-da-pesca-400-kg-monofacciale\/","og_locale":"it_IT","og_type":"article","og_title":"Pacchetto avanzato magnete da pesca - 400 kg - monofacciale - Magnet fishing with a Magnetar fishing magnet","og_description":"Pacchetto avanzato - magnete da pesca 400 kg - Magnetar","og_url":"https:\/\/magnetarmagnets.com\/it\/shop\/pacchetto-avanzato-magnete-da-pesca-400-kg-monofacciale\/","og_site_name":"Magnet fishing with a Magnetar fishing magnet","article_publisher":"https:\/\/www.facebook.com\/fishingmagnets\/","article_modified_time":"2026-04-15T01:14:59+00:00","og_image":[{"width":1500,"height":1500,"url":"https:\/\/magnetarmagnets.com\/wp-content\/uploads\/2021\/10\/MAGNETAR-ADVANCED-KIT-GOOGLE.jpg","type":"image\/jpeg"}],"twitter_card":"summary_large_image","twitter_misc":{"Tempo di lettura stimato":"4 minuti"},"schema":{"@context":"https:\/\/schema.org","@graph":[{"@type":["WebPage","ItemPage"],"@id":"https:\/\/magnetarmagnets.com\/it\/shop\/pacchetto-avanzato-magnete-da-pesca-400-kg-monofacciale\/","url":"https:\/\/magnetarmagnets.com\/it\/shop\/pacchetto-avanzato-magnete-da-pesca-400-kg-monofacciale\/","name":"Pacchetto avanzato magnete da pesca - 400 kg - monofacciale - Magnet fishing with a Magnetar fishing magnet","isPartOf":{"@id":"https:\/\/magnetarmagnets.com\/it\/#website"},"primaryImageOfPage":{"@id":"https:\/\/magnetarmagnets.com\/it\/shop\/pacchetto-avanzato-magnete-da-pesca-400-kg-monofacciale\/#primaryimage"},"image":{"@id":"https:\/\/magnetarmagnets.com\/it\/shop\/pacchetto-avanzato-magnete-da-pesca-400-kg-monofacciale\/#primaryimage"},"thumbnailUrl":"https:\/\/magnetarmagnets.com\/wp-content\/uploads\/2021\/10\/MAGNETAR-ADVANCED-KIT-GOOGLE.jpg","datePublished":"2025-06-05T07:54:41+00:00","dateModified":"2026-04-15T01:14:59+00:00","description":"Pacchetto avanzato - magnete da pesca 400 kg - Magnetar","breadcrumb":{"@id":"https:\/\/magnetarmagnets.com\/it\/shop\/pacchetto-avanzato-magnete-da-pesca-400-kg-monofacciale\/#breadcrumb"},"inLanguage":"it-IT","potentialAction":[{"@type":"ReadAction","target":["https:\/\/magnetarmagnets.com\/it\/shop\/pacchetto-avanzato-magnete-da-pesca-400-kg-monofacciale\/"]}]},{"@type":"ImageObject","inLanguage":"it-IT","@id":"https:\/\/magnetarmagnets.com\/it\/shop\/pacchetto-avanzato-magnete-da-pesca-400-kg-monofacciale\/#primaryimage","url":"https:\/\/magnetarmagnets.com\/wp-content\/uploads\/2021\/10\/MAGNETAR-ADVANCED-KIT-GOOGLE.jpg","contentUrl":"https:\/\/magnetarmagnets.com\/wp-content\/uploads\/2021\/10\/MAGNETAR-ADVANCED-KIT-GOOGLE.jpg","width":1500,"height":1500,"caption":"MAGNETAR-ADVANCED-KIT"},{"@type":"BreadcrumbList","@id":"https:\/\/magnetarmagnets.com\/it\/shop\/pacchetto-avanzato-magnete-da-pesca-400-kg-monofacciale\/#breadcrumb","itemListElement":[{"@type":"ListItem","position":1,"name":"Home","item":"https:\/\/magnetarmagnets.com\/it\/"},{"@type":"ListItem","position":2,"name":"negozio","item":"https:\/\/magnetarmagnets.com\/negozio\/"},{"@type":"ListItem","position":3,"name":"Magneti da Pesca","item":"https:\/\/magnetarmagnets.com\/it\/collections\/magneti-da-pesca\/"},{"@type":"ListItem","position":4,"name":"Magneti da Pesca a Faccia Singola","item":"https:\/\/magnetarmagnets.com\/it\/collections\/magneti-da-pesca\/magneti-da-pesca-a-faccia-singola\/"},{"@type":"ListItem","position":5,"name":"Pacchetto avanzato magnete da pesca &#8211; 400 kg &#8211; monofacciale"}]},{"@type":"WebSite","@id":"https:\/\/magnetarmagnets.com\/it\/#website","url":"https:\/\/magnetarmagnets.com\/it\/","name":"Magnet fishing with a Magnetar fishing magnet","description":"Magneti potenti per la pesca magnetica","publisher":{"@id":"https:\/\/magnetarmagnets.com\/it\/#organization"},"potentialAction":[{"@type":"SearchAction","target":{"@type":"EntryPoint","urlTemplate":"https:\/\/magnetarmagnets.com\/it\/?s={search_term_string}"},"query-input":{"@type":"PropertyValueSpecification","valueRequired":true,"valueName":"search_term_string"}}],"inLanguage":"it-IT"},{"@type":"Organization","@id":"https:\/\/magnetarmagnets.com\/it\/#organization","name":"Magnetar","url":"https:\/\/magnetarmagnets.com\/it\/","logo":{"@type":"ImageObject","inLanguage":"it-IT","@id":"https:\/\/magnetarmagnets.com\/it\/#\/schema\/logo\/image\/","url":"https:\/\/magnetarmagnets.com\/wp-content\/uploads\/2025\/05\/Logo-03_PNG-Black-scaled.png","contentUrl":"https:\/\/magnetarmagnets.com\/wp-content\/uploads\/2025\/05\/Logo-03_PNG-Black-scaled.png","width":2560,"height":1658,"caption":"Magnetar"},"image":{"@id":"https:\/\/magnetarmagnets.com\/it\/#\/schema\/logo\/image\/"},"sameAs":["https:\/\/www.facebook.com\/fishingmagnets\/","https:\/\/www.instagram.com\/magnetar_magnets\/","https:\/\/www.linkedin.com\/company\/magnetarbv\/?originalSubdomain=nl","https:\/\/www.youtube.com\/c\/MagnetarVismagneet"]}]}},"_links":{"self":[{"href":"https:\/\/magnetarmagnets.com\/it\/wp-json\/wp\/v2\/product\/81775","targetHints":{"allow":["GET"]}}],"collection":[{"href":"https:\/\/magnetarmagnets.com\/it\/wp-json\/wp\/v2\/product"}],"about":[{"href":"https:\/\/magnetarmagnets.com\/it\/wp-json\/wp\/v2\/types\/product"}],"replies":[{"embeddable":true,"href":"https:\/\/magnetarmagnets.com\/it\/wp-json\/wp\/v2\/comments?post=81775"}],"version-history":[{"count":0,"href":"https:\/\/magnetarmagnets.com\/it\/wp-json\/wp\/v2\/product\/81775\/revisions"}],"wp:featuredmedia":[{"embeddable":true,"href":"https:\/\/magnetarmagnets.com\/it\/wp-json\/wp\/v2\/media\/72543"}],"wp:attachment":[{"href":"https:\/\/magnetarmagnets.com\/it\/wp-json\/wp\/v2\/media?parent=81775"}],"wp:term":[{"taxonomy":"product_brand","embeddable":true,"href":"https:\/\/magnetarmagnets.com\/it\/wp-json\/wp\/v2\/product_brand?post=81775"},{"taxonomy":"product_cat","embeddable":true,"href":"https:\/\/magnetarmagnets.com\/it\/wp-json\/wp\/v2\/product_cat?post=81775"},{"taxonomy":"product_tag","embeddable":true,"href":"https:\/\/magnetarmagnets.com\/it\/wp-json\/wp\/v2\/product_tag?post=81775"}],"curies":[{"name":"wp","href":"https:\/\/api.w.org\/{rel}","templated":true}]}}