{"id":81773,"date":"2025-06-05T09:54:42","date_gmt":"2025-06-05T07:54:42","guid":{"rendered":"https:\/\/magnetarmagnets.com\/?post_type=product&#038;p=81773"},"modified":"2026-04-12T01:45:18","modified_gmt":"2026-04-11T23:45:18","slug":"il-miglior-gancio-da-recupero-per-pesca-con-magnete","status":"publish","type":"product","link":"https:\/\/magnetarmagnets.com\/it\/shop\/il-miglior-gancio-da-recupero-per-pesca-con-magnete\/","title":{"rendered":"Il miglior gancio da recupero per pesca con magnete"},"content":{"rendered":"<h2><strong>Cosa sono i ganci da recupero?<\/strong><\/h2>\r\n<span style=\"font-weight: 400;\">Si tratta di un dispositivo collegato a una corda e lanciato o affondato nell\u2019acqua per agganciare, trattenere, afferrare e trascinare un oggetto verso la superficie. Esistono diversi ganci da recupero utilizzati per l\u2019arrampicata sugli alberi, ma consigliamo questo strumento d\u2019avventura per chi pratica la pesca con magnete.<\/span>\r\n\r\n<span style=\"font-weight: 400;\">Possono essere utilizzati insieme a un <\/span><span style=\"font-weight: 400;\">magnete al neodimio<\/span><span style=\"font-weight: 400;\"> o in sostituzione di esso durante la ricerca di tesori subacquei. Se sei interessato a recuperare oggetti sovradimensionati, non magnetici, pesanti o di forma irregolare, un gancio da recupero ti aiuter\u00e0 a portarli in superficie.<\/span>\r\n<h2><strong>Gi\u00e0 hai un magnete, serve davvero un gancio da recupero?<\/strong><\/h2>\r\n<span style=\"font-weight: 400;\">Non necessariamente, ma \u00e8 altamente consigliato.<\/span>\r\n\r\n<span style=\"font-weight: 400;\">La maggior parte degli appassionati di pesca con magnete dir\u00e0 che un gancio da recupero \u00e8 essenziale. I nostri <\/span><span style=\"font-weight: 400;\">magneti al neodimio<\/span><span style=\"font-weight: 400;\"> sono ideali per raccogliere oggetti metallici magnetici di varie dimensioni, forme e densit\u00e0. Ma a volte serve il punto affilato di un gancio per estrarre un oggetto da sotto una roccia o per portarlo in superficie.<\/span>\r\n\r\n<span style=\"font-weight: 400;\">Come in ogni attivit\u00e0 &#8211; hai bisogno degli strumenti giusti per le diverse condizioni. Avere strumenti aggiuntivi come il nostro gancio da recupero in acciaio inossidabile ti aiuter\u00e0 ad aumentare la gamma e la versatilit\u00e0 dei tesori che puoi trovare. Gancio e magnete da pesca funzionano singolarmente, ma sono pi\u00f9 potenti insieme.<\/span>\r\n<h2><strong>Quali materiali non sono magnetici?<\/strong><\/h2>\r\n<span style=\"font-weight: 400;\">I magneti aiutano a catturare materiali magnetici. Sebbene tutti i materiali magnetici siano metallo, non tutto il metallo \u00e8 magnetico. La tabella seguente fornisce una panoramica dei materiali e degli oggetti che puoi attrarre con il tuo magnete o recuperare con il tuo gancio:<\/span>\r\n<table>\r\n<tbody>\r\n<tr>\r\n<td><b>Magnetici<\/b><\/td>\r\n<td><b>Non magnetici<\/b><\/td>\r\n<\/tr>\r\n<tr>\r\n<td><span style=\"font-weight: 400;\">Ferro (pentole, padelle)<\/span><\/td>\r\n<td><span style=\"font-weight: 400;\">Alluminio (lattine, utensili)<\/span><\/td>\r\n<\/tr>\r\n<tr>\r\n<td><span style=\"font-weight: 400;\">Nichel (monete)<\/span><\/td>\r\n<td><span style=\"font-weight: 400;\">Rame (monete)<\/span><\/td>\r\n<\/tr>\r\n<tr>\r\n<td><span style=\"font-weight: 400;\">Cobalto (viti, bulloni, attrezzi)<\/span><\/td>\r\n<td><span style=\"font-weight: 400;\">Piombo (batterie, pesi)<\/span><\/td>\r\n<\/tr>\r\n<tr>\r\n<td><span style=\"font-weight: 400;\">Acciaio (tubi, rotaie, automobili)<\/span><\/td>\r\n<td><span style=\"font-weight: 400;\">Ottone (strumenti musicali)<\/span><\/td>\r\n<\/tr>\r\n<\/tbody>\r\n<\/table>\r\n&nbsp;\r\n<h2><strong>Cosa posso trovare con il gancio da recupero?<\/strong><\/h2>\r\n<span style=\"font-weight: 400;\">Oggetti sovradimensionati o pesanti<\/span><span style=\"font-weight: 400;\"> &#8211; se trovi un oggetto pesante con il tuo magnete da pesca, l\u2019uso aggiuntivo di un gancio aumenter\u00e0 la forza di trazione del magnete e ti aiuter\u00e0 a estrarre l\u2019oggetto dall\u2019acqua. Avrai anche maggiore controllo durante il recupero.<\/span>\r\n<ul>\r\n \t<li><strong>Oggetti non magnetici<\/strong><span style=\"font-weight: 400;\"> &#8211; comprendono materiali come rame, alluminio e oro. Gli oggetti che li contengono potrebbero non essere recuperabili senza un gancio. \u00c8 simile alle esche con l\u2019amo: non serve sempre, ma aiuta a trovare molte pi\u00f9 specie! <\/span><\/li>\r\n \t<li><strong>Oggetti parzialmente magnetici<\/strong> &#8211; Se un oggetto \u00e8 composto da materiali magnetici e non magnetici, il magnete ti aiuter\u00e0 a individuarlo ma probabilmente non avrai una presa stretta o una linea tesa.<\/li>\r\n \t<li><strong>Oggetti di forma irregolare<\/strong> &#8211; Che si tratti di pistole, ordigni inesplosi, attrezzature, utensili o altri reperti pi\u00f9 grandi, rimarrai sorpreso da ci\u00f2 che puoi trovare!<\/li>\r\n<\/ul>\r\n<span style=\"font-weight: 400;\">E molto altro!<\/span>\r\n<h2><strong>Come usare il gancio da recupero in pesca con magnete?<\/strong><\/h2>\r\n<span style=\"font-weight: 400;\">Se c\u2019\u00e8 qualcosa che il tuo magnete non riesce a tirare su dall\u2019acqua, sia troppo pesante, ingombrante o non magnetico, \u00e8 il momento di usare il gancio da recupero.<\/span>\r\n\r\n<span style=\"font-weight: 400;\">Come fissare il gancio alla corda:<\/span><span style=\"font-weight: 400;\"> collega la corda all\u2019estremit\u00e0 del gancio con il moschettone (incluso con l\u2019acquisto della nostra <\/span><a href=\"https:\/\/magnetarmagnets.com\/shop\/magnet-fishing-rope\/\" target=\"_blank\" rel=\"noopener\"><span style=\"font-weight: 400;\">corda per pesca con magnete<\/span><\/a><span style=\"font-weight: 400;\">). In alternativa, fai un\u2019asola con un nodo Palomar (guarda il tutorial di Reinout <a href=\"https:\/\/magnetarmagnets.com\/how-to-make-the-perfect-knot\/\">qui<\/a>). Assicurati che la corda sia ben fissata al gancio.<\/span>\r\n\r\n<span style=\"font-weight: 400;\">Come usare il gancio insieme a un magnete:<\/span><span style=\"font-weight: 400;\"> se il tuo magnete da pesca trova qualcosa che non riesce a recuperare da solo, lascia magnete e corda in acqua. Fissa il gancio alla corda (vedi istruzioni sopra) e lancialo nella stessa direzione del magnete. Una volta che il gancio aggancia l\u2019oggetto a cui \u00e8 attaccato il magnete, tira entrambe le corde contemporaneamente per riportare l\u2019oggetto a riva.<\/span>\r\n\r\n<span style=\"font-weight: 400;\">Come usare il gancio da solo:<\/span><span style=\"font-weight: 400;\"> fissalo alla corda (vedi istruzioni sopra), lancialo in acqua e lascia che affondi. Trascina il gancio sul fondale mentre tiri la corda verso di te. Se le sue punte afferrano qualcosa, potrai trascinarlo a riva. Per il lancio successivo, getta la corda un metro pi\u00f9 avanti rispetto alla posizione precedente per coprire una zona pi\u00f9 ampia.<\/span>\r\n\r\n<span style=\"font-weight: 400;\"><strong>Ricorda:<\/strong> sii paziente e tira lentamente il gancio per evitare che gli oggetti scivolino via.<\/span>\r\n<h2><strong>Cosa considerare quando scegli un gancio?<\/strong><\/h2>\r\n<span style=\"font-weight: 400;\">Ci sono due aspetti da valutare quando acquisti un gancio:<\/span>\r\n<ol>\r\n \t<li style=\"font-weight: 400;\"><b>Materiale<\/b><span style=\"font-weight: 400;\"> &#8211; cerca ganci in acciaio inossidabile di alta qualit\u00e0 perch\u00e9 sono resistenti, leggeri, durevoli e anti-ruggine.<\/span><\/li>\r\n \t<li style=\"font-weight: 400;\"><b>Dimensioni<\/b><span style=\"font-weight: 400;\"> &#8211; il gancio Magnetar \u00e8 lungo 19 cm e largo 15,5 cm. Dopo anni di test, il nostro team concorda che queste sono dimensioni perfette per viaggiare, lanciare, trasportare e recuperare oggetti grandi o di forma irregolare. Se \u00e8 molto pi\u00f9 grande potrebbe diventare ingombrante o troppo pesante da lanciare. Se pi\u00f9 piccolo, potrebbe essere troppo stretto per alcuni oggetti subacquei.<\/span><\/li>\r\n<\/ol>\r\n<h2><strong>Gancio da recupero vs. magnete da pesca: quale scegliere?<\/strong><\/h2>\r\n<span style=\"font-weight: 400;\">Estremamente resistente e realizzato in acciaio inossidabile, il gancio da recupero \u00e8 l\u2019accessorio perfetto per i magneti da pesca. Pesa solo 290 grammi, cos\u00ec potrai lanciare facilmente il gancio in laghi, torrenti o fiumi per raggiungere pi\u00f9 oggetti! Alcuni ganci hanno punte antiscivolo, ma abbiamo scelto un design in acciaio inossidabile elegante che cattura oggetti di grandi dimensioni lasciando scivolare via le alghe.<\/span>\r\n\r\n<span style=\"font-weight: 400;\">Se devi scegliere tra gancio da recupero e magnete da pesca, consigliamo il magnete come strumento principale per questo sport, anche se il gancio rimane un attrezzo molto utile.<\/span>\r\n\r\n<span style=\"font-weight: 400;\">Disponiamo di tre tipi di magneti da pesca, tutti realizzati in neodimio: offriamo magneti al neodimio di varie potenze, tra cui <\/span><a href=\"https:\/\/magnetarmagnets.com\/collections\/fishing-magnets\/single-sided-classic\/\" target=\"_blank\" rel=\"noopener\"><span style=\"font-weight: 400;\">monodirezionali<\/span><\/a><span style=\"font-weight: 400;\">, <\/span><a href=\"https:\/\/magnetarmagnets.com\/double-sided-fishing-magnet\/\" target=\"_blank\" rel=\"noopener\"><span style=\"font-weight: 400;\">doppi<\/span><\/a><span style=\"font-weight: 400;\"> e <\/span><a href=\"https:\/\/magnetarmagnets.com\/collections\/fishing-magnets\/allround-magnets-360\/\" target=\"_blank\" rel=\"noopener\"><span style=\"font-weight: 400;\">360 allround<\/span><\/a><span style=\"font-weight: 400;\">. Tuttavia, il gancio da recupero \u00e8 la seconda scelta migliore perch\u00e9 completa i magneti e aumenta quantit\u00e0 e variet\u00e0 dei tesori recuperabili.<\/span>\r\n\r\n<span style=\"font-weight: 400;\">Scopri la nostra pagina <a href=\"https:\/\/magnetarmagnets.com\/collections\/fishing-magnets\/magnet-fishing-kit\/\" target=\"_blank\" rel=\"noopener\">kit per pesca con magnete<\/a> per trovare un set che include tutti gli <a href=\"https:\/\/magnetarmagnets.com\/accessories\/\" target=\"_blank\" rel=\"noopener\">accessori<\/a> necessari per la tua prossima avventura:<\/span>\r\n<ul>\r\n \t<li style=\"font-weight: 400;\">Corda in nylon per maggiore visibilit\u00e0 e distanza di lancio<\/li>\r\n \t<li style=\"font-weight: 400;\">Guanti per una presa migliore sulla corda<\/li>\r\n \t<li style=\"font-weight: 400;\">Gancio da recupero<\/li>\r\n \t<li style=\"font-weight: 400;\">Magnete al neodimio<\/li>\r\n<\/ul>\r\n<h2><strong>Istruzioni per cura e conservazione<\/strong><\/h2>\r\n<span style=\"font-weight: 400;\">Come per i magneti, anche il gancio da recupero va asciugato dopo l\u2019uso prima di riporlo. Per mantenere i tuoi strumenti protetti e farli durare a lungo, conserva con cura le punte in un luogo sicuro.<\/span>\r\n\r\n<span style=\"font-weight: 400;\">Per una conservazione sicura, puoi consultare il nostro <\/span><a href=\"https:\/\/magnetarmagnets.com\/shop\/magnet-storage-case\/\" target=\"_blank\" rel=\"noopener\">case di sicurezza<\/a><span style=\"font-weight: 400;\">.<\/span>\r\n<h2><strong>Quando verr\u00e0 consegnato?<\/strong><\/h2>\r\n<span style=\"font-weight: 400;\">Negli Stati Uniti e in Canada offriamo spedizione in giornata. Consegna prevista in 2-4 giorni lavorativi. In Europa spediamo rapidamente in Paesi Bassi, Belgio, Germania, Lussemburgo e Austria. Ordini da altri Paesi? Riceverai il tuo ordine entro 4 giorni lavorativi.<\/span>\r\n<h2><strong>Qual \u00e8 il costo della spedizione?<\/strong><\/h2>\r\n<span style=\"font-weight: 400;\">Consegna gratuita in US, Canada, Paesi Bassi, Belgio, Germania, Lussemburgo e Austria. I residenti nel Regno Unito pagano un\u2019imposta di importazione. Ordini da altri Paesi? Consulta la nostra <a href=\"https:\/\/magnetarmagnets.com\/shipping\/\">politica di spedizione<\/a>.<\/span>\r\n<h2><strong>Qual \u00e8 la politica di reso?<\/strong><\/h2>\r\n<span style=\"font-weight: 400;\">Per informazioni su resi e rimborsi completi visita la nostra <a href=\"https:\/\/magnetarmagnets.com\/returns\/\">pagina resi<\/a>.<\/span>","protected":false},"excerpt":{"rendered":"<p><span style=\"font-weight: 400;\">Il nostro <strong>gancio da recupero all&#8217;avanguardia<\/strong> \u00e8 perfetto per recuperare oggetti subacquei <strong>non magnetici, sovradimensionati, pesanti, parzialmente magnetici o di forma irregolare<\/strong>. Sia da riva che da barca, ti aiuta a riportare a galla tanti reperti interessanti.<\/span><\/p>\n<p><span style=\"font-weight: 400;\">Abbiamo scoperto che \u00e8 particolarmente utile come <strong>accessorio per il tuo <\/strong><\/span><strong><a href=\"https:\/\/magnetarmagnets.com\/\" target=\"_blank\" rel=\"noopener\">magnete da pesca<\/a><\/strong><span style=\"font-weight: 400;\">. Non c\u2019\u00e8 niente di pi\u00f9 frustrante che aver attaccato il magnete al proprio equipaggiamento e non riuscire a estrarre l\u2019oggetto dall\u2019acqua. L\u2019utilizzo di un gancio aumenter\u00e0 la <strong>resa e la forza di trazione<\/strong> del magnete, permettendoti di <strong>scoprire tesori ancora pi\u00f9 grandi, interessanti e memorabili<\/strong>.<\/span><\/p>\n","protected":false},"featured_media":69670,"comment_status":"open","ping_status":"closed","template":"","meta":{"_acf_changed":false,"inline_featured_image":false},"product_brand":[],"product_cat":[474,484],"product_tag":[],"class_list":{"0":"post-81773","1":"product","2":"type-product","3":"status-publish","4":"has-post-thumbnail","6":"product_cat-attrezzatura","7":"product_cat-attrezzatura-per-la-pesca-magnetica","9":"first","10":"instock","11":"sale","12":"taxable","13":"shipping-taxable","14":"purchasable","15":"product-type-simple"},"acf":[],"yoast_head":"<!-- This site is optimized with the Yoast SEO plugin v27.3 - https:\/\/yoast.com\/product\/yoast-seo-wordpress\/ -->\n<title>Gancio da recupero per pesca con magnete - Magnetar\u00ae [Acquista ora]<\/title>\n<meta name=\"description\" content=\"Acquista il miglior gancio da recupero per pesca con magnete \u27a4 Magnetar\u00ae. Il negozio per tutti gli accessori che ti servono per la pesca con magnete. Spedizione il giorno stesso!\" \/>\n<meta name=\"robots\" content=\"index, follow, max-snippet:-1, max-image-preview:large, max-video-preview:-1\" \/>\n<link rel=\"canonical\" href=\"https:\/\/magnetarmagnets.com\/it\/shop\/il-miglior-gancio-da-recupero-per-pesca-con-magnete\/\" \/>\n<meta property=\"og:locale\" content=\"it_IT\" \/>\n<meta property=\"og:type\" content=\"article\" \/>\n<meta property=\"og:title\" content=\"Gancio da recupero per pesca con magnete - Magnetar\u00ae [Acquista ora]\" \/>\n<meta property=\"og:description\" content=\"Acquista il miglior gancio da recupero per pesca con magnete \u27a4 Magnetar\u00ae. Il negozio per tutti gli accessori che ti servono per la pesca con magnete. Spedizione il giorno stesso!\" \/>\n<meta property=\"og:url\" content=\"https:\/\/magnetarmagnets.com\/it\/shop\/il-miglior-gancio-da-recupero-per-pesca-con-magnete\/\" \/>\n<meta property=\"og:site_name\" content=\"Magnet fishing with a Magnetar fishing magnet\" \/>\n<meta property=\"article:publisher\" content=\"https:\/\/www.facebook.com\/fishingmagnets\/\" \/>\n<meta property=\"article:modified_time\" content=\"2026-04-11T23:45:18+00:00\" \/>\n<meta property=\"og:image\" content=\"https:\/\/magnetarmagnets.com\/wp-content\/uploads\/2015\/09\/wurfanker.jpg\" \/>\n\t<meta property=\"og:image:width\" content=\"1570\" \/>\n\t<meta property=\"og:image:height\" content=\"1570\" \/>\n\t<meta property=\"og:image:type\" content=\"image\/jpeg\" \/>\n<meta name=\"twitter:card\" content=\"summary_large_image\" \/>\n<meta name=\"twitter:label1\" content=\"Tempo di lettura stimato\" \/>\n\t<meta name=\"twitter:data1\" content=\"7 minuti\" \/>\n<script type=\"application\/ld+json\" class=\"yoast-schema-graph\">{\"@context\":\"https:\\\/\\\/schema.org\",\"@graph\":[{\"@type\":[\"WebPage\",\"ItemPage\"],\"@id\":\"https:\\\/\\\/magnetarmagnets.com\\\/it\\\/shop\\\/il-miglior-gancio-da-recupero-per-pesca-con-magnete\\\/\",\"url\":\"https:\\\/\\\/magnetarmagnets.com\\\/it\\\/shop\\\/il-miglior-gancio-da-recupero-per-pesca-con-magnete\\\/\",\"name\":\"Gancio da recupero per pesca con magnete - Magnetar\u00ae [Acquista ora]\",\"isPartOf\":{\"@id\":\"https:\\\/\\\/magnetarmagnets.com\\\/it\\\/#website\"},\"primaryImageOfPage\":{\"@id\":\"https:\\\/\\\/magnetarmagnets.com\\\/it\\\/shop\\\/il-miglior-gancio-da-recupero-per-pesca-con-magnete\\\/#primaryimage\"},\"image\":{\"@id\":\"https:\\\/\\\/magnetarmagnets.com\\\/it\\\/shop\\\/il-miglior-gancio-da-recupero-per-pesca-con-magnete\\\/#primaryimage\"},\"thumbnailUrl\":\"https:\\\/\\\/magnetarmagnets.com\\\/wp-content\\\/uploads\\\/2015\\\/09\\\/wurfanker.jpg\",\"datePublished\":\"2025-06-05T07:54:42+00:00\",\"dateModified\":\"2026-04-11T23:45:18+00:00\",\"description\":\"Acquista il miglior gancio da recupero per pesca con magnete \u27a4 Magnetar\u00ae. Il negozio per tutti gli accessori che ti servono per la pesca con magnete. Spedizione il giorno stesso!\",\"breadcrumb\":{\"@id\":\"https:\\\/\\\/magnetarmagnets.com\\\/it\\\/shop\\\/il-miglior-gancio-da-recupero-per-pesca-con-magnete\\\/#breadcrumb\"},\"inLanguage\":\"it-IT\",\"potentialAction\":[{\"@type\":\"ReadAction\",\"target\":[\"https:\\\/\\\/magnetarmagnets.com\\\/it\\\/shop\\\/il-miglior-gancio-da-recupero-per-pesca-con-magnete\\\/\"]}]},{\"@type\":\"ImageObject\",\"inLanguage\":\"it-IT\",\"@id\":\"https:\\\/\\\/magnetarmagnets.com\\\/it\\\/shop\\\/il-miglior-gancio-da-recupero-per-pesca-con-magnete\\\/#primaryimage\",\"url\":\"https:\\\/\\\/magnetarmagnets.com\\\/wp-content\\\/uploads\\\/2015\\\/09\\\/wurfanker.jpg\",\"contentUrl\":\"https:\\\/\\\/magnetarmagnets.com\\\/wp-content\\\/uploads\\\/2015\\\/09\\\/wurfanker.jpg\",\"width\":1570,\"height\":1570,\"caption\":\"magnet-fishing-grappling-hook\"},{\"@type\":\"BreadcrumbList\",\"@id\":\"https:\\\/\\\/magnetarmagnets.com\\\/it\\\/shop\\\/il-miglior-gancio-da-recupero-per-pesca-con-magnete\\\/#breadcrumb\",\"itemListElement\":[{\"@type\":\"ListItem\",\"position\":1,\"name\":\"Home\",\"item\":\"https:\\\/\\\/magnetarmagnets.com\\\/it\\\/\"},{\"@type\":\"ListItem\",\"position\":2,\"name\":\"negozio\",\"item\":\"https:\\\/\\\/magnetarmagnets.com\\\/negozio\\\/\"},{\"@type\":\"ListItem\",\"position\":3,\"name\":\"Attrezzatura\",\"item\":\"https:\\\/\\\/magnetarmagnets.com\\\/it\\\/collections\\\/attrezzatura\\\/\"},{\"@type\":\"ListItem\",\"position\":4,\"name\":\"Attrezzatura per la Pesca Magnetica\",\"item\":\"https:\\\/\\\/magnetarmagnets.com\\\/it\\\/collections\\\/attrezzatura\\\/attrezzatura-per-la-pesca-magnetica\\\/\"},{\"@type\":\"ListItem\",\"position\":5,\"name\":\"Il miglior gancio da recupero per pesca con magnete\"}]},{\"@type\":\"WebSite\",\"@id\":\"https:\\\/\\\/magnetarmagnets.com\\\/it\\\/#website\",\"url\":\"https:\\\/\\\/magnetarmagnets.com\\\/it\\\/\",\"name\":\"Magnet fishing with a Magnetar fishing magnet\",\"description\":\"Magneti potenti per la pesca magnetica\",\"publisher\":{\"@id\":\"https:\\\/\\\/magnetarmagnets.com\\\/it\\\/#organization\"},\"potentialAction\":[{\"@type\":\"SearchAction\",\"target\":{\"@type\":\"EntryPoint\",\"urlTemplate\":\"https:\\\/\\\/magnetarmagnets.com\\\/it\\\/?s={search_term_string}\"},\"query-input\":{\"@type\":\"PropertyValueSpecification\",\"valueRequired\":true,\"valueName\":\"search_term_string\"}}],\"inLanguage\":\"it-IT\"},{\"@type\":\"Organization\",\"@id\":\"https:\\\/\\\/magnetarmagnets.com\\\/it\\\/#organization\",\"name\":\"Magnetar\",\"url\":\"https:\\\/\\\/magnetarmagnets.com\\\/it\\\/\",\"logo\":{\"@type\":\"ImageObject\",\"inLanguage\":\"it-IT\",\"@id\":\"https:\\\/\\\/magnetarmagnets.com\\\/it\\\/#\\\/schema\\\/logo\\\/image\\\/\",\"url\":\"https:\\\/\\\/magnetarmagnets.com\\\/wp-content\\\/uploads\\\/2025\\\/05\\\/Logo-03_PNG-Black-scaled.png\",\"contentUrl\":\"https:\\\/\\\/magnetarmagnets.com\\\/wp-content\\\/uploads\\\/2025\\\/05\\\/Logo-03_PNG-Black-scaled.png\",\"width\":2560,\"height\":1658,\"caption\":\"Magnetar\"},\"image\":{\"@id\":\"https:\\\/\\\/magnetarmagnets.com\\\/it\\\/#\\\/schema\\\/logo\\\/image\\\/\"},\"sameAs\":[\"https:\\\/\\\/www.facebook.com\\\/fishingmagnets\\\/\",\"https:\\\/\\\/www.instagram.com\\\/magnetar_magnets\\\/\",\"https:\\\/\\\/www.linkedin.com\\\/company\\\/magnetarbv\\\/?originalSubdomain=nl\",\"https:\\\/\\\/www.youtube.com\\\/c\\\/MagnetarVismagneet\"]}]}<\/script>\n<!-- \/ Yoast SEO plugin. -->","yoast_head_json":{"title":"Gancio da recupero per pesca con magnete - Magnetar\u00ae [Acquista ora]","description":"Acquista il miglior gancio da recupero per pesca con magnete \u27a4 Magnetar\u00ae. Il negozio per tutti gli accessori che ti servono per la pesca con magnete. Spedizione il giorno stesso!","robots":{"index":"index","follow":"follow","max-snippet":"max-snippet:-1","max-image-preview":"max-image-preview:large","max-video-preview":"max-video-preview:-1"},"canonical":"https:\/\/magnetarmagnets.com\/it\/shop\/il-miglior-gancio-da-recupero-per-pesca-con-magnete\/","og_locale":"it_IT","og_type":"article","og_title":"Gancio da recupero per pesca con magnete - Magnetar\u00ae [Acquista ora]","og_description":"Acquista il miglior gancio da recupero per pesca con magnete \u27a4 Magnetar\u00ae. Il negozio per tutti gli accessori che ti servono per la pesca con magnete. Spedizione il giorno stesso!","og_url":"https:\/\/magnetarmagnets.com\/it\/shop\/il-miglior-gancio-da-recupero-per-pesca-con-magnete\/","og_site_name":"Magnet fishing with a Magnetar fishing magnet","article_publisher":"https:\/\/www.facebook.com\/fishingmagnets\/","article_modified_time":"2026-04-11T23:45:18+00:00","og_image":[{"width":1570,"height":1570,"url":"https:\/\/magnetarmagnets.com\/wp-content\/uploads\/2015\/09\/wurfanker.jpg","type":"image\/jpeg"}],"twitter_card":"summary_large_image","twitter_misc":{"Tempo di lettura stimato":"7 minuti"},"schema":{"@context":"https:\/\/schema.org","@graph":[{"@type":["WebPage","ItemPage"],"@id":"https:\/\/magnetarmagnets.com\/it\/shop\/il-miglior-gancio-da-recupero-per-pesca-con-magnete\/","url":"https:\/\/magnetarmagnets.com\/it\/shop\/il-miglior-gancio-da-recupero-per-pesca-con-magnete\/","name":"Gancio da recupero per pesca con magnete - Magnetar\u00ae [Acquista ora]","isPartOf":{"@id":"https:\/\/magnetarmagnets.com\/it\/#website"},"primaryImageOfPage":{"@id":"https:\/\/magnetarmagnets.com\/it\/shop\/il-miglior-gancio-da-recupero-per-pesca-con-magnete\/#primaryimage"},"image":{"@id":"https:\/\/magnetarmagnets.com\/it\/shop\/il-miglior-gancio-da-recupero-per-pesca-con-magnete\/#primaryimage"},"thumbnailUrl":"https:\/\/magnetarmagnets.com\/wp-content\/uploads\/2015\/09\/wurfanker.jpg","datePublished":"2025-06-05T07:54:42+00:00","dateModified":"2026-04-11T23:45:18+00:00","description":"Acquista il miglior gancio da recupero per pesca con magnete \u27a4 Magnetar\u00ae. Il negozio per tutti gli accessori che ti servono per la pesca con magnete. Spedizione il giorno stesso!","breadcrumb":{"@id":"https:\/\/magnetarmagnets.com\/it\/shop\/il-miglior-gancio-da-recupero-per-pesca-con-magnete\/#breadcrumb"},"inLanguage":"it-IT","potentialAction":[{"@type":"ReadAction","target":["https:\/\/magnetarmagnets.com\/it\/shop\/il-miglior-gancio-da-recupero-per-pesca-con-magnete\/"]}]},{"@type":"ImageObject","inLanguage":"it-IT","@id":"https:\/\/magnetarmagnets.com\/it\/shop\/il-miglior-gancio-da-recupero-per-pesca-con-magnete\/#primaryimage","url":"https:\/\/magnetarmagnets.com\/wp-content\/uploads\/2015\/09\/wurfanker.jpg","contentUrl":"https:\/\/magnetarmagnets.com\/wp-content\/uploads\/2015\/09\/wurfanker.jpg","width":1570,"height":1570,"caption":"magnet-fishing-grappling-hook"},{"@type":"BreadcrumbList","@id":"https:\/\/magnetarmagnets.com\/it\/shop\/il-miglior-gancio-da-recupero-per-pesca-con-magnete\/#breadcrumb","itemListElement":[{"@type":"ListItem","position":1,"name":"Home","item":"https:\/\/magnetarmagnets.com\/it\/"},{"@type":"ListItem","position":2,"name":"negozio","item":"https:\/\/magnetarmagnets.com\/negozio\/"},{"@type":"ListItem","position":3,"name":"Attrezzatura","item":"https:\/\/magnetarmagnets.com\/it\/collections\/attrezzatura\/"},{"@type":"ListItem","position":4,"name":"Attrezzatura per la Pesca Magnetica","item":"https:\/\/magnetarmagnets.com\/it\/collections\/attrezzatura\/attrezzatura-per-la-pesca-magnetica\/"},{"@type":"ListItem","position":5,"name":"Il miglior gancio da recupero per pesca con magnete"}]},{"@type":"WebSite","@id":"https:\/\/magnetarmagnets.com\/it\/#website","url":"https:\/\/magnetarmagnets.com\/it\/","name":"Magnet fishing with a Magnetar fishing magnet","description":"Magneti potenti per la pesca magnetica","publisher":{"@id":"https:\/\/magnetarmagnets.com\/it\/#organization"},"potentialAction":[{"@type":"SearchAction","target":{"@type":"EntryPoint","urlTemplate":"https:\/\/magnetarmagnets.com\/it\/?s={search_term_string}"},"query-input":{"@type":"PropertyValueSpecification","valueRequired":true,"valueName":"search_term_string"}}],"inLanguage":"it-IT"},{"@type":"Organization","@id":"https:\/\/magnetarmagnets.com\/it\/#organization","name":"Magnetar","url":"https:\/\/magnetarmagnets.com\/it\/","logo":{"@type":"ImageObject","inLanguage":"it-IT","@id":"https:\/\/magnetarmagnets.com\/it\/#\/schema\/logo\/image\/","url":"https:\/\/magnetarmagnets.com\/wp-content\/uploads\/2025\/05\/Logo-03_PNG-Black-scaled.png","contentUrl":"https:\/\/magnetarmagnets.com\/wp-content\/uploads\/2025\/05\/Logo-03_PNG-Black-scaled.png","width":2560,"height":1658,"caption":"Magnetar"},"image":{"@id":"https:\/\/magnetarmagnets.com\/it\/#\/schema\/logo\/image\/"},"sameAs":["https:\/\/www.facebook.com\/fishingmagnets\/","https:\/\/www.instagram.com\/magnetar_magnets\/","https:\/\/www.linkedin.com\/company\/magnetarbv\/?originalSubdomain=nl","https:\/\/www.youtube.com\/c\/MagnetarVismagneet"]}]}},"_links":{"self":[{"href":"https:\/\/magnetarmagnets.com\/it\/wp-json\/wp\/v2\/product\/81773","targetHints":{"allow":["GET"]}}],"collection":[{"href":"https:\/\/magnetarmagnets.com\/it\/wp-json\/wp\/v2\/product"}],"about":[{"href":"https:\/\/magnetarmagnets.com\/it\/wp-json\/wp\/v2\/types\/product"}],"replies":[{"embeddable":true,"href":"https:\/\/magnetarmagnets.com\/it\/wp-json\/wp\/v2\/comments?post=81773"}],"version-history":[{"count":0,"href":"https:\/\/magnetarmagnets.com\/it\/wp-json\/wp\/v2\/product\/81773\/revisions"}],"wp:featuredmedia":[{"embeddable":true,"href":"https:\/\/magnetarmagnets.com\/it\/wp-json\/wp\/v2\/media\/69670"}],"wp:attachment":[{"href":"https:\/\/magnetarmagnets.com\/it\/wp-json\/wp\/v2\/media?parent=81773"}],"wp:term":[{"taxonomy":"product_brand","embeddable":true,"href":"https:\/\/magnetarmagnets.com\/it\/wp-json\/wp\/v2\/product_brand?post=81773"},{"taxonomy":"product_cat","embeddable":true,"href":"https:\/\/magnetarmagnets.com\/it\/wp-json\/wp\/v2\/product_cat?post=81773"},{"taxonomy":"product_tag","embeddable":true,"href":"https:\/\/magnetarmagnets.com\/it\/wp-json\/wp\/v2\/product_tag?post=81773"}],"curies":[{"name":"wp","href":"https:\/\/api.w.org\/{rel}","templated":true}]}}