{"id":68771,"date":"2014-04-08T08:47:46","date_gmt":"2014-04-08T06:47:46","guid":{"rendered":"https:\/\/magnetarmagnets.com\/?page_id=68771"},"modified":"2025-06-30T13:49:25","modified_gmt":"2025-06-30T11:49:25","slug":"informativa-sulla-privacy","status":"publish","type":"page","link":"https:\/\/magnetarmagnets.com\/it\/informativa-sulla-privacy\/","title":{"rendered":"Informativa sulla privacy"},"content":{"rendered":"\n<p><strong>Ultimo aggiornamento: 19 novembre 2021<\/strong><\/p>\n\n\n\n<p>Questa \u00e8 l&#8217;informativa sulla privacy di Magnetar US, Inc., di seguito: Magnetar. Questo documento spiega come Magnetar gestir\u00e0 il trattamento dei tuoi dati personali. Nel trattamento dei tuoi dati personali, Magnetar eserciter\u00e0 la massima attenzione possibile.<\/p>\n\n\n\n<h2 class=\"wp-block-heading\"><strong>Acquisizione dei dati personali<\/strong><\/h2>\n\n\n\n<p>Se utilizzi i servizi di Magnetar, fornisci personalmente diversi dati personali a Magnetar oppure questi vengono acquisiti nel contesto del contratto. Per dati personali si intendono tutte le informazioni relative a una persona fisica identificata o identificabile.<\/p>\n\n\n\n<h2 class=\"wp-block-heading\"><strong>Categorie di dati personali<\/strong><\/h2>\n\n\n\n<p>Magnetar tratta le seguenti categorie di dati personali:<\/p>\n\n\n\n<ul class=\"wp-block-list\">\n<li>Nome e dati di contatto, inclusi dati di localizzazione, numero di telefono, indirizzo e-mail.<\/li>\n\n\n\n<li>Dati aziendali, incluso il numero di partita IVA e numero di registrazione presso la Camera di Commercio.<\/li>\n\n\n\n<li>Indirizzo di consegna alternativo.<\/li>\n\n\n\n<li>Informazioni dell\u2019account, incluso nome utente e password.<\/li>\n\n\n\n<li>Altri dati personali forniti da te.<\/li>\n<\/ul>\n\n\n\n<p><strong>Finalit\u00e0 del trattamento<\/strong><\/p>\n\n\n\n<p>I dati personali trattati da Magnetar sono utilizzati per:<\/p>\n\n\n\n<ul class=\"wp-block-list\">\n<li>Contattarti per informarti sui servizi acquistati e sul loro svolgimento.<\/li>\n\n\n\n<li>Consentire l&#8217;esecuzione dei servizi da parte di Magnetar.<\/li>\n\n\n\n<li>Migliorare i servizi forniti.<\/li>\n\n\n\n<li>Effettuare pagamenti.<\/li>\n\n\n\n<li>Rispettare obblighi legali.<\/li>\n\n\n\n<li>Attivit\u00e0 di marketing e comunicazione, incluso il miglioramento del sito tramite l\u2019analisi del comportamento dei visitatori.<\/li>\n\n\n\n<li>Inviare newsletter.<\/li>\n\n\n\n<li>Scambiare dati con terze parti per l\u2019esecuzione dei servizi, se necessario.<\/li>\n<\/ul>\n\n\n\n<h2 class=\"wp-block-heading\"><strong>Base giuridica del trattamento<\/strong><\/h2>\n\n\n\n<p>I dati personali possono essere trattati solo sulla base delle seguenti basi giuridiche: (i) obbligo legale, (ii) esecuzione del contratto, (iii) consenso esplicito dell\u2019interessato, e (iv) interesse legittimo. I dati trattati da Magnetar sono necessari per l\u2019erogazione dei servizi richiesti. I dati possono essere trattati anche tramite la visita al sito web <a class=\"\" href=\"https:\/\/magnetarmagnets.com\/it\/\">https:\/\/magnetarmagnets.com\/<\/a> previo tuo consenso.<\/p>\n\n\n\n<h2 class=\"wp-block-heading\"><strong>Necessit\u00e0 del trattamento<\/strong><\/h2>\n\n\n\n<p>Il trattamento dei dati personali \u00e8 necessario per l\u2019esecuzione dei servizi. Senza trattamento, i servizi non possono essere completati correttamente. Se \u00e8 richiesto un consenso esplicito per determinate finalit\u00e0, ti verr\u00e0 richiesto separatamente.<\/p>\n\n\n\n<h2 class=\"wp-block-heading\"><strong>Decisioni automatizzate<\/strong><\/h2>\n\n\n\n<p>Non vengono prese decisioni automatizzate.<\/p>\n\n\n\n<h2 class=\"wp-block-heading\"><strong>Periodo di conservazione<\/strong><\/h2>\n\n\n\n<p>I dati personali sono conservati in conformit\u00e0 alla normativa vigente e per il tempo strettamente necessario. Se richiesto dalla legge, saranno conservati pi\u00f9 a lungo.<\/p>\n\n\n\n<h2 class=\"wp-block-heading\"><strong>Trattamento da parte di terzi<\/strong><\/h2>\n\n\n\n<p>Magnetar condivider\u00e0 i dati personali con terze parti solo se ci\u00f2 \u00e8 strettamente necessario per l\u2019esecuzione di un contratto e per rispettare le leggi e i regolamenti vigenti. I dati personali non vengono venduti. Magnetar pu\u00f2 essere soggetta a obblighi legali che impongono la condivisione di dati personali con terze parti. In tal caso, verranno stipulati appositi accordi di trattamento. Le terze parti con cui vengono condivisi i dati personali sono:<\/p>\n\n\n\n<ul class=\"wp-block-list\">\n<li><strong>Il servizio di consegna<\/strong>, incaricato per l\u2019esecuzione del contratto. Le categorie di dati trattati includono nome, dati di contatto e indirizzo.<\/li>\n\n\n\n<li><strong>Il fornitore di servizi di pagamento<\/strong>, per l\u2019esecuzione del contratto. Le categorie di dati trattati sono i dati finanziari.<\/li>\n\n\n\n<li><strong>Il commercialista<\/strong>, per l\u2019esecuzione del contratto. Le categorie di dati trattati includono nome, dati di contatto, indirizzo e dati finanziari.<\/li>\n\n\n\n<li><strong>I fornitori di software<\/strong>, per l\u2019esecuzione del contratto. Le categorie di dati trattati includono nome, dati di contatto e indirizzo.<\/li>\n\n\n\n<li><strong>L\u2019amministratore del sito web<\/strong>, per l\u2019esecuzione del contratto. Le categorie di dati trattati includono nome, dati di contatto e indirizzo.<\/li>\n\n\n\n<li><strong>Altri terzi incaricati<\/strong>, per l\u2019esecuzione del contratto. Le categorie di dati trattati includono nome, dati di contatto e indirizzo.<\/li>\n<\/ul>\n\n\n\n<h2 class=\"wp-block-heading\"><strong>Sicurezza dei dati personali<\/strong><\/h2>\n\n\n\n<p>Magnetar protegge seriamente i tuoi dati personali adottando misure tecniche e organizzative appropriate, tenendo conto dello stato dell\u2019arte, dei costi di implementazione e dei rischi.<\/p>\n\n\n\n<h2 class=\"wp-block-heading\"><strong>Disclaimer<\/strong><\/h2>\n\n\n\n<p>Utilizzando il sito web, accetti il disclaimer. Magnetar pu\u00f2 modificare il sito e il disclaimer in qualsiasi momento. Il contenuto del sito \u00e8 redatto con cura, ma possono esserci errori. Magnetar non \u00e8 responsabile per danni derivanti dall\u2019uso del sito. Tutti i testi sono protetti da copyright.<\/p>\n\n\n\n<h2 class=\"wp-block-heading\"><strong>Informativa sui cookie<\/strong><\/h2>\n\n\n\n<p>Magnetar utilizza cookie tecnici e funzionali per ottimizzare il sito. Alcuni cookie richiedono il tuo consenso. Con il tuo consenso, Magnetar utilizza cookie di tracciamento per profilare il comportamento online. Utilizziamo anche Google Analytics. Questi dati non sono collegati alla tua identit\u00e0. Per domande scrivi a <a>info@magnetarmagnets.com<\/a>.<\/p>\n\n\n\n<h2 class=\"wp-block-heading\"><strong>Uso dei social media<\/strong><\/h2>\n\n\n\n<p>Magnetar utilizza cookie di terze parti come Google, Facebook, Instagram e YouTube. Per i loro cookie si applicano le rispettive politiche sulla privacy.<\/p>\n\n\n\n<h2 class=\"wp-block-heading\"><strong>Newsletter ed e-mail marketing<\/strong><\/h2>\n\n\n\n<p>Puoi registrarti alla newsletter. Con il tuo consenso, Magnetar invier\u00e0 e-mail personalizzate sui propri prodotti e offerte. Puoi revocare il consenso in qualsiasi momento tramite il link &#8220;Annulla iscrizione&#8221;.<\/p>\n\n\n\n<h2 class=\"wp-block-heading\"><strong>Impostazioni del browser<\/strong><\/h2>\n\n\n\n<p>Puoi modificare le impostazioni del browser per bloccare i cookie. Magnetar non \u00e8 responsabile per siti esterni collegati al proprio.<\/p>\n\n\n\n<h2 class=\"wp-block-heading\"><strong>Diritti degli interessati<\/strong><\/h2>\n\n\n\n<p>In qualit\u00e0 di interessato, hai i seguenti diritti:<\/p>\n\n\n\n<p><strong>Diritto di accesso<\/strong><br>Hai il diritto di sapere se i tuoi dati personali vengono trattati e, in tal caso, di accedere alle informazioni relative al trattamento.<\/p>\n\n\n\n<p><strong>Diritto di rettifica<\/strong><br>Hai il diritto di ottenere la rettifica o l\u2019integrazione dei dati personali inesatti o incompleti.<\/p>\n\n\n\n<p><strong>Diritto alla cancellazione dei dati (diritto all\u2019oblio)<\/strong><br>Hai il diritto di ottenere, senza ingiustificato ritardo, la cancellazione dei dati personali che ti riguardano.<\/p>\n\n\n\n<p><strong>Diritto alla limitazione del trattamento<\/strong><br>Hai il diritto di richiedere la limitazione del trattamento dei tuoi dati personali. Per esercitare questo diritto, contatta Magnetar.<\/p>\n\n\n\n<p><strong>Diritto alla portabilit\u00e0 dei dati<\/strong><br>Hai il diritto di ricevere i dati personali che hai fornito a Magnetar in un formato strutturato, di uso comune e leggibile da dispositivo automatico, e, se tecnicamente possibile, di trasmettere tali dati a un altro titolare del trattamento. Puoi anche chiedere che i dati vengano trasmessi direttamente da Magnetar a un altro soggetto.<\/p>\n\n\n\n<p><strong>Diritto di opposizione<\/strong><br>Hai il diritto di opporti, in qualsiasi momento e per motivi connessi alla tua situazione particolare, al trattamento dei tuoi dati personali, inclusa la profilazione. Magnetar interromper\u00e0 il trattamento, salvo che non sussistano motivi legittimi prevalenti per procedere, oppure per l\u2019accertamento, l\u2019esercizio o la difesa di un diritto in sede giudiziaria.<\/p>\n\n\n\n<h2 class=\"wp-block-heading\"><strong>Reclami<\/strong><\/h2>\n\n\n\n<p>Se hai un reclamo sul modo in cui Magnetar tratta i tuoi dati personali o desideri esercitare uno dei diritti sopra menzionati, ti invitiamo a contattarci tramite il sito web o via e-mail all&#8217;indirizzo <a>info@magnetarmagnets.com<\/a>. Per accertarci che la richiesta provenga effettivamente da te, Magnetar ti chieder\u00e0 di allegare una copia di un documento d&#8217;identit\u00e0. Puoi oscurare la foto del passaporto e la MRZ (la striscia con i numeri in basso) per proteggere la tua privacy. Magnetar ti risponder\u00e0 il prima possibile, e comunque entro 4 settimane.<\/p>\n\n\n\n<p>Puoi inoltre presentare un reclamo all\u2019Autorit\u00e0 Garante per la protezione dei dati personali. Questo \u00e8 l\u2019organo competente per il controllo. Puoi contattarli tramite questo link:<br><a class=\"\" href=\"https:\/\/autoriteitpersoonsgegevens.nl\/nl\/contact-met-de-autoriteit-persoonsgegevens\/tip-ons\">https:\/\/autoriteitpersoonsgegevens.nl\/nl\/contact-met-de-autoriteit-persoonsgegevens\/tip-ons<\/a>.<\/p>\n\n\n\n<h2 class=\"wp-block-heading\"><strong>Modifiche all\u2019informativa sulla privacy<\/strong><\/h2>\n\n\n\n<p>Magnetar pu\u00f2 modificare la propria informativa sulla privacy in qualsiasi momento. La versione pi\u00f9 recente \u00e8 sempre pubblicata sul sito web. Ti invitiamo quindi a controllare regolarmente il sito per rimanere aggiornato. Se la nuova informativa comporta conseguenze per il modo in cui Magnetar tratta i tuoi dati, verrai informato via e-mail.<\/p>\n\n\n\n<p><\/p>\n","protected":false},"excerpt":{"rendered":"<p>Ultimo aggiornamento: 19 novembre 2021 Questa \u00e8 l&#8217;informativa sulla privacy di Magnetar US, Inc., di seguito: Magnetar. Questo documento spiega come Magnetar gestir\u00e0 il trattamento dei tuoi dati personali. Nel trattamento dei tuoi dati personali, Magnetar eserciter\u00e0 la massima attenzione possibile. Acquisizione dei dati personali Se utilizzi i servizi di Magnetar, fornisci personalmente diversi dati [&hellip;]<\/p>\n","protected":false},"author":1,"featured_media":0,"parent":0,"menu_order":0,"comment_status":"open","ping_status":"open","template":"","meta":{"_acf_changed":false,"inline_featured_image":false,"footnotes":""},"class_list":["post-68771","page","type-page","status-publish","hentry"],"acf":[],"yoast_head":"<!-- This site is optimized with the Yoast SEO plugin v27.3 - https:\/\/yoast.com\/product\/yoast-seo-wordpress\/ -->\n<title>Informativa sulla privacy - Magnet fishing with a Magnetar fishing magnet<\/title>\n<meta name=\"robots\" content=\"noindex, nofollow\" \/>\n<meta property=\"og:locale\" content=\"it_IT\" \/>\n<meta property=\"og:type\" content=\"article\" \/>\n<meta property=\"og:title\" content=\"Informativa sulla privacy - Magnet fishing with a Magnetar fishing magnet\" \/>\n<meta property=\"og:description\" content=\"Ultimo aggiornamento: 19 novembre 2021 Questa \u00e8 l&#8217;informativa sulla privacy di Magnetar US, Inc., di seguito: Magnetar. Questo documento spiega come Magnetar gestir\u00e0 il trattamento dei tuoi dati personali. Nel trattamento dei tuoi dati personali, Magnetar eserciter\u00e0 la massima attenzione possibile. Acquisizione dei dati personali Se utilizzi i servizi di Magnetar, fornisci personalmente diversi dati [&hellip;]\" \/>\n<meta property=\"og:url\" content=\"https:\/\/magnetarmagnets.com\/it\/informativa-sulla-privacy\/\" \/>\n<meta property=\"og:site_name\" content=\"Magnet fishing with a Magnetar fishing magnet\" \/>\n<meta property=\"article:publisher\" content=\"https:\/\/www.facebook.com\/fishingmagnets\/\" \/>\n<meta property=\"article:modified_time\" content=\"2025-06-30T11:49:25+00:00\" \/>\n<meta property=\"og:image\" content=\"https:\/\/magnetarmagnets.com\/wp-content\/uploads\/2025\/05\/Logo-03_PNG-Black-scaled.png\" \/>\n\t<meta property=\"og:image:width\" content=\"2560\" \/>\n\t<meta property=\"og:image:height\" content=\"1658\" \/>\n\t<meta property=\"og:image:type\" content=\"image\/png\" \/>\n<meta name=\"twitter:card\" content=\"summary_large_image\" \/>\n<meta name=\"twitter:label1\" content=\"Tempo di lettura stimato\" \/>\n\t<meta name=\"twitter:data1\" content=\"5 minuti\" \/>\n<script type=\"application\/ld+json\" class=\"yoast-schema-graph\">{\"@context\":\"https:\\\/\\\/schema.org\",\"@graph\":[{\"@type\":\"WebPage\",\"@id\":\"https:\\\/\\\/magnetarmagnets.com\\\/it\\\/informativa-sulla-privacy\\\/\",\"url\":\"https:\\\/\\\/magnetarmagnets.com\\\/it\\\/informativa-sulla-privacy\\\/\",\"name\":\"Informativa sulla privacy - Magnet fishing with a Magnetar fishing magnet\",\"isPartOf\":{\"@id\":\"https:\\\/\\\/magnetarmagnets.com\\\/it\\\/#website\"},\"datePublished\":\"2014-04-08T06:47:46+00:00\",\"dateModified\":\"2025-06-30T11:49:25+00:00\",\"breadcrumb\":{\"@id\":\"https:\\\/\\\/magnetarmagnets.com\\\/it\\\/informativa-sulla-privacy\\\/#breadcrumb\"},\"inLanguage\":\"it-IT\",\"potentialAction\":[{\"@type\":\"ReadAction\",\"target\":[\"https:\\\/\\\/magnetarmagnets.com\\\/it\\\/informativa-sulla-privacy\\\/\"]}]},{\"@type\":\"BreadcrumbList\",\"@id\":\"https:\\\/\\\/magnetarmagnets.com\\\/it\\\/informativa-sulla-privacy\\\/#breadcrumb\",\"itemListElement\":[{\"@type\":\"ListItem\",\"position\":1,\"name\":\"Home\",\"item\":\"https:\\\/\\\/magnetarmagnets.com\\\/it\\\/\"},{\"@type\":\"ListItem\",\"position\":2,\"name\":\"Informativa sulla privacy\"}]},{\"@type\":\"WebSite\",\"@id\":\"https:\\\/\\\/magnetarmagnets.com\\\/it\\\/#website\",\"url\":\"https:\\\/\\\/magnetarmagnets.com\\\/it\\\/\",\"name\":\"Magnet fishing with a Magnetar fishing magnet\",\"description\":\"Magneti potenti per la pesca magnetica\",\"publisher\":{\"@id\":\"https:\\\/\\\/magnetarmagnets.com\\\/it\\\/#organization\"},\"potentialAction\":[{\"@type\":\"SearchAction\",\"target\":{\"@type\":\"EntryPoint\",\"urlTemplate\":\"https:\\\/\\\/magnetarmagnets.com\\\/it\\\/?s={search_term_string}\"},\"query-input\":{\"@type\":\"PropertyValueSpecification\",\"valueRequired\":true,\"valueName\":\"search_term_string\"}}],\"inLanguage\":\"it-IT\"},{\"@type\":\"Organization\",\"@id\":\"https:\\\/\\\/magnetarmagnets.com\\\/it\\\/#organization\",\"name\":\"Magnetar\",\"url\":\"https:\\\/\\\/magnetarmagnets.com\\\/it\\\/\",\"logo\":{\"@type\":\"ImageObject\",\"inLanguage\":\"it-IT\",\"@id\":\"https:\\\/\\\/magnetarmagnets.com\\\/it\\\/#\\\/schema\\\/logo\\\/image\\\/\",\"url\":\"https:\\\/\\\/magnetarmagnets.com\\\/wp-content\\\/uploads\\\/2025\\\/05\\\/Logo-03_PNG-Black-scaled.png\",\"contentUrl\":\"https:\\\/\\\/magnetarmagnets.com\\\/wp-content\\\/uploads\\\/2025\\\/05\\\/Logo-03_PNG-Black-scaled.png\",\"width\":2560,\"height\":1658,\"caption\":\"Magnetar\"},\"image\":{\"@id\":\"https:\\\/\\\/magnetarmagnets.com\\\/it\\\/#\\\/schema\\\/logo\\\/image\\\/\"},\"sameAs\":[\"https:\\\/\\\/www.facebook.com\\\/fishingmagnets\\\/\",\"https:\\\/\\\/www.instagram.com\\\/magnetar_magnets\\\/\",\"https:\\\/\\\/www.linkedin.com\\\/company\\\/magnetarbv\\\/?originalSubdomain=nl\",\"https:\\\/\\\/www.youtube.com\\\/c\\\/MagnetarVismagneet\"]}]}<\/script>\n<!-- \/ Yoast SEO plugin. -->","yoast_head_json":{"title":"Informativa sulla privacy - Magnet fishing with a Magnetar fishing magnet","robots":{"index":"noindex","follow":"nofollow"},"og_locale":"it_IT","og_type":"article","og_title":"Informativa sulla privacy - Magnet fishing with a Magnetar fishing magnet","og_description":"Ultimo aggiornamento: 19 novembre 2021 Questa \u00e8 l&#8217;informativa sulla privacy di Magnetar US, Inc., di seguito: Magnetar. Questo documento spiega come Magnetar gestir\u00e0 il trattamento dei tuoi dati personali. Nel trattamento dei tuoi dati personali, Magnetar eserciter\u00e0 la massima attenzione possibile. Acquisizione dei dati personali Se utilizzi i servizi di Magnetar, fornisci personalmente diversi dati [&hellip;]","og_url":"https:\/\/magnetarmagnets.com\/it\/informativa-sulla-privacy\/","og_site_name":"Magnet fishing with a Magnetar fishing magnet","article_publisher":"https:\/\/www.facebook.com\/fishingmagnets\/","article_modified_time":"2025-06-30T11:49:25+00:00","og_image":[{"width":2560,"height":1658,"url":"https:\/\/magnetarmagnets.com\/wp-content\/uploads\/2025\/05\/Logo-03_PNG-Black-scaled.png","type":"image\/png"}],"twitter_card":"summary_large_image","twitter_misc":{"Tempo di lettura stimato":"5 minuti"},"schema":{"@context":"https:\/\/schema.org","@graph":[{"@type":"WebPage","@id":"https:\/\/magnetarmagnets.com\/it\/informativa-sulla-privacy\/","url":"https:\/\/magnetarmagnets.com\/it\/informativa-sulla-privacy\/","name":"Informativa sulla privacy - Magnet fishing with a Magnetar fishing magnet","isPartOf":{"@id":"https:\/\/magnetarmagnets.com\/it\/#website"},"datePublished":"2014-04-08T06:47:46+00:00","dateModified":"2025-06-30T11:49:25+00:00","breadcrumb":{"@id":"https:\/\/magnetarmagnets.com\/it\/informativa-sulla-privacy\/#breadcrumb"},"inLanguage":"it-IT","potentialAction":[{"@type":"ReadAction","target":["https:\/\/magnetarmagnets.com\/it\/informativa-sulla-privacy\/"]}]},{"@type":"BreadcrumbList","@id":"https:\/\/magnetarmagnets.com\/it\/informativa-sulla-privacy\/#breadcrumb","itemListElement":[{"@type":"ListItem","position":1,"name":"Home","item":"https:\/\/magnetarmagnets.com\/it\/"},{"@type":"ListItem","position":2,"name":"Informativa sulla privacy"}]},{"@type":"WebSite","@id":"https:\/\/magnetarmagnets.com\/it\/#website","url":"https:\/\/magnetarmagnets.com\/it\/","name":"Magnet fishing with a Magnetar fishing magnet","description":"Magneti potenti per la pesca magnetica","publisher":{"@id":"https:\/\/magnetarmagnets.com\/it\/#organization"},"potentialAction":[{"@type":"SearchAction","target":{"@type":"EntryPoint","urlTemplate":"https:\/\/magnetarmagnets.com\/it\/?s={search_term_string}"},"query-input":{"@type":"PropertyValueSpecification","valueRequired":true,"valueName":"search_term_string"}}],"inLanguage":"it-IT"},{"@type":"Organization","@id":"https:\/\/magnetarmagnets.com\/it\/#organization","name":"Magnetar","url":"https:\/\/magnetarmagnets.com\/it\/","logo":{"@type":"ImageObject","inLanguage":"it-IT","@id":"https:\/\/magnetarmagnets.com\/it\/#\/schema\/logo\/image\/","url":"https:\/\/magnetarmagnets.com\/wp-content\/uploads\/2025\/05\/Logo-03_PNG-Black-scaled.png","contentUrl":"https:\/\/magnetarmagnets.com\/wp-content\/uploads\/2025\/05\/Logo-03_PNG-Black-scaled.png","width":2560,"height":1658,"caption":"Magnetar"},"image":{"@id":"https:\/\/magnetarmagnets.com\/it\/#\/schema\/logo\/image\/"},"sameAs":["https:\/\/www.facebook.com\/fishingmagnets\/","https:\/\/www.instagram.com\/magnetar_magnets\/","https:\/\/www.linkedin.com\/company\/magnetarbv\/?originalSubdomain=nl","https:\/\/www.youtube.com\/c\/MagnetarVismagneet"]}]}},"_links":{"self":[{"href":"https:\/\/magnetarmagnets.com\/it\/wp-json\/wp\/v2\/pages\/68771","targetHints":{"allow":["GET"]}}],"collection":[{"href":"https:\/\/magnetarmagnets.com\/it\/wp-json\/wp\/v2\/pages"}],"about":[{"href":"https:\/\/magnetarmagnets.com\/it\/wp-json\/wp\/v2\/types\/page"}],"author":[{"embeddable":true,"href":"https:\/\/magnetarmagnets.com\/it\/wp-json\/wp\/v2\/users\/1"}],"replies":[{"embeddable":true,"href":"https:\/\/magnetarmagnets.com\/it\/wp-json\/wp\/v2\/comments?post=68771"}],"version-history":[{"count":0,"href":"https:\/\/magnetarmagnets.com\/it\/wp-json\/wp\/v2\/pages\/68771\/revisions"}],"wp:attachment":[{"href":"https:\/\/magnetarmagnets.com\/it\/wp-json\/wp\/v2\/media?parent=68771"}],"curies":[{"name":"wp","href":"https:\/\/api.w.org\/{rel}","templated":true}]}}