{"id":68477,"date":"2018-02-15T19:59:07","date_gmt":"2018-02-15T18:59:07","guid":{"rendered":"https:\/\/magnetarmagnets.com\/chi-siamo\/"},"modified":"2025-06-23T15:33:26","modified_gmt":"2025-06-23T13:33:26","slug":"chi-siamo","status":"publish","type":"page","link":"https:\/\/magnetarmagnets.com\/it\/chi-siamo\/","title":{"rendered":"Chi siamo"},"content":{"rendered":"\n<p>Da oltre 10 anni, la nostra azienda a conduzione familiare vende magnete da pesca a persone che amano questo hobby tanto quanto noi. <\/p>\n<div class=\"wp-block-image\">\n<figure class=\"aligncenter size-large\"><img fetchpriority=\"high\" decoding=\"async\" width=\"1024\" height=\"576\" src=\"https:\/\/magnetarmagnets.com\/wp-content\/uploads\/2023\/10\/magnetar-team-1024x576.jpg\" alt=\"\" class=\"wp-image-58869\" srcset=\"https:\/\/magnetarmagnets.com\/wp-content\/uploads\/2023\/10\/magnetar-team-1024x576.jpg 1024w, https:\/\/magnetarmagnets.com\/wp-content\/uploads\/2023\/10\/magnetar-team-300x169.jpg 300w, https:\/\/magnetarmagnets.com\/wp-content\/uploads\/2023\/10\/magnetar-team-768x432.jpg 768w, https:\/\/magnetarmagnets.com\/wp-content\/uploads\/2023\/10\/magnetar-team-800x450.jpg 800w, https:\/\/magnetarmagnets.com\/wp-content\/uploads\/2023\/10\/magnetar-team.jpg 1280w\" sizes=\"(max-width: 1024px) 100vw, 1024px\" \/><\/figure>\n<\/div>\n<p>Il nostro fondatore, Reinout Volkers, ha sempre amato le magnete da pesca sin da quando aveva 16 anni. Durante i suoi studi in Small Business &amp; Retail Management, ha avviato Magnetar nel capanno dei suoi genitori con il sogno di trasformare la sua passione in una professione. Offrendo ai pescatori magnetici i migliori e pi\u00f9 efficaci prodotti sul mercato, l\u2019azienda ha venduto oltre 20.000 magnete in pi\u00f9 di 50 paesi, con rivenditori locali in tutto il mondo. Magnetar \u00e8 il principale fornitore di magnete da pesca in Europa e ora spedisce anche in Nord America!    <\/p>\n\n<p>Sappiamo che le spedizioni possono avere costi imprevisti. Offriamo spedizione gratuita in determinati paesi e un periodo di rimborso di 30 giorni per tutti i nostri clienti. Che si tratti di una domanda sui nostri prodotti, sul servizio o sulla consegna, siamo sempre felici di aiutarti! Per informazioni o per condividere con noi le tue scoperte, contattaci a info@magnetarmagnets.com.   <\/p>\n\n<h2 class=\"wp-block-heading\">Il nostro team<\/h2>\n\n<p>Magnetar \u00e8 nata con l\u2019obiettivo di fornire ai pescatori appassionati magnete da pesca, accessori e servizi della massima qualit\u00e0. Vogliamo che tu abbia la migliore esperienza possibile con i nostri prodotti, ed \u00e8 per questo che abbiamo trascorso anni a innovare, progettare e produrre potenti magnete al neodimio a 360\u00b0. Siamo un team appassionato e dedicato di 5 persone che amano la pesca con magnete, e speriamo che anche il neonato di Reinout e Annelies, Jurre, la amer\u00e0! Siamo entusiasti di sentire dai nostri clienti cosa trovano con le Magnetar.   <\/p>\n\n<div id=\"text-image-block_bbd1c978fc97891a7aa764d56ae37fd8\" class=\"block text-image\">\n\t\t\n\n\t<section class=\"text_image align_left bgr_nobgr\" >\n\t\t<div class=\"container-fluid\">\n\t\t\t<div class=\"row\">\n\t\t\t\t<div class=\"col-md-6 col_content\">\n\t\t\t\t\t\t\t\t\t\t\t<div class=\"small_top_title\">\n\t\t\t\t\t\t\tMaurice\t\t\t\t\t\t<\/div>\n\t\t\t\t\t\t\t\t\t\t\t\t\t\t\t\t\t\t\t\t\t<div class=\"text\" style=\"color:#000000\">\n\t\t\t\t\t\t\t<p style=\"text-align: left\">Io preparo e controllo il tuo ordine. In questo modo riceverai esattamente ci\u00f2 che hai ordinato e puntualmente. Dietro le quinte, sono sempre pronto ad aiutare i clienti, e lo faccio con grande orgoglio! Vedr\u00f2 presto arrivare il tuo ordine?   <\/p>\n\t\t\t\t\t\t<\/div>\n\t\t\t\t\t\t\n\t\t\t\t\t\t\t\t\t\n\t\t\t\t<\/div>\n\t\t\t\t\t\t\t\t\t\t\t\t\t\t\t<div class=\"col-md-6 col_image image_not_bgr\" >\n\t\t\t\t\t\t\t<div class=\"text_image_wrap\">\t\t\t\t\t\t\n\t\t\t\t\t\t\t\t<img decoding=\"async\" src=\"https:\/\/magnetarmagnets.com\/wp-content\/uploads\/2023\/10\/magnetar-team-maurice.jpg\" alt=\"\" \/>\n\t\t\t\t\t\t\t<\/div>\n\t\t\t\t\t\t<\/div>\n\t\t\t\t\t\t\t\t\t\t\t\t<\/div>\n\t\t<\/div>\n\t<\/section>\n<\/div>\n<div id=\"text-image-block_27b637151186f9f1d38eb9cc3a25a8b7\" class=\"block text-image\">\n\t\t\n\n\t<section class=\"text_image align_right bgr_nobgr\" >\n\t\t<div class=\"container-fluid\">\n\t\t\t<div class=\"row\">\n\t\t\t\t<div class=\"col-md-6 col_content\">\n\t\t\t\t\t\t\t\t\t\t\t<div class=\"small_top_title\">\n\t\t\t\t\t\t\tDennis\t\t\t\t\t\t<\/div>\n\t\t\t\t\t\t\t\t\t\t\t\t\t\t\t\t\t\t\t\t\t<div class=\"text\" style=\"color:#000000\">\n\t\t\t\t\t\t\t<p style=\"text-align: left\">Magnetar vende prodotti in tutto il mondo, e io mi concentro in particolare sugli Stati Uniti e il Canada. Se sei interessato a promuovere Magnetar come professionista negli Stati Uniti, contattami e potremo discutere le possibilit\u00e0! Puoi inviare un&#8217;e-mail a <a href=\"mailto:dennis@magnetarmagnets.com\" target=\"_new\">dennis@magnetarmagnets.com<\/a>.  <\/p>\n\t\t\t\t\t\t<\/div>\n\t\t\t\t\t\t\n\t\t\t\t\t\t\t\t\t\n\t\t\t\t<\/div>\n\t\t\t\t\t\t\t\t\t\t\t\t\t\t\t<div class=\"col-md-6 col_image image_not_bgr\" >\n\t\t\t\t\t\t\t<div class=\"text_image_wrap\">\t\t\t\t\t\t\n\t\t\t\t\t\t\t\t<img decoding=\"async\" src=\"https:\/\/magnetarmagnets.com\/wp-content\/uploads\/2023\/10\/magnetar-team-dennis.jpg\" alt=\"\" \/>\n\t\t\t\t\t\t\t<\/div>\n\t\t\t\t\t\t<\/div>\n\t\t\t\t\t\t\t\t\t\t\t\t<\/div>\n\t\t<\/div>\n\t<\/section>\n<\/div>\n<div id=\"text-image-block_86506aecddb0e026bcbff62a17386acf\" class=\"block text-image\">\n\t\t\n\n\t<section class=\"text_image align_left bgr_nobgr\" >\n\t\t<div class=\"container-fluid\">\n\t\t\t<div class=\"row\">\n\t\t\t\t<div class=\"col-md-6 col_content\">\n\t\t\t\t\t\t\t\t\t\t\t<div class=\"small_top_title\">\n\t\t\t\t\t\t\tAnnelies\t\t\t\t\t\t<\/div>\n\t\t\t\t\t\t\t\t\t\t\t\t\t\t\t\t\t\t\t\t\t<div class=\"text\" style=\"color:#000000\">\n\t\t\t\t\t\t\t<p>Da diversi anni sono attivo all\u2019interno di Magnetar. Se ricevi un\u2019e-mail informativa o vedi un post interessante sui social media, sono io la persona dietro! Hai trovato un tesoro emozionante? Fammi sapere e manda una mail a <a href=\"mailto:info@magnetar.com\" target=\"_new\">info@magnetarmagnets.com<\/a>.   <\/p>\n\t\t\t\t\t\t<\/div>\n\t\t\t\t\t\t\n\t\t\t\t\t\t\t\t\t\n\t\t\t\t<\/div>\n\t\t\t\t\t\t\t\t\t\t\t\t\t\t\t<div class=\"col-md-6 col_image image_not_bgr\" >\n\t\t\t\t\t\t\t<div class=\"text_image_wrap\">\t\t\t\t\t\t\n\t\t\t\t\t\t\t\t<img decoding=\"async\" src=\"https:\/\/magnetarmagnets.com\/wp-content\/uploads\/2023\/10\/magnetar-team-annelies.jpg\" alt=\"\" \/>\n\t\t\t\t\t\t\t<\/div>\n\t\t\t\t\t\t<\/div>\n\t\t\t\t\t\t\t\t\t\t\t\t<\/div>\n\t\t<\/div>\n\t<\/section>\n<\/div>\n<div id=\"text-image-block_254a5d168ed76939aa060131bf87c4c9\" class=\"block text-image\">\n\t\t\n\n\t<section class=\"text_image align_right bgr_nobgr\" >\n\t\t<div class=\"container-fluid\">\n\t\t\t<div class=\"row\">\n\t\t\t\t<div class=\"col-md-6 col_content\">\n\t\t\t\t\t\t\t\t\t\t\t<div class=\"small_top_title\">\n\t\t\t\t\t\t\tReinout\t\t\t\t\t\t<\/div>\n\t\t\t\t\t\t\t\t\t\t\t\t\t\t\t\t\t\t\t\t\t<div class=\"text\" style=\"color:#000000\">\n\t\t\t\t\t\t\t<p>Con orgoglio, ho fondato Magnetar diversi anni fa. Ancora oggi mi sveglio ogni mattina con grande piacere per servirti e offrirti le migliori magnete da pesca e accessori. Una passione per l\u2019hobby della pesca con magnete e per tutti i nostri clienti! Hai una domanda per me o vuoi collaborare? Invia un&#8217;e-mail a <a href=\"reinout@magnetarmagnets.com\" target=\"_new\">reinout@magnetarmagnets.com<\/a>.    <\/p>\n\t\t\t\t\t\t<\/div>\n\t\t\t\t\t\t\n\t\t\t\t\t\t\t\t\t\n\t\t\t\t<\/div>\n\t\t\t\t\t\t\t\t\t\t\t\t\t\t\t<div class=\"col-md-6 col_image image_not_bgr\" >\n\t\t\t\t\t\t\t<div class=\"text_image_wrap\">\t\t\t\t\t\t\n\t\t\t\t\t\t\t\t<img decoding=\"async\" src=\"https:\/\/magnetarmagnets.com\/wp-content\/uploads\/2023\/10\/magnetar-team-reinout.jpg\" alt=\"\" \/>\n\t\t\t\t\t\t\t<\/div>\n\t\t\t\t\t\t<\/div>\n\t\t\t\t\t\t\t\t\t\t\t\t<\/div>\n\t\t<\/div>\n\t<\/section>\n<\/div>\n<p><\/p>\n\n<p>Hai domande sulla pesca con magnete o sul tuo ordine? Il nostro collega Peter \u00e8 qui per aiutarti! Puoi inviare le tue domande a <a href=\"mailto:info@magnetarmagnets.com\">info@magnetarmagnets.com<\/a>, e ti risponder\u00e0 il prima possibile.  <\/p>\n\n<h2 class=\"wp-block-heading\">I nostri clienti<\/h2>\n\n<figure class=\"wp-block-pullquote\"><blockquote><p>Marc (36): \u201cAll\u2019inizio ho comprato magnete pi\u00f9 economiche altrove. Poi una calamita Magnetar\u2026 che differenza! Molti pi\u00f9 ritrovamenti! Ho ripagato la magnete pi\u00f9 volte grazie al rottame e ai ritrovamenti speciali. Qualit\u00e0 eccezionale!\u201d    <\/p><\/blockquote><\/figure>\n\n<figure class=\"wp-block-pullquote\"><blockquote><p>Fred: &#8220;Ottimi prodotti, consegna rapida e servizio impeccabile! Dico solo: non si pu\u00f2 fare niente senza prodotti validi!&#8221;<\/p><\/blockquote><\/figure>\n\n<figure class=\"wp-block-pullquote\"><blockquote><p>Gerard: \u201cChe servizio fantastico! Ottimo supporto e spiegazioni chiare! Qualcuno che prende sul serio il proprio lavoro\/hobby. Torneremo sicuramente.&#8221;<\/p><\/blockquote><\/figure>\n","protected":false},"excerpt":{"rendered":"<p>Da oltre 10 anni, la nostra azienda a conduzione familiare vende magnete da pesca a persone che amano questo hobby tanto quanto noi. Il nostro fondatore, Reinout Volkers, ha sempre amato le magnete da pesca sin da quando aveva 16 anni. Durante i suoi studi in Small Business &amp; Retail Management, ha avviato Magnetar nel [&hellip;]<\/p>\n","protected":false},"author":1,"featured_media":0,"parent":0,"menu_order":0,"comment_status":"open","ping_status":"open","template":"","meta":{"_acf_changed":false,"inline_featured_image":false,"footnotes":""},"class_list":["post-68477","page","type-page","status-publish","hentry"],"acf":[],"yoast_head":"<!-- This site is optimized with the Yoast SEO plugin v27.4 - https:\/\/yoast.com\/product\/yoast-seo-wordpress\/ -->\n<title>Chi siamo | La famiglia Magnetar<\/title>\n<meta name=\"robots\" content=\"index, follow, max-snippet:-1, max-image-preview:large, max-video-preview:-1\" \/>\n<link rel=\"canonical\" href=\"https:\/\/magnetarmagnets.com\/it\/chi-siamo\/\" \/>\n<meta property=\"og:locale\" content=\"it_IT\" \/>\n<meta property=\"og:type\" content=\"article\" \/>\n<meta property=\"og:title\" content=\"Chi siamo | La famiglia Magnetar\" \/>\n<meta property=\"og:description\" content=\"Da oltre 10 anni, la nostra azienda a conduzione familiare vende magnete da pesca a persone che amano questo hobby tanto quanto noi. Il nostro fondatore, Reinout Volkers, ha sempre amato le magnete da pesca sin da quando aveva 16 anni. Durante i suoi studi in Small Business &amp; Retail Management, ha avviato Magnetar nel [&hellip;]\" \/>\n<meta property=\"og:url\" content=\"https:\/\/magnetarmagnets.com\/it\/chi-siamo\/\" \/>\n<meta property=\"og:site_name\" content=\"Magnet fishing with a Magnetar fishing magnet\" \/>\n<meta property=\"article:publisher\" content=\"https:\/\/www.facebook.com\/fishingmagnets\/\" \/>\n<meta property=\"article:modified_time\" content=\"2025-06-23T13:33:26+00:00\" \/>\n<meta property=\"og:image\" content=\"https:\/\/magnetarmagnets.com\/wp-content\/uploads\/2023\/10\/magnetar-team.jpg\" \/>\n\t<meta property=\"og:image:width\" content=\"1280\" \/>\n\t<meta property=\"og:image:height\" content=\"720\" \/>\n\t<meta property=\"og:image:type\" content=\"image\/jpeg\" \/>\n<meta name=\"twitter:card\" content=\"summary_large_image\" \/>\n<meta name=\"twitter:label1\" content=\"Tempo di lettura stimato\" \/>\n\t<meta name=\"twitter:data1\" content=\"2 minuti\" \/>\n<script type=\"application\/ld+json\" class=\"yoast-schema-graph\">{\"@context\":\"https:\\\/\\\/schema.org\",\"@graph\":[{\"@type\":\"WebPage\",\"@id\":\"https:\\\/\\\/magnetarmagnets.com\\\/it\\\/chi-siamo\\\/\",\"url\":\"https:\\\/\\\/magnetarmagnets.com\\\/it\\\/chi-siamo\\\/\",\"name\":\"Chi siamo | La famiglia Magnetar\",\"isPartOf\":{\"@id\":\"https:\\\/\\\/magnetarmagnets.com\\\/it\\\/#website\"},\"primaryImageOfPage\":{\"@id\":\"https:\\\/\\\/magnetarmagnets.com\\\/it\\\/chi-siamo\\\/#primaryimage\"},\"image\":{\"@id\":\"https:\\\/\\\/magnetarmagnets.com\\\/it\\\/chi-siamo\\\/#primaryimage\"},\"thumbnailUrl\":\"https:\\\/\\\/magnetarmagnets.com\\\/wp-content\\\/uploads\\\/2023\\\/10\\\/magnetar-team-1024x576.jpg\",\"datePublished\":\"2018-02-15T18:59:07+00:00\",\"dateModified\":\"2025-06-23T13:33:26+00:00\",\"breadcrumb\":{\"@id\":\"https:\\\/\\\/magnetarmagnets.com\\\/it\\\/chi-siamo\\\/#breadcrumb\"},\"inLanguage\":\"it-IT\",\"potentialAction\":[{\"@type\":\"ReadAction\",\"target\":[\"https:\\\/\\\/magnetarmagnets.com\\\/it\\\/chi-siamo\\\/\"]}]},{\"@type\":\"ImageObject\",\"inLanguage\":\"it-IT\",\"@id\":\"https:\\\/\\\/magnetarmagnets.com\\\/it\\\/chi-siamo\\\/#primaryimage\",\"url\":\"https:\\\/\\\/magnetarmagnets.com\\\/wp-content\\\/uploads\\\/2023\\\/10\\\/magnetar-team-1024x576.jpg\",\"contentUrl\":\"https:\\\/\\\/magnetarmagnets.com\\\/wp-content\\\/uploads\\\/2023\\\/10\\\/magnetar-team-1024x576.jpg\"},{\"@type\":\"BreadcrumbList\",\"@id\":\"https:\\\/\\\/magnetarmagnets.com\\\/it\\\/chi-siamo\\\/#breadcrumb\",\"itemListElement\":[{\"@type\":\"ListItem\",\"position\":1,\"name\":\"Home\",\"item\":\"https:\\\/\\\/magnetarmagnets.com\\\/it\\\/\"},{\"@type\":\"ListItem\",\"position\":2,\"name\":\"Chi siamo\"}]},{\"@type\":\"WebSite\",\"@id\":\"https:\\\/\\\/magnetarmagnets.com\\\/it\\\/#website\",\"url\":\"https:\\\/\\\/magnetarmagnets.com\\\/it\\\/\",\"name\":\"Magnet fishing with a Magnetar fishing magnet\",\"description\":\"Magneti potenti per la pesca magnetica\",\"publisher\":{\"@id\":\"https:\\\/\\\/magnetarmagnets.com\\\/it\\\/#organization\"},\"potentialAction\":[{\"@type\":\"SearchAction\",\"target\":{\"@type\":\"EntryPoint\",\"urlTemplate\":\"https:\\\/\\\/magnetarmagnets.com\\\/it\\\/?s={search_term_string}\"},\"query-input\":{\"@type\":\"PropertyValueSpecification\",\"valueRequired\":true,\"valueName\":\"search_term_string\"}}],\"inLanguage\":\"it-IT\"},{\"@type\":\"Organization\",\"@id\":\"https:\\\/\\\/magnetarmagnets.com\\\/it\\\/#organization\",\"name\":\"Magnetar\",\"url\":\"https:\\\/\\\/magnetarmagnets.com\\\/it\\\/\",\"logo\":{\"@type\":\"ImageObject\",\"inLanguage\":\"it-IT\",\"@id\":\"https:\\\/\\\/magnetarmagnets.com\\\/it\\\/#\\\/schema\\\/logo\\\/image\\\/\",\"url\":\"https:\\\/\\\/magnetarmagnets.com\\\/wp-content\\\/uploads\\\/2025\\\/05\\\/Logo-03_PNG-Black-scaled.png\",\"contentUrl\":\"https:\\\/\\\/magnetarmagnets.com\\\/wp-content\\\/uploads\\\/2025\\\/05\\\/Logo-03_PNG-Black-scaled.png\",\"width\":2560,\"height\":1658,\"caption\":\"Magnetar\"},\"image\":{\"@id\":\"https:\\\/\\\/magnetarmagnets.com\\\/it\\\/#\\\/schema\\\/logo\\\/image\\\/\"},\"sameAs\":[\"https:\\\/\\\/www.facebook.com\\\/fishingmagnets\\\/\",\"https:\\\/\\\/www.instagram.com\\\/magnetar_magnets\\\/\",\"https:\\\/\\\/www.linkedin.com\\\/company\\\/magnetarbv\\\/?originalSubdomain=nl\",\"https:\\\/\\\/www.youtube.com\\\/c\\\/MagnetarVismagneet\"]}]}<\/script>\n<!-- \/ Yoast SEO plugin. -->","yoast_head_json":{"title":"Chi siamo | La famiglia Magnetar","robots":{"index":"index","follow":"follow","max-snippet":"max-snippet:-1","max-image-preview":"max-image-preview:large","max-video-preview":"max-video-preview:-1"},"canonical":"https:\/\/magnetarmagnets.com\/it\/chi-siamo\/","og_locale":"it_IT","og_type":"article","og_title":"Chi siamo | La famiglia Magnetar","og_description":"Da oltre 10 anni, la nostra azienda a conduzione familiare vende magnete da pesca a persone che amano questo hobby tanto quanto noi. Il nostro fondatore, Reinout Volkers, ha sempre amato le magnete da pesca sin da quando aveva 16 anni. Durante i suoi studi in Small Business &amp; Retail Management, ha avviato Magnetar nel [&hellip;]","og_url":"https:\/\/magnetarmagnets.com\/it\/chi-siamo\/","og_site_name":"Magnet fishing with a Magnetar fishing magnet","article_publisher":"https:\/\/www.facebook.com\/fishingmagnets\/","article_modified_time":"2025-06-23T13:33:26+00:00","og_image":[{"width":1280,"height":720,"url":"https:\/\/magnetarmagnets.com\/wp-content\/uploads\/2023\/10\/magnetar-team.jpg","type":"image\/jpeg"}],"twitter_card":"summary_large_image","twitter_misc":{"Tempo di lettura stimato":"2 minuti"},"schema":{"@context":"https:\/\/schema.org","@graph":[{"@type":"WebPage","@id":"https:\/\/magnetarmagnets.com\/it\/chi-siamo\/","url":"https:\/\/magnetarmagnets.com\/it\/chi-siamo\/","name":"Chi siamo | La famiglia Magnetar","isPartOf":{"@id":"https:\/\/magnetarmagnets.com\/it\/#website"},"primaryImageOfPage":{"@id":"https:\/\/magnetarmagnets.com\/it\/chi-siamo\/#primaryimage"},"image":{"@id":"https:\/\/magnetarmagnets.com\/it\/chi-siamo\/#primaryimage"},"thumbnailUrl":"https:\/\/magnetarmagnets.com\/wp-content\/uploads\/2023\/10\/magnetar-team-1024x576.jpg","datePublished":"2018-02-15T18:59:07+00:00","dateModified":"2025-06-23T13:33:26+00:00","breadcrumb":{"@id":"https:\/\/magnetarmagnets.com\/it\/chi-siamo\/#breadcrumb"},"inLanguage":"it-IT","potentialAction":[{"@type":"ReadAction","target":["https:\/\/magnetarmagnets.com\/it\/chi-siamo\/"]}]},{"@type":"ImageObject","inLanguage":"it-IT","@id":"https:\/\/magnetarmagnets.com\/it\/chi-siamo\/#primaryimage","url":"https:\/\/magnetarmagnets.com\/wp-content\/uploads\/2023\/10\/magnetar-team-1024x576.jpg","contentUrl":"https:\/\/magnetarmagnets.com\/wp-content\/uploads\/2023\/10\/magnetar-team-1024x576.jpg"},{"@type":"BreadcrumbList","@id":"https:\/\/magnetarmagnets.com\/it\/chi-siamo\/#breadcrumb","itemListElement":[{"@type":"ListItem","position":1,"name":"Home","item":"https:\/\/magnetarmagnets.com\/it\/"},{"@type":"ListItem","position":2,"name":"Chi siamo"}]},{"@type":"WebSite","@id":"https:\/\/magnetarmagnets.com\/it\/#website","url":"https:\/\/magnetarmagnets.com\/it\/","name":"Magnet fishing with a Magnetar fishing magnet","description":"Magneti potenti per la pesca magnetica","publisher":{"@id":"https:\/\/magnetarmagnets.com\/it\/#organization"},"potentialAction":[{"@type":"SearchAction","target":{"@type":"EntryPoint","urlTemplate":"https:\/\/magnetarmagnets.com\/it\/?s={search_term_string}"},"query-input":{"@type":"PropertyValueSpecification","valueRequired":true,"valueName":"search_term_string"}}],"inLanguage":"it-IT"},{"@type":"Organization","@id":"https:\/\/magnetarmagnets.com\/it\/#organization","name":"Magnetar","url":"https:\/\/magnetarmagnets.com\/it\/","logo":{"@type":"ImageObject","inLanguage":"it-IT","@id":"https:\/\/magnetarmagnets.com\/it\/#\/schema\/logo\/image\/","url":"https:\/\/magnetarmagnets.com\/wp-content\/uploads\/2025\/05\/Logo-03_PNG-Black-scaled.png","contentUrl":"https:\/\/magnetarmagnets.com\/wp-content\/uploads\/2025\/05\/Logo-03_PNG-Black-scaled.png","width":2560,"height":1658,"caption":"Magnetar"},"image":{"@id":"https:\/\/magnetarmagnets.com\/it\/#\/schema\/logo\/image\/"},"sameAs":["https:\/\/www.facebook.com\/fishingmagnets\/","https:\/\/www.instagram.com\/magnetar_magnets\/","https:\/\/www.linkedin.com\/company\/magnetarbv\/?originalSubdomain=nl","https:\/\/www.youtube.com\/c\/MagnetarVismagneet"]}]}},"_links":{"self":[{"href":"https:\/\/magnetarmagnets.com\/it\/wp-json\/wp\/v2\/pages\/68477","targetHints":{"allow":["GET"]}}],"collection":[{"href":"https:\/\/magnetarmagnets.com\/it\/wp-json\/wp\/v2\/pages"}],"about":[{"href":"https:\/\/magnetarmagnets.com\/it\/wp-json\/wp\/v2\/types\/page"}],"author":[{"embeddable":true,"href":"https:\/\/magnetarmagnets.com\/it\/wp-json\/wp\/v2\/users\/1"}],"replies":[{"embeddable":true,"href":"https:\/\/magnetarmagnets.com\/it\/wp-json\/wp\/v2\/comments?post=68477"}],"version-history":[{"count":0,"href":"https:\/\/magnetarmagnets.com\/it\/wp-json\/wp\/v2\/pages\/68477\/revisions"}],"wp:attachment":[{"href":"https:\/\/magnetarmagnets.com\/it\/wp-json\/wp\/v2\/media?parent=68477"}],"curies":[{"name":"wp","href":"https:\/\/api.w.org\/{rel}","templated":true}]}}