{"id":97391,"date":"2026-04-16T10:15:22","date_gmt":"2026-04-16T08:15:22","guid":{"rendered":"https:\/\/magnetarmagnets.com\/shop\/beast-x-keszlet-3100-lb-1400-kg-beast-x-univerzalis-360\/"},"modified":"2026-04-16T14:52:22","modified_gmt":"2026-04-16T12:52:22","slug":"beast-x-keszlet-3100-lb-1400-kg-beast-x-univerzalis-360","status":"publish","type":"product","link":"https:\/\/magnetarmagnets.com\/hu\/shop\/beast-x-keszlet-3100-lb-1400-kg-beast-x-univerzalis-360\/","title":{"rendered":"Beast X k\u00e9szlet &#8211; 3100 lb \/ 1400 kg &#8211; Beast X &#8211; univerz\u00e1lis 360\u00b0"},"content":{"rendered":"","protected":false},"excerpt":{"rendered":"<p>A <strong>Beast X<\/strong> egy er\u0151teljes, univerz\u00e1lis <strong>360\u00b0-os horg\u00e1szm\u00e1gnes<\/strong>. Ide\u00e1lis tapasztalt m\u00e1gneshorg\u00e1szok sz\u00e1m\u00e1ra, akik er\u0151t, min\u0151s\u00e9get \u00e9s egy <strong>teljes szettet keresnek versenyk\u00e9pes \u00e1ron.<\/strong><\/p>\n<p>A Beast X a <strong>Magnetar X Line<\/strong> r\u00e9sze: egy er\u0151s \u00e9s megb\u00edzhat\u00f3 m\u00e1gnessorozat, amelyet a k\u00f6nny\u0171 haszn\u00e1latra terveztek. Kompakt, robusztus \u00e9s kedvez\u0151 \u00e1r\u00fa azok sz\u00e1m\u00e1ra, akik maxim\u00e1lis teljes\u00edtm\u00e9nyt szeretn\u00e9nek pr\u00e9mium \u00e1r n\u00e9lk\u00fcl.<\/p>\n","protected":false},"featured_media":97112,"comment_status":"open","ping_status":"closed","template":"","meta":{"_acf_changed":false,"inline_featured_image":false},"product_brand":[],"product_cat":[542,534,528,533,1017,543,1018],"product_tag":[],"class_list":{"0":"post-97391","1":"product","2":"type-product","3":"status-publish","4":"has-post-thumbnail","6":"product_cat-halado-kalandorok","7":"product_cat-horgasz-magnes-keszlet","8":"product_cat-horgasz-magnesek","9":"product_cat-horgasz-magnesek-360","10":"product_cat-nincs-kategorizalva","11":"product_cat-profik","12":"product_cat-x-line","14":"first","15":"instock","16":"taxable","17":"shipping-taxable","18":"purchasable","19":"product-type-simple"},"acf":[],"yoast_head":"<!-- This site is optimized with the Yoast SEO plugin v27.4 - https:\/\/yoast.com\/product\/yoast-seo-wordpress\/ -->\n<title>Beast X k\u00e9szlet - 3100 lb \/ 1400 kg - Beast X - univerz\u00e1lis 360\u00b0 - Magnet fishing with a Magnetar fishing magnet<\/title>\n<meta name=\"description\" content=\"A Beast X egy er\u0151teljes 360\u00b0-os horg\u00e1szm\u00e1gnes 1400 kg h\u00faz\u00f3er\u0151vel. Tartalmaz k\u00f6telet, keszty\u0171t \u00e9s hordt\u00e1sk\u00e1t. Ide\u00e1lis tapasztalt m\u00e1gneshorg\u00e1szok sz\u00e1m\u00e1ra.\" \/>\n<meta name=\"robots\" content=\"index, follow, max-snippet:-1, max-image-preview:large, max-video-preview:-1\" \/>\n<link rel=\"canonical\" href=\"https:\/\/magnetarmagnets.com\/hu\/shop\/beast-x-keszlet-3100-lb-1400-kg-beast-x-univerzalis-360\/\" \/>\n<meta property=\"og:locale\" content=\"hu_HU\" \/>\n<meta property=\"og:type\" content=\"article\" \/>\n<meta property=\"og:title\" content=\"Beast X k\u00e9szlet - 3100 lb \/ 1400 kg - Beast X - univerz\u00e1lis 360\u00b0 - Magnet fishing with a Magnetar fishing magnet\" \/>\n<meta property=\"og:description\" content=\"A Beast X egy er\u0151teljes 360\u00b0-os horg\u00e1szm\u00e1gnes 1400 kg h\u00faz\u00f3er\u0151vel. Tartalmaz k\u00f6telet, keszty\u0171t \u00e9s hordt\u00e1sk\u00e1t. Ide\u00e1lis tapasztalt m\u00e1gneshorg\u00e1szok sz\u00e1m\u00e1ra.\" \/>\n<meta property=\"og:url\" content=\"https:\/\/magnetarmagnets.com\/hu\/shop\/beast-x-keszlet-3100-lb-1400-kg-beast-x-univerzalis-360\/\" \/>\n<meta property=\"og:site_name\" content=\"Magnet fishing with a Magnetar fishing magnet\" \/>\n<meta property=\"article:publisher\" content=\"https:\/\/www.facebook.com\/fishingmagnets\/\" \/>\n<meta property=\"article:modified_time\" content=\"2026-04-16T12:52:22+00:00\" \/>\n<meta property=\"og:image\" content=\"https:\/\/magnetarmagnets.com\/wp-content\/uploads\/2026\/04\/MagnetarMagnets_BEAST_X_listing-1-1024x1024.png\" \/>\n\t<meta property=\"og:image:width\" content=\"1024\" \/>\n\t<meta property=\"og:image:height\" content=\"1024\" \/>\n\t<meta property=\"og:image:type\" content=\"image\/png\" \/>\n<meta name=\"twitter:card\" content=\"summary_large_image\" \/>\n<meta name=\"twitter:label1\" content=\"Becs\u00fclt olvas\u00e1si id\u0151\" \/>\n\t<meta name=\"twitter:data1\" content=\"1 perc\" \/>\n<script type=\"application\/ld+json\" class=\"yoast-schema-graph\">{\"@context\":\"https:\\\/\\\/schema.org\",\"@graph\":[{\"@type\":[\"WebPage\",\"ItemPage\"],\"@id\":\"https:\\\/\\\/magnetarmagnets.com\\\/hu\\\/shop\\\/beast-x-keszlet-3100-lb-1400-kg-beast-x-univerzalis-360\\\/\",\"url\":\"https:\\\/\\\/magnetarmagnets.com\\\/hu\\\/shop\\\/beast-x-keszlet-3100-lb-1400-kg-beast-x-univerzalis-360\\\/\",\"name\":\"Beast X k\u00e9szlet - 3100 lb \\\/ 1400 kg - Beast X - univerz\u00e1lis 360\u00b0 - Magnet fishing with a Magnetar fishing magnet\",\"isPartOf\":{\"@id\":\"https:\\\/\\\/magnetarmagnets.com\\\/hu\\\/#website\"},\"primaryImageOfPage\":{\"@id\":\"https:\\\/\\\/magnetarmagnets.com\\\/hu\\\/shop\\\/beast-x-keszlet-3100-lb-1400-kg-beast-x-univerzalis-360\\\/#primaryimage\"},\"image\":{\"@id\":\"https:\\\/\\\/magnetarmagnets.com\\\/hu\\\/shop\\\/beast-x-keszlet-3100-lb-1400-kg-beast-x-univerzalis-360\\\/#primaryimage\"},\"thumbnailUrl\":\"https:\\\/\\\/magnetarmagnets.com\\\/wp-content\\\/uploads\\\/2026\\\/04\\\/MagnetarMagnets_BEAST_X_listing-1.png\",\"datePublished\":\"2026-04-16T08:15:22+00:00\",\"dateModified\":\"2026-04-16T12:52:22+00:00\",\"description\":\"A Beast X egy er\u0151teljes 360\u00b0-os horg\u00e1szm\u00e1gnes 1400 kg h\u00faz\u00f3er\u0151vel. Tartalmaz k\u00f6telet, keszty\u0171t \u00e9s hordt\u00e1sk\u00e1t. Ide\u00e1lis tapasztalt m\u00e1gneshorg\u00e1szok sz\u00e1m\u00e1ra.\",\"breadcrumb\":{\"@id\":\"https:\\\/\\\/magnetarmagnets.com\\\/hu\\\/shop\\\/beast-x-keszlet-3100-lb-1400-kg-beast-x-univerzalis-360\\\/#breadcrumb\"},\"inLanguage\":\"hu\",\"potentialAction\":[{\"@type\":\"ReadAction\",\"target\":[\"https:\\\/\\\/magnetarmagnets.com\\\/hu\\\/shop\\\/beast-x-keszlet-3100-lb-1400-kg-beast-x-univerzalis-360\\\/\"]}]},{\"@type\":\"ImageObject\",\"inLanguage\":\"hu\",\"@id\":\"https:\\\/\\\/magnetarmagnets.com\\\/hu\\\/shop\\\/beast-x-keszlet-3100-lb-1400-kg-beast-x-univerzalis-360\\\/#primaryimage\",\"url\":\"https:\\\/\\\/magnetarmagnets.com\\\/wp-content\\\/uploads\\\/2026\\\/04\\\/MagnetarMagnets_BEAST_X_listing-1.png\",\"contentUrl\":\"https:\\\/\\\/magnetarmagnets.com\\\/wp-content\\\/uploads\\\/2026\\\/04\\\/MagnetarMagnets_BEAST_X_listing-1.png\",\"width\":2000,\"height\":2000},{\"@type\":\"BreadcrumbList\",\"@id\":\"https:\\\/\\\/magnetarmagnets.com\\\/hu\\\/shop\\\/beast-x-keszlet-3100-lb-1400-kg-beast-x-univerzalis-360\\\/#breadcrumb\",\"itemListElement\":[{\"@type\":\"ListItem\",\"position\":1,\"name\":\"Home\",\"item\":\"https:\\\/\\\/magnetarmagnets.com\\\/hu\\\/\"},{\"@type\":\"ListItem\",\"position\":2,\"name\":\"Webshop\",\"item\":\"https:\\\/\\\/magnetarmagnets.com\\\/webshop\\\/\"},{\"@type\":\"ListItem\",\"position\":3,\"name\":\"Horg\u00e1sz m\u00e1gnesek\",\"item\":\"https:\\\/\\\/magnetarmagnets.com\\\/hu\\\/collections\\\/horgasz-magnesek\\\/\"},{\"@type\":\"ListItem\",\"position\":4,\"name\":\"Horg\u00e1sz m\u00e1gnes k\u00e9szlet\",\"item\":\"https:\\\/\\\/magnetarmagnets.com\\\/hu\\\/collections\\\/horgasz-magnesek\\\/horgasz-magnes-keszlet\\\/\"},{\"@type\":\"ListItem\",\"position\":5,\"name\":\"Beast X k\u00e9szlet &#8211; 3100 lb \\\/ 1400 kg &#8211; Beast X &#8211; univerz\u00e1lis 360\u00b0\"}]},{\"@type\":\"WebSite\",\"@id\":\"https:\\\/\\\/magnetarmagnets.com\\\/hu\\\/#website\",\"url\":\"https:\\\/\\\/magnetarmagnets.com\\\/hu\\\/\",\"name\":\"Magnet fishing with a Magnetar fishing magnet\",\"description\":\"Er\u0151s m\u00e1gnesek m\u00e1gneshorg\u00e1szathoz\",\"publisher\":{\"@id\":\"https:\\\/\\\/magnetarmagnets.com\\\/hu\\\/#organization\"},\"potentialAction\":[{\"@type\":\"SearchAction\",\"target\":{\"@type\":\"EntryPoint\",\"urlTemplate\":\"https:\\\/\\\/magnetarmagnets.com\\\/hu\\\/?s={search_term_string}\"},\"query-input\":{\"@type\":\"PropertyValueSpecification\",\"valueRequired\":true,\"valueName\":\"search_term_string\"}}],\"inLanguage\":\"hu\"},{\"@type\":\"Organization\",\"@id\":\"https:\\\/\\\/magnetarmagnets.com\\\/hu\\\/#organization\",\"name\":\"Magnetar\",\"url\":\"https:\\\/\\\/magnetarmagnets.com\\\/hu\\\/\",\"logo\":{\"@type\":\"ImageObject\",\"inLanguage\":\"hu\",\"@id\":\"https:\\\/\\\/magnetarmagnets.com\\\/hu\\\/#\\\/schema\\\/logo\\\/image\\\/\",\"url\":\"https:\\\/\\\/magnetarmagnets.com\\\/wp-content\\\/uploads\\\/2025\\\/05\\\/Logo-03_PNG-Black-scaled.png\",\"contentUrl\":\"https:\\\/\\\/magnetarmagnets.com\\\/wp-content\\\/uploads\\\/2025\\\/05\\\/Logo-03_PNG-Black-scaled.png\",\"width\":2560,\"height\":1658,\"caption\":\"Magnetar\"},\"image\":{\"@id\":\"https:\\\/\\\/magnetarmagnets.com\\\/hu\\\/#\\\/schema\\\/logo\\\/image\\\/\"},\"sameAs\":[\"https:\\\/\\\/www.facebook.com\\\/fishingmagnets\\\/\",\"https:\\\/\\\/www.instagram.com\\\/magnetar_magnets\\\/\",\"https:\\\/\\\/www.linkedin.com\\\/company\\\/magnetarbv\\\/?originalSubdomain=nl\",\"https:\\\/\\\/www.youtube.com\\\/c\\\/MagnetarVismagneet\"]}]}<\/script>\n<!-- \/ Yoast SEO plugin. -->","yoast_head_json":{"title":"Beast X k\u00e9szlet - 3100 lb \/ 1400 kg - Beast X - univerz\u00e1lis 360\u00b0 - Magnet fishing with a Magnetar fishing magnet","description":"A Beast X egy er\u0151teljes 360\u00b0-os horg\u00e1szm\u00e1gnes 1400 kg h\u00faz\u00f3er\u0151vel. Tartalmaz k\u00f6telet, keszty\u0171t \u00e9s hordt\u00e1sk\u00e1t. Ide\u00e1lis tapasztalt m\u00e1gneshorg\u00e1szok sz\u00e1m\u00e1ra.","robots":{"index":"index","follow":"follow","max-snippet":"max-snippet:-1","max-image-preview":"max-image-preview:large","max-video-preview":"max-video-preview:-1"},"canonical":"https:\/\/magnetarmagnets.com\/hu\/shop\/beast-x-keszlet-3100-lb-1400-kg-beast-x-univerzalis-360\/","og_locale":"hu_HU","og_type":"article","og_title":"Beast X k\u00e9szlet - 3100 lb \/ 1400 kg - Beast X - univerz\u00e1lis 360\u00b0 - Magnet fishing with a Magnetar fishing magnet","og_description":"A Beast X egy er\u0151teljes 360\u00b0-os horg\u00e1szm\u00e1gnes 1400 kg h\u00faz\u00f3er\u0151vel. Tartalmaz k\u00f6telet, keszty\u0171t \u00e9s hordt\u00e1sk\u00e1t. Ide\u00e1lis tapasztalt m\u00e1gneshorg\u00e1szok sz\u00e1m\u00e1ra.","og_url":"https:\/\/magnetarmagnets.com\/hu\/shop\/beast-x-keszlet-3100-lb-1400-kg-beast-x-univerzalis-360\/","og_site_name":"Magnet fishing with a Magnetar fishing magnet","article_publisher":"https:\/\/www.facebook.com\/fishingmagnets\/","article_modified_time":"2026-04-16T12:52:22+00:00","og_image":[{"width":1024,"height":1024,"url":"https:\/\/magnetarmagnets.com\/wp-content\/uploads\/2026\/04\/MagnetarMagnets_BEAST_X_listing-1-1024x1024.png","type":"image\/png"}],"twitter_card":"summary_large_image","twitter_misc":{"Becs\u00fclt olvas\u00e1si id\u0151":"1 perc"},"schema":{"@context":"https:\/\/schema.org","@graph":[{"@type":["WebPage","ItemPage"],"@id":"https:\/\/magnetarmagnets.com\/hu\/shop\/beast-x-keszlet-3100-lb-1400-kg-beast-x-univerzalis-360\/","url":"https:\/\/magnetarmagnets.com\/hu\/shop\/beast-x-keszlet-3100-lb-1400-kg-beast-x-univerzalis-360\/","name":"Beast X k\u00e9szlet - 3100 lb \/ 1400 kg - Beast X - univerz\u00e1lis 360\u00b0 - Magnet fishing with a Magnetar fishing magnet","isPartOf":{"@id":"https:\/\/magnetarmagnets.com\/hu\/#website"},"primaryImageOfPage":{"@id":"https:\/\/magnetarmagnets.com\/hu\/shop\/beast-x-keszlet-3100-lb-1400-kg-beast-x-univerzalis-360\/#primaryimage"},"image":{"@id":"https:\/\/magnetarmagnets.com\/hu\/shop\/beast-x-keszlet-3100-lb-1400-kg-beast-x-univerzalis-360\/#primaryimage"},"thumbnailUrl":"https:\/\/magnetarmagnets.com\/wp-content\/uploads\/2026\/04\/MagnetarMagnets_BEAST_X_listing-1.png","datePublished":"2026-04-16T08:15:22+00:00","dateModified":"2026-04-16T12:52:22+00:00","description":"A Beast X egy er\u0151teljes 360\u00b0-os horg\u00e1szm\u00e1gnes 1400 kg h\u00faz\u00f3er\u0151vel. Tartalmaz k\u00f6telet, keszty\u0171t \u00e9s hordt\u00e1sk\u00e1t. Ide\u00e1lis tapasztalt m\u00e1gneshorg\u00e1szok sz\u00e1m\u00e1ra.","breadcrumb":{"@id":"https:\/\/magnetarmagnets.com\/hu\/shop\/beast-x-keszlet-3100-lb-1400-kg-beast-x-univerzalis-360\/#breadcrumb"},"inLanguage":"hu","potentialAction":[{"@type":"ReadAction","target":["https:\/\/magnetarmagnets.com\/hu\/shop\/beast-x-keszlet-3100-lb-1400-kg-beast-x-univerzalis-360\/"]}]},{"@type":"ImageObject","inLanguage":"hu","@id":"https:\/\/magnetarmagnets.com\/hu\/shop\/beast-x-keszlet-3100-lb-1400-kg-beast-x-univerzalis-360\/#primaryimage","url":"https:\/\/magnetarmagnets.com\/wp-content\/uploads\/2026\/04\/MagnetarMagnets_BEAST_X_listing-1.png","contentUrl":"https:\/\/magnetarmagnets.com\/wp-content\/uploads\/2026\/04\/MagnetarMagnets_BEAST_X_listing-1.png","width":2000,"height":2000},{"@type":"BreadcrumbList","@id":"https:\/\/magnetarmagnets.com\/hu\/shop\/beast-x-keszlet-3100-lb-1400-kg-beast-x-univerzalis-360\/#breadcrumb","itemListElement":[{"@type":"ListItem","position":1,"name":"Home","item":"https:\/\/magnetarmagnets.com\/hu\/"},{"@type":"ListItem","position":2,"name":"Webshop","item":"https:\/\/magnetarmagnets.com\/webshop\/"},{"@type":"ListItem","position":3,"name":"Horg\u00e1sz m\u00e1gnesek","item":"https:\/\/magnetarmagnets.com\/hu\/collections\/horgasz-magnesek\/"},{"@type":"ListItem","position":4,"name":"Horg\u00e1sz m\u00e1gnes k\u00e9szlet","item":"https:\/\/magnetarmagnets.com\/hu\/collections\/horgasz-magnesek\/horgasz-magnes-keszlet\/"},{"@type":"ListItem","position":5,"name":"Beast X k\u00e9szlet &#8211; 3100 lb \/ 1400 kg &#8211; Beast X &#8211; univerz\u00e1lis 360\u00b0"}]},{"@type":"WebSite","@id":"https:\/\/magnetarmagnets.com\/hu\/#website","url":"https:\/\/magnetarmagnets.com\/hu\/","name":"Magnet fishing with a Magnetar fishing magnet","description":"Er\u0151s m\u00e1gnesek m\u00e1gneshorg\u00e1szathoz","publisher":{"@id":"https:\/\/magnetarmagnets.com\/hu\/#organization"},"potentialAction":[{"@type":"SearchAction","target":{"@type":"EntryPoint","urlTemplate":"https:\/\/magnetarmagnets.com\/hu\/?s={search_term_string}"},"query-input":{"@type":"PropertyValueSpecification","valueRequired":true,"valueName":"search_term_string"}}],"inLanguage":"hu"},{"@type":"Organization","@id":"https:\/\/magnetarmagnets.com\/hu\/#organization","name":"Magnetar","url":"https:\/\/magnetarmagnets.com\/hu\/","logo":{"@type":"ImageObject","inLanguage":"hu","@id":"https:\/\/magnetarmagnets.com\/hu\/#\/schema\/logo\/image\/","url":"https:\/\/magnetarmagnets.com\/wp-content\/uploads\/2025\/05\/Logo-03_PNG-Black-scaled.png","contentUrl":"https:\/\/magnetarmagnets.com\/wp-content\/uploads\/2025\/05\/Logo-03_PNG-Black-scaled.png","width":2560,"height":1658,"caption":"Magnetar"},"image":{"@id":"https:\/\/magnetarmagnets.com\/hu\/#\/schema\/logo\/image\/"},"sameAs":["https:\/\/www.facebook.com\/fishingmagnets\/","https:\/\/www.instagram.com\/magnetar_magnets\/","https:\/\/www.linkedin.com\/company\/magnetarbv\/?originalSubdomain=nl","https:\/\/www.youtube.com\/c\/MagnetarVismagneet"]}]}},"_links":{"self":[{"href":"https:\/\/magnetarmagnets.com\/hu\/wp-json\/wp\/v2\/product\/97391","targetHints":{"allow":["GET"]}}],"collection":[{"href":"https:\/\/magnetarmagnets.com\/hu\/wp-json\/wp\/v2\/product"}],"about":[{"href":"https:\/\/magnetarmagnets.com\/hu\/wp-json\/wp\/v2\/types\/product"}],"replies":[{"embeddable":true,"href":"https:\/\/magnetarmagnets.com\/hu\/wp-json\/wp\/v2\/comments?post=97391"}],"version-history":[{"count":1,"href":"https:\/\/magnetarmagnets.com\/hu\/wp-json\/wp\/v2\/product\/97391\/revisions"}],"predecessor-version":[{"id":97392,"href":"https:\/\/magnetarmagnets.com\/hu\/wp-json\/wp\/v2\/product\/97391\/revisions\/97392"}],"wp:featuredmedia":[{"embeddable":true,"href":"https:\/\/magnetarmagnets.com\/hu\/wp-json\/wp\/v2\/media\/97112"}],"wp:attachment":[{"href":"https:\/\/magnetarmagnets.com\/hu\/wp-json\/wp\/v2\/media?parent=97391"}],"wp:term":[{"taxonomy":"product_brand","embeddable":true,"href":"https:\/\/magnetarmagnets.com\/hu\/wp-json\/wp\/v2\/product_brand?post=97391"},{"taxonomy":"product_cat","embeddable":true,"href":"https:\/\/magnetarmagnets.com\/hu\/wp-json\/wp\/v2\/product_cat?post=97391"},{"taxonomy":"product_tag","embeddable":true,"href":"https:\/\/magnetarmagnets.com\/hu\/wp-json\/wp\/v2\/product_tag?post=97391"}],"curies":[{"name":"wp","href":"https:\/\/api.w.org\/{rel}","templated":true}]}}