{"id":82685,"date":"2025-06-05T09:53:04","date_gmt":"2025-06-05T07:53:04","guid":{"rendered":"https:\/\/magnetarmagnets.com\/shop\/magnetar-3d-polo\/"},"modified":"2026-04-07T20:30:45","modified_gmt":"2026-04-07T18:30:45","slug":"magnetar-3d-polo","status":"publish","type":"product","link":"https:\/\/magnetarmagnets.com\/hu\/shop\/magnetar-3d-polo\/","title":{"rendered":"Magnetar 3D p\u00f3l\u00f3"},"content":{"rendered":"M\u00e1gnes horg\u00e1szat k\u00f6zben mit viselsz? Term\u00e9szetesen egy Magnetar p\u00f3l\u00f3t! Most minden m\u00e1gneshorg\u00e1sz lehet\u0151s\u00e9ge ny\u00edlik arra, hogy beszerezze saj\u00e1t Magnetar p\u00f3l\u00f3j\u00e1t. \u00cdgy st\u00edlusosan jelenhetsz meg a v\u00edzparton, \u00e9s kifejezheted t\u00e1mogat\u00e1sodat m\u00e1rk\u00e1nk ir\u00e1nt.\n\n<h2>K\u00e9nyelmes szab\u00e1s \u00e9s kiv\u00e1l\u00f3 min\u0151s\u00e9g<\/h2>\n\nMinden term\u00e9k fejleszt\u00e9s\u00e9n\u00e9l a legjobb min\u0151s\u00e9gre t\u00f6reksz\u00fcnk, \u00e9s ez al\u00f3l ez a p\u00f3l\u00f3 sem kiv\u00e9tel. A Magnetar p\u00f3l\u00f3 vastag, pr\u00e9mium min\u0151s\u00e9g\u0171 anyagb\u00f3l k\u00e9sz\u00fclt, \u00edgy rendk\u00edv\u00fcl tart\u00f3s, ami m\u00e1gnes horg\u00e1szat sor\u00e1n elengedhetetlen!\n\n\n\nM\u00e1gnes horg\u00e1szat term\u00e9szetesen akt\u00edv hobbi: sokat mozogsz, \u00e9s k\u00f6nnyen koszol\u00f3dhatsz. Emiatt a Magnetar p\u00f3l\u00f3 enyh\u00e9n b\u0151vebb fazonnal rendelkezik. \u00cdgy semmi sem akad\u00e1lyozza a mozg\u00e1sodat, \u00e9s nem izzadsz meg percek alatt. A p\u00f3l\u00f3 100% pamutb\u00f3l k\u00e9sz\u00fclt.\n\n<h2>Pr\u00e9mium min\u0151s\u00e9g\u0171 3D log\u00f3<\/h2>\n\nA Magnetar p\u00f3l\u00f3 egy pr\u00e9mium min\u0151s\u00e9g\u0171 3D log\u00f3val van d\u00edsz\u00edtve. A log\u00f3 teljesen h\u00edmzett, \u00edgy hossz\u00fa t\u00e1von is l\u00e1tv\u00e1nyos marad. A h\u00e1toldalon hagyom\u00e1nyos nyomat tal\u00e1lhat\u00f3 &#8220;MAGNETAR&#8221; felirattal \u00e9s log\u00f3val.\n\n<h2>Magnetar min\u0151s\u00e9g<\/h2>\n\nA Magnetar egy kis csal\u00e1di v\u00e1llalkoz\u00e1s, amelyet val\u00f3di m\u00e1gneshorg\u00e1szok vezetnek. A min\u0151s\u00e9g sz\u00e1munkra az els\u0151dleges, \u00e9s ez term\u00e9keinken is l\u00e1that\u00f3. Minden term\u00e9k\u00fcnket saj\u00e1t csapatunk tervezi, hogy garant\u00e1ljuk a megb\u00edzhat\u00f3s\u00e1got. Megb\u00edzhat\u00f3, hat\u00e9kony \u00e9s magas min\u0151s\u00e9g\u0171 felszerel\u00e9st keresel m\u00e1gnes horg\u00e1szat sor\u00e1n? Akkor j\u00f3 helyen j\u00e1rsz, v\u00e1laszd a Magnetart!","protected":false},"excerpt":{"rendered":"<p>Ezzel a p\u00f3l\u00f3val a m\u00e1gnes horg\u00e1szat sor\u00e1n kifejezheted a Magnetar ir\u00e1nti <strong>t\u00e1mogat\u00e1sodat<\/strong>. A p\u00f3l\u00f3 elej\u00e9n <strong>gy\u00f6ny\u00f6r\u0171en h\u00edmzett 3D log\u00f3<\/strong> tal\u00e1lhat\u00f3.<\/p>\n","protected":false},"featured_media":79952,"comment_status":"open","ping_status":"closed","template":"","meta":{"_acf_changed":false,"inline_featured_image":false},"product_brand":[],"product_cat":[536,538],"product_tag":[],"class_list":{"0":"post-82685","1":"product","2":"type-product","3":"status-publish","4":"has-post-thumbnail","6":"product_cat-felszereles","7":"product_cat-merchandise-hu","9":"first","10":"instock","11":"taxable","12":"shipping-taxable","13":"purchasable","14":"product-type-variable"},"acf":[],"yoast_head":"<!-- This site is optimized with the Yoast SEO plugin v27.3 - https:\/\/yoast.com\/product\/yoast-seo-wordpress\/ -->\n<title>Magnetar 3D p\u00f3l\u00f3 - Magnet fishing with a Magnetar fishing magnet<\/title>\n<meta name=\"description\" content=\"Magnetar 3D p\u00f3l\u00f3 - st\u00edlusos viselet m\u00e1gnes horg\u00e1szathoz\" \/>\n<meta name=\"robots\" content=\"index, follow, max-snippet:-1, max-image-preview:large, max-video-preview:-1\" \/>\n<link rel=\"canonical\" href=\"https:\/\/magnetarmagnets.com\/hu\/shop\/magnetar-3d-polo\/\" \/>\n<meta property=\"og:locale\" content=\"hu_HU\" \/>\n<meta property=\"og:type\" content=\"article\" \/>\n<meta property=\"og:title\" content=\"Magnetar 3D p\u00f3l\u00f3 - Magnet fishing with a Magnetar fishing magnet\" \/>\n<meta property=\"og:description\" content=\"Magnetar 3D p\u00f3l\u00f3 - st\u00edlusos viselet m\u00e1gnes horg\u00e1szathoz\" \/>\n<meta property=\"og:url\" content=\"https:\/\/magnetarmagnets.com\/hu\/shop\/magnetar-3d-polo\/\" \/>\n<meta property=\"og:site_name\" content=\"Magnet fishing with a Magnetar fishing magnet\" \/>\n<meta property=\"article:publisher\" content=\"https:\/\/www.facebook.com\/fishingmagnets\/\" \/>\n<meta property=\"article:modified_time\" content=\"2026-04-07T18:30:45+00:00\" \/>\n<meta property=\"og:image\" content=\"https:\/\/magnetarmagnets.com\/wp-content\/uploads\/2023\/09\/JNF-Magnetar-Bedrijfsfotografie-01-09-2023-Foto-0544.jpg\" \/>\n\t<meta property=\"og:image:width\" content=\"1000\" \/>\n\t<meta property=\"og:image:height\" content=\"1000\" \/>\n\t<meta property=\"og:image:type\" content=\"image\/jpeg\" \/>\n<meta name=\"twitter:card\" content=\"summary_large_image\" \/>\n<meta name=\"twitter:label1\" content=\"Becs\u00fclt olvas\u00e1si id\u0151\" \/>\n\t<meta name=\"twitter:data1\" content=\"2 perc\" \/>\n<script type=\"application\/ld+json\" class=\"yoast-schema-graph\">{\"@context\":\"https:\\\/\\\/schema.org\",\"@graph\":[{\"@type\":[\"WebPage\",\"ItemPage\"],\"@id\":\"https:\\\/\\\/magnetarmagnets.com\\\/hu\\\/shop\\\/magnetar-3d-polo\\\/\",\"url\":\"https:\\\/\\\/magnetarmagnets.com\\\/hu\\\/shop\\\/magnetar-3d-polo\\\/\",\"name\":\"Magnetar 3D p\u00f3l\u00f3 - Magnet fishing with a Magnetar fishing magnet\",\"isPartOf\":{\"@id\":\"https:\\\/\\\/magnetarmagnets.com\\\/hu\\\/#website\"},\"primaryImageOfPage\":{\"@id\":\"https:\\\/\\\/magnetarmagnets.com\\\/hu\\\/shop\\\/magnetar-3d-polo\\\/#primaryimage\"},\"image\":{\"@id\":\"https:\\\/\\\/magnetarmagnets.com\\\/hu\\\/shop\\\/magnetar-3d-polo\\\/#primaryimage\"},\"thumbnailUrl\":\"https:\\\/\\\/magnetarmagnets.com\\\/wp-content\\\/uploads\\\/2023\\\/09\\\/JNF-Magnetar-Bedrijfsfotografie-01-09-2023-Foto-0544.jpg\",\"datePublished\":\"2025-06-05T07:53:04+00:00\",\"dateModified\":\"2026-04-07T18:30:45+00:00\",\"description\":\"Magnetar 3D p\u00f3l\u00f3 - st\u00edlusos viselet m\u00e1gnes horg\u00e1szathoz\",\"breadcrumb\":{\"@id\":\"https:\\\/\\\/magnetarmagnets.com\\\/hu\\\/shop\\\/magnetar-3d-polo\\\/#breadcrumb\"},\"inLanguage\":\"hu\",\"potentialAction\":[{\"@type\":\"ReadAction\",\"target\":[\"https:\\\/\\\/magnetarmagnets.com\\\/hu\\\/shop\\\/magnetar-3d-polo\\\/\"]}]},{\"@type\":\"ImageObject\",\"inLanguage\":\"hu\",\"@id\":\"https:\\\/\\\/magnetarmagnets.com\\\/hu\\\/shop\\\/magnetar-3d-polo\\\/#primaryimage\",\"url\":\"https:\\\/\\\/magnetarmagnets.com\\\/wp-content\\\/uploads\\\/2023\\\/09\\\/JNF-Magnetar-Bedrijfsfotografie-01-09-2023-Foto-0544.jpg\",\"contentUrl\":\"https:\\\/\\\/magnetarmagnets.com\\\/wp-content\\\/uploads\\\/2023\\\/09\\\/JNF-Magnetar-Bedrijfsfotografie-01-09-2023-Foto-0544.jpg\",\"width\":1000,\"height\":1000,\"caption\":\"With this Magnetar t-shirt, you show off your belonging to team Magnetar while magnetic fishing.\"},{\"@type\":\"BreadcrumbList\",\"@id\":\"https:\\\/\\\/magnetarmagnets.com\\\/hu\\\/shop\\\/magnetar-3d-polo\\\/#breadcrumb\",\"itemListElement\":[{\"@type\":\"ListItem\",\"position\":1,\"name\":\"Home\",\"item\":\"https:\\\/\\\/magnetarmagnets.com\\\/hu\\\/\"},{\"@type\":\"ListItem\",\"position\":2,\"name\":\"Webshop\",\"item\":\"https:\\\/\\\/magnetarmagnets.com\\\/webshop\\\/\"},{\"@type\":\"ListItem\",\"position\":3,\"name\":\"All products\",\"item\":\"https:\\\/\\\/magnetarmagnets.com\\\/collections\\\/all-products\\\/\"},{\"@type\":\"ListItem\",\"position\":4,\"name\":\"Magnetar 3D p\u00f3l\u00f3\"}]},{\"@type\":\"WebSite\",\"@id\":\"https:\\\/\\\/magnetarmagnets.com\\\/hu\\\/#website\",\"url\":\"https:\\\/\\\/magnetarmagnets.com\\\/hu\\\/\",\"name\":\"Magnet fishing with a Magnetar fishing magnet\",\"description\":\"Er\u0151s m\u00e1gnesek m\u00e1gneshorg\u00e1szathoz\",\"publisher\":{\"@id\":\"https:\\\/\\\/magnetarmagnets.com\\\/hu\\\/#organization\"},\"potentialAction\":[{\"@type\":\"SearchAction\",\"target\":{\"@type\":\"EntryPoint\",\"urlTemplate\":\"https:\\\/\\\/magnetarmagnets.com\\\/hu\\\/?s={search_term_string}\"},\"query-input\":{\"@type\":\"PropertyValueSpecification\",\"valueRequired\":true,\"valueName\":\"search_term_string\"}}],\"inLanguage\":\"hu\"},{\"@type\":\"Organization\",\"@id\":\"https:\\\/\\\/magnetarmagnets.com\\\/hu\\\/#organization\",\"name\":\"Magnetar\",\"url\":\"https:\\\/\\\/magnetarmagnets.com\\\/hu\\\/\",\"logo\":{\"@type\":\"ImageObject\",\"inLanguage\":\"hu\",\"@id\":\"https:\\\/\\\/magnetarmagnets.com\\\/hu\\\/#\\\/schema\\\/logo\\\/image\\\/\",\"url\":\"https:\\\/\\\/magnetarmagnets.com\\\/wp-content\\\/uploads\\\/2025\\\/05\\\/Logo-03_PNG-Black-scaled.png\",\"contentUrl\":\"https:\\\/\\\/magnetarmagnets.com\\\/wp-content\\\/uploads\\\/2025\\\/05\\\/Logo-03_PNG-Black-scaled.png\",\"width\":2560,\"height\":1658,\"caption\":\"Magnetar\"},\"image\":{\"@id\":\"https:\\\/\\\/magnetarmagnets.com\\\/hu\\\/#\\\/schema\\\/logo\\\/image\\\/\"},\"sameAs\":[\"https:\\\/\\\/www.facebook.com\\\/fishingmagnets\\\/\",\"https:\\\/\\\/www.instagram.com\\\/magnetar_magnets\\\/\",\"https:\\\/\\\/www.linkedin.com\\\/company\\\/magnetarbv\\\/?originalSubdomain=nl\",\"https:\\\/\\\/www.youtube.com\\\/c\\\/MagnetarVismagneet\"]}]}<\/script>\n<!-- \/ Yoast SEO plugin. -->","yoast_head_json":{"title":"Magnetar 3D p\u00f3l\u00f3 - Magnet fishing with a Magnetar fishing magnet","description":"Magnetar 3D p\u00f3l\u00f3 - st\u00edlusos viselet m\u00e1gnes horg\u00e1szathoz","robots":{"index":"index","follow":"follow","max-snippet":"max-snippet:-1","max-image-preview":"max-image-preview:large","max-video-preview":"max-video-preview:-1"},"canonical":"https:\/\/magnetarmagnets.com\/hu\/shop\/magnetar-3d-polo\/","og_locale":"hu_HU","og_type":"article","og_title":"Magnetar 3D p\u00f3l\u00f3 - Magnet fishing with a Magnetar fishing magnet","og_description":"Magnetar 3D p\u00f3l\u00f3 - st\u00edlusos viselet m\u00e1gnes horg\u00e1szathoz","og_url":"https:\/\/magnetarmagnets.com\/hu\/shop\/magnetar-3d-polo\/","og_site_name":"Magnet fishing with a Magnetar fishing magnet","article_publisher":"https:\/\/www.facebook.com\/fishingmagnets\/","article_modified_time":"2026-04-07T18:30:45+00:00","og_image":[{"width":1000,"height":1000,"url":"https:\/\/magnetarmagnets.com\/wp-content\/uploads\/2023\/09\/JNF-Magnetar-Bedrijfsfotografie-01-09-2023-Foto-0544.jpg","type":"image\/jpeg"}],"twitter_card":"summary_large_image","twitter_misc":{"Becs\u00fclt olvas\u00e1si id\u0151":"2 perc"},"schema":{"@context":"https:\/\/schema.org","@graph":[{"@type":["WebPage","ItemPage"],"@id":"https:\/\/magnetarmagnets.com\/hu\/shop\/magnetar-3d-polo\/","url":"https:\/\/magnetarmagnets.com\/hu\/shop\/magnetar-3d-polo\/","name":"Magnetar 3D p\u00f3l\u00f3 - Magnet fishing with a Magnetar fishing magnet","isPartOf":{"@id":"https:\/\/magnetarmagnets.com\/hu\/#website"},"primaryImageOfPage":{"@id":"https:\/\/magnetarmagnets.com\/hu\/shop\/magnetar-3d-polo\/#primaryimage"},"image":{"@id":"https:\/\/magnetarmagnets.com\/hu\/shop\/magnetar-3d-polo\/#primaryimage"},"thumbnailUrl":"https:\/\/magnetarmagnets.com\/wp-content\/uploads\/2023\/09\/JNF-Magnetar-Bedrijfsfotografie-01-09-2023-Foto-0544.jpg","datePublished":"2025-06-05T07:53:04+00:00","dateModified":"2026-04-07T18:30:45+00:00","description":"Magnetar 3D p\u00f3l\u00f3 - st\u00edlusos viselet m\u00e1gnes horg\u00e1szathoz","breadcrumb":{"@id":"https:\/\/magnetarmagnets.com\/hu\/shop\/magnetar-3d-polo\/#breadcrumb"},"inLanguage":"hu","potentialAction":[{"@type":"ReadAction","target":["https:\/\/magnetarmagnets.com\/hu\/shop\/magnetar-3d-polo\/"]}]},{"@type":"ImageObject","inLanguage":"hu","@id":"https:\/\/magnetarmagnets.com\/hu\/shop\/magnetar-3d-polo\/#primaryimage","url":"https:\/\/magnetarmagnets.com\/wp-content\/uploads\/2023\/09\/JNF-Magnetar-Bedrijfsfotografie-01-09-2023-Foto-0544.jpg","contentUrl":"https:\/\/magnetarmagnets.com\/wp-content\/uploads\/2023\/09\/JNF-Magnetar-Bedrijfsfotografie-01-09-2023-Foto-0544.jpg","width":1000,"height":1000,"caption":"With this Magnetar t-shirt, you show off your belonging to team Magnetar while magnetic fishing."},{"@type":"BreadcrumbList","@id":"https:\/\/magnetarmagnets.com\/hu\/shop\/magnetar-3d-polo\/#breadcrumb","itemListElement":[{"@type":"ListItem","position":1,"name":"Home","item":"https:\/\/magnetarmagnets.com\/hu\/"},{"@type":"ListItem","position":2,"name":"Webshop","item":"https:\/\/magnetarmagnets.com\/webshop\/"},{"@type":"ListItem","position":3,"name":"All products","item":"https:\/\/magnetarmagnets.com\/collections\/all-products\/"},{"@type":"ListItem","position":4,"name":"Magnetar 3D p\u00f3l\u00f3"}]},{"@type":"WebSite","@id":"https:\/\/magnetarmagnets.com\/hu\/#website","url":"https:\/\/magnetarmagnets.com\/hu\/","name":"Magnet fishing with a Magnetar fishing magnet","description":"Er\u0151s m\u00e1gnesek m\u00e1gneshorg\u00e1szathoz","publisher":{"@id":"https:\/\/magnetarmagnets.com\/hu\/#organization"},"potentialAction":[{"@type":"SearchAction","target":{"@type":"EntryPoint","urlTemplate":"https:\/\/magnetarmagnets.com\/hu\/?s={search_term_string}"},"query-input":{"@type":"PropertyValueSpecification","valueRequired":true,"valueName":"search_term_string"}}],"inLanguage":"hu"},{"@type":"Organization","@id":"https:\/\/magnetarmagnets.com\/hu\/#organization","name":"Magnetar","url":"https:\/\/magnetarmagnets.com\/hu\/","logo":{"@type":"ImageObject","inLanguage":"hu","@id":"https:\/\/magnetarmagnets.com\/hu\/#\/schema\/logo\/image\/","url":"https:\/\/magnetarmagnets.com\/wp-content\/uploads\/2025\/05\/Logo-03_PNG-Black-scaled.png","contentUrl":"https:\/\/magnetarmagnets.com\/wp-content\/uploads\/2025\/05\/Logo-03_PNG-Black-scaled.png","width":2560,"height":1658,"caption":"Magnetar"},"image":{"@id":"https:\/\/magnetarmagnets.com\/hu\/#\/schema\/logo\/image\/"},"sameAs":["https:\/\/www.facebook.com\/fishingmagnets\/","https:\/\/www.instagram.com\/magnetar_magnets\/","https:\/\/www.linkedin.com\/company\/magnetarbv\/?originalSubdomain=nl","https:\/\/www.youtube.com\/c\/MagnetarVismagneet"]}]}},"_links":{"self":[{"href":"https:\/\/magnetarmagnets.com\/hu\/wp-json\/wp\/v2\/product\/82685","targetHints":{"allow":["GET"]}}],"collection":[{"href":"https:\/\/magnetarmagnets.com\/hu\/wp-json\/wp\/v2\/product"}],"about":[{"href":"https:\/\/magnetarmagnets.com\/hu\/wp-json\/wp\/v2\/types\/product"}],"replies":[{"embeddable":true,"href":"https:\/\/magnetarmagnets.com\/hu\/wp-json\/wp\/v2\/comments?post=82685"}],"version-history":[{"count":1,"href":"https:\/\/magnetarmagnets.com\/hu\/wp-json\/wp\/v2\/product\/82685\/revisions"}],"predecessor-version":[{"id":94608,"href":"https:\/\/magnetarmagnets.com\/hu\/wp-json\/wp\/v2\/product\/82685\/revisions\/94608"}],"wp:featuredmedia":[{"embeddable":true,"href":"https:\/\/magnetarmagnets.com\/hu\/wp-json\/wp\/v2\/media\/79952"}],"wp:attachment":[{"href":"https:\/\/magnetarmagnets.com\/hu\/wp-json\/wp\/v2\/media?parent=82685"}],"wp:term":[{"taxonomy":"product_brand","embeddable":true,"href":"https:\/\/magnetarmagnets.com\/hu\/wp-json\/wp\/v2\/product_brand?post=82685"},{"taxonomy":"product_cat","embeddable":true,"href":"https:\/\/magnetarmagnets.com\/hu\/wp-json\/wp\/v2\/product_cat?post=82685"},{"taxonomy":"product_tag","embeddable":true,"href":"https:\/\/magnetarmagnets.com\/hu\/wp-json\/wp\/v2\/product_tag?post=82685"}],"curies":[{"name":"wp","href":"https:\/\/api.w.org\/{rel}","templated":true}]}}