{"id":82680,"date":"2025-06-05T09:53:04","date_gmt":"2025-06-05T07:53:04","guid":{"rendered":"https:\/\/magnetarmagnets.com\/shop\/heated-body-warmer\/"},"modified":"2026-04-07T20:14:19","modified_gmt":"2026-04-07T18:14:19","slug":"heated-body-warmer","status":"publish","type":"product","link":"https:\/\/magnetarmagnets.com\/hu\/shop\/heated-body-warmer\/","title":{"rendered":"Heated body warmer"},"content":{"rendered":"During the autumn and winter, you&#8217;ll encounter plenty of cold and harsh days. Do you want to brave the cold during this period? You can with the heated bodywarmer Lava from Magnetar Heat. Magnetar Heat clothing keeps your body comfortably warm. Be amazed by the three heatable zones, strong battery, and excellent quality.\n\n<h2>Three Heatable Zones and Heat Settings<\/h2>\n\nThe heated bodywarmer Lava is equipped with three heatable zones. Two are on the front, and one is on the back, ensuring your entire torso stays comfortably warm. The zones can be set to three different temperatures: 40\u00b0C, 50\u00b0C, and 60\u00b0C.\n\n\n\nAdjusting the heat settings is surprisingly simple. You do this using the button on the front of the bodywarmer. One press activates the heat, and each subsequent press increases the temperature by one level. If you get too warm, you can easily switch off the bodywarmer.\n\n<h2>Long-lasting Warmth Thanks to a Strong Battery<\/h2>\n\nEnjoy a heated body all day long with Magnetar Heat. The powerful battery provides warmth for up to an impressive 10 hours. The exact duration depends on the heat setting. Here is an overview of the battery life based on the heat settings:\n\n<ul>\n\n \t<li>40\u00b0C: 10 hours<\/li>\n\n \t<li>50\u00b0C: 8 hours<\/li>\n\n \t<li>60\u00b0C: 6 hours<\/li>\n\n<\/ul>\n\nThe battery\/power bank (6700mAh) comes with a charger and is easily replaceable. This means you can theoretically use multiple batteries to enjoy the heated bodywarmer Lava for even longer. Additionally, the battery features a USB and 4.0 DC output and a USB-C input.\n\n<h2>Wind and Waterproof<\/h2>\n\nWind and water are no match for the heated bodywarmer. High-quality nylon is used in the production, both on the inside and outside. The use of nylon also ensures that this garment remains lightweight and feels like a regular high-quality bodywarmer.\n\n<h2>Suitable for the Washing Machine<\/h2>\n\nAfter a day of outdoor activities, if you need to clean the bodywarmer, you can! You can confidently put it in the washing machine. However, please note that the battery must be removed beforehand!","protected":false},"excerpt":{"rendered":"<p>This <strong>heated<\/strong> <strong>body warmer<\/strong> keeps your body at the right temperature with <strong>three heat zones<\/strong>, a <strong>powerful battery<\/strong>, and <strong>three heat settings<\/strong>.<\/p>\n","protected":false},"featured_media":88112,"comment_status":"open","ping_status":"closed","template":"","meta":{"_acf_changed":false,"inline_featured_image":false},"product_brand":[],"product_cat":[536,539],"product_tag":[],"class_list":{"0":"post-82680","1":"product","2":"type-product","3":"status-publish","4":"has-post-thumbnail","6":"product_cat-felszereles","7":"product_cat-futheto-ruhazat","9":"first","10":"instock","11":"taxable","12":"shipping-taxable","13":"purchasable","14":"product-type-variable"},"acf":[],"yoast_head":"<!-- This site is optimized with the Yoast SEO plugin v27.3 - https:\/\/yoast.com\/product\/yoast-seo-wordpress\/ -->\n<title>Heated body warmer - Magnet fishing with a Magnetar fishing magnet<\/title>\n<meta name=\"description\" content=\"Heated body warmer - Stay warm during magnet fishing\" \/>\n<meta name=\"robots\" content=\"index, follow, max-snippet:-1, max-image-preview:large, max-video-preview:-1\" \/>\n<link rel=\"canonical\" href=\"https:\/\/magnetarmagnets.com\/hu\/shop\/heated-body-warmer\/\" \/>\n<meta property=\"og:locale\" content=\"hu_HU\" \/>\n<meta property=\"og:type\" content=\"article\" \/>\n<meta property=\"og:title\" content=\"Heated body warmer - Magnet fishing with a Magnetar fishing magnet\" \/>\n<meta property=\"og:description\" content=\"Heated body warmer - Stay warm during magnet fishing\" \/>\n<meta property=\"og:url\" content=\"https:\/\/magnetarmagnets.com\/hu\/shop\/heated-body-warmer\/\" \/>\n<meta property=\"og:site_name\" content=\"Magnet fishing with a Magnetar fishing magnet\" \/>\n<meta property=\"article:publisher\" content=\"https:\/\/www.facebook.com\/fishingmagnets\/\" \/>\n<meta property=\"article:modified_time\" content=\"2026-04-07T18:14:19+00:00\" \/>\n<meta property=\"og:image\" content=\"https:\/\/magnetarmagnets.com\/wp-content\/uploads\/2025\/06\/LAVA-BLACK-HEATED-VOOR-ACHTER.jpg\" \/>\n\t<meta property=\"og:image:width\" content=\"1000\" \/>\n\t<meta property=\"og:image:height\" content=\"1000\" \/>\n\t<meta property=\"og:image:type\" content=\"image\/jpeg\" \/>\n<meta name=\"twitter:card\" content=\"summary_large_image\" \/>\n<meta name=\"twitter:label1\" content=\"Becs\u00fclt olvas\u00e1si id\u0151\" \/>\n\t<meta name=\"twitter:data1\" content=\"2 perc\" \/>\n<script type=\"application\/ld+json\" class=\"yoast-schema-graph\">{\"@context\":\"https:\\\/\\\/schema.org\",\"@graph\":[{\"@type\":[\"WebPage\",\"ItemPage\"],\"@id\":\"https:\\\/\\\/magnetarmagnets.com\\\/hu\\\/shop\\\/heated-body-warmer\\\/\",\"url\":\"https:\\\/\\\/magnetarmagnets.com\\\/hu\\\/shop\\\/heated-body-warmer\\\/\",\"name\":\"Heated body warmer - Magnet fishing with a Magnetar fishing magnet\",\"isPartOf\":{\"@id\":\"https:\\\/\\\/magnetarmagnets.com\\\/hu\\\/#website\"},\"primaryImageOfPage\":{\"@id\":\"https:\\\/\\\/magnetarmagnets.com\\\/hu\\\/shop\\\/heated-body-warmer\\\/#primaryimage\"},\"image\":{\"@id\":\"https:\\\/\\\/magnetarmagnets.com\\\/hu\\\/shop\\\/heated-body-warmer\\\/#primaryimage\"},\"thumbnailUrl\":\"https:\\\/\\\/magnetarmagnets.com\\\/wp-content\\\/uploads\\\/2025\\\/06\\\/LAVA-BLACK-HEATED-VOOR-ACHTER.jpg\",\"datePublished\":\"2025-06-05T07:53:04+00:00\",\"dateModified\":\"2026-04-07T18:14:19+00:00\",\"description\":\"Heated body warmer - Stay warm during magnet fishing\",\"breadcrumb\":{\"@id\":\"https:\\\/\\\/magnetarmagnets.com\\\/hu\\\/shop\\\/heated-body-warmer\\\/#breadcrumb\"},\"inLanguage\":\"hu\",\"potentialAction\":[{\"@type\":\"ReadAction\",\"target\":[\"https:\\\/\\\/magnetarmagnets.com\\\/hu\\\/shop\\\/heated-body-warmer\\\/\"]}]},{\"@type\":\"ImageObject\",\"inLanguage\":\"hu\",\"@id\":\"https:\\\/\\\/magnetarmagnets.com\\\/hu\\\/shop\\\/heated-body-warmer\\\/#primaryimage\",\"url\":\"https:\\\/\\\/magnetarmagnets.com\\\/wp-content\\\/uploads\\\/2025\\\/06\\\/LAVA-BLACK-HEATED-VOOR-ACHTER.jpg\",\"contentUrl\":\"https:\\\/\\\/magnetarmagnets.com\\\/wp-content\\\/uploads\\\/2025\\\/06\\\/LAVA-BLACK-HEATED-VOOR-ACHTER.jpg\",\"width\":1000,\"height\":1000},{\"@type\":\"BreadcrumbList\",\"@id\":\"https:\\\/\\\/magnetarmagnets.com\\\/hu\\\/shop\\\/heated-body-warmer\\\/#breadcrumb\",\"itemListElement\":[{\"@type\":\"ListItem\",\"position\":1,\"name\":\"Home\",\"item\":\"https:\\\/\\\/magnetarmagnets.com\\\/hu\\\/\"},{\"@type\":\"ListItem\",\"position\":2,\"name\":\"Webshop\",\"item\":\"https:\\\/\\\/magnetarmagnets.com\\\/webshop\\\/\"},{\"@type\":\"ListItem\",\"position\":3,\"name\":\"Felszerel\u00e9s\",\"item\":\"https:\\\/\\\/magnetarmagnets.com\\\/hu\\\/collections\\\/felszereles\\\/\"},{\"@type\":\"ListItem\",\"position\":4,\"name\":\"F\u0171thet\u0151 ruh\u00e1zat\",\"item\":\"https:\\\/\\\/magnetarmagnets.com\\\/hu\\\/collections\\\/felszereles\\\/futheto-ruhazat\\\/\"},{\"@type\":\"ListItem\",\"position\":5,\"name\":\"Heated body warmer\"}]},{\"@type\":\"WebSite\",\"@id\":\"https:\\\/\\\/magnetarmagnets.com\\\/hu\\\/#website\",\"url\":\"https:\\\/\\\/magnetarmagnets.com\\\/hu\\\/\",\"name\":\"Magnet fishing with a Magnetar fishing magnet\",\"description\":\"Er\u0151s m\u00e1gnesek m\u00e1gneshorg\u00e1szathoz\",\"publisher\":{\"@id\":\"https:\\\/\\\/magnetarmagnets.com\\\/hu\\\/#organization\"},\"potentialAction\":[{\"@type\":\"SearchAction\",\"target\":{\"@type\":\"EntryPoint\",\"urlTemplate\":\"https:\\\/\\\/magnetarmagnets.com\\\/hu\\\/?s={search_term_string}\"},\"query-input\":{\"@type\":\"PropertyValueSpecification\",\"valueRequired\":true,\"valueName\":\"search_term_string\"}}],\"inLanguage\":\"hu\"},{\"@type\":\"Organization\",\"@id\":\"https:\\\/\\\/magnetarmagnets.com\\\/hu\\\/#organization\",\"name\":\"Magnetar\",\"url\":\"https:\\\/\\\/magnetarmagnets.com\\\/hu\\\/\",\"logo\":{\"@type\":\"ImageObject\",\"inLanguage\":\"hu\",\"@id\":\"https:\\\/\\\/magnetarmagnets.com\\\/hu\\\/#\\\/schema\\\/logo\\\/image\\\/\",\"url\":\"https:\\\/\\\/magnetarmagnets.com\\\/wp-content\\\/uploads\\\/2025\\\/05\\\/Logo-03_PNG-Black-scaled.png\",\"contentUrl\":\"https:\\\/\\\/magnetarmagnets.com\\\/wp-content\\\/uploads\\\/2025\\\/05\\\/Logo-03_PNG-Black-scaled.png\",\"width\":2560,\"height\":1658,\"caption\":\"Magnetar\"},\"image\":{\"@id\":\"https:\\\/\\\/magnetarmagnets.com\\\/hu\\\/#\\\/schema\\\/logo\\\/image\\\/\"},\"sameAs\":[\"https:\\\/\\\/www.facebook.com\\\/fishingmagnets\\\/\",\"https:\\\/\\\/www.instagram.com\\\/magnetar_magnets\\\/\",\"https:\\\/\\\/www.linkedin.com\\\/company\\\/magnetarbv\\\/?originalSubdomain=nl\",\"https:\\\/\\\/www.youtube.com\\\/c\\\/MagnetarVismagneet\"]}]}<\/script>\n<!-- \/ Yoast SEO plugin. -->","yoast_head_json":{"title":"Heated body warmer - Magnet fishing with a Magnetar fishing magnet","description":"Heated body warmer - Stay warm during magnet fishing","robots":{"index":"index","follow":"follow","max-snippet":"max-snippet:-1","max-image-preview":"max-image-preview:large","max-video-preview":"max-video-preview:-1"},"canonical":"https:\/\/magnetarmagnets.com\/hu\/shop\/heated-body-warmer\/","og_locale":"hu_HU","og_type":"article","og_title":"Heated body warmer - Magnet fishing with a Magnetar fishing magnet","og_description":"Heated body warmer - Stay warm during magnet fishing","og_url":"https:\/\/magnetarmagnets.com\/hu\/shop\/heated-body-warmer\/","og_site_name":"Magnet fishing with a Magnetar fishing magnet","article_publisher":"https:\/\/www.facebook.com\/fishingmagnets\/","article_modified_time":"2026-04-07T18:14:19+00:00","og_image":[{"width":1000,"height":1000,"url":"https:\/\/magnetarmagnets.com\/wp-content\/uploads\/2025\/06\/LAVA-BLACK-HEATED-VOOR-ACHTER.jpg","type":"image\/jpeg"}],"twitter_card":"summary_large_image","twitter_misc":{"Becs\u00fclt olvas\u00e1si id\u0151":"2 perc"},"schema":{"@context":"https:\/\/schema.org","@graph":[{"@type":["WebPage","ItemPage"],"@id":"https:\/\/magnetarmagnets.com\/hu\/shop\/heated-body-warmer\/","url":"https:\/\/magnetarmagnets.com\/hu\/shop\/heated-body-warmer\/","name":"Heated body warmer - Magnet fishing with a Magnetar fishing magnet","isPartOf":{"@id":"https:\/\/magnetarmagnets.com\/hu\/#website"},"primaryImageOfPage":{"@id":"https:\/\/magnetarmagnets.com\/hu\/shop\/heated-body-warmer\/#primaryimage"},"image":{"@id":"https:\/\/magnetarmagnets.com\/hu\/shop\/heated-body-warmer\/#primaryimage"},"thumbnailUrl":"https:\/\/magnetarmagnets.com\/wp-content\/uploads\/2025\/06\/LAVA-BLACK-HEATED-VOOR-ACHTER.jpg","datePublished":"2025-06-05T07:53:04+00:00","dateModified":"2026-04-07T18:14:19+00:00","description":"Heated body warmer - Stay warm during magnet fishing","breadcrumb":{"@id":"https:\/\/magnetarmagnets.com\/hu\/shop\/heated-body-warmer\/#breadcrumb"},"inLanguage":"hu","potentialAction":[{"@type":"ReadAction","target":["https:\/\/magnetarmagnets.com\/hu\/shop\/heated-body-warmer\/"]}]},{"@type":"ImageObject","inLanguage":"hu","@id":"https:\/\/magnetarmagnets.com\/hu\/shop\/heated-body-warmer\/#primaryimage","url":"https:\/\/magnetarmagnets.com\/wp-content\/uploads\/2025\/06\/LAVA-BLACK-HEATED-VOOR-ACHTER.jpg","contentUrl":"https:\/\/magnetarmagnets.com\/wp-content\/uploads\/2025\/06\/LAVA-BLACK-HEATED-VOOR-ACHTER.jpg","width":1000,"height":1000},{"@type":"BreadcrumbList","@id":"https:\/\/magnetarmagnets.com\/hu\/shop\/heated-body-warmer\/#breadcrumb","itemListElement":[{"@type":"ListItem","position":1,"name":"Home","item":"https:\/\/magnetarmagnets.com\/hu\/"},{"@type":"ListItem","position":2,"name":"Webshop","item":"https:\/\/magnetarmagnets.com\/webshop\/"},{"@type":"ListItem","position":3,"name":"Felszerel\u00e9s","item":"https:\/\/magnetarmagnets.com\/hu\/collections\/felszereles\/"},{"@type":"ListItem","position":4,"name":"F\u0171thet\u0151 ruh\u00e1zat","item":"https:\/\/magnetarmagnets.com\/hu\/collections\/felszereles\/futheto-ruhazat\/"},{"@type":"ListItem","position":5,"name":"Heated body warmer"}]},{"@type":"WebSite","@id":"https:\/\/magnetarmagnets.com\/hu\/#website","url":"https:\/\/magnetarmagnets.com\/hu\/","name":"Magnet fishing with a Magnetar fishing magnet","description":"Er\u0151s m\u00e1gnesek m\u00e1gneshorg\u00e1szathoz","publisher":{"@id":"https:\/\/magnetarmagnets.com\/hu\/#organization"},"potentialAction":[{"@type":"SearchAction","target":{"@type":"EntryPoint","urlTemplate":"https:\/\/magnetarmagnets.com\/hu\/?s={search_term_string}"},"query-input":{"@type":"PropertyValueSpecification","valueRequired":true,"valueName":"search_term_string"}}],"inLanguage":"hu"},{"@type":"Organization","@id":"https:\/\/magnetarmagnets.com\/hu\/#organization","name":"Magnetar","url":"https:\/\/magnetarmagnets.com\/hu\/","logo":{"@type":"ImageObject","inLanguage":"hu","@id":"https:\/\/magnetarmagnets.com\/hu\/#\/schema\/logo\/image\/","url":"https:\/\/magnetarmagnets.com\/wp-content\/uploads\/2025\/05\/Logo-03_PNG-Black-scaled.png","contentUrl":"https:\/\/magnetarmagnets.com\/wp-content\/uploads\/2025\/05\/Logo-03_PNG-Black-scaled.png","width":2560,"height":1658,"caption":"Magnetar"},"image":{"@id":"https:\/\/magnetarmagnets.com\/hu\/#\/schema\/logo\/image\/"},"sameAs":["https:\/\/www.facebook.com\/fishingmagnets\/","https:\/\/www.instagram.com\/magnetar_magnets\/","https:\/\/www.linkedin.com\/company\/magnetarbv\/?originalSubdomain=nl","https:\/\/www.youtube.com\/c\/MagnetarVismagneet"]}]}},"_links":{"self":[{"href":"https:\/\/magnetarmagnets.com\/hu\/wp-json\/wp\/v2\/product\/82680","targetHints":{"allow":["GET"]}}],"collection":[{"href":"https:\/\/magnetarmagnets.com\/hu\/wp-json\/wp\/v2\/product"}],"about":[{"href":"https:\/\/magnetarmagnets.com\/hu\/wp-json\/wp\/v2\/types\/product"}],"replies":[{"embeddable":true,"href":"https:\/\/magnetarmagnets.com\/hu\/wp-json\/wp\/v2\/comments?post=82680"}],"version-history":[{"count":0,"href":"https:\/\/magnetarmagnets.com\/hu\/wp-json\/wp\/v2\/product\/82680\/revisions"}],"wp:featuredmedia":[{"embeddable":true,"href":"https:\/\/magnetarmagnets.com\/hu\/wp-json\/wp\/v2\/media\/88112"}],"wp:attachment":[{"href":"https:\/\/magnetarmagnets.com\/hu\/wp-json\/wp\/v2\/media?parent=82680"}],"wp:term":[{"taxonomy":"product_brand","embeddable":true,"href":"https:\/\/magnetarmagnets.com\/hu\/wp-json\/wp\/v2\/product_brand?post=82680"},{"taxonomy":"product_cat","embeddable":true,"href":"https:\/\/magnetarmagnets.com\/hu\/wp-json\/wp\/v2\/product_cat?post=82680"},{"taxonomy":"product_tag","embeddable":true,"href":"https:\/\/magnetarmagnets.com\/hu\/wp-json\/wp\/v2\/product_tag?post=82680"}],"curies":[{"name":"wp","href":"https:\/\/api.w.org\/{rel}","templated":true}]}}