{"id":82672,"date":"2025-06-05T09:53:03","date_gmt":"2025-06-05T07:53:03","guid":{"rendered":"https:\/\/magnetarmagnets.com\/?post_type=product&#038;p=82672"},"modified":"2026-04-04T07:24:55","modified_gmt":"2026-04-04T05:24:55","slug":"magneses-horgaszbot-2-meter","status":"publish","type":"product","link":"https:\/\/magnetarmagnets.com\/hu\/shop\/magneses-horgaszbot-2-meter\/","title":{"rendered":"M\u00e1gneses horg\u00e1szbot \u2013 2 m\u00e9ter"},"content":{"rendered":"A \u201cLange Jan\u201d m\u00e1gneses horg\u00e1szt\u00fcske seg\u00edts\u00e9g\u00e9vel a m\u00e1gnes horg\u00e1szat sor\u00e1n olyan t\u00e1rgyakat is kiemelhetsz, amelyeket a zsin\u00f3r nem tud felemelni. A m\u00e1gneses horg\u00e1szt\u00fcsk\u00e9t k\u00f6nnyen sz\u00e9tszedheted, \u00edgy ak\u00e1r j\u00e1rm\u0171ben is egyszer\u0171 a sz\u00e1ll\u00edt\u00e1s.\n\n<strong>Lange Jan m\u00e1gneses horg\u00e1szt\u00fcske<\/strong>\n\nA \u201cLange Jan\u201d m\u00e1gneses horg\u00e1szt\u00fcske t\u00f6k\u00e9letes eszk\u00f6z a m\u00e9lyen fekv\u0151 t\u00e1rgyak el\u00e9r\u00e9s\u00e9hez. R\u00e9gi t\u00e1rgyak, p\u00e9ld\u00e1ul \u00e1gy\u00fagoly\u00f3k vagy II. vil\u00e1gh\u00e1bor\u00fas felszerel\u00e9sek az id\u0151 m\u00fal\u00e1s\u00e1val els\u00fcllyedhettek, vagy levelek \u00e9s \u00e1gak al\u00e1 ker\u00fclhettek. A m\u00e1gneses horg\u00e1szt\u00fcske seg\u00edts\u00e9g\u00e9vel olyan t\u00e1rgyakat is kiemelhetsz, amelyeket a zsin\u00f3r otthagyna.\n\n<strong>Kinek aj\u00e1nlott a Lange Jan m\u00e1gneses horg\u00e1szt\u00fcske?<\/strong>\n\nA Lange Jan m\u00e1gneses horg\u00e1szt\u00fcske a m\u00e1gnes horg\u00e1szat kezd\u0151knek \u00e9s halad\u00f3knak egyar\u00e1nt ide\u00e1lis. Alkalmas azoknak, akik be szeretn\u00e9nek mer\u00fclni a v\u00edzbe, vagy a part ment\u00e9n szeretn\u00e9nek sz\u00farni. A sz\u00far\u00e1ssal m\u00e9lyen fekv\u0151 t\u00e1rgyakat is el\u00e9rhetsz, amelyek gyakran kiv\u00e1l\u00f3 \u00e1llapotban vannak, mivel kevesebb oxig\u00e9nnel \u00e9rintkeztek. Nem kell tapasztalt horg\u00e1sznak lenned, ez a m\u00e1gneses horg\u00e1szt\u00fcske mindenki sz\u00e1m\u00e1ra alkalmas.\n\nNe felejtsd el megn\u00e9zni a <a href=\"https:\/\/magnetarmagnets.com\/\" target=\"_blank\" rel=\"noopener\">legjobb horg\u00e1sz m\u00e1gneseket<\/a> vagy a <a href=\"https:\/\/magnetarmagnets.com\/collections\/fishing-magnets\/magnet-fishing-kit\/\" target=\"_blank\" rel=\"noopener\">legjobb m\u00e1gneses horg\u00e1sz k\u00e9szleteket<\/a>.","protected":false},"excerpt":{"rendered":"<p>A Magnetar\u00ae <strong>m\u00e1gneses horg\u00e1szbotj\u00e1val<\/strong> <strong>pontosan<\/strong> c\u00e9lozhat a m\u00e9lyen fekv\u0151 kincsekre!<\/p>\n","protected":false},"featured_media":78677,"comment_status":"open","ping_status":"closed","template":"","meta":{"_acf_changed":false,"inline_featured_image":false},"product_brand":[],"product_cat":[536,537],"product_tag":[],"class_list":{"0":"post-82672","1":"product","2":"type-product","3":"status-publish","4":"has-post-thumbnail","6":"product_cat-felszereles","7":"product_cat-horgasz-magnes-felszereles","9":"first","10":"instock","11":"sale","12":"taxable","13":"shipping-taxable","14":"purchasable","15":"product-type-simple"},"acf":[],"yoast_head":"<!-- This site is optimized with the Yoast SEO plugin v27.3 - https:\/\/yoast.com\/product\/yoast-seo-wordpress\/ -->\n<title>M\u00e1gneses horg\u00e1szbot \u2013 2 m\u00e9ter - Magnet fishing with a Magnetar fishing magnet<\/title>\n<meta name=\"description\" content=\"A &#039;Lange Jan&#039; m\u00e1gneses horg\u00e1szbot seg\u00edts\u00e9g\u00e9vel olyan t\u00e1rgyakat is kiemelhetsz, amelyeket a zsin\u00f3r nem tud felemelni. A horg\u00e1szbot sz\u00e9tszedhet\u0151.\" \/>\n<meta name=\"robots\" content=\"index, follow, max-snippet:-1, max-image-preview:large, max-video-preview:-1\" \/>\n<link rel=\"canonical\" href=\"https:\/\/magnetarmagnets.com\/hu\/shop\/magneses-horgaszbot-2-meter\/\" \/>\n<meta property=\"og:locale\" content=\"hu_HU\" \/>\n<meta property=\"og:type\" content=\"article\" \/>\n<meta property=\"og:title\" content=\"M\u00e1gneses horg\u00e1szbot \u2013 2 m\u00e9ter - Magnet fishing with a Magnetar fishing magnet\" \/>\n<meta property=\"og:description\" content=\"A &#039;Lange Jan&#039; m\u00e1gneses horg\u00e1szbot seg\u00edts\u00e9g\u00e9vel olyan t\u00e1rgyakat is kiemelhetsz, amelyeket a zsin\u00f3r nem tud felemelni. A horg\u00e1szbot sz\u00e9tszedhet\u0151.\" \/>\n<meta property=\"og:url\" content=\"https:\/\/magnetarmagnets.com\/hu\/shop\/magneses-horgaszbot-2-meter\/\" \/>\n<meta property=\"og:site_name\" content=\"Magnet fishing with a Magnetar fishing magnet\" \/>\n<meta property=\"article:publisher\" content=\"https:\/\/www.facebook.com\/fishingmagnets\/\" \/>\n<meta property=\"article:modified_time\" content=\"2026-04-04T05:24:55+00:00\" \/>\n<meta property=\"og:image\" content=\"https:\/\/magnetarmagnets.com\/wp-content\/uploads\/2020\/12\/P1001679.jpg\" \/>\n\t<meta property=\"og:image:width\" content=\"1000\" \/>\n\t<meta property=\"og:image:height\" content=\"1000\" \/>\n\t<meta property=\"og:image:type\" content=\"image\/jpeg\" \/>\n<meta name=\"twitter:card\" content=\"summary_large_image\" \/>\n<meta name=\"twitter:label1\" content=\"Becs\u00fclt olvas\u00e1si id\u0151\" \/>\n\t<meta name=\"twitter:data1\" content=\"1 perc\" \/>\n<script type=\"application\/ld+json\" class=\"yoast-schema-graph\">{\"@context\":\"https:\\\/\\\/schema.org\",\"@graph\":[{\"@type\":[\"WebPage\",\"ItemPage\"],\"@id\":\"https:\\\/\\\/magnetarmagnets.com\\\/hu\\\/shop\\\/magneses-horgaszbot-2-meter\\\/\",\"url\":\"https:\\\/\\\/magnetarmagnets.com\\\/hu\\\/shop\\\/magneses-horgaszbot-2-meter\\\/\",\"name\":\"M\u00e1gneses horg\u00e1szbot \u2013 2 m\u00e9ter - Magnet fishing with a Magnetar fishing magnet\",\"isPartOf\":{\"@id\":\"https:\\\/\\\/magnetarmagnets.com\\\/hu\\\/#website\"},\"primaryImageOfPage\":{\"@id\":\"https:\\\/\\\/magnetarmagnets.com\\\/hu\\\/shop\\\/magneses-horgaszbot-2-meter\\\/#primaryimage\"},\"image\":{\"@id\":\"https:\\\/\\\/magnetarmagnets.com\\\/hu\\\/shop\\\/magneses-horgaszbot-2-meter\\\/#primaryimage\"},\"thumbnailUrl\":\"https:\\\/\\\/magnetarmagnets.com\\\/wp-content\\\/uploads\\\/2020\\\/12\\\/P1001679.jpg\",\"datePublished\":\"2025-06-05T07:53:03+00:00\",\"dateModified\":\"2026-04-04T05:24:55+00:00\",\"description\":\"A 'Lange Jan' m\u00e1gneses horg\u00e1szbot seg\u00edts\u00e9g\u00e9vel olyan t\u00e1rgyakat is kiemelhetsz, amelyeket a zsin\u00f3r nem tud felemelni. A horg\u00e1szbot sz\u00e9tszedhet\u0151.\",\"breadcrumb\":{\"@id\":\"https:\\\/\\\/magnetarmagnets.com\\\/hu\\\/shop\\\/magneses-horgaszbot-2-meter\\\/#breadcrumb\"},\"inLanguage\":\"hu\",\"potentialAction\":[{\"@type\":\"ReadAction\",\"target\":[\"https:\\\/\\\/magnetarmagnets.com\\\/hu\\\/shop\\\/magneses-horgaszbot-2-meter\\\/\"]}]},{\"@type\":\"ImageObject\",\"inLanguage\":\"hu\",\"@id\":\"https:\\\/\\\/magnetarmagnets.com\\\/hu\\\/shop\\\/magneses-horgaszbot-2-meter\\\/#primaryimage\",\"url\":\"https:\\\/\\\/magnetarmagnets.com\\\/wp-content\\\/uploads\\\/2020\\\/12\\\/P1001679.jpg\",\"contentUrl\":\"https:\\\/\\\/magnetarmagnets.com\\\/wp-content\\\/uploads\\\/2020\\\/12\\\/P1001679.jpg\",\"width\":1000,\"height\":1000,\"caption\":\"Magnetic Fishing Spike, The magnetic spike Lange Jan, magnetic prick stick,\"},{\"@type\":\"BreadcrumbList\",\"@id\":\"https:\\\/\\\/magnetarmagnets.com\\\/hu\\\/shop\\\/magneses-horgaszbot-2-meter\\\/#breadcrumb\",\"itemListElement\":[{\"@type\":\"ListItem\",\"position\":1,\"name\":\"Home\",\"item\":\"https:\\\/\\\/magnetarmagnets.com\\\/hu\\\/\"},{\"@type\":\"ListItem\",\"position\":2,\"name\":\"Webshop\",\"item\":\"https:\\\/\\\/magnetarmagnets.com\\\/webshop\\\/\"},{\"@type\":\"ListItem\",\"position\":3,\"name\":\"Felszerel\u00e9s\",\"item\":\"https:\\\/\\\/magnetarmagnets.com\\\/hu\\\/collections\\\/felszereles\\\/\"},{\"@type\":\"ListItem\",\"position\":4,\"name\":\"Horg\u00e1sz m\u00e1gnes felszerel\u00e9s\",\"item\":\"https:\\\/\\\/magnetarmagnets.com\\\/hu\\\/collections\\\/felszereles\\\/horgasz-magnes-felszereles\\\/\"},{\"@type\":\"ListItem\",\"position\":5,\"name\":\"M\u00e1gneses horg\u00e1szbot \u2013 2 m\u00e9ter\"}]},{\"@type\":\"WebSite\",\"@id\":\"https:\\\/\\\/magnetarmagnets.com\\\/hu\\\/#website\",\"url\":\"https:\\\/\\\/magnetarmagnets.com\\\/hu\\\/\",\"name\":\"Magnet fishing with a Magnetar fishing magnet\",\"description\":\"Er\u0151s m\u00e1gnesek m\u00e1gneshorg\u00e1szathoz\",\"publisher\":{\"@id\":\"https:\\\/\\\/magnetarmagnets.com\\\/hu\\\/#organization\"},\"potentialAction\":[{\"@type\":\"SearchAction\",\"target\":{\"@type\":\"EntryPoint\",\"urlTemplate\":\"https:\\\/\\\/magnetarmagnets.com\\\/hu\\\/?s={search_term_string}\"},\"query-input\":{\"@type\":\"PropertyValueSpecification\",\"valueRequired\":true,\"valueName\":\"search_term_string\"}}],\"inLanguage\":\"hu\"},{\"@type\":\"Organization\",\"@id\":\"https:\\\/\\\/magnetarmagnets.com\\\/hu\\\/#organization\",\"name\":\"Magnetar\",\"url\":\"https:\\\/\\\/magnetarmagnets.com\\\/hu\\\/\",\"logo\":{\"@type\":\"ImageObject\",\"inLanguage\":\"hu\",\"@id\":\"https:\\\/\\\/magnetarmagnets.com\\\/hu\\\/#\\\/schema\\\/logo\\\/image\\\/\",\"url\":\"https:\\\/\\\/magnetarmagnets.com\\\/wp-content\\\/uploads\\\/2025\\\/05\\\/Logo-03_PNG-Black-scaled.png\",\"contentUrl\":\"https:\\\/\\\/magnetarmagnets.com\\\/wp-content\\\/uploads\\\/2025\\\/05\\\/Logo-03_PNG-Black-scaled.png\",\"width\":2560,\"height\":1658,\"caption\":\"Magnetar\"},\"image\":{\"@id\":\"https:\\\/\\\/magnetarmagnets.com\\\/hu\\\/#\\\/schema\\\/logo\\\/image\\\/\"},\"sameAs\":[\"https:\\\/\\\/www.facebook.com\\\/fishingmagnets\\\/\",\"https:\\\/\\\/www.instagram.com\\\/magnetar_magnets\\\/\",\"https:\\\/\\\/www.linkedin.com\\\/company\\\/magnetarbv\\\/?originalSubdomain=nl\",\"https:\\\/\\\/www.youtube.com\\\/c\\\/MagnetarVismagneet\"]}]}<\/script>\n<!-- \/ Yoast SEO plugin. -->","yoast_head_json":{"title":"M\u00e1gneses horg\u00e1szbot \u2013 2 m\u00e9ter - Magnet fishing with a Magnetar fishing magnet","description":"A 'Lange Jan' m\u00e1gneses horg\u00e1szbot seg\u00edts\u00e9g\u00e9vel olyan t\u00e1rgyakat is kiemelhetsz, amelyeket a zsin\u00f3r nem tud felemelni. A horg\u00e1szbot sz\u00e9tszedhet\u0151.","robots":{"index":"index","follow":"follow","max-snippet":"max-snippet:-1","max-image-preview":"max-image-preview:large","max-video-preview":"max-video-preview:-1"},"canonical":"https:\/\/magnetarmagnets.com\/hu\/shop\/magneses-horgaszbot-2-meter\/","og_locale":"hu_HU","og_type":"article","og_title":"M\u00e1gneses horg\u00e1szbot \u2013 2 m\u00e9ter - Magnet fishing with a Magnetar fishing magnet","og_description":"A 'Lange Jan' m\u00e1gneses horg\u00e1szbot seg\u00edts\u00e9g\u00e9vel olyan t\u00e1rgyakat is kiemelhetsz, amelyeket a zsin\u00f3r nem tud felemelni. A horg\u00e1szbot sz\u00e9tszedhet\u0151.","og_url":"https:\/\/magnetarmagnets.com\/hu\/shop\/magneses-horgaszbot-2-meter\/","og_site_name":"Magnet fishing with a Magnetar fishing magnet","article_publisher":"https:\/\/www.facebook.com\/fishingmagnets\/","article_modified_time":"2026-04-04T05:24:55+00:00","og_image":[{"width":1000,"height":1000,"url":"https:\/\/magnetarmagnets.com\/wp-content\/uploads\/2020\/12\/P1001679.jpg","type":"image\/jpeg"}],"twitter_card":"summary_large_image","twitter_misc":{"Becs\u00fclt olvas\u00e1si id\u0151":"1 perc"},"schema":{"@context":"https:\/\/schema.org","@graph":[{"@type":["WebPage","ItemPage"],"@id":"https:\/\/magnetarmagnets.com\/hu\/shop\/magneses-horgaszbot-2-meter\/","url":"https:\/\/magnetarmagnets.com\/hu\/shop\/magneses-horgaszbot-2-meter\/","name":"M\u00e1gneses horg\u00e1szbot \u2013 2 m\u00e9ter - Magnet fishing with a Magnetar fishing magnet","isPartOf":{"@id":"https:\/\/magnetarmagnets.com\/hu\/#website"},"primaryImageOfPage":{"@id":"https:\/\/magnetarmagnets.com\/hu\/shop\/magneses-horgaszbot-2-meter\/#primaryimage"},"image":{"@id":"https:\/\/magnetarmagnets.com\/hu\/shop\/magneses-horgaszbot-2-meter\/#primaryimage"},"thumbnailUrl":"https:\/\/magnetarmagnets.com\/wp-content\/uploads\/2020\/12\/P1001679.jpg","datePublished":"2025-06-05T07:53:03+00:00","dateModified":"2026-04-04T05:24:55+00:00","description":"A 'Lange Jan' m\u00e1gneses horg\u00e1szbot seg\u00edts\u00e9g\u00e9vel olyan t\u00e1rgyakat is kiemelhetsz, amelyeket a zsin\u00f3r nem tud felemelni. A horg\u00e1szbot sz\u00e9tszedhet\u0151.","breadcrumb":{"@id":"https:\/\/magnetarmagnets.com\/hu\/shop\/magneses-horgaszbot-2-meter\/#breadcrumb"},"inLanguage":"hu","potentialAction":[{"@type":"ReadAction","target":["https:\/\/magnetarmagnets.com\/hu\/shop\/magneses-horgaszbot-2-meter\/"]}]},{"@type":"ImageObject","inLanguage":"hu","@id":"https:\/\/magnetarmagnets.com\/hu\/shop\/magneses-horgaszbot-2-meter\/#primaryimage","url":"https:\/\/magnetarmagnets.com\/wp-content\/uploads\/2020\/12\/P1001679.jpg","contentUrl":"https:\/\/magnetarmagnets.com\/wp-content\/uploads\/2020\/12\/P1001679.jpg","width":1000,"height":1000,"caption":"Magnetic Fishing Spike, The magnetic spike Lange Jan, magnetic prick stick,"},{"@type":"BreadcrumbList","@id":"https:\/\/magnetarmagnets.com\/hu\/shop\/magneses-horgaszbot-2-meter\/#breadcrumb","itemListElement":[{"@type":"ListItem","position":1,"name":"Home","item":"https:\/\/magnetarmagnets.com\/hu\/"},{"@type":"ListItem","position":2,"name":"Webshop","item":"https:\/\/magnetarmagnets.com\/webshop\/"},{"@type":"ListItem","position":3,"name":"Felszerel\u00e9s","item":"https:\/\/magnetarmagnets.com\/hu\/collections\/felszereles\/"},{"@type":"ListItem","position":4,"name":"Horg\u00e1sz m\u00e1gnes felszerel\u00e9s","item":"https:\/\/magnetarmagnets.com\/hu\/collections\/felszereles\/horgasz-magnes-felszereles\/"},{"@type":"ListItem","position":5,"name":"M\u00e1gneses horg\u00e1szbot \u2013 2 m\u00e9ter"}]},{"@type":"WebSite","@id":"https:\/\/magnetarmagnets.com\/hu\/#website","url":"https:\/\/magnetarmagnets.com\/hu\/","name":"Magnet fishing with a Magnetar fishing magnet","description":"Er\u0151s m\u00e1gnesek m\u00e1gneshorg\u00e1szathoz","publisher":{"@id":"https:\/\/magnetarmagnets.com\/hu\/#organization"},"potentialAction":[{"@type":"SearchAction","target":{"@type":"EntryPoint","urlTemplate":"https:\/\/magnetarmagnets.com\/hu\/?s={search_term_string}"},"query-input":{"@type":"PropertyValueSpecification","valueRequired":true,"valueName":"search_term_string"}}],"inLanguage":"hu"},{"@type":"Organization","@id":"https:\/\/magnetarmagnets.com\/hu\/#organization","name":"Magnetar","url":"https:\/\/magnetarmagnets.com\/hu\/","logo":{"@type":"ImageObject","inLanguage":"hu","@id":"https:\/\/magnetarmagnets.com\/hu\/#\/schema\/logo\/image\/","url":"https:\/\/magnetarmagnets.com\/wp-content\/uploads\/2025\/05\/Logo-03_PNG-Black-scaled.png","contentUrl":"https:\/\/magnetarmagnets.com\/wp-content\/uploads\/2025\/05\/Logo-03_PNG-Black-scaled.png","width":2560,"height":1658,"caption":"Magnetar"},"image":{"@id":"https:\/\/magnetarmagnets.com\/hu\/#\/schema\/logo\/image\/"},"sameAs":["https:\/\/www.facebook.com\/fishingmagnets\/","https:\/\/www.instagram.com\/magnetar_magnets\/","https:\/\/www.linkedin.com\/company\/magnetarbv\/?originalSubdomain=nl","https:\/\/www.youtube.com\/c\/MagnetarVismagneet"]}]}},"_links":{"self":[{"href":"https:\/\/magnetarmagnets.com\/hu\/wp-json\/wp\/v2\/product\/82672","targetHints":{"allow":["GET"]}}],"collection":[{"href":"https:\/\/magnetarmagnets.com\/hu\/wp-json\/wp\/v2\/product"}],"about":[{"href":"https:\/\/magnetarmagnets.com\/hu\/wp-json\/wp\/v2\/types\/product"}],"replies":[{"embeddable":true,"href":"https:\/\/magnetarmagnets.com\/hu\/wp-json\/wp\/v2\/comments?post=82672"}],"version-history":[{"count":1,"href":"https:\/\/magnetarmagnets.com\/hu\/wp-json\/wp\/v2\/product\/82672\/revisions"}],"predecessor-version":[{"id":95325,"href":"https:\/\/magnetarmagnets.com\/hu\/wp-json\/wp\/v2\/product\/82672\/revisions\/95325"}],"wp:featuredmedia":[{"embeddable":true,"href":"https:\/\/magnetarmagnets.com\/hu\/wp-json\/wp\/v2\/media\/78677"}],"wp:attachment":[{"href":"https:\/\/magnetarmagnets.com\/hu\/wp-json\/wp\/v2\/media?parent=82672"}],"wp:term":[{"taxonomy":"product_brand","embeddable":true,"href":"https:\/\/magnetarmagnets.com\/hu\/wp-json\/wp\/v2\/product_brand?post=82672"},{"taxonomy":"product_cat","embeddable":true,"href":"https:\/\/magnetarmagnets.com\/hu\/wp-json\/wp\/v2\/product_cat?post=82672"},{"taxonomy":"product_tag","embeddable":true,"href":"https:\/\/magnetarmagnets.com\/hu\/wp-json\/wp\/v2\/product_tag?post=82672"}],"curies":[{"name":"wp","href":"https:\/\/api.w.org\/{rel}","templated":true}]}}