{"id":82666,"date":"2025-06-05T09:53:03","date_gmt":"2025-06-05T07:53:03","guid":{"rendered":"https:\/\/magnetarmagnets.com\/?post_type=product&#038;p=82666"},"modified":"2026-04-05T06:18:32","modified_gmt":"2026-04-05T04:18:32","slug":"megacube-magnes-horgasz-szett-2700-kg-360-blokk-magnes","status":"publish","type":"product","link":"https:\/\/magnetarmagnets.com\/hu\/shop\/megacube-magnes-horgasz-szett-2700-kg-360-blokk-magnes\/","title":{"rendered":"MEGACUBE\u2122 m\u00e1gnes horg\u00e1sz szett \u2013 2700 kg \u2013 360\u00b0 blokk m\u00e1gnes"},"content":{"rendered":"A MEGACUBE\u2122 a vil\u00e1g leger\u0151sebb horg\u00e1sz m\u00e1gnes! 6 \u00d7 1000 lb \/ 450 kg m\u00e1gneses \u00e9rintkez\u00e9si fel\u00fclet\u00e9vel <strong>legjobb es\u00e9lyeid<\/strong> vannak a kifog\u00e1sra. Kocka alak\u00fa horg\u00e1sz m\u00e1gnes\u00fcnk a professzion\u00e1lis m\u00e1gneshorg\u00e1sz legjobb v\u00e1laszt\u00e1sa.\n\n<h2>Mi\u00e9rt v\u00e1lassza a MEGACUBE\u2122-et?<\/h2>\n\nSz\u00e1mos er\u0151s horg\u00e1sz m\u00e1gnes l\u00e9tezik. Mi\u00e9rt v\u00e1lassza akkor a Magnetar MEGACUBE\u2122-j\u00e9t egy <a href=\"https:\/\/magnetarmagnets.com\/collections\/fishing-magnets\/single-sided-classic\/\">egoldal\u00fa<\/a>, <a href=\"https:\/\/magnetarmagnets.com\/double-sided-fishing-magnet\/\">k\u00e9toldalas<\/a> vagy <a href=\"https:\/\/magnetarmagnets.com\/collections\/fishing-magnets\/allround-magnets-360\/\">360\u00b0-os<\/a> horg\u00e1sz m\u00e1gnes helyett?\n\n<ul>\n\n    <li><strong>Nagyobb es\u00e9ly a kifog\u00e1sra<\/strong>: a MEGACUBE\u2122 hat oldalon m\u00e1gneses. Ez t\u00f6bb, mint egy 360\u00b0-os horg\u00e1sz m\u00e1gnes, \u00e9s jelent\u0151sen nagyobb m\u00e1gneses teret hoz l\u00e9tre;<\/li>\n\n    <li><strong>Kialak\u00edt\u00e1s<\/strong>: a hat egyenes fel\u00fclet nagyobb tapad\u00e1st biztos\u00edt, mint a kerek m\u00e1gnesek. Ez n\u00f6veli az es\u00e9ly\u00e9t, hogy v\u00edzb\u0151l \u00e9rt\u00e9kes t\u00e1rgyakat, p\u00e9ld\u00e1ul sz\u00e9feket h\u00fazzon ki;<\/li>\n\n    <li><strong>Elpuszt\u00edthatatlan<\/strong>: m\u00e1s neod\u00edmium horg\u00e1sz m\u00e1gnesekkel ellent\u00e9tben ez a blokk m\u00e1gnes 100%-ig v\u00e9dett. R\u00e1ad\u00e1sul megtartja a teljes h\u00faz\u00f3erej\u00e9t;<\/li>\n\n    <li><strong>Hosszabb vonz\u00f3 t\u00e1vols\u00e1g<\/strong>: a vonz\u00f3 t\u00e1vols\u00e1g leny\u0171g\u00f6z\u0151 22,5 cm (9 h\u00fcvelyk), ami jelent\u0151sen nagyobb, mint m\u00e1s horg\u00e1sz m\u00e1gnesek\u00e9;<\/li>\n\n    <li><strong>Azonnal haszn\u00e1latra k\u00e9sz<\/strong>: teljesen \u00f6sszeszerelve, ragasztva \u00e9s r\u00f6gz\u00edtve. A MEGACUBE\u2122 azonnal haszn\u00e1latra k\u00e9sz;<\/li>\n\n    <li><strong>Teljes felszerelts\u00e9g<\/strong>: a MEGACUBE\u2122 er\u0151s tokkal, <a href=\"https:\/\/magnetarmagnets.com\/shop\/magnet-fishing-rope\/\">10 mm-es k\u00f6t\u00e9llal<\/a> \u00e9s <a href=\"https:\/\/magnetarmagnets.com\/shop\/magnet-fishing-glove\/\">keszty\u0171vel<\/a> \u00e9rkezik.<\/li>\n\n<\/ul>\n\n<h2>Forradalmi \u00e1tt\u00f6r\u00e9s a m\u00e1gneshorg\u00e1szat vil\u00e1g\u00e1ban<\/h2>\n\nA MEGACUBE\u2122 p\u00e1ratlan. Egyetlen m\u00e1sik horg\u00e1sz m\u00e1gnes sem \u00e9r a k\u00f6zel\u00e9be. Legf\u0151bb jellemz\u0151i a 360\u00b0-os vonz\u00f3er\u0151, a hat m\u00e1gneses \u00e9rintkez\u00e9si fel\u00fclet, a tart\u00f3ss\u00e1g \u00e9s a hatalmas vonz\u00f3 t\u00e1vols\u00e1g. Ez a 3\u00d73\u00d73 h\u00fcvelyk (74\u00d774\u00d774 mm) m\u00e9ret\u0171 er\u0151m\u00e1gnes kiemelked\u0151 m\u00e9retekkel rendelkezik. A 22,5 cm (9 h\u00fcvelyk) vonz\u00f3 t\u00e1vols\u00e1g \u00e9s az \u00f6sszesen 6000 lb \/ 2700 kg h\u00faz\u00f3er\u0151 garant\u00e1lja, hogy minden kincset kiemelhessen a tengerfen\u00e9kr\u0151l.\n\n<h2>Figyelem!<\/h2>\n\nNeod\u00edmium m\u00e1gnes\u00fcnk rendk\u00edv\u00fcl er\u0151s. Ennek k\u00f6vetkezt\u00e9ben a k\u00f6zelben l\u00e9v\u0151 vas t\u00e1rgyak nagy sebess\u00e9ggel vonszol\u00f3dhatnak a horg\u00e1sz m\u00e1gnesek fel\u00e9. Bizonyos esetekben az ujj beszorulhat a m\u00e1gnes \u00e9s a t\u00e1rgy k\u00f6z\u00e9. Ez\u00e9rt mindig \u00f3vatosan kezelje a m\u00e1gneseket, \u00e9s saj\u00e1t felel\u0151ss\u00e9g\u00e9re haszn\u00e1lja \u0151ket. Haszn\u00e1lat el\u0151tt olvassa el a biztons\u00e1gi figyelmeztet\u00e9seket.\n\n*Ez a term\u00e9k nem alkalmas gyermekeknek.*\n\n&nbsp;\n\n<p class=\"x_elementToProof\" data-ogsb=\"rgb(255, 255, 255)\"><em>Regisztr\u00e1lt k\u00f6z\u00f6ss\u00e9gi formatervez\u00e9si minta oltalom alatt (015054920-0001 \/ -0004)<\/em><\/p>","protected":false},"excerpt":{"rendered":"<p>A MEGACUBE\u2122 horg\u00e1sz m\u00e1gnes. <strong>m\u00e1gnes horg\u00e1szat<\/strong> 6\u00d7 nagyobb er\u0151vel. Eredm\u00e9ny. \u00c9lm\u00e9ny!<\/p>\n<p>A <strong>vil\u00e1g leger\u0151sebb m\u00e1gnes\u00e9t<\/strong> <strong>teljes<\/strong> professzion\u00e1lis tokban, k\u00f6t\u00e9llel \u00e9s keszty\u0171vel sz\u00e1ll\u00edtjuk.<\/p>\n","protected":false},"featured_media":74201,"comment_status":"open","ping_status":"closed","template":"","meta":{"_acf_changed":false,"inline_featured_image":false},"product_brand":[],"product_cat":[529,534,528,530,543],"product_tag":[],"class_list":{"0":"post-82666","1":"product","2":"type-product","3":"status-publish","4":"has-post-thumbnail","6":"product_cat-blokk-horgasz-magnesek-360","7":"product_cat-horgasz-magnes-keszlet","8":"product_cat-horgasz-magnesek","9":"product_cat-legerosebb-horgasz-magnesek","10":"product_cat-profik","12":"first","13":"instock","14":"taxable","15":"shipping-taxable","16":"purchasable","17":"product-type-simple"},"acf":[],"yoast_head":"<!-- This site is optimized with the Yoast SEO plugin v27.3 - https:\/\/yoast.com\/product\/yoast-seo-wordpress\/ -->\n<title>MEGACUBE\u2122 k\u00e9szlet \u2013 6000 lb \/ 2700 kg \u2013 360\u00b0 blokk m\u00e1gnes - Magnet fishing with a Magnetar fishing magnet<\/title>\n<meta name=\"description\" content=\"A MEGACUBE\u2122 a vil\u00e1g leger\u0151sebb horg\u00e1sz m\u00e1gnes. Ez a kocka k\u00e9sz csomagban \u00e9rkezik. A legjobb v\u00e1laszt\u00e1s a m\u00e1gnes horg\u00e1szat sz\u00e1m\u00e1ra.\" \/>\n<meta name=\"robots\" content=\"index, follow, max-snippet:-1, max-image-preview:large, max-video-preview:-1\" \/>\n<link rel=\"canonical\" href=\"https:\/\/magnetarmagnets.com\/hu\/shop\/megacube-magnes-horgasz-szett-2700-kg-360-blokk-magnes\/\" \/>\n<meta property=\"og:locale\" content=\"hu_HU\" \/>\n<meta property=\"og:type\" content=\"article\" \/>\n<meta property=\"og:title\" content=\"MEGACUBE\u2122 k\u00e9szlet \u2013 6000 lb \/ 2700 kg \u2013 360\u00b0 blokk m\u00e1gnes - Magnet fishing with a Magnetar fishing magnet\" \/>\n<meta property=\"og:description\" content=\"A MEGACUBE\u2122 a vil\u00e1g leger\u0151sebb horg\u00e1sz m\u00e1gnes. Ez a kocka k\u00e9sz csomagban \u00e9rkezik. A legjobb v\u00e1laszt\u00e1s a m\u00e1gnes horg\u00e1szat sz\u00e1m\u00e1ra.\" \/>\n<meta property=\"og:url\" content=\"https:\/\/magnetarmagnets.com\/hu\/shop\/megacube-magnes-horgasz-szett-2700-kg-360-blokk-magnes\/\" \/>\n<meta property=\"og:site_name\" content=\"Magnet fishing with a Magnetar fishing magnet\" \/>\n<meta property=\"article:publisher\" content=\"https:\/\/www.facebook.com\/fishingmagnets\/\" \/>\n<meta property=\"article:modified_time\" content=\"2026-04-05T04:18:32+00:00\" \/>\n<meta property=\"og:image\" content=\"https:\/\/magnetarmagnets.com\/wp-content\/uploads\/2024\/04\/3.png\" \/>\n\t<meta property=\"og:image:width\" content=\"1500\" \/>\n\t<meta property=\"og:image:height\" content=\"1500\" \/>\n\t<meta property=\"og:image:type\" content=\"image\/png\" \/>\n<meta name=\"twitter:card\" content=\"summary_large_image\" \/>\n<meta name=\"twitter:label1\" content=\"Becs\u00fclt olvas\u00e1si id\u0151\" \/>\n\t<meta name=\"twitter:data1\" content=\"2 perc\" \/>\n<script type=\"application\/ld+json\" class=\"yoast-schema-graph\">{\"@context\":\"https:\\\/\\\/schema.org\",\"@graph\":[{\"@type\":[\"WebPage\",\"ItemPage\"],\"@id\":\"https:\\\/\\\/magnetarmagnets.com\\\/hu\\\/shop\\\/megacube-magnes-horgasz-szett-2700-kg-360-blokk-magnes\\\/\",\"url\":\"https:\\\/\\\/magnetarmagnets.com\\\/hu\\\/shop\\\/megacube-magnes-horgasz-szett-2700-kg-360-blokk-magnes\\\/\",\"name\":\"MEGACUBE\u2122 k\u00e9szlet \u2013 6000 lb \\\/ 2700 kg \u2013 360\u00b0 blokk m\u00e1gnes - Magnet fishing with a Magnetar fishing magnet\",\"isPartOf\":{\"@id\":\"https:\\\/\\\/magnetarmagnets.com\\\/hu\\\/#website\"},\"primaryImageOfPage\":{\"@id\":\"https:\\\/\\\/magnetarmagnets.com\\\/hu\\\/shop\\\/megacube-magnes-horgasz-szett-2700-kg-360-blokk-magnes\\\/#primaryimage\"},\"image\":{\"@id\":\"https:\\\/\\\/magnetarmagnets.com\\\/hu\\\/shop\\\/megacube-magnes-horgasz-szett-2700-kg-360-blokk-magnes\\\/#primaryimage\"},\"thumbnailUrl\":\"https:\\\/\\\/magnetarmagnets.com\\\/wp-content\\\/uploads\\\/2024\\\/04\\\/3.png\",\"datePublished\":\"2025-06-05T07:53:03+00:00\",\"dateModified\":\"2026-04-05T04:18:32+00:00\",\"description\":\"A MEGACUBE\u2122 a vil\u00e1g leger\u0151sebb horg\u00e1sz m\u00e1gnes. Ez a kocka k\u00e9sz csomagban \u00e9rkezik. A legjobb v\u00e1laszt\u00e1s a m\u00e1gnes horg\u00e1szat sz\u00e1m\u00e1ra.\",\"breadcrumb\":{\"@id\":\"https:\\\/\\\/magnetarmagnets.com\\\/hu\\\/shop\\\/megacube-magnes-horgasz-szett-2700-kg-360-blokk-magnes\\\/#breadcrumb\"},\"inLanguage\":\"hu\",\"potentialAction\":[{\"@type\":\"ReadAction\",\"target\":[\"https:\\\/\\\/magnetarmagnets.com\\\/hu\\\/shop\\\/megacube-magnes-horgasz-szett-2700-kg-360-blokk-magnes\\\/\"]}]},{\"@type\":\"ImageObject\",\"inLanguage\":\"hu\",\"@id\":\"https:\\\/\\\/magnetarmagnets.com\\\/hu\\\/shop\\\/megacube-magnes-horgasz-szett-2700-kg-360-blokk-magnes\\\/#primaryimage\",\"url\":\"https:\\\/\\\/magnetarmagnets.com\\\/wp-content\\\/uploads\\\/2024\\\/04\\\/3.png\",\"contentUrl\":\"https:\\\/\\\/magnetarmagnets.com\\\/wp-content\\\/uploads\\\/2024\\\/04\\\/3.png\",\"width\":1500,\"height\":1500,\"caption\":\"MEGACUBE KIT\"},{\"@type\":\"BreadcrumbList\",\"@id\":\"https:\\\/\\\/magnetarmagnets.com\\\/hu\\\/shop\\\/megacube-magnes-horgasz-szett-2700-kg-360-blokk-magnes\\\/#breadcrumb\",\"itemListElement\":[{\"@type\":\"ListItem\",\"position\":1,\"name\":\"Home\",\"item\":\"https:\\\/\\\/magnetarmagnets.com\\\/hu\\\/\"},{\"@type\":\"ListItem\",\"position\":2,\"name\":\"Webshop\",\"item\":\"https:\\\/\\\/magnetarmagnets.com\\\/webshop\\\/\"},{\"@type\":\"ListItem\",\"position\":3,\"name\":\"Horg\u00e1sz m\u00e1gnesek\",\"item\":\"https:\\\/\\\/magnetarmagnets.com\\\/hu\\\/collections\\\/horgasz-magnesek\\\/\"},{\"@type\":\"ListItem\",\"position\":4,\"name\":\"Blokk horg\u00e1sz m\u00e1gnesek 360\u00b0\",\"item\":\"https:\\\/\\\/magnetarmagnets.com\\\/hu\\\/collections\\\/horgasz-magnesek\\\/blokk-horgasz-magnesek-360\\\/\"},{\"@type\":\"ListItem\",\"position\":5,\"name\":\"MEGACUBE\u2122 m\u00e1gnes horg\u00e1sz szett \u2013 2700 kg \u2013 360\u00b0 blokk m\u00e1gnes\"}]},{\"@type\":\"WebSite\",\"@id\":\"https:\\\/\\\/magnetarmagnets.com\\\/hu\\\/#website\",\"url\":\"https:\\\/\\\/magnetarmagnets.com\\\/hu\\\/\",\"name\":\"Magnet fishing with a Magnetar fishing magnet\",\"description\":\"Er\u0151s m\u00e1gnesek m\u00e1gneshorg\u00e1szathoz\",\"publisher\":{\"@id\":\"https:\\\/\\\/magnetarmagnets.com\\\/hu\\\/#organization\"},\"potentialAction\":[{\"@type\":\"SearchAction\",\"target\":{\"@type\":\"EntryPoint\",\"urlTemplate\":\"https:\\\/\\\/magnetarmagnets.com\\\/hu\\\/?s={search_term_string}\"},\"query-input\":{\"@type\":\"PropertyValueSpecification\",\"valueRequired\":true,\"valueName\":\"search_term_string\"}}],\"inLanguage\":\"hu\"},{\"@type\":\"Organization\",\"@id\":\"https:\\\/\\\/magnetarmagnets.com\\\/hu\\\/#organization\",\"name\":\"Magnetar\",\"url\":\"https:\\\/\\\/magnetarmagnets.com\\\/hu\\\/\",\"logo\":{\"@type\":\"ImageObject\",\"inLanguage\":\"hu\",\"@id\":\"https:\\\/\\\/magnetarmagnets.com\\\/hu\\\/#\\\/schema\\\/logo\\\/image\\\/\",\"url\":\"https:\\\/\\\/magnetarmagnets.com\\\/wp-content\\\/uploads\\\/2025\\\/05\\\/Logo-03_PNG-Black-scaled.png\",\"contentUrl\":\"https:\\\/\\\/magnetarmagnets.com\\\/wp-content\\\/uploads\\\/2025\\\/05\\\/Logo-03_PNG-Black-scaled.png\",\"width\":2560,\"height\":1658,\"caption\":\"Magnetar\"},\"image\":{\"@id\":\"https:\\\/\\\/magnetarmagnets.com\\\/hu\\\/#\\\/schema\\\/logo\\\/image\\\/\"},\"sameAs\":[\"https:\\\/\\\/www.facebook.com\\\/fishingmagnets\\\/\",\"https:\\\/\\\/www.instagram.com\\\/magnetar_magnets\\\/\",\"https:\\\/\\\/www.linkedin.com\\\/company\\\/magnetarbv\\\/?originalSubdomain=nl\",\"https:\\\/\\\/www.youtube.com\\\/c\\\/MagnetarVismagneet\"]}]}<\/script>\n<!-- \/ Yoast SEO plugin. -->","yoast_head_json":{"title":"MEGACUBE\u2122 k\u00e9szlet \u2013 6000 lb \/ 2700 kg \u2013 360\u00b0 blokk m\u00e1gnes - Magnet fishing with a Magnetar fishing magnet","description":"A MEGACUBE\u2122 a vil\u00e1g leger\u0151sebb horg\u00e1sz m\u00e1gnes. Ez a kocka k\u00e9sz csomagban \u00e9rkezik. A legjobb v\u00e1laszt\u00e1s a m\u00e1gnes horg\u00e1szat sz\u00e1m\u00e1ra.","robots":{"index":"index","follow":"follow","max-snippet":"max-snippet:-1","max-image-preview":"max-image-preview:large","max-video-preview":"max-video-preview:-1"},"canonical":"https:\/\/magnetarmagnets.com\/hu\/shop\/megacube-magnes-horgasz-szett-2700-kg-360-blokk-magnes\/","og_locale":"hu_HU","og_type":"article","og_title":"MEGACUBE\u2122 k\u00e9szlet \u2013 6000 lb \/ 2700 kg \u2013 360\u00b0 blokk m\u00e1gnes - Magnet fishing with a Magnetar fishing magnet","og_description":"A MEGACUBE\u2122 a vil\u00e1g leger\u0151sebb horg\u00e1sz m\u00e1gnes. Ez a kocka k\u00e9sz csomagban \u00e9rkezik. A legjobb v\u00e1laszt\u00e1s a m\u00e1gnes horg\u00e1szat sz\u00e1m\u00e1ra.","og_url":"https:\/\/magnetarmagnets.com\/hu\/shop\/megacube-magnes-horgasz-szett-2700-kg-360-blokk-magnes\/","og_site_name":"Magnet fishing with a Magnetar fishing magnet","article_publisher":"https:\/\/www.facebook.com\/fishingmagnets\/","article_modified_time":"2026-04-05T04:18:32+00:00","og_image":[{"width":1500,"height":1500,"url":"https:\/\/magnetarmagnets.com\/wp-content\/uploads\/2024\/04\/3.png","type":"image\/png"}],"twitter_card":"summary_large_image","twitter_misc":{"Becs\u00fclt olvas\u00e1si id\u0151":"2 perc"},"schema":{"@context":"https:\/\/schema.org","@graph":[{"@type":["WebPage","ItemPage"],"@id":"https:\/\/magnetarmagnets.com\/hu\/shop\/megacube-magnes-horgasz-szett-2700-kg-360-blokk-magnes\/","url":"https:\/\/magnetarmagnets.com\/hu\/shop\/megacube-magnes-horgasz-szett-2700-kg-360-blokk-magnes\/","name":"MEGACUBE\u2122 k\u00e9szlet \u2013 6000 lb \/ 2700 kg \u2013 360\u00b0 blokk m\u00e1gnes - Magnet fishing with a Magnetar fishing magnet","isPartOf":{"@id":"https:\/\/magnetarmagnets.com\/hu\/#website"},"primaryImageOfPage":{"@id":"https:\/\/magnetarmagnets.com\/hu\/shop\/megacube-magnes-horgasz-szett-2700-kg-360-blokk-magnes\/#primaryimage"},"image":{"@id":"https:\/\/magnetarmagnets.com\/hu\/shop\/megacube-magnes-horgasz-szett-2700-kg-360-blokk-magnes\/#primaryimage"},"thumbnailUrl":"https:\/\/magnetarmagnets.com\/wp-content\/uploads\/2024\/04\/3.png","datePublished":"2025-06-05T07:53:03+00:00","dateModified":"2026-04-05T04:18:32+00:00","description":"A MEGACUBE\u2122 a vil\u00e1g leger\u0151sebb horg\u00e1sz m\u00e1gnes. Ez a kocka k\u00e9sz csomagban \u00e9rkezik. A legjobb v\u00e1laszt\u00e1s a m\u00e1gnes horg\u00e1szat sz\u00e1m\u00e1ra.","breadcrumb":{"@id":"https:\/\/magnetarmagnets.com\/hu\/shop\/megacube-magnes-horgasz-szett-2700-kg-360-blokk-magnes\/#breadcrumb"},"inLanguage":"hu","potentialAction":[{"@type":"ReadAction","target":["https:\/\/magnetarmagnets.com\/hu\/shop\/megacube-magnes-horgasz-szett-2700-kg-360-blokk-magnes\/"]}]},{"@type":"ImageObject","inLanguage":"hu","@id":"https:\/\/magnetarmagnets.com\/hu\/shop\/megacube-magnes-horgasz-szett-2700-kg-360-blokk-magnes\/#primaryimage","url":"https:\/\/magnetarmagnets.com\/wp-content\/uploads\/2024\/04\/3.png","contentUrl":"https:\/\/magnetarmagnets.com\/wp-content\/uploads\/2024\/04\/3.png","width":1500,"height":1500,"caption":"MEGACUBE KIT"},{"@type":"BreadcrumbList","@id":"https:\/\/magnetarmagnets.com\/hu\/shop\/megacube-magnes-horgasz-szett-2700-kg-360-blokk-magnes\/#breadcrumb","itemListElement":[{"@type":"ListItem","position":1,"name":"Home","item":"https:\/\/magnetarmagnets.com\/hu\/"},{"@type":"ListItem","position":2,"name":"Webshop","item":"https:\/\/magnetarmagnets.com\/webshop\/"},{"@type":"ListItem","position":3,"name":"Horg\u00e1sz m\u00e1gnesek","item":"https:\/\/magnetarmagnets.com\/hu\/collections\/horgasz-magnesek\/"},{"@type":"ListItem","position":4,"name":"Blokk horg\u00e1sz m\u00e1gnesek 360\u00b0","item":"https:\/\/magnetarmagnets.com\/hu\/collections\/horgasz-magnesek\/blokk-horgasz-magnesek-360\/"},{"@type":"ListItem","position":5,"name":"MEGACUBE\u2122 m\u00e1gnes horg\u00e1sz szett \u2013 2700 kg \u2013 360\u00b0 blokk m\u00e1gnes"}]},{"@type":"WebSite","@id":"https:\/\/magnetarmagnets.com\/hu\/#website","url":"https:\/\/magnetarmagnets.com\/hu\/","name":"Magnet fishing with a Magnetar fishing magnet","description":"Er\u0151s m\u00e1gnesek m\u00e1gneshorg\u00e1szathoz","publisher":{"@id":"https:\/\/magnetarmagnets.com\/hu\/#organization"},"potentialAction":[{"@type":"SearchAction","target":{"@type":"EntryPoint","urlTemplate":"https:\/\/magnetarmagnets.com\/hu\/?s={search_term_string}"},"query-input":{"@type":"PropertyValueSpecification","valueRequired":true,"valueName":"search_term_string"}}],"inLanguage":"hu"},{"@type":"Organization","@id":"https:\/\/magnetarmagnets.com\/hu\/#organization","name":"Magnetar","url":"https:\/\/magnetarmagnets.com\/hu\/","logo":{"@type":"ImageObject","inLanguage":"hu","@id":"https:\/\/magnetarmagnets.com\/hu\/#\/schema\/logo\/image\/","url":"https:\/\/magnetarmagnets.com\/wp-content\/uploads\/2025\/05\/Logo-03_PNG-Black-scaled.png","contentUrl":"https:\/\/magnetarmagnets.com\/wp-content\/uploads\/2025\/05\/Logo-03_PNG-Black-scaled.png","width":2560,"height":1658,"caption":"Magnetar"},"image":{"@id":"https:\/\/magnetarmagnets.com\/hu\/#\/schema\/logo\/image\/"},"sameAs":["https:\/\/www.facebook.com\/fishingmagnets\/","https:\/\/www.instagram.com\/magnetar_magnets\/","https:\/\/www.linkedin.com\/company\/magnetarbv\/?originalSubdomain=nl","https:\/\/www.youtube.com\/c\/MagnetarVismagneet"]}]}},"_links":{"self":[{"href":"https:\/\/magnetarmagnets.com\/hu\/wp-json\/wp\/v2\/product\/82666","targetHints":{"allow":["GET"]}}],"collection":[{"href":"https:\/\/magnetarmagnets.com\/hu\/wp-json\/wp\/v2\/product"}],"about":[{"href":"https:\/\/magnetarmagnets.com\/hu\/wp-json\/wp\/v2\/types\/product"}],"replies":[{"embeddable":true,"href":"https:\/\/magnetarmagnets.com\/hu\/wp-json\/wp\/v2\/comments?post=82666"}],"version-history":[{"count":1,"href":"https:\/\/magnetarmagnets.com\/hu\/wp-json\/wp\/v2\/product\/82666\/revisions"}],"predecessor-version":[{"id":95167,"href":"https:\/\/magnetarmagnets.com\/hu\/wp-json\/wp\/v2\/product\/82666\/revisions\/95167"}],"wp:featuredmedia":[{"embeddable":true,"href":"https:\/\/magnetarmagnets.com\/hu\/wp-json\/wp\/v2\/media\/74201"}],"wp:attachment":[{"href":"https:\/\/magnetarmagnets.com\/hu\/wp-json\/wp\/v2\/media?parent=82666"}],"wp:term":[{"taxonomy":"product_brand","embeddable":true,"href":"https:\/\/magnetarmagnets.com\/hu\/wp-json\/wp\/v2\/product_brand?post=82666"},{"taxonomy":"product_cat","embeddable":true,"href":"https:\/\/magnetarmagnets.com\/hu\/wp-json\/wp\/v2\/product_cat?post=82666"},{"taxonomy":"product_tag","embeddable":true,"href":"https:\/\/magnetarmagnets.com\/hu\/wp-json\/wp\/v2\/product_tag?post=82666"}],"curies":[{"name":"wp","href":"https:\/\/api.w.org\/{rel}","templated":true}]}}