{"id":82665,"date":"2025-06-05T09:53:03","date_gmt":"2025-06-05T07:53:03","guid":{"rendered":"https:\/\/magnetarmagnets.com\/?post_type=product&#038;p=82665"},"modified":"2026-04-07T17:59:38","modified_gmt":"2026-04-07T15:59:38","slug":"cube-magnes-horgasz-szett-1350-kg-360-blokk-magnes","status":"publish","type":"product","link":"https:\/\/magnetarmagnets.com\/hu\/shop\/cube-magnes-horgasz-szett-1350-kg-360-blokk-magnes\/","title":{"rendered":"CUBE\u2122 m\u00e1gnes horg\u00e1sz szett \u2013 1350 kg \u2013 360\u00b0 blokk m\u00e1gnes"},"content":{"rendered":"A CUBE\u2122 a vil\u00e1g <strong>leghat\u00e9konyabb<\/strong> horg\u00e1sz m\u00e1gnesei k\u00f6z\u00e9 tartozik. Hat er\u0151s m\u00e1gneses \u00e9rintkez\u00e9si fel\u00fclet\u00e9vel a <strong>fog\u00e1si es\u00e9lyei jelent\u0151sen megn\u0151nek<\/strong>. Blokk m\u00e1gnes\u00fcnk kiv\u00e1l\u00f3 opci\u00f3 a profi m\u00e1gneshorg\u00e1szok sz\u00e1m\u00e1ra. M\u00e9g nagyobb er\u0151t keres? Tekintse meg a <a href=\"https:\/\/magnetarmagnets.com\/shop\/megacube\/\">MEGACUBE\u2122<\/a>.\n\n<h2>Mi\u00e9rt v\u00e1lassza a CUBE\u2122-et?<\/h2>\n\nRengeteg er\u0151s horg\u00e1sz m\u00e1gnes kaphat\u00f3. Akkor mi\u00e9rt v\u00e1lassza a CUBE\u2122-et egy <a href=\"https:\/\/magnetarmagnets.com\/collections\/fishing-magnets\/single-sided-classic\/\">egylapos<\/a>, <a href=\"https:\/\/magnetarmagnets.com\/double-sided-fishing-magnet\/\">k\u00e9tszeres<\/a> vagy <a href=\"https:\/\/magnetarmagnets.com\/collections\/fishing-magnets\/allround-magnets-360\/\">360\u00b0-os t\u00f6bboldalas<\/a> m\u00e1gnes helyett?\n\n<ul>\n  <li><strong>Nagyobb fog\u00e1si es\u00e9lyek<\/strong>: a CUBE\u2122 mind a hat oldal\u00e1n m\u00e1gneses, ezzel l\u00e9nyegesen nagyobb m\u00e1gneses teret hoz l\u00e9tre;<\/li>\n  <li><strong>Kialak\u00edt\u00e1s<\/strong>: a hat s\u00edk fel\u00fclet jobb tapad\u00e1st biztos\u00edt, n\u00f6velve az es\u00e9ly\u00e9t, hogy p\u00e1nc\u00e9los l\u00e1d\u00e1kat emeljen ki a v\u00edzb\u0151l;<\/li>\n  <li><strong>Elpuszt\u00edthatatlan<\/strong>: m\u00e1s neod\u00edmium m\u00e1gnesekkel ellent\u00e9tben ez a blokk m\u00e1gnes 100%-ban v\u00e9dett, \u00e9s teljes h\u00faz\u00f3erej\u00e9t meg\u0151rzi;<\/li>\n  <li><strong>Nagyobb vonz\u00f3 t\u00e1vols\u00e1g<\/strong>: az elk\u00e9peszt\u0151 17 cm-es t\u00e1vols\u00e1g j\u00f3val meghaladja m\u00e1s horg\u00e1sz m\u00e1gnesek\u00e9t;<\/li>\n  <li><strong>K\u00e9sz haszn\u00e1latra<\/strong>: teljesen \u00f6sszeszerelve, ragasztva \u00e9s r\u00f6gz\u00edtve \u00e9rkezik. A CUBE\u2122 azonnal bevethet\u0151;<\/li>\n  <li><strong>Teljes<\/strong>: professzion\u00e1lis tokot, <a href=\"https:\/\/magnetarmagnets.com\/shop\/magnet-fishing-rope\/\">8 mm-es k\u00f6telet<\/a> \u00e9s <a href=\"https:\/\/magnetarmagnets.com\/shop\/magnet-fishing-glove\/\">keszty\u0171t<\/a> tartalmaz.<\/li>\n<\/ul>\n\n<h2>J\u00e1t\u00e9kv\u00e1lt\u00f3 a m\u00e1gnes horg\u00e1szat vil\u00e1g\u00e1ban<\/h2>\n\nA CUBE\u2122 p\u00e1ratlan. A legt\u00f6bb horg\u00e1sz m\u00e1gnes nem k\u00f6zel\u00edti meg. F\u0151 jellemz\u0151i a 360\u00b0-os vonz\u00f3er\u0151, hat m\u00e1gneses \u00e9rintkez\u00e9si fel\u00fclet, tart\u00f3ss\u00e1g \u00e9s a hatalmas vonz\u00f3 t\u00e1vols\u00e1g. Ez a 3\u00d73\u00d71,5 h\u00fcvelykes (74\u00d774\u00d737 mm) er\u0151m\u0171 jelent\u0151s m\u00e9retet k\u00e9pvisel. A 17 cm-es vonz\u00f3 t\u00e1vols\u00e1g \u00e9s a 3000 lb \/ 1350 kg teljes h\u00faz\u00f3er\u0151 garant\u00e1lja, hogy minden kincset kiemelhessen a mederb\u0151l.\n\n<h2>Figyelem!<\/h2>\n\nNeod\u00edmium m\u00e1gneseink rendk\u00edv\u00fcl er\u0151sek. Emiatt a vas t\u00e1rgyak nagy sebess\u00e9ggel r\u00e1nt\u00f3dhatnak a m\u00e1gnesek fel\u00e9. Egyes esetekben az ujj becs\u00edp\u0151dhet a m\u00e1gnes \u00e9s a t\u00e1rgy k\u00f6z\u00e9. Mindig \u00f3vatosan kezelje a m\u00e1gneseket, \u00e9s haszn\u00e1lat el\u0151tt olvassa el biztons\u00e1gi figyelmeztet\u00e9seinket.\n\n*Ez a term\u00e9k nem alkalmas gyermekek sz\u00e1m\u00e1ra.\n\n<p class=\"x_elementToProof\" data-ogsb=\"rgb(255, 255, 255)\"><em>Regisztr\u00e1lt K\u00f6z\u00f6ss\u00e9gi Mintaoltalommal v\u00e9dett (015054920-0001 \/ -0004)<\/em><\/p>","protected":false},"excerpt":{"rendered":"<p>Fedezze fel a forradalmian \u00faj CUBE\u2122-et. Ez a <strong>blokk m\u00e1gnes<\/strong> a vil\u00e1g <strong>leghat\u00e9konyabb horg\u00e1sz m\u00e1gnesei<\/strong> k\u00f6z\u00e9 tartozik, \u00e9s professzion\u00e1lis tokot, k\u00f6telet \u00e9s keszty\u0171t tartalmaz\u00f3 <strong>teljes k\u00e9szletben<\/strong> \u00e9rkezik.<\/p>\n","protected":false},"featured_media":74205,"comment_status":"open","ping_status":"closed","template":"","meta":{"_acf_changed":false,"inline_featured_image":false},"product_brand":[],"product_cat":[529,542,534,528,530,543],"product_tag":[],"class_list":{"0":"post-82665","1":"product","2":"type-product","3":"status-publish","4":"has-post-thumbnail","6":"product_cat-blokk-horgasz-magnesek-360","7":"product_cat-halado-kalandorok","8":"product_cat-horgasz-magnes-keszlet","9":"product_cat-horgasz-magnesek","10":"product_cat-legerosebb-horgasz-magnesek","11":"product_cat-profik","13":"first","14":"onbackorder","15":"taxable","16":"shipping-taxable","17":"purchasable","18":"product-type-simple"},"acf":[],"yoast_head":"<!-- This site is optimized with the Yoast SEO plugin v27.3 - https:\/\/yoast.com\/product\/yoast-seo-wordpress\/ -->\n<title>CUBE\u2122 m\u00e1gnes horg\u00e1sz szett \u2013 1350 kg \u2013 360\u00b0 blokk m\u00e1gnes - Magnet fishing with a Magnetar fishing magnet<\/title>\n<meta name=\"description\" content=\"A CUBE\u2122 a vil\u00e1g egyik leger\u0151sebb horg\u00e1sz m\u00e1gnese. Ez a blokk m\u00e1gnes k\u00e9szletben, azonnal haszn\u00e1latra k\u00e9sz form\u00e1ban \u00e9rkezik. A m\u00e1gnes horg\u00e1szat t\u00f6k\u00e9letes v\u00e1laszt\u00e1sa.\" \/>\n<meta name=\"robots\" content=\"index, follow, max-snippet:-1, max-image-preview:large, max-video-preview:-1\" \/>\n<link rel=\"canonical\" href=\"https:\/\/magnetarmagnets.com\/hu\/shop\/cube-magnes-horgasz-szett-1350-kg-360-blokk-magnes\/\" \/>\n<meta property=\"og:locale\" content=\"hu_HU\" \/>\n<meta property=\"og:type\" content=\"article\" \/>\n<meta property=\"og:title\" content=\"CUBE\u2122 m\u00e1gnes horg\u00e1sz szett \u2013 1350 kg \u2013 360\u00b0 blokk m\u00e1gnes - Magnet fishing with a Magnetar fishing magnet\" \/>\n<meta property=\"og:description\" content=\"A CUBE\u2122 a vil\u00e1g egyik leger\u0151sebb horg\u00e1sz m\u00e1gnese. Ez a blokk m\u00e1gnes k\u00e9szletben, azonnal haszn\u00e1latra k\u00e9sz form\u00e1ban \u00e9rkezik. A m\u00e1gnes horg\u00e1szat t\u00f6k\u00e9letes v\u00e1laszt\u00e1sa.\" \/>\n<meta property=\"og:url\" content=\"https:\/\/magnetarmagnets.com\/hu\/shop\/cube-magnes-horgasz-szett-1350-kg-360-blokk-magnes\/\" \/>\n<meta property=\"og:site_name\" content=\"Magnet fishing with a Magnetar fishing magnet\" \/>\n<meta property=\"article:publisher\" content=\"https:\/\/www.facebook.com\/fishingmagnets\/\" \/>\n<meta property=\"article:modified_time\" content=\"2026-04-07T15:59:38+00:00\" \/>\n<meta property=\"og:image\" content=\"https:\/\/magnetarmagnets.com\/wp-content\/uploads\/2024\/04\/4.png\" \/>\n\t<meta property=\"og:image:width\" content=\"1500\" \/>\n\t<meta property=\"og:image:height\" content=\"1500\" \/>\n\t<meta property=\"og:image:type\" content=\"image\/png\" \/>\n<meta name=\"twitter:card\" content=\"summary_large_image\" \/>\n<meta name=\"twitter:label1\" content=\"Becs\u00fclt olvas\u00e1si id\u0151\" \/>\n\t<meta name=\"twitter:data1\" content=\"2 perc\" \/>\n<script type=\"application\/ld+json\" class=\"yoast-schema-graph\">{\"@context\":\"https:\\\/\\\/schema.org\",\"@graph\":[{\"@type\":[\"WebPage\",\"ItemPage\"],\"@id\":\"https:\\\/\\\/magnetarmagnets.com\\\/hu\\\/shop\\\/cube-magnes-horgasz-szett-1350-kg-360-blokk-magnes\\\/\",\"url\":\"https:\\\/\\\/magnetarmagnets.com\\\/hu\\\/shop\\\/cube-magnes-horgasz-szett-1350-kg-360-blokk-magnes\\\/\",\"name\":\"CUBE\u2122 m\u00e1gnes horg\u00e1sz szett \u2013 1350 kg \u2013 360\u00b0 blokk m\u00e1gnes - Magnet fishing with a Magnetar fishing magnet\",\"isPartOf\":{\"@id\":\"https:\\\/\\\/magnetarmagnets.com\\\/hu\\\/#website\"},\"primaryImageOfPage\":{\"@id\":\"https:\\\/\\\/magnetarmagnets.com\\\/hu\\\/shop\\\/cube-magnes-horgasz-szett-1350-kg-360-blokk-magnes\\\/#primaryimage\"},\"image\":{\"@id\":\"https:\\\/\\\/magnetarmagnets.com\\\/hu\\\/shop\\\/cube-magnes-horgasz-szett-1350-kg-360-blokk-magnes\\\/#primaryimage\"},\"thumbnailUrl\":\"https:\\\/\\\/magnetarmagnets.com\\\/wp-content\\\/uploads\\\/2024\\\/04\\\/4.png\",\"datePublished\":\"2025-06-05T07:53:03+00:00\",\"dateModified\":\"2026-04-07T15:59:38+00:00\",\"description\":\"A CUBE\u2122 a vil\u00e1g egyik leger\u0151sebb horg\u00e1sz m\u00e1gnese. Ez a blokk m\u00e1gnes k\u00e9szletben, azonnal haszn\u00e1latra k\u00e9sz form\u00e1ban \u00e9rkezik. A m\u00e1gnes horg\u00e1szat t\u00f6k\u00e9letes v\u00e1laszt\u00e1sa.\",\"breadcrumb\":{\"@id\":\"https:\\\/\\\/magnetarmagnets.com\\\/hu\\\/shop\\\/cube-magnes-horgasz-szett-1350-kg-360-blokk-magnes\\\/#breadcrumb\"},\"inLanguage\":\"hu\",\"potentialAction\":[{\"@type\":\"ReadAction\",\"target\":[\"https:\\\/\\\/magnetarmagnets.com\\\/hu\\\/shop\\\/cube-magnes-horgasz-szett-1350-kg-360-blokk-magnes\\\/\"]}]},{\"@type\":\"ImageObject\",\"inLanguage\":\"hu\",\"@id\":\"https:\\\/\\\/magnetarmagnets.com\\\/hu\\\/shop\\\/cube-magnes-horgasz-szett-1350-kg-360-blokk-magnes\\\/#primaryimage\",\"url\":\"https:\\\/\\\/magnetarmagnets.com\\\/wp-content\\\/uploads\\\/2024\\\/04\\\/4.png\",\"contentUrl\":\"https:\\\/\\\/magnetarmagnets.com\\\/wp-content\\\/uploads\\\/2024\\\/04\\\/4.png\",\"width\":1500,\"height\":1500,\"caption\":\"CUBE KIT\"},{\"@type\":\"BreadcrumbList\",\"@id\":\"https:\\\/\\\/magnetarmagnets.com\\\/hu\\\/shop\\\/cube-magnes-horgasz-szett-1350-kg-360-blokk-magnes\\\/#breadcrumb\",\"itemListElement\":[{\"@type\":\"ListItem\",\"position\":1,\"name\":\"Home\",\"item\":\"https:\\\/\\\/magnetarmagnets.com\\\/hu\\\/\"},{\"@type\":\"ListItem\",\"position\":2,\"name\":\"Webshop\",\"item\":\"https:\\\/\\\/magnetarmagnets.com\\\/webshop\\\/\"},{\"@type\":\"ListItem\",\"position\":3,\"name\":\"Horg\u00e1sz m\u00e1gnesek\",\"item\":\"https:\\\/\\\/magnetarmagnets.com\\\/hu\\\/collections\\\/horgasz-magnesek\\\/\"},{\"@type\":\"ListItem\",\"position\":4,\"name\":\"Blokk horg\u00e1sz m\u00e1gnesek 360\u00b0\",\"item\":\"https:\\\/\\\/magnetarmagnets.com\\\/hu\\\/collections\\\/horgasz-magnesek\\\/blokk-horgasz-magnesek-360\\\/\"},{\"@type\":\"ListItem\",\"position\":5,\"name\":\"CUBE\u2122 m\u00e1gnes horg\u00e1sz szett \u2013 1350 kg \u2013 360\u00b0 blokk m\u00e1gnes\"}]},{\"@type\":\"WebSite\",\"@id\":\"https:\\\/\\\/magnetarmagnets.com\\\/hu\\\/#website\",\"url\":\"https:\\\/\\\/magnetarmagnets.com\\\/hu\\\/\",\"name\":\"Magnet fishing with a Magnetar fishing magnet\",\"description\":\"Er\u0151s m\u00e1gnesek m\u00e1gneshorg\u00e1szathoz\",\"publisher\":{\"@id\":\"https:\\\/\\\/magnetarmagnets.com\\\/hu\\\/#organization\"},\"potentialAction\":[{\"@type\":\"SearchAction\",\"target\":{\"@type\":\"EntryPoint\",\"urlTemplate\":\"https:\\\/\\\/magnetarmagnets.com\\\/hu\\\/?s={search_term_string}\"},\"query-input\":{\"@type\":\"PropertyValueSpecification\",\"valueRequired\":true,\"valueName\":\"search_term_string\"}}],\"inLanguage\":\"hu\"},{\"@type\":\"Organization\",\"@id\":\"https:\\\/\\\/magnetarmagnets.com\\\/hu\\\/#organization\",\"name\":\"Magnetar\",\"url\":\"https:\\\/\\\/magnetarmagnets.com\\\/hu\\\/\",\"logo\":{\"@type\":\"ImageObject\",\"inLanguage\":\"hu\",\"@id\":\"https:\\\/\\\/magnetarmagnets.com\\\/hu\\\/#\\\/schema\\\/logo\\\/image\\\/\",\"url\":\"https:\\\/\\\/magnetarmagnets.com\\\/wp-content\\\/uploads\\\/2025\\\/05\\\/Logo-03_PNG-Black-scaled.png\",\"contentUrl\":\"https:\\\/\\\/magnetarmagnets.com\\\/wp-content\\\/uploads\\\/2025\\\/05\\\/Logo-03_PNG-Black-scaled.png\",\"width\":2560,\"height\":1658,\"caption\":\"Magnetar\"},\"image\":{\"@id\":\"https:\\\/\\\/magnetarmagnets.com\\\/hu\\\/#\\\/schema\\\/logo\\\/image\\\/\"},\"sameAs\":[\"https:\\\/\\\/www.facebook.com\\\/fishingmagnets\\\/\",\"https:\\\/\\\/www.instagram.com\\\/magnetar_magnets\\\/\",\"https:\\\/\\\/www.linkedin.com\\\/company\\\/magnetarbv\\\/?originalSubdomain=nl\",\"https:\\\/\\\/www.youtube.com\\\/c\\\/MagnetarVismagneet\"]}]}<\/script>\n<!-- \/ Yoast SEO plugin. -->","yoast_head_json":{"title":"CUBE\u2122 m\u00e1gnes horg\u00e1sz szett \u2013 1350 kg \u2013 360\u00b0 blokk m\u00e1gnes - Magnet fishing with a Magnetar fishing magnet","description":"A CUBE\u2122 a vil\u00e1g egyik leger\u0151sebb horg\u00e1sz m\u00e1gnese. Ez a blokk m\u00e1gnes k\u00e9szletben, azonnal haszn\u00e1latra k\u00e9sz form\u00e1ban \u00e9rkezik. A m\u00e1gnes horg\u00e1szat t\u00f6k\u00e9letes v\u00e1laszt\u00e1sa.","robots":{"index":"index","follow":"follow","max-snippet":"max-snippet:-1","max-image-preview":"max-image-preview:large","max-video-preview":"max-video-preview:-1"},"canonical":"https:\/\/magnetarmagnets.com\/hu\/shop\/cube-magnes-horgasz-szett-1350-kg-360-blokk-magnes\/","og_locale":"hu_HU","og_type":"article","og_title":"CUBE\u2122 m\u00e1gnes horg\u00e1sz szett \u2013 1350 kg \u2013 360\u00b0 blokk m\u00e1gnes - Magnet fishing with a Magnetar fishing magnet","og_description":"A CUBE\u2122 a vil\u00e1g egyik leger\u0151sebb horg\u00e1sz m\u00e1gnese. Ez a blokk m\u00e1gnes k\u00e9szletben, azonnal haszn\u00e1latra k\u00e9sz form\u00e1ban \u00e9rkezik. A m\u00e1gnes horg\u00e1szat t\u00f6k\u00e9letes v\u00e1laszt\u00e1sa.","og_url":"https:\/\/magnetarmagnets.com\/hu\/shop\/cube-magnes-horgasz-szett-1350-kg-360-blokk-magnes\/","og_site_name":"Magnet fishing with a Magnetar fishing magnet","article_publisher":"https:\/\/www.facebook.com\/fishingmagnets\/","article_modified_time":"2026-04-07T15:59:38+00:00","og_image":[{"width":1500,"height":1500,"url":"https:\/\/magnetarmagnets.com\/wp-content\/uploads\/2024\/04\/4.png","type":"image\/png"}],"twitter_card":"summary_large_image","twitter_misc":{"Becs\u00fclt olvas\u00e1si id\u0151":"2 perc"},"schema":{"@context":"https:\/\/schema.org","@graph":[{"@type":["WebPage","ItemPage"],"@id":"https:\/\/magnetarmagnets.com\/hu\/shop\/cube-magnes-horgasz-szett-1350-kg-360-blokk-magnes\/","url":"https:\/\/magnetarmagnets.com\/hu\/shop\/cube-magnes-horgasz-szett-1350-kg-360-blokk-magnes\/","name":"CUBE\u2122 m\u00e1gnes horg\u00e1sz szett \u2013 1350 kg \u2013 360\u00b0 blokk m\u00e1gnes - Magnet fishing with a Magnetar fishing magnet","isPartOf":{"@id":"https:\/\/magnetarmagnets.com\/hu\/#website"},"primaryImageOfPage":{"@id":"https:\/\/magnetarmagnets.com\/hu\/shop\/cube-magnes-horgasz-szett-1350-kg-360-blokk-magnes\/#primaryimage"},"image":{"@id":"https:\/\/magnetarmagnets.com\/hu\/shop\/cube-magnes-horgasz-szett-1350-kg-360-blokk-magnes\/#primaryimage"},"thumbnailUrl":"https:\/\/magnetarmagnets.com\/wp-content\/uploads\/2024\/04\/4.png","datePublished":"2025-06-05T07:53:03+00:00","dateModified":"2026-04-07T15:59:38+00:00","description":"A CUBE\u2122 a vil\u00e1g egyik leger\u0151sebb horg\u00e1sz m\u00e1gnese. Ez a blokk m\u00e1gnes k\u00e9szletben, azonnal haszn\u00e1latra k\u00e9sz form\u00e1ban \u00e9rkezik. A m\u00e1gnes horg\u00e1szat t\u00f6k\u00e9letes v\u00e1laszt\u00e1sa.","breadcrumb":{"@id":"https:\/\/magnetarmagnets.com\/hu\/shop\/cube-magnes-horgasz-szett-1350-kg-360-blokk-magnes\/#breadcrumb"},"inLanguage":"hu","potentialAction":[{"@type":"ReadAction","target":["https:\/\/magnetarmagnets.com\/hu\/shop\/cube-magnes-horgasz-szett-1350-kg-360-blokk-magnes\/"]}]},{"@type":"ImageObject","inLanguage":"hu","@id":"https:\/\/magnetarmagnets.com\/hu\/shop\/cube-magnes-horgasz-szett-1350-kg-360-blokk-magnes\/#primaryimage","url":"https:\/\/magnetarmagnets.com\/wp-content\/uploads\/2024\/04\/4.png","contentUrl":"https:\/\/magnetarmagnets.com\/wp-content\/uploads\/2024\/04\/4.png","width":1500,"height":1500,"caption":"CUBE KIT"},{"@type":"BreadcrumbList","@id":"https:\/\/magnetarmagnets.com\/hu\/shop\/cube-magnes-horgasz-szett-1350-kg-360-blokk-magnes\/#breadcrumb","itemListElement":[{"@type":"ListItem","position":1,"name":"Home","item":"https:\/\/magnetarmagnets.com\/hu\/"},{"@type":"ListItem","position":2,"name":"Webshop","item":"https:\/\/magnetarmagnets.com\/webshop\/"},{"@type":"ListItem","position":3,"name":"Horg\u00e1sz m\u00e1gnesek","item":"https:\/\/magnetarmagnets.com\/hu\/collections\/horgasz-magnesek\/"},{"@type":"ListItem","position":4,"name":"Blokk horg\u00e1sz m\u00e1gnesek 360\u00b0","item":"https:\/\/magnetarmagnets.com\/hu\/collections\/horgasz-magnesek\/blokk-horgasz-magnesek-360\/"},{"@type":"ListItem","position":5,"name":"CUBE\u2122 m\u00e1gnes horg\u00e1sz szett \u2013 1350 kg \u2013 360\u00b0 blokk m\u00e1gnes"}]},{"@type":"WebSite","@id":"https:\/\/magnetarmagnets.com\/hu\/#website","url":"https:\/\/magnetarmagnets.com\/hu\/","name":"Magnet fishing with a Magnetar fishing magnet","description":"Er\u0151s m\u00e1gnesek m\u00e1gneshorg\u00e1szathoz","publisher":{"@id":"https:\/\/magnetarmagnets.com\/hu\/#organization"},"potentialAction":[{"@type":"SearchAction","target":{"@type":"EntryPoint","urlTemplate":"https:\/\/magnetarmagnets.com\/hu\/?s={search_term_string}"},"query-input":{"@type":"PropertyValueSpecification","valueRequired":true,"valueName":"search_term_string"}}],"inLanguage":"hu"},{"@type":"Organization","@id":"https:\/\/magnetarmagnets.com\/hu\/#organization","name":"Magnetar","url":"https:\/\/magnetarmagnets.com\/hu\/","logo":{"@type":"ImageObject","inLanguage":"hu","@id":"https:\/\/magnetarmagnets.com\/hu\/#\/schema\/logo\/image\/","url":"https:\/\/magnetarmagnets.com\/wp-content\/uploads\/2025\/05\/Logo-03_PNG-Black-scaled.png","contentUrl":"https:\/\/magnetarmagnets.com\/wp-content\/uploads\/2025\/05\/Logo-03_PNG-Black-scaled.png","width":2560,"height":1658,"caption":"Magnetar"},"image":{"@id":"https:\/\/magnetarmagnets.com\/hu\/#\/schema\/logo\/image\/"},"sameAs":["https:\/\/www.facebook.com\/fishingmagnets\/","https:\/\/www.instagram.com\/magnetar_magnets\/","https:\/\/www.linkedin.com\/company\/magnetarbv\/?originalSubdomain=nl","https:\/\/www.youtube.com\/c\/MagnetarVismagneet"]}]}},"_links":{"self":[{"href":"https:\/\/magnetarmagnets.com\/hu\/wp-json\/wp\/v2\/product\/82665","targetHints":{"allow":["GET"]}}],"collection":[{"href":"https:\/\/magnetarmagnets.com\/hu\/wp-json\/wp\/v2\/product"}],"about":[{"href":"https:\/\/magnetarmagnets.com\/hu\/wp-json\/wp\/v2\/types\/product"}],"replies":[{"embeddable":true,"href":"https:\/\/magnetarmagnets.com\/hu\/wp-json\/wp\/v2\/comments?post=82665"}],"version-history":[{"count":1,"href":"https:\/\/magnetarmagnets.com\/hu\/wp-json\/wp\/v2\/product\/82665\/revisions"}],"predecessor-version":[{"id":95175,"href":"https:\/\/magnetarmagnets.com\/hu\/wp-json\/wp\/v2\/product\/82665\/revisions\/95175"}],"wp:featuredmedia":[{"embeddable":true,"href":"https:\/\/magnetarmagnets.com\/hu\/wp-json\/wp\/v2\/media\/74205"}],"wp:attachment":[{"href":"https:\/\/magnetarmagnets.com\/hu\/wp-json\/wp\/v2\/media?parent=82665"}],"wp:term":[{"taxonomy":"product_brand","embeddable":true,"href":"https:\/\/magnetarmagnets.com\/hu\/wp-json\/wp\/v2\/product_brand?post=82665"},{"taxonomy":"product_cat","embeddable":true,"href":"https:\/\/magnetarmagnets.com\/hu\/wp-json\/wp\/v2\/product_cat?post=82665"},{"taxonomy":"product_tag","embeddable":true,"href":"https:\/\/magnetarmagnets.com\/hu\/wp-json\/wp\/v2\/product_tag?post=82665"}],"curies":[{"name":"wp","href":"https:\/\/api.w.org\/{rel}","templated":true}]}}