{"id":82662,"date":"2025-06-05T09:53:06","date_gmt":"2025-06-05T07:53:06","guid":{"rendered":"https:\/\/magnetarmagnets.com\/shop\/magneshorgasz-kesztyu\/"},"modified":"2026-04-07T20:53:48","modified_gmt":"2026-04-07T18:53:48","slug":"magneshorgasz-kesztyu","status":"publish","type":"product","link":"https:\/\/magnetarmagnets.com\/hu\/shop\/magneshorgasz-kesztyu\/","title":{"rendered":"M\u00e1gneshorg\u00e1sz keszty\u0171"},"content":{"rendered":"<h2><b>Triton Magnetar keszty\u0171k<\/b><\/h2>\n\n<span style=\"font-weight: 400;\">A Magnetar kifejezetten a <a href=\"https:\/\/magnetarmagnets.com\/\" target=\"_blank\" rel=\"noopener\">m\u00e1gnes horg\u00e1szat<\/a> sz\u00e1m\u00e1ra fejlesztette ki saj\u00e1t keszty\u0171it! Keszty\u0171k, melyek remek tapad\u00e1st biztos\u00edtanak, v\u00edz\u00e1ll\u00f3ak, testhez\u00e1ll\u00f3ak \u00e9s kiv\u00e1l\u00f3 min\u0151s\u00e9g\u0171ek. Mindez megfizethet\u0151 \u00e1ron!<\/span>\n\n<h2><b>M\u00e1gneshorg\u00e1sz keszty\u0171k<\/b><\/h2>\n\n<span style=\"font-weight: 400;\">Min\u0151s\u00e9gi keszty\u0171ket keresel a m\u00e1gnes horg\u00e1szat sor\u00e1n? Akkor ezek a Triton keszty\u0171k, kifejezetten m\u00e1gneshorg\u00e1szoknak fejlesztve, a t\u00f6k\u00e9letes v\u00e1laszt\u00e1s! Ezek a keszty\u0171k elengedhetetlenek egy napos m\u00e1gnes horg\u00e1szat sor\u00e1n. Minden zs\u00e1km\u00e1ny alkalm\u00e1val sz\u00fcks\u00e9ged van r\u00e1juk, amikor felsz\u00ednre hozod a f\u00e9mt\u00e1rgyakat, \u00e9s biztons\u00e1gosan el kell t\u00e1vol\u00edtanod \u0151ket a horg\u00e1szm\u00e1gnest\u0151l. Ez mag\u00e1ban foglalja az \u00e9les \u00e9s rozsd\u00e1s t\u00e1rgyakat is, amelyeket sz\u00edvesen fogsz meg a Triton Magnetar keszty\u0171kben! Emellett \u00f6r\u00f6m\u00f6d leled benn\u00fck, amikor kezed egy er\u0151s m\u00e1gnes \u00e9s egy f\u00e9m t\u00e1rgy k\u00f6z\u00e9 ker\u00fcl. A m\u00e1gnes horg\u00e1szat alatt \u00e9s ut\u00e1n is hasznosak lesznek ezek a horg\u00e1szm\u00e1gnes keszty\u0171k!<\/span>\n\n\n\n<span style=\"font-weight: 400;\">A Triton keszty\u0171k L, XL \u00e9s XXL m\u00e9retekben \u00e9rhet\u0151k el. Figyelem: ne v\u00e1s\u00e1rold t\u00fal kicsiben, mert testhez\u00e1ll\u00f3 modellr\u0151l van sz\u00f3. A keszty\u0171k p\u00e1ros\u00e1val vannak csomagolva.<\/span>\n\n<h2><b>El\u0151ny\u00f6k a Triton m\u00e1gneshorg\u00e1sz keszty\u0171kn\u00e9l<\/b><\/h2>\n\n<ul>\n\n \t<li style=\"font-weight: 400;\" aria-level=\"1\"><span style=\"font-weight: 400;\">Kiv\u00e1l\u00f3 tapad\u00e1s a cs\u00fasz\u00e1smentes bevonatnak k\u00f6sz\u00f6nhet\u0151en;<\/span><\/li>\n\n \t<li style=\"font-weight: 400;\" aria-level=\"1\"><span style=\"font-weight: 400;\">Extra vastag bevonat: kiv\u00e1l\u00f3 v\u00e9delmet ny\u00fajt a kezeknek;<\/span><\/li>\n\n \t<li style=\"font-weight: 400;\" aria-level=\"1\"><span style=\"font-weight: 400;\">Testhez\u00e1ll\u00f3, \u00edgy semmi sem ker\u00fcl a keszty\u0171kbe;<\/span><\/li>\n\n \t<li style=\"font-weight: 400;\" aria-level=\"1\"><span style=\"font-weight: 400;\">A varr\u00e1s n\u00e9lk\u00fcli kialak\u00edt\u00e1s miatt nem okoznak irrit\u00e1ci\u00f3t;<\/span><\/li>\n\n \t<li style=\"font-weight: 400;\" aria-level=\"1\"><span style=\"font-weight: 400;\">V\u00edz\u00e1ll\u00f3: t\u00f6k\u00e9letes keszty\u0171k a m\u00e1gnes horg\u00e1szat sor\u00e1n!<\/span><\/li>\n\n<\/ul>\n\n<h2><b>Keszty\u0171 anyaga<\/b><\/h2>\n\n<span style=\"font-weight: 400;\">A keszty\u0171k latexb\u0151l \u00e9s nejlonb\u00f3l k\u00e9sz\u00fclnek. Ennek k\u00f6sz\u00f6nhet\u0151en a Triton m\u00e1gneshorg\u00e1sz keszty\u0171k massz\u00edvak, v\u00edz\u00e1ll\u00f3ak \u00e9s j\u00f3 min\u0151s\u00e9g\u0171ek.<\/span>\n\n\n\nV\u00e1s\u00e1rold meg m\u00e1gneshorg\u00e1sz keszty\u0171idet a mi <a href=\"https:\/\/magnetarmagnets.com\/collections\/fishing-magnets\/magnet-fishing-kit\/\" target=\"_blank\" rel=\"noopener\">m\u00e1gnes horg\u00e1sz szett\u00fcnkkel<\/a>, \u00e9s m\u00e1r indulhatsz is!","protected":false},"excerpt":{"rendered":"<p><span style=\"font-weight: 400;\"><strong>Kiemelked\u0151 tapad\u00e1s, v\u00edz\u00e1ll\u00f3, testhez\u00e1ll\u00f3 \u00e9s kiv\u00e1l\u00f3 min\u0151s\u00e9g<\/strong>. \u00c9s mindez megfizethet\u0151 <strong>\u00e1ron<\/strong>!<\/span><\/p>\n","protected":false},"featured_media":71667,"comment_status":"open","ping_status":"closed","template":"","meta":{"_acf_changed":false,"inline_featured_image":false},"product_brand":[],"product_cat":[536,537],"product_tag":[],"class_list":{"0":"post-82662","1":"product","2":"type-product","3":"status-publish","4":"has-post-thumbnail","6":"product_cat-felszereles","7":"product_cat-horgasz-magnes-felszereles","9":"first","10":"instock","11":"taxable","12":"shipping-taxable","13":"purchasable","14":"product-type-variable"},"acf":[],"yoast_head":"<!-- This site is optimized with the Yoast SEO plugin v27.3 - https:\/\/yoast.com\/product\/yoast-seo-wordpress\/ -->\n<title>M\u00e1gneshorg\u00e1sz keszty\u0171 - Magnet fishing with a Magnetar fishing magnet<\/title>\n<meta name=\"description\" content=\"M\u00e1gneshorg\u00e1sz keszty\u0171 \u2013 alapfelszerel\u00e9s a Magnetar-t\u00f3l\" \/>\n<meta name=\"robots\" content=\"index, follow, max-snippet:-1, max-image-preview:large, max-video-preview:-1\" \/>\n<link rel=\"canonical\" href=\"https:\/\/magnetarmagnets.com\/hu\/shop\/magneshorgasz-kesztyu\/\" \/>\n<meta property=\"og:locale\" content=\"hu_HU\" \/>\n<meta property=\"og:type\" content=\"article\" \/>\n<meta property=\"og:title\" content=\"M\u00e1gneshorg\u00e1sz keszty\u0171 - Magnet fishing with a Magnetar fishing magnet\" \/>\n<meta property=\"og:description\" content=\"M\u00e1gneshorg\u00e1sz keszty\u0171 \u2013 alapfelszerel\u00e9s a Magnetar-t\u00f3l\" \/>\n<meta property=\"og:url\" content=\"https:\/\/magnetarmagnets.com\/hu\/shop\/magneshorgasz-kesztyu\/\" \/>\n<meta property=\"og:site_name\" content=\"Magnet fishing with a Magnetar fishing magnet\" \/>\n<meta property=\"article:publisher\" content=\"https:\/\/www.facebook.com\/fishingmagnets\/\" \/>\n<meta property=\"article:modified_time\" content=\"2026-04-07T18:53:48+00:00\" \/>\n<meta property=\"og:image\" content=\"https:\/\/magnetarmagnets.com\/wp-content\/uploads\/2021\/06\/Vismagneet-handschoen-scaled.jpg\" \/>\n\t<meta property=\"og:image:width\" content=\"2560\" \/>\n\t<meta property=\"og:image:height\" content=\"2560\" \/>\n\t<meta property=\"og:image:type\" content=\"image\/jpeg\" \/>\n<meta name=\"twitter:card\" content=\"summary_large_image\" \/>\n<meta name=\"twitter:label1\" content=\"Becs\u00fclt olvas\u00e1si id\u0151\" \/>\n\t<meta name=\"twitter:data1\" content=\"2 perc\" \/>\n<script type=\"application\/ld+json\" class=\"yoast-schema-graph\">{\"@context\":\"https:\\\/\\\/schema.org\",\"@graph\":[{\"@type\":[\"WebPage\",\"ItemPage\"],\"@id\":\"https:\\\/\\\/magnetarmagnets.com\\\/hu\\\/shop\\\/magneshorgasz-kesztyu\\\/\",\"url\":\"https:\\\/\\\/magnetarmagnets.com\\\/hu\\\/shop\\\/magneshorgasz-kesztyu\\\/\",\"name\":\"M\u00e1gneshorg\u00e1sz keszty\u0171 - Magnet fishing with a Magnetar fishing magnet\",\"isPartOf\":{\"@id\":\"https:\\\/\\\/magnetarmagnets.com\\\/hu\\\/#website\"},\"primaryImageOfPage\":{\"@id\":\"https:\\\/\\\/magnetarmagnets.com\\\/hu\\\/shop\\\/magneshorgasz-kesztyu\\\/#primaryimage\"},\"image\":{\"@id\":\"https:\\\/\\\/magnetarmagnets.com\\\/hu\\\/shop\\\/magneshorgasz-kesztyu\\\/#primaryimage\"},\"thumbnailUrl\":\"https:\\\/\\\/magnetarmagnets.com\\\/wp-content\\\/uploads\\\/2021\\\/06\\\/Vismagneet-handschoen-scaled.jpg\",\"datePublished\":\"2025-06-05T07:53:06+00:00\",\"dateModified\":\"2026-04-07T18:53:48+00:00\",\"description\":\"M\u00e1gneshorg\u00e1sz keszty\u0171 \u2013 alapfelszerel\u00e9s a Magnetar-t\u00f3l\",\"breadcrumb\":{\"@id\":\"https:\\\/\\\/magnetarmagnets.com\\\/hu\\\/shop\\\/magneshorgasz-kesztyu\\\/#breadcrumb\"},\"inLanguage\":\"hu\",\"potentialAction\":[{\"@type\":\"ReadAction\",\"target\":[\"https:\\\/\\\/magnetarmagnets.com\\\/hu\\\/shop\\\/magneshorgasz-kesztyu\\\/\"]}]},{\"@type\":\"ImageObject\",\"inLanguage\":\"hu\",\"@id\":\"https:\\\/\\\/magnetarmagnets.com\\\/hu\\\/shop\\\/magneshorgasz-kesztyu\\\/#primaryimage\",\"url\":\"https:\\\/\\\/magnetarmagnets.com\\\/wp-content\\\/uploads\\\/2021\\\/06\\\/Vismagneet-handschoen-scaled.jpg\",\"contentUrl\":\"https:\\\/\\\/magnetarmagnets.com\\\/wp-content\\\/uploads\\\/2021\\\/06\\\/Vismagneet-handschoen-scaled.jpg\",\"width\":2560,\"height\":2560,\"caption\":\"magnet-fishing-gloves\"},{\"@type\":\"BreadcrumbList\",\"@id\":\"https:\\\/\\\/magnetarmagnets.com\\\/hu\\\/shop\\\/magneshorgasz-kesztyu\\\/#breadcrumb\",\"itemListElement\":[{\"@type\":\"ListItem\",\"position\":1,\"name\":\"Home\",\"item\":\"https:\\\/\\\/magnetarmagnets.com\\\/hu\\\/\"},{\"@type\":\"ListItem\",\"position\":2,\"name\":\"Webshop\",\"item\":\"https:\\\/\\\/magnetarmagnets.com\\\/webshop\\\/\"},{\"@type\":\"ListItem\",\"position\":3,\"name\":\"Felszerel\u00e9s\",\"item\":\"https:\\\/\\\/magnetarmagnets.com\\\/hu\\\/collections\\\/felszereles\\\/\"},{\"@type\":\"ListItem\",\"position\":4,\"name\":\"Horg\u00e1sz m\u00e1gnes felszerel\u00e9s\",\"item\":\"https:\\\/\\\/magnetarmagnets.com\\\/hu\\\/collections\\\/felszereles\\\/horgasz-magnes-felszereles\\\/\"},{\"@type\":\"ListItem\",\"position\":5,\"name\":\"M\u00e1gneshorg\u00e1sz keszty\u0171\"}]},{\"@type\":\"WebSite\",\"@id\":\"https:\\\/\\\/magnetarmagnets.com\\\/hu\\\/#website\",\"url\":\"https:\\\/\\\/magnetarmagnets.com\\\/hu\\\/\",\"name\":\"Magnet fishing with a Magnetar fishing magnet\",\"description\":\"Er\u0151s m\u00e1gnesek m\u00e1gneshorg\u00e1szathoz\",\"publisher\":{\"@id\":\"https:\\\/\\\/magnetarmagnets.com\\\/hu\\\/#organization\"},\"potentialAction\":[{\"@type\":\"SearchAction\",\"target\":{\"@type\":\"EntryPoint\",\"urlTemplate\":\"https:\\\/\\\/magnetarmagnets.com\\\/hu\\\/?s={search_term_string}\"},\"query-input\":{\"@type\":\"PropertyValueSpecification\",\"valueRequired\":true,\"valueName\":\"search_term_string\"}}],\"inLanguage\":\"hu\"},{\"@type\":\"Organization\",\"@id\":\"https:\\\/\\\/magnetarmagnets.com\\\/hu\\\/#organization\",\"name\":\"Magnetar\",\"url\":\"https:\\\/\\\/magnetarmagnets.com\\\/hu\\\/\",\"logo\":{\"@type\":\"ImageObject\",\"inLanguage\":\"hu\",\"@id\":\"https:\\\/\\\/magnetarmagnets.com\\\/hu\\\/#\\\/schema\\\/logo\\\/image\\\/\",\"url\":\"https:\\\/\\\/magnetarmagnets.com\\\/wp-content\\\/uploads\\\/2025\\\/05\\\/Logo-03_PNG-Black-scaled.png\",\"contentUrl\":\"https:\\\/\\\/magnetarmagnets.com\\\/wp-content\\\/uploads\\\/2025\\\/05\\\/Logo-03_PNG-Black-scaled.png\",\"width\":2560,\"height\":1658,\"caption\":\"Magnetar\"},\"image\":{\"@id\":\"https:\\\/\\\/magnetarmagnets.com\\\/hu\\\/#\\\/schema\\\/logo\\\/image\\\/\"},\"sameAs\":[\"https:\\\/\\\/www.facebook.com\\\/fishingmagnets\\\/\",\"https:\\\/\\\/www.instagram.com\\\/magnetar_magnets\\\/\",\"https:\\\/\\\/www.linkedin.com\\\/company\\\/magnetarbv\\\/?originalSubdomain=nl\",\"https:\\\/\\\/www.youtube.com\\\/c\\\/MagnetarVismagneet\"]}]}<\/script>\n<!-- \/ Yoast SEO plugin. -->","yoast_head_json":{"title":"M\u00e1gneshorg\u00e1sz keszty\u0171 - Magnet fishing with a Magnetar fishing magnet","description":"M\u00e1gneshorg\u00e1sz keszty\u0171 \u2013 alapfelszerel\u00e9s a Magnetar-t\u00f3l","robots":{"index":"index","follow":"follow","max-snippet":"max-snippet:-1","max-image-preview":"max-image-preview:large","max-video-preview":"max-video-preview:-1"},"canonical":"https:\/\/magnetarmagnets.com\/hu\/shop\/magneshorgasz-kesztyu\/","og_locale":"hu_HU","og_type":"article","og_title":"M\u00e1gneshorg\u00e1sz keszty\u0171 - Magnet fishing with a Magnetar fishing magnet","og_description":"M\u00e1gneshorg\u00e1sz keszty\u0171 \u2013 alapfelszerel\u00e9s a Magnetar-t\u00f3l","og_url":"https:\/\/magnetarmagnets.com\/hu\/shop\/magneshorgasz-kesztyu\/","og_site_name":"Magnet fishing with a Magnetar fishing magnet","article_publisher":"https:\/\/www.facebook.com\/fishingmagnets\/","article_modified_time":"2026-04-07T18:53:48+00:00","og_image":[{"width":2560,"height":2560,"url":"https:\/\/magnetarmagnets.com\/wp-content\/uploads\/2021\/06\/Vismagneet-handschoen-scaled.jpg","type":"image\/jpeg"}],"twitter_card":"summary_large_image","twitter_misc":{"Becs\u00fclt olvas\u00e1si id\u0151":"2 perc"},"schema":{"@context":"https:\/\/schema.org","@graph":[{"@type":["WebPage","ItemPage"],"@id":"https:\/\/magnetarmagnets.com\/hu\/shop\/magneshorgasz-kesztyu\/","url":"https:\/\/magnetarmagnets.com\/hu\/shop\/magneshorgasz-kesztyu\/","name":"M\u00e1gneshorg\u00e1sz keszty\u0171 - Magnet fishing with a Magnetar fishing magnet","isPartOf":{"@id":"https:\/\/magnetarmagnets.com\/hu\/#website"},"primaryImageOfPage":{"@id":"https:\/\/magnetarmagnets.com\/hu\/shop\/magneshorgasz-kesztyu\/#primaryimage"},"image":{"@id":"https:\/\/magnetarmagnets.com\/hu\/shop\/magneshorgasz-kesztyu\/#primaryimage"},"thumbnailUrl":"https:\/\/magnetarmagnets.com\/wp-content\/uploads\/2021\/06\/Vismagneet-handschoen-scaled.jpg","datePublished":"2025-06-05T07:53:06+00:00","dateModified":"2026-04-07T18:53:48+00:00","description":"M\u00e1gneshorg\u00e1sz keszty\u0171 \u2013 alapfelszerel\u00e9s a Magnetar-t\u00f3l","breadcrumb":{"@id":"https:\/\/magnetarmagnets.com\/hu\/shop\/magneshorgasz-kesztyu\/#breadcrumb"},"inLanguage":"hu","potentialAction":[{"@type":"ReadAction","target":["https:\/\/magnetarmagnets.com\/hu\/shop\/magneshorgasz-kesztyu\/"]}]},{"@type":"ImageObject","inLanguage":"hu","@id":"https:\/\/magnetarmagnets.com\/hu\/shop\/magneshorgasz-kesztyu\/#primaryimage","url":"https:\/\/magnetarmagnets.com\/wp-content\/uploads\/2021\/06\/Vismagneet-handschoen-scaled.jpg","contentUrl":"https:\/\/magnetarmagnets.com\/wp-content\/uploads\/2021\/06\/Vismagneet-handschoen-scaled.jpg","width":2560,"height":2560,"caption":"magnet-fishing-gloves"},{"@type":"BreadcrumbList","@id":"https:\/\/magnetarmagnets.com\/hu\/shop\/magneshorgasz-kesztyu\/#breadcrumb","itemListElement":[{"@type":"ListItem","position":1,"name":"Home","item":"https:\/\/magnetarmagnets.com\/hu\/"},{"@type":"ListItem","position":2,"name":"Webshop","item":"https:\/\/magnetarmagnets.com\/webshop\/"},{"@type":"ListItem","position":3,"name":"Felszerel\u00e9s","item":"https:\/\/magnetarmagnets.com\/hu\/collections\/felszereles\/"},{"@type":"ListItem","position":4,"name":"Horg\u00e1sz m\u00e1gnes felszerel\u00e9s","item":"https:\/\/magnetarmagnets.com\/hu\/collections\/felszereles\/horgasz-magnes-felszereles\/"},{"@type":"ListItem","position":5,"name":"M\u00e1gneshorg\u00e1sz keszty\u0171"}]},{"@type":"WebSite","@id":"https:\/\/magnetarmagnets.com\/hu\/#website","url":"https:\/\/magnetarmagnets.com\/hu\/","name":"Magnet fishing with a Magnetar fishing magnet","description":"Er\u0151s m\u00e1gnesek m\u00e1gneshorg\u00e1szathoz","publisher":{"@id":"https:\/\/magnetarmagnets.com\/hu\/#organization"},"potentialAction":[{"@type":"SearchAction","target":{"@type":"EntryPoint","urlTemplate":"https:\/\/magnetarmagnets.com\/hu\/?s={search_term_string}"},"query-input":{"@type":"PropertyValueSpecification","valueRequired":true,"valueName":"search_term_string"}}],"inLanguage":"hu"},{"@type":"Organization","@id":"https:\/\/magnetarmagnets.com\/hu\/#organization","name":"Magnetar","url":"https:\/\/magnetarmagnets.com\/hu\/","logo":{"@type":"ImageObject","inLanguage":"hu","@id":"https:\/\/magnetarmagnets.com\/hu\/#\/schema\/logo\/image\/","url":"https:\/\/magnetarmagnets.com\/wp-content\/uploads\/2025\/05\/Logo-03_PNG-Black-scaled.png","contentUrl":"https:\/\/magnetarmagnets.com\/wp-content\/uploads\/2025\/05\/Logo-03_PNG-Black-scaled.png","width":2560,"height":1658,"caption":"Magnetar"},"image":{"@id":"https:\/\/magnetarmagnets.com\/hu\/#\/schema\/logo\/image\/"},"sameAs":["https:\/\/www.facebook.com\/fishingmagnets\/","https:\/\/www.instagram.com\/magnetar_magnets\/","https:\/\/www.linkedin.com\/company\/magnetarbv\/?originalSubdomain=nl","https:\/\/www.youtube.com\/c\/MagnetarVismagneet"]}]}},"_links":{"self":[{"href":"https:\/\/magnetarmagnets.com\/hu\/wp-json\/wp\/v2\/product\/82662","targetHints":{"allow":["GET"]}}],"collection":[{"href":"https:\/\/magnetarmagnets.com\/hu\/wp-json\/wp\/v2\/product"}],"about":[{"href":"https:\/\/magnetarmagnets.com\/hu\/wp-json\/wp\/v2\/types\/product"}],"replies":[{"embeddable":true,"href":"https:\/\/magnetarmagnets.com\/hu\/wp-json\/wp\/v2\/comments?post=82662"}],"version-history":[{"count":0,"href":"https:\/\/magnetarmagnets.com\/hu\/wp-json\/wp\/v2\/product\/82662\/revisions"}],"wp:featuredmedia":[{"embeddable":true,"href":"https:\/\/magnetarmagnets.com\/hu\/wp-json\/wp\/v2\/media\/71667"}],"wp:attachment":[{"href":"https:\/\/magnetarmagnets.com\/hu\/wp-json\/wp\/v2\/media?parent=82662"}],"wp:term":[{"taxonomy":"product_brand","embeddable":true,"href":"https:\/\/magnetarmagnets.com\/hu\/wp-json\/wp\/v2\/product_brand?post=82662"},{"taxonomy":"product_cat","embeddable":true,"href":"https:\/\/magnetarmagnets.com\/hu\/wp-json\/wp\/v2\/product_cat?post=82662"},{"taxonomy":"product_tag","embeddable":true,"href":"https:\/\/magnetarmagnets.com\/hu\/wp-json\/wp\/v2\/product_tag?post=82662"}],"curies":[{"name":"wp","href":"https:\/\/api.w.org\/{rel}","templated":true}]}}