{"id":82659,"date":"2025-06-05T09:53:05","date_gmt":"2025-06-05T07:53:05","guid":{"rendered":"https:\/\/magnetarmagnets.com\/?post_type=product&#038;p=82659"},"modified":"2026-04-04T07:15:23","modified_gmt":"2026-04-04T05:15:23","slug":"xxl-es-horogkampo","status":"publish","type":"product","link":"https:\/\/magnetarmagnets.com\/hu\/shop\/xxl-es-horogkampo\/","title":{"rendered":"XXL-es horogkamp\u00f3"},"content":{"rendered":"<h2><strong>Val\u00f3ban sz\u00fcks\u00e9gem van az XXL-es horogkamp\u00f3ra a m\u00e1gnes horg\u00e1szathoz?<\/strong><\/h2>\n\nBiztosan lehets\u00e9ges csak egy horg\u00e1szm\u00e1gnessel \u00e9s egy megb\u00edzhat\u00f3 k\u00f6t\u00e9llel horg\u00e1szni a m\u00e1gneses horg\u00e1szat sor\u00e1n. Az XXL-es horogkamp\u00f3 haszn\u00e1lata nem k\u00f6telez\u0151, de m\u00e9gis aj\u00e1nljuk minden elhivatott m\u00e1gneshorg\u00e1sznak. A legizgalmasabb leletek kiemel\u00e9s\u00e9hez gyakran t\u00f6bb kell, mint egyetlen horg\u00e1szm\u00e1gnes. A k\u00f6vek \u00e9s egy\u00e9b nem m\u00e1gneses t\u00e1rgyak megakad\u00e1lyozhatj\u00e1k, hogy a k\u00edv\u00e1nt t\u00e1rgyakat felhozd. Ilyen esetekben az XXL-es horogkamp\u00f3 megold\u00e1st ny\u00fajt.\n\n<h2><strong>Nagy m\u00e9ret\u0171 horogkamp\u00f3<\/strong><\/h2>\n\nA Magnetar kiemelked\u0151 min\u0151s\u00e9gre t\u00f6rekszik. Nemcsak a horg\u00e1szm\u00e1gnesek, hanem minden kieg\u00e9sz\u00edt\u0151, \u00edgy a horogkamp\u00f3k is a legjobb min\u0151s\u00e9g\u0171ek. Az XXL-es horogkamp\u00f3 extra nagy \u00e9s neh\u00e9z, hogy optim\u00e1lis hat\u00e9konys\u00e1got biztos\u00edtson. A term\u00e9k 24 cm magas \u00e9s k\u00f6zel 20 cm sz\u00e9les. A t\u00f6bb mint 600 g-os s\u00faly gyorsan lemer\u00fcl a v\u00edz al\u00e1, \u00edgy er\u0151s fog\u00e1st tesz lehet\u0151v\u00e9 a v\u00edz alatt rejt\u0151z\u0151 t\u00e1rgyakon.\n\nAz XXL-es horogkamp\u00f3 teljes eg\u00e9sz\u00e9ben rozsdamentes ac\u00e9lb\u00f3l k\u00e9sz\u00fcl, ami jelent\u0151sen n\u00f6veli a tart\u00f3ss\u00e1got. Emellett a rozsdamentes ac\u00e9l biztos\u00edtja, hogy mag\u00e1t a horogkamp\u00f3t ne befoly\u00e1solja a m\u00e1gnes, \u00edgy t\u00f6k\u00e9letesen m\u0171k\u00f6dik a horg\u00e1szm\u00e1gnessel egy\u00fctt. A meger\u0151s\u00edtett kamp\u00f3pontok n\u00f6velik az es\u00e9ly\u00e9t, hogy sikeresen akadj r\u00e1 a k\u00edv\u00e1nt t\u00e1rgyra.\n\n<h2><strong>Hogyan haszn\u00e1ld az XXL-es horogkamp\u00f3t?<\/strong><\/h2>\n\nAz XXL-es horogkamp\u00f3t k\u00f6t\u00e9llel egy\u00fctt haszn\u00e1ld. B\u00e1rmilyen k\u00f6t\u00e9l megfelel\u0151, de aj\u00e1nljuk a saj\u00e1t tervez\u00e9s\u0171, m\u00e1gneses horg\u00e1sz k\u00f6t\u00e9l\u00fcnket. Ennek a k\u00f6t\u00e9lnek zsin\u00f3rszeme van, amely megk\u00f6nny\u00edti a r\u00f6gz\u00edt\u00e9st. A horogkamp\u00f3 tetej\u00e9n menetes akaszt\u00f3f\u00fcl tal\u00e1lhat\u00f3, amelyhez a k\u00f6t\u00e9l k\u00f6nnyed\u00e9n r\u00f6gz\u00edthet\u0151.\n\n<h2><strong>Mely anyagok nem m\u00e1gnesesek?<\/strong><\/h2>\n\n<a href=\"https:\/\/magnetarmagnets.com\/collections\/fishing-magnets\">A horg\u00e1szm\u00e1gnesek<\/a> a v\u00edz alatti m\u00e1gneses t\u00e1rgyak kiemel\u00e9s\u00e9re szolg\u00e1lnak. Gondolj f\u00e9m ed\u00e9nyekre, l\u00e1basokra, kulcsokra \u00e9s m\u00e1s szersz\u00e1mokra. A nikkelb\u0151l k\u00e9sz\u00fclt t\u00e1rgyak is m\u00e1gnesesek, ahogy sok t\u00f6rt\u00e9nelmi \u00e9rme is. Emellett a m\u00e1gneseddel kobalt- \u00e9s ac\u00e9lt\u00e1rgyakat is ki tudsz emelni.\n\nEz az extra nagy horogkamp\u00f3 nem m\u00e1gneses t\u00e1rgyakhoz is haszn\u00e1lhat\u00f3. P\u00e9ld\u00e1ul alum\u00edniumb\u00f3l k\u00e9sz\u00fclt konzervdobozokhoz \u00e9s egy\u00e9b kieg\u00e9sz\u00edt\u0151 t\u00e1rgyakhoz. Tov\u00e1bb\u00e1 a r\u00e9z, \u00f3lom \u00e9s arany t\u00e1rgyak sem m\u00e1gnesesek, m\u00e9gis k\u00f6nnyed\u00e9n felhozhat\u00f3k horogkamp\u00f3val.\n\n<h2><strong>Teljes m\u00e1gnes horg\u00e1sz szett<\/strong><\/h2>\n\nTeljes m\u00e1gnes horg\u00e1sz szettet keresel, amely tartalmaz horogkamp\u00f3t is? A Magnetar t\u00f6bb olyan k\u00e9szletet k\u00edn\u00e1l, amelyben horg\u00e1szm\u00e1gnes, v\u00e9d\u0151sapka, horogkamp\u00f3, keszty\u0171k, m\u00e1gneses horg\u00e1sz k\u00f6t\u00e9l \u00e9s f\u00e9mragaszt\u00f3 is megtal\u00e1lhat\u00f3. Minden, amire a partn\u00e1l sz\u00fcks\u00e9ged lehet a legizgalmasabb leletek kiemel\u00e9s\u00e9hez. K\u00edv\u00e1ncsi vagy? Tekintsd meg a <a href=\"https:\/\/magnetarmagnets.com\/shop\/fishmagnet-package-pro\">Pro Package<\/a>-et vagy a <a href=\"https:\/\/magnetarmagnets.com\/shop\/savage-package-3500-lb-1600-kg-allround-360\">Savage Package<\/a>-et.\n\n<h2><strong>Figyelem!<\/strong><\/h2>\n\nAz XXL-es horogkamp\u00f3t a m\u00e1gnes horg\u00e1szat sor\u00e1n \u00f3vatosan haszn\u00e1ld. Haszn\u00e1lat ut\u00e1n aj\u00e1nlott a term\u00e9k tiszt\u00edt\u00e1sa, ezzel n\u00f6velve az \u00e9lettartamot. Emellett l\u00e9gy \u00f3vatos a horogkamp\u00f3 \u00e9les pontjaival, \u00e9s t\u00e1rold \u00fagy, hogy senki ne s\u00e9r\u00fclj\u00f6n meg.","protected":false},"excerpt":{"rendered":"<p>Tal\u00e1lkozol n\u00e9ha olyan t\u00e1rgyakkal, amiket egy horg\u00e1szm\u00e1gnes egyed\u00fcl lehetetlen kiemelni? Az <strong>XXL-es horogkamp\u00f3<\/strong> elengedhetetlen kieg\u00e9sz\u00edt\u0151 a m\u00e1gnes horg\u00e1szatban. Ez az eszk\u00f6z lehet\u0151v\u00e9 teszi, hogy <strong>nem m\u00e1gneses t\u00e1rgyakat<\/strong> is kih\u00fazz a v\u00edz al\u00f3l. A horogkamp\u00f3 teljes eg\u00e9sz\u00e9ben <strong>rozsdamentes ac\u00e9lb\u00f3l<\/strong> k\u00e9sz\u00fcl, hogy <strong>k\u00f6nnyed\u00e9n haszn\u00e1lhat\u00f3<\/strong> legyen a Magnetar horg\u00e1szm\u00e1gnessel egy\u00fctt.<\/p>\n","protected":false},"featured_media":75921,"comment_status":"open","ping_status":"closed","template":"","meta":{"_acf_changed":false,"inline_featured_image":false},"product_brand":[],"product_cat":[536,537],"product_tag":[],"class_list":{"0":"post-82659","1":"product","2":"type-product","3":"status-publish","4":"has-post-thumbnail","6":"product_cat-felszereles","7":"product_cat-horgasz-magnes-felszereles","9":"first","10":"instock","11":"sale","12":"taxable","13":"shipping-taxable","14":"purchasable","15":"product-type-simple"},"acf":[],"yoast_head":"<!-- This site is optimized with the Yoast SEO plugin v27.3 - https:\/\/yoast.com\/product\/yoast-seo-wordpress\/ -->\n<title>XXL-es horogkamp\u00f3 - Magnet fishing with a Magnetar fishing magnet<\/title>\n<meta name=\"description\" content=\"XXL-es horogkamp\u00f3 \u2013 nagyl\u00e9pt\u00e9k\u0171 m\u00e1gnes horg\u00e1szat a Magnetarral\" \/>\n<meta name=\"robots\" content=\"index, follow, max-snippet:-1, max-image-preview:large, max-video-preview:-1\" \/>\n<link rel=\"canonical\" href=\"https:\/\/magnetarmagnets.com\/hu\/shop\/xxl-es-horogkampo\/\" \/>\n<meta property=\"og:locale\" content=\"hu_HU\" \/>\n<meta property=\"og:type\" content=\"article\" \/>\n<meta property=\"og:title\" content=\"XXL-es horogkamp\u00f3 - Magnet fishing with a Magnetar fishing magnet\" \/>\n<meta property=\"og:description\" content=\"XXL-es horogkamp\u00f3 \u2013 nagyl\u00e9pt\u00e9k\u0171 m\u00e1gnes horg\u00e1szat a Magnetarral\" \/>\n<meta property=\"og:url\" content=\"https:\/\/magnetarmagnets.com\/hu\/shop\/xxl-es-horogkampo\/\" \/>\n<meta property=\"og:site_name\" content=\"Magnet fishing with a Magnetar fishing magnet\" \/>\n<meta property=\"article:publisher\" content=\"https:\/\/www.facebook.com\/fishingmagnets\/\" \/>\n<meta property=\"article:modified_time\" content=\"2026-04-04T05:15:23+00:00\" \/>\n<meta property=\"og:image\" content=\"https:\/\/magnetarmagnets.com\/wp-content\/uploads\/2015\/09\/werphaak-3.jpg\" \/>\n\t<meta property=\"og:image:width\" content=\"800\" \/>\n\t<meta property=\"og:image:height\" content=\"800\" \/>\n\t<meta property=\"og:image:type\" content=\"image\/jpeg\" \/>\n<meta name=\"twitter:card\" content=\"summary_large_image\" \/>\n<meta name=\"twitter:label1\" content=\"Becs\u00fclt olvas\u00e1si id\u0151\" \/>\n\t<meta name=\"twitter:data1\" content=\"3 perc\" \/>\n<script type=\"application\/ld+json\" class=\"yoast-schema-graph\">{\"@context\":\"https:\\\/\\\/schema.org\",\"@graph\":[{\"@type\":[\"WebPage\",\"ItemPage\"],\"@id\":\"https:\\\/\\\/magnetarmagnets.com\\\/hu\\\/shop\\\/xxl-es-horogkampo\\\/\",\"url\":\"https:\\\/\\\/magnetarmagnets.com\\\/hu\\\/shop\\\/xxl-es-horogkampo\\\/\",\"name\":\"XXL-es horogkamp\u00f3 - Magnet fishing with a Magnetar fishing magnet\",\"isPartOf\":{\"@id\":\"https:\\\/\\\/magnetarmagnets.com\\\/hu\\\/#website\"},\"primaryImageOfPage\":{\"@id\":\"https:\\\/\\\/magnetarmagnets.com\\\/hu\\\/shop\\\/xxl-es-horogkampo\\\/#primaryimage\"},\"image\":{\"@id\":\"https:\\\/\\\/magnetarmagnets.com\\\/hu\\\/shop\\\/xxl-es-horogkampo\\\/#primaryimage\"},\"thumbnailUrl\":\"https:\\\/\\\/magnetarmagnets.com\\\/wp-content\\\/uploads\\\/2015\\\/09\\\/werphaak-3.jpg\",\"datePublished\":\"2025-06-05T07:53:05+00:00\",\"dateModified\":\"2026-04-04T05:15:23+00:00\",\"description\":\"XXL-es horogkamp\u00f3 \u2013 nagyl\u00e9pt\u00e9k\u0171 m\u00e1gnes horg\u00e1szat a Magnetarral\",\"breadcrumb\":{\"@id\":\"https:\\\/\\\/magnetarmagnets.com\\\/hu\\\/shop\\\/xxl-es-horogkampo\\\/#breadcrumb\"},\"inLanguage\":\"hu\",\"potentialAction\":[{\"@type\":\"ReadAction\",\"target\":[\"https:\\\/\\\/magnetarmagnets.com\\\/hu\\\/shop\\\/xxl-es-horogkampo\\\/\"]}]},{\"@type\":\"ImageObject\",\"inLanguage\":\"hu\",\"@id\":\"https:\\\/\\\/magnetarmagnets.com\\\/hu\\\/shop\\\/xxl-es-horogkampo\\\/#primaryimage\",\"url\":\"https:\\\/\\\/magnetarmagnets.com\\\/wp-content\\\/uploads\\\/2015\\\/09\\\/werphaak-3.jpg\",\"contentUrl\":\"https:\\\/\\\/magnetarmagnets.com\\\/wp-content\\\/uploads\\\/2015\\\/09\\\/werphaak-3.jpg\",\"width\":800,\"height\":800,\"caption\":\"Dreghaak\"},{\"@type\":\"BreadcrumbList\",\"@id\":\"https:\\\/\\\/magnetarmagnets.com\\\/hu\\\/shop\\\/xxl-es-horogkampo\\\/#breadcrumb\",\"itemListElement\":[{\"@type\":\"ListItem\",\"position\":1,\"name\":\"Home\",\"item\":\"https:\\\/\\\/magnetarmagnets.com\\\/hu\\\/\"},{\"@type\":\"ListItem\",\"position\":2,\"name\":\"Webshop\",\"item\":\"https:\\\/\\\/magnetarmagnets.com\\\/webshop\\\/\"},{\"@type\":\"ListItem\",\"position\":3,\"name\":\"Felszerel\u00e9s\",\"item\":\"https:\\\/\\\/magnetarmagnets.com\\\/hu\\\/collections\\\/felszereles\\\/\"},{\"@type\":\"ListItem\",\"position\":4,\"name\":\"Horg\u00e1sz m\u00e1gnes felszerel\u00e9s\",\"item\":\"https:\\\/\\\/magnetarmagnets.com\\\/hu\\\/collections\\\/felszereles\\\/horgasz-magnes-felszereles\\\/\"},{\"@type\":\"ListItem\",\"position\":5,\"name\":\"XXL-es horogkamp\u00f3\"}]},{\"@type\":\"WebSite\",\"@id\":\"https:\\\/\\\/magnetarmagnets.com\\\/hu\\\/#website\",\"url\":\"https:\\\/\\\/magnetarmagnets.com\\\/hu\\\/\",\"name\":\"Magnet fishing with a Magnetar fishing magnet\",\"description\":\"Er\u0151s m\u00e1gnesek m\u00e1gneshorg\u00e1szathoz\",\"publisher\":{\"@id\":\"https:\\\/\\\/magnetarmagnets.com\\\/hu\\\/#organization\"},\"potentialAction\":[{\"@type\":\"SearchAction\",\"target\":{\"@type\":\"EntryPoint\",\"urlTemplate\":\"https:\\\/\\\/magnetarmagnets.com\\\/hu\\\/?s={search_term_string}\"},\"query-input\":{\"@type\":\"PropertyValueSpecification\",\"valueRequired\":true,\"valueName\":\"search_term_string\"}}],\"inLanguage\":\"hu\"},{\"@type\":\"Organization\",\"@id\":\"https:\\\/\\\/magnetarmagnets.com\\\/hu\\\/#organization\",\"name\":\"Magnetar\",\"url\":\"https:\\\/\\\/magnetarmagnets.com\\\/hu\\\/\",\"logo\":{\"@type\":\"ImageObject\",\"inLanguage\":\"hu\",\"@id\":\"https:\\\/\\\/magnetarmagnets.com\\\/hu\\\/#\\\/schema\\\/logo\\\/image\\\/\",\"url\":\"https:\\\/\\\/magnetarmagnets.com\\\/wp-content\\\/uploads\\\/2025\\\/05\\\/Logo-03_PNG-Black-scaled.png\",\"contentUrl\":\"https:\\\/\\\/magnetarmagnets.com\\\/wp-content\\\/uploads\\\/2025\\\/05\\\/Logo-03_PNG-Black-scaled.png\",\"width\":2560,\"height\":1658,\"caption\":\"Magnetar\"},\"image\":{\"@id\":\"https:\\\/\\\/magnetarmagnets.com\\\/hu\\\/#\\\/schema\\\/logo\\\/image\\\/\"},\"sameAs\":[\"https:\\\/\\\/www.facebook.com\\\/fishingmagnets\\\/\",\"https:\\\/\\\/www.instagram.com\\\/magnetar_magnets\\\/\",\"https:\\\/\\\/www.linkedin.com\\\/company\\\/magnetarbv\\\/?originalSubdomain=nl\",\"https:\\\/\\\/www.youtube.com\\\/c\\\/MagnetarVismagneet\"]}]}<\/script>\n<!-- \/ Yoast SEO plugin. -->","yoast_head_json":{"title":"XXL-es horogkamp\u00f3 - Magnet fishing with a Magnetar fishing magnet","description":"XXL-es horogkamp\u00f3 \u2013 nagyl\u00e9pt\u00e9k\u0171 m\u00e1gnes horg\u00e1szat a Magnetarral","robots":{"index":"index","follow":"follow","max-snippet":"max-snippet:-1","max-image-preview":"max-image-preview:large","max-video-preview":"max-video-preview:-1"},"canonical":"https:\/\/magnetarmagnets.com\/hu\/shop\/xxl-es-horogkampo\/","og_locale":"hu_HU","og_type":"article","og_title":"XXL-es horogkamp\u00f3 - Magnet fishing with a Magnetar fishing magnet","og_description":"XXL-es horogkamp\u00f3 \u2013 nagyl\u00e9pt\u00e9k\u0171 m\u00e1gnes horg\u00e1szat a Magnetarral","og_url":"https:\/\/magnetarmagnets.com\/hu\/shop\/xxl-es-horogkampo\/","og_site_name":"Magnet fishing with a Magnetar fishing magnet","article_publisher":"https:\/\/www.facebook.com\/fishingmagnets\/","article_modified_time":"2026-04-04T05:15:23+00:00","og_image":[{"width":800,"height":800,"url":"https:\/\/magnetarmagnets.com\/wp-content\/uploads\/2015\/09\/werphaak-3.jpg","type":"image\/jpeg"}],"twitter_card":"summary_large_image","twitter_misc":{"Becs\u00fclt olvas\u00e1si id\u0151":"3 perc"},"schema":{"@context":"https:\/\/schema.org","@graph":[{"@type":["WebPage","ItemPage"],"@id":"https:\/\/magnetarmagnets.com\/hu\/shop\/xxl-es-horogkampo\/","url":"https:\/\/magnetarmagnets.com\/hu\/shop\/xxl-es-horogkampo\/","name":"XXL-es horogkamp\u00f3 - Magnet fishing with a Magnetar fishing magnet","isPartOf":{"@id":"https:\/\/magnetarmagnets.com\/hu\/#website"},"primaryImageOfPage":{"@id":"https:\/\/magnetarmagnets.com\/hu\/shop\/xxl-es-horogkampo\/#primaryimage"},"image":{"@id":"https:\/\/magnetarmagnets.com\/hu\/shop\/xxl-es-horogkampo\/#primaryimage"},"thumbnailUrl":"https:\/\/magnetarmagnets.com\/wp-content\/uploads\/2015\/09\/werphaak-3.jpg","datePublished":"2025-06-05T07:53:05+00:00","dateModified":"2026-04-04T05:15:23+00:00","description":"XXL-es horogkamp\u00f3 \u2013 nagyl\u00e9pt\u00e9k\u0171 m\u00e1gnes horg\u00e1szat a Magnetarral","breadcrumb":{"@id":"https:\/\/magnetarmagnets.com\/hu\/shop\/xxl-es-horogkampo\/#breadcrumb"},"inLanguage":"hu","potentialAction":[{"@type":"ReadAction","target":["https:\/\/magnetarmagnets.com\/hu\/shop\/xxl-es-horogkampo\/"]}]},{"@type":"ImageObject","inLanguage":"hu","@id":"https:\/\/magnetarmagnets.com\/hu\/shop\/xxl-es-horogkampo\/#primaryimage","url":"https:\/\/magnetarmagnets.com\/wp-content\/uploads\/2015\/09\/werphaak-3.jpg","contentUrl":"https:\/\/magnetarmagnets.com\/wp-content\/uploads\/2015\/09\/werphaak-3.jpg","width":800,"height":800,"caption":"Dreghaak"},{"@type":"BreadcrumbList","@id":"https:\/\/magnetarmagnets.com\/hu\/shop\/xxl-es-horogkampo\/#breadcrumb","itemListElement":[{"@type":"ListItem","position":1,"name":"Home","item":"https:\/\/magnetarmagnets.com\/hu\/"},{"@type":"ListItem","position":2,"name":"Webshop","item":"https:\/\/magnetarmagnets.com\/webshop\/"},{"@type":"ListItem","position":3,"name":"Felszerel\u00e9s","item":"https:\/\/magnetarmagnets.com\/hu\/collections\/felszereles\/"},{"@type":"ListItem","position":4,"name":"Horg\u00e1sz m\u00e1gnes felszerel\u00e9s","item":"https:\/\/magnetarmagnets.com\/hu\/collections\/felszereles\/horgasz-magnes-felszereles\/"},{"@type":"ListItem","position":5,"name":"XXL-es horogkamp\u00f3"}]},{"@type":"WebSite","@id":"https:\/\/magnetarmagnets.com\/hu\/#website","url":"https:\/\/magnetarmagnets.com\/hu\/","name":"Magnet fishing with a Magnetar fishing magnet","description":"Er\u0151s m\u00e1gnesek m\u00e1gneshorg\u00e1szathoz","publisher":{"@id":"https:\/\/magnetarmagnets.com\/hu\/#organization"},"potentialAction":[{"@type":"SearchAction","target":{"@type":"EntryPoint","urlTemplate":"https:\/\/magnetarmagnets.com\/hu\/?s={search_term_string}"},"query-input":{"@type":"PropertyValueSpecification","valueRequired":true,"valueName":"search_term_string"}}],"inLanguage":"hu"},{"@type":"Organization","@id":"https:\/\/magnetarmagnets.com\/hu\/#organization","name":"Magnetar","url":"https:\/\/magnetarmagnets.com\/hu\/","logo":{"@type":"ImageObject","inLanguage":"hu","@id":"https:\/\/magnetarmagnets.com\/hu\/#\/schema\/logo\/image\/","url":"https:\/\/magnetarmagnets.com\/wp-content\/uploads\/2025\/05\/Logo-03_PNG-Black-scaled.png","contentUrl":"https:\/\/magnetarmagnets.com\/wp-content\/uploads\/2025\/05\/Logo-03_PNG-Black-scaled.png","width":2560,"height":1658,"caption":"Magnetar"},"image":{"@id":"https:\/\/magnetarmagnets.com\/hu\/#\/schema\/logo\/image\/"},"sameAs":["https:\/\/www.facebook.com\/fishingmagnets\/","https:\/\/www.instagram.com\/magnetar_magnets\/","https:\/\/www.linkedin.com\/company\/magnetarbv\/?originalSubdomain=nl","https:\/\/www.youtube.com\/c\/MagnetarVismagneet"]}]}},"_links":{"self":[{"href":"https:\/\/magnetarmagnets.com\/hu\/wp-json\/wp\/v2\/product\/82659","targetHints":{"allow":["GET"]}}],"collection":[{"href":"https:\/\/magnetarmagnets.com\/hu\/wp-json\/wp\/v2\/product"}],"about":[{"href":"https:\/\/magnetarmagnets.com\/hu\/wp-json\/wp\/v2\/types\/product"}],"replies":[{"embeddable":true,"href":"https:\/\/magnetarmagnets.com\/hu\/wp-json\/wp\/v2\/comments?post=82659"}],"version-history":[{"count":1,"href":"https:\/\/magnetarmagnets.com\/hu\/wp-json\/wp\/v2\/product\/82659\/revisions"}],"predecessor-version":[{"id":95318,"href":"https:\/\/magnetarmagnets.com\/hu\/wp-json\/wp\/v2\/product\/82659\/revisions\/95318"}],"wp:featuredmedia":[{"embeddable":true,"href":"https:\/\/magnetarmagnets.com\/hu\/wp-json\/wp\/v2\/media\/75921"}],"wp:attachment":[{"href":"https:\/\/magnetarmagnets.com\/hu\/wp-json\/wp\/v2\/media?parent=82659"}],"wp:term":[{"taxonomy":"product_brand","embeddable":true,"href":"https:\/\/magnetarmagnets.com\/hu\/wp-json\/wp\/v2\/product_brand?post=82659"},{"taxonomy":"product_cat","embeddable":true,"href":"https:\/\/magnetarmagnets.com\/hu\/wp-json\/wp\/v2\/product_cat?post=82659"},{"taxonomy":"product_tag","embeddable":true,"href":"https:\/\/magnetarmagnets.com\/hu\/wp-json\/wp\/v2\/product_tag?post=82659"}],"curies":[{"name":"wp","href":"https:\/\/api.w.org\/{rel}","templated":true}]}}