{"id":82654,"date":"2025-06-05T09:53:06","date_gmt":"2025-06-05T07:53:06","guid":{"rendered":"https:\/\/magnetarmagnets.com\/?post_type=product&#038;p=82654"},"modified":"2026-04-03T16:47:12","modified_gmt":"2026-04-03T14:47:12","slug":"magnetar-vodor-magnes-horgaszathoz","status":"publish","type":"product","link":"https:\/\/magnetarmagnets.com\/hu\/shop\/magnetar-vodor-magnes-horgaszathoz\/","title":{"rendered":"Magnetar v\u00f6d\u00f6r m\u00e1gnes horg\u00e1szathoz"},"content":{"rendered":"Mi a Magnetarn\u00e1l hisz\u00fcnk abban, hogy k\u00f6rnyezet\u00fcnk tiszt\u00e1n tart\u00e1sa legal\u00e1bb olyan fontos, mint az egyedi t\u00e1rgyak megtal\u00e1l\u00e1sa. V\u00e9lem\u00e9ny\u00fcnk szerint ez\u00e9rt minden m\u00e1gneshorg\u00e1sznak felel\u0151ss\u00e9ge van ebben. \u00c9ppen ez\u00e9rt k\u00edn\u00e1ljuk m\u00e1gnes horg\u00e1szathoz k\u00e9sz\u00fclt v\u00f6dr\u00fcnket. \u00cdgy hozz\u00e1j\u00e1rulsz a tiszt\u00e1bb vizekhez, \u00e9s kifejezed t\u00e1mogat\u00e1sodat a Magnetar ir\u00e1nt!\n\n<h2>Magnetar v\u00f6d\u00f6r m\u00e1gnes horg\u00e1szathoz<\/h2>\n\nAzok a t\u00e1rgyak, amelyek sok\u00e1ig a v\u00edzben voltak, gyakran t\u00f6rmel\u00e9ket hoznak magukkal. Maga a <a href=\"https:\/\/magnetarmagnets.com\/\">horg\u00e1sz m\u00e1gnes<\/a> is rengeteg apr\u00f3 szemetet vonz mag\u00e1hoz. Term\u00e9szetesen nem szeretn\u00e9d, hogy mindez a v\u00edzparton maradjon. Sz\u00f3val hova tegy\u00fck? N\u00e1lunk a Magnetar v\u00f6d\u00f6rbe.\n\n\n\nA Magnetar v\u00f6d\u00f6r nem kevesebb mint tizenk\u00e9t literes kapacit\u00e1ssal rendelkezik. Ennek k\u00f6sz\u00f6nhet\u0151en meglehet\u0151sen sok szemetet gy\u0171jthetsz \u00f6ssze, miel\u0151tt ki kellene \u00fcr\u00edtened a v\u00f6dr\u00f6t. A v\u00f6d\u00f6r hordoz\u00f3foganty\u00faval van ell\u00e1tva, \u00e9s m\u0171anyagb\u00f3l k\u00e9sz\u00fclt, \u00edgy ez a term\u00e9k igaz\u00e1n strapab\u00edr\u00f3.\n\n\n\nA Magnetar v\u00f6dr\u00f6t vonz\u00f3 matric\u00e1kkal l\u00e1ttuk el. El\u0151lapj\u00e1n a j\u00f3l ismert Magnetar log\u00f3 tal\u00e1lhat\u00f3, h\u00e1tulj\u00e1n pedig egy m\u00e1gneshorg\u00e1sz sziluettj\u00e9t l\u00e1thatod, amint \u00e9pp a horg\u00e1sz m\u00e1gnes\u00e9t a v\u00edzbe dobja.\n\n<h2>Elengedhetetlen kieg\u00e9sz\u00edt\u0151<\/h2>\n\nA Magnetar v\u00f6d\u00f6r elengedhetetlen kieg\u00e9sz\u00edt\u0151. A m\u00e1gneshorg\u00e1szk\u00e9nt \u00f6sszegy\u0171jt\u00f6tt szemetet eltakar\u00edtva nemcsak tiszt\u00e1bb vil\u00e1got teremtesz, hanem hozz\u00e1j\u00e1rulsz ehhez a csod\u00e1latos hobbi pozit\u00edv meg\u00edt\u00e9l\u00e9s\u00e9hez. Vonz\u00f3 \u00e1ra pedig kiv\u00e1l\u00f3 aj\u00e1nd\u00e9kk\u00e1 teszi.","protected":false},"excerpt":{"rendered":"<p>Tiszt\u00e1n tartod a v\u00edzpartot m\u00e1gnes horg\u00e1szat k\u00f6zben \u00e9s ut\u00e1n? A Magnetar v\u00f6d\u00f6rrel k\u00f6nnyed\u00e9n \u00f6sszegy\u0171jtheted az \u00f6sszes szemetet!<\/p>\n","protected":false},"featured_media":73442,"comment_status":"open","ping_status":"closed","template":"","meta":{"_acf_changed":false,"inline_featured_image":false},"product_brand":[],"product_cat":[536,537,538],"product_tag":[],"class_list":{"0":"post-82654","1":"product","2":"type-product","3":"status-publish","4":"has-post-thumbnail","6":"product_cat-felszereles","7":"product_cat-horgasz-magnes-felszereles","8":"product_cat-merchandise-hu","10":"first","11":"instock","12":"sale","13":"taxable","14":"shipping-taxable","15":"purchasable","16":"product-type-simple"},"acf":[],"yoast_head":"<!-- This site is optimized with the Yoast SEO plugin v27.3 - https:\/\/yoast.com\/product\/yoast-seo-wordpress\/ -->\n<title>Magnetar v\u00f6d\u00f6r m\u00e1gnes horg\u00e1szathoz - Magnet fishing with a Magnetar fishing magnet<\/title>\n<meta name=\"description\" content=\"Magnetar v\u00f6d\u00f6r - praktikus kieg\u00e9sz\u00edt\u0151 m\u00e1gnes horg\u00e1szathoz\" \/>\n<meta name=\"robots\" content=\"index, follow, max-snippet:-1, max-image-preview:large, max-video-preview:-1\" \/>\n<link rel=\"canonical\" href=\"https:\/\/magnetarmagnets.com\/hu\/shop\/magnetar-vodor-magnes-horgaszathoz\/\" \/>\n<meta property=\"og:locale\" content=\"hu_HU\" \/>\n<meta property=\"og:type\" content=\"article\" \/>\n<meta property=\"og:title\" content=\"Magnetar v\u00f6d\u00f6r m\u00e1gnes horg\u00e1szathoz - Magnet fishing with a Magnetar fishing magnet\" \/>\n<meta property=\"og:description\" content=\"Magnetar v\u00f6d\u00f6r - praktikus kieg\u00e9sz\u00edt\u0151 m\u00e1gnes horg\u00e1szathoz\" \/>\n<meta property=\"og:url\" content=\"https:\/\/magnetarmagnets.com\/hu\/shop\/magnetar-vodor-magnes-horgaszathoz\/\" \/>\n<meta property=\"og:site_name\" content=\"Magnet fishing with a Magnetar fishing magnet\" \/>\n<meta property=\"article:publisher\" content=\"https:\/\/www.facebook.com\/fishingmagnets\/\" \/>\n<meta property=\"article:modified_time\" content=\"2026-04-03T14:47:12+00:00\" \/>\n<meta property=\"og:image\" content=\"https:\/\/magnetarmagnets.com\/wp-content\/uploads\/2023\/09\/JNF-Magnetar-Bedrijfsfotografie-01-09-2023-Foto-0271.jpg\" \/>\n\t<meta property=\"og:image:width\" content=\"1000\" \/>\n\t<meta property=\"og:image:height\" content=\"1000\" \/>\n\t<meta property=\"og:image:type\" content=\"image\/jpeg\" \/>\n<meta name=\"twitter:card\" content=\"summary_large_image\" \/>\n<meta name=\"twitter:label1\" content=\"Becs\u00fclt olvas\u00e1si id\u0151\" \/>\n\t<meta name=\"twitter:data1\" content=\"2 perc\" \/>\n<script type=\"application\/ld+json\" class=\"yoast-schema-graph\">{\"@context\":\"https:\\\/\\\/schema.org\",\"@graph\":[{\"@type\":[\"WebPage\",\"ItemPage\"],\"@id\":\"https:\\\/\\\/magnetarmagnets.com\\\/hu\\\/shop\\\/magnetar-vodor-magnes-horgaszathoz\\\/\",\"url\":\"https:\\\/\\\/magnetarmagnets.com\\\/hu\\\/shop\\\/magnetar-vodor-magnes-horgaszathoz\\\/\",\"name\":\"Magnetar v\u00f6d\u00f6r m\u00e1gnes horg\u00e1szathoz - Magnet fishing with a Magnetar fishing magnet\",\"isPartOf\":{\"@id\":\"https:\\\/\\\/magnetarmagnets.com\\\/hu\\\/#website\"},\"primaryImageOfPage\":{\"@id\":\"https:\\\/\\\/magnetarmagnets.com\\\/hu\\\/shop\\\/magnetar-vodor-magnes-horgaszathoz\\\/#primaryimage\"},\"image\":{\"@id\":\"https:\\\/\\\/magnetarmagnets.com\\\/hu\\\/shop\\\/magnetar-vodor-magnes-horgaszathoz\\\/#primaryimage\"},\"thumbnailUrl\":\"https:\\\/\\\/magnetarmagnets.com\\\/wp-content\\\/uploads\\\/2023\\\/09\\\/JNF-Magnetar-Bedrijfsfotografie-01-09-2023-Foto-0271.jpg\",\"datePublished\":\"2025-06-05T07:53:06+00:00\",\"dateModified\":\"2026-04-03T14:47:12+00:00\",\"description\":\"Magnetar v\u00f6d\u00f6r - praktikus kieg\u00e9sz\u00edt\u0151 m\u00e1gnes horg\u00e1szathoz\",\"breadcrumb\":{\"@id\":\"https:\\\/\\\/magnetarmagnets.com\\\/hu\\\/shop\\\/magnetar-vodor-magnes-horgaszathoz\\\/#breadcrumb\"},\"inLanguage\":\"hu\",\"potentialAction\":[{\"@type\":\"ReadAction\",\"target\":[\"https:\\\/\\\/magnetarmagnets.com\\\/hu\\\/shop\\\/magnetar-vodor-magnes-horgaszathoz\\\/\"]}]},{\"@type\":\"ImageObject\",\"inLanguage\":\"hu\",\"@id\":\"https:\\\/\\\/magnetarmagnets.com\\\/hu\\\/shop\\\/magnetar-vodor-magnes-horgaszathoz\\\/#primaryimage\",\"url\":\"https:\\\/\\\/magnetarmagnets.com\\\/wp-content\\\/uploads\\\/2023\\\/09\\\/JNF-Magnetar-Bedrijfsfotografie-01-09-2023-Foto-0271.jpg\",\"contentUrl\":\"https:\\\/\\\/magnetarmagnets.com\\\/wp-content\\\/uploads\\\/2023\\\/09\\\/JNF-Magnetar-Bedrijfsfotografie-01-09-2023-Foto-0271.jpg\",\"width\":1000,\"height\":1000,\"caption\":\"The Magnetar bucket is ideal for magnet fishing\"},{\"@type\":\"BreadcrumbList\",\"@id\":\"https:\\\/\\\/magnetarmagnets.com\\\/hu\\\/shop\\\/magnetar-vodor-magnes-horgaszathoz\\\/#breadcrumb\",\"itemListElement\":[{\"@type\":\"ListItem\",\"position\":1,\"name\":\"Home\",\"item\":\"https:\\\/\\\/magnetarmagnets.com\\\/hu\\\/\"},{\"@type\":\"ListItem\",\"position\":2,\"name\":\"Webshop\",\"item\":\"https:\\\/\\\/magnetarmagnets.com\\\/webshop\\\/\"},{\"@type\":\"ListItem\",\"position\":3,\"name\":\"Felszerel\u00e9s\",\"item\":\"https:\\\/\\\/magnetarmagnets.com\\\/hu\\\/collections\\\/felszereles\\\/\"},{\"@type\":\"ListItem\",\"position\":4,\"name\":\"Merchandise\",\"item\":\"https:\\\/\\\/magnetarmagnets.com\\\/hu\\\/collections\\\/felszereles\\\/merchandise-hu\\\/\"},{\"@type\":\"ListItem\",\"position\":5,\"name\":\"Magnetar v\u00f6d\u00f6r m\u00e1gnes horg\u00e1szathoz\"}]},{\"@type\":\"WebSite\",\"@id\":\"https:\\\/\\\/magnetarmagnets.com\\\/hu\\\/#website\",\"url\":\"https:\\\/\\\/magnetarmagnets.com\\\/hu\\\/\",\"name\":\"Magnet fishing with a Magnetar fishing magnet\",\"description\":\"Er\u0151s m\u00e1gnesek m\u00e1gneshorg\u00e1szathoz\",\"publisher\":{\"@id\":\"https:\\\/\\\/magnetarmagnets.com\\\/hu\\\/#organization\"},\"potentialAction\":[{\"@type\":\"SearchAction\",\"target\":{\"@type\":\"EntryPoint\",\"urlTemplate\":\"https:\\\/\\\/magnetarmagnets.com\\\/hu\\\/?s={search_term_string}\"},\"query-input\":{\"@type\":\"PropertyValueSpecification\",\"valueRequired\":true,\"valueName\":\"search_term_string\"}}],\"inLanguage\":\"hu\"},{\"@type\":\"Organization\",\"@id\":\"https:\\\/\\\/magnetarmagnets.com\\\/hu\\\/#organization\",\"name\":\"Magnetar\",\"url\":\"https:\\\/\\\/magnetarmagnets.com\\\/hu\\\/\",\"logo\":{\"@type\":\"ImageObject\",\"inLanguage\":\"hu\",\"@id\":\"https:\\\/\\\/magnetarmagnets.com\\\/hu\\\/#\\\/schema\\\/logo\\\/image\\\/\",\"url\":\"https:\\\/\\\/magnetarmagnets.com\\\/wp-content\\\/uploads\\\/2025\\\/05\\\/Logo-03_PNG-Black-scaled.png\",\"contentUrl\":\"https:\\\/\\\/magnetarmagnets.com\\\/wp-content\\\/uploads\\\/2025\\\/05\\\/Logo-03_PNG-Black-scaled.png\",\"width\":2560,\"height\":1658,\"caption\":\"Magnetar\"},\"image\":{\"@id\":\"https:\\\/\\\/magnetarmagnets.com\\\/hu\\\/#\\\/schema\\\/logo\\\/image\\\/\"},\"sameAs\":[\"https:\\\/\\\/www.facebook.com\\\/fishingmagnets\\\/\",\"https:\\\/\\\/www.instagram.com\\\/magnetar_magnets\\\/\",\"https:\\\/\\\/www.linkedin.com\\\/company\\\/magnetarbv\\\/?originalSubdomain=nl\",\"https:\\\/\\\/www.youtube.com\\\/c\\\/MagnetarVismagneet\"]}]}<\/script>\n<!-- \/ Yoast SEO plugin. -->","yoast_head_json":{"title":"Magnetar v\u00f6d\u00f6r m\u00e1gnes horg\u00e1szathoz - Magnet fishing with a Magnetar fishing magnet","description":"Magnetar v\u00f6d\u00f6r - praktikus kieg\u00e9sz\u00edt\u0151 m\u00e1gnes horg\u00e1szathoz","robots":{"index":"index","follow":"follow","max-snippet":"max-snippet:-1","max-image-preview":"max-image-preview:large","max-video-preview":"max-video-preview:-1"},"canonical":"https:\/\/magnetarmagnets.com\/hu\/shop\/magnetar-vodor-magnes-horgaszathoz\/","og_locale":"hu_HU","og_type":"article","og_title":"Magnetar v\u00f6d\u00f6r m\u00e1gnes horg\u00e1szathoz - Magnet fishing with a Magnetar fishing magnet","og_description":"Magnetar v\u00f6d\u00f6r - praktikus kieg\u00e9sz\u00edt\u0151 m\u00e1gnes horg\u00e1szathoz","og_url":"https:\/\/magnetarmagnets.com\/hu\/shop\/magnetar-vodor-magnes-horgaszathoz\/","og_site_name":"Magnet fishing with a Magnetar fishing magnet","article_publisher":"https:\/\/www.facebook.com\/fishingmagnets\/","article_modified_time":"2026-04-03T14:47:12+00:00","og_image":[{"width":1000,"height":1000,"url":"https:\/\/magnetarmagnets.com\/wp-content\/uploads\/2023\/09\/JNF-Magnetar-Bedrijfsfotografie-01-09-2023-Foto-0271.jpg","type":"image\/jpeg"}],"twitter_card":"summary_large_image","twitter_misc":{"Becs\u00fclt olvas\u00e1si id\u0151":"2 perc"},"schema":{"@context":"https:\/\/schema.org","@graph":[{"@type":["WebPage","ItemPage"],"@id":"https:\/\/magnetarmagnets.com\/hu\/shop\/magnetar-vodor-magnes-horgaszathoz\/","url":"https:\/\/magnetarmagnets.com\/hu\/shop\/magnetar-vodor-magnes-horgaszathoz\/","name":"Magnetar v\u00f6d\u00f6r m\u00e1gnes horg\u00e1szathoz - Magnet fishing with a Magnetar fishing magnet","isPartOf":{"@id":"https:\/\/magnetarmagnets.com\/hu\/#website"},"primaryImageOfPage":{"@id":"https:\/\/magnetarmagnets.com\/hu\/shop\/magnetar-vodor-magnes-horgaszathoz\/#primaryimage"},"image":{"@id":"https:\/\/magnetarmagnets.com\/hu\/shop\/magnetar-vodor-magnes-horgaszathoz\/#primaryimage"},"thumbnailUrl":"https:\/\/magnetarmagnets.com\/wp-content\/uploads\/2023\/09\/JNF-Magnetar-Bedrijfsfotografie-01-09-2023-Foto-0271.jpg","datePublished":"2025-06-05T07:53:06+00:00","dateModified":"2026-04-03T14:47:12+00:00","description":"Magnetar v\u00f6d\u00f6r - praktikus kieg\u00e9sz\u00edt\u0151 m\u00e1gnes horg\u00e1szathoz","breadcrumb":{"@id":"https:\/\/magnetarmagnets.com\/hu\/shop\/magnetar-vodor-magnes-horgaszathoz\/#breadcrumb"},"inLanguage":"hu","potentialAction":[{"@type":"ReadAction","target":["https:\/\/magnetarmagnets.com\/hu\/shop\/magnetar-vodor-magnes-horgaszathoz\/"]}]},{"@type":"ImageObject","inLanguage":"hu","@id":"https:\/\/magnetarmagnets.com\/hu\/shop\/magnetar-vodor-magnes-horgaszathoz\/#primaryimage","url":"https:\/\/magnetarmagnets.com\/wp-content\/uploads\/2023\/09\/JNF-Magnetar-Bedrijfsfotografie-01-09-2023-Foto-0271.jpg","contentUrl":"https:\/\/magnetarmagnets.com\/wp-content\/uploads\/2023\/09\/JNF-Magnetar-Bedrijfsfotografie-01-09-2023-Foto-0271.jpg","width":1000,"height":1000,"caption":"The Magnetar bucket is ideal for magnet fishing"},{"@type":"BreadcrumbList","@id":"https:\/\/magnetarmagnets.com\/hu\/shop\/magnetar-vodor-magnes-horgaszathoz\/#breadcrumb","itemListElement":[{"@type":"ListItem","position":1,"name":"Home","item":"https:\/\/magnetarmagnets.com\/hu\/"},{"@type":"ListItem","position":2,"name":"Webshop","item":"https:\/\/magnetarmagnets.com\/webshop\/"},{"@type":"ListItem","position":3,"name":"Felszerel\u00e9s","item":"https:\/\/magnetarmagnets.com\/hu\/collections\/felszereles\/"},{"@type":"ListItem","position":4,"name":"Merchandise","item":"https:\/\/magnetarmagnets.com\/hu\/collections\/felszereles\/merchandise-hu\/"},{"@type":"ListItem","position":5,"name":"Magnetar v\u00f6d\u00f6r m\u00e1gnes horg\u00e1szathoz"}]},{"@type":"WebSite","@id":"https:\/\/magnetarmagnets.com\/hu\/#website","url":"https:\/\/magnetarmagnets.com\/hu\/","name":"Magnet fishing with a Magnetar fishing magnet","description":"Er\u0151s m\u00e1gnesek m\u00e1gneshorg\u00e1szathoz","publisher":{"@id":"https:\/\/magnetarmagnets.com\/hu\/#organization"},"potentialAction":[{"@type":"SearchAction","target":{"@type":"EntryPoint","urlTemplate":"https:\/\/magnetarmagnets.com\/hu\/?s={search_term_string}"},"query-input":{"@type":"PropertyValueSpecification","valueRequired":true,"valueName":"search_term_string"}}],"inLanguage":"hu"},{"@type":"Organization","@id":"https:\/\/magnetarmagnets.com\/hu\/#organization","name":"Magnetar","url":"https:\/\/magnetarmagnets.com\/hu\/","logo":{"@type":"ImageObject","inLanguage":"hu","@id":"https:\/\/magnetarmagnets.com\/hu\/#\/schema\/logo\/image\/","url":"https:\/\/magnetarmagnets.com\/wp-content\/uploads\/2025\/05\/Logo-03_PNG-Black-scaled.png","contentUrl":"https:\/\/magnetarmagnets.com\/wp-content\/uploads\/2025\/05\/Logo-03_PNG-Black-scaled.png","width":2560,"height":1658,"caption":"Magnetar"},"image":{"@id":"https:\/\/magnetarmagnets.com\/hu\/#\/schema\/logo\/image\/"},"sameAs":["https:\/\/www.facebook.com\/fishingmagnets\/","https:\/\/www.instagram.com\/magnetar_magnets\/","https:\/\/www.linkedin.com\/company\/magnetarbv\/?originalSubdomain=nl","https:\/\/www.youtube.com\/c\/MagnetarVismagneet"]}]}},"_links":{"self":[{"href":"https:\/\/magnetarmagnets.com\/hu\/wp-json\/wp\/v2\/product\/82654","targetHints":{"allow":["GET"]}}],"collection":[{"href":"https:\/\/magnetarmagnets.com\/hu\/wp-json\/wp\/v2\/product"}],"about":[{"href":"https:\/\/magnetarmagnets.com\/hu\/wp-json\/wp\/v2\/types\/product"}],"replies":[{"embeddable":true,"href":"https:\/\/magnetarmagnets.com\/hu\/wp-json\/wp\/v2\/comments?post=82654"}],"version-history":[{"count":0,"href":"https:\/\/magnetarmagnets.com\/hu\/wp-json\/wp\/v2\/product\/82654\/revisions"}],"wp:featuredmedia":[{"embeddable":true,"href":"https:\/\/magnetarmagnets.com\/hu\/wp-json\/wp\/v2\/media\/73442"}],"wp:attachment":[{"href":"https:\/\/magnetarmagnets.com\/hu\/wp-json\/wp\/v2\/media?parent=82654"}],"wp:term":[{"taxonomy":"product_brand","embeddable":true,"href":"https:\/\/magnetarmagnets.com\/hu\/wp-json\/wp\/v2\/product_brand?post=82654"},{"taxonomy":"product_cat","embeddable":true,"href":"https:\/\/magnetarmagnets.com\/hu\/wp-json\/wp\/v2\/product_cat?post=82654"},{"taxonomy":"product_tag","embeddable":true,"href":"https:\/\/magnetarmagnets.com\/hu\/wp-json\/wp\/v2\/product_tag?post=82654"}],"curies":[{"name":"wp","href":"https:\/\/api.w.org\/{rel}","templated":true}]}}