{"id":82653,"date":"2025-06-05T09:53:05","date_gmt":"2025-06-05T07:53:05","guid":{"rendered":"https:\/\/magnetarmagnets.com\/?post_type=product&#038;p=82653"},"modified":"2026-04-26T05:35:25","modified_gmt":"2026-04-26T03:35:25","slug":"double-impact","status":"publish","type":"product","link":"https:\/\/magnetarmagnets.com\/hu\/shop\/double-impact\/","title":{"rendered":"Double Impact"},"content":{"rendered":"Nem csak egy, hanem k\u00e9t m\u00e1gnest haszn\u00e1lsz m\u00e1gnes horg\u00e1szat k\u00f6zben? Furcs\u00e1n hangozhat, de a Double Impact haszn\u00e1lata ut\u00e1n m\u00e1sk\u00e9pp fogsz gondolkodni! Ez a term\u00e9k lehet\u0151v\u00e9 teszi, hogy k\u00e9t Magnetar horg\u00e1sz m\u00e1gnest haszn\u00e1lj gy\u00f6ny\u00f6r\u0171 v\u00edz alatti kincsek felkutat\u00e1s\u00e1hoz.\n\n\n\nT\u00f6bb mindent egyben szeretn\u00e9l? N\u00e9zd meg a <a href=\"https:\/\/magnetarmagnets.com\/shop\/double-impact-package\">Double Impact csomagjainkat<\/a>. Ezek horg\u00e1sz m\u00e1gneseket, v\u00e9d\u0151tokokat, k\u00f6telet \u00e9s egy\u00e9b kieg\u00e9sz\u00edt\u0151ket tartalmaznak.\n\n<h2>Fokozott fog\u00e1si es\u00e9lyek a Double Impacttel<\/h2>\n\nHa Magnetar horg\u00e1sz m\u00e1gnest haszn\u00e1lsz, tudod, hogy a v\u00edzb\u0151l gond n\u00e9lk\u00fcl ki tudsz hozni szinte b\u00e1rmilyen t\u00e1rgyat. Mindig keress\u00fck azonban a m\u00f3dj\u00e1t, hogy n\u00f6velj\u00fck a m\u00e1gnes horg\u00e1szat fog\u00e1si potenci\u00e1lj\u00e1t. Erre a Double Impact t\u00f6k\u00e9letes.\n\n\n\nA Double Impact egy \u00faj eszk\u00f6z a m\u00e1gnes horg\u00e1szat sz\u00e1m\u00e1ra. Egy gy\u0171r\u0171, amely k\u00e9t f\u00e9mp\u00e1lc\u00e1t k\u00f6t \u00f6ssze. A Magnetar horg\u00e1sz m\u00e1gneseket ezekre a p\u00e1lc\u00e1kra r\u00f6gz\u00edtheted. \u00daj vagy m\u00e1r megl\u00e9v\u0151 m\u00e1gnest is haszn\u00e1lhatsz.\n\n\n\nA Double Impacttel k\u00e9tszeres es\u00e9llyel tal\u00e1lhatsz valamit. A m\u00e1gnesek m\u00e1gneses tere tasz\u00edtja egym\u00e1st, ami jelent\u0151sen megn\u00f6veli az \u00f6sszm\u00e1gneses teret, pozit\u00edv hat\u00e1ssal a fog\u00e1si sikerre. A nagyobb m\u00e1gneses t\u00e9r mellett ez az eszk\u00f6z k\u00e9t m\u00e1gnest is m\u0171k\u00f6d\u00e9sbe hoz, amelyek egy\u00fctt m\u00e9g nagyobb t\u00e1rgyakat hozhatnak fel a v\u00edzb\u0151l, ha k\u00e9t horg\u00e1sz m\u00e1gnest r\u00f6gz\u00edtesz.\n\n<h2>Hogyan haszn\u00e1ld a Double Impactet?<\/h2>\n\nA m\u00e1gnes horg\u00e1szat k\u00fcl\u00f6nf\u00e9lek\u00e9ppen v\u00e9gezhet\u0151, \u00e9s a Double Impactet is t\u00f6bbf\u00e9lek\u00e9ppen lehet alkalmazni. Ez az eszk\u00f6z azonban legink\u00e1bb h\u00faz\u00f3s m\u00f3dban hat\u00e9kony. \u00cdgy k\u00f6nnyed\u00e9n nagyobb ter\u00fcletet fedhetsz le a v\u00edzben.\n\n<h2>Mit csatlakoztathatsz a Double Impacthez?<\/h2>\n\nA Double Impact k\u00fcl\u00f6nf\u00e9le Magnetar term\u00e9kekkel haszn\u00e1lhat\u00f3. Elvileg b\u00e1rmely all-round 360\u00b0 horg\u00e1sz m\u00e1gnes alkalmazhat\u00f3, de mi els\u0151sorban az <a href=\"https:\/\/magnetarmagnets.com\/shop\/easy-magnet\/?v=796834e7a283\">Easy<\/a> vagy a <a href=\"https:\/\/magnetarmagnets.com\/shop\/hardcore-magnet-2\/?v=796834e7a283\">Hardcore<\/a> m\u00e1gneseket aj\u00e1nljuk. A Classic 110, 200 \u00e9s 300 modellek is kompatibilisek ezzel az eszk\u00f6zzel.\n\n\n\nK\u00f6nnyed\u00e9n r\u00f6gz\u00edthetsz egy akad\u00f3horog is a Double Impacthez. \u00cdgy p\u00e9ld\u00e1ul egy horg\u00e1sz m\u00e1gnest \u00e9s egy akad\u00f3horog is haszn\u00e1lhatsz egyszerre. Fontos megjegyezni, hogy ez a term\u00e9k nem tartalmazza a m\u00e1gneseket vagy egy\u00e9b kieg\u00e9sz\u00edt\u0151ket.\n\n<h2>Biztons\u00e1gi figyelmeztet\u00e9s<\/h2>\n\nA Magnetarn\u00e1l a biztons\u00e1g az els\u0151dleges. Ez\u00e9rt szeretn\u00e9nk figyelmeztetni a Double Impact haszn\u00e1lata el\u0151tt. Er\u0151s m\u00e1gnesek \u00f6sszehozatala vesz\u00e9lyes helyzeteket eredm\u00e9nyezhet. L\u00e9gy k\u00f6r\u00fcltekint\u0151 az \u00f6sszeszerel\u00e9s sor\u00e1n. A Magnetar nem v\u00e1llal felel\u0151ss\u00e9get gondatlan haszn\u00e1latb\u00f3l ered\u0151 s\u00e9r\u00fcl\u00e9sek\u00e9rt.\n\n\n\nElvileg a Double Impact haszn\u00e1lhat\u00f3 a <a href=\"https:\/\/magnetarmagnets.com\/shop\/exclusive-terror-magnet\">Terror<\/a>, <a href=\"https:\/\/magnetarmagnets.com\/shop\/beast-magnet\">Beast<\/a> \u00e9s <a href=\"https:\/\/magnetarmagnets.com\/shop\/barbarian-magnet\">Barbarian<\/a> m\u00e1gnesekkel is. Ebben az esetben a Magnetar nem v\u00e1llal felel\u0151ss\u00e9get semmilyen baleset\u00e9rt.","protected":false},"excerpt":{"rendered":"<p><strong>Dupl\u00e1zd meg az es\u00e9lyeidet<\/strong> a m\u00e1gnes horg\u00e1szat sor\u00e1n a Magnetar Double Impact eszk\u00f6z\u00e9vel! Ezzel a kieg\u00e9sz\u00edt\u0151vel <strong>k\u00e9t horg\u00e1sz m\u00e1gnes<\/strong> <strong>vagy egy horg\u00e1sz m\u00e1gnes \u00e9s egy akad\u00f3horog<\/strong> kombin\u00e1lhat\u00f3. A m\u00e1gnesek nem tartoz\u00e9kok.<\/p>\n","protected":false},"featured_media":73370,"comment_status":"open","ping_status":"closed","template":"","meta":{"_acf_changed":false,"inline_featured_image":false},"product_brand":[],"product_cat":[536,537,1005,543],"product_tag":[],"class_list":{"0":"post-82653","1":"product","2":"type-product","3":"status-publish","4":"has-post-thumbnail","6":"product_cat-felszereles","7":"product_cat-horgasz-magnes-felszereles","8":"product_cat-osszes-termek","9":"product_cat-profik","11":"first","12":"instock","13":"sale","14":"taxable","15":"shipping-taxable","16":"purchasable","17":"product-type-simple"},"acf":[],"yoast_head":"<!-- This site is optimized with the Yoast SEO plugin v27.5 - https:\/\/yoast.com\/product\/yoast-seo-wordpress\/ -->\n<title>Double Impact - Magnet fishing with a Magnetar fishing magnet<\/title>\n<meta name=\"description\" content=\"Double Impact \u2013 a Magnetar horg\u00e1szfelszerel\u00e9s elengedhetetlen kieg\u00e9sz\u00edt\u0151je\" \/>\n<meta name=\"robots\" content=\"index, follow, max-snippet:-1, max-image-preview:large, max-video-preview:-1\" \/>\n<link rel=\"canonical\" href=\"https:\/\/magnetarmagnets.com\/hu\/shop\/double-impact\/\" \/>\n<meta property=\"og:locale\" content=\"hu_HU\" \/>\n<meta property=\"og:type\" content=\"article\" \/>\n<meta property=\"og:title\" content=\"Double Impact - Magnet fishing with a Magnetar fishing magnet\" \/>\n<meta property=\"og:description\" content=\"Double Impact \u2013 a Magnetar horg\u00e1szfelszerel\u00e9s elengedhetetlen kieg\u00e9sz\u00edt\u0151je\" \/>\n<meta property=\"og:url\" content=\"https:\/\/magnetarmagnets.com\/hu\/shop\/double-impact\/\" \/>\n<meta property=\"og:site_name\" content=\"Magnet fishing with a Magnetar fishing magnet\" \/>\n<meta property=\"article:publisher\" content=\"https:\/\/www.facebook.com\/fishingmagnets\/\" \/>\n<meta property=\"article:modified_time\" content=\"2026-04-26T03:35:25+00:00\" \/>\n<meta property=\"og:image\" content=\"https:\/\/magnetarmagnets.com\/wp-content\/uploads\/2023\/09\/JNF-Magnetar-Bedrijfsfotografie-01-09-2023-Foto-0158.jpg\" \/>\n\t<meta property=\"og:image:width\" content=\"1000\" \/>\n\t<meta property=\"og:image:height\" content=\"1000\" \/>\n\t<meta property=\"og:image:type\" content=\"image\/jpeg\" \/>\n<meta name=\"twitter:card\" content=\"summary_large_image\" \/>\n<meta name=\"twitter:label1\" content=\"Becs\u00fclt olvas\u00e1si id\u0151\" \/>\n\t<meta name=\"twitter:data1\" content=\"3 perc\" \/>\n<script type=\"application\/ld+json\" class=\"yoast-schema-graph\">{\"@context\":\"https:\\\/\\\/schema.org\",\"@graph\":[{\"@type\":[\"WebPage\",\"ItemPage\"],\"@id\":\"https:\\\/\\\/magnetarmagnets.com\\\/hu\\\/shop\\\/double-impact\\\/\",\"url\":\"https:\\\/\\\/magnetarmagnets.com\\\/hu\\\/shop\\\/double-impact\\\/\",\"name\":\"Double Impact - Magnet fishing with a Magnetar fishing magnet\",\"isPartOf\":{\"@id\":\"https:\\\/\\\/magnetarmagnets.com\\\/hu\\\/#website\"},\"primaryImageOfPage\":{\"@id\":\"https:\\\/\\\/magnetarmagnets.com\\\/hu\\\/shop\\\/double-impact\\\/#primaryimage\"},\"image\":{\"@id\":\"https:\\\/\\\/magnetarmagnets.com\\\/hu\\\/shop\\\/double-impact\\\/#primaryimage\"},\"thumbnailUrl\":\"https:\\\/\\\/magnetarmagnets.com\\\/wp-content\\\/uploads\\\/2023\\\/09\\\/JNF-Magnetar-Bedrijfsfotografie-01-09-2023-Foto-0158.jpg\",\"datePublished\":\"2025-06-05T07:53:05+00:00\",\"dateModified\":\"2026-04-26T03:35:25+00:00\",\"description\":\"Double Impact \u2013 a Magnetar horg\u00e1szfelszerel\u00e9s elengedhetetlen kieg\u00e9sz\u00edt\u0151je\",\"breadcrumb\":{\"@id\":\"https:\\\/\\\/magnetarmagnets.com\\\/hu\\\/shop\\\/double-impact\\\/#breadcrumb\"},\"inLanguage\":\"hu\",\"potentialAction\":[{\"@type\":\"ReadAction\",\"target\":[\"https:\\\/\\\/magnetarmagnets.com\\\/hu\\\/shop\\\/double-impact\\\/\"]}]},{\"@type\":\"ImageObject\",\"inLanguage\":\"hu\",\"@id\":\"https:\\\/\\\/magnetarmagnets.com\\\/hu\\\/shop\\\/double-impact\\\/#primaryimage\",\"url\":\"https:\\\/\\\/magnetarmagnets.com\\\/wp-content\\\/uploads\\\/2023\\\/09\\\/JNF-Magnetar-Bedrijfsfotografie-01-09-2023-Foto-0158.jpg\",\"contentUrl\":\"https:\\\/\\\/magnetarmagnets.com\\\/wp-content\\\/uploads\\\/2023\\\/09\\\/JNF-Magnetar-Bedrijfsfotografie-01-09-2023-Foto-0158.jpg\",\"width\":1000,\"height\":1000,\"caption\":\"Magnetar's Double Impact allows you to combine two magnets while magnet fishing.\"},{\"@type\":\"BreadcrumbList\",\"@id\":\"https:\\\/\\\/magnetarmagnets.com\\\/hu\\\/shop\\\/double-impact\\\/#breadcrumb\",\"itemListElement\":[{\"@type\":\"ListItem\",\"position\":1,\"name\":\"Home\",\"item\":\"https:\\\/\\\/magnetarmagnets.com\\\/hu\\\/\"},{\"@type\":\"ListItem\",\"position\":2,\"name\":\"Webshop\",\"item\":\"https:\\\/\\\/magnetarmagnets.com\\\/webshop\\\/\"},{\"@type\":\"ListItem\",\"position\":3,\"name\":\"Felszerel\u00e9s\",\"item\":\"https:\\\/\\\/magnetarmagnets.com\\\/hu\\\/collections\\\/felszereles\\\/\"},{\"@type\":\"ListItem\",\"position\":4,\"name\":\"Horg\u00e1sz m\u00e1gnes felszerel\u00e9s\",\"item\":\"https:\\\/\\\/magnetarmagnets.com\\\/hu\\\/collections\\\/felszereles\\\/horgasz-magnes-felszereles\\\/\"},{\"@type\":\"ListItem\",\"position\":5,\"name\":\"Double Impact\"}]},{\"@type\":\"WebSite\",\"@id\":\"https:\\\/\\\/magnetarmagnets.com\\\/hu\\\/#website\",\"url\":\"https:\\\/\\\/magnetarmagnets.com\\\/hu\\\/\",\"name\":\"Magnet fishing with a Magnetar fishing magnet\",\"description\":\"Er\u0151s m\u00e1gnesek m\u00e1gneshorg\u00e1szathoz\",\"publisher\":{\"@id\":\"https:\\\/\\\/magnetarmagnets.com\\\/hu\\\/#organization\"},\"potentialAction\":[{\"@type\":\"SearchAction\",\"target\":{\"@type\":\"EntryPoint\",\"urlTemplate\":\"https:\\\/\\\/magnetarmagnets.com\\\/hu\\\/?s={search_term_string}\"},\"query-input\":{\"@type\":\"PropertyValueSpecification\",\"valueRequired\":true,\"valueName\":\"search_term_string\"}}],\"inLanguage\":\"hu\"},{\"@type\":\"Organization\",\"@id\":\"https:\\\/\\\/magnetarmagnets.com\\\/hu\\\/#organization\",\"name\":\"Magnetar\",\"url\":\"https:\\\/\\\/magnetarmagnets.com\\\/hu\\\/\",\"logo\":{\"@type\":\"ImageObject\",\"inLanguage\":\"hu\",\"@id\":\"https:\\\/\\\/magnetarmagnets.com\\\/hu\\\/#\\\/schema\\\/logo\\\/image\\\/\",\"url\":\"https:\\\/\\\/magnetarmagnets.com\\\/wp-content\\\/uploads\\\/2025\\\/05\\\/Logo-03_PNG-Black-scaled.png\",\"contentUrl\":\"https:\\\/\\\/magnetarmagnets.com\\\/wp-content\\\/uploads\\\/2025\\\/05\\\/Logo-03_PNG-Black-scaled.png\",\"width\":2560,\"height\":1658,\"caption\":\"Magnetar\"},\"image\":{\"@id\":\"https:\\\/\\\/magnetarmagnets.com\\\/hu\\\/#\\\/schema\\\/logo\\\/image\\\/\"},\"sameAs\":[\"https:\\\/\\\/www.facebook.com\\\/fishingmagnets\\\/\",\"https:\\\/\\\/www.instagram.com\\\/magnetar_magnets\\\/\",\"https:\\\/\\\/www.linkedin.com\\\/company\\\/magnetarbv\\\/?originalSubdomain=nl\",\"https:\\\/\\\/www.youtube.com\\\/c\\\/MagnetarVismagneet\"]}]}<\/script>\n<!-- \/ Yoast SEO plugin. -->","yoast_head_json":{"title":"Double Impact - Magnet fishing with a Magnetar fishing magnet","description":"Double Impact \u2013 a Magnetar horg\u00e1szfelszerel\u00e9s elengedhetetlen kieg\u00e9sz\u00edt\u0151je","robots":{"index":"index","follow":"follow","max-snippet":"max-snippet:-1","max-image-preview":"max-image-preview:large","max-video-preview":"max-video-preview:-1"},"canonical":"https:\/\/magnetarmagnets.com\/hu\/shop\/double-impact\/","og_locale":"hu_HU","og_type":"article","og_title":"Double Impact - Magnet fishing with a Magnetar fishing magnet","og_description":"Double Impact \u2013 a Magnetar horg\u00e1szfelszerel\u00e9s elengedhetetlen kieg\u00e9sz\u00edt\u0151je","og_url":"https:\/\/magnetarmagnets.com\/hu\/shop\/double-impact\/","og_site_name":"Magnet fishing with a Magnetar fishing magnet","article_publisher":"https:\/\/www.facebook.com\/fishingmagnets\/","article_modified_time":"2026-04-26T03:35:25+00:00","og_image":[{"width":1000,"height":1000,"url":"https:\/\/magnetarmagnets.com\/wp-content\/uploads\/2023\/09\/JNF-Magnetar-Bedrijfsfotografie-01-09-2023-Foto-0158.jpg","type":"image\/jpeg"}],"twitter_card":"summary_large_image","twitter_misc":{"Becs\u00fclt olvas\u00e1si id\u0151":"3 perc"},"schema":{"@context":"https:\/\/schema.org","@graph":[{"@type":["WebPage","ItemPage"],"@id":"https:\/\/magnetarmagnets.com\/hu\/shop\/double-impact\/","url":"https:\/\/magnetarmagnets.com\/hu\/shop\/double-impact\/","name":"Double Impact - Magnet fishing with a Magnetar fishing magnet","isPartOf":{"@id":"https:\/\/magnetarmagnets.com\/hu\/#website"},"primaryImageOfPage":{"@id":"https:\/\/magnetarmagnets.com\/hu\/shop\/double-impact\/#primaryimage"},"image":{"@id":"https:\/\/magnetarmagnets.com\/hu\/shop\/double-impact\/#primaryimage"},"thumbnailUrl":"https:\/\/magnetarmagnets.com\/wp-content\/uploads\/2023\/09\/JNF-Magnetar-Bedrijfsfotografie-01-09-2023-Foto-0158.jpg","datePublished":"2025-06-05T07:53:05+00:00","dateModified":"2026-04-26T03:35:25+00:00","description":"Double Impact \u2013 a Magnetar horg\u00e1szfelszerel\u00e9s elengedhetetlen kieg\u00e9sz\u00edt\u0151je","breadcrumb":{"@id":"https:\/\/magnetarmagnets.com\/hu\/shop\/double-impact\/#breadcrumb"},"inLanguage":"hu","potentialAction":[{"@type":"ReadAction","target":["https:\/\/magnetarmagnets.com\/hu\/shop\/double-impact\/"]}]},{"@type":"ImageObject","inLanguage":"hu","@id":"https:\/\/magnetarmagnets.com\/hu\/shop\/double-impact\/#primaryimage","url":"https:\/\/magnetarmagnets.com\/wp-content\/uploads\/2023\/09\/JNF-Magnetar-Bedrijfsfotografie-01-09-2023-Foto-0158.jpg","contentUrl":"https:\/\/magnetarmagnets.com\/wp-content\/uploads\/2023\/09\/JNF-Magnetar-Bedrijfsfotografie-01-09-2023-Foto-0158.jpg","width":1000,"height":1000,"caption":"Magnetar's Double Impact allows you to combine two magnets while magnet fishing."},{"@type":"BreadcrumbList","@id":"https:\/\/magnetarmagnets.com\/hu\/shop\/double-impact\/#breadcrumb","itemListElement":[{"@type":"ListItem","position":1,"name":"Home","item":"https:\/\/magnetarmagnets.com\/hu\/"},{"@type":"ListItem","position":2,"name":"Webshop","item":"https:\/\/magnetarmagnets.com\/webshop\/"},{"@type":"ListItem","position":3,"name":"Felszerel\u00e9s","item":"https:\/\/magnetarmagnets.com\/hu\/collections\/felszereles\/"},{"@type":"ListItem","position":4,"name":"Horg\u00e1sz m\u00e1gnes felszerel\u00e9s","item":"https:\/\/magnetarmagnets.com\/hu\/collections\/felszereles\/horgasz-magnes-felszereles\/"},{"@type":"ListItem","position":5,"name":"Double Impact"}]},{"@type":"WebSite","@id":"https:\/\/magnetarmagnets.com\/hu\/#website","url":"https:\/\/magnetarmagnets.com\/hu\/","name":"Magnet fishing with a Magnetar fishing magnet","description":"Er\u0151s m\u00e1gnesek m\u00e1gneshorg\u00e1szathoz","publisher":{"@id":"https:\/\/magnetarmagnets.com\/hu\/#organization"},"potentialAction":[{"@type":"SearchAction","target":{"@type":"EntryPoint","urlTemplate":"https:\/\/magnetarmagnets.com\/hu\/?s={search_term_string}"},"query-input":{"@type":"PropertyValueSpecification","valueRequired":true,"valueName":"search_term_string"}}],"inLanguage":"hu"},{"@type":"Organization","@id":"https:\/\/magnetarmagnets.com\/hu\/#organization","name":"Magnetar","url":"https:\/\/magnetarmagnets.com\/hu\/","logo":{"@type":"ImageObject","inLanguage":"hu","@id":"https:\/\/magnetarmagnets.com\/hu\/#\/schema\/logo\/image\/","url":"https:\/\/magnetarmagnets.com\/wp-content\/uploads\/2025\/05\/Logo-03_PNG-Black-scaled.png","contentUrl":"https:\/\/magnetarmagnets.com\/wp-content\/uploads\/2025\/05\/Logo-03_PNG-Black-scaled.png","width":2560,"height":1658,"caption":"Magnetar"},"image":{"@id":"https:\/\/magnetarmagnets.com\/hu\/#\/schema\/logo\/image\/"},"sameAs":["https:\/\/www.facebook.com\/fishingmagnets\/","https:\/\/www.instagram.com\/magnetar_magnets\/","https:\/\/www.linkedin.com\/company\/magnetarbv\/?originalSubdomain=nl","https:\/\/www.youtube.com\/c\/MagnetarVismagneet"]}]}},"_links":{"self":[{"href":"https:\/\/magnetarmagnets.com\/hu\/wp-json\/wp\/v2\/product\/82653","targetHints":{"allow":["GET"]}}],"collection":[{"href":"https:\/\/magnetarmagnets.com\/hu\/wp-json\/wp\/v2\/product"}],"about":[{"href":"https:\/\/magnetarmagnets.com\/hu\/wp-json\/wp\/v2\/types\/product"}],"replies":[{"embeddable":true,"href":"https:\/\/magnetarmagnets.com\/hu\/wp-json\/wp\/v2\/comments?post=82653"}],"version-history":[{"count":1,"href":"https:\/\/magnetarmagnets.com\/hu\/wp-json\/wp\/v2\/product\/82653\/revisions"}],"predecessor-version":[{"id":95275,"href":"https:\/\/magnetarmagnets.com\/hu\/wp-json\/wp\/v2\/product\/82653\/revisions\/95275"}],"wp:featuredmedia":[{"embeddable":true,"href":"https:\/\/magnetarmagnets.com\/hu\/wp-json\/wp\/v2\/media\/73370"}],"wp:attachment":[{"href":"https:\/\/magnetarmagnets.com\/hu\/wp-json\/wp\/v2\/media?parent=82653"}],"wp:term":[{"taxonomy":"product_brand","embeddable":true,"href":"https:\/\/magnetarmagnets.com\/hu\/wp-json\/wp\/v2\/product_brand?post=82653"},{"taxonomy":"product_cat","embeddable":true,"href":"https:\/\/magnetarmagnets.com\/hu\/wp-json\/wp\/v2\/product_cat?post=82653"},{"taxonomy":"product_tag","embeddable":true,"href":"https:\/\/magnetarmagnets.com\/hu\/wp-json\/wp\/v2\/product_tag?post=82653"}],"curies":[{"name":"wp","href":"https:\/\/api.w.org\/{rel}","templated":true}]}}