{"id":82652,"date":"2025-07-14T11:06:40","date_gmt":"2025-07-14T09:06:40","guid":{"rendered":"https:\/\/magnetarmagnets.com\/?post_type=product&#038;p=82652"},"modified":"2025-11-03T15:06:41","modified_gmt":"2025-11-03T14:06:41","slug":"magneses-aknafedel-emelo-kalapaccsal","status":"publish","type":"product","link":"https:\/\/magnetarmagnets.com\/hu\/shop\/magneses-aknafedel-emelo-kalapaccsal\/","title":{"rendered":"M\u00e1gneses aknafed\u00e9l-emel\u0151 kalap\u00e1ccsal"},"content":{"rendered":"Rendszeresen nyit aknafed\u0151ket? Ez a m\u00e1gneses aknafed\u00e9l-emel\u0151 nagyban megk\u00f6nny\u00edti a munkafolyamatot. A csatornafed\u0151k kinyit\u00e1sa sokszor k\u00f6r\u00fclm\u00e9nyes feladat. \u00c9ppen ez\u00e9rt fejlesztett\u00fck ki a Magnetar THOR-t, amely m\u00e1gneses h\u00faz\u00f3erej\u00e9vel k\u00fcl\u00f6nb\u00f6z\u0151 t\u00edpus\u00fa aknafed\u0151ket k\u00e9pes kiemelni, kipr\u00e9selni, vagy \u2013 ha beragadtak \u2013 egy \u00fct\u0151 mozdulattal kiszabad\u00edtani.\r\n\r\nM\u00edg a hagyom\u00e1nyos aknafed\u00e9l-emel\u0151k lehajl\u00e1sra k\u00e9nyszer\u00edtenek, a Magnetar THOR lehet\u0151v\u00e9 teszi, hogy mindenf\u00e9le aknafed\u0151t \u00e1ll\u00f3 helyzetben emeljen ki. Ez a m\u00e1gneses kamp\u00f3val ell\u00e1tott aknafed\u00e9l-emel\u0151 biztosan cs\u00f6kkenti a fizikai terhel\u00e9st.\r\n<h2>Term\u00e9kle\u00edr\u00e1s<\/h2>\r\nA Magnetar THOR p\u00e1ratlan a piacon. Er\u0151s neod\u00edmium m\u00e1gnessel van felszerelve. Emellett megtal\u00e1lhat\u00f3 benne egy hagyom\u00e1nyos emel\u0151kamp\u00f3 \u00e9s egy kalap\u00e1cs is. Ezek az integr\u00e1lt eszk\u00f6z\u00f6k lehet\u0151v\u00e9 teszik b\u00e1rmilyen aknafed\u00e9l k\u00f6nny\u0171 kiemel\u00e9s\u00e9t, kipr\u00e9sel\u00e9s\u00e9t vagy \u00fct\u00f6get\u00e9s\u00e9t. Mindezt ergon\u00f3miai szempontb\u00f3l kedvez\u0151 testhelyzetben, hogy ez az ism\u00e9tl\u0151d\u0151 feladat kevesebb er\u0151fesz\u00edt\u00e9st ig\u00e9nyeljen. Egyszer\u0171, nem igaz?\r\n<h2>Magnetar THOR \u2013 a hagyom\u00e1nyos aknafed\u00e9l-emel\u0151kkel szemben<\/h2>\r\nAkik sok akn\u00e1val, karbantart\u00f3 ny\u00edl\u00e1ssal, szennyv\u00edzny\u00edl\u00e1ssal vagy m\u00e1s, embernagys\u00e1g\u00fa m\u00e9ret\u0171 ny\u00edl\u00e1ssal dolgoznak, \u00e1ltal\u00e1ban hagyom\u00e1nyos emel\u0151kamp\u00f3t vagy kamp\u00f3t haszn\u00e1lnak. Ezeknek a term\u00e9keknek a haszn\u00e1lata gyakran nagy fizikai er\u0151fesz\u00edt\u00e9st ig\u00e9nyel. A neh\u00e9z fedelek kinyit\u00e1sa igaz\u00e1n megterhel\u0151 lehet, s\u0151t s\u00e9r\u00fcl\u00e9sekhez is vezethet, amit minden \u00e1ron el akarunk ker\u00fclni.\r\n\r\nA Magnetar THOR \u00faj megk\u00f6zel\u00edt\u00e9st k\u00edn\u00e1l. Az er\u0151s m\u00e1gnes seg\u00edts\u00e9g\u00e9vel \u00e1ll\u00f3 helyzetb\u0151l emelheti ki a legt\u00f6bb aknafed\u0151t, \u00edgy sokkal kevesebb er\u0151t kell alkalmaznia l\u00e1baiban \u00e9s h\u00e1t\u00e1ban. Hossz\u00fa t\u00e1von ez kifejezetten j\u00f3t tesz az eg\u00e9szs\u00e9g\u00e9nek.\r\n<h2>A Magnetar THOR h\u00e1rom f\u0151 jellemz\u0151je<\/h2>\r\nA Magnetar THOR h\u00e1rom funkci\u00f3t egyes\u00edt: aknafed\u00e9lkamp\u00f3t, emel\u0151t \u00e9s kalap\u00e1csot egyetlen term\u00e9kben. \u00cdgy b\u00e1rmilyen helyzetre felk\u00e9sz\u00fclhet, elker\u00fclheti a fizikai megterhel\u00e9st, \u00e9s helyet takar\u00edthat meg. A term\u00e9k ezen jellegzetes tulajdons\u00e1gai emelik ki.\r\n<ul>\r\n \t<li>Emel\u00e9s<\/li>\r\n \t<li>Kipr\u00e9sel\u00e9s<\/li>\r\n \t<li>\u00dct\u00f6get\u00e9s<\/li>\r\n<\/ul>\r\nAz aknafed\u00e9l kinyit\u00e1sa a legt\u00f6bb esetben er\u0151s neod\u00edmium m\u00e1gnessel t\u00f6rt\u00e9nik, hasonl\u00f3an a horg\u00e1sz m\u00e1gnesekhez, amelyeket k\u00edn\u00e1lunk. Ezeknek a m\u00e1gneseknek k\u00f6r\u00fclbel\u00fcl 300 kg szak\u00edt\u00f3ereje van. A THOR eszk\u00f6zt megford\u00edtva, kamp\u00f3t \u00e9s kalap\u00e1csot ragadva k\u00f6nnyed\u00e9n kiemelheti a fedelet a gy\u0171r\u0171j\u00e9b\u0151l.\r\n\r\nEl\u0151fordulhat, hogy csup\u00e1n a m\u00e1gnes nem el\u00e9g. Ilyenkor a kamp\u00f3 seg\u00edts\u00e9g\u00e9vel kipr\u00e9selheti a beragadt fedelet. Emellett a 67 cm hossz\u00fa r\u00fadb\u00f3l lehets\u00e9ges karer\u0151t kifejteni a k\u00f6nnyebb emel\u00e9shez. \u00c9szlel mozg\u00e1st a fed\u00e9lben? Most haszn\u00e1lja a m\u00e1gnest a kiemel\u00e9shez.\r\n\r\nHa a fed\u00e9l egy\u00e1ltal\u00e1n nem mozdul, a kalap\u00e1ccsal \u00fct\u00f6get\u00e9ssel lazas\u00e1got hozhat l\u00e9tre a gy\u0171r\u0171ben, majd a kamp\u00f3val kipr\u00e9selheti, v\u00e9g\u00fcl a m\u00e1gnes seg\u00edts\u00e9g\u00e9vel kiemelheti.\r\n<h2>Az aknafed\u00e9l-emel\u0151 f\u0151bb jellemz\u0151i<\/h2>\r\nA Magnetar THOR kompakt m\u00e1gneses aknafed\u00e9l-emel\u0151 kalap\u00e1ccsal. A szersz\u00e1m hossza 67 cm, sz\u00e9less\u00e9ge mind\u00f6ssze 21 cm, \u00edgy k\u00f6nnyen t\u00e1rolhat\u00f3 \u00e9s sz\u00e1ll\u00edthat\u00f3. Az eszk\u00f6z horganyzott ac\u00e9lb\u00f3l k\u00e9sz\u00fclt, s\u00falya k\u00f6r\u00fclbel\u00fcl 4 kg, ami k\u00fcl\u00f6n\u00f6sen massz\u00edv \u00e9s tart\u00f3s term\u00e9kk\u00e9 teszi. V\u00e9g\u00fcl a r\u00fad \u00e1tm\u00e9r\u0151je k\u00f6r\u00fclbel\u00fcl 20 mm, ami kiemelked\u0151 \u00fct\u00e9s\u00e1ll\u00f3s\u00e1got biztos\u00edt.\r\n<h2>A Magnetar THOR t\u00e1rol\u00e1sa<\/h2>\r\nA neod\u00edmium m\u00e1gnes gyakorlati haszn\u00e1lat k\u00f6zben rendk\u00edv\u00fcl el\u0151ny\u00f6s, \u00e1m t\u00e1rol\u00e1skor figyelembe kell venni, hogy az eszk\u00f6zt nem helyezheti b\u00e1rhov\u00e1. Nem szeretn\u00e9, ha v\u00e9letlen t\u00e1rgy vagy j\u00e1rm\u0171 tapadna hozz\u00e1. Ha c\u00e9ges j\u00e1rm\u0171ben tartja a Magnetar THOR-t, \u00e9rdemes \u00fagy akasztani, hogy a m\u00e1gneses oldal ne legyen akad\u00e1lyok k\u00f6zel\u00e9ben.\r\n<h2>Mikor sz\u00e1m\u00edthatok az aknafed\u00e9l-emel\u0151 k\u00e9zbes\u00edt\u00e9s\u00e9re?<\/h2>\r\nAz Egyes\u00fclt \u00c1llamokba, Kanad\u00e1ba \u00e9s Mexik\u00f3ba tart\u00f3 sz\u00e1ll\u00edt\u00e1s 2\u20134 munkanap alatt t\u00f6rt\u00e9nik, ha megrendel\u00e9s\u00e9t a <em>keleti parti id\u0151 (EST) szerinti<\/em> 14:00 el\u0151tt leadja.\r\n<h2>Mennyibe ker\u00fcl a sz\u00e1ll\u00edt\u00e1s?<\/h2>\r\nK\u00e9rj\u00fck, l\u00e1togasson el a &#8216;Sz\u00e1ll\u00edt\u00e1si inform\u00e1ci\u00f3k&#8217; oldalunkra a Magnetar THOR sz\u00e1ll\u00edt\u00e1si r\u00e9szletei\u00e9rt.","protected":false},"excerpt":{"rendered":"<p>Rendszeresen foglalkozik <strong>aknafed\u0151kkel<\/strong>? Akkor <strong>m\u00e1gneses aknafed\u00e9lkamp\u00f3nk kalap\u00e1ccsal<\/strong> rengeteg k\u00f6nnyebbs\u00e9get fog jelenteni az \u00d6n sz\u00e1m\u00e1ra.<\/p>\n<p>M\u00edg a hagyom\u00e1nyos aknafed\u00e9l-emel\u0151k lehajol\u00e1sra k\u00e9nyszer\u00edtenek, a Magnetar THOR lehet\u0151v\u00e9 teszi, hogy <strong>\u00e1ll\u00f3 helyzetben k\u00fcl\u00f6nb\u00f6z\u0151 akn\u00e1kat nyisson<\/strong>. A m\u00e1gnessel \u00e9s kamp\u00f3val ell\u00e1tott aknafed\u00e9l-emel\u0151 haszn\u00e1lata <strong>sokkal kev\u00e9sb\u00e9 f\u00e1raszt\u00f3<\/strong> munk\u00e1t biztos\u00edt.<\/p>\n","protected":false},"featured_media":58759,"comment_status":"open","ping_status":"closed","template":"","meta":{"_acf_changed":false,"inline_featured_image":false},"product_brand":[],"product_cat":[536,540],"product_tag":[],"class_list":{"0":"post-82652","1":"product","2":"type-product","3":"status-publish","4":"has-post-thumbnail","6":"product_cat-felszereles","7":"product_cat-magneses-kiegeszitok","9":"first","10":"instock","11":"sale","12":"taxable","13":"shipping-taxable","14":"purchasable","15":"product-type-variable"},"acf":[],"yoast_head":"<!-- This site is optimized with the Yoast SEO plugin v27.3 - https:\/\/yoast.com\/product\/yoast-seo-wordpress\/ -->\n<title>M\u00e1gneses aknafed\u00e9l-emel\u0151 kalap\u00e1ccsal - Magnetar THOR<\/title>\n<meta name=\"description\" content=\"Rendszeresen nyit aknafed\u0151ket? A Magnetar THOR m\u00e1gneses aknafed\u00e9l-emel\u0151 megk\u00f6nny\u00edti a munkafolyamat\u00e1t.\" \/>\n<meta name=\"robots\" content=\"index, follow, max-snippet:-1, max-image-preview:large, max-video-preview:-1\" \/>\n<link rel=\"canonical\" href=\"https:\/\/magnetarmagnets.com\/hu\/shop\/magneses-aknafedel-emelo-kalapaccsal\/\" \/>\n<meta property=\"og:locale\" content=\"hu_HU\" \/>\n<meta property=\"og:type\" content=\"article\" \/>\n<meta property=\"og:title\" content=\"M\u00e1gneses aknafed\u00e9l-emel\u0151 kalap\u00e1ccsal - Magnetar THOR\" \/>\n<meta property=\"og:description\" content=\"Rendszeresen nyit aknafed\u0151ket? A Magnetar THOR m\u00e1gneses aknafed\u00e9l-emel\u0151 megk\u00f6nny\u00edti a munkafolyamat\u00e1t.\" \/>\n<meta property=\"og:url\" content=\"https:\/\/magnetarmagnets.com\/hu\/shop\/magneses-aknafedel-emelo-kalapaccsal\/\" \/>\n<meta property=\"og:site_name\" content=\"Magnet fishing with a Magnetar fishing magnet\" \/>\n<meta property=\"article:publisher\" content=\"https:\/\/www.facebook.com\/fishingmagnets\/\" \/>\n<meta property=\"article:modified_time\" content=\"2025-11-03T14:06:41+00:00\" \/>\n<meta property=\"og:image\" content=\"https:\/\/magnetarmagnets.com\/wp-content\/uploads\/2023\/09\/JNF-Magnetar-Bedrijfsfotografie-01-09-2023-Foto-9955.jpg\" \/>\n\t<meta property=\"og:image:width\" content=\"1000\" \/>\n\t<meta property=\"og:image:height\" content=\"1000\" \/>\n\t<meta property=\"og:image:type\" content=\"image\/jpeg\" \/>\n<meta name=\"twitter:card\" content=\"summary_large_image\" \/>\n<meta name=\"twitter:label1\" content=\"Becs\u00fclt olvas\u00e1si id\u0151\" \/>\n\t<meta name=\"twitter:data1\" content=\"3 perc\" \/>\n<script type=\"application\/ld+json\" class=\"yoast-schema-graph\">{\"@context\":\"https:\\\/\\\/schema.org\",\"@graph\":[{\"@type\":[\"WebPage\",\"ItemPage\"],\"@id\":\"https:\\\/\\\/magnetarmagnets.com\\\/hu\\\/shop\\\/magneses-aknafedel-emelo-kalapaccsal\\\/\",\"url\":\"https:\\\/\\\/magnetarmagnets.com\\\/hu\\\/shop\\\/magneses-aknafedel-emelo-kalapaccsal\\\/\",\"name\":\"M\u00e1gneses aknafed\u00e9l-emel\u0151 kalap\u00e1ccsal - Magnetar THOR\",\"isPartOf\":{\"@id\":\"https:\\\/\\\/magnetarmagnets.com\\\/hu\\\/#website\"},\"primaryImageOfPage\":{\"@id\":\"https:\\\/\\\/magnetarmagnets.com\\\/hu\\\/shop\\\/magneses-aknafedel-emelo-kalapaccsal\\\/#primaryimage\"},\"image\":{\"@id\":\"https:\\\/\\\/magnetarmagnets.com\\\/hu\\\/shop\\\/magneses-aknafedel-emelo-kalapaccsal\\\/#primaryimage\"},\"thumbnailUrl\":\"https:\\\/\\\/magnetarmagnets.com\\\/wp-content\\\/uploads\\\/2023\\\/09\\\/JNF-Magnetar-Bedrijfsfotografie-01-09-2023-Foto-9955.jpg\",\"datePublished\":\"2025-07-14T09:06:40+00:00\",\"dateModified\":\"2025-11-03T14:06:41+00:00\",\"description\":\"Rendszeresen nyit aknafed\u0151ket? A Magnetar THOR m\u00e1gneses aknafed\u00e9l-emel\u0151 megk\u00f6nny\u00edti a munkafolyamat\u00e1t.\",\"breadcrumb\":{\"@id\":\"https:\\\/\\\/magnetarmagnets.com\\\/hu\\\/shop\\\/magneses-aknafedel-emelo-kalapaccsal\\\/#breadcrumb\"},\"inLanguage\":\"hu\",\"potentialAction\":[{\"@type\":\"ReadAction\",\"target\":[\"https:\\\/\\\/magnetarmagnets.com\\\/hu\\\/shop\\\/magneses-aknafedel-emelo-kalapaccsal\\\/\"]}]},{\"@type\":\"ImageObject\",\"inLanguage\":\"hu\",\"@id\":\"https:\\\/\\\/magnetarmagnets.com\\\/hu\\\/shop\\\/magneses-aknafedel-emelo-kalapaccsal\\\/#primaryimage\",\"url\":\"https:\\\/\\\/magnetarmagnets.com\\\/wp-content\\\/uploads\\\/2023\\\/09\\\/JNF-Magnetar-Bedrijfsfotografie-01-09-2023-Foto-9955.jpg\",\"contentUrl\":\"https:\\\/\\\/magnetarmagnets.com\\\/wp-content\\\/uploads\\\/2023\\\/09\\\/JNF-Magnetar-Bedrijfsfotografie-01-09-2023-Foto-9955.jpg\",\"width\":1000,\"height\":1000,\"caption\":\"The Magnetar THOR is the best magnetic manhole cover lifter.\"},{\"@type\":\"BreadcrumbList\",\"@id\":\"https:\\\/\\\/magnetarmagnets.com\\\/hu\\\/shop\\\/magneses-aknafedel-emelo-kalapaccsal\\\/#breadcrumb\",\"itemListElement\":[{\"@type\":\"ListItem\",\"position\":1,\"name\":\"Home\",\"item\":\"https:\\\/\\\/magnetarmagnets.com\\\/hu\\\/\"},{\"@type\":\"ListItem\",\"position\":2,\"name\":\"Webshop\",\"item\":\"https:\\\/\\\/magnetarmagnets.com\\\/webshop\\\/\"},{\"@type\":\"ListItem\",\"position\":3,\"name\":\"Felszerel\u00e9s\",\"item\":\"https:\\\/\\\/magnetarmagnets.com\\\/hu\\\/collections\\\/felszereles\\\/\"},{\"@type\":\"ListItem\",\"position\":4,\"name\":\"M\u00e1gneses kieg\u00e9sz\u00edt\u0151k\",\"item\":\"https:\\\/\\\/magnetarmagnets.com\\\/hu\\\/collections\\\/felszereles\\\/magneses-kiegeszitok\\\/\"},{\"@type\":\"ListItem\",\"position\":5,\"name\":\"M\u00e1gneses aknafed\u00e9l-emel\u0151 kalap\u00e1ccsal\"}]},{\"@type\":\"WebSite\",\"@id\":\"https:\\\/\\\/magnetarmagnets.com\\\/hu\\\/#website\",\"url\":\"https:\\\/\\\/magnetarmagnets.com\\\/hu\\\/\",\"name\":\"Magnet fishing with a Magnetar fishing magnet\",\"description\":\"Er\u0151s m\u00e1gnesek m\u00e1gneshorg\u00e1szathoz\",\"publisher\":{\"@id\":\"https:\\\/\\\/magnetarmagnets.com\\\/hu\\\/#organization\"},\"potentialAction\":[{\"@type\":\"SearchAction\",\"target\":{\"@type\":\"EntryPoint\",\"urlTemplate\":\"https:\\\/\\\/magnetarmagnets.com\\\/hu\\\/?s={search_term_string}\"},\"query-input\":{\"@type\":\"PropertyValueSpecification\",\"valueRequired\":true,\"valueName\":\"search_term_string\"}}],\"inLanguage\":\"hu\"},{\"@type\":\"Organization\",\"@id\":\"https:\\\/\\\/magnetarmagnets.com\\\/hu\\\/#organization\",\"name\":\"Magnetar\",\"url\":\"https:\\\/\\\/magnetarmagnets.com\\\/hu\\\/\",\"logo\":{\"@type\":\"ImageObject\",\"inLanguage\":\"hu\",\"@id\":\"https:\\\/\\\/magnetarmagnets.com\\\/hu\\\/#\\\/schema\\\/logo\\\/image\\\/\",\"url\":\"https:\\\/\\\/magnetarmagnets.com\\\/wp-content\\\/uploads\\\/2025\\\/05\\\/Logo-03_PNG-Black-scaled.png\",\"contentUrl\":\"https:\\\/\\\/magnetarmagnets.com\\\/wp-content\\\/uploads\\\/2025\\\/05\\\/Logo-03_PNG-Black-scaled.png\",\"width\":2560,\"height\":1658,\"caption\":\"Magnetar\"},\"image\":{\"@id\":\"https:\\\/\\\/magnetarmagnets.com\\\/hu\\\/#\\\/schema\\\/logo\\\/image\\\/\"},\"sameAs\":[\"https:\\\/\\\/www.facebook.com\\\/fishingmagnets\\\/\",\"https:\\\/\\\/www.instagram.com\\\/magnetar_magnets\\\/\",\"https:\\\/\\\/www.linkedin.com\\\/company\\\/magnetarbv\\\/?originalSubdomain=nl\",\"https:\\\/\\\/www.youtube.com\\\/c\\\/MagnetarVismagneet\"]}]}<\/script>\n<!-- \/ Yoast SEO plugin. -->","yoast_head_json":{"title":"M\u00e1gneses aknafed\u00e9l-emel\u0151 kalap\u00e1ccsal - Magnetar THOR","description":"Rendszeresen nyit aknafed\u0151ket? A Magnetar THOR m\u00e1gneses aknafed\u00e9l-emel\u0151 megk\u00f6nny\u00edti a munkafolyamat\u00e1t.","robots":{"index":"index","follow":"follow","max-snippet":"max-snippet:-1","max-image-preview":"max-image-preview:large","max-video-preview":"max-video-preview:-1"},"canonical":"https:\/\/magnetarmagnets.com\/hu\/shop\/magneses-aknafedel-emelo-kalapaccsal\/","og_locale":"hu_HU","og_type":"article","og_title":"M\u00e1gneses aknafed\u00e9l-emel\u0151 kalap\u00e1ccsal - Magnetar THOR","og_description":"Rendszeresen nyit aknafed\u0151ket? A Magnetar THOR m\u00e1gneses aknafed\u00e9l-emel\u0151 megk\u00f6nny\u00edti a munkafolyamat\u00e1t.","og_url":"https:\/\/magnetarmagnets.com\/hu\/shop\/magneses-aknafedel-emelo-kalapaccsal\/","og_site_name":"Magnet fishing with a Magnetar fishing magnet","article_publisher":"https:\/\/www.facebook.com\/fishingmagnets\/","article_modified_time":"2025-11-03T14:06:41+00:00","og_image":[{"width":1000,"height":1000,"url":"https:\/\/magnetarmagnets.com\/wp-content\/uploads\/2023\/09\/JNF-Magnetar-Bedrijfsfotografie-01-09-2023-Foto-9955.jpg","type":"image\/jpeg"}],"twitter_card":"summary_large_image","twitter_misc":{"Becs\u00fclt olvas\u00e1si id\u0151":"3 perc"},"schema":{"@context":"https:\/\/schema.org","@graph":[{"@type":["WebPage","ItemPage"],"@id":"https:\/\/magnetarmagnets.com\/hu\/shop\/magneses-aknafedel-emelo-kalapaccsal\/","url":"https:\/\/magnetarmagnets.com\/hu\/shop\/magneses-aknafedel-emelo-kalapaccsal\/","name":"M\u00e1gneses aknafed\u00e9l-emel\u0151 kalap\u00e1ccsal - Magnetar THOR","isPartOf":{"@id":"https:\/\/magnetarmagnets.com\/hu\/#website"},"primaryImageOfPage":{"@id":"https:\/\/magnetarmagnets.com\/hu\/shop\/magneses-aknafedel-emelo-kalapaccsal\/#primaryimage"},"image":{"@id":"https:\/\/magnetarmagnets.com\/hu\/shop\/magneses-aknafedel-emelo-kalapaccsal\/#primaryimage"},"thumbnailUrl":"https:\/\/magnetarmagnets.com\/wp-content\/uploads\/2023\/09\/JNF-Magnetar-Bedrijfsfotografie-01-09-2023-Foto-9955.jpg","datePublished":"2025-07-14T09:06:40+00:00","dateModified":"2025-11-03T14:06:41+00:00","description":"Rendszeresen nyit aknafed\u0151ket? A Magnetar THOR m\u00e1gneses aknafed\u00e9l-emel\u0151 megk\u00f6nny\u00edti a munkafolyamat\u00e1t.","breadcrumb":{"@id":"https:\/\/magnetarmagnets.com\/hu\/shop\/magneses-aknafedel-emelo-kalapaccsal\/#breadcrumb"},"inLanguage":"hu","potentialAction":[{"@type":"ReadAction","target":["https:\/\/magnetarmagnets.com\/hu\/shop\/magneses-aknafedel-emelo-kalapaccsal\/"]}]},{"@type":"ImageObject","inLanguage":"hu","@id":"https:\/\/magnetarmagnets.com\/hu\/shop\/magneses-aknafedel-emelo-kalapaccsal\/#primaryimage","url":"https:\/\/magnetarmagnets.com\/wp-content\/uploads\/2023\/09\/JNF-Magnetar-Bedrijfsfotografie-01-09-2023-Foto-9955.jpg","contentUrl":"https:\/\/magnetarmagnets.com\/wp-content\/uploads\/2023\/09\/JNF-Magnetar-Bedrijfsfotografie-01-09-2023-Foto-9955.jpg","width":1000,"height":1000,"caption":"The Magnetar THOR is the best magnetic manhole cover lifter."},{"@type":"BreadcrumbList","@id":"https:\/\/magnetarmagnets.com\/hu\/shop\/magneses-aknafedel-emelo-kalapaccsal\/#breadcrumb","itemListElement":[{"@type":"ListItem","position":1,"name":"Home","item":"https:\/\/magnetarmagnets.com\/hu\/"},{"@type":"ListItem","position":2,"name":"Webshop","item":"https:\/\/magnetarmagnets.com\/webshop\/"},{"@type":"ListItem","position":3,"name":"Felszerel\u00e9s","item":"https:\/\/magnetarmagnets.com\/hu\/collections\/felszereles\/"},{"@type":"ListItem","position":4,"name":"M\u00e1gneses kieg\u00e9sz\u00edt\u0151k","item":"https:\/\/magnetarmagnets.com\/hu\/collections\/felszereles\/magneses-kiegeszitok\/"},{"@type":"ListItem","position":5,"name":"M\u00e1gneses aknafed\u00e9l-emel\u0151 kalap\u00e1ccsal"}]},{"@type":"WebSite","@id":"https:\/\/magnetarmagnets.com\/hu\/#website","url":"https:\/\/magnetarmagnets.com\/hu\/","name":"Magnet fishing with a Magnetar fishing magnet","description":"Er\u0151s m\u00e1gnesek m\u00e1gneshorg\u00e1szathoz","publisher":{"@id":"https:\/\/magnetarmagnets.com\/hu\/#organization"},"potentialAction":[{"@type":"SearchAction","target":{"@type":"EntryPoint","urlTemplate":"https:\/\/magnetarmagnets.com\/hu\/?s={search_term_string}"},"query-input":{"@type":"PropertyValueSpecification","valueRequired":true,"valueName":"search_term_string"}}],"inLanguage":"hu"},{"@type":"Organization","@id":"https:\/\/magnetarmagnets.com\/hu\/#organization","name":"Magnetar","url":"https:\/\/magnetarmagnets.com\/hu\/","logo":{"@type":"ImageObject","inLanguage":"hu","@id":"https:\/\/magnetarmagnets.com\/hu\/#\/schema\/logo\/image\/","url":"https:\/\/magnetarmagnets.com\/wp-content\/uploads\/2025\/05\/Logo-03_PNG-Black-scaled.png","contentUrl":"https:\/\/magnetarmagnets.com\/wp-content\/uploads\/2025\/05\/Logo-03_PNG-Black-scaled.png","width":2560,"height":1658,"caption":"Magnetar"},"image":{"@id":"https:\/\/magnetarmagnets.com\/hu\/#\/schema\/logo\/image\/"},"sameAs":["https:\/\/www.facebook.com\/fishingmagnets\/","https:\/\/www.instagram.com\/magnetar_magnets\/","https:\/\/www.linkedin.com\/company\/magnetarbv\/?originalSubdomain=nl","https:\/\/www.youtube.com\/c\/MagnetarVismagneet"]}]}},"_links":{"self":[{"href":"https:\/\/magnetarmagnets.com\/hu\/wp-json\/wp\/v2\/product\/82652","targetHints":{"allow":["GET"]}}],"collection":[{"href":"https:\/\/magnetarmagnets.com\/hu\/wp-json\/wp\/v2\/product"}],"about":[{"href":"https:\/\/magnetarmagnets.com\/hu\/wp-json\/wp\/v2\/types\/product"}],"replies":[{"embeddable":true,"href":"https:\/\/magnetarmagnets.com\/hu\/wp-json\/wp\/v2\/comments?post=82652"}],"version-history":[{"count":0,"href":"https:\/\/magnetarmagnets.com\/hu\/wp-json\/wp\/v2\/product\/82652\/revisions"}],"wp:featuredmedia":[{"embeddable":true,"href":"https:\/\/magnetarmagnets.com\/hu\/wp-json\/wp\/v2\/media\/58759"}],"wp:attachment":[{"href":"https:\/\/magnetarmagnets.com\/hu\/wp-json\/wp\/v2\/media?parent=82652"}],"wp:term":[{"taxonomy":"product_brand","embeddable":true,"href":"https:\/\/magnetarmagnets.com\/hu\/wp-json\/wp\/v2\/product_brand?post=82652"},{"taxonomy":"product_cat","embeddable":true,"href":"https:\/\/magnetarmagnets.com\/hu\/wp-json\/wp\/v2\/product_cat?post=82652"},{"taxonomy":"product_tag","embeddable":true,"href":"https:\/\/magnetarmagnets.com\/hu\/wp-json\/wp\/v2\/product_tag?post=82652"}],"curies":[{"name":"wp","href":"https:\/\/api.w.org\/{rel}","templated":true}]}}