{"id":82651,"date":"2025-07-14T11:06:40","date_gmt":"2025-07-14T09:06:40","guid":{"rendered":"https:\/\/magnetarmagnets.com\/?post_type=product&#038;p=82651"},"modified":"2025-07-14T13:19:49","modified_gmt":"2025-07-14T11:19:49","slug":"magnetar-collector-forgacs-es-szegecsgyujto","status":"publish","type":"product","link":"https:\/\/magnetarmagnets.com\/hu\/shop\/magnetar-collector-forgacs-es-szegecsgyujto\/","title":{"rendered":"Magnetar Collector \u2013 forg\u00e1cs- \u00e9s szegecsgy\u0171jt\u0151"},"content":{"rendered":"A Magnetar Collector egy forg\u00e1csgy\u0171jt\u0151 eszk\u00f6z, amely megk\u00f6nny\u00edti a f\u00e9m- \u00e9s vas-hullad\u00e9k gy\u0171jt\u00e9s\u00e9t g\u00e9pm\u0171helyekben. Ezzel a praktikus szersz\u00e1mmal elker\u00fclheti a s\u00f6pr\u00f6get\u00e9st \u00e9s a kef\u00e9l\u00e9st. Hogyan hangzik ez? A Magnetar Collectort szegecsgy\u0171jt\u0151k\u00e9nt vagy m\u00e1gneses r\u00fadk\u00e9nt is nevezik, hiszen fat\u00fczel\u00e9s\u0171 k\u00e1lyh\u00e1kb\u00f3l vagy kandall\u00f3kb\u00f3l is \u00f6sszegy\u0171jthet vele szegecseket \u00e9s sz\u00f6geket. R\u00f6viden, ez az apr\u00f3 eszk\u00f6z t\u00f6bb feladatra is alkalmas.\n\n&nbsp;\n\n<h2><strong>Hogyan m\u0171k\u00f6dik a forg\u00e1csgy\u0171jt\u0151?<\/strong><\/h2>\n\nA Magnetar Collector nagyon felhaszn\u00e1l\u00f3bar\u00e1t. Ez a forg\u00e1csgy\u0171jt\u0151 m\u00e1gneses rudat tartalmaz rozsdamentes ac\u00e9l burkolatban. A r\u00fad egy kiv\u00e1l\u00f3 min\u0151s\u00e9g\u0171, tart\u00f3s neod\u00edmium m\u00e1gnes, \u00edgy m\u00e1gneses ereje az elk\u00f6vetkez\u0151 \u00e9vtizedekben sem cs\u00f6kken.\n\nA munka befejezt\u00e9vel vezesse v\u00e9gig a szegecsgy\u0171jt\u0151t a megtiszt\u00edtand\u00f3 f\u00e9m t\u00e1rgyak vagy begy\u0171jtend\u0151 f\u00e9mhullad\u00e9k f\u00f6l\u00f6tt. Betelt a r\u00fad? Csak h\u00fazza ki a foganty\u00fat: ezzel a neod\u00edmium m\u00e1gnes kiker\u00fcl a rozsdamentes ac\u00e9l burkolatb\u00f3l, \u00e9s minden hullad\u00e9kanyag lev\u00e1lik a m\u00e1gnesr\u0151l. Ez az egyszer\u0171 demagnetiz\u00e1l\u00f3 funkci\u00f3 gyors \u00e9s k\u00f6nny\u0171 takar\u00edt\u00e1st tesz lehet\u0151v\u00e9.\n\n&nbsp;\n\n<h2><strong>Ki haszn\u00e1lhatja a Magnetar Collectort?<\/strong><\/h2>\n\nA Magnetar Collectort els\u0151sorban f\u00e9mmegmunk\u00e1l\u00f3k haszn\u00e1lj\u00e1k, mivel az eszterg\u00e1l\u00e1s, mar\u00e1s \u00e9s f\u00far\u00e1s mind f\u00e9mforg\u00e1csot eredm\u00e9nyez. Emellett sz\u00e1mos m\u00e1s munk\u00e1n\u00e1l is hasznos, ahol apr\u00f3 f\u00e9mhullad\u00e9kot kell begy\u0171jteni. Ez a forg\u00e1cs- \u00e9s szegecsgy\u0171jt\u0151 minden hasonl\u00f3 esetben j\u00f3l alkalmazhat\u00f3.\n\n&nbsp;\n\n<h2><strong>Nagy m\u00e9ret\u0171 forg\u00e1cs- \u00e9s szegecsgy\u0171jt\u0151<\/strong><\/h2>\n\nNagyobb fel\u00fcletek, p\u00e9ld\u00e1ul m\u0171helypadl\u00f3k, rendezv\u00e9nyhelysz\u00ednek vagy egy\u00e9b ter\u00fcletek megtiszt\u00edt\u00e1sa f\u00e9m- vagy vas-hullad\u00e9kt\u00f3l? Ebben az esetben aj\u00e1nljuk m\u00e1gneses sepr\u0171nket. Neod\u00edmium sepr\u0171nk k\u00fcl\u00f6n\u00f6sen hat\u00e9kony m\u0171helyek padl\u00f3j\u00e1nak, rendezv\u00e9nyhelysz\u00ednek \u00e9s egy\u00e9b ter\u00fcletek takar\u00edt\u00e1sakor. A m\u00e1gneses sepr\u0171 18\u201d-, 24\u201d- \u00e9s 36\u201d-os v\u00e1ltozatban \u00e9rhet\u0151 el.\n\nSz\u00fcks\u00e9ge van a forg\u00e1cs- vagy szegecsgy\u0171jt\u0151 testreszab\u00e1s\u00e1ra egy speci\u00e1lis feladathoz? Keressen minket bizalommal, \u00e9s mindent megtesz\u00fcnk, hogy szem\u00e9lyre szabott megold\u00e1st k\u00edn\u00e1ljunk.","protected":false},"excerpt":{"rendered":"<p>A Magnetar Collector a f\u00e9mhullad\u00e9k gy\u0171jt\u00e9s\u00e9t <strong>k\u00f6nny\u0171v\u00e9<\/strong> teszi. Ez a m\u00e1gneses forg\u00e1csgy\u0171jt\u0151 <strong>egyszer\u0171 szepar\u00e1ci\u00f3s technik\u00e1t<\/strong> alkalmaz a <strong>vas t\u00e1rgyak felv\u00e9tel\u00e9re \u00e9s lead\u00e1s\u00e1ra<\/strong>. Mind\u00f6ssze egy <strong>k\u00e9zmozdulattal<\/strong> v\u00e9gezhet\u0151.&nbsp;<\/p>\n","protected":false},"featured_media":73404,"comment_status":"open","ping_status":"closed","template":"","meta":{"_acf_changed":false,"inline_featured_image":false},"product_brand":[],"product_cat":[536,540],"product_tag":[],"class_list":{"0":"post-82651","1":"product","2":"type-product","3":"status-publish","4":"has-post-thumbnail","6":"product_cat-felszereles","7":"product_cat-magneses-kiegeszitok","9":"first","10":"instock","11":"sale","12":"taxable","13":"shipping-taxable","14":"purchasable","15":"product-type-simple"},"acf":[],"yoast_head":"<!-- This site is optimized with the Yoast SEO plugin v27.3 - https:\/\/yoast.com\/product\/yoast-seo-wordpress\/ -->\n<title>Magnetar Collector \u2013 forg\u00e1cs- \u00e9s szegecsgy\u0171jt\u0151 - Magnet fishing with a Magnetar fishing magnet<\/title>\n<meta name=\"description\" content=\"Magnetar Collector \u2013 forg\u00e1cs- \u00e9s szegecsgy\u0171jt\u0151\" \/>\n<meta name=\"robots\" content=\"index, follow, max-snippet:-1, max-image-preview:large, max-video-preview:-1\" \/>\n<link rel=\"canonical\" href=\"https:\/\/magnetarmagnets.com\/hu\/shop\/magnetar-collector-forgacs-es-szegecsgyujto\/\" \/>\n<meta property=\"og:locale\" content=\"hu_HU\" \/>\n<meta property=\"og:type\" content=\"article\" \/>\n<meta property=\"og:title\" content=\"Magnetar Collector \u2013 forg\u00e1cs- \u00e9s szegecsgy\u0171jt\u0151 - Magnet fishing with a Magnetar fishing magnet\" \/>\n<meta property=\"og:description\" content=\"Magnetar Collector \u2013 forg\u00e1cs- \u00e9s szegecsgy\u0171jt\u0151\" \/>\n<meta property=\"og:url\" content=\"https:\/\/magnetarmagnets.com\/hu\/shop\/magnetar-collector-forgacs-es-szegecsgyujto\/\" \/>\n<meta property=\"og:site_name\" content=\"Magnet fishing with a Magnetar fishing magnet\" \/>\n<meta property=\"article:publisher\" content=\"https:\/\/www.facebook.com\/fishingmagnets\/\" \/>\n<meta property=\"article:modified_time\" content=\"2025-07-14T11:19:49+00:00\" \/>\n<meta property=\"og:image\" content=\"https:\/\/magnetarmagnets.com\/wp-content\/uploads\/2023\/09\/JNF-Magnetar-Bedrijfsfotografie-01-09-2023-Foto-0222.jpg\" \/>\n\t<meta property=\"og:image:width\" content=\"1000\" \/>\n\t<meta property=\"og:image:height\" content=\"1000\" \/>\n\t<meta property=\"og:image:type\" content=\"image\/jpeg\" \/>\n<meta name=\"twitter:card\" content=\"summary_large_image\" \/>\n<meta name=\"twitter:label1\" content=\"Becs\u00fclt olvas\u00e1si id\u0151\" \/>\n\t<meta name=\"twitter:data1\" content=\"2 perc\" \/>\n<script type=\"application\/ld+json\" class=\"yoast-schema-graph\">{\"@context\":\"https:\\\/\\\/schema.org\",\"@graph\":[{\"@type\":[\"WebPage\",\"ItemPage\"],\"@id\":\"https:\\\/\\\/magnetarmagnets.com\\\/hu\\\/shop\\\/magnetar-collector-forgacs-es-szegecsgyujto\\\/\",\"url\":\"https:\\\/\\\/magnetarmagnets.com\\\/hu\\\/shop\\\/magnetar-collector-forgacs-es-szegecsgyujto\\\/\",\"name\":\"Magnetar Collector \u2013 forg\u00e1cs- \u00e9s szegecsgy\u0171jt\u0151 - Magnet fishing with a Magnetar fishing magnet\",\"isPartOf\":{\"@id\":\"https:\\\/\\\/magnetarmagnets.com\\\/hu\\\/#website\"},\"primaryImageOfPage\":{\"@id\":\"https:\\\/\\\/magnetarmagnets.com\\\/hu\\\/shop\\\/magnetar-collector-forgacs-es-szegecsgyujto\\\/#primaryimage\"},\"image\":{\"@id\":\"https:\\\/\\\/magnetarmagnets.com\\\/hu\\\/shop\\\/magnetar-collector-forgacs-es-szegecsgyujto\\\/#primaryimage\"},\"thumbnailUrl\":\"https:\\\/\\\/magnetarmagnets.com\\\/wp-content\\\/uploads\\\/2023\\\/09\\\/JNF-Magnetar-Bedrijfsfotografie-01-09-2023-Foto-0222.jpg\",\"datePublished\":\"2025-07-14T09:06:40+00:00\",\"dateModified\":\"2025-07-14T11:19:49+00:00\",\"description\":\"Magnetar Collector \u2013 forg\u00e1cs- \u00e9s szegecsgy\u0171jt\u0151\",\"breadcrumb\":{\"@id\":\"https:\\\/\\\/magnetarmagnets.com\\\/hu\\\/shop\\\/magnetar-collector-forgacs-es-szegecsgyujto\\\/#breadcrumb\"},\"inLanguage\":\"hu\",\"potentialAction\":[{\"@type\":\"ReadAction\",\"target\":[\"https:\\\/\\\/magnetarmagnets.com\\\/hu\\\/shop\\\/magnetar-collector-forgacs-es-szegecsgyujto\\\/\"]}]},{\"@type\":\"ImageObject\",\"inLanguage\":\"hu\",\"@id\":\"https:\\\/\\\/magnetarmagnets.com\\\/hu\\\/shop\\\/magnetar-collector-forgacs-es-szegecsgyujto\\\/#primaryimage\",\"url\":\"https:\\\/\\\/magnetarmagnets.com\\\/wp-content\\\/uploads\\\/2023\\\/09\\\/JNF-Magnetar-Bedrijfsfotografie-01-09-2023-Foto-0222.jpg\",\"contentUrl\":\"https:\\\/\\\/magnetarmagnets.com\\\/wp-content\\\/uploads\\\/2023\\\/09\\\/JNF-Magnetar-Bedrijfsfotografie-01-09-2023-Foto-0222.jpg\",\"width\":1000,\"height\":1000,\"caption\":\"Magnetar Collector is the swarf collector for magnetic waste\"},{\"@type\":\"BreadcrumbList\",\"@id\":\"https:\\\/\\\/magnetarmagnets.com\\\/hu\\\/shop\\\/magnetar-collector-forgacs-es-szegecsgyujto\\\/#breadcrumb\",\"itemListElement\":[{\"@type\":\"ListItem\",\"position\":1,\"name\":\"Home\",\"item\":\"https:\\\/\\\/magnetarmagnets.com\\\/hu\\\/\"},{\"@type\":\"ListItem\",\"position\":2,\"name\":\"Webshop\",\"item\":\"https:\\\/\\\/magnetarmagnets.com\\\/webshop\\\/\"},{\"@type\":\"ListItem\",\"position\":3,\"name\":\"Felszerel\u00e9s\",\"item\":\"https:\\\/\\\/magnetarmagnets.com\\\/hu\\\/collections\\\/felszereles\\\/\"},{\"@type\":\"ListItem\",\"position\":4,\"name\":\"M\u00e1gneses kieg\u00e9sz\u00edt\u0151k\",\"item\":\"https:\\\/\\\/magnetarmagnets.com\\\/hu\\\/collections\\\/felszereles\\\/magneses-kiegeszitok\\\/\"},{\"@type\":\"ListItem\",\"position\":5,\"name\":\"Magnetar Collector \u2013 forg\u00e1cs- \u00e9s szegecsgy\u0171jt\u0151\"}]},{\"@type\":\"WebSite\",\"@id\":\"https:\\\/\\\/magnetarmagnets.com\\\/hu\\\/#website\",\"url\":\"https:\\\/\\\/magnetarmagnets.com\\\/hu\\\/\",\"name\":\"Magnet fishing with a Magnetar fishing magnet\",\"description\":\"Er\u0151s m\u00e1gnesek m\u00e1gneshorg\u00e1szathoz\",\"publisher\":{\"@id\":\"https:\\\/\\\/magnetarmagnets.com\\\/hu\\\/#organization\"},\"potentialAction\":[{\"@type\":\"SearchAction\",\"target\":{\"@type\":\"EntryPoint\",\"urlTemplate\":\"https:\\\/\\\/magnetarmagnets.com\\\/hu\\\/?s={search_term_string}\"},\"query-input\":{\"@type\":\"PropertyValueSpecification\",\"valueRequired\":true,\"valueName\":\"search_term_string\"}}],\"inLanguage\":\"hu\"},{\"@type\":\"Organization\",\"@id\":\"https:\\\/\\\/magnetarmagnets.com\\\/hu\\\/#organization\",\"name\":\"Magnetar\",\"url\":\"https:\\\/\\\/magnetarmagnets.com\\\/hu\\\/\",\"logo\":{\"@type\":\"ImageObject\",\"inLanguage\":\"hu\",\"@id\":\"https:\\\/\\\/magnetarmagnets.com\\\/hu\\\/#\\\/schema\\\/logo\\\/image\\\/\",\"url\":\"https:\\\/\\\/magnetarmagnets.com\\\/wp-content\\\/uploads\\\/2025\\\/05\\\/Logo-03_PNG-Black-scaled.png\",\"contentUrl\":\"https:\\\/\\\/magnetarmagnets.com\\\/wp-content\\\/uploads\\\/2025\\\/05\\\/Logo-03_PNG-Black-scaled.png\",\"width\":2560,\"height\":1658,\"caption\":\"Magnetar\"},\"image\":{\"@id\":\"https:\\\/\\\/magnetarmagnets.com\\\/hu\\\/#\\\/schema\\\/logo\\\/image\\\/\"},\"sameAs\":[\"https:\\\/\\\/www.facebook.com\\\/fishingmagnets\\\/\",\"https:\\\/\\\/www.instagram.com\\\/magnetar_magnets\\\/\",\"https:\\\/\\\/www.linkedin.com\\\/company\\\/magnetarbv\\\/?originalSubdomain=nl\",\"https:\\\/\\\/www.youtube.com\\\/c\\\/MagnetarVismagneet\"]}]}<\/script>\n<!-- \/ Yoast SEO plugin. -->","yoast_head_json":{"title":"Magnetar Collector \u2013 forg\u00e1cs- \u00e9s szegecsgy\u0171jt\u0151 - Magnet fishing with a Magnetar fishing magnet","description":"Magnetar Collector \u2013 forg\u00e1cs- \u00e9s szegecsgy\u0171jt\u0151","robots":{"index":"index","follow":"follow","max-snippet":"max-snippet:-1","max-image-preview":"max-image-preview:large","max-video-preview":"max-video-preview:-1"},"canonical":"https:\/\/magnetarmagnets.com\/hu\/shop\/magnetar-collector-forgacs-es-szegecsgyujto\/","og_locale":"hu_HU","og_type":"article","og_title":"Magnetar Collector \u2013 forg\u00e1cs- \u00e9s szegecsgy\u0171jt\u0151 - Magnet fishing with a Magnetar fishing magnet","og_description":"Magnetar Collector \u2013 forg\u00e1cs- \u00e9s szegecsgy\u0171jt\u0151","og_url":"https:\/\/magnetarmagnets.com\/hu\/shop\/magnetar-collector-forgacs-es-szegecsgyujto\/","og_site_name":"Magnet fishing with a Magnetar fishing magnet","article_publisher":"https:\/\/www.facebook.com\/fishingmagnets\/","article_modified_time":"2025-07-14T11:19:49+00:00","og_image":[{"width":1000,"height":1000,"url":"https:\/\/magnetarmagnets.com\/wp-content\/uploads\/2023\/09\/JNF-Magnetar-Bedrijfsfotografie-01-09-2023-Foto-0222.jpg","type":"image\/jpeg"}],"twitter_card":"summary_large_image","twitter_misc":{"Becs\u00fclt olvas\u00e1si id\u0151":"2 perc"},"schema":{"@context":"https:\/\/schema.org","@graph":[{"@type":["WebPage","ItemPage"],"@id":"https:\/\/magnetarmagnets.com\/hu\/shop\/magnetar-collector-forgacs-es-szegecsgyujto\/","url":"https:\/\/magnetarmagnets.com\/hu\/shop\/magnetar-collector-forgacs-es-szegecsgyujto\/","name":"Magnetar Collector \u2013 forg\u00e1cs- \u00e9s szegecsgy\u0171jt\u0151 - Magnet fishing with a Magnetar fishing magnet","isPartOf":{"@id":"https:\/\/magnetarmagnets.com\/hu\/#website"},"primaryImageOfPage":{"@id":"https:\/\/magnetarmagnets.com\/hu\/shop\/magnetar-collector-forgacs-es-szegecsgyujto\/#primaryimage"},"image":{"@id":"https:\/\/magnetarmagnets.com\/hu\/shop\/magnetar-collector-forgacs-es-szegecsgyujto\/#primaryimage"},"thumbnailUrl":"https:\/\/magnetarmagnets.com\/wp-content\/uploads\/2023\/09\/JNF-Magnetar-Bedrijfsfotografie-01-09-2023-Foto-0222.jpg","datePublished":"2025-07-14T09:06:40+00:00","dateModified":"2025-07-14T11:19:49+00:00","description":"Magnetar Collector \u2013 forg\u00e1cs- \u00e9s szegecsgy\u0171jt\u0151","breadcrumb":{"@id":"https:\/\/magnetarmagnets.com\/hu\/shop\/magnetar-collector-forgacs-es-szegecsgyujto\/#breadcrumb"},"inLanguage":"hu","potentialAction":[{"@type":"ReadAction","target":["https:\/\/magnetarmagnets.com\/hu\/shop\/magnetar-collector-forgacs-es-szegecsgyujto\/"]}]},{"@type":"ImageObject","inLanguage":"hu","@id":"https:\/\/magnetarmagnets.com\/hu\/shop\/magnetar-collector-forgacs-es-szegecsgyujto\/#primaryimage","url":"https:\/\/magnetarmagnets.com\/wp-content\/uploads\/2023\/09\/JNF-Magnetar-Bedrijfsfotografie-01-09-2023-Foto-0222.jpg","contentUrl":"https:\/\/magnetarmagnets.com\/wp-content\/uploads\/2023\/09\/JNF-Magnetar-Bedrijfsfotografie-01-09-2023-Foto-0222.jpg","width":1000,"height":1000,"caption":"Magnetar Collector is the swarf collector for magnetic waste"},{"@type":"BreadcrumbList","@id":"https:\/\/magnetarmagnets.com\/hu\/shop\/magnetar-collector-forgacs-es-szegecsgyujto\/#breadcrumb","itemListElement":[{"@type":"ListItem","position":1,"name":"Home","item":"https:\/\/magnetarmagnets.com\/hu\/"},{"@type":"ListItem","position":2,"name":"Webshop","item":"https:\/\/magnetarmagnets.com\/webshop\/"},{"@type":"ListItem","position":3,"name":"Felszerel\u00e9s","item":"https:\/\/magnetarmagnets.com\/hu\/collections\/felszereles\/"},{"@type":"ListItem","position":4,"name":"M\u00e1gneses kieg\u00e9sz\u00edt\u0151k","item":"https:\/\/magnetarmagnets.com\/hu\/collections\/felszereles\/magneses-kiegeszitok\/"},{"@type":"ListItem","position":5,"name":"Magnetar Collector \u2013 forg\u00e1cs- \u00e9s szegecsgy\u0171jt\u0151"}]},{"@type":"WebSite","@id":"https:\/\/magnetarmagnets.com\/hu\/#website","url":"https:\/\/magnetarmagnets.com\/hu\/","name":"Magnet fishing with a Magnetar fishing magnet","description":"Er\u0151s m\u00e1gnesek m\u00e1gneshorg\u00e1szathoz","publisher":{"@id":"https:\/\/magnetarmagnets.com\/hu\/#organization"},"potentialAction":[{"@type":"SearchAction","target":{"@type":"EntryPoint","urlTemplate":"https:\/\/magnetarmagnets.com\/hu\/?s={search_term_string}"},"query-input":{"@type":"PropertyValueSpecification","valueRequired":true,"valueName":"search_term_string"}}],"inLanguage":"hu"},{"@type":"Organization","@id":"https:\/\/magnetarmagnets.com\/hu\/#organization","name":"Magnetar","url":"https:\/\/magnetarmagnets.com\/hu\/","logo":{"@type":"ImageObject","inLanguage":"hu","@id":"https:\/\/magnetarmagnets.com\/hu\/#\/schema\/logo\/image\/","url":"https:\/\/magnetarmagnets.com\/wp-content\/uploads\/2025\/05\/Logo-03_PNG-Black-scaled.png","contentUrl":"https:\/\/magnetarmagnets.com\/wp-content\/uploads\/2025\/05\/Logo-03_PNG-Black-scaled.png","width":2560,"height":1658,"caption":"Magnetar"},"image":{"@id":"https:\/\/magnetarmagnets.com\/hu\/#\/schema\/logo\/image\/"},"sameAs":["https:\/\/www.facebook.com\/fishingmagnets\/","https:\/\/www.instagram.com\/magnetar_magnets\/","https:\/\/www.linkedin.com\/company\/magnetarbv\/?originalSubdomain=nl","https:\/\/www.youtube.com\/c\/MagnetarVismagneet"]}]}},"_links":{"self":[{"href":"https:\/\/magnetarmagnets.com\/hu\/wp-json\/wp\/v2\/product\/82651","targetHints":{"allow":["GET"]}}],"collection":[{"href":"https:\/\/magnetarmagnets.com\/hu\/wp-json\/wp\/v2\/product"}],"about":[{"href":"https:\/\/magnetarmagnets.com\/hu\/wp-json\/wp\/v2\/types\/product"}],"replies":[{"embeddable":true,"href":"https:\/\/magnetarmagnets.com\/hu\/wp-json\/wp\/v2\/comments?post=82651"}],"version-history":[{"count":0,"href":"https:\/\/magnetarmagnets.com\/hu\/wp-json\/wp\/v2\/product\/82651\/revisions"}],"wp:featuredmedia":[{"embeddable":true,"href":"https:\/\/magnetarmagnets.com\/hu\/wp-json\/wp\/v2\/media\/73404"}],"wp:attachment":[{"href":"https:\/\/magnetarmagnets.com\/hu\/wp-json\/wp\/v2\/media?parent=82651"}],"wp:term":[{"taxonomy":"product_brand","embeddable":true,"href":"https:\/\/magnetarmagnets.com\/hu\/wp-json\/wp\/v2\/product_brand?post=82651"},{"taxonomy":"product_cat","embeddable":true,"href":"https:\/\/magnetarmagnets.com\/hu\/wp-json\/wp\/v2\/product_cat?post=82651"},{"taxonomy":"product_tag","embeddable":true,"href":"https:\/\/magnetarmagnets.com\/hu\/wp-json\/wp\/v2\/product_tag?post=82651"}],"curies":[{"name":"wp","href":"https:\/\/api.w.org\/{rel}","templated":true}]}}