{"id":82650,"date":"2025-06-05T09:53:06","date_gmt":"2025-06-05T07:53:06","guid":{"rendered":"https:\/\/magnetarmagnets.com\/?post_type=product&#038;p=82650"},"modified":"2026-04-07T06:20:10","modified_gmt":"2026-04-07T04:20:10","slug":"savage-magnes-horgasz-szett-1600-kg-allround-360","status":"publish","type":"product","link":"https:\/\/magnetarmagnets.com\/hu\/shop\/savage-magnes-horgasz-szett-1600-kg-allround-360\/","title":{"rendered":"Savage m\u00e1gnes horg\u00e1sz szett \u2013 1600 kg \u2013 Allround 360\u00b0"},"content":{"rendered":"Tapasztalt m\u00e1gneshorg\u00e1sz vagy, aki a legjobb felszerel\u00e9st keresi? A Savage csomagot kifejezetten neked fejlesztett\u00fck! Ez a teljes m\u00e1gnes horg\u00e1sz szett minden elemet tartalmaz, amire a v\u00edzparton sz\u00fcks\u00e9ged lehet. A csomag k\u00f6z\u00e9ppontj\u00e1ban a Barbarian, Eur\u00f3pa leger\u0151sebb horg\u00e1sz m\u00e1gnes \u00e1ll. A k\u00e9szlet tartalmaz egy horogszer\u0171 kamp\u00f3t, keszty\u0171ket, 10 mm-es k\u00f6telet, m\u00e1gnesr\u00f6gz\u00edt\u0151 ragaszt\u00f3t \u00e9s egy v\u00e9d\u0151tokot a m\u00e1gnesedhez.\n\n\n\nKev\u00e9sb\u00e9 er\u0151s m\u00e1gnesre v\u00e1gysz? A <a href=\"https:\/\/magnetarmagnets.com\/shop\/legend-package\">Legend csomag<\/a> \u00e9s az <a href=\"https:\/\/magnetarmagnets.com\/shop\/expert-package\">Expert csomag<\/a> remek v\u00e1laszt\u00e1s lehet.\n\n<h2>Barbarian neod\u00edmium horg\u00e1sz m\u00e1gnes<\/h2>\n\nA Barbarian egy minden ir\u00e1nyb\u00f3l hat\u00f3, 360\u00b0-os horg\u00e1sz m\u00e1gnes. Oldalank\u00e9nt 880 lb (400 kg) m\u00e1gneses h\u00faz\u00f3er\u0151vel rendelkezik, \u00edgy \u00f6sszesen 3520 lb (1600 kg) er\u0151t fejt ki. Ez az egyik leger\u0151sebb m\u00e1gnes a m\u00e1gnes horg\u00e1szatban. Term\u00e9szetesen a term\u00e9k 100% neod\u00edmiumb\u00f3l k\u00e9sz\u00fclt, garant\u00e1lva a hossz\u00fa t\u00e1v\u00fa, kifog\u00e1stalan min\u0151s\u00e9get.\n\n<h2>K\u00e9szen \u00e1llsz a Barbarianra?<\/h2>\n\nA Barbarian a legnehezebb \u00e9s leghat\u00e1sosabb m\u00e1gnes\u00fcnk. A hatalmas m\u00e1gnes \u00f6nmag\u00e1ban 5,3 lb (2400 g) t\u00f6meg\u0171, ez\u00e9rt m\u00e9lyre s\u00fcllyed a v\u00edzben, s\u0151t az iszapba is. \u00cdgy es\u00e9lyt kapsz arra, hogy el\u0151hal\u00e1szd a v\u00edz al\u00e1 \u00e9vek \u00f3ta els\u00fcllyedt, legr\u00e9gebbi \u00e9s legk\u00fcl\u00f6nlegesebb t\u00e1rgyakat. Azonban a nagy t\u00f6meg miatt ez a m\u00e1gnes nem mindenkinek aj\u00e1nlott.\n\n\n\nKisebb, minden ir\u00e1nyb\u00f3l hat\u00f3 m\u00e1gnesre v\u00e1gysz? N\u00e9zd meg az Easy, Hardcore, Terror vagy Beast modelleket. Ezek a horg\u00e1sz m\u00e1gnesek tulajdons\u00e1gaikban hasonl\u00f3ak a Barbari\u00e1hoz, de valamivel kisebbek \u00e9s k\u00f6nnyebben kezelhet\u0151k.\n\n<h2>A m\u00e1gnes fejl\u0151d\u00e9se<\/h2>\n\nSok m\u00e1gnes csak egy oldalon fejti ki a vonz\u00f3er\u0151t. Ez az egyoldalas m\u00e1gnes a klasszikus horg\u00e1sz m\u00e1gnes. A Magnetar volt az els\u0151 c\u00e9g, amely ezt a klasszikus m\u00e1gnes t\u00edpust k\u00e9toldalasra fejlesztette tov\u00e1bb. 2016-ban pedig megalkottuk az allround, 360\u00b0-os m\u00e1gneses h\u00faz\u00f3er\u0151vel rendelkez\u0151 horg\u00e1sz m\u00e1gnes\u00fcnket. Az EU-s m\u00e1gnes horg\u00e1szok \u00f3ta vonz\u00f3dnak 100% neod\u00edmium m\u00e1gnes\u00fcnkh\u00f6z, \u00edgy ma Eur\u00f3pa #1 besz\u00e1ll\u00edt\u00f3jak\u00e9nt tartanak sz\u00e1mon benn\u00fcnket. M\u00e1gneses t\u00e1mad\u00f3er\u0151nk mellett term\u00e9keink min\u0151s\u00e9ge, diz\u00e1jnja \u00e9s gondoskod\u00e1sa is kiemelked\u0151, k\u00f6sz\u00f6nhet\u0151en kis csapatunknak, amely maga is szenved\u00e9lyes m\u00e1gnes horg\u00e1szokb\u00f3l \u00e1ll. V\u00e1s\u00e1rl\u00f3ink visszat\u00e9rnek, mert tudj\u00e1k, a Magnetarn\u00e1l nem csak egy m\u00e1gnest kapnak, hanem val\u00f3di kincseket.\n\n<h2><strong>Er\u0151teljes, 360\u00b0-os h\u00faz\u00f3er\u0151<\/strong><\/h2>\n\nA Beast m\u00e1gnes az egyik leger\u0151sebb modell\u00fcnk, ak\u00e1r 3100 lb \/ 1400 kg h\u00faz\u00f3er\u0151vel. A Beast vonz\u00f3ereje el\u00e9ri a k\u00f6rnyez\u0151 t\u00e1rgyakat minden ir\u00e1nyb\u00f3l, ellent\u00e9tben a rozsdamentes ac\u00e9lburkolatba z\u00e1rt egys\u00edk\u00fa m\u00e1gnessel, amely csak egy ir\u00e1nyba f\u00f3kusz\u00e1l. K\u00edv\u00e1ncsi vagy a h\u00faz\u00f3er\u0151 m\u00e9r\u00e9s\u00e9nek m\u00f3dj\u00e1ra? <a href=\"https:\/\/www.youtube.com\/watch?v=2McW3RURDxs\" target=\"_blank\" rel=\"noopener\">N\u00e9zd meg vide\u00f3nkat a h\u00faz\u00f3er\u0151 m\u00e9r\u00e9s\u00e9r\u0151l<\/a>.\n\n<h2>Magas min\u0151s\u00e9g<\/h2>\n\nHorg\u00e1sz m\u00e1gnesek mind 100% neod\u00edmiumb\u00f3l k\u00e9sz\u00fclnek. A Magnetar m\u00e1gnesek \u00e9vtizedeken \u00e1t meg\u0151rzik m\u00e1gneses erej\u00fcket, \u00e9vente mind\u00f6ssze 1% vesz\u00edtve 100 \u00e9venk\u00e9nt (megfelel\u0151 t\u00e1rol\u00e1s, \u00e1pol\u00e1s \u00e9s v\u00e9delem mellett).\n\n\n\nA legt\u00f6bb m\u00e1s m\u00e1gnesgy\u00e1rt\u00f3 m\u00e1r n\u00e9h\u00e1ny h\u00e9t alatt \u00e9szlelhet\u0151 h\u00faz\u00f3er\u0151-cs\u00f6kken\u00e9st mutat. Az elm\u00falt \u00e9vekben egyre t\u00f6bb alacsony min\u0151s\u00e9g\u0171 m\u00e1gnes jelent meg a piacon: nagyobb m\u00e9ret, de gyeng\u00e9bb h\u00faz\u00f3er\u0151, sil\u00e1ny neod\u00edmium, megt\u00e9veszt\u0151 rekl\u00e1mok. Ha ilyen m\u00e1gneseket v\u00e1s\u00e1rolsz olcs\u00f3bban vagy egy nagy konglomer\u00e1tumt\u00f3l, csal\u00f3dni fogsz, m\u00e9g ha p\u00e1r forintot is sp\u00f3rolt\u00e1l.\n\n\n\nA Magnetar egy kis, csal\u00e1di v\u00e1llalkoz\u00e1s, ahol a min\u0151s\u00e9g az els\u0151. Mi is szenved\u00e9lyes m\u00e1gnes horg\u00e1szok vagyunk, \u00e9s minden m\u00e1gnes\u00fcnket csapatunk tervezi, gy\u00e1rtja \u00e9s teszteli, hogy a lehet\u0151 legt\u00f6bb kincsre bukkanj. Ha megb\u00edzhat\u00f3, hat\u00e9kony \u00e9s er\u0151s horg\u00e1sz m\u00e1gnest keresel, j\u00f3 helyen j\u00e1rsz. V\u00e1rjuk rendel\u00e9sed, <a href=\"info@magnetarmagnets.com\">l\u00e9pj kapcsolatba vel\u00fcnk<\/a>.\n\n<h2>V\u00e9d\u0151tok<\/h2>\n\nAz ehhez a csomaghoz tartoz\u00f3 v\u00e9d\u0151tok t\u00f6k\u00e9letes kieg\u00e9sz\u00edt\u0151 a neod\u00edmium m\u00e1gnes v\u00e9delm\u00e9hez haszn\u00e1lat k\u00f6zben. Ezek a tart\u00f3s bor\u00edt\u00e1sok kifejezetten a m\u00e1gnesre szabottak, extra v\u00e9delmet ny\u00fajtva karcol\u00e1sok, t\u00f6r\u00e9sek \u00e9s egy\u00e9b s\u00e9r\u00fcl\u00e9sek ellen. Strapab\u00edr\u00f3 kialak\u00edt\u00e1suk r\u00e9v\u00e9n a legkem\u00e9nyebb k\u00f6r\u00fclm\u00e9nyeknek is ellen\u00e1llnak. A v\u00e9d\u0151tok rozsdamentes ac\u00e9lb\u00f3l k\u00e9sz\u00fcl, \u00edgy biztos\u00edtja, hogy a m\u00e1gnes 360\u00b0-ban \u00e9rv\u00e9nyes\u00fcl\u0151 vonz\u00f3ereje zavartalan maradjon. Ezekkel a v\u00e9d\u0151tokokkal gondtalanul \u00e9lvezheted a m\u00e1gnes horg\u00e1szatot, an\u00e9lk\u00fcl, hogy m\u00e1gnesed s\u00e9r\u00fcl\u00e9s\u00e9t\u0151l kellene tartanod.\n\n\n\n(K\u00e9rj\u00fck, vedd figyelembe, hogy a m\u00e1gnes als\u00f3 r\u00e9sze nincs a tok \u00e1ltal v\u00e9dve)\n\n<h2><b>Haszn\u00e1lat \u00f3vatoss\u00e1ggal<\/b><\/h2>\n\nNeod\u00edmium m\u00e1gnes\u00fcnk a <a href=\"https:\/\/magnetarmagnets.com\/strong-fishing-magnets\/?v=796834e7a283\" target=\"_blank\" rel=\"noopener\">leg er\u0151sebb horg\u00e1sz m\u00e1gnesek<\/a> k\u00f6z\u00e9 tartozik, \u00e9s nagy sebess\u00e9ggel csap\u00f3dhat vas t\u00e1rgyakra, ha azok k\u00f6zel vannak. Az olyan er\u0151s m\u00e1gnesek, mint a 360\u00b0 allround, k\u00f6nnyen beszor\u00edthatj\u00e1k az ujjadat a m\u00e1gnes \u00e9s m\u00e1s t\u00e1rgyak k\u00f6z\u00e9. Kezeld \u00f3vatosan, haszn\u00e1lata saj\u00e1t felel\u0151ss\u00e9gre t\u00f6rt\u00e9nik. Minden esetben olvasd el biztons\u00e1gi figyelmeztet\u00e9seinket.\n\n\n\n* A gyermekek kiz\u00e1r\u00f3lag feln\u0151tt fel\u00fcgyelete mellett haszn\u00e1lhatj\u00e1k a m\u00e1gnest.\n\n\n\nNe felejts el k\u00f6r\u00fcln\u00e9zni m\u00e1gnes horg\u00e1sz szettjeink k\u00f6z\u00f6tt: <a href=\"https:\/\/magnetarmagnets.com\/collections\/fishing-magnets\/magnet-fishing-kit\/?v=796834e7a283\" target=\"_blank\" rel=\"noopener\">m\u00e1gnes horg\u00e1sz szettek<\/a> vagy <a href=\"https:\/\/magnetarmagnets.com\/accessories\/?v=796834e7a283\" target=\"_blank\" rel=\"noopener\">m\u00e1gnes horg\u00e1sz felszerel\u00e9sek<\/a>.","protected":false},"excerpt":{"rendered":"<p>A teljes <strong>Savage csomag<\/strong> mindent tartalmaz, amire a m\u00e1gnes horg\u00e1szathoz sz\u00fcks\u00e9ged lehet, bele\u00e9rtve n\u00e9pszer\u0171 <strong>Allround 360\u00b0 Barbarian horg\u00e1sz m\u00e1gnes\u00fcnket<\/strong>.<\/p>\n","protected":false},"featured_media":72582,"comment_status":"open","ping_status":"closed","template":"","meta":{"_acf_changed":false,"inline_featured_image":false},"product_brand":[],"product_cat":[534,528,533,530,543],"product_tag":[],"class_list":{"0":"post-82650","1":"product","2":"type-product","3":"status-publish","4":"has-post-thumbnail","6":"product_cat-horgasz-magnes-keszlet","7":"product_cat-horgasz-magnesek","8":"product_cat-horgasz-magnesek-360","9":"product_cat-legerosebb-horgasz-magnesek","10":"product_cat-profik","12":"first","13":"instock","14":"sale","15":"taxable","16":"shipping-taxable","17":"purchasable","18":"product-type-simple"},"acf":[],"yoast_head":"<!-- This site is optimized with the Yoast SEO plugin v27.3 - https:\/\/yoast.com\/product\/yoast-seo-wordpress\/ -->\n<title>Savage m\u00e1gnes horg\u00e1sz szett \u2013 1600 kg \u2013 Allround 360\u00b0 - Magnetar<\/title>\n<meta name=\"description\" content=\"Savage k\u00e9szlet \u2013 1800 kg \u2013 360\u00b0-os Magnetar m\u00e1gnes\" \/>\n<meta name=\"robots\" content=\"index, follow, max-snippet:-1, max-image-preview:large, max-video-preview:-1\" \/>\n<link rel=\"canonical\" href=\"https:\/\/magnetarmagnets.com\/hu\/shop\/savage-magnes-horgasz-szett-1600-kg-allround-360\/\" \/>\n<meta property=\"og:locale\" content=\"hu_HU\" \/>\n<meta property=\"og:type\" content=\"article\" \/>\n<meta property=\"og:title\" content=\"Savage m\u00e1gnes horg\u00e1sz szett \u2013 1600 kg \u2013 Allround 360\u00b0 - Magnetar\" \/>\n<meta property=\"og:description\" content=\"Savage k\u00e9szlet \u2013 1800 kg \u2013 360\u00b0-os Magnetar m\u00e1gnes\" \/>\n<meta property=\"og:url\" content=\"https:\/\/magnetarmagnets.com\/hu\/shop\/savage-magnes-horgasz-szett-1600-kg-allround-360\/\" \/>\n<meta property=\"og:site_name\" content=\"Magnet fishing with a Magnetar fishing magnet\" \/>\n<meta property=\"article:publisher\" content=\"https:\/\/www.facebook.com\/fishingmagnets\/\" \/>\n<meta property=\"article:modified_time\" content=\"2026-04-07T04:20:10+00:00\" \/>\n<meta property=\"og:image\" content=\"https:\/\/magnetarmagnets.com\/wp-content\/uploads\/2021\/10\/MAGNETAR-SAVAGE-KIT-GOOGLE.jpg\" \/>\n\t<meta property=\"og:image:width\" content=\"1500\" \/>\n\t<meta property=\"og:image:height\" content=\"1500\" \/>\n\t<meta property=\"og:image:type\" content=\"image\/jpeg\" \/>\n<meta name=\"twitter:card\" content=\"summary_large_image\" \/>\n<meta name=\"twitter:label1\" content=\"Becs\u00fclt olvas\u00e1si id\u0151\" \/>\n\t<meta name=\"twitter:data1\" content=\"4 perc\" \/>\n<script type=\"application\/ld+json\" class=\"yoast-schema-graph\">{\"@context\":\"https:\\\/\\\/schema.org\",\"@graph\":[{\"@type\":[\"WebPage\",\"ItemPage\"],\"@id\":\"https:\\\/\\\/magnetarmagnets.com\\\/hu\\\/shop\\\/savage-magnes-horgasz-szett-1600-kg-allround-360\\\/\",\"url\":\"https:\\\/\\\/magnetarmagnets.com\\\/hu\\\/shop\\\/savage-magnes-horgasz-szett-1600-kg-allround-360\\\/\",\"name\":\"Savage m\u00e1gnes horg\u00e1sz szett \u2013 1600 kg \u2013 Allround 360\u00b0 - Magnetar\",\"isPartOf\":{\"@id\":\"https:\\\/\\\/magnetarmagnets.com\\\/hu\\\/#website\"},\"primaryImageOfPage\":{\"@id\":\"https:\\\/\\\/magnetarmagnets.com\\\/hu\\\/shop\\\/savage-magnes-horgasz-szett-1600-kg-allround-360\\\/#primaryimage\"},\"image\":{\"@id\":\"https:\\\/\\\/magnetarmagnets.com\\\/hu\\\/shop\\\/savage-magnes-horgasz-szett-1600-kg-allround-360\\\/#primaryimage\"},\"thumbnailUrl\":\"https:\\\/\\\/magnetarmagnets.com\\\/wp-content\\\/uploads\\\/2021\\\/10\\\/MAGNETAR-SAVAGE-KIT-GOOGLE.jpg\",\"datePublished\":\"2025-06-05T07:53:06+00:00\",\"dateModified\":\"2026-04-07T04:20:10+00:00\",\"description\":\"Savage k\u00e9szlet \u2013 1800 kg \u2013 360\u00b0-os Magnetar m\u00e1gnes\",\"breadcrumb\":{\"@id\":\"https:\\\/\\\/magnetarmagnets.com\\\/hu\\\/shop\\\/savage-magnes-horgasz-szett-1600-kg-allround-360\\\/#breadcrumb\"},\"inLanguage\":\"hu\",\"potentialAction\":[{\"@type\":\"ReadAction\",\"target\":[\"https:\\\/\\\/magnetarmagnets.com\\\/hu\\\/shop\\\/savage-magnes-horgasz-szett-1600-kg-allround-360\\\/\"]}]},{\"@type\":\"ImageObject\",\"inLanguage\":\"hu\",\"@id\":\"https:\\\/\\\/magnetarmagnets.com\\\/hu\\\/shop\\\/savage-magnes-horgasz-szett-1600-kg-allround-360\\\/#primaryimage\",\"url\":\"https:\\\/\\\/magnetarmagnets.com\\\/wp-content\\\/uploads\\\/2021\\\/10\\\/MAGNETAR-SAVAGE-KIT-GOOGLE.jpg\",\"contentUrl\":\"https:\\\/\\\/magnetarmagnets.com\\\/wp-content\\\/uploads\\\/2021\\\/10\\\/MAGNETAR-SAVAGE-KIT-GOOGLE.jpg\",\"width\":1500,\"height\":1500,\"caption\":\"magnetar-savage-kit-magneetvissen\"},{\"@type\":\"BreadcrumbList\",\"@id\":\"https:\\\/\\\/magnetarmagnets.com\\\/hu\\\/shop\\\/savage-magnes-horgasz-szett-1600-kg-allround-360\\\/#breadcrumb\",\"itemListElement\":[{\"@type\":\"ListItem\",\"position\":1,\"name\":\"Home\",\"item\":\"https:\\\/\\\/magnetarmagnets.com\\\/hu\\\/\"},{\"@type\":\"ListItem\",\"position\":2,\"name\":\"Webshop\",\"item\":\"https:\\\/\\\/magnetarmagnets.com\\\/webshop\\\/\"},{\"@type\":\"ListItem\",\"position\":3,\"name\":\"Horg\u00e1sz m\u00e1gnesek\",\"item\":\"https:\\\/\\\/magnetarmagnets.com\\\/hu\\\/collections\\\/horgasz-magnesek\\\/\"},{\"@type\":\"ListItem\",\"position\":4,\"name\":\"Horg\u00e1sz m\u00e1gnesek 360\u00b0\",\"item\":\"https:\\\/\\\/magnetarmagnets.com\\\/hu\\\/collections\\\/horgasz-magnesek\\\/horgasz-magnesek-360\\\/\"},{\"@type\":\"ListItem\",\"position\":5,\"name\":\"Savage m\u00e1gnes horg\u00e1sz szett \u2013 1600 kg \u2013 Allround 360\u00b0\"}]},{\"@type\":\"WebSite\",\"@id\":\"https:\\\/\\\/magnetarmagnets.com\\\/hu\\\/#website\",\"url\":\"https:\\\/\\\/magnetarmagnets.com\\\/hu\\\/\",\"name\":\"Magnet fishing with a Magnetar fishing magnet\",\"description\":\"Er\u0151s m\u00e1gnesek m\u00e1gneshorg\u00e1szathoz\",\"publisher\":{\"@id\":\"https:\\\/\\\/magnetarmagnets.com\\\/hu\\\/#organization\"},\"potentialAction\":[{\"@type\":\"SearchAction\",\"target\":{\"@type\":\"EntryPoint\",\"urlTemplate\":\"https:\\\/\\\/magnetarmagnets.com\\\/hu\\\/?s={search_term_string}\"},\"query-input\":{\"@type\":\"PropertyValueSpecification\",\"valueRequired\":true,\"valueName\":\"search_term_string\"}}],\"inLanguage\":\"hu\"},{\"@type\":\"Organization\",\"@id\":\"https:\\\/\\\/magnetarmagnets.com\\\/hu\\\/#organization\",\"name\":\"Magnetar\",\"url\":\"https:\\\/\\\/magnetarmagnets.com\\\/hu\\\/\",\"logo\":{\"@type\":\"ImageObject\",\"inLanguage\":\"hu\",\"@id\":\"https:\\\/\\\/magnetarmagnets.com\\\/hu\\\/#\\\/schema\\\/logo\\\/image\\\/\",\"url\":\"https:\\\/\\\/magnetarmagnets.com\\\/wp-content\\\/uploads\\\/2025\\\/05\\\/Logo-03_PNG-Black-scaled.png\",\"contentUrl\":\"https:\\\/\\\/magnetarmagnets.com\\\/wp-content\\\/uploads\\\/2025\\\/05\\\/Logo-03_PNG-Black-scaled.png\",\"width\":2560,\"height\":1658,\"caption\":\"Magnetar\"},\"image\":{\"@id\":\"https:\\\/\\\/magnetarmagnets.com\\\/hu\\\/#\\\/schema\\\/logo\\\/image\\\/\"},\"sameAs\":[\"https:\\\/\\\/www.facebook.com\\\/fishingmagnets\\\/\",\"https:\\\/\\\/www.instagram.com\\\/magnetar_magnets\\\/\",\"https:\\\/\\\/www.linkedin.com\\\/company\\\/magnetarbv\\\/?originalSubdomain=nl\",\"https:\\\/\\\/www.youtube.com\\\/c\\\/MagnetarVismagneet\"]}]}<\/script>\n<!-- \/ Yoast SEO plugin. -->","yoast_head_json":{"title":"Savage m\u00e1gnes horg\u00e1sz szett \u2013 1600 kg \u2013 Allround 360\u00b0 - Magnetar","description":"Savage k\u00e9szlet \u2013 1800 kg \u2013 360\u00b0-os Magnetar m\u00e1gnes","robots":{"index":"index","follow":"follow","max-snippet":"max-snippet:-1","max-image-preview":"max-image-preview:large","max-video-preview":"max-video-preview:-1"},"canonical":"https:\/\/magnetarmagnets.com\/hu\/shop\/savage-magnes-horgasz-szett-1600-kg-allround-360\/","og_locale":"hu_HU","og_type":"article","og_title":"Savage m\u00e1gnes horg\u00e1sz szett \u2013 1600 kg \u2013 Allround 360\u00b0 - Magnetar","og_description":"Savage k\u00e9szlet \u2013 1800 kg \u2013 360\u00b0-os Magnetar m\u00e1gnes","og_url":"https:\/\/magnetarmagnets.com\/hu\/shop\/savage-magnes-horgasz-szett-1600-kg-allround-360\/","og_site_name":"Magnet fishing with a Magnetar fishing magnet","article_publisher":"https:\/\/www.facebook.com\/fishingmagnets\/","article_modified_time":"2026-04-07T04:20:10+00:00","og_image":[{"width":1500,"height":1500,"url":"https:\/\/magnetarmagnets.com\/wp-content\/uploads\/2021\/10\/MAGNETAR-SAVAGE-KIT-GOOGLE.jpg","type":"image\/jpeg"}],"twitter_card":"summary_large_image","twitter_misc":{"Becs\u00fclt olvas\u00e1si id\u0151":"4 perc"},"schema":{"@context":"https:\/\/schema.org","@graph":[{"@type":["WebPage","ItemPage"],"@id":"https:\/\/magnetarmagnets.com\/hu\/shop\/savage-magnes-horgasz-szett-1600-kg-allround-360\/","url":"https:\/\/magnetarmagnets.com\/hu\/shop\/savage-magnes-horgasz-szett-1600-kg-allround-360\/","name":"Savage m\u00e1gnes horg\u00e1sz szett \u2013 1600 kg \u2013 Allround 360\u00b0 - Magnetar","isPartOf":{"@id":"https:\/\/magnetarmagnets.com\/hu\/#website"},"primaryImageOfPage":{"@id":"https:\/\/magnetarmagnets.com\/hu\/shop\/savage-magnes-horgasz-szett-1600-kg-allround-360\/#primaryimage"},"image":{"@id":"https:\/\/magnetarmagnets.com\/hu\/shop\/savage-magnes-horgasz-szett-1600-kg-allround-360\/#primaryimage"},"thumbnailUrl":"https:\/\/magnetarmagnets.com\/wp-content\/uploads\/2021\/10\/MAGNETAR-SAVAGE-KIT-GOOGLE.jpg","datePublished":"2025-06-05T07:53:06+00:00","dateModified":"2026-04-07T04:20:10+00:00","description":"Savage k\u00e9szlet \u2013 1800 kg \u2013 360\u00b0-os Magnetar m\u00e1gnes","breadcrumb":{"@id":"https:\/\/magnetarmagnets.com\/hu\/shop\/savage-magnes-horgasz-szett-1600-kg-allround-360\/#breadcrumb"},"inLanguage":"hu","potentialAction":[{"@type":"ReadAction","target":["https:\/\/magnetarmagnets.com\/hu\/shop\/savage-magnes-horgasz-szett-1600-kg-allround-360\/"]}]},{"@type":"ImageObject","inLanguage":"hu","@id":"https:\/\/magnetarmagnets.com\/hu\/shop\/savage-magnes-horgasz-szett-1600-kg-allround-360\/#primaryimage","url":"https:\/\/magnetarmagnets.com\/wp-content\/uploads\/2021\/10\/MAGNETAR-SAVAGE-KIT-GOOGLE.jpg","contentUrl":"https:\/\/magnetarmagnets.com\/wp-content\/uploads\/2021\/10\/MAGNETAR-SAVAGE-KIT-GOOGLE.jpg","width":1500,"height":1500,"caption":"magnetar-savage-kit-magneetvissen"},{"@type":"BreadcrumbList","@id":"https:\/\/magnetarmagnets.com\/hu\/shop\/savage-magnes-horgasz-szett-1600-kg-allround-360\/#breadcrumb","itemListElement":[{"@type":"ListItem","position":1,"name":"Home","item":"https:\/\/magnetarmagnets.com\/hu\/"},{"@type":"ListItem","position":2,"name":"Webshop","item":"https:\/\/magnetarmagnets.com\/webshop\/"},{"@type":"ListItem","position":3,"name":"Horg\u00e1sz m\u00e1gnesek","item":"https:\/\/magnetarmagnets.com\/hu\/collections\/horgasz-magnesek\/"},{"@type":"ListItem","position":4,"name":"Horg\u00e1sz m\u00e1gnesek 360\u00b0","item":"https:\/\/magnetarmagnets.com\/hu\/collections\/horgasz-magnesek\/horgasz-magnesek-360\/"},{"@type":"ListItem","position":5,"name":"Savage m\u00e1gnes horg\u00e1sz szett \u2013 1600 kg \u2013 Allround 360\u00b0"}]},{"@type":"WebSite","@id":"https:\/\/magnetarmagnets.com\/hu\/#website","url":"https:\/\/magnetarmagnets.com\/hu\/","name":"Magnet fishing with a Magnetar fishing magnet","description":"Er\u0151s m\u00e1gnesek m\u00e1gneshorg\u00e1szathoz","publisher":{"@id":"https:\/\/magnetarmagnets.com\/hu\/#organization"},"potentialAction":[{"@type":"SearchAction","target":{"@type":"EntryPoint","urlTemplate":"https:\/\/magnetarmagnets.com\/hu\/?s={search_term_string}"},"query-input":{"@type":"PropertyValueSpecification","valueRequired":true,"valueName":"search_term_string"}}],"inLanguage":"hu"},{"@type":"Organization","@id":"https:\/\/magnetarmagnets.com\/hu\/#organization","name":"Magnetar","url":"https:\/\/magnetarmagnets.com\/hu\/","logo":{"@type":"ImageObject","inLanguage":"hu","@id":"https:\/\/magnetarmagnets.com\/hu\/#\/schema\/logo\/image\/","url":"https:\/\/magnetarmagnets.com\/wp-content\/uploads\/2025\/05\/Logo-03_PNG-Black-scaled.png","contentUrl":"https:\/\/magnetarmagnets.com\/wp-content\/uploads\/2025\/05\/Logo-03_PNG-Black-scaled.png","width":2560,"height":1658,"caption":"Magnetar"},"image":{"@id":"https:\/\/magnetarmagnets.com\/hu\/#\/schema\/logo\/image\/"},"sameAs":["https:\/\/www.facebook.com\/fishingmagnets\/","https:\/\/www.instagram.com\/magnetar_magnets\/","https:\/\/www.linkedin.com\/company\/magnetarbv\/?originalSubdomain=nl","https:\/\/www.youtube.com\/c\/MagnetarVismagneet"]}]}},"_links":{"self":[{"href":"https:\/\/magnetarmagnets.com\/hu\/wp-json\/wp\/v2\/product\/82650","targetHints":{"allow":["GET"]}}],"collection":[{"href":"https:\/\/magnetarmagnets.com\/hu\/wp-json\/wp\/v2\/product"}],"about":[{"href":"https:\/\/magnetarmagnets.com\/hu\/wp-json\/wp\/v2\/types\/product"}],"replies":[{"embeddable":true,"href":"https:\/\/magnetarmagnets.com\/hu\/wp-json\/wp\/v2\/comments?post=82650"}],"version-history":[{"count":1,"href":"https:\/\/magnetarmagnets.com\/hu\/wp-json\/wp\/v2\/product\/82650\/revisions"}],"predecessor-version":[{"id":94681,"href":"https:\/\/magnetarmagnets.com\/hu\/wp-json\/wp\/v2\/product\/82650\/revisions\/94681"}],"wp:featuredmedia":[{"embeddable":true,"href":"https:\/\/magnetarmagnets.com\/hu\/wp-json\/wp\/v2\/media\/72582"}],"wp:attachment":[{"href":"https:\/\/magnetarmagnets.com\/hu\/wp-json\/wp\/v2\/media?parent=82650"}],"wp:term":[{"taxonomy":"product_brand","embeddable":true,"href":"https:\/\/magnetarmagnets.com\/hu\/wp-json\/wp\/v2\/product_brand?post=82650"},{"taxonomy":"product_cat","embeddable":true,"href":"https:\/\/magnetarmagnets.com\/hu\/wp-json\/wp\/v2\/product_cat?post=82650"},{"taxonomy":"product_tag","embeddable":true,"href":"https:\/\/magnetarmagnets.com\/hu\/wp-json\/wp\/v2\/product_tag?post=82650"}],"curies":[{"name":"wp","href":"https:\/\/api.w.org\/{rel}","templated":true}]}}