{"id":82629,"date":"2025-06-05T09:53:45","date_gmt":"2025-06-05T07:53:45","guid":{"rendered":"https:\/\/magnetarmagnets.com\/?post_type=product&#038;p=82629"},"modified":"2026-04-08T19:28:58","modified_gmt":"2026-04-08T17:28:58","slug":"vulcan-xxl-futheto-kabat","status":"publish","type":"product","link":"https:\/\/magnetarmagnets.com\/hu\/shop\/vulcan-xxl-futheto-kabat\/","title":{"rendered":"Vulcan XXL f\u0171thet\u0151 kab\u00e1t"},"content":{"rendered":"<img fetchpriority=\"high\" decoding=\"async\" class=\"aligncenter size-full wp-image-51844\" src=\"https:\/\/magnetarmagnets.com\/wp-content\/uploads\/2021\/02\/Softshell-engels.png\" alt=\"f\u0171thet\u0151 kab\u00e1t, meleg kab\u00e1t, Magnetar Heat, softshell, f\u0171t\u00e9s, munkakab\u00e1t\" width=\"764\" height=\"436\" srcset=\"https:\/\/magnetarmagnets.com\/wp-content\/uploads\/2021\/02\/Softshell-engels.png 764w, https:\/\/magnetarmagnets.com\/wp-content\/uploads\/2021\/02\/Softshell-engels-600x342.png 600w, https:\/\/magnetarmagnets.com\/wp-content\/uploads\/2021\/02\/Softshell-engels-300x171.png 300w\" sizes=\"(max-width: 764px) 100vw, 764px\" \/>\r\n\r\n<h2>A legjobb f\u0171thet\u0151 kab\u00e1tok<\/h2>\r\n\r\n<strong>F\u0171thet\u0151 kab\u00e1t?<\/strong> F\u0171thet\u0151 kab\u00e1tjaink m\u00e9g a hidegebb napokon is melegen tartanak. Ez az akkumul\u00e1toros f\u0171thet\u0151 kab\u00e1t h\u00e1rom h\u0151m\u00e9rs\u00e9klet-be\u00e1ll\u00edt\u00e1ssal rendelkezik, \u00edgy mindig kellemes h\u0151m\u00e9rs\u00e9kletet biztos\u00edt. Eg\u00e9sz napos <a href=\"https:\/\/magnetarmagnets.com\/hu\/\" target=\"_blank\" rel=\"noopener\">m\u00e1gnes horg\u00e1szat<\/a>? Hidegben v\u00e9gzett szabadt\u00e9ri munka? H\u0171v\u00f6s ny\u00e1ri este? Ez a k\u00e9nyelmes, sz\u00e9l- \u00e9s v\u00edz\u00e1ll\u00f3 f\u0171thet\u0151 kab\u00e1t melegen tart.\r\n\r\n<h2>Term\u00e9kinform\u00e1ci\u00f3 f\u0171thet\u0151 kab\u00e1t<\/h2>\r\n\r\nA mell\u00e9kelt akkumul\u00e1tor mobiltelefon m\u00e9ret\u0171, \u00e9s a h\u0151m\u00e9rs\u00e9klet-be\u00e1ll\u00edt\u00e1st\u00f3l f\u00fcgg\u0151en <strong>ak\u00e1r 10 \u00f3r\u00e1n \u00e1t<\/strong> melegen tart. A kab\u00e1t <strong>akkumul\u00e1torral \u00e9s t\u00f6lt\u0151vel<\/strong> egy\u00fctt \u00e9rkezik. A kab\u00e1t sz\u00e9l- \u00e9s v\u00edz\u00e1ll\u00f3 anyagb\u00f3l k\u00e9sz\u00fclt, bels\u0151 r\u00e9sz\u00e9n pedig extra puha pol\u00e1rb\u00e9l\u00e9s tal\u00e1lhat\u00f3, amely teljes mozg\u00e1sszabads\u00e1got biztos\u00edt k\u00fclt\u00e9ri tev\u00e9kenys\u00e9gei sor\u00e1n. Ezzel a kab\u00e1ttal nem kell t\u00f6bb r\u00e9teg ruh\u00e1t mag\u00e1ra venni, p\u00e9ld\u00e1ul s\u00e9ta, kert\u00e9szked\u00e9s, horg\u00e1szat vagy ker\u00e9kp\u00e1roz\u00e1s k\u00f6zben.\r\n\r\nA f\u0171t\u00e9si z\u00f3n\u00e1k pontosan ott, a mellkason \u00e9s a h\u00e1ton biztos\u00edtanak kellemes meleget, ahol sz\u00fcks\u00e9ge van r\u00e1. Az alacsony, k\u00f6zepes \u00e9s magas fokozatok seg\u00edts\u00e9g\u00e9vel alkalmazkodhat a k\u00f6rnyezethez, \u00e9s eg\u00e9sz nap melegen maradhat. Ezut\u00e1n csak t\u00f6ltse fel az akkumul\u00e1tort 3\u20134 \u00f3ra alatt, \u00e9s m\u00e1r haszn\u00e1latra k\u00e9sz is.\r\n\r\nKab\u00e1tjainkat tart\u00f3s, kiv\u00e1l\u00f3 min\u0151s\u00e9g\u0171 anyagb\u00f3l k\u00e9sz\u00edtj\u00fck, hogy minden id\u0151j\u00e1r\u00e1si k\u00f6r\u00fclm\u00e9ny k\u00f6z\u00f6tt melegen tartsa visel\u0151j\u00e9t.\r\n\r\n<h2>CE min\u0151s\u00edt\u00e9s\u0171 f\u0171thet\u0151 kab\u00e1tok<\/h2>\r\n\r\nA f\u0171thet\u0151 kab\u00e1tok CE tan\u00fas\u00edtv\u00e1nnyal rendelkeznek. Teljes m\u00e9rt\u00e9kben hisz\u00fcnk term\u00e9k\u00fcnkben, ez\u00e9rt <strong>1 \u00e9ves garanci\u00e1t<\/strong> biztos\u00edtunk.","protected":false},"excerpt":{"rendered":"<p><span style=\"font-weight: 400;\">Ez egy f\u0171thet\u0151 kab\u00e1t f\u0171t\u0151elemmel \u00e9s 3 h\u0151m\u00e9rs\u00e9klet-be\u00e1ll\u00edt\u00e1ssal. Melegen tart, amikor csak sz\u00fcks\u00e9g van r\u00e1.<\/span><\/p>\n","protected":false},"featured_media":71563,"comment_status":"open","ping_status":"closed","template":"","meta":{"_acf_changed":false,"inline_featured_image":false},"product_brand":[],"product_cat":[1005],"product_tag":[],"class_list":{"0":"post-82629","1":"product","2":"type-product","3":"status-publish","4":"has-post-thumbnail","6":"product_cat-osszes-termek","8":"first","9":"instock","10":"sale","11":"taxable","12":"shipping-taxable","13":"purchasable","14":"product-type-simple"},"acf":[],"yoast_head":"<!-- This site is optimized with the Yoast SEO plugin v27.4 - https:\/\/yoast.com\/product\/yoast-seo-wordpress\/ -->\n<title>Vulcan XXL f\u0171thet\u0151 kab\u00e1t - Magnet fishing with a Magnetar fishing magnet<\/title>\n<meta name=\"description\" content=\"Hidegben v\u00e9gzett szabadt\u00e9ri munka? H\u0171v\u00f6s ny\u00e1ri este? Ez a k\u00e9nyelmes, sz\u00e9l- \u00e9s v\u00edz\u00e1ll\u00f3 f\u0171thet\u0151 kab\u00e1t melegen tart.\" \/>\n<meta name=\"robots\" content=\"index, follow, max-snippet:-1, max-image-preview:large, max-video-preview:-1\" \/>\n<link rel=\"canonical\" href=\"https:\/\/magnetarmagnets.com\/hu\/shop\/vulcan-xxl-futheto-kabat\/\" \/>\n<meta property=\"og:locale\" content=\"hu_HU\" \/>\n<meta property=\"og:type\" content=\"article\" \/>\n<meta property=\"og:title\" content=\"Vulcan XXL f\u0171thet\u0151 kab\u00e1t - Magnet fishing with a Magnetar fishing magnet\" \/>\n<meta property=\"og:description\" content=\"Hidegben v\u00e9gzett szabadt\u00e9ri munka? H\u0171v\u00f6s ny\u00e1ri este? Ez a k\u00e9nyelmes, sz\u00e9l- \u00e9s v\u00edz\u00e1ll\u00f3 f\u0171thet\u0151 kab\u00e1t melegen tart.\" \/>\n<meta property=\"og:url\" content=\"https:\/\/magnetarmagnets.com\/hu\/shop\/vulcan-xxl-futheto-kabat\/\" \/>\n<meta property=\"og:site_name\" content=\"Magnet fishing with a Magnetar fishing magnet\" \/>\n<meta property=\"article:publisher\" content=\"https:\/\/www.facebook.com\/fishingmagnets\/\" \/>\n<meta property=\"article:modified_time\" content=\"2026-04-08T17:28:58+00:00\" \/>\n<meta property=\"og:image\" content=\"https:\/\/magnetarmagnets.com\/wp-content\/uploads\/2021\/02\/heated-jacket-scaled.jpg\" \/>\n\t<meta property=\"og:image:width\" content=\"2560\" \/>\n\t<meta property=\"og:image:height\" content=\"2560\" \/>\n\t<meta property=\"og:image:type\" content=\"image\/jpeg\" \/>\n<meta name=\"twitter:card\" content=\"summary_large_image\" \/>\n<meta name=\"twitter:label1\" content=\"Becs\u00fclt olvas\u00e1si id\u0151\" \/>\n\t<meta name=\"twitter:data1\" content=\"2 perc\" \/>\n<script type=\"application\/ld+json\" class=\"yoast-schema-graph\">{\"@context\":\"https:\\\/\\\/schema.org\",\"@graph\":[{\"@type\":[\"WebPage\",\"ItemPage\"],\"@id\":\"https:\\\/\\\/magnetarmagnets.com\\\/hu\\\/shop\\\/vulcan-xxl-futheto-kabat\\\/\",\"url\":\"https:\\\/\\\/magnetarmagnets.com\\\/hu\\\/shop\\\/vulcan-xxl-futheto-kabat\\\/\",\"name\":\"Vulcan XXL f\u0171thet\u0151 kab\u00e1t - Magnet fishing with a Magnetar fishing magnet\",\"isPartOf\":{\"@id\":\"https:\\\/\\\/magnetarmagnets.com\\\/hu\\\/#website\"},\"primaryImageOfPage\":{\"@id\":\"https:\\\/\\\/magnetarmagnets.com\\\/hu\\\/shop\\\/vulcan-xxl-futheto-kabat\\\/#primaryimage\"},\"image\":{\"@id\":\"https:\\\/\\\/magnetarmagnets.com\\\/hu\\\/shop\\\/vulcan-xxl-futheto-kabat\\\/#primaryimage\"},\"thumbnailUrl\":\"https:\\\/\\\/magnetarmagnets.com\\\/wp-content\\\/uploads\\\/2021\\\/02\\\/heated-jacket-scaled.jpg\",\"datePublished\":\"2025-06-05T07:53:45+00:00\",\"dateModified\":\"2026-04-08T17:28:58+00:00\",\"description\":\"Hidegben v\u00e9gzett szabadt\u00e9ri munka? H\u0171v\u00f6s ny\u00e1ri este? Ez a k\u00e9nyelmes, sz\u00e9l- \u00e9s v\u00edz\u00e1ll\u00f3 f\u0171thet\u0151 kab\u00e1t melegen tart.\",\"breadcrumb\":{\"@id\":\"https:\\\/\\\/magnetarmagnets.com\\\/hu\\\/shop\\\/vulcan-xxl-futheto-kabat\\\/#breadcrumb\"},\"inLanguage\":\"hu\",\"potentialAction\":[{\"@type\":\"ReadAction\",\"target\":[\"https:\\\/\\\/magnetarmagnets.com\\\/hu\\\/shop\\\/vulcan-xxl-futheto-kabat\\\/\"]}]},{\"@type\":\"ImageObject\",\"inLanguage\":\"hu\",\"@id\":\"https:\\\/\\\/magnetarmagnets.com\\\/hu\\\/shop\\\/vulcan-xxl-futheto-kabat\\\/#primaryimage\",\"url\":\"https:\\\/\\\/magnetarmagnets.com\\\/wp-content\\\/uploads\\\/2021\\\/02\\\/heated-jacket-scaled.jpg\",\"contentUrl\":\"https:\\\/\\\/magnetarmagnets.com\\\/wp-content\\\/uploads\\\/2021\\\/02\\\/heated-jacket-scaled.jpg\",\"width\":2560,\"height\":2560,\"caption\":\"heated jacket\"},{\"@type\":\"BreadcrumbList\",\"@id\":\"https:\\\/\\\/magnetarmagnets.com\\\/hu\\\/shop\\\/vulcan-xxl-futheto-kabat\\\/#breadcrumb\",\"itemListElement\":[{\"@type\":\"ListItem\",\"position\":1,\"name\":\"Home\",\"item\":\"https:\\\/\\\/magnetarmagnets.com\\\/hu\\\/\"},{\"@type\":\"ListItem\",\"position\":2,\"name\":\"Webshop\",\"item\":\"https:\\\/\\\/magnetarmagnets.com\\\/webshop\\\/\"},{\"@type\":\"ListItem\",\"position\":3,\"name\":\"\u00d6sszes term\u00e9k\",\"item\":\"https:\\\/\\\/magnetarmagnets.com\\\/hu\\\/collections\\\/osszes-termek\\\/\"},{\"@type\":\"ListItem\",\"position\":4,\"name\":\"Vulcan XXL f\u0171thet\u0151 kab\u00e1t\"}]},{\"@type\":\"WebSite\",\"@id\":\"https:\\\/\\\/magnetarmagnets.com\\\/hu\\\/#website\",\"url\":\"https:\\\/\\\/magnetarmagnets.com\\\/hu\\\/\",\"name\":\"Magnet fishing with a Magnetar fishing magnet\",\"description\":\"Er\u0151s m\u00e1gnesek m\u00e1gneshorg\u00e1szathoz\",\"publisher\":{\"@id\":\"https:\\\/\\\/magnetarmagnets.com\\\/hu\\\/#organization\"},\"potentialAction\":[{\"@type\":\"SearchAction\",\"target\":{\"@type\":\"EntryPoint\",\"urlTemplate\":\"https:\\\/\\\/magnetarmagnets.com\\\/hu\\\/?s={search_term_string}\"},\"query-input\":{\"@type\":\"PropertyValueSpecification\",\"valueRequired\":true,\"valueName\":\"search_term_string\"}}],\"inLanguage\":\"hu\"},{\"@type\":\"Organization\",\"@id\":\"https:\\\/\\\/magnetarmagnets.com\\\/hu\\\/#organization\",\"name\":\"Magnetar\",\"url\":\"https:\\\/\\\/magnetarmagnets.com\\\/hu\\\/\",\"logo\":{\"@type\":\"ImageObject\",\"inLanguage\":\"hu\",\"@id\":\"https:\\\/\\\/magnetarmagnets.com\\\/hu\\\/#\\\/schema\\\/logo\\\/image\\\/\",\"url\":\"https:\\\/\\\/magnetarmagnets.com\\\/wp-content\\\/uploads\\\/2025\\\/05\\\/Logo-03_PNG-Black-scaled.png\",\"contentUrl\":\"https:\\\/\\\/magnetarmagnets.com\\\/wp-content\\\/uploads\\\/2025\\\/05\\\/Logo-03_PNG-Black-scaled.png\",\"width\":2560,\"height\":1658,\"caption\":\"Magnetar\"},\"image\":{\"@id\":\"https:\\\/\\\/magnetarmagnets.com\\\/hu\\\/#\\\/schema\\\/logo\\\/image\\\/\"},\"sameAs\":[\"https:\\\/\\\/www.facebook.com\\\/fishingmagnets\\\/\",\"https:\\\/\\\/www.instagram.com\\\/magnetar_magnets\\\/\",\"https:\\\/\\\/www.linkedin.com\\\/company\\\/magnetarbv\\\/?originalSubdomain=nl\",\"https:\\\/\\\/www.youtube.com\\\/c\\\/MagnetarVismagneet\"]}]}<\/script>\n<!-- \/ Yoast SEO plugin. -->","yoast_head_json":{"title":"Vulcan XXL f\u0171thet\u0151 kab\u00e1t - Magnet fishing with a Magnetar fishing magnet","description":"Hidegben v\u00e9gzett szabadt\u00e9ri munka? H\u0171v\u00f6s ny\u00e1ri este? Ez a k\u00e9nyelmes, sz\u00e9l- \u00e9s v\u00edz\u00e1ll\u00f3 f\u0171thet\u0151 kab\u00e1t melegen tart.","robots":{"index":"index","follow":"follow","max-snippet":"max-snippet:-1","max-image-preview":"max-image-preview:large","max-video-preview":"max-video-preview:-1"},"canonical":"https:\/\/magnetarmagnets.com\/hu\/shop\/vulcan-xxl-futheto-kabat\/","og_locale":"hu_HU","og_type":"article","og_title":"Vulcan XXL f\u0171thet\u0151 kab\u00e1t - Magnet fishing with a Magnetar fishing magnet","og_description":"Hidegben v\u00e9gzett szabadt\u00e9ri munka? H\u0171v\u00f6s ny\u00e1ri este? Ez a k\u00e9nyelmes, sz\u00e9l- \u00e9s v\u00edz\u00e1ll\u00f3 f\u0171thet\u0151 kab\u00e1t melegen tart.","og_url":"https:\/\/magnetarmagnets.com\/hu\/shop\/vulcan-xxl-futheto-kabat\/","og_site_name":"Magnet fishing with a Magnetar fishing magnet","article_publisher":"https:\/\/www.facebook.com\/fishingmagnets\/","article_modified_time":"2026-04-08T17:28:58+00:00","og_image":[{"width":2560,"height":2560,"url":"https:\/\/magnetarmagnets.com\/wp-content\/uploads\/2021\/02\/heated-jacket-scaled.jpg","type":"image\/jpeg"}],"twitter_card":"summary_large_image","twitter_misc":{"Becs\u00fclt olvas\u00e1si id\u0151":"2 perc"},"schema":{"@context":"https:\/\/schema.org","@graph":[{"@type":["WebPage","ItemPage"],"@id":"https:\/\/magnetarmagnets.com\/hu\/shop\/vulcan-xxl-futheto-kabat\/","url":"https:\/\/magnetarmagnets.com\/hu\/shop\/vulcan-xxl-futheto-kabat\/","name":"Vulcan XXL f\u0171thet\u0151 kab\u00e1t - Magnet fishing with a Magnetar fishing magnet","isPartOf":{"@id":"https:\/\/magnetarmagnets.com\/hu\/#website"},"primaryImageOfPage":{"@id":"https:\/\/magnetarmagnets.com\/hu\/shop\/vulcan-xxl-futheto-kabat\/#primaryimage"},"image":{"@id":"https:\/\/magnetarmagnets.com\/hu\/shop\/vulcan-xxl-futheto-kabat\/#primaryimage"},"thumbnailUrl":"https:\/\/magnetarmagnets.com\/wp-content\/uploads\/2021\/02\/heated-jacket-scaled.jpg","datePublished":"2025-06-05T07:53:45+00:00","dateModified":"2026-04-08T17:28:58+00:00","description":"Hidegben v\u00e9gzett szabadt\u00e9ri munka? H\u0171v\u00f6s ny\u00e1ri este? Ez a k\u00e9nyelmes, sz\u00e9l- \u00e9s v\u00edz\u00e1ll\u00f3 f\u0171thet\u0151 kab\u00e1t melegen tart.","breadcrumb":{"@id":"https:\/\/magnetarmagnets.com\/hu\/shop\/vulcan-xxl-futheto-kabat\/#breadcrumb"},"inLanguage":"hu","potentialAction":[{"@type":"ReadAction","target":["https:\/\/magnetarmagnets.com\/hu\/shop\/vulcan-xxl-futheto-kabat\/"]}]},{"@type":"ImageObject","inLanguage":"hu","@id":"https:\/\/magnetarmagnets.com\/hu\/shop\/vulcan-xxl-futheto-kabat\/#primaryimage","url":"https:\/\/magnetarmagnets.com\/wp-content\/uploads\/2021\/02\/heated-jacket-scaled.jpg","contentUrl":"https:\/\/magnetarmagnets.com\/wp-content\/uploads\/2021\/02\/heated-jacket-scaled.jpg","width":2560,"height":2560,"caption":"heated jacket"},{"@type":"BreadcrumbList","@id":"https:\/\/magnetarmagnets.com\/hu\/shop\/vulcan-xxl-futheto-kabat\/#breadcrumb","itemListElement":[{"@type":"ListItem","position":1,"name":"Home","item":"https:\/\/magnetarmagnets.com\/hu\/"},{"@type":"ListItem","position":2,"name":"Webshop","item":"https:\/\/magnetarmagnets.com\/webshop\/"},{"@type":"ListItem","position":3,"name":"\u00d6sszes term\u00e9k","item":"https:\/\/magnetarmagnets.com\/hu\/collections\/osszes-termek\/"},{"@type":"ListItem","position":4,"name":"Vulcan XXL f\u0171thet\u0151 kab\u00e1t"}]},{"@type":"WebSite","@id":"https:\/\/magnetarmagnets.com\/hu\/#website","url":"https:\/\/magnetarmagnets.com\/hu\/","name":"Magnet fishing with a Magnetar fishing magnet","description":"Er\u0151s m\u00e1gnesek m\u00e1gneshorg\u00e1szathoz","publisher":{"@id":"https:\/\/magnetarmagnets.com\/hu\/#organization"},"potentialAction":[{"@type":"SearchAction","target":{"@type":"EntryPoint","urlTemplate":"https:\/\/magnetarmagnets.com\/hu\/?s={search_term_string}"},"query-input":{"@type":"PropertyValueSpecification","valueRequired":true,"valueName":"search_term_string"}}],"inLanguage":"hu"},{"@type":"Organization","@id":"https:\/\/magnetarmagnets.com\/hu\/#organization","name":"Magnetar","url":"https:\/\/magnetarmagnets.com\/hu\/","logo":{"@type":"ImageObject","inLanguage":"hu","@id":"https:\/\/magnetarmagnets.com\/hu\/#\/schema\/logo\/image\/","url":"https:\/\/magnetarmagnets.com\/wp-content\/uploads\/2025\/05\/Logo-03_PNG-Black-scaled.png","contentUrl":"https:\/\/magnetarmagnets.com\/wp-content\/uploads\/2025\/05\/Logo-03_PNG-Black-scaled.png","width":2560,"height":1658,"caption":"Magnetar"},"image":{"@id":"https:\/\/magnetarmagnets.com\/hu\/#\/schema\/logo\/image\/"},"sameAs":["https:\/\/www.facebook.com\/fishingmagnets\/","https:\/\/www.instagram.com\/magnetar_magnets\/","https:\/\/www.linkedin.com\/company\/magnetarbv\/?originalSubdomain=nl","https:\/\/www.youtube.com\/c\/MagnetarVismagneet"]}]}},"_links":{"self":[{"href":"https:\/\/magnetarmagnets.com\/hu\/wp-json\/wp\/v2\/product\/82629","targetHints":{"allow":["GET"]}}],"collection":[{"href":"https:\/\/magnetarmagnets.com\/hu\/wp-json\/wp\/v2\/product"}],"about":[{"href":"https:\/\/magnetarmagnets.com\/hu\/wp-json\/wp\/v2\/types\/product"}],"replies":[{"embeddable":true,"href":"https:\/\/magnetarmagnets.com\/hu\/wp-json\/wp\/v2\/comments?post=82629"}],"version-history":[{"count":1,"href":"https:\/\/magnetarmagnets.com\/hu\/wp-json\/wp\/v2\/product\/82629\/revisions"}],"predecessor-version":[{"id":96135,"href":"https:\/\/magnetarmagnets.com\/hu\/wp-json\/wp\/v2\/product\/82629\/revisions\/96135"}],"wp:featuredmedia":[{"embeddable":true,"href":"https:\/\/magnetarmagnets.com\/hu\/wp-json\/wp\/v2\/media\/71563"}],"wp:attachment":[{"href":"https:\/\/magnetarmagnets.com\/hu\/wp-json\/wp\/v2\/media?parent=82629"}],"wp:term":[{"taxonomy":"product_brand","embeddable":true,"href":"https:\/\/magnetarmagnets.com\/hu\/wp-json\/wp\/v2\/product_brand?post=82629"},{"taxonomy":"product_cat","embeddable":true,"href":"https:\/\/magnetarmagnets.com\/hu\/wp-json\/wp\/v2\/product_cat?post=82629"},{"taxonomy":"product_tag","embeddable":true,"href":"https:\/\/magnetarmagnets.com\/hu\/wp-json\/wp\/v2\/product_tag?post=82629"}],"curies":[{"name":"wp","href":"https:\/\/api.w.org\/{rel}","templated":true}]}}