{"id":82628,"date":"2025-06-05T09:53:45","date_gmt":"2025-06-05T07:53:45","guid":{"rendered":"https:\/\/magnetarmagnets.com\/?post_type=product&#038;p=82628"},"modified":"2026-04-08T19:42:13","modified_gmt":"2026-04-08T17:42:13","slug":"vulcan-xl-futheto-dzseki","status":"publish","type":"product","link":"https:\/\/magnetarmagnets.com\/hu\/shop\/vulcan-xl-futheto-dzseki\/","title":{"rendered":"Vulcan XL f\u0171thet\u0151 dzseki"},"content":{"rendered":"<img fetchpriority=\"high\" decoding=\"async\" class=\"aligncenter size-full wp-image-51844\" src=\"https:\/\/magnetarmagnets.com\/wp-content\/uploads\/2021\/02\/Softshell-engels.png\" alt=\"f\u0171thet\u0151 dzseki, meleg dzseki, Magnetar Heat, softshell, f\u0171t\u00e9s, munkadzseki\" width=\"764\" height=\"436\" srcset=\"https:\/\/magnetarmagnets.com\/wp-content\/uploads\/2021\/02\/Softshell-engels.png 764w, https:\/\/magnetarmagnets.com\/wp-content\/uploads\/2021\/02\/Softshell-engels-600x342.png 600w, https:\/\/magnetarmagnets.com\/wp-content\/uploads\/2021\/02\/Softshell-engels-300x171.png 300w\" sizes=\"(max-width: 764px) 100vw, 764px\" \/>\r\n\r\n<h2>A legjobb f\u0171thet\u0151 dzsekik<\/h2>\r\n\r\n<strong>F\u0171thet\u0151 dzseki?<\/strong> F\u0171thet\u0151 dzsekijeink m\u00e9g a leghidegebb napokon is melegen tartanak. Ez az akkumul\u00e1toros f\u0171thet\u0151 dzseki h\u00e1rom h\u0151fok-be\u00e1ll\u00edt\u00e1ssal rendelkezik, \u00edgy mindig komfortos h\u0151m\u00e9rs\u00e9kletet \u00e9lvezhet. <a href=\"https:\/\/magnetarmagnets.com\/hu\/\" target=\"_blank\" rel=\"noopener\">M\u00e1gnes horg\u00e1szat<\/a> eg\u00e9sz nap? K\u00fclt\u00e9ri munkav\u00e9gz\u00e9s hidegebb id\u0151ben? H\u0171v\u00f6s ny\u00e1ri este? Ez a k\u00e9nyelmes, sz\u00e9l- \u00e9s v\u00edz\u00e1ll\u00f3 f\u0171thet\u0151 dzseki melegen tart.\r\n\r\n<h2>Term\u00e9kinform\u00e1ci\u00f3 \u2013 f\u0171thet\u0151 dzseki<\/h2>\r\n\r\nA csomagban tal\u00e1lhat\u00f3 akkumul\u00e1tor m\u00e9rete egy mobiltelefon\u00e9val vetekszik, \u00e9s a h\u0151fok-be\u00e1ll\u00edt\u00e1st\u00f3l f\u00fcgg\u0151en ak\u00e1r <strong>10 \u00f3r\u00e1n \u00e1t<\/strong> is melegs\u00e9get biztos\u00edt. A dzseki az akkumul\u00e1tort \u00e9s t\u00f6lt\u0151t is tartalmazza. A kab\u00e1t sz\u00e9l- \u00e9s v\u00edz\u00e1ll\u00f3 sz\u00f6vetb\u0151l k\u00e9sz\u00fclt, bel\u00fcl pedig extra puha pol\u00e1r b\u00e9l\u00e9s tal\u00e1lhat\u00f3, amely teljes mozg\u00e1sszabads\u00e1got biztos\u00edt a szabadt\u00e9ri tev\u00e9kenys\u00e9gek sor\u00e1n. Ezzel a dzsekivel nem kell t\u00f6bb r\u00e9teg ruh\u00e1t magadra \u00f6lt\u00f6zn\u00f6d, p\u00e9ld\u00e1ul amikor s\u00e9t\u00e1lsz, kert\u00e9szkedsz, horg\u00e1szol vagy biciklire pattansz.\r\n\r\nA f\u0171t\u0151z\u00f3n\u00e1k a fels\u0151testnek pontosan azon r\u00e9szein ny\u00fajtanak kellemes meleget, ahol arra a legnagyobb sz\u00fcks\u00e9ged van: a mellkason \u00e9s a h\u00e1ton. Az alacsony, k\u00f6zepes \u00e9s magas be\u00e1ll\u00edt\u00e1sok lehet\u0151v\u00e9 teszik, hogy igazodj a k\u00f6rnyezethez, \u00e9s eg\u00e9sz nap melegben maradj. Ezut\u00e1n egyszer\u0171en t\u00f6ltsd fel az akkumul\u00e1tort 3\u20134 \u00f3ra alatt, \u00e9s m\u00e1r indulhatsz is.\r\n\r\nDzsekijeink tart\u00f3s \u00e9s kiv\u00e1l\u00f3 min\u0151s\u00e9g\u0171 anyagb\u00f3l k\u00e9sz\u00fclnek, hogy minden id\u0151j\u00e1r\u00e1si k\u00f6r\u00fclm\u00e9ny k\u00f6z\u00f6tt melegen tartsanak.\r\n\r\n<h2>CE tan\u00fas\u00edtv\u00e1nnyal rendelkez\u0151 f\u0171thet\u0151 dzsekik<\/h2>\r\n\r\nA f\u0171thet\u0151 dzsekik CE tan\u00fas\u00edtv\u00e1nnyal rendelkeznek. Teljes m\u00e9rt\u00e9kben t\u00e1mogatjuk term\u00e9k\u00fcnket, ez\u00e9rt 1 \u00e9v garanci\u00e1t v\u00e1llalunk r\u00e1.","protected":false},"excerpt":{"rendered":"<p><span style=\"font-weight: 400;\">Ez egy f\u0171thet\u0151 dzseki f\u0171t\u0151elemmel \u00e9s h\u00e1rom h\u0151fok-be\u00e1ll\u00edt\u00e1ssal. Melegen tartja \u00d6nt, amikor sz\u00fcks\u00e9ge van r\u00e1.<\/span><\/p>\n","protected":false},"featured_media":71563,"comment_status":"open","ping_status":"closed","template":"","meta":{"_acf_changed":false,"inline_featured_image":false},"product_brand":[],"product_cat":[1005],"product_tag":[],"class_list":{"0":"post-82628","1":"product","2":"type-product","3":"status-publish","4":"has-post-thumbnail","6":"product_cat-osszes-termek","8":"first","9":"instock","10":"sale","11":"taxable","12":"shipping-taxable","13":"purchasable","14":"product-type-simple"},"acf":[],"yoast_head":"<!-- This site is optimized with the Yoast SEO plugin v27.4 - https:\/\/yoast.com\/product\/yoast-seo-wordpress\/ -->\n<title>Vulcan XL f\u0171thet\u0151 dzseki - Magnet fishing with a Magnetar fishing magnet<\/title>\n<meta name=\"description\" content=\"K\u00fclt\u00e9ri munkav\u00e9gz\u00e9s hidegebb napokon? H\u0171v\u00f6s ny\u00e1ri est\u00e9k? Ez a k\u00e9nyelmes, sz\u00e9l- \u00e9s v\u00edz\u00e1ll\u00f3 f\u0171thet\u0151 dzseki melegen tart.\" \/>\n<meta name=\"robots\" content=\"index, follow, max-snippet:-1, max-image-preview:large, max-video-preview:-1\" \/>\n<link rel=\"canonical\" href=\"https:\/\/magnetarmagnets.com\/hu\/shop\/vulcan-xl-futheto-dzseki\/\" \/>\n<meta property=\"og:locale\" content=\"hu_HU\" \/>\n<meta property=\"og:type\" content=\"article\" \/>\n<meta property=\"og:title\" content=\"Vulcan XL f\u0171thet\u0151 dzseki - Magnet fishing with a Magnetar fishing magnet\" \/>\n<meta property=\"og:description\" content=\"K\u00fclt\u00e9ri munkav\u00e9gz\u00e9s hidegebb napokon? H\u0171v\u00f6s ny\u00e1ri est\u00e9k? Ez a k\u00e9nyelmes, sz\u00e9l- \u00e9s v\u00edz\u00e1ll\u00f3 f\u0171thet\u0151 dzseki melegen tart.\" \/>\n<meta property=\"og:url\" content=\"https:\/\/magnetarmagnets.com\/hu\/shop\/vulcan-xl-futheto-dzseki\/\" \/>\n<meta property=\"og:site_name\" content=\"Magnet fishing with a Magnetar fishing magnet\" \/>\n<meta property=\"article:publisher\" content=\"https:\/\/www.facebook.com\/fishingmagnets\/\" \/>\n<meta property=\"article:modified_time\" content=\"2026-04-08T17:42:13+00:00\" \/>\n<meta property=\"og:image\" content=\"https:\/\/magnetarmagnets.com\/wp-content\/uploads\/2021\/02\/heated-jacket-scaled.jpg\" \/>\n\t<meta property=\"og:image:width\" content=\"2560\" \/>\n\t<meta property=\"og:image:height\" content=\"2560\" \/>\n\t<meta property=\"og:image:type\" content=\"image\/jpeg\" \/>\n<meta name=\"twitter:card\" content=\"summary_large_image\" \/>\n<meta name=\"twitter:label1\" content=\"Becs\u00fclt olvas\u00e1si id\u0151\" \/>\n\t<meta name=\"twitter:data1\" content=\"2 perc\" \/>\n<script type=\"application\/ld+json\" class=\"yoast-schema-graph\">{\"@context\":\"https:\\\/\\\/schema.org\",\"@graph\":[{\"@type\":[\"WebPage\",\"ItemPage\"],\"@id\":\"https:\\\/\\\/magnetarmagnets.com\\\/hu\\\/shop\\\/vulcan-xl-futheto-dzseki\\\/\",\"url\":\"https:\\\/\\\/magnetarmagnets.com\\\/hu\\\/shop\\\/vulcan-xl-futheto-dzseki\\\/\",\"name\":\"Vulcan XL f\u0171thet\u0151 dzseki - Magnet fishing with a Magnetar fishing magnet\",\"isPartOf\":{\"@id\":\"https:\\\/\\\/magnetarmagnets.com\\\/hu\\\/#website\"},\"primaryImageOfPage\":{\"@id\":\"https:\\\/\\\/magnetarmagnets.com\\\/hu\\\/shop\\\/vulcan-xl-futheto-dzseki\\\/#primaryimage\"},\"image\":{\"@id\":\"https:\\\/\\\/magnetarmagnets.com\\\/hu\\\/shop\\\/vulcan-xl-futheto-dzseki\\\/#primaryimage\"},\"thumbnailUrl\":\"https:\\\/\\\/magnetarmagnets.com\\\/wp-content\\\/uploads\\\/2021\\\/02\\\/heated-jacket-scaled.jpg\",\"datePublished\":\"2025-06-05T07:53:45+00:00\",\"dateModified\":\"2026-04-08T17:42:13+00:00\",\"description\":\"K\u00fclt\u00e9ri munkav\u00e9gz\u00e9s hidegebb napokon? H\u0171v\u00f6s ny\u00e1ri est\u00e9k? Ez a k\u00e9nyelmes, sz\u00e9l- \u00e9s v\u00edz\u00e1ll\u00f3 f\u0171thet\u0151 dzseki melegen tart.\",\"breadcrumb\":{\"@id\":\"https:\\\/\\\/magnetarmagnets.com\\\/hu\\\/shop\\\/vulcan-xl-futheto-dzseki\\\/#breadcrumb\"},\"inLanguage\":\"hu\",\"potentialAction\":[{\"@type\":\"ReadAction\",\"target\":[\"https:\\\/\\\/magnetarmagnets.com\\\/hu\\\/shop\\\/vulcan-xl-futheto-dzseki\\\/\"]}]},{\"@type\":\"ImageObject\",\"inLanguage\":\"hu\",\"@id\":\"https:\\\/\\\/magnetarmagnets.com\\\/hu\\\/shop\\\/vulcan-xl-futheto-dzseki\\\/#primaryimage\",\"url\":\"https:\\\/\\\/magnetarmagnets.com\\\/wp-content\\\/uploads\\\/2021\\\/02\\\/heated-jacket-scaled.jpg\",\"contentUrl\":\"https:\\\/\\\/magnetarmagnets.com\\\/wp-content\\\/uploads\\\/2021\\\/02\\\/heated-jacket-scaled.jpg\",\"width\":2560,\"height\":2560,\"caption\":\"heated jacket\"},{\"@type\":\"BreadcrumbList\",\"@id\":\"https:\\\/\\\/magnetarmagnets.com\\\/hu\\\/shop\\\/vulcan-xl-futheto-dzseki\\\/#breadcrumb\",\"itemListElement\":[{\"@type\":\"ListItem\",\"position\":1,\"name\":\"Home\",\"item\":\"https:\\\/\\\/magnetarmagnets.com\\\/hu\\\/\"},{\"@type\":\"ListItem\",\"position\":2,\"name\":\"Webshop\",\"item\":\"https:\\\/\\\/magnetarmagnets.com\\\/webshop\\\/\"},{\"@type\":\"ListItem\",\"position\":3,\"name\":\"\u00d6sszes term\u00e9k\",\"item\":\"https:\\\/\\\/magnetarmagnets.com\\\/hu\\\/collections\\\/osszes-termek\\\/\"},{\"@type\":\"ListItem\",\"position\":4,\"name\":\"Vulcan XL f\u0171thet\u0151 dzseki\"}]},{\"@type\":\"WebSite\",\"@id\":\"https:\\\/\\\/magnetarmagnets.com\\\/hu\\\/#website\",\"url\":\"https:\\\/\\\/magnetarmagnets.com\\\/hu\\\/\",\"name\":\"Magnet fishing with a Magnetar fishing magnet\",\"description\":\"Er\u0151s m\u00e1gnesek m\u00e1gneshorg\u00e1szathoz\",\"publisher\":{\"@id\":\"https:\\\/\\\/magnetarmagnets.com\\\/hu\\\/#organization\"},\"potentialAction\":[{\"@type\":\"SearchAction\",\"target\":{\"@type\":\"EntryPoint\",\"urlTemplate\":\"https:\\\/\\\/magnetarmagnets.com\\\/hu\\\/?s={search_term_string}\"},\"query-input\":{\"@type\":\"PropertyValueSpecification\",\"valueRequired\":true,\"valueName\":\"search_term_string\"}}],\"inLanguage\":\"hu\"},{\"@type\":\"Organization\",\"@id\":\"https:\\\/\\\/magnetarmagnets.com\\\/hu\\\/#organization\",\"name\":\"Magnetar\",\"url\":\"https:\\\/\\\/magnetarmagnets.com\\\/hu\\\/\",\"logo\":{\"@type\":\"ImageObject\",\"inLanguage\":\"hu\",\"@id\":\"https:\\\/\\\/magnetarmagnets.com\\\/hu\\\/#\\\/schema\\\/logo\\\/image\\\/\",\"url\":\"https:\\\/\\\/magnetarmagnets.com\\\/wp-content\\\/uploads\\\/2025\\\/05\\\/Logo-03_PNG-Black-scaled.png\",\"contentUrl\":\"https:\\\/\\\/magnetarmagnets.com\\\/wp-content\\\/uploads\\\/2025\\\/05\\\/Logo-03_PNG-Black-scaled.png\",\"width\":2560,\"height\":1658,\"caption\":\"Magnetar\"},\"image\":{\"@id\":\"https:\\\/\\\/magnetarmagnets.com\\\/hu\\\/#\\\/schema\\\/logo\\\/image\\\/\"},\"sameAs\":[\"https:\\\/\\\/www.facebook.com\\\/fishingmagnets\\\/\",\"https:\\\/\\\/www.instagram.com\\\/magnetar_magnets\\\/\",\"https:\\\/\\\/www.linkedin.com\\\/company\\\/magnetarbv\\\/?originalSubdomain=nl\",\"https:\\\/\\\/www.youtube.com\\\/c\\\/MagnetarVismagneet\"]}]}<\/script>\n<!-- \/ Yoast SEO plugin. -->","yoast_head_json":{"title":"Vulcan XL f\u0171thet\u0151 dzseki - Magnet fishing with a Magnetar fishing magnet","description":"K\u00fclt\u00e9ri munkav\u00e9gz\u00e9s hidegebb napokon? H\u0171v\u00f6s ny\u00e1ri est\u00e9k? Ez a k\u00e9nyelmes, sz\u00e9l- \u00e9s v\u00edz\u00e1ll\u00f3 f\u0171thet\u0151 dzseki melegen tart.","robots":{"index":"index","follow":"follow","max-snippet":"max-snippet:-1","max-image-preview":"max-image-preview:large","max-video-preview":"max-video-preview:-1"},"canonical":"https:\/\/magnetarmagnets.com\/hu\/shop\/vulcan-xl-futheto-dzseki\/","og_locale":"hu_HU","og_type":"article","og_title":"Vulcan XL f\u0171thet\u0151 dzseki - Magnet fishing with a Magnetar fishing magnet","og_description":"K\u00fclt\u00e9ri munkav\u00e9gz\u00e9s hidegebb napokon? H\u0171v\u00f6s ny\u00e1ri est\u00e9k? Ez a k\u00e9nyelmes, sz\u00e9l- \u00e9s v\u00edz\u00e1ll\u00f3 f\u0171thet\u0151 dzseki melegen tart.","og_url":"https:\/\/magnetarmagnets.com\/hu\/shop\/vulcan-xl-futheto-dzseki\/","og_site_name":"Magnet fishing with a Magnetar fishing magnet","article_publisher":"https:\/\/www.facebook.com\/fishingmagnets\/","article_modified_time":"2026-04-08T17:42:13+00:00","og_image":[{"width":2560,"height":2560,"url":"https:\/\/magnetarmagnets.com\/wp-content\/uploads\/2021\/02\/heated-jacket-scaled.jpg","type":"image\/jpeg"}],"twitter_card":"summary_large_image","twitter_misc":{"Becs\u00fclt olvas\u00e1si id\u0151":"2 perc"},"schema":{"@context":"https:\/\/schema.org","@graph":[{"@type":["WebPage","ItemPage"],"@id":"https:\/\/magnetarmagnets.com\/hu\/shop\/vulcan-xl-futheto-dzseki\/","url":"https:\/\/magnetarmagnets.com\/hu\/shop\/vulcan-xl-futheto-dzseki\/","name":"Vulcan XL f\u0171thet\u0151 dzseki - Magnet fishing with a Magnetar fishing magnet","isPartOf":{"@id":"https:\/\/magnetarmagnets.com\/hu\/#website"},"primaryImageOfPage":{"@id":"https:\/\/magnetarmagnets.com\/hu\/shop\/vulcan-xl-futheto-dzseki\/#primaryimage"},"image":{"@id":"https:\/\/magnetarmagnets.com\/hu\/shop\/vulcan-xl-futheto-dzseki\/#primaryimage"},"thumbnailUrl":"https:\/\/magnetarmagnets.com\/wp-content\/uploads\/2021\/02\/heated-jacket-scaled.jpg","datePublished":"2025-06-05T07:53:45+00:00","dateModified":"2026-04-08T17:42:13+00:00","description":"K\u00fclt\u00e9ri munkav\u00e9gz\u00e9s hidegebb napokon? H\u0171v\u00f6s ny\u00e1ri est\u00e9k? Ez a k\u00e9nyelmes, sz\u00e9l- \u00e9s v\u00edz\u00e1ll\u00f3 f\u0171thet\u0151 dzseki melegen tart.","breadcrumb":{"@id":"https:\/\/magnetarmagnets.com\/hu\/shop\/vulcan-xl-futheto-dzseki\/#breadcrumb"},"inLanguage":"hu","potentialAction":[{"@type":"ReadAction","target":["https:\/\/magnetarmagnets.com\/hu\/shop\/vulcan-xl-futheto-dzseki\/"]}]},{"@type":"ImageObject","inLanguage":"hu","@id":"https:\/\/magnetarmagnets.com\/hu\/shop\/vulcan-xl-futheto-dzseki\/#primaryimage","url":"https:\/\/magnetarmagnets.com\/wp-content\/uploads\/2021\/02\/heated-jacket-scaled.jpg","contentUrl":"https:\/\/magnetarmagnets.com\/wp-content\/uploads\/2021\/02\/heated-jacket-scaled.jpg","width":2560,"height":2560,"caption":"heated jacket"},{"@type":"BreadcrumbList","@id":"https:\/\/magnetarmagnets.com\/hu\/shop\/vulcan-xl-futheto-dzseki\/#breadcrumb","itemListElement":[{"@type":"ListItem","position":1,"name":"Home","item":"https:\/\/magnetarmagnets.com\/hu\/"},{"@type":"ListItem","position":2,"name":"Webshop","item":"https:\/\/magnetarmagnets.com\/webshop\/"},{"@type":"ListItem","position":3,"name":"\u00d6sszes term\u00e9k","item":"https:\/\/magnetarmagnets.com\/hu\/collections\/osszes-termek\/"},{"@type":"ListItem","position":4,"name":"Vulcan XL f\u0171thet\u0151 dzseki"}]},{"@type":"WebSite","@id":"https:\/\/magnetarmagnets.com\/hu\/#website","url":"https:\/\/magnetarmagnets.com\/hu\/","name":"Magnet fishing with a Magnetar fishing magnet","description":"Er\u0151s m\u00e1gnesek m\u00e1gneshorg\u00e1szathoz","publisher":{"@id":"https:\/\/magnetarmagnets.com\/hu\/#organization"},"potentialAction":[{"@type":"SearchAction","target":{"@type":"EntryPoint","urlTemplate":"https:\/\/magnetarmagnets.com\/hu\/?s={search_term_string}"},"query-input":{"@type":"PropertyValueSpecification","valueRequired":true,"valueName":"search_term_string"}}],"inLanguage":"hu"},{"@type":"Organization","@id":"https:\/\/magnetarmagnets.com\/hu\/#organization","name":"Magnetar","url":"https:\/\/magnetarmagnets.com\/hu\/","logo":{"@type":"ImageObject","inLanguage":"hu","@id":"https:\/\/magnetarmagnets.com\/hu\/#\/schema\/logo\/image\/","url":"https:\/\/magnetarmagnets.com\/wp-content\/uploads\/2025\/05\/Logo-03_PNG-Black-scaled.png","contentUrl":"https:\/\/magnetarmagnets.com\/wp-content\/uploads\/2025\/05\/Logo-03_PNG-Black-scaled.png","width":2560,"height":1658,"caption":"Magnetar"},"image":{"@id":"https:\/\/magnetarmagnets.com\/hu\/#\/schema\/logo\/image\/"},"sameAs":["https:\/\/www.facebook.com\/fishingmagnets\/","https:\/\/www.instagram.com\/magnetar_magnets\/","https:\/\/www.linkedin.com\/company\/magnetarbv\/?originalSubdomain=nl","https:\/\/www.youtube.com\/c\/MagnetarVismagneet"]}]}},"_links":{"self":[{"href":"https:\/\/magnetarmagnets.com\/hu\/wp-json\/wp\/v2\/product\/82628","targetHints":{"allow":["GET"]}}],"collection":[{"href":"https:\/\/magnetarmagnets.com\/hu\/wp-json\/wp\/v2\/product"}],"about":[{"href":"https:\/\/magnetarmagnets.com\/hu\/wp-json\/wp\/v2\/types\/product"}],"replies":[{"embeddable":true,"href":"https:\/\/magnetarmagnets.com\/hu\/wp-json\/wp\/v2\/comments?post=82628"}],"version-history":[{"count":2,"href":"https:\/\/magnetarmagnets.com\/hu\/wp-json\/wp\/v2\/product\/82628\/revisions"}],"predecessor-version":[{"id":96146,"href":"https:\/\/magnetarmagnets.com\/hu\/wp-json\/wp\/v2\/product\/82628\/revisions\/96146"}],"wp:featuredmedia":[{"embeddable":true,"href":"https:\/\/magnetarmagnets.com\/hu\/wp-json\/wp\/v2\/media\/71563"}],"wp:attachment":[{"href":"https:\/\/magnetarmagnets.com\/hu\/wp-json\/wp\/v2\/media?parent=82628"}],"wp:term":[{"taxonomy":"product_brand","embeddable":true,"href":"https:\/\/magnetarmagnets.com\/hu\/wp-json\/wp\/v2\/product_brand?post=82628"},{"taxonomy":"product_cat","embeddable":true,"href":"https:\/\/magnetarmagnets.com\/hu\/wp-json\/wp\/v2\/product_cat?post=82628"},{"taxonomy":"product_tag","embeddable":true,"href":"https:\/\/magnetarmagnets.com\/hu\/wp-json\/wp\/v2\/product_tag?post=82628"}],"curies":[{"name":"wp","href":"https:\/\/api.w.org\/{rel}","templated":true}]}}