{"id":82621,"date":"2025-06-05T09:53:47","date_gmt":"2025-06-05T07:53:47","guid":{"rendered":"https:\/\/magnetarmagnets.com\/?post_type=product&#038;p=82621"},"modified":"2026-01-31T13:23:29","modified_gmt":"2026-01-31T12:23:29","slug":"etna-futheto-kapucnis-pulover","status":"publish","type":"product","link":"https:\/\/magnetarmagnets.com\/hu\/shop\/etna-futheto-kapucnis-pulover\/","title":{"rendered":"Etna f\u0171thet\u0151 kapucnis pul\u00f3ver"},"content":{"rendered":"<h2><img fetchpriority=\"high\" decoding=\"async\" class=\"aligncenter wp-image-51837 size-full\" src=\"https:\/\/magnetarmagnets.com\/wp-content\/uploads\/2021\/02\/hoodie-engels.png\" alt=\"f\u0171thet\u0151 kapucnis pul\u00f3ver, CE-enged\u00e9llyel rendelkez\u0151 pul\u00f3ver, Magnetar Heat, f\u0171thet\u0151 pul\u00f3ver, meleg pul\u00f3ver, mell\u00e9ny\" width=\"765\" height=\"434\" srcset=\"https:\/\/magnetarmagnets.com\/wp-content\/uploads\/2021\/02\/hoodie-engels.png 765w, https:\/\/magnetarmagnets.com\/wp-content\/uploads\/2021\/02\/hoodie-engels-600x340.png 600w, https:\/\/magnetarmagnets.com\/wp-content\/uploads\/2021\/02\/hoodie-engels-300x170.png 300w\" sizes=\"(max-width: 765px) 100vw, 765px\" \/><\/h2>\n\n<h2>A legjobb f\u0171thet\u0151 kapucnis pul\u00f3ver<\/h2>\n\n<strong>F\u0171thet\u0151 kapucnis pul\u00f3ver?<\/strong> A mi f\u0171thet\u0151 kapucnis pul\u00f3vereink m\u00e9g a leghidegebb napokon is melegen tartanak. Ez az akkumul\u00e1toros f\u0171thet\u0151 kapucnis pul\u00f3ver h\u00e1rom h\u0151fokozattal rendelkezik, \u00edgy mindig a sz\u00e1modra t\u00f6k\u00e9letes h\u0151m\u00e9rs\u00e9kletet \u00e9lvezheted. Kint dolgozol egy hideg napon? Egy h\u0171v\u00f6s ny\u00e1ri est\u00e9n? Vagy csak pihensz a kanap\u00e9n? Ez a k\u00e9nyelmes, sz\u00e9l- \u00e9s v\u00edz\u00e1ll\u00f3 f\u0171thet\u0151 kapucnis pul\u00f3ver melegen tart.\n\n<h2>Term\u00e9kinform\u00e1ci\u00f3 \u2013 Etna f\u0171thet\u0151 kapucnis pul\u00f3ver<\/h2>\n\nAz akkumul\u00e1tor m\u00e9rete egy mobiltelefon\u00e9val vetekszik, \u00e9s <strong>ak\u00e1r 10 \u00f3r\u00e1n \u00e1t<\/strong> melegen tart, a be\u00e1ll\u00edtott h\u0151fokt\u00f3l f\u00fcgg\u0151en. A pul\u00f3ver <strong>akkumul\u00e1torral \u00e9s t\u00f6lt\u0151vel<\/strong> egy\u00fctt \u00e9rkezik. A kapucnis pul\u00f3ver tart\u00f3s pamut-poli\u00e9szter kever\u00e9kb\u0151l k\u00e9sz\u00fcl, bel\u00fcl pedig extra puha pol\u00e1rb\u00e9l\u00e9s gondoskodik a k\u00e9nyelemr\u0151l. A f\u0171thet\u0151 mell\u00e9ny mos\u00f3g\u00e9pben moshat\u00f3 a le\u00edr\u00e1s szerint, csak az akkumul\u00e1tort kell el\u0151tte elt\u00e1vol\u00edtani.\n\nA f\u0171t\u0151z\u00f3n\u00e1k pontosan ott biztos\u00edtanak kellemes meleget a fels\u0151test azon r\u00e9szein, ahol arra sz\u00fcks\u00e9ged van, a mellkasn\u00e1l \u00e9s a h\u00e1tn\u00e1l. A pul\u00f3ver h\u00e1tf\u00e1j\u00e1s eset\u00e9n is aj\u00e1nlott. Az alacsony, k\u00f6zepes \u00e9s magas fokozat lehet\u0151v\u00e9 teszi, hogy igazodj a k\u00f6rnyezethez \u00e9s v\u00e9gig melegen maradj a nap folyam\u00e1n. Ezut\u00e1n csak t\u00f6ltsd \u00fajra az akkumul\u00e1tort 3-4 \u00f3ra alatt, \u00e9s m\u00e1r k\u00e9szen is \u00e1llsz.\n\nA f\u0171thet\u0151 kapucnis pul\u00f3vereink tart\u00f3s \u00e9s kiv\u00e1l\u00f3 min\u0151s\u00e9g\u0171 anyagokb\u00f3l k\u00e9sz\u00fclnek, hogy minden id\u0151j\u00e1r\u00e1si k\u00f6r\u00fclm\u00e9ny k\u00f6z\u00f6tt melegen tartsanak.\n\n<h2>CE-enged\u00e9llyel rendelkez\u0151 f\u0171thet\u0151 kapucnis pul\u00f3verek<\/h2>\n\nA f\u0171thet\u0151 kapucnis pul\u00f3verek CE-enged\u00e9llyel rendelkeznek. Teljes m\u00e9rt\u00e9kben t\u00e1mogatjuk term\u00e9k\u00fcnket, ez\u00e9rt <strong>1 \u00e9v garanci\u00e1t<\/strong> k\u00edn\u00e1lunk hozz\u00e1.","protected":false},"excerpt":{"rendered":"<p><span style=\"font-weight: 400;\">Ez egy f\u0171thet\u0151 kapucnis pul\u00f3ver h\u00e1rom h\u0151fokozattal. Melegen tart, amikor sz\u00fcks\u00e9ged van r\u00e1.<\/span><\/p>\n","protected":false},"featured_media":88028,"comment_status":"open","ping_status":"closed","template":"","meta":{"_acf_changed":false,"inline_featured_image":false},"product_brand":[],"product_cat":[536,539],"product_tag":[],"class_list":{"0":"post-82621","1":"product","2":"type-product","3":"status-publish","4":"has-post-thumbnail","6":"product_cat-felszereles","7":"product_cat-futheto-ruhazat","9":"first","10":"instock","11":"taxable","12":"shipping-taxable","13":"product-type-grouped"},"acf":[],"yoast_head":"<!-- This site is optimized with the Yoast SEO plugin v27.3 - https:\/\/yoast.com\/product\/yoast-seo-wordpress\/ -->\n<title>Etna f\u0171thet\u0151 kapucnis pul\u00f3ver - Magnet fishing with a Magnetar fishing magnet<\/title>\n<meta name=\"description\" content=\"Etna f\u0171thet\u0151 kapucnis pul\u00f3ver \u2013 Melegedj a Magnetarral\" \/>\n<meta name=\"robots\" content=\"index, follow, max-snippet:-1, max-image-preview:large, max-video-preview:-1\" \/>\n<link rel=\"canonical\" href=\"https:\/\/magnetarmagnets.com\/hu\/shop\/etna-futheto-kapucnis-pulover\/\" \/>\n<meta property=\"og:locale\" content=\"hu_HU\" \/>\n<meta property=\"og:type\" content=\"article\" \/>\n<meta property=\"og:title\" content=\"Etna f\u0171thet\u0151 kapucnis pul\u00f3ver - Magnet fishing with a Magnetar fishing magnet\" \/>\n<meta property=\"og:description\" content=\"Etna f\u0171thet\u0151 kapucnis pul\u00f3ver \u2013 Melegedj a Magnetarral\" \/>\n<meta property=\"og:url\" content=\"https:\/\/magnetarmagnets.com\/hu\/shop\/etna-futheto-kapucnis-pulover\/\" \/>\n<meta property=\"og:site_name\" content=\"Magnet fishing with a Magnetar fishing magnet\" \/>\n<meta property=\"article:publisher\" content=\"https:\/\/www.facebook.com\/fishingmagnets\/\" \/>\n<meta property=\"article:modified_time\" content=\"2026-01-31T12:23:29+00:00\" \/>\n<meta property=\"og:image\" content=\"https:\/\/magnetarmagnets.com\/wp-content\/uploads\/2025\/06\/ETNA-HEAT-VOOR-ACHTER.jpg\" \/>\n\t<meta property=\"og:image:width\" content=\"1000\" \/>\n\t<meta property=\"og:image:height\" content=\"1000\" \/>\n\t<meta property=\"og:image:type\" content=\"image\/jpeg\" \/>\n<meta name=\"twitter:card\" content=\"summary_large_image\" \/>\n<meta name=\"twitter:label1\" content=\"Becs\u00fclt olvas\u00e1si id\u0151\" \/>\n\t<meta name=\"twitter:data1\" content=\"2 perc\" \/>\n<script type=\"application\/ld+json\" class=\"yoast-schema-graph\">{\"@context\":\"https:\\\/\\\/schema.org\",\"@graph\":[{\"@type\":[\"WebPage\",\"ItemPage\"],\"@id\":\"https:\\\/\\\/magnetarmagnets.com\\\/hu\\\/shop\\\/etna-futheto-kapucnis-pulover\\\/\",\"url\":\"https:\\\/\\\/magnetarmagnets.com\\\/hu\\\/shop\\\/etna-futheto-kapucnis-pulover\\\/\",\"name\":\"Etna f\u0171thet\u0151 kapucnis pul\u00f3ver - Magnet fishing with a Magnetar fishing magnet\",\"isPartOf\":{\"@id\":\"https:\\\/\\\/magnetarmagnets.com\\\/hu\\\/#website\"},\"primaryImageOfPage\":{\"@id\":\"https:\\\/\\\/magnetarmagnets.com\\\/hu\\\/shop\\\/etna-futheto-kapucnis-pulover\\\/#primaryimage\"},\"image\":{\"@id\":\"https:\\\/\\\/magnetarmagnets.com\\\/hu\\\/shop\\\/etna-futheto-kapucnis-pulover\\\/#primaryimage\"},\"thumbnailUrl\":\"https:\\\/\\\/magnetarmagnets.com\\\/wp-content\\\/uploads\\\/2025\\\/06\\\/ETNA-HEAT-VOOR-ACHTER.jpg\",\"datePublished\":\"2025-06-05T07:53:47+00:00\",\"dateModified\":\"2026-01-31T12:23:29+00:00\",\"description\":\"Etna f\u0171thet\u0151 kapucnis pul\u00f3ver \u2013 Melegedj a Magnetarral\",\"breadcrumb\":{\"@id\":\"https:\\\/\\\/magnetarmagnets.com\\\/hu\\\/shop\\\/etna-futheto-kapucnis-pulover\\\/#breadcrumb\"},\"inLanguage\":\"hu\",\"potentialAction\":[{\"@type\":\"ReadAction\",\"target\":[\"https:\\\/\\\/magnetarmagnets.com\\\/hu\\\/shop\\\/etna-futheto-kapucnis-pulover\\\/\"]}]},{\"@type\":\"ImageObject\",\"inLanguage\":\"hu\",\"@id\":\"https:\\\/\\\/magnetarmagnets.com\\\/hu\\\/shop\\\/etna-futheto-kapucnis-pulover\\\/#primaryimage\",\"url\":\"https:\\\/\\\/magnetarmagnets.com\\\/wp-content\\\/uploads\\\/2025\\\/06\\\/ETNA-HEAT-VOOR-ACHTER.jpg\",\"contentUrl\":\"https:\\\/\\\/magnetarmagnets.com\\\/wp-content\\\/uploads\\\/2025\\\/06\\\/ETNA-HEAT-VOOR-ACHTER.jpg\",\"width\":1000,\"height\":1000},{\"@type\":\"BreadcrumbList\",\"@id\":\"https:\\\/\\\/magnetarmagnets.com\\\/hu\\\/shop\\\/etna-futheto-kapucnis-pulover\\\/#breadcrumb\",\"itemListElement\":[{\"@type\":\"ListItem\",\"position\":1,\"name\":\"Home\",\"item\":\"https:\\\/\\\/magnetarmagnets.com\\\/hu\\\/\"},{\"@type\":\"ListItem\",\"position\":2,\"name\":\"Webshop\",\"item\":\"https:\\\/\\\/magnetarmagnets.com\\\/webshop\\\/\"},{\"@type\":\"ListItem\",\"position\":3,\"name\":\"Felszerel\u00e9s\",\"item\":\"https:\\\/\\\/magnetarmagnets.com\\\/hu\\\/collections\\\/felszereles\\\/\"},{\"@type\":\"ListItem\",\"position\":4,\"name\":\"F\u0171thet\u0151 ruh\u00e1zat\",\"item\":\"https:\\\/\\\/magnetarmagnets.com\\\/hu\\\/collections\\\/felszereles\\\/futheto-ruhazat\\\/\"},{\"@type\":\"ListItem\",\"position\":5,\"name\":\"Etna f\u0171thet\u0151 kapucnis pul\u00f3ver\"}]},{\"@type\":\"WebSite\",\"@id\":\"https:\\\/\\\/magnetarmagnets.com\\\/hu\\\/#website\",\"url\":\"https:\\\/\\\/magnetarmagnets.com\\\/hu\\\/\",\"name\":\"Magnet fishing with a Magnetar fishing magnet\",\"description\":\"Er\u0151s m\u00e1gnesek m\u00e1gneshorg\u00e1szathoz\",\"publisher\":{\"@id\":\"https:\\\/\\\/magnetarmagnets.com\\\/hu\\\/#organization\"},\"potentialAction\":[{\"@type\":\"SearchAction\",\"target\":{\"@type\":\"EntryPoint\",\"urlTemplate\":\"https:\\\/\\\/magnetarmagnets.com\\\/hu\\\/?s={search_term_string}\"},\"query-input\":{\"@type\":\"PropertyValueSpecification\",\"valueRequired\":true,\"valueName\":\"search_term_string\"}}],\"inLanguage\":\"hu\"},{\"@type\":\"Organization\",\"@id\":\"https:\\\/\\\/magnetarmagnets.com\\\/hu\\\/#organization\",\"name\":\"Magnetar\",\"url\":\"https:\\\/\\\/magnetarmagnets.com\\\/hu\\\/\",\"logo\":{\"@type\":\"ImageObject\",\"inLanguage\":\"hu\",\"@id\":\"https:\\\/\\\/magnetarmagnets.com\\\/hu\\\/#\\\/schema\\\/logo\\\/image\\\/\",\"url\":\"https:\\\/\\\/magnetarmagnets.com\\\/wp-content\\\/uploads\\\/2025\\\/05\\\/Logo-03_PNG-Black-scaled.png\",\"contentUrl\":\"https:\\\/\\\/magnetarmagnets.com\\\/wp-content\\\/uploads\\\/2025\\\/05\\\/Logo-03_PNG-Black-scaled.png\",\"width\":2560,\"height\":1658,\"caption\":\"Magnetar\"},\"image\":{\"@id\":\"https:\\\/\\\/magnetarmagnets.com\\\/hu\\\/#\\\/schema\\\/logo\\\/image\\\/\"},\"sameAs\":[\"https:\\\/\\\/www.facebook.com\\\/fishingmagnets\\\/\",\"https:\\\/\\\/www.instagram.com\\\/magnetar_magnets\\\/\",\"https:\\\/\\\/www.linkedin.com\\\/company\\\/magnetarbv\\\/?originalSubdomain=nl\",\"https:\\\/\\\/www.youtube.com\\\/c\\\/MagnetarVismagneet\"]}]}<\/script>\n<!-- \/ Yoast SEO plugin. -->","yoast_head_json":{"title":"Etna f\u0171thet\u0151 kapucnis pul\u00f3ver - Magnet fishing with a Magnetar fishing magnet","description":"Etna f\u0171thet\u0151 kapucnis pul\u00f3ver \u2013 Melegedj a Magnetarral","robots":{"index":"index","follow":"follow","max-snippet":"max-snippet:-1","max-image-preview":"max-image-preview:large","max-video-preview":"max-video-preview:-1"},"canonical":"https:\/\/magnetarmagnets.com\/hu\/shop\/etna-futheto-kapucnis-pulover\/","og_locale":"hu_HU","og_type":"article","og_title":"Etna f\u0171thet\u0151 kapucnis pul\u00f3ver - Magnet fishing with a Magnetar fishing magnet","og_description":"Etna f\u0171thet\u0151 kapucnis pul\u00f3ver \u2013 Melegedj a Magnetarral","og_url":"https:\/\/magnetarmagnets.com\/hu\/shop\/etna-futheto-kapucnis-pulover\/","og_site_name":"Magnet fishing with a Magnetar fishing magnet","article_publisher":"https:\/\/www.facebook.com\/fishingmagnets\/","article_modified_time":"2026-01-31T12:23:29+00:00","og_image":[{"width":1000,"height":1000,"url":"https:\/\/magnetarmagnets.com\/wp-content\/uploads\/2025\/06\/ETNA-HEAT-VOOR-ACHTER.jpg","type":"image\/jpeg"}],"twitter_card":"summary_large_image","twitter_misc":{"Becs\u00fclt olvas\u00e1si id\u0151":"2 perc"},"schema":{"@context":"https:\/\/schema.org","@graph":[{"@type":["WebPage","ItemPage"],"@id":"https:\/\/magnetarmagnets.com\/hu\/shop\/etna-futheto-kapucnis-pulover\/","url":"https:\/\/magnetarmagnets.com\/hu\/shop\/etna-futheto-kapucnis-pulover\/","name":"Etna f\u0171thet\u0151 kapucnis pul\u00f3ver - Magnet fishing with a Magnetar fishing magnet","isPartOf":{"@id":"https:\/\/magnetarmagnets.com\/hu\/#website"},"primaryImageOfPage":{"@id":"https:\/\/magnetarmagnets.com\/hu\/shop\/etna-futheto-kapucnis-pulover\/#primaryimage"},"image":{"@id":"https:\/\/magnetarmagnets.com\/hu\/shop\/etna-futheto-kapucnis-pulover\/#primaryimage"},"thumbnailUrl":"https:\/\/magnetarmagnets.com\/wp-content\/uploads\/2025\/06\/ETNA-HEAT-VOOR-ACHTER.jpg","datePublished":"2025-06-05T07:53:47+00:00","dateModified":"2026-01-31T12:23:29+00:00","description":"Etna f\u0171thet\u0151 kapucnis pul\u00f3ver \u2013 Melegedj a Magnetarral","breadcrumb":{"@id":"https:\/\/magnetarmagnets.com\/hu\/shop\/etna-futheto-kapucnis-pulover\/#breadcrumb"},"inLanguage":"hu","potentialAction":[{"@type":"ReadAction","target":["https:\/\/magnetarmagnets.com\/hu\/shop\/etna-futheto-kapucnis-pulover\/"]}]},{"@type":"ImageObject","inLanguage":"hu","@id":"https:\/\/magnetarmagnets.com\/hu\/shop\/etna-futheto-kapucnis-pulover\/#primaryimage","url":"https:\/\/magnetarmagnets.com\/wp-content\/uploads\/2025\/06\/ETNA-HEAT-VOOR-ACHTER.jpg","contentUrl":"https:\/\/magnetarmagnets.com\/wp-content\/uploads\/2025\/06\/ETNA-HEAT-VOOR-ACHTER.jpg","width":1000,"height":1000},{"@type":"BreadcrumbList","@id":"https:\/\/magnetarmagnets.com\/hu\/shop\/etna-futheto-kapucnis-pulover\/#breadcrumb","itemListElement":[{"@type":"ListItem","position":1,"name":"Home","item":"https:\/\/magnetarmagnets.com\/hu\/"},{"@type":"ListItem","position":2,"name":"Webshop","item":"https:\/\/magnetarmagnets.com\/webshop\/"},{"@type":"ListItem","position":3,"name":"Felszerel\u00e9s","item":"https:\/\/magnetarmagnets.com\/hu\/collections\/felszereles\/"},{"@type":"ListItem","position":4,"name":"F\u0171thet\u0151 ruh\u00e1zat","item":"https:\/\/magnetarmagnets.com\/hu\/collections\/felszereles\/futheto-ruhazat\/"},{"@type":"ListItem","position":5,"name":"Etna f\u0171thet\u0151 kapucnis pul\u00f3ver"}]},{"@type":"WebSite","@id":"https:\/\/magnetarmagnets.com\/hu\/#website","url":"https:\/\/magnetarmagnets.com\/hu\/","name":"Magnet fishing with a Magnetar fishing magnet","description":"Er\u0151s m\u00e1gnesek m\u00e1gneshorg\u00e1szathoz","publisher":{"@id":"https:\/\/magnetarmagnets.com\/hu\/#organization"},"potentialAction":[{"@type":"SearchAction","target":{"@type":"EntryPoint","urlTemplate":"https:\/\/magnetarmagnets.com\/hu\/?s={search_term_string}"},"query-input":{"@type":"PropertyValueSpecification","valueRequired":true,"valueName":"search_term_string"}}],"inLanguage":"hu"},{"@type":"Organization","@id":"https:\/\/magnetarmagnets.com\/hu\/#organization","name":"Magnetar","url":"https:\/\/magnetarmagnets.com\/hu\/","logo":{"@type":"ImageObject","inLanguage":"hu","@id":"https:\/\/magnetarmagnets.com\/hu\/#\/schema\/logo\/image\/","url":"https:\/\/magnetarmagnets.com\/wp-content\/uploads\/2025\/05\/Logo-03_PNG-Black-scaled.png","contentUrl":"https:\/\/magnetarmagnets.com\/wp-content\/uploads\/2025\/05\/Logo-03_PNG-Black-scaled.png","width":2560,"height":1658,"caption":"Magnetar"},"image":{"@id":"https:\/\/magnetarmagnets.com\/hu\/#\/schema\/logo\/image\/"},"sameAs":["https:\/\/www.facebook.com\/fishingmagnets\/","https:\/\/www.instagram.com\/magnetar_magnets\/","https:\/\/www.linkedin.com\/company\/magnetarbv\/?originalSubdomain=nl","https:\/\/www.youtube.com\/c\/MagnetarVismagneet"]}]}},"_links":{"self":[{"href":"https:\/\/magnetarmagnets.com\/hu\/wp-json\/wp\/v2\/product\/82621","targetHints":{"allow":["GET"]}}],"collection":[{"href":"https:\/\/magnetarmagnets.com\/hu\/wp-json\/wp\/v2\/product"}],"about":[{"href":"https:\/\/magnetarmagnets.com\/hu\/wp-json\/wp\/v2\/types\/product"}],"replies":[{"embeddable":true,"href":"https:\/\/magnetarmagnets.com\/hu\/wp-json\/wp\/v2\/comments?post=82621"}],"version-history":[{"count":1,"href":"https:\/\/magnetarmagnets.com\/hu\/wp-json\/wp\/v2\/product\/82621\/revisions"}],"predecessor-version":[{"id":95131,"href":"https:\/\/magnetarmagnets.com\/hu\/wp-json\/wp\/v2\/product\/82621\/revisions\/95131"}],"wp:featuredmedia":[{"embeddable":true,"href":"https:\/\/magnetarmagnets.com\/hu\/wp-json\/wp\/v2\/media\/88028"}],"wp:attachment":[{"href":"https:\/\/magnetarmagnets.com\/hu\/wp-json\/wp\/v2\/media?parent=82621"}],"wp:term":[{"taxonomy":"product_brand","embeddable":true,"href":"https:\/\/magnetarmagnets.com\/hu\/wp-json\/wp\/v2\/product_brand?post=82621"},{"taxonomy":"product_cat","embeddable":true,"href":"https:\/\/magnetarmagnets.com\/hu\/wp-json\/wp\/v2\/product_cat?post=82621"},{"taxonomy":"product_tag","embeddable":true,"href":"https:\/\/magnetarmagnets.com\/hu\/wp-json\/wp\/v2\/product_tag?post=82621"}],"curies":[{"name":"wp","href":"https:\/\/api.w.org\/{rel}","templated":true}]}}