{"id":82619,"date":"2025-06-05T09:53:46","date_gmt":"2025-06-05T07:53:46","guid":{"rendered":"https:\/\/magnetarmagnets.com\/?post_type=product&#038;p=82619"},"modified":"2026-04-03T16:19:17","modified_gmt":"2026-04-03T14:19:17","slug":"futheto-ruhazat-akkumulatora","status":"publish","type":"product","link":"https:\/\/magnetarmagnets.com\/hu\/shop\/futheto-ruhazat-akkumulatora\/","title":{"rendered":"F\u0171thet\u0151 ruh\u00e1zat akkumul\u00e1tora"},"content":{"rendered":"A Magnetar Heat \u00f6sszes term\u00e9ke alap\u00e9rtelmez\u00e9s szerint power bankkal \u00e9rkezik. Ezzel a f\u0171thet\u0151 ruh\u00e1zat akkumul\u00e1torral felmeleg\u00edtheti a dzsekiket, a testmeleg\u00edt\u0151ket \u00e9s a mell\u00e9nyeket. K\u00f6z\u00f6ns\u00e9g\u00fcnk k\u00e9r\u00e9s\u00e9re ez a term\u00e9k most k\u00fcl\u00f6n is megv\u00e1s\u00e1rolhat\u00f3. Ez n\u00f6veli term\u00e9kk\u00edn\u00e1latunk \u00e9lettartam\u00e1t, \u00e9s lehet\u0151v\u00e9 teszi, hogy m\u00e9g hosszabb ideig \u00e9lvezze a k\u00e9nyelmes meleget.\n\n<h2>Magnetar Heat Power Bank<\/h2>\n\nA Magnetar Heat f\u0171thet\u0151 ruh\u00e1zat akkumul\u00e1tora egy power bank. Ennek a power banknak 6700 mAh kapacit\u00e1sa van. Ennek eredm\u00e9nyek\u00e9nt a term\u00e9kek ak\u00e1r kilenc \u00f3r\u00e1n \u00e1t is k\u00e9pesek meleget biztos\u00edtani. A pontos id\u0151tartam a kiv\u00e1lasztott h\u0151m\u00e9rs\u00e9klet-be\u00e1ll\u00edt\u00e1st\u00f3l f\u00fcgg. Min\u00e9l magasabb a be\u00e1ll\u00edt\u00e1s, ann\u00e1l gyorsabban mer\u00fcl az akkumul\u00e1tor.\n\n\n\nEz a term\u00e9k er\u0151teljes, 7,4 V-os Li-Ion akkumul\u00e1torral rendelkezik. Ezzel az akkumul\u00e1torral a Magnetar Heat ruhadarabok gyorsabban \u00e9s hat\u00e9konyabban melegednek fel, mint egy szabv\u00e1nyos, 5 V-os Li-Ion akkumul\u00e1torral.\n\n<h2>Sokoldal\u00fa akkumul\u00e1tor f\u0171thet\u0151 ruh\u00e1zathoz<\/h2>\n\nA Magnetar Heat power bank sokoldal\u00fa. A v\u00e1s\u00e1rl\u00f3k nemcsak ruh\u00e1zatukat meleg\u00edtik vele, hanem okostelefonjukat, t\u00e1blag\u00e9p\u00fcket \u00e9s m\u00e1s elektronikai eszk\u00f6zeiket is t\u00f6ltik. Ezt a k\u00fcl\u00f6nb\u00f6z\u0151 kimeneti lehet\u0151s\u00e9gek teszik lehet\u0151v\u00e9. A power bank USB-, DC 4.0- \u00e9s USB-C kimenettel rendelkezik. \u00cdgy a legmodernebb eszk\u00f6z\u00f6kkel is haszn\u00e1lhat\u00f3.\n\n<h2>Magnetar Heat ruh\u00e1zat<\/h2>\n\nA Magnetar Heat ruh\u00e1zat hideg napokon is melegen tart. A Vulcan dzseki, az Etna mell\u00e9ny, valamint a Magma \u00e9s Lava testmeleg\u00edt\u0151k k\u00fcl\u00f6nb\u00f6z\u0151 f\u0171t\u0151z\u00f3n\u00e1kkal rendelkeznek. Minden term\u00e9k\u00fcnk megfelel a CE (Conformit\u00e9 Europ\u00e9enne) el\u0151\u00edr\u00e1soknak. Ez egy biztons\u00e1gos term\u00e9ket jel\u00f6l, amely megfelel az eur\u00f3pai ir\u00e1nyelvek k\u00f6vetelm\u00e9nyeinek. Mivel magas min\u0151s\u00e9get k\u00e9pvisel\u00fcnk, egy\u00e9ves garanci\u00e1t biztos\u00edtunk minden f\u0171thet\u0151 ruh\u00e1zatunkra. K\u00e9szen \u00e1ll arra, hogy megtapasztalja a Magnetar Heat meleg\u00e9t?","protected":false},"excerpt":{"rendered":"<p>A <strong>er\u0151teljes, 13000 mAh kapacit\u00e1s\u00fa power bank<\/strong> egy 7,4 V-os Li-Ion akkumul\u00e1tort tartalmaz, amely a <strong>Magnetar Heat ruh\u00e1zat<\/strong> energiaforr\u00e1sak\u00e9nt szolg\u00e1l.<\/p>\n","protected":false},"featured_media":74755,"comment_status":"open","ping_status":"closed","template":"","meta":{"_acf_changed":false,"inline_featured_image":false},"product_brand":[],"product_cat":[536,539],"product_tag":[],"class_list":{"0":"post-82619","1":"product","2":"type-product","3":"status-publish","4":"has-post-thumbnail","6":"product_cat-felszereles","7":"product_cat-futheto-ruhazat","9":"first","10":"instock","11":"taxable","12":"shipping-taxable","13":"purchasable","14":"product-type-simple"},"acf":[],"yoast_head":"<!-- This site is optimized with the Yoast SEO plugin v27.3 - https:\/\/yoast.com\/product\/yoast-seo-wordpress\/ -->\n<title>F\u0171thet\u0151 ruh\u00e1zat akkumul\u00e1tora - Magnet fishing with a Magnetar fishing magnet<\/title>\n<meta name=\"description\" content=\"F\u0171thet\u0151 ruh\u00e1zat akkumul\u00e1tora - T\u00f6ltsd fel Magnetar felszerel\u00e9sed\" \/>\n<meta name=\"robots\" content=\"index, follow, max-snippet:-1, max-image-preview:large, max-video-preview:-1\" \/>\n<link rel=\"canonical\" href=\"https:\/\/magnetarmagnets.com\/hu\/shop\/futheto-ruhazat-akkumulatora\/\" \/>\n<meta property=\"og:locale\" content=\"hu_HU\" \/>\n<meta property=\"og:type\" content=\"article\" \/>\n<meta property=\"og:title\" content=\"F\u0171thet\u0151 ruh\u00e1zat akkumul\u00e1tora - Magnet fishing with a Magnetar fishing magnet\" \/>\n<meta property=\"og:description\" content=\"F\u0171thet\u0151 ruh\u00e1zat akkumul\u00e1tora - T\u00f6ltsd fel Magnetar felszerel\u00e9sed\" \/>\n<meta property=\"og:url\" content=\"https:\/\/magnetarmagnets.com\/hu\/shop\/futheto-ruhazat-akkumulatora\/\" \/>\n<meta property=\"og:site_name\" content=\"Magnet fishing with a Magnetar fishing magnet\" \/>\n<meta property=\"article:publisher\" content=\"https:\/\/www.facebook.com\/fishingmagnets\/\" \/>\n<meta property=\"article:modified_time\" content=\"2026-04-03T14:19:17+00:00\" \/>\n<meta property=\"og:image\" content=\"https:\/\/magnetarmagnets.com\/wp-content\/uploads\/2023\/10\/H-AT.jpg\" \/>\n\t<meta property=\"og:image:width\" content=\"1000\" \/>\n\t<meta property=\"og:image:height\" content=\"1000\" \/>\n\t<meta property=\"og:image:type\" content=\"image\/jpeg\" \/>\n<meta name=\"twitter:card\" content=\"summary_large_image\" \/>\n<meta name=\"twitter:label1\" content=\"Becs\u00fclt olvas\u00e1si id\u0151\" \/>\n\t<meta name=\"twitter:data1\" content=\"2 perc\" \/>\n<script type=\"application\/ld+json\" class=\"yoast-schema-graph\">{\"@context\":\"https:\\\/\\\/schema.org\",\"@graph\":[{\"@type\":[\"WebPage\",\"ItemPage\"],\"@id\":\"https:\\\/\\\/magnetarmagnets.com\\\/hu\\\/shop\\\/futheto-ruhazat-akkumulatora\\\/\",\"url\":\"https:\\\/\\\/magnetarmagnets.com\\\/hu\\\/shop\\\/futheto-ruhazat-akkumulatora\\\/\",\"name\":\"F\u0171thet\u0151 ruh\u00e1zat akkumul\u00e1tora - Magnet fishing with a Magnetar fishing magnet\",\"isPartOf\":{\"@id\":\"https:\\\/\\\/magnetarmagnets.com\\\/hu\\\/#website\"},\"primaryImageOfPage\":{\"@id\":\"https:\\\/\\\/magnetarmagnets.com\\\/hu\\\/shop\\\/futheto-ruhazat-akkumulatora\\\/#primaryimage\"},\"image\":{\"@id\":\"https:\\\/\\\/magnetarmagnets.com\\\/hu\\\/shop\\\/futheto-ruhazat-akkumulatora\\\/#primaryimage\"},\"thumbnailUrl\":\"https:\\\/\\\/magnetarmagnets.com\\\/wp-content\\\/uploads\\\/2023\\\/10\\\/H-AT.jpg\",\"datePublished\":\"2025-06-05T07:53:46+00:00\",\"dateModified\":\"2026-04-03T14:19:17+00:00\",\"description\":\"F\u0171thet\u0151 ruh\u00e1zat akkumul\u00e1tora - T\u00f6ltsd fel Magnetar felszerel\u00e9sed\",\"breadcrumb\":{\"@id\":\"https:\\\/\\\/magnetarmagnets.com\\\/hu\\\/shop\\\/futheto-ruhazat-akkumulatora\\\/#breadcrumb\"},\"inLanguage\":\"hu\",\"potentialAction\":[{\"@type\":\"ReadAction\",\"target\":[\"https:\\\/\\\/magnetarmagnets.com\\\/hu\\\/shop\\\/futheto-ruhazat-akkumulatora\\\/\"]}]},{\"@type\":\"ImageObject\",\"inLanguage\":\"hu\",\"@id\":\"https:\\\/\\\/magnetarmagnets.com\\\/hu\\\/shop\\\/futheto-ruhazat-akkumulatora\\\/#primaryimage\",\"url\":\"https:\\\/\\\/magnetarmagnets.com\\\/wp-content\\\/uploads\\\/2023\\\/10\\\/H-AT.jpg\",\"contentUrl\":\"https:\\\/\\\/magnetarmagnets.com\\\/wp-content\\\/uploads\\\/2023\\\/10\\\/H-AT.jpg\",\"width\":1000,\"height\":1000,\"caption\":\"Powerbank Heated Clothing\"},{\"@type\":\"BreadcrumbList\",\"@id\":\"https:\\\/\\\/magnetarmagnets.com\\\/hu\\\/shop\\\/futheto-ruhazat-akkumulatora\\\/#breadcrumb\",\"itemListElement\":[{\"@type\":\"ListItem\",\"position\":1,\"name\":\"Home\",\"item\":\"https:\\\/\\\/magnetarmagnets.com\\\/hu\\\/\"},{\"@type\":\"ListItem\",\"position\":2,\"name\":\"Webshop\",\"item\":\"https:\\\/\\\/magnetarmagnets.com\\\/webshop\\\/\"},{\"@type\":\"ListItem\",\"position\":3,\"name\":\"Felszerel\u00e9s\",\"item\":\"https:\\\/\\\/magnetarmagnets.com\\\/hu\\\/collections\\\/felszereles\\\/\"},{\"@type\":\"ListItem\",\"position\":4,\"name\":\"F\u0171thet\u0151 ruh\u00e1zat\",\"item\":\"https:\\\/\\\/magnetarmagnets.com\\\/hu\\\/collections\\\/felszereles\\\/futheto-ruhazat\\\/\"},{\"@type\":\"ListItem\",\"position\":5,\"name\":\"F\u0171thet\u0151 ruh\u00e1zat akkumul\u00e1tora\"}]},{\"@type\":\"WebSite\",\"@id\":\"https:\\\/\\\/magnetarmagnets.com\\\/hu\\\/#website\",\"url\":\"https:\\\/\\\/magnetarmagnets.com\\\/hu\\\/\",\"name\":\"Magnet fishing with a Magnetar fishing magnet\",\"description\":\"Er\u0151s m\u00e1gnesek m\u00e1gneshorg\u00e1szathoz\",\"publisher\":{\"@id\":\"https:\\\/\\\/magnetarmagnets.com\\\/hu\\\/#organization\"},\"potentialAction\":[{\"@type\":\"SearchAction\",\"target\":{\"@type\":\"EntryPoint\",\"urlTemplate\":\"https:\\\/\\\/magnetarmagnets.com\\\/hu\\\/?s={search_term_string}\"},\"query-input\":{\"@type\":\"PropertyValueSpecification\",\"valueRequired\":true,\"valueName\":\"search_term_string\"}}],\"inLanguage\":\"hu\"},{\"@type\":\"Organization\",\"@id\":\"https:\\\/\\\/magnetarmagnets.com\\\/hu\\\/#organization\",\"name\":\"Magnetar\",\"url\":\"https:\\\/\\\/magnetarmagnets.com\\\/hu\\\/\",\"logo\":{\"@type\":\"ImageObject\",\"inLanguage\":\"hu\",\"@id\":\"https:\\\/\\\/magnetarmagnets.com\\\/hu\\\/#\\\/schema\\\/logo\\\/image\\\/\",\"url\":\"https:\\\/\\\/magnetarmagnets.com\\\/wp-content\\\/uploads\\\/2025\\\/05\\\/Logo-03_PNG-Black-scaled.png\",\"contentUrl\":\"https:\\\/\\\/magnetarmagnets.com\\\/wp-content\\\/uploads\\\/2025\\\/05\\\/Logo-03_PNG-Black-scaled.png\",\"width\":2560,\"height\":1658,\"caption\":\"Magnetar\"},\"image\":{\"@id\":\"https:\\\/\\\/magnetarmagnets.com\\\/hu\\\/#\\\/schema\\\/logo\\\/image\\\/\"},\"sameAs\":[\"https:\\\/\\\/www.facebook.com\\\/fishingmagnets\\\/\",\"https:\\\/\\\/www.instagram.com\\\/magnetar_magnets\\\/\",\"https:\\\/\\\/www.linkedin.com\\\/company\\\/magnetarbv\\\/?originalSubdomain=nl\",\"https:\\\/\\\/www.youtube.com\\\/c\\\/MagnetarVismagneet\"]}]}<\/script>\n<!-- \/ Yoast SEO plugin. -->","yoast_head_json":{"title":"F\u0171thet\u0151 ruh\u00e1zat akkumul\u00e1tora - Magnet fishing with a Magnetar fishing magnet","description":"F\u0171thet\u0151 ruh\u00e1zat akkumul\u00e1tora - T\u00f6ltsd fel Magnetar felszerel\u00e9sed","robots":{"index":"index","follow":"follow","max-snippet":"max-snippet:-1","max-image-preview":"max-image-preview:large","max-video-preview":"max-video-preview:-1"},"canonical":"https:\/\/magnetarmagnets.com\/hu\/shop\/futheto-ruhazat-akkumulatora\/","og_locale":"hu_HU","og_type":"article","og_title":"F\u0171thet\u0151 ruh\u00e1zat akkumul\u00e1tora - Magnet fishing with a Magnetar fishing magnet","og_description":"F\u0171thet\u0151 ruh\u00e1zat akkumul\u00e1tora - T\u00f6ltsd fel Magnetar felszerel\u00e9sed","og_url":"https:\/\/magnetarmagnets.com\/hu\/shop\/futheto-ruhazat-akkumulatora\/","og_site_name":"Magnet fishing with a Magnetar fishing magnet","article_publisher":"https:\/\/www.facebook.com\/fishingmagnets\/","article_modified_time":"2026-04-03T14:19:17+00:00","og_image":[{"width":1000,"height":1000,"url":"https:\/\/magnetarmagnets.com\/wp-content\/uploads\/2023\/10\/H-AT.jpg","type":"image\/jpeg"}],"twitter_card":"summary_large_image","twitter_misc":{"Becs\u00fclt olvas\u00e1si id\u0151":"2 perc"},"schema":{"@context":"https:\/\/schema.org","@graph":[{"@type":["WebPage","ItemPage"],"@id":"https:\/\/magnetarmagnets.com\/hu\/shop\/futheto-ruhazat-akkumulatora\/","url":"https:\/\/magnetarmagnets.com\/hu\/shop\/futheto-ruhazat-akkumulatora\/","name":"F\u0171thet\u0151 ruh\u00e1zat akkumul\u00e1tora - Magnet fishing with a Magnetar fishing magnet","isPartOf":{"@id":"https:\/\/magnetarmagnets.com\/hu\/#website"},"primaryImageOfPage":{"@id":"https:\/\/magnetarmagnets.com\/hu\/shop\/futheto-ruhazat-akkumulatora\/#primaryimage"},"image":{"@id":"https:\/\/magnetarmagnets.com\/hu\/shop\/futheto-ruhazat-akkumulatora\/#primaryimage"},"thumbnailUrl":"https:\/\/magnetarmagnets.com\/wp-content\/uploads\/2023\/10\/H-AT.jpg","datePublished":"2025-06-05T07:53:46+00:00","dateModified":"2026-04-03T14:19:17+00:00","description":"F\u0171thet\u0151 ruh\u00e1zat akkumul\u00e1tora - T\u00f6ltsd fel Magnetar felszerel\u00e9sed","breadcrumb":{"@id":"https:\/\/magnetarmagnets.com\/hu\/shop\/futheto-ruhazat-akkumulatora\/#breadcrumb"},"inLanguage":"hu","potentialAction":[{"@type":"ReadAction","target":["https:\/\/magnetarmagnets.com\/hu\/shop\/futheto-ruhazat-akkumulatora\/"]}]},{"@type":"ImageObject","inLanguage":"hu","@id":"https:\/\/magnetarmagnets.com\/hu\/shop\/futheto-ruhazat-akkumulatora\/#primaryimage","url":"https:\/\/magnetarmagnets.com\/wp-content\/uploads\/2023\/10\/H-AT.jpg","contentUrl":"https:\/\/magnetarmagnets.com\/wp-content\/uploads\/2023\/10\/H-AT.jpg","width":1000,"height":1000,"caption":"Powerbank Heated Clothing"},{"@type":"BreadcrumbList","@id":"https:\/\/magnetarmagnets.com\/hu\/shop\/futheto-ruhazat-akkumulatora\/#breadcrumb","itemListElement":[{"@type":"ListItem","position":1,"name":"Home","item":"https:\/\/magnetarmagnets.com\/hu\/"},{"@type":"ListItem","position":2,"name":"Webshop","item":"https:\/\/magnetarmagnets.com\/webshop\/"},{"@type":"ListItem","position":3,"name":"Felszerel\u00e9s","item":"https:\/\/magnetarmagnets.com\/hu\/collections\/felszereles\/"},{"@type":"ListItem","position":4,"name":"F\u0171thet\u0151 ruh\u00e1zat","item":"https:\/\/magnetarmagnets.com\/hu\/collections\/felszereles\/futheto-ruhazat\/"},{"@type":"ListItem","position":5,"name":"F\u0171thet\u0151 ruh\u00e1zat akkumul\u00e1tora"}]},{"@type":"WebSite","@id":"https:\/\/magnetarmagnets.com\/hu\/#website","url":"https:\/\/magnetarmagnets.com\/hu\/","name":"Magnet fishing with a Magnetar fishing magnet","description":"Er\u0151s m\u00e1gnesek m\u00e1gneshorg\u00e1szathoz","publisher":{"@id":"https:\/\/magnetarmagnets.com\/hu\/#organization"},"potentialAction":[{"@type":"SearchAction","target":{"@type":"EntryPoint","urlTemplate":"https:\/\/magnetarmagnets.com\/hu\/?s={search_term_string}"},"query-input":{"@type":"PropertyValueSpecification","valueRequired":true,"valueName":"search_term_string"}}],"inLanguage":"hu"},{"@type":"Organization","@id":"https:\/\/magnetarmagnets.com\/hu\/#organization","name":"Magnetar","url":"https:\/\/magnetarmagnets.com\/hu\/","logo":{"@type":"ImageObject","inLanguage":"hu","@id":"https:\/\/magnetarmagnets.com\/hu\/#\/schema\/logo\/image\/","url":"https:\/\/magnetarmagnets.com\/wp-content\/uploads\/2025\/05\/Logo-03_PNG-Black-scaled.png","contentUrl":"https:\/\/magnetarmagnets.com\/wp-content\/uploads\/2025\/05\/Logo-03_PNG-Black-scaled.png","width":2560,"height":1658,"caption":"Magnetar"},"image":{"@id":"https:\/\/magnetarmagnets.com\/hu\/#\/schema\/logo\/image\/"},"sameAs":["https:\/\/www.facebook.com\/fishingmagnets\/","https:\/\/www.instagram.com\/magnetar_magnets\/","https:\/\/www.linkedin.com\/company\/magnetarbv\/?originalSubdomain=nl","https:\/\/www.youtube.com\/c\/MagnetarVismagneet"]}]}},"_links":{"self":[{"href":"https:\/\/magnetarmagnets.com\/hu\/wp-json\/wp\/v2\/product\/82619","targetHints":{"allow":["GET"]}}],"collection":[{"href":"https:\/\/magnetarmagnets.com\/hu\/wp-json\/wp\/v2\/product"}],"about":[{"href":"https:\/\/magnetarmagnets.com\/hu\/wp-json\/wp\/v2\/types\/product"}],"replies":[{"embeddable":true,"href":"https:\/\/magnetarmagnets.com\/hu\/wp-json\/wp\/v2\/comments?post=82619"}],"version-history":[{"count":0,"href":"https:\/\/magnetarmagnets.com\/hu\/wp-json\/wp\/v2\/product\/82619\/revisions"}],"wp:featuredmedia":[{"embeddable":true,"href":"https:\/\/magnetarmagnets.com\/hu\/wp-json\/wp\/v2\/media\/74755"}],"wp:attachment":[{"href":"https:\/\/magnetarmagnets.com\/hu\/wp-json\/wp\/v2\/media?parent=82619"}],"wp:term":[{"taxonomy":"product_brand","embeddable":true,"href":"https:\/\/magnetarmagnets.com\/hu\/wp-json\/wp\/v2\/product_brand?post=82619"},{"taxonomy":"product_cat","embeddable":true,"href":"https:\/\/magnetarmagnets.com\/hu\/wp-json\/wp\/v2\/product_cat?post=82619"},{"taxonomy":"product_tag","embeddable":true,"href":"https:\/\/magnetarmagnets.com\/hu\/wp-json\/wp\/v2\/product_tag?post=82619"}],"curies":[{"name":"wp","href":"https:\/\/api.w.org\/{rel}","templated":true}]}}