{"id":82613,"date":"2025-06-05T09:53:47","date_gmt":"2025-06-05T07:53:47","guid":{"rendered":"https:\/\/magnetarmagnets.com\/?post_type=product&#038;p=82613"},"modified":"2026-04-12T01:43:16","modified_gmt":"2026-04-11T23:43:16","slug":"gyerek-magnes-horgasz-szett-110-kg-egysiku","status":"publish","type":"product","link":"https:\/\/magnetarmagnets.com\/hu\/shop\/gyerek-magnes-horgasz-szett-110-kg-egysiku\/","title":{"rendered":"Gyerek m\u00e1gnes horg\u00e1sz szett \u2013 110 kg \u2013 egys\u00edk\u00fa"},"content":{"rendered":"Gyermeked k\u00f6ny\u00f6r\u00f6g, hogy elkezdhesse a m\u00e1gnes horg\u00e1szatot? Ez a gyerek m\u00e1gnes horg\u00e1sz szett t\u00f6k\u00e9letes v\u00e1laszt\u00e1s sz\u00e1mukra. Gyerekcsomagunk egy, legfeljebb 10 \u00e9veseknek megfelel\u0151 m\u00e1gnest tartalmaz. A m\u00f3ka v\u00e9gtelen a <a href=\"https:\/\/magnetarmagnets.com\/shop\/classic-fishing-magnet-240lb-110kg\/\"><strong>Classic Horg\u00e1sz M\u00e1gnes 240 lb \/ 110 kg<\/strong><\/a> seg\u00edts\u00e9g\u00e9vel. Ez a m\u00e1gnes alapb\u00f3l v\u00e9d\u0151ac\u00e9l h\u00e1zzal \u00e9rkezik, ami praktikus a fiatalabbak sz\u00e1m\u00e1ra. Az ide\u00e1lis s\u00falynak k\u00f6sz\u00f6nhet\u0151en a legt\u00f6bb, 6 \u00e9ves \u00e9s id\u0151sebb gyerek k\u00f6nnyed\u00e9n el tudja dobni. A csomagkedvezm\u00e9nynek k\u00f6sz\u00f6nhet\u0151en a mell\u00e9kelt k\u00f6t\u00e9l \u00e9s f\u00e9mragaszt\u00f3 extra kedvez\u0151 \u00e1ron \u00e9rhet\u0151 el.\n\n<h2>Gyerekcsomag 240 lb \/ 110 kg \u2013 egys\u00edk\u00fa tartalom<\/h2>\n\nA Classic horg\u00e1sz m\u00e1gnes 240 lb \/ 110 kg viszonylag olcs\u00f3 lehet\u0151s\u00e9g a m\u00e1gnes horg\u00e1szat kezd\u00e9s\u00e9hez. Az egys\u00edk\u00fa m\u00e1gnes csak alulr\u00f3l kifejtett m\u00e1gneses vonz\u00f3er\u0151vel rendelkezik. Mivel az \u00f6sszes m\u00e1gneses er\u0151 egy ir\u00e1nyba \u00f6sszpontosul, megfelel\u0151 k\u00f6r\u00fclm\u00e9nyek k\u00f6z\u00f6tt ez a m\u00e1gnes meglehet\u0151sen er\u0151s lehet.\n\nA 240 lb \/ 110 kg-os m\u00e1gneses vonz\u00f3er\u0151 csak t\u00f6k\u00e9letes k\u00f6r\u00fclm\u00e9nyek k\u00f6z\u00f6tt \u00e9rhet\u0151 el. Ez akkor teljes\u00fcl, ha a m\u00e1gnes egy 2 cm vastag, oxid\u00e1latlan f\u00e9mlemez fel\u00fclet\u00e9re \u00e9r. A val\u00f3s\u00e1gban m\u00e1gneshorg\u00e1szat k\u00f6zben ennek val\u00f3sz\u00edn\u0171s\u00e9ge \u00e1ltal\u00e1ban alacsony. Szeretn\u00e9d megtudni, hogyan m\u00e9rj\u00fck a horg\u00e1sz m\u00e1gnes h\u00faz\u00f3erej\u00e9t? N\u00e9zd meg a haszn\u00e1lt <a href=\"https:\/\/www.youtube.com\/watch?v=2McW3RURDxs&#038;t=14s\"><strong>m\u00e1gneses vonz\u00f3er\u0151 teszt<\/strong><\/a> vide\u00f3nkat.\n\nA legt\u00f6bb esetben a Classic horg\u00e1sz m\u00e1gnes 240 lb \/ 110 kg nem olyan er\u0151s, mint m\u00e1s modelljeink. Ez\u00e9rt ez a m\u00e1gnes t\u00f6k\u00e9letes gyermekek r\u00e9sz\u00e9re kisebb t\u00e1rgyak, p\u00e9ld\u00e1ul elveszett kulcsok \u00e9s \u00e9rm\u00e9k horg\u00e1szat\u00e1hoz. Van kamaszod, \u00e9s kicsit er\u0151sebb m\u00e1gnest szeretn\u00e9l sz\u00e1mukra? N\u00e9zz k\u00f6r\u00fcl a <a href=\"https:\/\/magnetarmagnets.com\/shop\/starterpackage\/\"><strong>Starter Package<\/strong><\/a> csomagunk k\u00f6z\u00f6tt!\n\n<h2>Magas min\u0151s\u00e9g<\/h2>\n\nMinden Magnetar horg\u00e1sz m\u00e1gnes neod\u00edmiumb\u00f3l k\u00e9sz\u00fcl. Ez az anyag hossz\u00fa t\u00e1von biztos\u00edtja a m\u00e1gneses er\u0151t. Megfelel\u0151 haszn\u00e1lat \u00e9s t\u00e1rol\u00e1s mellett ezek a m\u00e1gnesek mind\u00f6ssze egy sz\u00e1zal\u00e9kot vesz\u00edtenek erej\u00fckb\u0151l 100 \u00e9v alatt. Ez\u00e9rt vagyunk biztosak abban, hogy a piacon a legjobb min\u0151s\u00e9g\u0171 <a href=\"https:\/\/magnetarmagnets.com\/collections\/fishing-magnets\/\"><strong>horg\u00e1sz m\u00e1gneseket<\/strong><\/a> k\u00edn\u00e1ljuk.\n\nAz elm\u00falt \u00e9vekben a piacot el\u00e1rasztott\u00e1k az alacsony min\u0151s\u00e9g\u0171 term\u00e9kek. Sok m\u00e1s elad\u00f3 horg\u00e1sz m\u00e1gnes\u00e9t m\u00e1r n\u00e9h\u00e1ny h\u00e9t alatt vesz\u00edti el erej\u00e9t. \u00c1ltal\u00e1ban nagyobb m\u00e9ret\u0171, \u00e1m alacsonyabb min\u0151s\u00e9g\u0171 neod\u00edmiumb\u00f3l k\u00e9sz\u00fclt m\u00e1gnesek jelennek meg megt\u00e9veszt\u0151 hirdet\u00e9sekkel. Ezek a term\u00e9kek olcs\u00f3nak t\u0171nhetnek, de hossz\u00fa t\u00e1von csal\u00f3d\u00e1st okoznak.\n\nA Magnetar egy kis csal\u00e1di v\u00e1llalkoz\u00e1s, val\u00f3di m\u00e1gneshorg\u00e1sz rajong\u00f3kkal. N\u00e1lunk a min\u0151s\u00e9g az els\u0151, \u00e9s ez t\u00fckr\u00f6z\u0151dik term\u00e9keinkben. Minden horg\u00e1sz m\u00e1gnest h\u00e1zon bel\u00fcl tervez\u00fcnk, hogy val\u00f3ban pr\u00e9mium term\u00e9ket k\u00edn\u00e1ljunk. Megb\u00edzhat\u00f3, hat\u00e9kony \u00e9s min\u0151s\u00e9gi horg\u00e1sz m\u00e1gnes ut\u00e1n keresel? V\u00e1laszd a Magnetart!\n\n<h2>Figyelem:<\/h2>\n\nNeod\u00edmium horg\u00e1sz m\u00e1gnesink rendk\u00edv\u00fcl er\u0151sek. Ez azt eredm\u00e9nyezheti, hogy m\u00e1s t\u00e1rgyak nagy sebess\u00e9ggel vonszol\u00f3dnak a m\u00e1gnes fel\u00e9. Nyilv\u00e1nval\u00f3an ez potenci\u00e1lisan vesz\u00e9lyes helyzetekhez vezethet, mert az ujjak beszorulhatnak a m\u00e1gnes \u00e9s egy t\u00e1rgy k\u00f6z\u00e9. Javasoljuk, hogy mindig \u00f3vatosan b\u00e1nj ezekkel a m\u00e1gnesekkel, \u00e9s vedd figyelembe, hogy ezt saj\u00e1t felel\u0151ss\u00e9gre teszed. Haszn\u00e1lat el\u0151tt olvasd el biztons\u00e1gi figyelmeztet\u00e9seinket.\n\nNe felejtsd el megn\u00e9zni <a href=\"https:\/\/magnetarmagnets.com\/\" target=\"_blank\" rel=\"noopener\">horg\u00e1sz m\u00e1gnes k\u00edn\u00e1latunkat<\/a> \u00e9s <a href=\"https:\/\/magnetarmagnets.com\/collections\/fishing-magnets\/magnet-fishing-kit\/\" target=\"_blank\" rel=\"noopener\">m\u00e1gnes horg\u00e1sz szettjeinket<\/a>.","protected":false},"excerpt":{"rendered":"<p>M\u00e1gnes horg\u00e1szat <strong>gyerekeknek<\/strong>? Ez lehets\u00e9ges a <strong>110 kg-os gyerek m\u00e1gnes horg\u00e1sz szett\u00fcnkkel<\/strong>. Az <strong>egys\u00edk\u00fa horg\u00e1sz m\u00e1gnes, k\u00f6t\u00e9l \u00e9s z\u00e1r\u00f3 ragaszt\u00f3<\/strong> seg\u00edts\u00e9g\u00e9vel a hat\u00e9ves kort\u00f3l kezd\u0151d\u0151 gyerekek sz\u00fcl\u0151i fel\u00fcgyelet mellett b\u00e1tran kipr\u00f3b\u00e1lhatj\u00e1k magukat.<\/p>\n","protected":false},"featured_media":72570,"comment_status":"open","ping_status":"closed","template":"","meta":{"_acf_changed":false,"inline_featured_image":false},"product_brand":[],"product_cat":[531,534,528,541,1005],"product_tag":[],"class_list":{"0":"post-82613","1":"product","2":"type-product","3":"status-publish","4":"has-post-thumbnail","6":"product_cat-egyoldalas-horgasz-magnesek","7":"product_cat-horgasz-magnes-keszlet","8":"product_cat-horgasz-magnesek","9":"product_cat-kezdok-es-gyerekek","10":"product_cat-osszes-termek","12":"first","13":"instock","14":"sale","15":"taxable","16":"shipping-taxable","17":"purchasable","18":"product-type-simple"},"acf":[],"yoast_head":"<!-- This site is optimized with the Yoast SEO plugin v27.4 - https:\/\/yoast.com\/product\/yoast-seo-wordpress\/ -->\n<title>Gyerek m\u00e1gnes horg\u00e1sz szett \u2013 110 kg \u2013 egys\u00edk\u00fa - Magnet fishing with a Magnetar fishing magnet<\/title>\n<meta name=\"description\" content=\"Gyerek m\u00e1gnes horg\u00e1sz szett \u2013 110 kg egys\u00edk\u00fa \u2013 Magnetar\" \/>\n<meta name=\"robots\" content=\"index, follow, max-snippet:-1, max-image-preview:large, max-video-preview:-1\" \/>\n<link rel=\"canonical\" href=\"https:\/\/magnetarmagnets.com\/hu\/shop\/gyerek-magnes-horgasz-szett-110-kg-egysiku\/\" \/>\n<meta property=\"og:locale\" content=\"hu_HU\" \/>\n<meta property=\"og:type\" content=\"article\" \/>\n<meta property=\"og:title\" content=\"Gyerek m\u00e1gnes horg\u00e1sz szett \u2013 110 kg \u2013 egys\u00edk\u00fa - Magnet fishing with a Magnetar fishing magnet\" \/>\n<meta property=\"og:description\" content=\"Gyerek m\u00e1gnes horg\u00e1sz szett \u2013 110 kg egys\u00edk\u00fa \u2013 Magnetar\" \/>\n<meta property=\"og:url\" content=\"https:\/\/magnetarmagnets.com\/hu\/shop\/gyerek-magnes-horgasz-szett-110-kg-egysiku\/\" \/>\n<meta property=\"og:site_name\" content=\"Magnet fishing with a Magnetar fishing magnet\" \/>\n<meta property=\"article:publisher\" content=\"https:\/\/www.facebook.com\/fishingmagnets\/\" \/>\n<meta property=\"article:modified_time\" content=\"2026-04-11T23:43:16+00:00\" \/>\n<meta property=\"og:image\" content=\"https:\/\/magnetarmagnets.com\/wp-content\/uploads\/2021\/10\/MAGNETAR-KINDER-SET-GOOGLE.jpg\" \/>\n\t<meta property=\"og:image:width\" content=\"1500\" \/>\n\t<meta property=\"og:image:height\" content=\"1500\" \/>\n\t<meta property=\"og:image:type\" content=\"image\/jpeg\" \/>\n<meta name=\"twitter:card\" content=\"summary_large_image\" \/>\n<meta name=\"twitter:label1\" content=\"Becs\u00fclt olvas\u00e1si id\u0151\" \/>\n\t<meta name=\"twitter:data1\" content=\"3 perc\" \/>\n<script type=\"application\/ld+json\" class=\"yoast-schema-graph\">{\"@context\":\"https:\\\/\\\/schema.org\",\"@graph\":[{\"@type\":[\"WebPage\",\"ItemPage\"],\"@id\":\"https:\\\/\\\/magnetarmagnets.com\\\/hu\\\/shop\\\/gyerek-magnes-horgasz-szett-110-kg-egysiku\\\/\",\"url\":\"https:\\\/\\\/magnetarmagnets.com\\\/hu\\\/shop\\\/gyerek-magnes-horgasz-szett-110-kg-egysiku\\\/\",\"name\":\"Gyerek m\u00e1gnes horg\u00e1sz szett \u2013 110 kg \u2013 egys\u00edk\u00fa - Magnet fishing with a Magnetar fishing magnet\",\"isPartOf\":{\"@id\":\"https:\\\/\\\/magnetarmagnets.com\\\/hu\\\/#website\"},\"primaryImageOfPage\":{\"@id\":\"https:\\\/\\\/magnetarmagnets.com\\\/hu\\\/shop\\\/gyerek-magnes-horgasz-szett-110-kg-egysiku\\\/#primaryimage\"},\"image\":{\"@id\":\"https:\\\/\\\/magnetarmagnets.com\\\/hu\\\/shop\\\/gyerek-magnes-horgasz-szett-110-kg-egysiku\\\/#primaryimage\"},\"thumbnailUrl\":\"https:\\\/\\\/magnetarmagnets.com\\\/wp-content\\\/uploads\\\/2021\\\/10\\\/MAGNETAR-KINDER-SET-GOOGLE.jpg\",\"datePublished\":\"2025-06-05T07:53:47+00:00\",\"dateModified\":\"2026-04-11T23:43:16+00:00\",\"description\":\"Gyerek m\u00e1gnes horg\u00e1sz szett \u2013 110 kg egys\u00edk\u00fa \u2013 Magnetar\",\"breadcrumb\":{\"@id\":\"https:\\\/\\\/magnetarmagnets.com\\\/hu\\\/shop\\\/gyerek-magnes-horgasz-szett-110-kg-egysiku\\\/#breadcrumb\"},\"inLanguage\":\"hu\",\"potentialAction\":[{\"@type\":\"ReadAction\",\"target\":[\"https:\\\/\\\/magnetarmagnets.com\\\/hu\\\/shop\\\/gyerek-magnes-horgasz-szett-110-kg-egysiku\\\/\"]}]},{\"@type\":\"ImageObject\",\"inLanguage\":\"hu\",\"@id\":\"https:\\\/\\\/magnetarmagnets.com\\\/hu\\\/shop\\\/gyerek-magnes-horgasz-szett-110-kg-egysiku\\\/#primaryimage\",\"url\":\"https:\\\/\\\/magnetarmagnets.com\\\/wp-content\\\/uploads\\\/2021\\\/10\\\/MAGNETAR-KINDER-SET-GOOGLE.jpg\",\"contentUrl\":\"https:\\\/\\\/magnetarmagnets.com\\\/wp-content\\\/uploads\\\/2021\\\/10\\\/MAGNETAR-KINDER-SET-GOOGLE.jpg\",\"width\":1500,\"height\":1500,\"caption\":\"MAGNETAR-KINDER-SET\"},{\"@type\":\"BreadcrumbList\",\"@id\":\"https:\\\/\\\/magnetarmagnets.com\\\/hu\\\/shop\\\/gyerek-magnes-horgasz-szett-110-kg-egysiku\\\/#breadcrumb\",\"itemListElement\":[{\"@type\":\"ListItem\",\"position\":1,\"name\":\"Home\",\"item\":\"https:\\\/\\\/magnetarmagnets.com\\\/hu\\\/\"},{\"@type\":\"ListItem\",\"position\":2,\"name\":\"Webshop\",\"item\":\"https:\\\/\\\/magnetarmagnets.com\\\/webshop\\\/\"},{\"@type\":\"ListItem\",\"position\":3,\"name\":\"Horg\u00e1sz m\u00e1gnesek\",\"item\":\"https:\\\/\\\/magnetarmagnets.com\\\/hu\\\/collections\\\/horgasz-magnesek\\\/\"},{\"@type\":\"ListItem\",\"position\":4,\"name\":\"Egyoldalas horg\u00e1sz m\u00e1gnesek\",\"item\":\"https:\\\/\\\/magnetarmagnets.com\\\/hu\\\/collections\\\/horgasz-magnesek\\\/egyoldalas-horgasz-magnesek\\\/\"},{\"@type\":\"ListItem\",\"position\":5,\"name\":\"Gyerek m\u00e1gnes horg\u00e1sz szett \u2013 110 kg \u2013 egys\u00edk\u00fa\"}]},{\"@type\":\"WebSite\",\"@id\":\"https:\\\/\\\/magnetarmagnets.com\\\/hu\\\/#website\",\"url\":\"https:\\\/\\\/magnetarmagnets.com\\\/hu\\\/\",\"name\":\"Magnet fishing with a Magnetar fishing magnet\",\"description\":\"Er\u0151s m\u00e1gnesek m\u00e1gneshorg\u00e1szathoz\",\"publisher\":{\"@id\":\"https:\\\/\\\/magnetarmagnets.com\\\/hu\\\/#organization\"},\"potentialAction\":[{\"@type\":\"SearchAction\",\"target\":{\"@type\":\"EntryPoint\",\"urlTemplate\":\"https:\\\/\\\/magnetarmagnets.com\\\/hu\\\/?s={search_term_string}\"},\"query-input\":{\"@type\":\"PropertyValueSpecification\",\"valueRequired\":true,\"valueName\":\"search_term_string\"}}],\"inLanguage\":\"hu\"},{\"@type\":\"Organization\",\"@id\":\"https:\\\/\\\/magnetarmagnets.com\\\/hu\\\/#organization\",\"name\":\"Magnetar\",\"url\":\"https:\\\/\\\/magnetarmagnets.com\\\/hu\\\/\",\"logo\":{\"@type\":\"ImageObject\",\"inLanguage\":\"hu\",\"@id\":\"https:\\\/\\\/magnetarmagnets.com\\\/hu\\\/#\\\/schema\\\/logo\\\/image\\\/\",\"url\":\"https:\\\/\\\/magnetarmagnets.com\\\/wp-content\\\/uploads\\\/2025\\\/05\\\/Logo-03_PNG-Black-scaled.png\",\"contentUrl\":\"https:\\\/\\\/magnetarmagnets.com\\\/wp-content\\\/uploads\\\/2025\\\/05\\\/Logo-03_PNG-Black-scaled.png\",\"width\":2560,\"height\":1658,\"caption\":\"Magnetar\"},\"image\":{\"@id\":\"https:\\\/\\\/magnetarmagnets.com\\\/hu\\\/#\\\/schema\\\/logo\\\/image\\\/\"},\"sameAs\":[\"https:\\\/\\\/www.facebook.com\\\/fishingmagnets\\\/\",\"https:\\\/\\\/www.instagram.com\\\/magnetar_magnets\\\/\",\"https:\\\/\\\/www.linkedin.com\\\/company\\\/magnetarbv\\\/?originalSubdomain=nl\",\"https:\\\/\\\/www.youtube.com\\\/c\\\/MagnetarVismagneet\"]}]}<\/script>\n<!-- \/ Yoast SEO plugin. -->","yoast_head_json":{"title":"Gyerek m\u00e1gnes horg\u00e1sz szett \u2013 110 kg \u2013 egys\u00edk\u00fa - Magnet fishing with a Magnetar fishing magnet","description":"Gyerek m\u00e1gnes horg\u00e1sz szett \u2013 110 kg egys\u00edk\u00fa \u2013 Magnetar","robots":{"index":"index","follow":"follow","max-snippet":"max-snippet:-1","max-image-preview":"max-image-preview:large","max-video-preview":"max-video-preview:-1"},"canonical":"https:\/\/magnetarmagnets.com\/hu\/shop\/gyerek-magnes-horgasz-szett-110-kg-egysiku\/","og_locale":"hu_HU","og_type":"article","og_title":"Gyerek m\u00e1gnes horg\u00e1sz szett \u2013 110 kg \u2013 egys\u00edk\u00fa - Magnet fishing with a Magnetar fishing magnet","og_description":"Gyerek m\u00e1gnes horg\u00e1sz szett \u2013 110 kg egys\u00edk\u00fa \u2013 Magnetar","og_url":"https:\/\/magnetarmagnets.com\/hu\/shop\/gyerek-magnes-horgasz-szett-110-kg-egysiku\/","og_site_name":"Magnet fishing with a Magnetar fishing magnet","article_publisher":"https:\/\/www.facebook.com\/fishingmagnets\/","article_modified_time":"2026-04-11T23:43:16+00:00","og_image":[{"width":1500,"height":1500,"url":"https:\/\/magnetarmagnets.com\/wp-content\/uploads\/2021\/10\/MAGNETAR-KINDER-SET-GOOGLE.jpg","type":"image\/jpeg"}],"twitter_card":"summary_large_image","twitter_misc":{"Becs\u00fclt olvas\u00e1si id\u0151":"3 perc"},"schema":{"@context":"https:\/\/schema.org","@graph":[{"@type":["WebPage","ItemPage"],"@id":"https:\/\/magnetarmagnets.com\/hu\/shop\/gyerek-magnes-horgasz-szett-110-kg-egysiku\/","url":"https:\/\/magnetarmagnets.com\/hu\/shop\/gyerek-magnes-horgasz-szett-110-kg-egysiku\/","name":"Gyerek m\u00e1gnes horg\u00e1sz szett \u2013 110 kg \u2013 egys\u00edk\u00fa - Magnet fishing with a Magnetar fishing magnet","isPartOf":{"@id":"https:\/\/magnetarmagnets.com\/hu\/#website"},"primaryImageOfPage":{"@id":"https:\/\/magnetarmagnets.com\/hu\/shop\/gyerek-magnes-horgasz-szett-110-kg-egysiku\/#primaryimage"},"image":{"@id":"https:\/\/magnetarmagnets.com\/hu\/shop\/gyerek-magnes-horgasz-szett-110-kg-egysiku\/#primaryimage"},"thumbnailUrl":"https:\/\/magnetarmagnets.com\/wp-content\/uploads\/2021\/10\/MAGNETAR-KINDER-SET-GOOGLE.jpg","datePublished":"2025-06-05T07:53:47+00:00","dateModified":"2026-04-11T23:43:16+00:00","description":"Gyerek m\u00e1gnes horg\u00e1sz szett \u2013 110 kg egys\u00edk\u00fa \u2013 Magnetar","breadcrumb":{"@id":"https:\/\/magnetarmagnets.com\/hu\/shop\/gyerek-magnes-horgasz-szett-110-kg-egysiku\/#breadcrumb"},"inLanguage":"hu","potentialAction":[{"@type":"ReadAction","target":["https:\/\/magnetarmagnets.com\/hu\/shop\/gyerek-magnes-horgasz-szett-110-kg-egysiku\/"]}]},{"@type":"ImageObject","inLanguage":"hu","@id":"https:\/\/magnetarmagnets.com\/hu\/shop\/gyerek-magnes-horgasz-szett-110-kg-egysiku\/#primaryimage","url":"https:\/\/magnetarmagnets.com\/wp-content\/uploads\/2021\/10\/MAGNETAR-KINDER-SET-GOOGLE.jpg","contentUrl":"https:\/\/magnetarmagnets.com\/wp-content\/uploads\/2021\/10\/MAGNETAR-KINDER-SET-GOOGLE.jpg","width":1500,"height":1500,"caption":"MAGNETAR-KINDER-SET"},{"@type":"BreadcrumbList","@id":"https:\/\/magnetarmagnets.com\/hu\/shop\/gyerek-magnes-horgasz-szett-110-kg-egysiku\/#breadcrumb","itemListElement":[{"@type":"ListItem","position":1,"name":"Home","item":"https:\/\/magnetarmagnets.com\/hu\/"},{"@type":"ListItem","position":2,"name":"Webshop","item":"https:\/\/magnetarmagnets.com\/webshop\/"},{"@type":"ListItem","position":3,"name":"Horg\u00e1sz m\u00e1gnesek","item":"https:\/\/magnetarmagnets.com\/hu\/collections\/horgasz-magnesek\/"},{"@type":"ListItem","position":4,"name":"Egyoldalas horg\u00e1sz m\u00e1gnesek","item":"https:\/\/magnetarmagnets.com\/hu\/collections\/horgasz-magnesek\/egyoldalas-horgasz-magnesek\/"},{"@type":"ListItem","position":5,"name":"Gyerek m\u00e1gnes horg\u00e1sz szett \u2013 110 kg \u2013 egys\u00edk\u00fa"}]},{"@type":"WebSite","@id":"https:\/\/magnetarmagnets.com\/hu\/#website","url":"https:\/\/magnetarmagnets.com\/hu\/","name":"Magnet fishing with a Magnetar fishing magnet","description":"Er\u0151s m\u00e1gnesek m\u00e1gneshorg\u00e1szathoz","publisher":{"@id":"https:\/\/magnetarmagnets.com\/hu\/#organization"},"potentialAction":[{"@type":"SearchAction","target":{"@type":"EntryPoint","urlTemplate":"https:\/\/magnetarmagnets.com\/hu\/?s={search_term_string}"},"query-input":{"@type":"PropertyValueSpecification","valueRequired":true,"valueName":"search_term_string"}}],"inLanguage":"hu"},{"@type":"Organization","@id":"https:\/\/magnetarmagnets.com\/hu\/#organization","name":"Magnetar","url":"https:\/\/magnetarmagnets.com\/hu\/","logo":{"@type":"ImageObject","inLanguage":"hu","@id":"https:\/\/magnetarmagnets.com\/hu\/#\/schema\/logo\/image\/","url":"https:\/\/magnetarmagnets.com\/wp-content\/uploads\/2025\/05\/Logo-03_PNG-Black-scaled.png","contentUrl":"https:\/\/magnetarmagnets.com\/wp-content\/uploads\/2025\/05\/Logo-03_PNG-Black-scaled.png","width":2560,"height":1658,"caption":"Magnetar"},"image":{"@id":"https:\/\/magnetarmagnets.com\/hu\/#\/schema\/logo\/image\/"},"sameAs":["https:\/\/www.facebook.com\/fishingmagnets\/","https:\/\/www.instagram.com\/magnetar_magnets\/","https:\/\/www.linkedin.com\/company\/magnetarbv\/?originalSubdomain=nl","https:\/\/www.youtube.com\/c\/MagnetarVismagneet"]}]}},"_links":{"self":[{"href":"https:\/\/magnetarmagnets.com\/hu\/wp-json\/wp\/v2\/product\/82613","targetHints":{"allow":["GET"]}}],"collection":[{"href":"https:\/\/magnetarmagnets.com\/hu\/wp-json\/wp\/v2\/product"}],"about":[{"href":"https:\/\/magnetarmagnets.com\/hu\/wp-json\/wp\/v2\/types\/product"}],"replies":[{"embeddable":true,"href":"https:\/\/magnetarmagnets.com\/hu\/wp-json\/wp\/v2\/comments?post=82613"}],"version-history":[{"count":1,"href":"https:\/\/magnetarmagnets.com\/hu\/wp-json\/wp\/v2\/product\/82613\/revisions"}],"predecessor-version":[{"id":95336,"href":"https:\/\/magnetarmagnets.com\/hu\/wp-json\/wp\/v2\/product\/82613\/revisions\/95336"}],"wp:featuredmedia":[{"embeddable":true,"href":"https:\/\/magnetarmagnets.com\/hu\/wp-json\/wp\/v2\/media\/72570"}],"wp:attachment":[{"href":"https:\/\/magnetarmagnets.com\/hu\/wp-json\/wp\/v2\/media?parent=82613"}],"wp:term":[{"taxonomy":"product_brand","embeddable":true,"href":"https:\/\/magnetarmagnets.com\/hu\/wp-json\/wp\/v2\/product_brand?post=82613"},{"taxonomy":"product_cat","embeddable":true,"href":"https:\/\/magnetarmagnets.com\/hu\/wp-json\/wp\/v2\/product_cat?post=82613"},{"taxonomy":"product_tag","embeddable":true,"href":"https:\/\/magnetarmagnets.com\/hu\/wp-json\/wp\/v2\/product_tag?post=82613"}],"curies":[{"name":"wp","href":"https:\/\/api.w.org\/{rel}","templated":true}]}}