{"id":82612,"date":"2025-06-05T09:53:47","date_gmt":"2025-06-05T07:53:47","guid":{"rendered":"https:\/\/magnetarmagnets.com\/?post_type=product&#038;p=82612"},"modified":"2026-04-08T22:19:45","modified_gmt":"2026-04-08T20:19:45","slug":"magnes-horgasz-szett-gyerekeknek-360-280-kg-easy-allround","status":"publish","type":"product","link":"https:\/\/magnetarmagnets.com\/hu\/shop\/magnes-horgasz-szett-gyerekeknek-360-280-kg-easy-allround\/","title":{"rendered":"M\u00e1gnes horg\u00e1sz szett gyerekeknek 360\u00b0 &#8211; 280 kg &#8211; Easy Allround"},"content":{"rendered":"\nM\u00e1gnes horg\u00e1szat gyerekeknek? Ez az \u00e1lom a Magnetar Easy csomaggal v\u00e1lik val\u00f3ra. Ez a komplett m\u00e1gnes horg\u00e1sz szett mindent tartalmaz, amire sz\u00fcks\u00e9g van a legjobb leletek kih\u00faz\u00e1s\u00e1hoz. Az Easy m\u00e1gnes\u00fcnk teljes 360\u00b0-on kifejtett h\u00faz\u00f3ereje 280 kg. A horg\u00e1sz m\u00e1gnes mellett egy v\u00e9d\u0151tok, egy p\u00e1r keszty\u0171 \u00e9s m\u00e1gnes horg\u00e1szathoz tervezett k\u00f6t\u00e9l is j\u00e1r a csomaghoz.\n<h2>Easy neod\u00edmium horg\u00e1sz m\u00e1gnes<\/h2>\nAz <a href=\"https:\/\/magnetarmagnets.com\/shop\/easy-magnet\">Easy neod\u00edmium horg\u00e1sz m\u00e1gnes<\/a> alacsony dob\u00f3s\u00faly\u00e1r\u00f3l h\u00edres, mik\u00f6zben er\u0151s h\u00faz\u00f3er\u0151t k\u00edn\u00e1l, \u00edgy ide\u00e1lis v\u00e1laszt\u00e1s kezd\u0151knek \u00e9s komoly hobbist\u00e1knak. A m\u00e1gnes minden oldala m\u00e1gneses, ami n\u00f6veli az es\u00e9lyt a leg\u00e9rdekesebb t\u00e1rgyak v\u00edzb\u0151l val\u00f3 kih\u00faz\u00e1s\u00e1ra.\n<h2>K\u00e9szen \u00e1llsz az Easy haszn\u00e1lat\u00e1ra?<\/h2>\nEz a horg\u00e1sz m\u00e1gnes az Allround 360\u00b0 sz\u00e9ri\u00e1nk bel\u00e9p\u0151modellje. Minden oldala k\u00fcl\u00f6n-k\u00fcl\u00f6n 70 kg h\u00faz\u00f3er\u0151t biztos\u00edt, \u00edgy \u00f6sszesen 280 kg-t. A kisebb t\u00e1rgyak m\u00e1r 10 cm t\u00e1vols\u00e1gb\u00f3l a m\u00e1gnes fel\u00e9 vonz\u00f3dnak, ami optimaliz\u00e1lja a megtal\u00e1l\u00e1si es\u00e9lyeket.\n\nHat\u00e9ves kort\u00f3l fel\u00fcgyelet mellett remek v\u00e1laszt\u00e1s gyermekeknek. Er\u0151sebb h\u00faz\u00f3er\u0151t keresel? N\u00e9zd meg a Hardcore vagy a Terror m\u00e1gneseket. Mindkett\u0151 n\u00e9pszer\u0171 a m\u00e1gneshorg\u00e1szok k\u00f6r\u00e9ben.\n<h2>M\u00e1gnes evol\u00faci\u00f3<\/h2>\nSok <a href=\"https:\/\/magnetarmagnets.com\/?v=796834e7a283\" target=\"_blank\" rel=\"noopener\">horg\u00e1sz m\u00e1gnes<\/a> csak egy oldalr\u00f3l vonzza a f\u00e9m t\u00e1rgyakat. Ez a klasszikus egyr\u00e9szes m\u00e1gnes. Magnetar volt az els\u0151 c\u00e9g, amely ezt tov\u00e1bbfejlesztette egy <a href=\"https:\/\/magnetarmagnets.com\/double-sided-fishing-magnet\/?v=796834e7a283\" target=\"_blank\" rel=\"noopener\">k\u00e9toldalas horg\u00e1sz m\u00e1gness\u00e9<\/a>. 2016-ban pedig megalkottuk az Allround 360\u00b0 m\u00e1gnes\u00fcnket. EU-s m\u00e1gneshorg\u00e1szok szerte a kontinensen a 100% neod\u00edmium m\u00e1gnesekhez fordulnak, \u00edgy v\u00e1ltunk Eur\u00f3pa #1 besz\u00e1ll\u00edt\u00f3j\u00e1v\u00e1. M\u00e1gneseinket kiv\u00e1l\u00f3 min\u0151s\u00e9g, gondos tervez\u00e9s \u00e9s szenved\u00e9lyes szak\u00e9rtelem jellemzi. Vev\u0151ink az\u00e9rt t\u00e9rnek vissza, mert tudj\u00e1k, hogy a Magnetarral nem csak egy m\u00e1gnest, hanem kincseket hozhatnak fel.\n<h2><strong>Er\u0151teljes 360\u00b0 h\u00faz\u00f3er\u0151<\/strong><\/h2>\nA Hardcore m\u00e1gnes az egyik leger\u0151sebb modell\u00fcnk. Egy egyr\u00e9szes m\u00e1gnes h\u00faz\u00f3ereje nem vetekedhet egy tiszta neod\u00edmium 360\u00b0-os m\u00e1gnes\u00e9vel, mint amilyen a Hardcore. Az ac\u00e9l burkolat befoly\u00e1solja az er\u0151t \u00e9s csak egy ir\u00e1nyba f\u00f3kusz\u00e1lja, m\u00edg az Allround 360\u00b0 minden ir\u00e1nyban vonzza a t\u00e1rgyakat. K\u00edv\u00e1ncsi vagy h\u00faz\u00f3er\u0151 m\u00e9r\u00e9s\u00fcnkre? <a href=\"https:\/\/www.youtube.com\/watch?v=2McW3RURDxs\" target=\"_blank\" rel=\"noopener\">N\u00e9zd meg vide\u00f3nkat<\/a>.","protected":false},"excerpt":{"rendered":"<p>Kezdjen bele ebbe a <strong>megfizethet\u0151<\/strong> 360\u00b0-os gyerek m\u00e1gnes horg\u00e1sz szettbe, amely tartalmaz egy <strong>Easy m\u00e1gnes<\/strong>-t, egy Easy v\u00e9d\u0151tokot, k\u00f6telet, ragaszt\u00f3t \u00e9s keszty\u0171t.<\/p>\n","protected":false},"featured_media":74898,"comment_status":"open","ping_status":"closed","template":"","meta":{"_acf_changed":false,"inline_featured_image":false},"product_brand":[],"product_cat":[534,528,533,541,1005],"product_tag":[],"class_list":{"0":"post-82612","1":"product","2":"type-product","3":"status-publish","4":"has-post-thumbnail","6":"product_cat-horgasz-magnes-keszlet","7":"product_cat-horgasz-magnesek","8":"product_cat-horgasz-magnesek-360","9":"product_cat-kezdok-es-gyerekek","10":"product_cat-osszes-termek","12":"first","13":"onbackorder","14":"sale","15":"taxable","16":"shipping-taxable","17":"purchasable","18":"product-type-simple"},"acf":[],"yoast_head":"<!-- This site is optimized with the Yoast SEO plugin v27.3 - https:\/\/yoast.com\/product\/yoast-seo-wordpress\/ -->\n<title>M\u00e1gnes horg\u00e1sz szett gyerekeknek 360\u00b0 - 280 kg - Easy Allround -<\/title>\n<meta name=\"description\" content=\"M\u00e1gnes horg\u00e1szat gyerekeknek? Ez az \u00e1lom val\u00f3ra v\u00e1lik a Magnetar Easy csomaggal. Ez a komplett k\u00e9szlet mindent tartalmaz, amire sz\u00fcks\u00e9ged van.\" \/>\n<meta name=\"robots\" content=\"index, follow, max-snippet:-1, max-image-preview:large, max-video-preview:-1\" \/>\n<link rel=\"canonical\" href=\"https:\/\/magnetarmagnets.com\/hu\/shop\/magnes-horgasz-szett-gyerekeknek-360-280-kg-easy-allround\/\" \/>\n<meta property=\"og:locale\" content=\"hu_HU\" \/>\n<meta property=\"og:type\" content=\"article\" \/>\n<meta property=\"og:title\" content=\"M\u00e1gnes horg\u00e1sz szett gyerekeknek 360\u00b0 - 280 kg - Easy Allround -\" \/>\n<meta property=\"og:description\" content=\"M\u00e1gnes horg\u00e1szat gyerekeknek? Ez az \u00e1lom val\u00f3ra v\u00e1lik a Magnetar Easy csomaggal. Ez a komplett k\u00e9szlet mindent tartalmaz, amire sz\u00fcks\u00e9ged van.\" \/>\n<meta property=\"og:url\" content=\"https:\/\/magnetarmagnets.com\/hu\/shop\/magnes-horgasz-szett-gyerekeknek-360-280-kg-easy-allround\/\" \/>\n<meta property=\"og:site_name\" content=\"Magnet fishing with a Magnetar fishing magnet\" \/>\n<meta property=\"article:publisher\" content=\"https:\/\/www.facebook.com\/fishingmagnets\/\" \/>\n<meta property=\"article:modified_time\" content=\"2026-04-08T20:19:45+00:00\" \/>\n<meta property=\"og:image\" content=\"https:\/\/magnetarmagnets.com\/wp-content\/uploads\/2025\/06\/easy-360-magnetar-pakket.png\" \/>\n\t<meta property=\"og:image:width\" content=\"1000\" \/>\n\t<meta property=\"og:image:height\" content=\"1000\" \/>\n\t<meta property=\"og:image:type\" content=\"image\/png\" \/>\n<meta name=\"twitter:card\" content=\"summary_large_image\" \/>\n<meta name=\"twitter:label1\" content=\"Becs\u00fclt olvas\u00e1si id\u0151\" \/>\n\t<meta name=\"twitter:data1\" content=\"5 perc\" \/>\n<script type=\"application\/ld+json\" class=\"yoast-schema-graph\">{\"@context\":\"https:\\\/\\\/schema.org\",\"@graph\":[{\"@type\":[\"WebPage\",\"ItemPage\"],\"@id\":\"https:\\\/\\\/magnetarmagnets.com\\\/hu\\\/shop\\\/magnes-horgasz-szett-gyerekeknek-360-280-kg-easy-allround\\\/\",\"url\":\"https:\\\/\\\/magnetarmagnets.com\\\/hu\\\/shop\\\/magnes-horgasz-szett-gyerekeknek-360-280-kg-easy-allround\\\/\",\"name\":\"M\u00e1gnes horg\u00e1sz szett gyerekeknek 360\u00b0 - 280 kg - Easy Allround -\",\"isPartOf\":{\"@id\":\"https:\\\/\\\/magnetarmagnets.com\\\/hu\\\/#website\"},\"primaryImageOfPage\":{\"@id\":\"https:\\\/\\\/magnetarmagnets.com\\\/hu\\\/shop\\\/magnes-horgasz-szett-gyerekeknek-360-280-kg-easy-allround\\\/#primaryimage\"},\"image\":{\"@id\":\"https:\\\/\\\/magnetarmagnets.com\\\/hu\\\/shop\\\/magnes-horgasz-szett-gyerekeknek-360-280-kg-easy-allround\\\/#primaryimage\"},\"thumbnailUrl\":\"https:\\\/\\\/magnetarmagnets.com\\\/wp-content\\\/uploads\\\/2025\\\/06\\\/easy-360-magnetar-pakket.png\",\"datePublished\":\"2025-06-05T07:53:47+00:00\",\"dateModified\":\"2026-04-08T20:19:45+00:00\",\"description\":\"M\u00e1gnes horg\u00e1szat gyerekeknek? Ez az \u00e1lom val\u00f3ra v\u00e1lik a Magnetar Easy csomaggal. Ez a komplett k\u00e9szlet mindent tartalmaz, amire sz\u00fcks\u00e9ged van.\",\"breadcrumb\":{\"@id\":\"https:\\\/\\\/magnetarmagnets.com\\\/hu\\\/shop\\\/magnes-horgasz-szett-gyerekeknek-360-280-kg-easy-allround\\\/#breadcrumb\"},\"inLanguage\":\"hu\",\"potentialAction\":[{\"@type\":\"ReadAction\",\"target\":[\"https:\\\/\\\/magnetarmagnets.com\\\/hu\\\/shop\\\/magnes-horgasz-szett-gyerekeknek-360-280-kg-easy-allround\\\/\"]}]},{\"@type\":\"ImageObject\",\"inLanguage\":\"hu\",\"@id\":\"https:\\\/\\\/magnetarmagnets.com\\\/hu\\\/shop\\\/magnes-horgasz-szett-gyerekeknek-360-280-kg-easy-allround\\\/#primaryimage\",\"url\":\"https:\\\/\\\/magnetarmagnets.com\\\/wp-content\\\/uploads\\\/2025\\\/06\\\/easy-360-magnetar-pakket.png\",\"contentUrl\":\"https:\\\/\\\/magnetarmagnets.com\\\/wp-content\\\/uploads\\\/2025\\\/06\\\/easy-360-magnetar-pakket.png\",\"width\":1000,\"height\":1000},{\"@type\":\"BreadcrumbList\",\"@id\":\"https:\\\/\\\/magnetarmagnets.com\\\/hu\\\/shop\\\/magnes-horgasz-szett-gyerekeknek-360-280-kg-easy-allround\\\/#breadcrumb\",\"itemListElement\":[{\"@type\":\"ListItem\",\"position\":1,\"name\":\"Home\",\"item\":\"https:\\\/\\\/magnetarmagnets.com\\\/hu\\\/\"},{\"@type\":\"ListItem\",\"position\":2,\"name\":\"Webshop\",\"item\":\"https:\\\/\\\/magnetarmagnets.com\\\/webshop\\\/\"},{\"@type\":\"ListItem\",\"position\":3,\"name\":\"\u00d6sszes term\u00e9k\",\"item\":\"https:\\\/\\\/magnetarmagnets.com\\\/hu\\\/collections\\\/osszes-termek\\\/\"},{\"@type\":\"ListItem\",\"position\":4,\"name\":\"M\u00e1gnes horg\u00e1sz szett gyerekeknek 360\u00b0 &#8211; 280 kg &#8211; Easy Allround\"}]},{\"@type\":\"WebSite\",\"@id\":\"https:\\\/\\\/magnetarmagnets.com\\\/hu\\\/#website\",\"url\":\"https:\\\/\\\/magnetarmagnets.com\\\/hu\\\/\",\"name\":\"Magnet fishing with a Magnetar fishing magnet\",\"description\":\"Er\u0151s m\u00e1gnesek m\u00e1gneshorg\u00e1szathoz\",\"publisher\":{\"@id\":\"https:\\\/\\\/magnetarmagnets.com\\\/hu\\\/#organization\"},\"potentialAction\":[{\"@type\":\"SearchAction\",\"target\":{\"@type\":\"EntryPoint\",\"urlTemplate\":\"https:\\\/\\\/magnetarmagnets.com\\\/hu\\\/?s={search_term_string}\"},\"query-input\":{\"@type\":\"PropertyValueSpecification\",\"valueRequired\":true,\"valueName\":\"search_term_string\"}}],\"inLanguage\":\"hu\"},{\"@type\":\"Organization\",\"@id\":\"https:\\\/\\\/magnetarmagnets.com\\\/hu\\\/#organization\",\"name\":\"Magnetar\",\"url\":\"https:\\\/\\\/magnetarmagnets.com\\\/hu\\\/\",\"logo\":{\"@type\":\"ImageObject\",\"inLanguage\":\"hu\",\"@id\":\"https:\\\/\\\/magnetarmagnets.com\\\/hu\\\/#\\\/schema\\\/logo\\\/image\\\/\",\"url\":\"https:\\\/\\\/magnetarmagnets.com\\\/wp-content\\\/uploads\\\/2025\\\/05\\\/Logo-03_PNG-Black-scaled.png\",\"contentUrl\":\"https:\\\/\\\/magnetarmagnets.com\\\/wp-content\\\/uploads\\\/2025\\\/05\\\/Logo-03_PNG-Black-scaled.png\",\"width\":2560,\"height\":1658,\"caption\":\"Magnetar\"},\"image\":{\"@id\":\"https:\\\/\\\/magnetarmagnets.com\\\/hu\\\/#\\\/schema\\\/logo\\\/image\\\/\"},\"sameAs\":[\"https:\\\/\\\/www.facebook.com\\\/fishingmagnets\\\/\",\"https:\\\/\\\/www.instagram.com\\\/magnetar_magnets\\\/\",\"https:\\\/\\\/www.linkedin.com\\\/company\\\/magnetarbv\\\/?originalSubdomain=nl\",\"https:\\\/\\\/www.youtube.com\\\/c\\\/MagnetarVismagneet\"]}]}<\/script>\n<!-- \/ Yoast SEO plugin. -->","yoast_head_json":{"title":"M\u00e1gnes horg\u00e1sz szett gyerekeknek 360\u00b0 - 280 kg - Easy Allround -","description":"M\u00e1gnes horg\u00e1szat gyerekeknek? Ez az \u00e1lom val\u00f3ra v\u00e1lik a Magnetar Easy csomaggal. Ez a komplett k\u00e9szlet mindent tartalmaz, amire sz\u00fcks\u00e9ged van.","robots":{"index":"index","follow":"follow","max-snippet":"max-snippet:-1","max-image-preview":"max-image-preview:large","max-video-preview":"max-video-preview:-1"},"canonical":"https:\/\/magnetarmagnets.com\/hu\/shop\/magnes-horgasz-szett-gyerekeknek-360-280-kg-easy-allround\/","og_locale":"hu_HU","og_type":"article","og_title":"M\u00e1gnes horg\u00e1sz szett gyerekeknek 360\u00b0 - 280 kg - Easy Allround -","og_description":"M\u00e1gnes horg\u00e1szat gyerekeknek? Ez az \u00e1lom val\u00f3ra v\u00e1lik a Magnetar Easy csomaggal. Ez a komplett k\u00e9szlet mindent tartalmaz, amire sz\u00fcks\u00e9ged van.","og_url":"https:\/\/magnetarmagnets.com\/hu\/shop\/magnes-horgasz-szett-gyerekeknek-360-280-kg-easy-allround\/","og_site_name":"Magnet fishing with a Magnetar fishing magnet","article_publisher":"https:\/\/www.facebook.com\/fishingmagnets\/","article_modified_time":"2026-04-08T20:19:45+00:00","og_image":[{"width":1000,"height":1000,"url":"https:\/\/magnetarmagnets.com\/wp-content\/uploads\/2025\/06\/easy-360-magnetar-pakket.png","type":"image\/png"}],"twitter_card":"summary_large_image","twitter_misc":{"Becs\u00fclt olvas\u00e1si id\u0151":"5 perc"},"schema":{"@context":"https:\/\/schema.org","@graph":[{"@type":["WebPage","ItemPage"],"@id":"https:\/\/magnetarmagnets.com\/hu\/shop\/magnes-horgasz-szett-gyerekeknek-360-280-kg-easy-allround\/","url":"https:\/\/magnetarmagnets.com\/hu\/shop\/magnes-horgasz-szett-gyerekeknek-360-280-kg-easy-allround\/","name":"M\u00e1gnes horg\u00e1sz szett gyerekeknek 360\u00b0 - 280 kg - Easy Allround -","isPartOf":{"@id":"https:\/\/magnetarmagnets.com\/hu\/#website"},"primaryImageOfPage":{"@id":"https:\/\/magnetarmagnets.com\/hu\/shop\/magnes-horgasz-szett-gyerekeknek-360-280-kg-easy-allround\/#primaryimage"},"image":{"@id":"https:\/\/magnetarmagnets.com\/hu\/shop\/magnes-horgasz-szett-gyerekeknek-360-280-kg-easy-allround\/#primaryimage"},"thumbnailUrl":"https:\/\/magnetarmagnets.com\/wp-content\/uploads\/2025\/06\/easy-360-magnetar-pakket.png","datePublished":"2025-06-05T07:53:47+00:00","dateModified":"2026-04-08T20:19:45+00:00","description":"M\u00e1gnes horg\u00e1szat gyerekeknek? Ez az \u00e1lom val\u00f3ra v\u00e1lik a Magnetar Easy csomaggal. Ez a komplett k\u00e9szlet mindent tartalmaz, amire sz\u00fcks\u00e9ged van.","breadcrumb":{"@id":"https:\/\/magnetarmagnets.com\/hu\/shop\/magnes-horgasz-szett-gyerekeknek-360-280-kg-easy-allround\/#breadcrumb"},"inLanguage":"hu","potentialAction":[{"@type":"ReadAction","target":["https:\/\/magnetarmagnets.com\/hu\/shop\/magnes-horgasz-szett-gyerekeknek-360-280-kg-easy-allround\/"]}]},{"@type":"ImageObject","inLanguage":"hu","@id":"https:\/\/magnetarmagnets.com\/hu\/shop\/magnes-horgasz-szett-gyerekeknek-360-280-kg-easy-allround\/#primaryimage","url":"https:\/\/magnetarmagnets.com\/wp-content\/uploads\/2025\/06\/easy-360-magnetar-pakket.png","contentUrl":"https:\/\/magnetarmagnets.com\/wp-content\/uploads\/2025\/06\/easy-360-magnetar-pakket.png","width":1000,"height":1000},{"@type":"BreadcrumbList","@id":"https:\/\/magnetarmagnets.com\/hu\/shop\/magnes-horgasz-szett-gyerekeknek-360-280-kg-easy-allround\/#breadcrumb","itemListElement":[{"@type":"ListItem","position":1,"name":"Home","item":"https:\/\/magnetarmagnets.com\/hu\/"},{"@type":"ListItem","position":2,"name":"Webshop","item":"https:\/\/magnetarmagnets.com\/webshop\/"},{"@type":"ListItem","position":3,"name":"\u00d6sszes term\u00e9k","item":"https:\/\/magnetarmagnets.com\/hu\/collections\/osszes-termek\/"},{"@type":"ListItem","position":4,"name":"M\u00e1gnes horg\u00e1sz szett gyerekeknek 360\u00b0 &#8211; 280 kg &#8211; Easy Allround"}]},{"@type":"WebSite","@id":"https:\/\/magnetarmagnets.com\/hu\/#website","url":"https:\/\/magnetarmagnets.com\/hu\/","name":"Magnet fishing with a Magnetar fishing magnet","description":"Er\u0151s m\u00e1gnesek m\u00e1gneshorg\u00e1szathoz","publisher":{"@id":"https:\/\/magnetarmagnets.com\/hu\/#organization"},"potentialAction":[{"@type":"SearchAction","target":{"@type":"EntryPoint","urlTemplate":"https:\/\/magnetarmagnets.com\/hu\/?s={search_term_string}"},"query-input":{"@type":"PropertyValueSpecification","valueRequired":true,"valueName":"search_term_string"}}],"inLanguage":"hu"},{"@type":"Organization","@id":"https:\/\/magnetarmagnets.com\/hu\/#organization","name":"Magnetar","url":"https:\/\/magnetarmagnets.com\/hu\/","logo":{"@type":"ImageObject","inLanguage":"hu","@id":"https:\/\/magnetarmagnets.com\/hu\/#\/schema\/logo\/image\/","url":"https:\/\/magnetarmagnets.com\/wp-content\/uploads\/2025\/05\/Logo-03_PNG-Black-scaled.png","contentUrl":"https:\/\/magnetarmagnets.com\/wp-content\/uploads\/2025\/05\/Logo-03_PNG-Black-scaled.png","width":2560,"height":1658,"caption":"Magnetar"},"image":{"@id":"https:\/\/magnetarmagnets.com\/hu\/#\/schema\/logo\/image\/"},"sameAs":["https:\/\/www.facebook.com\/fishingmagnets\/","https:\/\/www.instagram.com\/magnetar_magnets\/","https:\/\/www.linkedin.com\/company\/magnetarbv\/?originalSubdomain=nl","https:\/\/www.youtube.com\/c\/MagnetarVismagneet"]}]}},"_links":{"self":[{"href":"https:\/\/magnetarmagnets.com\/hu\/wp-json\/wp\/v2\/product\/82612","targetHints":{"allow":["GET"]}}],"collection":[{"href":"https:\/\/magnetarmagnets.com\/hu\/wp-json\/wp\/v2\/product"}],"about":[{"href":"https:\/\/magnetarmagnets.com\/hu\/wp-json\/wp\/v2\/types\/product"}],"replies":[{"embeddable":true,"href":"https:\/\/magnetarmagnets.com\/hu\/wp-json\/wp\/v2\/comments?post=82612"}],"version-history":[{"count":0,"href":"https:\/\/magnetarmagnets.com\/hu\/wp-json\/wp\/v2\/product\/82612\/revisions"}],"wp:featuredmedia":[{"embeddable":true,"href":"https:\/\/magnetarmagnets.com\/hu\/wp-json\/wp\/v2\/media\/74898"}],"wp:attachment":[{"href":"https:\/\/magnetarmagnets.com\/hu\/wp-json\/wp\/v2\/media?parent=82612"}],"wp:term":[{"taxonomy":"product_brand","embeddable":true,"href":"https:\/\/magnetarmagnets.com\/hu\/wp-json\/wp\/v2\/product_brand?post=82612"},{"taxonomy":"product_cat","embeddable":true,"href":"https:\/\/magnetarmagnets.com\/hu\/wp-json\/wp\/v2\/product_cat?post=82612"},{"taxonomy":"product_tag","embeddable":true,"href":"https:\/\/magnetarmagnets.com\/hu\/wp-json\/wp\/v2\/product_tag?post=82612"}],"curies":[{"name":"wp","href":"https:\/\/api.w.org\/{rel}","templated":true}]}}