{"id":82611,"date":"2025-06-05T09:53:48","date_gmt":"2025-06-05T07:53:48","guid":{"rendered":"https:\/\/magnetarmagnets.com\/?post_type=product&#038;p=82611"},"modified":"2026-04-03T06:22:58","modified_gmt":"2026-04-03T04:22:58","slug":"magneses-sepru","status":"publish","type":"product","link":"https:\/\/magnetarmagnets.com\/hu\/shop\/magneses-sepru\/","title":{"rendered":"M\u00e1gneses sepr\u0171"},"content":{"rendered":"<h2>M\u00e1gnes kerekeken<\/h2>\r\nEz a kerekes m\u00e1gnes elengedhetetlen minden m\u0171helyben! Egyszer\u0171en felveheted a csavarokat, any\u00e1kat \u00e9s szegeket an\u00e9lk\u00fcl, hogy meger\u0151ltetn\u00e9d a h\u00e1tad. Pillanatok alatt elt\u00e1vol\u00edtja a vas- \u00e9s egy\u00e9b f\u00e9mdarabokat a munkater\u00fcletedr\u0151l, a j\u00e1rd\u00e1r\u00f3l, a f\u0171r\u0151l \u00e9s a parkol\u00f3b\u00f3l.\r\n\r\nA praktikus kerekes m\u00e1gneses sepr\u0171 be\u00e9p\u00edtett \u00e1lland\u00f3m\u00e1gnessel van felszerelve. \u00cdgy azonnal elkezdheted a m\u00e1gneses t\u00e1rgyak felszed\u00e9s\u00e9t. A sepr\u0171 kerekei \u00e9s a kih\u00fazhat\u00f3 nyele a lehet\u0151 legk\u00edm\u00e9letesebb s\u00f6pr\u00e9s \u00e9lm\u00e9ny\u00e9t biztos\u00edtj\u00e1k.\r\n<h2>M\u00e1gneses sepr\u0171 minden m\u0171helybe<\/h2>\r\nA m\u00e1gneses sepr\u0171 k\u00f6nnyed\u00e9n \u00f6sszegy\u0171jti a f\u00f6ldr\u0151l a szemetet, p\u00e9ld\u00e1ul csavarokat, szegeket, forg\u00e1csot, reszel\u00e9kdarabokat \u00e9s s\u00f6r\u00f6skupakokat, majd rozsdamentes ac\u00e9l tart\u00e1ly\u00e1ba tartja \u0151ket. Amikor v\u00e9gezt\u00e9l, a foganty\u00fa seg\u00edts\u00e9g\u00e9vel felemelheted a m\u00e1gnest, \u00edgy a sepr\u0171 mindent a k\u00edv\u00e1nt helyre ki\u00fcr\u00edt.\r\n<h2>M\u00e1gnes a bark\u00e1csol\u00f3knak<\/h2>\r\nA m\u00e1gneses sepr\u0171 ide\u00e1lis eszk\u00f6z m\u0171helyed, sportp\u00e1ly\u00e1d, rakt\u00e1rter\u00fcleteid \u00e9s parkol\u00f3id nemk\u00edv\u00e1natos m\u00e1gneses anyagokt\u00f3l val\u00f3 megtiszt\u00edt\u00e1s\u00e1hoz. Egy ilyen m\u00e1gnes minden bark\u00e1csol\u00f3nak n\u00e9lk\u00fcl\u00f6zhetetlen!\r\n\r\n<strong>Kerekes m\u00e1gnes sz\u00e9less\u00e9ge:<\/strong>\r\n\r\n<a href=\"https:\/\/magnetarmagnets.com\/?post_type=product&amp;p=52751&amp;preview=true\">45 cm \/ 18 inch<\/a>, <a href=\"https:\/\/magnetarmagnets.com\/shop\/magnet-on-wheels-short\/\">60 cm \/ 24 inch<\/a> vagy <a href=\"https:\/\/magnetarmagnets.com\/shop\/magnet-on-wheels-long\/\">90 cm \/ 36 inch<\/a>\r\n<h2>Tov\u00e1bbi m\u00e1gnesek bark\u00e1csol\u00f3knak<\/h2>\r\nN\u00e9zd meg <a href=\"https:\/\/magnetarmagnets.com\/shop\/magnetic-tool-holder\/\">M\u00e1gneses szersz\u00e1mtart\u00f3nkat<\/a>! Ezek a multifunkci\u00f3s akaszt\u00f3k praktikusak \u00e9s sokoldal\u00faak. Szinte b\u00e1rmihez haszn\u00e1lhatod \u0151ket: vasb\u00f3l k\u00e9sz\u00fclt szersz\u00e1mokat, kerti kell\u00e9keket, serpeny\u0151ket vagy szegeket is felakaszthatsz r\u00e1juk. A kamp\u00f3s m\u00e1gnesek 25 kg h\u00faz\u00f3er\u0151vel rendelkeznek! Ezek a neod\u00edmium m\u00e1gnesek N50-es m\u00e1gnesess\u00e9g\u0171ek, \u00edgy m\u00e9g er\u0151sebbek, mint kor\u00e1bban.","protected":false},"excerpt":{"rendered":"<p><span style=\"font-weight: 400;\">A m\u00e1gneses sepr\u0171 <strong>ide\u00e1lis eszk\u00f6z<\/strong> m\u0171helyed, sportp\u00e1ly\u00e1d, rakt\u00e1rter\u00fcleteid \u00e9s parkol\u00f3id <strong>megtiszt\u00edt\u00e1s\u00e1ra<\/strong> a nemk\u00edv\u00e1natos m\u00e1gneses anyagokt\u00f3l.<\/span><\/p>\n","protected":false},"featured_media":77684,"comment_status":"open","ping_status":"closed","template":"","meta":{"_acf_changed":false,"inline_featured_image":false},"product_brand":[],"product_cat":[540,544,536,544,540,536],"product_tag":[],"class_list":{"0":"post-82611","1":"product","2":"type-product","3":"status-publish","4":"has-post-thumbnail","6":"product_cat-magneses-kiegeszitok","7":"product_cat-egyeb","8":"product_cat-felszereles","13":"first","14":"instock","15":"taxable","16":"shipping-taxable","17":"purchasable","18":"product-type-variable"},"acf":[],"yoast_head":"<!-- This site is optimized with the Yoast SEO plugin v27.3 - https:\/\/yoast.com\/product\/yoast-seo-wordpress\/ -->\n<title>M\u00e1gneses sepr\u0171 - Magnet fishing with a Magnetar fishing magnet<\/title>\n<meta name=\"description\" content=\"M\u00e1gneses sepr\u0171 \u2013 a Magnetar n\u00e9lk\u00fcl\u00f6zhetetlen tiszt\u00edt\u00f3eszk\u00f6ze\" \/>\n<meta name=\"robots\" content=\"index, follow, max-snippet:-1, max-image-preview:large, max-video-preview:-1\" \/>\n<link rel=\"canonical\" href=\"https:\/\/magnetarmagnets.com\/hu\/shop\/magneses-sepru\/\" \/>\n<meta property=\"og:locale\" content=\"hu_HU\" \/>\n<meta property=\"og:type\" content=\"article\" \/>\n<meta property=\"og:title\" content=\"M\u00e1gneses sepr\u0171 - Magnet fishing with a Magnetar fishing magnet\" \/>\n<meta property=\"og:description\" content=\"M\u00e1gneses sepr\u0171 \u2013 a Magnetar n\u00e9lk\u00fcl\u00f6zhetetlen tiszt\u00edt\u00f3eszk\u00f6ze\" \/>\n<meta property=\"og:url\" content=\"https:\/\/magnetarmagnets.com\/hu\/shop\/magneses-sepru\/\" \/>\n<meta property=\"og:site_name\" content=\"Magnet fishing with a Magnetar fishing magnet\" \/>\n<meta property=\"article:publisher\" content=\"https:\/\/www.facebook.com\/fishingmagnets\/\" \/>\n<meta property=\"article:modified_time\" content=\"2026-04-03T04:22:58+00:00\" \/>\n<meta property=\"og:image\" content=\"https:\/\/magnetarmagnets.com\/wp-content\/uploads\/2020\/10\/FOTO3200.jpg\" \/>\n\t<meta property=\"og:image:width\" content=\"1000\" \/>\n\t<meta property=\"og:image:height\" content=\"1000\" \/>\n\t<meta property=\"og:image:type\" content=\"image\/jpeg\" \/>\n<meta name=\"twitter:card\" content=\"summary_large_image\" \/>\n<meta name=\"twitter:label1\" content=\"Becs\u00fclt olvas\u00e1si id\u0151\" \/>\n\t<meta name=\"twitter:data1\" content=\"2 perc\" \/>\n<script type=\"application\/ld+json\" class=\"yoast-schema-graph\">{\"@context\":\"https:\\\/\\\/schema.org\",\"@graph\":[{\"@type\":[\"WebPage\",\"ItemPage\"],\"@id\":\"https:\\\/\\\/magnetarmagnets.com\\\/hu\\\/shop\\\/magneses-sepru\\\/\",\"url\":\"https:\\\/\\\/magnetarmagnets.com\\\/hu\\\/shop\\\/magneses-sepru\\\/\",\"name\":\"M\u00e1gneses sepr\u0171 - Magnet fishing with a Magnetar fishing magnet\",\"isPartOf\":{\"@id\":\"https:\\\/\\\/magnetarmagnets.com\\\/hu\\\/#website\"},\"primaryImageOfPage\":{\"@id\":\"https:\\\/\\\/magnetarmagnets.com\\\/hu\\\/shop\\\/magneses-sepru\\\/#primaryimage\"},\"image\":{\"@id\":\"https:\\\/\\\/magnetarmagnets.com\\\/hu\\\/shop\\\/magneses-sepru\\\/#primaryimage\"},\"thumbnailUrl\":\"https:\\\/\\\/magnetarmagnets.com\\\/wp-content\\\/uploads\\\/2020\\\/10\\\/FOTO3200.jpg\",\"datePublished\":\"2025-06-05T07:53:48+00:00\",\"dateModified\":\"2026-04-03T04:22:58+00:00\",\"description\":\"M\u00e1gneses sepr\u0171 \u2013 a Magnetar n\u00e9lk\u00fcl\u00f6zhetetlen tiszt\u00edt\u00f3eszk\u00f6ze\",\"breadcrumb\":{\"@id\":\"https:\\\/\\\/magnetarmagnets.com\\\/hu\\\/shop\\\/magneses-sepru\\\/#breadcrumb\"},\"inLanguage\":\"hu\",\"potentialAction\":[{\"@type\":\"ReadAction\",\"target\":[\"https:\\\/\\\/magnetarmagnets.com\\\/hu\\\/shop\\\/magneses-sepru\\\/\"]}]},{\"@type\":\"ImageObject\",\"inLanguage\":\"hu\",\"@id\":\"https:\\\/\\\/magnetarmagnets.com\\\/hu\\\/shop\\\/magneses-sepru\\\/#primaryimage\",\"url\":\"https:\\\/\\\/magnetarmagnets.com\\\/wp-content\\\/uploads\\\/2020\\\/10\\\/FOTO3200.jpg\",\"contentUrl\":\"https:\\\/\\\/magnetarmagnets.com\\\/wp-content\\\/uploads\\\/2020\\\/10\\\/FOTO3200.jpg\",\"width\":1000,\"height\":1000,\"caption\":\"Magnet on wheels\"},{\"@type\":\"BreadcrumbList\",\"@id\":\"https:\\\/\\\/magnetarmagnets.com\\\/hu\\\/shop\\\/magneses-sepru\\\/#breadcrumb\",\"itemListElement\":[{\"@type\":\"ListItem\",\"position\":1,\"name\":\"Home\",\"item\":\"https:\\\/\\\/magnetarmagnets.com\\\/hu\\\/\"},{\"@type\":\"ListItem\",\"position\":2,\"name\":\"Webshop\",\"item\":\"https:\\\/\\\/magnetarmagnets.com\\\/webshop\\\/\"},{\"@type\":\"ListItem\",\"position\":3,\"name\":\"Egy\u00e9b\",\"item\":\"https:\\\/\\\/magnetarmagnets.com\\\/hu\\\/collections\\\/egyeb\\\/\"},{\"@type\":\"ListItem\",\"position\":4,\"name\":\"M\u00e1gneses sepr\u0171\"}]},{\"@type\":\"WebSite\",\"@id\":\"https:\\\/\\\/magnetarmagnets.com\\\/hu\\\/#website\",\"url\":\"https:\\\/\\\/magnetarmagnets.com\\\/hu\\\/\",\"name\":\"Magnet fishing with a Magnetar fishing magnet\",\"description\":\"Er\u0151s m\u00e1gnesek m\u00e1gneshorg\u00e1szathoz\",\"publisher\":{\"@id\":\"https:\\\/\\\/magnetarmagnets.com\\\/hu\\\/#organization\"},\"potentialAction\":[{\"@type\":\"SearchAction\",\"target\":{\"@type\":\"EntryPoint\",\"urlTemplate\":\"https:\\\/\\\/magnetarmagnets.com\\\/hu\\\/?s={search_term_string}\"},\"query-input\":{\"@type\":\"PropertyValueSpecification\",\"valueRequired\":true,\"valueName\":\"search_term_string\"}}],\"inLanguage\":\"hu\"},{\"@type\":\"Organization\",\"@id\":\"https:\\\/\\\/magnetarmagnets.com\\\/hu\\\/#organization\",\"name\":\"Magnetar\",\"url\":\"https:\\\/\\\/magnetarmagnets.com\\\/hu\\\/\",\"logo\":{\"@type\":\"ImageObject\",\"inLanguage\":\"hu\",\"@id\":\"https:\\\/\\\/magnetarmagnets.com\\\/hu\\\/#\\\/schema\\\/logo\\\/image\\\/\",\"url\":\"https:\\\/\\\/magnetarmagnets.com\\\/wp-content\\\/uploads\\\/2025\\\/05\\\/Logo-03_PNG-Black-scaled.png\",\"contentUrl\":\"https:\\\/\\\/magnetarmagnets.com\\\/wp-content\\\/uploads\\\/2025\\\/05\\\/Logo-03_PNG-Black-scaled.png\",\"width\":2560,\"height\":1658,\"caption\":\"Magnetar\"},\"image\":{\"@id\":\"https:\\\/\\\/magnetarmagnets.com\\\/hu\\\/#\\\/schema\\\/logo\\\/image\\\/\"},\"sameAs\":[\"https:\\\/\\\/www.facebook.com\\\/fishingmagnets\\\/\",\"https:\\\/\\\/www.instagram.com\\\/magnetar_magnets\\\/\",\"https:\\\/\\\/www.linkedin.com\\\/company\\\/magnetarbv\\\/?originalSubdomain=nl\",\"https:\\\/\\\/www.youtube.com\\\/c\\\/MagnetarVismagneet\"]}]}<\/script>\n<!-- \/ Yoast SEO plugin. -->","yoast_head_json":{"title":"M\u00e1gneses sepr\u0171 - Magnet fishing with a Magnetar fishing magnet","description":"M\u00e1gneses sepr\u0171 \u2013 a Magnetar n\u00e9lk\u00fcl\u00f6zhetetlen tiszt\u00edt\u00f3eszk\u00f6ze","robots":{"index":"index","follow":"follow","max-snippet":"max-snippet:-1","max-image-preview":"max-image-preview:large","max-video-preview":"max-video-preview:-1"},"canonical":"https:\/\/magnetarmagnets.com\/hu\/shop\/magneses-sepru\/","og_locale":"hu_HU","og_type":"article","og_title":"M\u00e1gneses sepr\u0171 - Magnet fishing with a Magnetar fishing magnet","og_description":"M\u00e1gneses sepr\u0171 \u2013 a Magnetar n\u00e9lk\u00fcl\u00f6zhetetlen tiszt\u00edt\u00f3eszk\u00f6ze","og_url":"https:\/\/magnetarmagnets.com\/hu\/shop\/magneses-sepru\/","og_site_name":"Magnet fishing with a Magnetar fishing magnet","article_publisher":"https:\/\/www.facebook.com\/fishingmagnets\/","article_modified_time":"2026-04-03T04:22:58+00:00","og_image":[{"width":1000,"height":1000,"url":"https:\/\/magnetarmagnets.com\/wp-content\/uploads\/2020\/10\/FOTO3200.jpg","type":"image\/jpeg"}],"twitter_card":"summary_large_image","twitter_misc":{"Becs\u00fclt olvas\u00e1si id\u0151":"2 perc"},"schema":{"@context":"https:\/\/schema.org","@graph":[{"@type":["WebPage","ItemPage"],"@id":"https:\/\/magnetarmagnets.com\/hu\/shop\/magneses-sepru\/","url":"https:\/\/magnetarmagnets.com\/hu\/shop\/magneses-sepru\/","name":"M\u00e1gneses sepr\u0171 - Magnet fishing with a Magnetar fishing magnet","isPartOf":{"@id":"https:\/\/magnetarmagnets.com\/hu\/#website"},"primaryImageOfPage":{"@id":"https:\/\/magnetarmagnets.com\/hu\/shop\/magneses-sepru\/#primaryimage"},"image":{"@id":"https:\/\/magnetarmagnets.com\/hu\/shop\/magneses-sepru\/#primaryimage"},"thumbnailUrl":"https:\/\/magnetarmagnets.com\/wp-content\/uploads\/2020\/10\/FOTO3200.jpg","datePublished":"2025-06-05T07:53:48+00:00","dateModified":"2026-04-03T04:22:58+00:00","description":"M\u00e1gneses sepr\u0171 \u2013 a Magnetar n\u00e9lk\u00fcl\u00f6zhetetlen tiszt\u00edt\u00f3eszk\u00f6ze","breadcrumb":{"@id":"https:\/\/magnetarmagnets.com\/hu\/shop\/magneses-sepru\/#breadcrumb"},"inLanguage":"hu","potentialAction":[{"@type":"ReadAction","target":["https:\/\/magnetarmagnets.com\/hu\/shop\/magneses-sepru\/"]}]},{"@type":"ImageObject","inLanguage":"hu","@id":"https:\/\/magnetarmagnets.com\/hu\/shop\/magneses-sepru\/#primaryimage","url":"https:\/\/magnetarmagnets.com\/wp-content\/uploads\/2020\/10\/FOTO3200.jpg","contentUrl":"https:\/\/magnetarmagnets.com\/wp-content\/uploads\/2020\/10\/FOTO3200.jpg","width":1000,"height":1000,"caption":"Magnet on wheels"},{"@type":"BreadcrumbList","@id":"https:\/\/magnetarmagnets.com\/hu\/shop\/magneses-sepru\/#breadcrumb","itemListElement":[{"@type":"ListItem","position":1,"name":"Home","item":"https:\/\/magnetarmagnets.com\/hu\/"},{"@type":"ListItem","position":2,"name":"Webshop","item":"https:\/\/magnetarmagnets.com\/webshop\/"},{"@type":"ListItem","position":3,"name":"Egy\u00e9b","item":"https:\/\/magnetarmagnets.com\/hu\/collections\/egyeb\/"},{"@type":"ListItem","position":4,"name":"M\u00e1gneses sepr\u0171"}]},{"@type":"WebSite","@id":"https:\/\/magnetarmagnets.com\/hu\/#website","url":"https:\/\/magnetarmagnets.com\/hu\/","name":"Magnet fishing with a Magnetar fishing magnet","description":"Er\u0151s m\u00e1gnesek m\u00e1gneshorg\u00e1szathoz","publisher":{"@id":"https:\/\/magnetarmagnets.com\/hu\/#organization"},"potentialAction":[{"@type":"SearchAction","target":{"@type":"EntryPoint","urlTemplate":"https:\/\/magnetarmagnets.com\/hu\/?s={search_term_string}"},"query-input":{"@type":"PropertyValueSpecification","valueRequired":true,"valueName":"search_term_string"}}],"inLanguage":"hu"},{"@type":"Organization","@id":"https:\/\/magnetarmagnets.com\/hu\/#organization","name":"Magnetar","url":"https:\/\/magnetarmagnets.com\/hu\/","logo":{"@type":"ImageObject","inLanguage":"hu","@id":"https:\/\/magnetarmagnets.com\/hu\/#\/schema\/logo\/image\/","url":"https:\/\/magnetarmagnets.com\/wp-content\/uploads\/2025\/05\/Logo-03_PNG-Black-scaled.png","contentUrl":"https:\/\/magnetarmagnets.com\/wp-content\/uploads\/2025\/05\/Logo-03_PNG-Black-scaled.png","width":2560,"height":1658,"caption":"Magnetar"},"image":{"@id":"https:\/\/magnetarmagnets.com\/hu\/#\/schema\/logo\/image\/"},"sameAs":["https:\/\/www.facebook.com\/fishingmagnets\/","https:\/\/www.instagram.com\/magnetar_magnets\/","https:\/\/www.linkedin.com\/company\/magnetarbv\/?originalSubdomain=nl","https:\/\/www.youtube.com\/c\/MagnetarVismagneet"]}]}},"_links":{"self":[{"href":"https:\/\/magnetarmagnets.com\/hu\/wp-json\/wp\/v2\/product\/82611","targetHints":{"allow":["GET"]}}],"collection":[{"href":"https:\/\/magnetarmagnets.com\/hu\/wp-json\/wp\/v2\/product"}],"about":[{"href":"https:\/\/magnetarmagnets.com\/hu\/wp-json\/wp\/v2\/types\/product"}],"replies":[{"embeddable":true,"href":"https:\/\/magnetarmagnets.com\/hu\/wp-json\/wp\/v2\/comments?post=82611"}],"version-history":[{"count":0,"href":"https:\/\/magnetarmagnets.com\/hu\/wp-json\/wp\/v2\/product\/82611\/revisions"}],"wp:featuredmedia":[{"embeddable":true,"href":"https:\/\/magnetarmagnets.com\/hu\/wp-json\/wp\/v2\/media\/77684"}],"wp:attachment":[{"href":"https:\/\/magnetarmagnets.com\/hu\/wp-json\/wp\/v2\/media?parent=82611"}],"wp:term":[{"taxonomy":"product_brand","embeddable":true,"href":"https:\/\/magnetarmagnets.com\/hu\/wp-json\/wp\/v2\/product_brand?post=82611"},{"taxonomy":"product_cat","embeddable":true,"href":"https:\/\/magnetarmagnets.com\/hu\/wp-json\/wp\/v2\/product_cat?post=82611"},{"taxonomy":"product_tag","embeddable":true,"href":"https:\/\/magnetarmagnets.com\/hu\/wp-json\/wp\/v2\/product_tag?post=82611"}],"curies":[{"name":"wp","href":"https:\/\/api.w.org\/{rel}","templated":true}]}}