{"id":82610,"date":"2025-06-05T09:53:48","date_gmt":"2025-06-05T07:53:48","guid":{"rendered":"https:\/\/magnetarmagnets.com\/?post_type=product&#038;p=82610"},"modified":"2026-04-03T19:28:26","modified_gmt":"2026-04-03T17:28:26","slug":"gyalog-magnesek-10-db","status":"publish","type":"product","link":"https:\/\/magnetarmagnets.com\/hu\/shop\/gyalog-magnesek-10-db\/","title":{"rendered":"Gyalog m\u00e1gnesek \u2013 10 db"},"content":{"rendered":"<strong>Magnetar N50 gyalogm\u00e1gnesek \u2013 Er\u0151sek \u00e9s kompaktak<\/strong>\n\nA Magnetar N50 gyalogm\u00e1gnesek a kateg\u00f3ria egyik leger\u0151sebb tagjai. Ezek a kis m\u00e9ret\u0171, \u00e1m rendk\u00edv\u00fcl er\u0151s m\u00e1gnesek t\u00f6k\u00e9letesek nehezebb dokumentumok, rajzok vagy jegyzetek felakaszt\u00e1s\u00e1hoz. Er\u0151s h\u00faz\u00f3er\u0151vel ak\u00e1r 16 darab A4-es lapot (80 g\/m\u00b2) is megtartanak 5 mm vastag ac\u00e9lfel\u00fcleten. Feh\u00e9r t\u00e1bl\u00e1kon, h\u0171t\u0151szekr\u00e9nyeken vagy f\u00e9m munkalapokon egyar\u00e1nt ide\u00e1lisak.\n\nA gyalog forma nemcsak st\u00edlusos megjelen\u00e9st k\u00f6lcs\u00f6n\u00f6z, hanem gyakorlati fog\u00e1st is biztos\u00edt, \u00edgy a m\u00e1gnes k\u00f6nnyen felhelyezhet\u0151 \u00e9s elt\u00e1vol\u00edthat\u00f3. A nikkelbevonat eleg\u00e1ns, magasf\u00e9ny\u0171 ez\u00fcst\u00f6s fel\u00fcletet ad, \u00e9s megv\u00e9di a m\u00e1gneseket a korr\u00f3zi\u00f3t\u00f3l, hossz\u00fa \u00e9lettartamot biztos\u00edtva.\n\n<strong>F\u0151bb jellemz\u0151k:<\/strong>\n\n<ul>\n  <li><strong>N50 m\u00e1gneses fokozat<\/strong>: Kiv\u00e9teles er\u0151 kompakt form\u00e1ban.<\/li>\n  <li><strong>Tart\u00f3s kialak\u00edt\u00e1s<\/strong>: Nikkelbevonatos, pr\u00e9mium megjelen\u00e9s \u00e9s v\u00e9delem.<\/li>\n  <li><strong>M\u00e9retek<\/strong>: 12 mm \u00e1tm\u00e9r\u0151, 16 mm magass\u00e1g \u2013 kicsi, de er\u0151s.<\/li>\n  <li><strong>Pontos kivitelez\u00e9s<\/strong>: +\/- 0,05 mm t\u0171r\u00e9s a prec\u00edz alkalmaz\u00e1sokhoz.<\/li>\n  <li><strong>10 darabos k\u00e9szlet<\/strong>: Praktikus, m\u0171anyag aj\u00e1nd\u00e9kdobozban.<\/li>\n<\/ul>\n\n<strong>Figyelem:<\/strong> 14 \u00e9v alatti gyermekek sz\u00e1m\u00e1ra nem alkalmas. A m\u00e1gnesek lenyel\u00e9se s\u00falyos s\u00e9r\u00fcl\u00e9st okozhat. Gyermekekt\u0151l t\u00e1vol tartand\u00f3.\n\nEzekkel az er\u0151s Magnetar gyalogm\u00e1gnesekkel st\u00edlus \u00e9s k\u00e9nyelem fel\u00e1ldoz\u00e1sa n\u00e9lk\u00fcl biztosan a hely\u00fck\u00f6n tarthat mindent.","protected":false},"excerpt":{"rendered":"<p><span style=\"font-weight: 400;\">Ezek a Magnetar m\u00e1gnesek <strong>neod\u00edmiumb\u00f3l<\/strong> k\u00e9sz\u00fclnek, amely az egyik <strong>leger\u0151sebb anyag<\/strong> a m\u00e1gnesek gy\u00e1rt\u00e1s\u00e1hoz, \u00edgy rendk\u00edv\u00fcl er\u0151sek a m\u00e9ret\u00fckh\u00f6z k\u00e9pest! A m\u00e1gnesek nikkelbevonatosak, \u00edgy <strong>csillognak<\/strong>. Kifejezetten praktikus m\u00e1gnesek nagy mennyis\u00e9g\u0171 pap\u00edr felakaszt\u00e1s\u00e1hoz.<\/span><\/p>\n","protected":false},"featured_media":77653,"comment_status":"open","ping_status":"closed","template":"","meta":{"_acf_changed":false,"inline_featured_image":false},"product_brand":[],"product_cat":[567,563],"product_tag":[],"class_list":{"0":"post-82610","1":"product","2":"type-product","3":"status-publish","4":"has-post-thumbnail","6":"product_cat-magneticke-doplnky","7":"product_cat-vybaveni","9":"first","10":"instock","11":"taxable","12":"shipping-taxable","13":"purchasable","14":"product-type-simple"},"acf":[],"yoast_head":"<!-- This site is optimized with the Yoast SEO plugin v27.3 - https:\/\/yoast.com\/product\/yoast-seo-wordpress\/ -->\n<title>Gyalog m\u00e1gnesek \u2013 10 db - Magnet fishing with a Magnetar fishing magnet<\/title>\n<meta name=\"description\" content=\"Gyalog m\u00e1gnesek \u2013 10 db Ezekkel a Magnetar gyalogm\u00e1gnesekkel biztosan a hely\u00fck\u00f6n tarthat mindent an\u00e9lk\u00fcl, hogy fel\u00e1ldozn\u00e1 a st\u00edlust vagy a k\u00e9nyelmet.\" \/>\n<meta name=\"robots\" content=\"index, follow, max-snippet:-1, max-image-preview:large, max-video-preview:-1\" \/>\n<link rel=\"canonical\" href=\"https:\/\/magnetarmagnets.com\/hu\/shop\/gyalog-magnesek-10-db\/\" \/>\n<meta property=\"og:locale\" content=\"hu_HU\" \/>\n<meta property=\"og:type\" content=\"article\" \/>\n<meta property=\"og:title\" content=\"Gyalog m\u00e1gnesek \u2013 10 db - Magnet fishing with a Magnetar fishing magnet\" \/>\n<meta property=\"og:description\" content=\"Gyalog m\u00e1gnesek \u2013 10 db Ezekkel a Magnetar gyalogm\u00e1gnesekkel biztosan a hely\u00fck\u00f6n tarthat mindent an\u00e9lk\u00fcl, hogy fel\u00e1ldozn\u00e1 a st\u00edlust vagy a k\u00e9nyelmet.\" \/>\n<meta property=\"og:url\" content=\"https:\/\/magnetarmagnets.com\/hu\/shop\/gyalog-magnesek-10-db\/\" \/>\n<meta property=\"og:site_name\" content=\"Magnet fishing with a Magnetar fishing magnet\" \/>\n<meta property=\"article:publisher\" content=\"https:\/\/www.facebook.com\/fishingmagnets\/\" \/>\n<meta property=\"article:modified_time\" content=\"2026-04-03T17:28:26+00:00\" \/>\n<meta property=\"og:image\" content=\"https:\/\/magnetarmagnets.com\/wp-content\/uploads\/2020\/10\/Pion-magneet.jpg\" \/>\n\t<meta property=\"og:image:width\" content=\"1000\" \/>\n\t<meta property=\"og:image:height\" content=\"1000\" \/>\n\t<meta property=\"og:image:type\" content=\"image\/jpeg\" \/>\n<meta name=\"twitter:card\" content=\"summary_large_image\" \/>\n<meta name=\"twitter:label1\" content=\"Becs\u00fclt olvas\u00e1si id\u0151\" \/>\n\t<meta name=\"twitter:data1\" content=\"2 perc\" \/>\n<script type=\"application\/ld+json\" class=\"yoast-schema-graph\">{\"@context\":\"https:\\\/\\\/schema.org\",\"@graph\":[{\"@type\":[\"WebPage\",\"ItemPage\"],\"@id\":\"https:\\\/\\\/magnetarmagnets.com\\\/hu\\\/shop\\\/gyalog-magnesek-10-db\\\/\",\"url\":\"https:\\\/\\\/magnetarmagnets.com\\\/hu\\\/shop\\\/gyalog-magnesek-10-db\\\/\",\"name\":\"Gyalog m\u00e1gnesek \u2013 10 db - Magnet fishing with a Magnetar fishing magnet\",\"isPartOf\":{\"@id\":\"https:\\\/\\\/magnetarmagnets.com\\\/hu\\\/#website\"},\"primaryImageOfPage\":{\"@id\":\"https:\\\/\\\/magnetarmagnets.com\\\/hu\\\/shop\\\/gyalog-magnesek-10-db\\\/#primaryimage\"},\"image\":{\"@id\":\"https:\\\/\\\/magnetarmagnets.com\\\/hu\\\/shop\\\/gyalog-magnesek-10-db\\\/#primaryimage\"},\"thumbnailUrl\":\"https:\\\/\\\/magnetarmagnets.com\\\/wp-content\\\/uploads\\\/2020\\\/10\\\/Pion-magneet.jpg\",\"datePublished\":\"2025-06-05T07:53:48+00:00\",\"dateModified\":\"2026-04-03T17:28:26+00:00\",\"description\":\"Gyalog m\u00e1gnesek \u2013 10 db Ezekkel a Magnetar gyalogm\u00e1gnesekkel biztosan a hely\u00fck\u00f6n tarthat mindent an\u00e9lk\u00fcl, hogy fel\u00e1ldozn\u00e1 a st\u00edlust vagy a k\u00e9nyelmet.\",\"breadcrumb\":{\"@id\":\"https:\\\/\\\/magnetarmagnets.com\\\/hu\\\/shop\\\/gyalog-magnesek-10-db\\\/#breadcrumb\"},\"inLanguage\":\"hu\",\"potentialAction\":[{\"@type\":\"ReadAction\",\"target\":[\"https:\\\/\\\/magnetarmagnets.com\\\/hu\\\/shop\\\/gyalog-magnesek-10-db\\\/\"]}]},{\"@type\":\"ImageObject\",\"inLanguage\":\"hu\",\"@id\":\"https:\\\/\\\/magnetarmagnets.com\\\/hu\\\/shop\\\/gyalog-magnesek-10-db\\\/#primaryimage\",\"url\":\"https:\\\/\\\/magnetarmagnets.com\\\/wp-content\\\/uploads\\\/2020\\\/10\\\/Pion-magneet.jpg\",\"contentUrl\":\"https:\\\/\\\/magnetarmagnets.com\\\/wp-content\\\/uploads\\\/2020\\\/10\\\/Pion-magneet.jpg\",\"width\":1000,\"height\":1000,\"caption\":\"Pawn magnet\"},{\"@type\":\"BreadcrumbList\",\"@id\":\"https:\\\/\\\/magnetarmagnets.com\\\/hu\\\/shop\\\/gyalog-magnesek-10-db\\\/#breadcrumb\",\"itemListElement\":[{\"@type\":\"ListItem\",\"position\":1,\"name\":\"Home\",\"item\":\"https:\\\/\\\/magnetarmagnets.com\\\/hu\\\/\"},{\"@type\":\"ListItem\",\"position\":2,\"name\":\"Webshop\",\"item\":\"https:\\\/\\\/magnetarmagnets.com\\\/webshop\\\/\"},{\"@type\":\"ListItem\",\"position\":3,\"name\":\"Felszerel\u00e9s\",\"item\":\"https:\\\/\\\/magnetarmagnets.com\\\/hu\\\/collections\\\/felszereles\\\/\"},{\"@type\":\"ListItem\",\"position\":4,\"name\":\"M\u00e1gneses kieg\u00e9sz\u00edt\u0151k\",\"item\":\"https:\\\/\\\/magnetarmagnets.com\\\/hu\\\/collections\\\/felszereles\\\/magneses-kiegeszitok\\\/\"},{\"@type\":\"ListItem\",\"position\":5,\"name\":\"Gyalog m\u00e1gnesek \u2013 10 db\"}]},{\"@type\":\"WebSite\",\"@id\":\"https:\\\/\\\/magnetarmagnets.com\\\/hu\\\/#website\",\"url\":\"https:\\\/\\\/magnetarmagnets.com\\\/hu\\\/\",\"name\":\"Magnet fishing with a Magnetar fishing magnet\",\"description\":\"Er\u0151s m\u00e1gnesek m\u00e1gneshorg\u00e1szathoz\",\"publisher\":{\"@id\":\"https:\\\/\\\/magnetarmagnets.com\\\/hu\\\/#organization\"},\"potentialAction\":[{\"@type\":\"SearchAction\",\"target\":{\"@type\":\"EntryPoint\",\"urlTemplate\":\"https:\\\/\\\/magnetarmagnets.com\\\/hu\\\/?s={search_term_string}\"},\"query-input\":{\"@type\":\"PropertyValueSpecification\",\"valueRequired\":true,\"valueName\":\"search_term_string\"}}],\"inLanguage\":\"hu\"},{\"@type\":\"Organization\",\"@id\":\"https:\\\/\\\/magnetarmagnets.com\\\/hu\\\/#organization\",\"name\":\"Magnetar\",\"url\":\"https:\\\/\\\/magnetarmagnets.com\\\/hu\\\/\",\"logo\":{\"@type\":\"ImageObject\",\"inLanguage\":\"hu\",\"@id\":\"https:\\\/\\\/magnetarmagnets.com\\\/hu\\\/#\\\/schema\\\/logo\\\/image\\\/\",\"url\":\"https:\\\/\\\/magnetarmagnets.com\\\/wp-content\\\/uploads\\\/2025\\\/05\\\/Logo-03_PNG-Black-scaled.png\",\"contentUrl\":\"https:\\\/\\\/magnetarmagnets.com\\\/wp-content\\\/uploads\\\/2025\\\/05\\\/Logo-03_PNG-Black-scaled.png\",\"width\":2560,\"height\":1658,\"caption\":\"Magnetar\"},\"image\":{\"@id\":\"https:\\\/\\\/magnetarmagnets.com\\\/hu\\\/#\\\/schema\\\/logo\\\/image\\\/\"},\"sameAs\":[\"https:\\\/\\\/www.facebook.com\\\/fishingmagnets\\\/\",\"https:\\\/\\\/www.instagram.com\\\/magnetar_magnets\\\/\",\"https:\\\/\\\/www.linkedin.com\\\/company\\\/magnetarbv\\\/?originalSubdomain=nl\",\"https:\\\/\\\/www.youtube.com\\\/c\\\/MagnetarVismagneet\"]}]}<\/script>\n<!-- \/ Yoast SEO plugin. -->","yoast_head_json":{"title":"Gyalog m\u00e1gnesek \u2013 10 db - Magnet fishing with a Magnetar fishing magnet","description":"Gyalog m\u00e1gnesek \u2013 10 db Ezekkel a Magnetar gyalogm\u00e1gnesekkel biztosan a hely\u00fck\u00f6n tarthat mindent an\u00e9lk\u00fcl, hogy fel\u00e1ldozn\u00e1 a st\u00edlust vagy a k\u00e9nyelmet.","robots":{"index":"index","follow":"follow","max-snippet":"max-snippet:-1","max-image-preview":"max-image-preview:large","max-video-preview":"max-video-preview:-1"},"canonical":"https:\/\/magnetarmagnets.com\/hu\/shop\/gyalog-magnesek-10-db\/","og_locale":"hu_HU","og_type":"article","og_title":"Gyalog m\u00e1gnesek \u2013 10 db - Magnet fishing with a Magnetar fishing magnet","og_description":"Gyalog m\u00e1gnesek \u2013 10 db Ezekkel a Magnetar gyalogm\u00e1gnesekkel biztosan a hely\u00fck\u00f6n tarthat mindent an\u00e9lk\u00fcl, hogy fel\u00e1ldozn\u00e1 a st\u00edlust vagy a k\u00e9nyelmet.","og_url":"https:\/\/magnetarmagnets.com\/hu\/shop\/gyalog-magnesek-10-db\/","og_site_name":"Magnet fishing with a Magnetar fishing magnet","article_publisher":"https:\/\/www.facebook.com\/fishingmagnets\/","article_modified_time":"2026-04-03T17:28:26+00:00","og_image":[{"width":1000,"height":1000,"url":"https:\/\/magnetarmagnets.com\/wp-content\/uploads\/2020\/10\/Pion-magneet.jpg","type":"image\/jpeg"}],"twitter_card":"summary_large_image","twitter_misc":{"Becs\u00fclt olvas\u00e1si id\u0151":"2 perc"},"schema":{"@context":"https:\/\/schema.org","@graph":[{"@type":["WebPage","ItemPage"],"@id":"https:\/\/magnetarmagnets.com\/hu\/shop\/gyalog-magnesek-10-db\/","url":"https:\/\/magnetarmagnets.com\/hu\/shop\/gyalog-magnesek-10-db\/","name":"Gyalog m\u00e1gnesek \u2013 10 db - Magnet fishing with a Magnetar fishing magnet","isPartOf":{"@id":"https:\/\/magnetarmagnets.com\/hu\/#website"},"primaryImageOfPage":{"@id":"https:\/\/magnetarmagnets.com\/hu\/shop\/gyalog-magnesek-10-db\/#primaryimage"},"image":{"@id":"https:\/\/magnetarmagnets.com\/hu\/shop\/gyalog-magnesek-10-db\/#primaryimage"},"thumbnailUrl":"https:\/\/magnetarmagnets.com\/wp-content\/uploads\/2020\/10\/Pion-magneet.jpg","datePublished":"2025-06-05T07:53:48+00:00","dateModified":"2026-04-03T17:28:26+00:00","description":"Gyalog m\u00e1gnesek \u2013 10 db Ezekkel a Magnetar gyalogm\u00e1gnesekkel biztosan a hely\u00fck\u00f6n tarthat mindent an\u00e9lk\u00fcl, hogy fel\u00e1ldozn\u00e1 a st\u00edlust vagy a k\u00e9nyelmet.","breadcrumb":{"@id":"https:\/\/magnetarmagnets.com\/hu\/shop\/gyalog-magnesek-10-db\/#breadcrumb"},"inLanguage":"hu","potentialAction":[{"@type":"ReadAction","target":["https:\/\/magnetarmagnets.com\/hu\/shop\/gyalog-magnesek-10-db\/"]}]},{"@type":"ImageObject","inLanguage":"hu","@id":"https:\/\/magnetarmagnets.com\/hu\/shop\/gyalog-magnesek-10-db\/#primaryimage","url":"https:\/\/magnetarmagnets.com\/wp-content\/uploads\/2020\/10\/Pion-magneet.jpg","contentUrl":"https:\/\/magnetarmagnets.com\/wp-content\/uploads\/2020\/10\/Pion-magneet.jpg","width":1000,"height":1000,"caption":"Pawn magnet"},{"@type":"BreadcrumbList","@id":"https:\/\/magnetarmagnets.com\/hu\/shop\/gyalog-magnesek-10-db\/#breadcrumb","itemListElement":[{"@type":"ListItem","position":1,"name":"Home","item":"https:\/\/magnetarmagnets.com\/hu\/"},{"@type":"ListItem","position":2,"name":"Webshop","item":"https:\/\/magnetarmagnets.com\/webshop\/"},{"@type":"ListItem","position":3,"name":"Felszerel\u00e9s","item":"https:\/\/magnetarmagnets.com\/hu\/collections\/felszereles\/"},{"@type":"ListItem","position":4,"name":"M\u00e1gneses kieg\u00e9sz\u00edt\u0151k","item":"https:\/\/magnetarmagnets.com\/hu\/collections\/felszereles\/magneses-kiegeszitok\/"},{"@type":"ListItem","position":5,"name":"Gyalog m\u00e1gnesek \u2013 10 db"}]},{"@type":"WebSite","@id":"https:\/\/magnetarmagnets.com\/hu\/#website","url":"https:\/\/magnetarmagnets.com\/hu\/","name":"Magnet fishing with a Magnetar fishing magnet","description":"Er\u0151s m\u00e1gnesek m\u00e1gneshorg\u00e1szathoz","publisher":{"@id":"https:\/\/magnetarmagnets.com\/hu\/#organization"},"potentialAction":[{"@type":"SearchAction","target":{"@type":"EntryPoint","urlTemplate":"https:\/\/magnetarmagnets.com\/hu\/?s={search_term_string}"},"query-input":{"@type":"PropertyValueSpecification","valueRequired":true,"valueName":"search_term_string"}}],"inLanguage":"hu"},{"@type":"Organization","@id":"https:\/\/magnetarmagnets.com\/hu\/#organization","name":"Magnetar","url":"https:\/\/magnetarmagnets.com\/hu\/","logo":{"@type":"ImageObject","inLanguage":"hu","@id":"https:\/\/magnetarmagnets.com\/hu\/#\/schema\/logo\/image\/","url":"https:\/\/magnetarmagnets.com\/wp-content\/uploads\/2025\/05\/Logo-03_PNG-Black-scaled.png","contentUrl":"https:\/\/magnetarmagnets.com\/wp-content\/uploads\/2025\/05\/Logo-03_PNG-Black-scaled.png","width":2560,"height":1658,"caption":"Magnetar"},"image":{"@id":"https:\/\/magnetarmagnets.com\/hu\/#\/schema\/logo\/image\/"},"sameAs":["https:\/\/www.facebook.com\/fishingmagnets\/","https:\/\/www.instagram.com\/magnetar_magnets\/","https:\/\/www.linkedin.com\/company\/magnetarbv\/?originalSubdomain=nl","https:\/\/www.youtube.com\/c\/MagnetarVismagneet"]}]}},"_links":{"self":[{"href":"https:\/\/magnetarmagnets.com\/hu\/wp-json\/wp\/v2\/product\/82610","targetHints":{"allow":["GET"]}}],"collection":[{"href":"https:\/\/magnetarmagnets.com\/hu\/wp-json\/wp\/v2\/product"}],"about":[{"href":"https:\/\/magnetarmagnets.com\/hu\/wp-json\/wp\/v2\/types\/product"}],"replies":[{"embeddable":true,"href":"https:\/\/magnetarmagnets.com\/hu\/wp-json\/wp\/v2\/comments?post=82610"}],"version-history":[{"count":0,"href":"https:\/\/magnetarmagnets.com\/hu\/wp-json\/wp\/v2\/product\/82610\/revisions"}],"wp:featuredmedia":[{"embeddable":true,"href":"https:\/\/magnetarmagnets.com\/hu\/wp-json\/wp\/v2\/media\/77653"}],"wp:attachment":[{"href":"https:\/\/magnetarmagnets.com\/hu\/wp-json\/wp\/v2\/media?parent=82610"}],"wp:term":[{"taxonomy":"product_brand","embeddable":true,"href":"https:\/\/magnetarmagnets.com\/hu\/wp-json\/wp\/v2\/product_brand?post=82610"},{"taxonomy":"product_cat","embeddable":true,"href":"https:\/\/magnetarmagnets.com\/hu\/wp-json\/wp\/v2\/product_cat?post=82610"},{"taxonomy":"product_tag","embeddable":true,"href":"https:\/\/magnetarmagnets.com\/hu\/wp-json\/wp\/v2\/product_tag?post=82610"}],"curies":[{"name":"wp","href":"https:\/\/api.w.org\/{rel}","templated":true}]}}