{"id":82609,"date":"2025-06-05T09:53:48","date_gmt":"2025-06-05T07:53:48","guid":{"rendered":"https:\/\/magnetarmagnets.com\/?post_type=product&#038;p=82609"},"modified":"2026-04-04T20:53:43","modified_gmt":"2026-04-04T18:53:43","slug":"magnes-horgaszat-matricaszett","status":"publish","type":"product","link":"https:\/\/magnetarmagnets.com\/hu\/shop\/magnes-horgaszat-matricaszett\/","title":{"rendered":"M\u00e1gnes horg\u00e1szat matricaszett"},"content":{"rendered":"<h2>Magnetar matricak\u00e9szlet<\/h2>\n\nEz a k\u00e9szlet k\u00e9t k\u00fcl\u00f6n\u00e1ll\u00f3 matricalapot tartalmaz, amelyeken egy m\u00e1gneshorg\u00e1sz \u00e9s a Magnetar log\u00f3 l\u00e1that\u00f3.\n\nEzek a matric\u00e1k v\u00e9d\u0151bevonattal vannak ell\u00e1tva, \u00edgy belt\u00e9ri \u00e9s k\u00fclt\u00e9ri haszn\u00e1latra egyar\u00e1nt alkalmasak. A k\u00e9t matrica v\u00edz\u00e1ll\u00f3, \u00e9s sokf\u00e9le s\u00edk, tiszta fel\u00fcleten alkalmazhat\u00f3.\n\n<strong>M\u0171szaki adatok:<\/strong>\n\n&#8211; 1 db Magnetar log\u00f3matrica 25cm x 16,5cm (extra nagy!)\n\n&#8211; 1 db Magnetar m\u00e1gneshorg\u00e1sz matrica 25cm x 12,5cm\n\n&#8211; Egyszer\u0171 felhelyez\u00e9s\n\n&#8211; Transzfer matrica\n\n&#8211; V\u00edz\u00e1ll\u00f3\n\n&#8211; Sz\u00edn: Feh\u00e9r\n\n<h2>Dobd fel a j\u00e1rm\u0171ved!<\/h2>\n\nTedd egyediv\u00e9 aut\u00f3dat, \u00e9s adj neki eredetis\u00e9get \u00e9s szem\u00e9lyis\u00e9get, hogy mindenki tudja, ki \u00fcl benne a Magnetar matric\u00e1iddal!\n\nEzek a matric\u00e1k remek\u00fcl haszn\u00e1lhat\u00f3k aut\u00f3d d\u00edsz\u00edt\u00e9s\u00e9re. P\u00e9ld\u00e1ul motorodon, robog\u00f3don vagy ut\u00e1nfut\u00f3don is alkalmazhatod. Aut\u00f3matric\u00e1ink minden id\u0151j\u00e1r\u00e1si k\u00f6r\u00fclm\u00e9nyt j\u00f3l viselnek, \u00e9s kiv\u00e1l\u00f3 min\u0151s\u00e9g\u0171ek.\n\n<h2>H\u00edvj fel figyelmet ablakmatric\u00e1ddal vagy kukamatric\u00e1ddal \u2026<\/h2>\n\nAz aut\u00f3 mellett sz\u00e1mos m\u00e1s sz\u00e9p helyen is j\u00f3l mutatnak ezek a Magnetar matric\u00e1k. Gondolj p\u00e9ld\u00e1ul h\u00e1zad, kerti szersz\u00e1mosod ablaka vagy ajtaja fel\u00fclet\u00e9re. Egy m\u00e1sik gyakori felhaszn\u00e1l\u00e1si ter\u00fclet a szemetesek \u00e9s kukaed\u00e9nyek. Ismerd fel gyorsan a saj\u00e1t kukaed\u00e9nyed egy sz\u00e9p hobbimatric\u00e1val: <a href=\"https:\/\/magnetarmagnets.com\/\" target=\"_blank\" rel=\"noopener\">m\u00e1gnes horg\u00e1szat<\/a>! Ezek az id\u0151j\u00e1r\u00e1s\u00e1ll\u00f3 matric\u00e1k k\u00f6nnyen felhelyezhet\u0151k minden s\u00edk fel\u00fcletre. Belt\u00e9rben ajt\u00f3kon vagy szekr\u00e9nyeken is j\u00f3l mutatnak p\u00e9ld\u00e1ul.\n\n<h2>Fel\u00fclet \u00e9s felhelyez\u00e9si tippek<\/h2>\n\n<ol>\n<li>Mindig v\u00e1lassz egyenletes, s\u00edk fel\u00fcletet;<\/li>\n<li>Tiszt\u00edtsd meg a fel\u00fcletet, hogy ne legyen rajta por vagy zs\u00edr;<\/li>\n<li>Sz\u00e1r\u00edtsd meg a fel\u00fcletet;<\/li>\n<li>Helyezd fel a matric\u00e1t a megtiszt\u00edtott fel\u00fcletre;<\/li>\n<li>Sim\u00edtsd r\u00e1 a matric\u00e1t er\u0151s kartonnal vagy bankk\u00e1rty\u00e1val;<\/li>\n<li>Ism\u00e9teld meg t\u00f6bbsz\u00f6r, \u00e9s ellen\u0151rizd, nincs-e l\u00e9gbubor\u00e9k, ha van, sim\u00edtsd ki;<\/li>\n<li>H\u00fazd le a matrica h\u00e1tlapj\u00e1t \u00e1tl\u00f3san bal fel\u00fclr\u0151l jobb alulra;<\/li>\n<li>Ezut\u00e1n \u00e9lvezd a v\u00e9geredm\u00e9nyt!<\/li>\n<\/ol>","protected":false},"excerpt":{"rendered":"<p>Ez a k\u00e9szlet <strong>k\u00e9t k\u00fcl\u00f6n\u00e1ll\u00f3 matricalapot<\/strong> tartalmaz. A Magnetar\u00ae halas log\u00f3 \u00e9s a m\u00e1gnes horg\u00e1sz mot\u00edvum jelzi mindenkinek, hogy val\u00f3di m\u00e1gneshorg\u00e1sz vagy! A <strong>remek kieg\u00e9sz\u00edt\u0151<\/strong> j\u00e1rm\u0171vedhez, h\u0171t\u0151t\u00e1sk\u00e1dhoz, otthonodhoz vagy munkahelyedhez, ez a Magnetar matrica vinil alapra UV-\u00e1ll\u00f3 tint\u00e1val nyomtatva k\u00e9sz\u00fclt a <strong>hosszan tart\u00f3 megjelen\u00e9s\u00e9rt<\/strong>. R\u00e1ad\u00e1sul a <strong>tart\u00f3s ragaszt\u00f3r\u00e9teg<\/strong> biztos\u00edtja, hogy a matrica a hely\u00e9n maradjon.<\/p>\n","protected":false},"featured_media":78085,"comment_status":"open","ping_status":"closed","template":"","meta":{"_acf_changed":false,"inline_featured_image":false},"product_brand":[],"product_cat":[536,538],"product_tag":[],"class_list":{"0":"post-82609","1":"product","2":"type-product","3":"status-publish","4":"has-post-thumbnail","6":"product_cat-felszereles","7":"product_cat-merchandise-hu","9":"first","10":"instock","11":"sale","12":"taxable","13":"shipping-taxable","14":"purchasable","15":"product-type-simple"},"acf":[],"yoast_head":"<!-- This site is optimized with the Yoast SEO plugin v27.3 - https:\/\/yoast.com\/product\/yoast-seo-wordpress\/ -->\n<title>M\u00e1gnes horg\u00e1szat matricaszett - Magnet fishing with a Magnetar fishing magnet<\/title>\n<meta name=\"description\" content=\"M\u00e1gnes horg\u00e1szat matricaszett \u2013 egyedi Magnetar matric\u00e1kkal\" \/>\n<meta name=\"robots\" content=\"index, follow, max-snippet:-1, max-image-preview:large, max-video-preview:-1\" \/>\n<link rel=\"canonical\" href=\"https:\/\/magnetarmagnets.com\/hu\/shop\/magnes-horgaszat-matricaszett\/\" \/>\n<meta property=\"og:locale\" content=\"hu_HU\" \/>\n<meta property=\"og:type\" content=\"article\" \/>\n<meta property=\"og:title\" content=\"M\u00e1gnes horg\u00e1szat matricaszett - Magnet fishing with a Magnetar fishing magnet\" \/>\n<meta property=\"og:description\" content=\"M\u00e1gnes horg\u00e1szat matricaszett \u2013 egyedi Magnetar matric\u00e1kkal\" \/>\n<meta property=\"og:url\" content=\"https:\/\/magnetarmagnets.com\/hu\/shop\/magnes-horgaszat-matricaszett\/\" \/>\n<meta property=\"og:site_name\" content=\"Magnet fishing with a Magnetar fishing magnet\" \/>\n<meta property=\"article:publisher\" content=\"https:\/\/www.facebook.com\/fishingmagnets\/\" \/>\n<meta property=\"article:modified_time\" content=\"2026-04-04T18:53:43+00:00\" \/>\n<meta property=\"og:image\" content=\"https:\/\/magnetarmagnets.com\/wp-content\/uploads\/2021\/04\/magnetar-car-sticker.jpg\" \/>\n\t<meta property=\"og:image:width\" content=\"1000\" \/>\n\t<meta property=\"og:image:height\" content=\"1000\" \/>\n\t<meta property=\"og:image:type\" content=\"image\/jpeg\" \/>\n<meta name=\"twitter:card\" content=\"summary_large_image\" \/>\n<meta name=\"twitter:label1\" content=\"Becs\u00fclt olvas\u00e1si id\u0151\" \/>\n\t<meta name=\"twitter:data1\" content=\"2 perc\" \/>\n<script type=\"application\/ld+json\" class=\"yoast-schema-graph\">{\"@context\":\"https:\\\/\\\/schema.org\",\"@graph\":[{\"@type\":[\"WebPage\",\"ItemPage\"],\"@id\":\"https:\\\/\\\/magnetarmagnets.com\\\/hu\\\/shop\\\/magnes-horgaszat-matricaszett\\\/\",\"url\":\"https:\\\/\\\/magnetarmagnets.com\\\/hu\\\/shop\\\/magnes-horgaszat-matricaszett\\\/\",\"name\":\"M\u00e1gnes horg\u00e1szat matricaszett - Magnet fishing with a Magnetar fishing magnet\",\"isPartOf\":{\"@id\":\"https:\\\/\\\/magnetarmagnets.com\\\/hu\\\/#website\"},\"primaryImageOfPage\":{\"@id\":\"https:\\\/\\\/magnetarmagnets.com\\\/hu\\\/shop\\\/magnes-horgaszat-matricaszett\\\/#primaryimage\"},\"image\":{\"@id\":\"https:\\\/\\\/magnetarmagnets.com\\\/hu\\\/shop\\\/magnes-horgaszat-matricaszett\\\/#primaryimage\"},\"thumbnailUrl\":\"https:\\\/\\\/magnetarmagnets.com\\\/wp-content\\\/uploads\\\/2021\\\/04\\\/magnetar-car-sticker.jpg\",\"datePublished\":\"2025-06-05T07:53:48+00:00\",\"dateModified\":\"2026-04-04T18:53:43+00:00\",\"description\":\"M\u00e1gnes horg\u00e1szat matricaszett \u2013 egyedi Magnetar matric\u00e1kkal\",\"breadcrumb\":{\"@id\":\"https:\\\/\\\/magnetarmagnets.com\\\/hu\\\/shop\\\/magnes-horgaszat-matricaszett\\\/#breadcrumb\"},\"inLanguage\":\"hu\",\"potentialAction\":[{\"@type\":\"ReadAction\",\"target\":[\"https:\\\/\\\/magnetarmagnets.com\\\/hu\\\/shop\\\/magnes-horgaszat-matricaszett\\\/\"]}]},{\"@type\":\"ImageObject\",\"inLanguage\":\"hu\",\"@id\":\"https:\\\/\\\/magnetarmagnets.com\\\/hu\\\/shop\\\/magnes-horgaszat-matricaszett\\\/#primaryimage\",\"url\":\"https:\\\/\\\/magnetarmagnets.com\\\/wp-content\\\/uploads\\\/2021\\\/04\\\/magnetar-car-sticker.jpg\",\"contentUrl\":\"https:\\\/\\\/magnetarmagnets.com\\\/wp-content\\\/uploads\\\/2021\\\/04\\\/magnetar-car-sticker.jpg\",\"width\":1000,\"height\":1000,\"caption\":\"magnetar car sticker\"},{\"@type\":\"BreadcrumbList\",\"@id\":\"https:\\\/\\\/magnetarmagnets.com\\\/hu\\\/shop\\\/magnes-horgaszat-matricaszett\\\/#breadcrumb\",\"itemListElement\":[{\"@type\":\"ListItem\",\"position\":1,\"name\":\"Home\",\"item\":\"https:\\\/\\\/magnetarmagnets.com\\\/hu\\\/\"},{\"@type\":\"ListItem\",\"position\":2,\"name\":\"Webshop\",\"item\":\"https:\\\/\\\/magnetarmagnets.com\\\/webshop\\\/\"},{\"@type\":\"ListItem\",\"position\":3,\"name\":\"All products\",\"item\":\"https:\\\/\\\/magnetarmagnets.com\\\/collections\\\/all-products\\\/\"},{\"@type\":\"ListItem\",\"position\":4,\"name\":\"M\u00e1gnes horg\u00e1szat matricaszett\"}]},{\"@type\":\"WebSite\",\"@id\":\"https:\\\/\\\/magnetarmagnets.com\\\/hu\\\/#website\",\"url\":\"https:\\\/\\\/magnetarmagnets.com\\\/hu\\\/\",\"name\":\"Magnet fishing with a Magnetar fishing magnet\",\"description\":\"Er\u0151s m\u00e1gnesek m\u00e1gneshorg\u00e1szathoz\",\"publisher\":{\"@id\":\"https:\\\/\\\/magnetarmagnets.com\\\/hu\\\/#organization\"},\"potentialAction\":[{\"@type\":\"SearchAction\",\"target\":{\"@type\":\"EntryPoint\",\"urlTemplate\":\"https:\\\/\\\/magnetarmagnets.com\\\/hu\\\/?s={search_term_string}\"},\"query-input\":{\"@type\":\"PropertyValueSpecification\",\"valueRequired\":true,\"valueName\":\"search_term_string\"}}],\"inLanguage\":\"hu\"},{\"@type\":\"Organization\",\"@id\":\"https:\\\/\\\/magnetarmagnets.com\\\/hu\\\/#organization\",\"name\":\"Magnetar\",\"url\":\"https:\\\/\\\/magnetarmagnets.com\\\/hu\\\/\",\"logo\":{\"@type\":\"ImageObject\",\"inLanguage\":\"hu\",\"@id\":\"https:\\\/\\\/magnetarmagnets.com\\\/hu\\\/#\\\/schema\\\/logo\\\/image\\\/\",\"url\":\"https:\\\/\\\/magnetarmagnets.com\\\/wp-content\\\/uploads\\\/2025\\\/05\\\/Logo-03_PNG-Black-scaled.png\",\"contentUrl\":\"https:\\\/\\\/magnetarmagnets.com\\\/wp-content\\\/uploads\\\/2025\\\/05\\\/Logo-03_PNG-Black-scaled.png\",\"width\":2560,\"height\":1658,\"caption\":\"Magnetar\"},\"image\":{\"@id\":\"https:\\\/\\\/magnetarmagnets.com\\\/hu\\\/#\\\/schema\\\/logo\\\/image\\\/\"},\"sameAs\":[\"https:\\\/\\\/www.facebook.com\\\/fishingmagnets\\\/\",\"https:\\\/\\\/www.instagram.com\\\/magnetar_magnets\\\/\",\"https:\\\/\\\/www.linkedin.com\\\/company\\\/magnetarbv\\\/?originalSubdomain=nl\",\"https:\\\/\\\/www.youtube.com\\\/c\\\/MagnetarVismagneet\"]}]}<\/script>\n<!-- \/ Yoast SEO plugin. -->","yoast_head_json":{"title":"M\u00e1gnes horg\u00e1szat matricaszett - Magnet fishing with a Magnetar fishing magnet","description":"M\u00e1gnes horg\u00e1szat matricaszett \u2013 egyedi Magnetar matric\u00e1kkal","robots":{"index":"index","follow":"follow","max-snippet":"max-snippet:-1","max-image-preview":"max-image-preview:large","max-video-preview":"max-video-preview:-1"},"canonical":"https:\/\/magnetarmagnets.com\/hu\/shop\/magnes-horgaszat-matricaszett\/","og_locale":"hu_HU","og_type":"article","og_title":"M\u00e1gnes horg\u00e1szat matricaszett - Magnet fishing with a Magnetar fishing magnet","og_description":"M\u00e1gnes horg\u00e1szat matricaszett \u2013 egyedi Magnetar matric\u00e1kkal","og_url":"https:\/\/magnetarmagnets.com\/hu\/shop\/magnes-horgaszat-matricaszett\/","og_site_name":"Magnet fishing with a Magnetar fishing magnet","article_publisher":"https:\/\/www.facebook.com\/fishingmagnets\/","article_modified_time":"2026-04-04T18:53:43+00:00","og_image":[{"width":1000,"height":1000,"url":"https:\/\/magnetarmagnets.com\/wp-content\/uploads\/2021\/04\/magnetar-car-sticker.jpg","type":"image\/jpeg"}],"twitter_card":"summary_large_image","twitter_misc":{"Becs\u00fclt olvas\u00e1si id\u0151":"2 perc"},"schema":{"@context":"https:\/\/schema.org","@graph":[{"@type":["WebPage","ItemPage"],"@id":"https:\/\/magnetarmagnets.com\/hu\/shop\/magnes-horgaszat-matricaszett\/","url":"https:\/\/magnetarmagnets.com\/hu\/shop\/magnes-horgaszat-matricaszett\/","name":"M\u00e1gnes horg\u00e1szat matricaszett - Magnet fishing with a Magnetar fishing magnet","isPartOf":{"@id":"https:\/\/magnetarmagnets.com\/hu\/#website"},"primaryImageOfPage":{"@id":"https:\/\/magnetarmagnets.com\/hu\/shop\/magnes-horgaszat-matricaszett\/#primaryimage"},"image":{"@id":"https:\/\/magnetarmagnets.com\/hu\/shop\/magnes-horgaszat-matricaszett\/#primaryimage"},"thumbnailUrl":"https:\/\/magnetarmagnets.com\/wp-content\/uploads\/2021\/04\/magnetar-car-sticker.jpg","datePublished":"2025-06-05T07:53:48+00:00","dateModified":"2026-04-04T18:53:43+00:00","description":"M\u00e1gnes horg\u00e1szat matricaszett \u2013 egyedi Magnetar matric\u00e1kkal","breadcrumb":{"@id":"https:\/\/magnetarmagnets.com\/hu\/shop\/magnes-horgaszat-matricaszett\/#breadcrumb"},"inLanguage":"hu","potentialAction":[{"@type":"ReadAction","target":["https:\/\/magnetarmagnets.com\/hu\/shop\/magnes-horgaszat-matricaszett\/"]}]},{"@type":"ImageObject","inLanguage":"hu","@id":"https:\/\/magnetarmagnets.com\/hu\/shop\/magnes-horgaszat-matricaszett\/#primaryimage","url":"https:\/\/magnetarmagnets.com\/wp-content\/uploads\/2021\/04\/magnetar-car-sticker.jpg","contentUrl":"https:\/\/magnetarmagnets.com\/wp-content\/uploads\/2021\/04\/magnetar-car-sticker.jpg","width":1000,"height":1000,"caption":"magnetar car sticker"},{"@type":"BreadcrumbList","@id":"https:\/\/magnetarmagnets.com\/hu\/shop\/magnes-horgaszat-matricaszett\/#breadcrumb","itemListElement":[{"@type":"ListItem","position":1,"name":"Home","item":"https:\/\/magnetarmagnets.com\/hu\/"},{"@type":"ListItem","position":2,"name":"Webshop","item":"https:\/\/magnetarmagnets.com\/webshop\/"},{"@type":"ListItem","position":3,"name":"All products","item":"https:\/\/magnetarmagnets.com\/collections\/all-products\/"},{"@type":"ListItem","position":4,"name":"M\u00e1gnes horg\u00e1szat matricaszett"}]},{"@type":"WebSite","@id":"https:\/\/magnetarmagnets.com\/hu\/#website","url":"https:\/\/magnetarmagnets.com\/hu\/","name":"Magnet fishing with a Magnetar fishing magnet","description":"Er\u0151s m\u00e1gnesek m\u00e1gneshorg\u00e1szathoz","publisher":{"@id":"https:\/\/magnetarmagnets.com\/hu\/#organization"},"potentialAction":[{"@type":"SearchAction","target":{"@type":"EntryPoint","urlTemplate":"https:\/\/magnetarmagnets.com\/hu\/?s={search_term_string}"},"query-input":{"@type":"PropertyValueSpecification","valueRequired":true,"valueName":"search_term_string"}}],"inLanguage":"hu"},{"@type":"Organization","@id":"https:\/\/magnetarmagnets.com\/hu\/#organization","name":"Magnetar","url":"https:\/\/magnetarmagnets.com\/hu\/","logo":{"@type":"ImageObject","inLanguage":"hu","@id":"https:\/\/magnetarmagnets.com\/hu\/#\/schema\/logo\/image\/","url":"https:\/\/magnetarmagnets.com\/wp-content\/uploads\/2025\/05\/Logo-03_PNG-Black-scaled.png","contentUrl":"https:\/\/magnetarmagnets.com\/wp-content\/uploads\/2025\/05\/Logo-03_PNG-Black-scaled.png","width":2560,"height":1658,"caption":"Magnetar"},"image":{"@id":"https:\/\/magnetarmagnets.com\/hu\/#\/schema\/logo\/image\/"},"sameAs":["https:\/\/www.facebook.com\/fishingmagnets\/","https:\/\/www.instagram.com\/magnetar_magnets\/","https:\/\/www.linkedin.com\/company\/magnetarbv\/?originalSubdomain=nl","https:\/\/www.youtube.com\/c\/MagnetarVismagneet"]}]}},"_links":{"self":[{"href":"https:\/\/magnetarmagnets.com\/hu\/wp-json\/wp\/v2\/product\/82609","targetHints":{"allow":["GET"]}}],"collection":[{"href":"https:\/\/magnetarmagnets.com\/hu\/wp-json\/wp\/v2\/product"}],"about":[{"href":"https:\/\/magnetarmagnets.com\/hu\/wp-json\/wp\/v2\/types\/product"}],"replies":[{"embeddable":true,"href":"https:\/\/magnetarmagnets.com\/hu\/wp-json\/wp\/v2\/comments?post=82609"}],"version-history":[{"count":0,"href":"https:\/\/magnetarmagnets.com\/hu\/wp-json\/wp\/v2\/product\/82609\/revisions"}],"wp:featuredmedia":[{"embeddable":true,"href":"https:\/\/magnetarmagnets.com\/hu\/wp-json\/wp\/v2\/media\/78085"}],"wp:attachment":[{"href":"https:\/\/magnetarmagnets.com\/hu\/wp-json\/wp\/v2\/media?parent=82609"}],"wp:term":[{"taxonomy":"product_brand","embeddable":true,"href":"https:\/\/magnetarmagnets.com\/hu\/wp-json\/wp\/v2\/product_brand?post=82609"},{"taxonomy":"product_cat","embeddable":true,"href":"https:\/\/magnetarmagnets.com\/hu\/wp-json\/wp\/v2\/product_cat?post=82609"},{"taxonomy":"product_tag","embeddable":true,"href":"https:\/\/magnetarmagnets.com\/hu\/wp-json\/wp\/v2\/product_tag?post=82609"}],"curies":[{"name":"wp","href":"https:\/\/api.w.org\/{rel}","templated":true}]}}