{"id":82603,"date":"2025-06-05T09:54:13","date_gmt":"2025-06-05T07:54:13","guid":{"rendered":"https:\/\/magnetarmagnets.com\/?post_type=product&#038;p=82603"},"modified":"2026-04-04T20:17:40","modified_gmt":"2026-04-04T18:17:40","slug":"bulldog-500-ketoldalas-horgasz-magnes-500-kg","status":"publish","type":"product","link":"https:\/\/magnetarmagnets.com\/hu\/shop\/bulldog-500-ketoldalas-horgasz-magnes-500-kg\/","title":{"rendered":"Bulldog 500 k\u00e9toldalas horg\u00e1sz m\u00e1gnes \u2013 500 kg"},"content":{"rendered":"<span style=\"font-weight: 400;\">A Magnetar <\/span>Bulldog 500<span style=\"font-weight: 400;\"> a Magnetar Bulldog 800 k\u00e9toldalas horg\u00e1sz m\u00e1gnes kisebb testv\u00e9re. Bulldog m\u00e1gnes\u00fcnk minden v\u00edz alatti t\u00e1rgyat vonz az \u00f6sszesen 500 kg h\u00faz\u00f3er\u0151nek k\u00f6sz\u00f6nhet\u0151en. A h\u00faz\u00f3er\u0151 k\u00e9t, oldalank\u00e9nt 250 kg (550 lb) m\u00e1gnesre oszlik, \u00edgy mindig 250 kg (550 lb) h\u00faz\u00f3er\u0151vel horg\u00e1szol minden oldalon. Ez a megn\u00f6velt m\u00e1gneses t\u00e9r n\u00f6veli az \u00e9rt\u00e9kes t\u00e1rgyak megtal\u00e1l\u00e1s\u00e1nak es\u00e9ly\u00e9t. A Bulldog k\u00e9toldalas h\u00faz\u00f3er\u0151vel \u00e9s v\u00e9d\u0151gy\u0171r\u0171s tokoz\u00e1ssal rendelkezik, amely meg\u00f3vja a m\u00e1gnest. Ha m\u00e9g er\u0151sebb, k\u00e9toldalas m\u00e1gnesre v\u00e1gysz, n\u00e9zd meg <\/span><a href=\"https:\/\/magnetarmagnets.com\/shop\/bulldog-800-double-sided\/\" target=\"_blank\" rel=\"noopener noreferrer\"><span style=\"font-weight: 400;\">Bulldog 800<\/span><\/a><span style=\"font-weight: 400;\"> modellt.<\/span>\n\n<h2><strong>A k\u00e9toldalas Bulldog 500<\/strong><\/h2>\n\n<span style=\"font-weight: 400;\">Bulldog m\u00e1gnes\u00fcnk minden v\u00edz alatti t\u00e1rgyat vonz az \u00f6sszesen 500 kg h\u00faz\u00f3er\u0151nek k\u00f6sz\u00f6nhet\u0151en. Ez a h\u00faz\u00f3er\u0151 k\u00e9t, oldalank\u00e9nt 250 kg-mal rendelkez\u0151 m\u00e1gnesre oszlik. Az \u00edg\u00e9rt 250 kg h\u00faz\u00f3er\u0151t csak t\u00f6k\u00e9letes k\u00f6r\u00fclm\u00e9nyek k\u00f6z\u00f6tt \u00e9rheted el (sim\u00edtott 2 cm vastag f\u00e9mfel\u00fclet, rozsdamentess\u00e9g \u00e9s szennyez\u0151d\u00e9smentes \u00e9rintkez\u00e9s). Ilyenkor f\u00fcgg\u0151legesen 250 kg-ot is kih\u00fazhatsz. <\/span>\n\n<span style=\"font-weight: 400;\">A k\u00fcl\u00f6nbs\u00e9g a <a href=\"https:\/\/magnetarmagnets.com\/double-sided-fishing-magnet\/\" target=\"_blank\" rel=\"noopener\">k\u00e9toldalas m\u00e1gnes<\/a> \u00e9s az egylapos m\u00e1gnesek k\u00f6z\u00f6tt, hogy k\u00e9tf\u00e9lek\u00e9ppen horg\u00e1szhatsz. A mell\u00e9kelt szemcsavarokat tetsz\u00e9s szerint r\u00f6gz\u00edtheted. Ha laposan, a v\u00edzben szeretn\u00e9d h\u00fazni (ami n\u00f6veli a megtal\u00e1l\u00e1si es\u00e9lyeket), az oldals\u00f3 r\u00f6gz\u00edt\u00e9st v\u00e1laszd. A k\u00e9toldalas kialak\u00edt\u00e1snak k\u00f6sz\u00f6nhet\u0151en mindig a lehets\u00e9ges kincsek fel\u00e9 fordul. <\/span>\n\n<span style=\"font-weight: 400;\">A v\u00edzszintes m\u00e1gneses horg\u00e1szat h\u00e1tr\u00e1nya, hogy ilyenkor kisebb h\u00faz\u00f3er\u0151 \u00e9rv\u00e9nyes\u00fcl. A leger\u0151sebb von\u00f3er\u0151t f\u00fcgg\u0151leges horg\u00e1szattal \u00e9red el. Ha extra h\u00faz\u00f3er\u0151re v\u00e1gysz, f\u00fcgg\u0151legesen r\u00f6gz\u00edtsd a szemcsavart a m\u00e1gnes felsz\u00edn\u00e9n. \u00cdgy m\u00e9g nehezebb t\u00e1rgyakat is ki tudsz h\u00fazni, ak\u00e1rcsak a mi <\/span><span style=\"font-weight: 400;\">klasszikus m\u00e1gnes\u00fcnkkel<\/span><span style=\"font-weight: 400;\">. A k\u00fcl\u00f6nb\u00f6z\u0151 haszn\u00e1lati m\u00f3dok multifunkcion\u00e1liss\u00e1 teszik ezt a m\u00e1gnest.<\/span>\n\n<span style=\"font-weight: 400;\">Ne feledd megn\u00e9zni <a href=\"https:\/\/magnetarmagnets.com\/accessories\/\" target=\"_blank\" rel=\"noopener\">m\u00e1gnes horg\u00e1szat kieg\u00e9sz\u00edt\u0151inket<\/a>, vagy v\u00e1laszd a <a href=\"https:\/\/magnetarmagnets.com\/magnet-fishing-kit\/\" target=\"_blank\" rel=\"noopener\">legjobb m\u00e1gnes horg\u00e1szat szettjeinket<\/a>.<\/span>","protected":false},"excerpt":{"rendered":"<p><span style=\"font-weight: 400;\">Dupla vonz\u00f3er\u0151: 2 x 250 kg h\u00faz\u00f3er\u0151. <strong>Megdupl\u00e1zza fog\u00e1si es\u00e9lyeidet<\/strong>!<\/span><\/p>\n","protected":false},"featured_media":80533,"comment_status":"open","ping_status":"closed","template":"","meta":{"_acf_changed":false,"inline_featured_image":false},"product_brand":[],"product_cat":[553,560,569,568],"product_tag":[],"class_list":{"0":"post-82603","1":"product","2":"type-product","3":"status-publish","4":"has-post-thumbnail","6":"product_cat-fishing-magnets-cs","7":"product_cat-oboustranne-fishing-magnety","8":"product_cat-pokrocili-dobrodruzi","9":"product_cat-zacatecnici-a-deti","11":"first","12":"instock","13":"taxable","14":"shipping-taxable","15":"purchasable","16":"product-type-simple"},"acf":[],"yoast_head":"<!-- This site is optimized with the Yoast SEO plugin v27.3 - https:\/\/yoast.com\/product\/yoast-seo-wordpress\/ -->\n<title>Magnetar k\u00e9toldalas Bulldog 400 m\u00e1gnes<\/title>\n<meta name=\"description\" content=\"A m\u00e1gneses h\u00faz\u00f3er\u0151 k\u00e9t, egyenk\u00e9nt 250 kg h\u00faz\u00f3er\u0151vel rendelkez\u0151 m\u00e1gnesre oszlik: \u00edgy mindig 250 kg h\u00faz\u00f3er\u0151vel horg\u00e1szol minden oldalon.\" \/>\n<meta name=\"robots\" content=\"index, follow, max-snippet:-1, max-image-preview:large, max-video-preview:-1\" \/>\n<link rel=\"canonical\" href=\"https:\/\/magnetarmagnets.com\/hu\/shop\/bulldog-500-ketoldalas-horgasz-magnes-500-kg\/\" \/>\n<meta property=\"og:locale\" content=\"hu_HU\" \/>\n<meta property=\"og:type\" content=\"article\" \/>\n<meta property=\"og:title\" content=\"Magnetar k\u00e9toldalas Bulldog 400 m\u00e1gnes\" \/>\n<meta property=\"og:description\" content=\"A m\u00e1gneses h\u00faz\u00f3er\u0151 k\u00e9t, egyenk\u00e9nt 250 kg h\u00faz\u00f3er\u0151vel rendelkez\u0151 m\u00e1gnesre oszlik: \u00edgy mindig 250 kg h\u00faz\u00f3er\u0151vel horg\u00e1szol minden oldalon.\" \/>\n<meta property=\"og:url\" content=\"https:\/\/magnetarmagnets.com\/hu\/shop\/bulldog-500-ketoldalas-horgasz-magnes-500-kg\/\" \/>\n<meta property=\"og:site_name\" content=\"Magnet fishing with a Magnetar fishing magnet\" \/>\n<meta property=\"article:publisher\" content=\"https:\/\/www.facebook.com\/fishingmagnets\/\" \/>\n<meta property=\"article:modified_time\" content=\"2026-04-04T18:17:40+00:00\" \/>\n<meta property=\"og:image\" content=\"https:\/\/magnetarmagnets.com\/wp-content\/uploads\/2020\/05\/FOTO1491.jpg\" \/>\n\t<meta property=\"og:image:width\" content=\"1000\" \/>\n\t<meta property=\"og:image:height\" content=\"1000\" \/>\n\t<meta property=\"og:image:type\" content=\"image\/jpeg\" \/>\n<meta name=\"twitter:card\" content=\"summary_large_image\" \/>\n<meta name=\"twitter:label1\" content=\"Becs\u00fclt olvas\u00e1si id\u0151\" \/>\n\t<meta name=\"twitter:data1\" content=\"4 perc\" \/>\n<script type=\"application\/ld+json\" class=\"yoast-schema-graph\">{\"@context\":\"https:\\\/\\\/schema.org\",\"@graph\":[{\"@type\":[\"WebPage\",\"ItemPage\"],\"@id\":\"https:\\\/\\\/magnetarmagnets.com\\\/hu\\\/shop\\\/bulldog-500-ketoldalas-horgasz-magnes-500-kg\\\/\",\"url\":\"https:\\\/\\\/magnetarmagnets.com\\\/hu\\\/shop\\\/bulldog-500-ketoldalas-horgasz-magnes-500-kg\\\/\",\"name\":\"Magnetar k\u00e9toldalas Bulldog 400 m\u00e1gnes\",\"isPartOf\":{\"@id\":\"https:\\\/\\\/magnetarmagnets.com\\\/hu\\\/#website\"},\"primaryImageOfPage\":{\"@id\":\"https:\\\/\\\/magnetarmagnets.com\\\/hu\\\/shop\\\/bulldog-500-ketoldalas-horgasz-magnes-500-kg\\\/#primaryimage\"},\"image\":{\"@id\":\"https:\\\/\\\/magnetarmagnets.com\\\/hu\\\/shop\\\/bulldog-500-ketoldalas-horgasz-magnes-500-kg\\\/#primaryimage\"},\"thumbnailUrl\":\"https:\\\/\\\/magnetarmagnets.com\\\/wp-content\\\/uploads\\\/2020\\\/05\\\/FOTO1491.jpg\",\"datePublished\":\"2025-06-05T07:54:13+00:00\",\"dateModified\":\"2026-04-04T18:17:40+00:00\",\"description\":\"A m\u00e1gneses h\u00faz\u00f3er\u0151 k\u00e9t, egyenk\u00e9nt 250 kg h\u00faz\u00f3er\u0151vel rendelkez\u0151 m\u00e1gnesre oszlik: \u00edgy mindig 250 kg h\u00faz\u00f3er\u0151vel horg\u00e1szol minden oldalon.\",\"breadcrumb\":{\"@id\":\"https:\\\/\\\/magnetarmagnets.com\\\/hu\\\/shop\\\/bulldog-500-ketoldalas-horgasz-magnes-500-kg\\\/#breadcrumb\"},\"inLanguage\":\"hu\",\"potentialAction\":[{\"@type\":\"ReadAction\",\"target\":[\"https:\\\/\\\/magnetarmagnets.com\\\/hu\\\/shop\\\/bulldog-500-ketoldalas-horgasz-magnes-500-kg\\\/\"]}]},{\"@type\":\"ImageObject\",\"inLanguage\":\"hu\",\"@id\":\"https:\\\/\\\/magnetarmagnets.com\\\/hu\\\/shop\\\/bulldog-500-ketoldalas-horgasz-magnes-500-kg\\\/#primaryimage\",\"url\":\"https:\\\/\\\/magnetarmagnets.com\\\/wp-content\\\/uploads\\\/2020\\\/05\\\/FOTO1491.jpg\",\"contentUrl\":\"https:\\\/\\\/magnetarmagnets.com\\\/wp-content\\\/uploads\\\/2020\\\/05\\\/FOTO1491.jpg\",\"width\":1000,\"height\":1000,\"caption\":\"BULLDOG 500 fishing magnet\"},{\"@type\":\"BreadcrumbList\",\"@id\":\"https:\\\/\\\/magnetarmagnets.com\\\/hu\\\/shop\\\/bulldog-500-ketoldalas-horgasz-magnes-500-kg\\\/#breadcrumb\",\"itemListElement\":[{\"@type\":\"ListItem\",\"position\":1,\"name\":\"Home\",\"item\":\"https:\\\/\\\/magnetarmagnets.com\\\/hu\\\/\"},{\"@type\":\"ListItem\",\"position\":2,\"name\":\"Webshop\",\"item\":\"https:\\\/\\\/magnetarmagnets.com\\\/webshop\\\/\"},{\"@type\":\"ListItem\",\"position\":3,\"name\":\"Horg\u00e1sz m\u00e1gnesek\",\"item\":\"https:\\\/\\\/magnetarmagnets.com\\\/hu\\\/collections\\\/horgasz-magnesek\\\/\"},{\"@type\":\"ListItem\",\"position\":4,\"name\":\"K\u00e9toldalas horg\u00e1sz m\u00e1gnesek\",\"item\":\"https:\\\/\\\/magnetarmagnets.com\\\/hu\\\/collections\\\/horgasz-magnesek\\\/ketoldalas-horgasz-magnesek\\\/\"},{\"@type\":\"ListItem\",\"position\":5,\"name\":\"Bulldog 500 k\u00e9toldalas horg\u00e1sz m\u00e1gnes \u2013 500 kg\"}]},{\"@type\":\"WebSite\",\"@id\":\"https:\\\/\\\/magnetarmagnets.com\\\/hu\\\/#website\",\"url\":\"https:\\\/\\\/magnetarmagnets.com\\\/hu\\\/\",\"name\":\"Magnet fishing with a Magnetar fishing magnet\",\"description\":\"Er\u0151s m\u00e1gnesek m\u00e1gneshorg\u00e1szathoz\",\"publisher\":{\"@id\":\"https:\\\/\\\/magnetarmagnets.com\\\/hu\\\/#organization\"},\"potentialAction\":[{\"@type\":\"SearchAction\",\"target\":{\"@type\":\"EntryPoint\",\"urlTemplate\":\"https:\\\/\\\/magnetarmagnets.com\\\/hu\\\/?s={search_term_string}\"},\"query-input\":{\"@type\":\"PropertyValueSpecification\",\"valueRequired\":true,\"valueName\":\"search_term_string\"}}],\"inLanguage\":\"hu\"},{\"@type\":\"Organization\",\"@id\":\"https:\\\/\\\/magnetarmagnets.com\\\/hu\\\/#organization\",\"name\":\"Magnetar\",\"url\":\"https:\\\/\\\/magnetarmagnets.com\\\/hu\\\/\",\"logo\":{\"@type\":\"ImageObject\",\"inLanguage\":\"hu\",\"@id\":\"https:\\\/\\\/magnetarmagnets.com\\\/hu\\\/#\\\/schema\\\/logo\\\/image\\\/\",\"url\":\"https:\\\/\\\/magnetarmagnets.com\\\/wp-content\\\/uploads\\\/2025\\\/05\\\/Logo-03_PNG-Black-scaled.png\",\"contentUrl\":\"https:\\\/\\\/magnetarmagnets.com\\\/wp-content\\\/uploads\\\/2025\\\/05\\\/Logo-03_PNG-Black-scaled.png\",\"width\":2560,\"height\":1658,\"caption\":\"Magnetar\"},\"image\":{\"@id\":\"https:\\\/\\\/magnetarmagnets.com\\\/hu\\\/#\\\/schema\\\/logo\\\/image\\\/\"},\"sameAs\":[\"https:\\\/\\\/www.facebook.com\\\/fishingmagnets\\\/\",\"https:\\\/\\\/www.instagram.com\\\/magnetar_magnets\\\/\",\"https:\\\/\\\/www.linkedin.com\\\/company\\\/magnetarbv\\\/?originalSubdomain=nl\",\"https:\\\/\\\/www.youtube.com\\\/c\\\/MagnetarVismagneet\"]}]}<\/script>\n<!-- \/ Yoast SEO plugin. -->","yoast_head_json":{"title":"Magnetar k\u00e9toldalas Bulldog 400 m\u00e1gnes","description":"A m\u00e1gneses h\u00faz\u00f3er\u0151 k\u00e9t, egyenk\u00e9nt 250 kg h\u00faz\u00f3er\u0151vel rendelkez\u0151 m\u00e1gnesre oszlik: \u00edgy mindig 250 kg h\u00faz\u00f3er\u0151vel horg\u00e1szol minden oldalon.","robots":{"index":"index","follow":"follow","max-snippet":"max-snippet:-1","max-image-preview":"max-image-preview:large","max-video-preview":"max-video-preview:-1"},"canonical":"https:\/\/magnetarmagnets.com\/hu\/shop\/bulldog-500-ketoldalas-horgasz-magnes-500-kg\/","og_locale":"hu_HU","og_type":"article","og_title":"Magnetar k\u00e9toldalas Bulldog 400 m\u00e1gnes","og_description":"A m\u00e1gneses h\u00faz\u00f3er\u0151 k\u00e9t, egyenk\u00e9nt 250 kg h\u00faz\u00f3er\u0151vel rendelkez\u0151 m\u00e1gnesre oszlik: \u00edgy mindig 250 kg h\u00faz\u00f3er\u0151vel horg\u00e1szol minden oldalon.","og_url":"https:\/\/magnetarmagnets.com\/hu\/shop\/bulldog-500-ketoldalas-horgasz-magnes-500-kg\/","og_site_name":"Magnet fishing with a Magnetar fishing magnet","article_publisher":"https:\/\/www.facebook.com\/fishingmagnets\/","article_modified_time":"2026-04-04T18:17:40+00:00","og_image":[{"width":1000,"height":1000,"url":"https:\/\/magnetarmagnets.com\/wp-content\/uploads\/2020\/05\/FOTO1491.jpg","type":"image\/jpeg"}],"twitter_card":"summary_large_image","twitter_misc":{"Becs\u00fclt olvas\u00e1si id\u0151":"4 perc"},"schema":{"@context":"https:\/\/schema.org","@graph":[{"@type":["WebPage","ItemPage"],"@id":"https:\/\/magnetarmagnets.com\/hu\/shop\/bulldog-500-ketoldalas-horgasz-magnes-500-kg\/","url":"https:\/\/magnetarmagnets.com\/hu\/shop\/bulldog-500-ketoldalas-horgasz-magnes-500-kg\/","name":"Magnetar k\u00e9toldalas Bulldog 400 m\u00e1gnes","isPartOf":{"@id":"https:\/\/magnetarmagnets.com\/hu\/#website"},"primaryImageOfPage":{"@id":"https:\/\/magnetarmagnets.com\/hu\/shop\/bulldog-500-ketoldalas-horgasz-magnes-500-kg\/#primaryimage"},"image":{"@id":"https:\/\/magnetarmagnets.com\/hu\/shop\/bulldog-500-ketoldalas-horgasz-magnes-500-kg\/#primaryimage"},"thumbnailUrl":"https:\/\/magnetarmagnets.com\/wp-content\/uploads\/2020\/05\/FOTO1491.jpg","datePublished":"2025-06-05T07:54:13+00:00","dateModified":"2026-04-04T18:17:40+00:00","description":"A m\u00e1gneses h\u00faz\u00f3er\u0151 k\u00e9t, egyenk\u00e9nt 250 kg h\u00faz\u00f3er\u0151vel rendelkez\u0151 m\u00e1gnesre oszlik: \u00edgy mindig 250 kg h\u00faz\u00f3er\u0151vel horg\u00e1szol minden oldalon.","breadcrumb":{"@id":"https:\/\/magnetarmagnets.com\/hu\/shop\/bulldog-500-ketoldalas-horgasz-magnes-500-kg\/#breadcrumb"},"inLanguage":"hu","potentialAction":[{"@type":"ReadAction","target":["https:\/\/magnetarmagnets.com\/hu\/shop\/bulldog-500-ketoldalas-horgasz-magnes-500-kg\/"]}]},{"@type":"ImageObject","inLanguage":"hu","@id":"https:\/\/magnetarmagnets.com\/hu\/shop\/bulldog-500-ketoldalas-horgasz-magnes-500-kg\/#primaryimage","url":"https:\/\/magnetarmagnets.com\/wp-content\/uploads\/2020\/05\/FOTO1491.jpg","contentUrl":"https:\/\/magnetarmagnets.com\/wp-content\/uploads\/2020\/05\/FOTO1491.jpg","width":1000,"height":1000,"caption":"BULLDOG 500 fishing magnet"},{"@type":"BreadcrumbList","@id":"https:\/\/magnetarmagnets.com\/hu\/shop\/bulldog-500-ketoldalas-horgasz-magnes-500-kg\/#breadcrumb","itemListElement":[{"@type":"ListItem","position":1,"name":"Home","item":"https:\/\/magnetarmagnets.com\/hu\/"},{"@type":"ListItem","position":2,"name":"Webshop","item":"https:\/\/magnetarmagnets.com\/webshop\/"},{"@type":"ListItem","position":3,"name":"Horg\u00e1sz m\u00e1gnesek","item":"https:\/\/magnetarmagnets.com\/hu\/collections\/horgasz-magnesek\/"},{"@type":"ListItem","position":4,"name":"K\u00e9toldalas horg\u00e1sz m\u00e1gnesek","item":"https:\/\/magnetarmagnets.com\/hu\/collections\/horgasz-magnesek\/ketoldalas-horgasz-magnesek\/"},{"@type":"ListItem","position":5,"name":"Bulldog 500 k\u00e9toldalas horg\u00e1sz m\u00e1gnes \u2013 500 kg"}]},{"@type":"WebSite","@id":"https:\/\/magnetarmagnets.com\/hu\/#website","url":"https:\/\/magnetarmagnets.com\/hu\/","name":"Magnet fishing with a Magnetar fishing magnet","description":"Er\u0151s m\u00e1gnesek m\u00e1gneshorg\u00e1szathoz","publisher":{"@id":"https:\/\/magnetarmagnets.com\/hu\/#organization"},"potentialAction":[{"@type":"SearchAction","target":{"@type":"EntryPoint","urlTemplate":"https:\/\/magnetarmagnets.com\/hu\/?s={search_term_string}"},"query-input":{"@type":"PropertyValueSpecification","valueRequired":true,"valueName":"search_term_string"}}],"inLanguage":"hu"},{"@type":"Organization","@id":"https:\/\/magnetarmagnets.com\/hu\/#organization","name":"Magnetar","url":"https:\/\/magnetarmagnets.com\/hu\/","logo":{"@type":"ImageObject","inLanguage":"hu","@id":"https:\/\/magnetarmagnets.com\/hu\/#\/schema\/logo\/image\/","url":"https:\/\/magnetarmagnets.com\/wp-content\/uploads\/2025\/05\/Logo-03_PNG-Black-scaled.png","contentUrl":"https:\/\/magnetarmagnets.com\/wp-content\/uploads\/2025\/05\/Logo-03_PNG-Black-scaled.png","width":2560,"height":1658,"caption":"Magnetar"},"image":{"@id":"https:\/\/magnetarmagnets.com\/hu\/#\/schema\/logo\/image\/"},"sameAs":["https:\/\/www.facebook.com\/fishingmagnets\/","https:\/\/www.instagram.com\/magnetar_magnets\/","https:\/\/www.linkedin.com\/company\/magnetarbv\/?originalSubdomain=nl","https:\/\/www.youtube.com\/c\/MagnetarVismagneet"]}]}},"_links":{"self":[{"href":"https:\/\/magnetarmagnets.com\/hu\/wp-json\/wp\/v2\/product\/82603","targetHints":{"allow":["GET"]}}],"collection":[{"href":"https:\/\/magnetarmagnets.com\/hu\/wp-json\/wp\/v2\/product"}],"about":[{"href":"https:\/\/magnetarmagnets.com\/hu\/wp-json\/wp\/v2\/types\/product"}],"replies":[{"embeddable":true,"href":"https:\/\/magnetarmagnets.com\/hu\/wp-json\/wp\/v2\/comments?post=82603"}],"version-history":[{"count":1,"href":"https:\/\/magnetarmagnets.com\/hu\/wp-json\/wp\/v2\/product\/82603\/revisions"}],"predecessor-version":[{"id":95382,"href":"https:\/\/magnetarmagnets.com\/hu\/wp-json\/wp\/v2\/product\/82603\/revisions\/95382"}],"wp:featuredmedia":[{"embeddable":true,"href":"https:\/\/magnetarmagnets.com\/hu\/wp-json\/wp\/v2\/media\/80533"}],"wp:attachment":[{"href":"https:\/\/magnetarmagnets.com\/hu\/wp-json\/wp\/v2\/media?parent=82603"}],"wp:term":[{"taxonomy":"product_brand","embeddable":true,"href":"https:\/\/magnetarmagnets.com\/hu\/wp-json\/wp\/v2\/product_brand?post=82603"},{"taxonomy":"product_cat","embeddable":true,"href":"https:\/\/magnetarmagnets.com\/hu\/wp-json\/wp\/v2\/product_cat?post=82603"},{"taxonomy":"product_tag","embeddable":true,"href":"https:\/\/magnetarmagnets.com\/hu\/wp-json\/wp\/v2\/product_tag?post=82603"}],"curies":[{"name":"wp","href":"https:\/\/api.w.org\/{rel}","templated":true}]}}