{"id":82601,"date":"2025-06-05T09:54:13","date_gmt":"2025-06-05T07:54:13","guid":{"rendered":"https:\/\/magnetarmagnets.com\/?post_type=product&#038;p=82601"},"modified":"2026-04-04T19:54:00","modified_gmt":"2026-04-04T17:54:00","slug":"ketoldalas-magneshorgasz-szett-880-kg-bulldog","status":"publish","type":"product","link":"https:\/\/magnetarmagnets.com\/hu\/shop\/ketoldalas-magneshorgasz-szett-880-kg-bulldog\/","title":{"rendered":"K\u00e9toldalas m\u00e1gneshorg\u00e1sz szett \u2013 880 kg \u2013 Bulldog"},"content":{"rendered":"A Bulldog 800-assal garant\u00e1ltan elkezded felkutatni a legk\u00fcl\u00f6nlegesebb v\u00edz alatti kincseket. Ez az all-in-one m\u00e1gnes horg\u00e1sz szett tartalmaz mindent, amire csak sz\u00fcks\u00e9ged lehet a v\u00edzparton a v\u00e1ratlan meglepet\u00e9sek elker\u00fcl\u00e9s\u00e9hez. A k\u00e9toldalas Bulldog 800 horg\u00e1sz m\u00e1gnes\u00fcnk, <a href=\"https:\/\/magnetarmagnets.com\/shop\/magnet-fishing-glove\/?v=796834e7a283\">keszty\u0171k<\/a>, a <a href=\"https:\/\/magnetarmagnets.com\/shop\/magnet-fishing-rope\/?v=796834e7a283\">m\u00e1gnes horg\u00e1sz zsin\u00f3r<\/a> \u00e9s a f\u00e9mragaszt\u00f3 mind megtal\u00e1lhat\u00f3 ebben a komplett csomagban. 360\u00b0-os, minden ir\u00e1nyba hat\u00f3 m\u00e1gnesre v\u00e1gysz? N\u00e9zd meg a <a href=\"https:\/\/magnetarmagnets.com\/shop\/fishmagnet-package-pro\/\"><strong>Pro Package<\/strong><\/a>et.\n\n<h2>Bulldog 800 k\u00e9toldalas horg\u00e1sz m\u00e1gnes<\/h2>\n\nAz \u00f6sszes Bulldog horg\u00e1sz m\u00e1gnes\u00fcnk k\u00e9t m\u00e1gneses fel\u00fclettel rendelkezik. A Bulldog 800 \u00f6sszesen 1940 lb \/ 880 kg h\u00faz\u00f3er\u0151t biztos\u00edt, ami oldalank\u00e9nt 970 lb \/ 440 kg. Olyan neh\u00e9z t\u00e1rgyak, mint sz\u00e9fszekr\u00e9nyek, aut\u00f3alkatr\u00e9szek \u00e9s k\u00f6zleked\u00e9si t\u00e1bl\u00e1k sem jelentenek kih\u00edv\u00e1st ennek az er\u0151m\u0171nek. Az egyoldalas m\u00e1gnesekkel szemben a k\u00e9toldalas kialak\u00edt\u00e1s jelent\u0151sen n\u00f6veli az es\u00e9ly\u00e9t, hogy nagyszer\u0171 kincsekre bukkanj.\n\n\n\nAz ilyen m\u00e1gneseket t\u00f6bbf\u00e9lek\u00e9ppen is haszn\u00e1lhatod. Ha laposan h\u00fazod v\u00e9gig a m\u00e1gneset a v\u00edz alatt, szereld fel a hurokszemet a m\u00e1gnes oldal\u00e1ra. Ez a technika \u00e1ltal\u00e1ban nagyobb es\u00e9llyel tapad r\u00e1 a kincsre. A k\u00e9t m\u00e1gneses fel\u00fcletnek k\u00f6sz\u00f6nhet\u0151en mindig a talajon fekv\u0151 potenci\u00e1lis kincs fel\u00e9 ir\u00e1nyul a m\u00e1gneses er\u0151. H\u00e1tr\u00e1nya, hogy a v\u00edzszintes mozg\u00e1s kev\u00e9sb\u00e9 er\u0151teljes megh\u00faz\u00e1st eredm\u00e9nyez a t\u00e1rgyakon. Ezzel szemben a f\u00fcgg\u0151leges horg\u00e1szat mindig optim\u00e1lisabb m\u00e1gneses er\u0151t biztos\u00edt.\n\n\n\nHa valamihez m\u00e1r hozz\u00e1kapcsol\u00f3dt\u00e1l \u00e9s nagyobb er\u0151re van sz\u00fcks\u00e9g, a hurokszemet f\u00fcgg\u0151legesen is r\u00f6gz\u00edtheted. \u00cdgy er\u0151teljesebb f\u00fcgg\u0151leges h\u00faz\u00f3er\u0151vel emelheted ki a nehezebb t\u00e1rgyakat. A k\u00e9toldalas m\u00e1gnesek sokf\u00e9le felhaszn\u00e1l\u00e1si m\u00f3dja miatt ezek a legrugalmasabb, t\u00f6bbfunkci\u00f3s m\u00e1gnesek k\u00f6z\u00e9 tartoznak.\n\n\n\nHa kezd\u0151 vagy \u00e9s tetszik a m\u00e1gnes sokoldal\u00fas\u00e1ga, de kicsit kev\u00e9sb\u00e9 extr\u00e9m er\u0151re v\u00e1gysz, n\u00e9zd meg a <a href=\"https:\/\/magnetarmagnets.com\/shop\/bulldog-500-kit\/\"><strong>Bulldog 500<\/strong><\/a>-at, amelynek kombin\u00e1lt h\u00faz\u00f3ereje 1100 lb \/ 500 kg. Hallott\u00e1l m\u00e1r a 360\u00b0-os, minden ir\u00e1nyba hat\u00f3 m\u00e1gnes\u00fcnkr\u0151l? A <a href=\"https:\/\/magnetarmagnets.com\/shop\/exclusive-terror-magnet\/\"><strong>Terror<\/strong><\/a> remek v\u00e1laszt\u00e1s.\n\n<h2>Magas min\u0151s\u00e9g<\/h2>\n\nAz \u00f6sszes Magnetar horg\u00e1sz m\u00e1gnes neod\u00edmiumb\u00f3l k\u00e9sz\u00fcl. Ez az anyag hossz\u00fa t\u00e1von megtartja m\u00e1gneses erej\u00e9t. Megfelel\u0151 haszn\u00e1lat \u00e9s t\u00e1rol\u00e1s mellett ezek a m\u00e1gnesek 100 \u00e9v alatt mind\u00f6ssze az erej\u00fck egy sz\u00e1zal\u00e9k\u00e1t vesz\u00edthetik el. \u00c9ppen ez\u00e9rt biztosak vagyunk abban, hogy a piacon a legjobb min\u0151s\u00e9g\u0171 <a href=\"https:\/\/magnetarmagnets.com\/collections\/fishing-magnets\/\"><strong>horg\u00e1sz m\u00e1gneseket<\/strong><\/a> k\u00edn\u00e1ljuk.\n\n\n\nAz elm\u00falt \u00e9vekben a piacot el\u00e1rasztott\u00e1k az alacsony min\u0151s\u00e9g\u0171 term\u00e9kek. Sz\u00e1mos m\u00e1s elad\u00f3 m\u00e1gnese hetek alatt gyeng\u00fcl, mert nagyobb, de alacsonyabb min\u0151s\u00e9g\u0171 neod\u00edmiumb\u00f3l vannak, \u00e9s f\u00e9lrevezet\u0151 hirdet\u00e9sekkel k\u00edn\u00e1lj\u00e1k \u0151ket. Ezek a term\u00e9kek els\u0151re olcs\u00f3nak t\u0171nnek, de hossz\u00fa t\u00e1von csal\u00f3d\u00e1st okoznak.\n\n\n\nA Magnetar egy kis csal\u00e1di v\u00e1llalkoz\u00e1s, amelynek alap\u00edt\u00f3i val\u00f3di m\u00e1gnes horg\u00e1sz rajong\u00f3k. N\u00e1lunk a min\u0151s\u00e9g az els\u0151, \u00e9s ez term\u00e9keinkben is visszak\u00f6sz\u00f6n. Minden horg\u00e1sz m\u00e1gnes\u00fcnket h\u00e1zon bel\u00fcl tervezz\u00fck, hogy pr\u00e9mium min\u0151s\u00e9get biztos\u00edtsunk. Megb\u00edzhat\u00f3, hat\u00e9kony \u00e9s min\u0151s\u00e9gi horg\u00e1sz m\u00e1gnesre v\u00e1gysz? V\u00e1laszd a Magnetar-t! Elk\u00f6telezettek vagyunk, hogy a <a href=\"https:\/\/magnetarmagnets.com\/\" target=\"_blank\" rel=\"noopener\">legjobb horg\u00e1sz m\u00e1gneseket<\/a> k\u00edn\u00e1ljuk.\n\n<h2>Figyelem:<\/h2>\n\nNeod\u00edmium horg\u00e1sz m\u00e1gneseink rendk\u00edv\u00fcl er\u0151sek. Ez m\u00e1s t\u00e1rgyakat nagy sebess\u00e9ggel r\u00e1nt a m\u00e1gnes fel\u00e9, ami vesz\u00e9lyes helyzeteket teremthet, hiszen az ujjak beszorulhatnak a m\u00e1gnes \u00e9s egy t\u00e1rgy k\u00f6z\u00e9. Aj\u00e1nlott, hogy mindig gondosan kezeld ezeket a m\u00e1gneseket, \u00e9s tedd mindezt saj\u00e1t felel\u0151ss\u00e9gedre. Haszn\u00e1lat el\u0151tt felt\u00e9tlen\u00fcl olvasd el a haszn\u00e1lati \u00fatmutat\u00f3t.","protected":false},"excerpt":{"rendered":"<p>A Bulldog 800-assal garant\u00e1ltan elkezded felkutatni a legk\u00fcl\u00f6nlegesebb v\u00edz alatti kincseket. Ez az all-in-one m\u00e1gnes horg\u00e1sz szett tartalmaz mindent, amire csak sz\u00fcks\u00e9ged lehet a v\u00edzparton a v\u00e1ratlan meglepet\u00e9sek elker\u00fcl\u00e9s\u00e9hez. A k\u00e9toldalas Bulldog 800 horg\u00e1sz m\u00e1gnes\u00fcnk, keszty\u0171k, a m\u00e1gnes horg\u00e1sz zsin\u00f3r \u00e9s a f\u00e9mragaszt\u00f3 mind megtal\u00e1lhat\u00f3 ebben a komplett csomagban. 360\u00b0-os, minden ir\u00e1nyba hat\u00f3 m\u00e1gnesre v\u00e1gysz? [&hellip;]<\/p>\n","protected":false},"featured_media":72550,"comment_status":"open","ping_status":"closed","template":"","meta":{"_acf_changed":false,"inline_featured_image":false},"product_brand":[],"product_cat":[542,534,528,532,530,543],"product_tag":[],"class_list":{"0":"post-82601","1":"product","2":"type-product","3":"status-publish","4":"has-post-thumbnail","6":"product_cat-halado-kalandorok","7":"product_cat-horgasz-magnes-keszlet","8":"product_cat-horgasz-magnesek","9":"product_cat-ketoldalas-horgasz-magnesek","10":"product_cat-legerosebb-horgasz-magnesek","11":"product_cat-profik","13":"first","14":"instock","15":"sale","16":"taxable","17":"shipping-taxable","18":"purchasable","19":"product-type-simple"},"acf":[],"yoast_head":"<!-- This site is optimized with the Yoast SEO plugin v27.4 - https:\/\/yoast.com\/product\/yoast-seo-wordpress\/ -->\n<title>K\u00e9toldalas m\u00e1gneshorg\u00e1sz szett \u2013 880 kg \u2013 Bulldog - Magnet fishing with a Magnetar fishing magnet<\/title>\n<meta name=\"description\" content=\"K\u00e9toldalas m\u00e1gneshorg\u00e1sz szett \u2013 880 kg \u2013 Bulldog \u2013 Magnetar\" \/>\n<meta name=\"robots\" content=\"index, follow, max-snippet:-1, max-image-preview:large, max-video-preview:-1\" \/>\n<link rel=\"canonical\" href=\"https:\/\/magnetarmagnets.com\/hu\/shop\/ketoldalas-magneshorgasz-szett-880-kg-bulldog\/\" \/>\n<meta property=\"og:locale\" content=\"hu_HU\" \/>\n<meta property=\"og:type\" content=\"article\" \/>\n<meta property=\"og:title\" content=\"K\u00e9toldalas m\u00e1gneshorg\u00e1sz szett \u2013 880 kg \u2013 Bulldog - Magnet fishing with a Magnetar fishing magnet\" \/>\n<meta property=\"og:description\" content=\"K\u00e9toldalas m\u00e1gneshorg\u00e1sz szett \u2013 880 kg \u2013 Bulldog \u2013 Magnetar\" \/>\n<meta property=\"og:url\" content=\"https:\/\/magnetarmagnets.com\/hu\/shop\/ketoldalas-magneshorgasz-szett-880-kg-bulldog\/\" \/>\n<meta property=\"og:site_name\" content=\"Magnet fishing with a Magnetar fishing magnet\" \/>\n<meta property=\"article:publisher\" content=\"https:\/\/www.facebook.com\/fishingmagnets\/\" \/>\n<meta property=\"article:modified_time\" content=\"2026-04-04T17:54:00+00:00\" \/>\n<meta property=\"og:image\" content=\"https:\/\/magnetarmagnets.com\/wp-content\/uploads\/2021\/10\/MAGNETAR-BULLDOG-800-KIT-GOOGLE.jpg\" \/>\n\t<meta property=\"og:image:width\" content=\"1500\" \/>\n\t<meta property=\"og:image:height\" content=\"1500\" \/>\n\t<meta property=\"og:image:type\" content=\"image\/jpeg\" \/>\n<meta name=\"twitter:card\" content=\"summary_large_image\" \/>\n<meta name=\"twitter:label1\" content=\"Becs\u00fclt olvas\u00e1si id\u0151\" \/>\n\t<meta name=\"twitter:data1\" content=\"3 perc\" \/>\n<script type=\"application\/ld+json\" class=\"yoast-schema-graph\">{\"@context\":\"https:\\\/\\\/schema.org\",\"@graph\":[{\"@type\":[\"WebPage\",\"ItemPage\"],\"@id\":\"https:\\\/\\\/magnetarmagnets.com\\\/hu\\\/shop\\\/ketoldalas-magneshorgasz-szett-880-kg-bulldog\\\/\",\"url\":\"https:\\\/\\\/magnetarmagnets.com\\\/hu\\\/shop\\\/ketoldalas-magneshorgasz-szett-880-kg-bulldog\\\/\",\"name\":\"K\u00e9toldalas m\u00e1gneshorg\u00e1sz szett \u2013 880 kg \u2013 Bulldog - Magnet fishing with a Magnetar fishing magnet\",\"isPartOf\":{\"@id\":\"https:\\\/\\\/magnetarmagnets.com\\\/hu\\\/#website\"},\"primaryImageOfPage\":{\"@id\":\"https:\\\/\\\/magnetarmagnets.com\\\/hu\\\/shop\\\/ketoldalas-magneshorgasz-szett-880-kg-bulldog\\\/#primaryimage\"},\"image\":{\"@id\":\"https:\\\/\\\/magnetarmagnets.com\\\/hu\\\/shop\\\/ketoldalas-magneshorgasz-szett-880-kg-bulldog\\\/#primaryimage\"},\"thumbnailUrl\":\"https:\\\/\\\/magnetarmagnets.com\\\/wp-content\\\/uploads\\\/2021\\\/10\\\/MAGNETAR-BULLDOG-800-KIT-GOOGLE.jpg\",\"datePublished\":\"2025-06-05T07:54:13+00:00\",\"dateModified\":\"2026-04-04T17:54:00+00:00\",\"description\":\"K\u00e9toldalas m\u00e1gneshorg\u00e1sz szett \u2013 880 kg \u2013 Bulldog \u2013 Magnetar\",\"breadcrumb\":{\"@id\":\"https:\\\/\\\/magnetarmagnets.com\\\/hu\\\/shop\\\/ketoldalas-magneshorgasz-szett-880-kg-bulldog\\\/#breadcrumb\"},\"inLanguage\":\"hu\",\"potentialAction\":[{\"@type\":\"ReadAction\",\"target\":[\"https:\\\/\\\/magnetarmagnets.com\\\/hu\\\/shop\\\/ketoldalas-magneshorgasz-szett-880-kg-bulldog\\\/\"]}]},{\"@type\":\"ImageObject\",\"inLanguage\":\"hu\",\"@id\":\"https:\\\/\\\/magnetarmagnets.com\\\/hu\\\/shop\\\/ketoldalas-magneshorgasz-szett-880-kg-bulldog\\\/#primaryimage\",\"url\":\"https:\\\/\\\/magnetarmagnets.com\\\/wp-content\\\/uploads\\\/2021\\\/10\\\/MAGNETAR-BULLDOG-800-KIT-GOOGLE.jpg\",\"contentUrl\":\"https:\\\/\\\/magnetarmagnets.com\\\/wp-content\\\/uploads\\\/2021\\\/10\\\/MAGNETAR-BULLDOG-800-KIT-GOOGLE.jpg\",\"width\":1500,\"height\":1500,\"caption\":\"MAGNETAR-BULLDOG-800-KIT\"},{\"@type\":\"BreadcrumbList\",\"@id\":\"https:\\\/\\\/magnetarmagnets.com\\\/hu\\\/shop\\\/ketoldalas-magneshorgasz-szett-880-kg-bulldog\\\/#breadcrumb\",\"itemListElement\":[{\"@type\":\"ListItem\",\"position\":1,\"name\":\"Home\",\"item\":\"https:\\\/\\\/magnetarmagnets.com\\\/hu\\\/\"},{\"@type\":\"ListItem\",\"position\":2,\"name\":\"Webshop\",\"item\":\"https:\\\/\\\/magnetarmagnets.com\\\/webshop\\\/\"},{\"@type\":\"ListItem\",\"position\":3,\"name\":\"Horg\u00e1sz m\u00e1gnesek\",\"item\":\"https:\\\/\\\/magnetarmagnets.com\\\/hu\\\/collections\\\/horgasz-magnesek\\\/\"},{\"@type\":\"ListItem\",\"position\":4,\"name\":\"Leger\u0151sebb horg\u00e1sz m\u00e1gnesek\",\"item\":\"https:\\\/\\\/magnetarmagnets.com\\\/hu\\\/collections\\\/horgasz-magnesek\\\/legerosebb-horgasz-magnesek\\\/\"},{\"@type\":\"ListItem\",\"position\":5,\"name\":\"K\u00e9toldalas m\u00e1gneshorg\u00e1sz szett \u2013 880 kg \u2013 Bulldog\"}]},{\"@type\":\"WebSite\",\"@id\":\"https:\\\/\\\/magnetarmagnets.com\\\/hu\\\/#website\",\"url\":\"https:\\\/\\\/magnetarmagnets.com\\\/hu\\\/\",\"name\":\"Magnet fishing with a Magnetar fishing magnet\",\"description\":\"Er\u0151s m\u00e1gnesek m\u00e1gneshorg\u00e1szathoz\",\"publisher\":{\"@id\":\"https:\\\/\\\/magnetarmagnets.com\\\/hu\\\/#organization\"},\"potentialAction\":[{\"@type\":\"SearchAction\",\"target\":{\"@type\":\"EntryPoint\",\"urlTemplate\":\"https:\\\/\\\/magnetarmagnets.com\\\/hu\\\/?s={search_term_string}\"},\"query-input\":{\"@type\":\"PropertyValueSpecification\",\"valueRequired\":true,\"valueName\":\"search_term_string\"}}],\"inLanguage\":\"hu\"},{\"@type\":\"Organization\",\"@id\":\"https:\\\/\\\/magnetarmagnets.com\\\/hu\\\/#organization\",\"name\":\"Magnetar\",\"url\":\"https:\\\/\\\/magnetarmagnets.com\\\/hu\\\/\",\"logo\":{\"@type\":\"ImageObject\",\"inLanguage\":\"hu\",\"@id\":\"https:\\\/\\\/magnetarmagnets.com\\\/hu\\\/#\\\/schema\\\/logo\\\/image\\\/\",\"url\":\"https:\\\/\\\/magnetarmagnets.com\\\/wp-content\\\/uploads\\\/2025\\\/05\\\/Logo-03_PNG-Black-scaled.png\",\"contentUrl\":\"https:\\\/\\\/magnetarmagnets.com\\\/wp-content\\\/uploads\\\/2025\\\/05\\\/Logo-03_PNG-Black-scaled.png\",\"width\":2560,\"height\":1658,\"caption\":\"Magnetar\"},\"image\":{\"@id\":\"https:\\\/\\\/magnetarmagnets.com\\\/hu\\\/#\\\/schema\\\/logo\\\/image\\\/\"},\"sameAs\":[\"https:\\\/\\\/www.facebook.com\\\/fishingmagnets\\\/\",\"https:\\\/\\\/www.instagram.com\\\/magnetar_magnets\\\/\",\"https:\\\/\\\/www.linkedin.com\\\/company\\\/magnetarbv\\\/?originalSubdomain=nl\",\"https:\\\/\\\/www.youtube.com\\\/c\\\/MagnetarVismagneet\"]}]}<\/script>\n<!-- \/ Yoast SEO plugin. -->","yoast_head_json":{"title":"K\u00e9toldalas m\u00e1gneshorg\u00e1sz szett \u2013 880 kg \u2013 Bulldog - Magnet fishing with a Magnetar fishing magnet","description":"K\u00e9toldalas m\u00e1gneshorg\u00e1sz szett \u2013 880 kg \u2013 Bulldog \u2013 Magnetar","robots":{"index":"index","follow":"follow","max-snippet":"max-snippet:-1","max-image-preview":"max-image-preview:large","max-video-preview":"max-video-preview:-1"},"canonical":"https:\/\/magnetarmagnets.com\/hu\/shop\/ketoldalas-magneshorgasz-szett-880-kg-bulldog\/","og_locale":"hu_HU","og_type":"article","og_title":"K\u00e9toldalas m\u00e1gneshorg\u00e1sz szett \u2013 880 kg \u2013 Bulldog - Magnet fishing with a Magnetar fishing magnet","og_description":"K\u00e9toldalas m\u00e1gneshorg\u00e1sz szett \u2013 880 kg \u2013 Bulldog \u2013 Magnetar","og_url":"https:\/\/magnetarmagnets.com\/hu\/shop\/ketoldalas-magneshorgasz-szett-880-kg-bulldog\/","og_site_name":"Magnet fishing with a Magnetar fishing magnet","article_publisher":"https:\/\/www.facebook.com\/fishingmagnets\/","article_modified_time":"2026-04-04T17:54:00+00:00","og_image":[{"width":1500,"height":1500,"url":"https:\/\/magnetarmagnets.com\/wp-content\/uploads\/2021\/10\/MAGNETAR-BULLDOG-800-KIT-GOOGLE.jpg","type":"image\/jpeg"}],"twitter_card":"summary_large_image","twitter_misc":{"Becs\u00fclt olvas\u00e1si id\u0151":"3 perc"},"schema":{"@context":"https:\/\/schema.org","@graph":[{"@type":["WebPage","ItemPage"],"@id":"https:\/\/magnetarmagnets.com\/hu\/shop\/ketoldalas-magneshorgasz-szett-880-kg-bulldog\/","url":"https:\/\/magnetarmagnets.com\/hu\/shop\/ketoldalas-magneshorgasz-szett-880-kg-bulldog\/","name":"K\u00e9toldalas m\u00e1gneshorg\u00e1sz szett \u2013 880 kg \u2013 Bulldog - Magnet fishing with a Magnetar fishing magnet","isPartOf":{"@id":"https:\/\/magnetarmagnets.com\/hu\/#website"},"primaryImageOfPage":{"@id":"https:\/\/magnetarmagnets.com\/hu\/shop\/ketoldalas-magneshorgasz-szett-880-kg-bulldog\/#primaryimage"},"image":{"@id":"https:\/\/magnetarmagnets.com\/hu\/shop\/ketoldalas-magneshorgasz-szett-880-kg-bulldog\/#primaryimage"},"thumbnailUrl":"https:\/\/magnetarmagnets.com\/wp-content\/uploads\/2021\/10\/MAGNETAR-BULLDOG-800-KIT-GOOGLE.jpg","datePublished":"2025-06-05T07:54:13+00:00","dateModified":"2026-04-04T17:54:00+00:00","description":"K\u00e9toldalas m\u00e1gneshorg\u00e1sz szett \u2013 880 kg \u2013 Bulldog \u2013 Magnetar","breadcrumb":{"@id":"https:\/\/magnetarmagnets.com\/hu\/shop\/ketoldalas-magneshorgasz-szett-880-kg-bulldog\/#breadcrumb"},"inLanguage":"hu","potentialAction":[{"@type":"ReadAction","target":["https:\/\/magnetarmagnets.com\/hu\/shop\/ketoldalas-magneshorgasz-szett-880-kg-bulldog\/"]}]},{"@type":"ImageObject","inLanguage":"hu","@id":"https:\/\/magnetarmagnets.com\/hu\/shop\/ketoldalas-magneshorgasz-szett-880-kg-bulldog\/#primaryimage","url":"https:\/\/magnetarmagnets.com\/wp-content\/uploads\/2021\/10\/MAGNETAR-BULLDOG-800-KIT-GOOGLE.jpg","contentUrl":"https:\/\/magnetarmagnets.com\/wp-content\/uploads\/2021\/10\/MAGNETAR-BULLDOG-800-KIT-GOOGLE.jpg","width":1500,"height":1500,"caption":"MAGNETAR-BULLDOG-800-KIT"},{"@type":"BreadcrumbList","@id":"https:\/\/magnetarmagnets.com\/hu\/shop\/ketoldalas-magneshorgasz-szett-880-kg-bulldog\/#breadcrumb","itemListElement":[{"@type":"ListItem","position":1,"name":"Home","item":"https:\/\/magnetarmagnets.com\/hu\/"},{"@type":"ListItem","position":2,"name":"Webshop","item":"https:\/\/magnetarmagnets.com\/webshop\/"},{"@type":"ListItem","position":3,"name":"Horg\u00e1sz m\u00e1gnesek","item":"https:\/\/magnetarmagnets.com\/hu\/collections\/horgasz-magnesek\/"},{"@type":"ListItem","position":4,"name":"Leger\u0151sebb horg\u00e1sz m\u00e1gnesek","item":"https:\/\/magnetarmagnets.com\/hu\/collections\/horgasz-magnesek\/legerosebb-horgasz-magnesek\/"},{"@type":"ListItem","position":5,"name":"K\u00e9toldalas m\u00e1gneshorg\u00e1sz szett \u2013 880 kg \u2013 Bulldog"}]},{"@type":"WebSite","@id":"https:\/\/magnetarmagnets.com\/hu\/#website","url":"https:\/\/magnetarmagnets.com\/hu\/","name":"Magnet fishing with a Magnetar fishing magnet","description":"Er\u0151s m\u00e1gnesek m\u00e1gneshorg\u00e1szathoz","publisher":{"@id":"https:\/\/magnetarmagnets.com\/hu\/#organization"},"potentialAction":[{"@type":"SearchAction","target":{"@type":"EntryPoint","urlTemplate":"https:\/\/magnetarmagnets.com\/hu\/?s={search_term_string}"},"query-input":{"@type":"PropertyValueSpecification","valueRequired":true,"valueName":"search_term_string"}}],"inLanguage":"hu"},{"@type":"Organization","@id":"https:\/\/magnetarmagnets.com\/hu\/#organization","name":"Magnetar","url":"https:\/\/magnetarmagnets.com\/hu\/","logo":{"@type":"ImageObject","inLanguage":"hu","@id":"https:\/\/magnetarmagnets.com\/hu\/#\/schema\/logo\/image\/","url":"https:\/\/magnetarmagnets.com\/wp-content\/uploads\/2025\/05\/Logo-03_PNG-Black-scaled.png","contentUrl":"https:\/\/magnetarmagnets.com\/wp-content\/uploads\/2025\/05\/Logo-03_PNG-Black-scaled.png","width":2560,"height":1658,"caption":"Magnetar"},"image":{"@id":"https:\/\/magnetarmagnets.com\/hu\/#\/schema\/logo\/image\/"},"sameAs":["https:\/\/www.facebook.com\/fishingmagnets\/","https:\/\/www.instagram.com\/magnetar_magnets\/","https:\/\/www.linkedin.com\/company\/magnetarbv\/?originalSubdomain=nl","https:\/\/www.youtube.com\/c\/MagnetarVismagneet"]}]}},"_links":{"self":[{"href":"https:\/\/magnetarmagnets.com\/hu\/wp-json\/wp\/v2\/product\/82601","targetHints":{"allow":["GET"]}}],"collection":[{"href":"https:\/\/magnetarmagnets.com\/hu\/wp-json\/wp\/v2\/product"}],"about":[{"href":"https:\/\/magnetarmagnets.com\/hu\/wp-json\/wp\/v2\/types\/product"}],"replies":[{"embeddable":true,"href":"https:\/\/magnetarmagnets.com\/hu\/wp-json\/wp\/v2\/comments?post=82601"}],"version-history":[{"count":0,"href":"https:\/\/magnetarmagnets.com\/hu\/wp-json\/wp\/v2\/product\/82601\/revisions"}],"wp:featuredmedia":[{"embeddable":true,"href":"https:\/\/magnetarmagnets.com\/hu\/wp-json\/wp\/v2\/media\/72550"}],"wp:attachment":[{"href":"https:\/\/magnetarmagnets.com\/hu\/wp-json\/wp\/v2\/media?parent=82601"}],"wp:term":[{"taxonomy":"product_brand","embeddable":true,"href":"https:\/\/magnetarmagnets.com\/hu\/wp-json\/wp\/v2\/product_brand?post=82601"},{"taxonomy":"product_cat","embeddable":true,"href":"https:\/\/magnetarmagnets.com\/hu\/wp-json\/wp\/v2\/product_cat?post=82601"},{"taxonomy":"product_tag","embeddable":true,"href":"https:\/\/magnetarmagnets.com\/hu\/wp-json\/wp\/v2\/product_tag?post=82601"}],"curies":[{"name":"wp","href":"https:\/\/api.w.org\/{rel}","templated":true}]}}