{"id":82599,"date":"2025-06-05T09:54:14","date_gmt":"2025-06-05T07:54:14","guid":{"rendered":"https:\/\/magnetarmagnets.com\/?post_type=product&#038;p=82599"},"modified":"2026-04-04T20:06:05","modified_gmt":"2026-04-04T18:06:05","slug":"ketoldalu-magnes-horgasz-szett-500-kg-bulldog","status":"publish","type":"product","link":"https:\/\/magnetarmagnets.com\/hu\/shop\/ketoldalu-magnes-horgasz-szett-500-kg-bulldog\/","title":{"rendered":"K\u00e9toldal\u00fa m\u00e1gnes horg\u00e1sz szett &#8211; 500 kg &#8211; Bulldog"},"content":{"rendered":"Szeretn\u00e9l belev\u00e1gni a m\u00e1gnes horg\u00e1szatba? A Bulldog 500 m\u00e1gnes horg\u00e1sz szett pontosan ebben seg\u00edt. Ez az all-in-one csomag mindent tartalmaz, amire sz\u00fcks\u00e9ged van, hogy elker\u00fcld a nem k\u00edv\u00e1nt meglepet\u00e9seket a v\u00edzparton. A k\u00e9toldal\u00fa Bulldog 500 horg\u00e1szm\u00e1gnes\u00fcnk, keszty\u0171, m\u00e1gnes horg\u00e1sz zsin\u00f3r \u00e9s f\u00e9mragaszt\u00f3 is szerepel ebben a komplett szettben. 360\u00b0-os all-round m\u00e1gnesre v\u00e1gysz? N\u00e9zd meg a <a href=\"https:\/\/magnetarmagnets.com\/shop\/fishmagnet-package-pro\/\"><strong>Pro <\/strong><\/a><a href=\"https:\/\/magnetarmagnets.com\/shop\/fishmagnet-package-pro\/\"><strong>P<\/strong><\/a><a href=\"https:\/\/magnetarmagnets.com\/shop\/fishmagnet-package-pro\/\"><strong>ackage<\/strong><\/a>.\n\n<h2>Bulldog 500 k\u00e9toldal\u00fa horg\u00e1szm\u00e1gnes<\/h2>\n\nMinden Bulldog horg\u00e1szm\u00e1gnes\u00fcnk k\u00e9t m\u00e1gneses oldallal rendelkezik. A Bulldog 500 \u00f6sszesen 1100 lb \/ 500 kg h\u00faz\u00f3er\u0151t biztos\u00edt, ami oldalank\u00e9nt 550 lb \/ 250 kg-nak felel meg. Ez a m\u00e1gnes el\u00e9g er\u0151s ahhoz, hogy a v\u00edzb\u0151l a legk\u00fcl\u00f6nlegesebb t\u00e1rgyakat is kih\u00fazza. Az egylapos m\u00e1gnesekkel \u00f6sszehasonl\u00edtva a k\u00e9toldal\u00fa kialak\u00edt\u00e1s jelent\u0151sen n\u00f6veli az es\u00e9lyt a nagy kincsek megtal\u00e1l\u00e1s\u00e1ra.\n\nA k\u00e9toldal\u00fa m\u00e1gnesek t\u00f6bbf\u00e9lek\u00e9ppen is haszn\u00e1lhat\u00f3k. Ha szereted v\u00edzszintesen h\u00fazni a m\u00e1gnest \u2013 \u00edgy nagyobb es\u00e9llyel tapad meg a kincs \u2013, a csavarf\u00fclet a m\u00e1gnes oldal\u00e1ra szerelheted. A m\u00e1gnes k\u00e9t oldala mindig m\u00e1gneses er\u0151t ir\u00e1ny\u00edt a mederfen\u00e9ken fekv\u0151 t\u00e1rgyak fel\u00e9. H\u00e1tr\u00e1nya, hogy a v\u00edzszintes mozg\u00e1s kev\u00e9sb\u00e9 hat\u00e9konyan h\u00fazza a t\u00e1rgyakat. A f\u00fcgg\u0151leges horg\u00e1szat ezzel szemben mindig optim\u00e1lis m\u00e1gneses er\u0151t biztos\u00edt.\n\nAmikor valamit m\u00e1r megfogt\u00e1l \u00e9s nagyobb er\u0151re van sz\u00fcks\u00e9ged, a csavarf\u00fclet f\u00fcgg\u0151legesen is r\u00f6gz\u00edtheted. Ez er\u0151sebb f\u00fcgg\u0151leges h\u00faz\u00f3er\u0151t tesz lehet\u0151v\u00e9 nehezebb t\u00e1rgyak kih\u00faz\u00e1s\u00e1hoz, gyakorlatilag ugyan\u00fagy, mint a <a href=\"https:\/\/magnetarmagnets.com\/collections\/fishing-magnets\/single-sided-classic\/\"><strong>klasszikus m\u00e1gnesekkel<\/strong><\/a>. A k\u00e9toldal\u00fa m\u00e1gnesek sokoldal\u00fa haszn\u00e1lata, egy  , teszi \u0151ket a legfunkcion\u00e1lisabb m\u00e1gnesekk\u00e9 k\u00edn\u00e1latunkban.\n\nHa a k\u00e9toldal\u00fa m\u00e1gnesre v\u00e1gysz, de agg\u00f3dsz az ereje miatt, n\u00e9zd meg a <a href=\"https:\/\/magnetarmagnets.com\/shop\/bulldog-800-double-sided\/\"><strong>Bulldog 800<\/strong><\/a>-at. Ez egy nehezebb \u00e9s er\u0151sebb modell, leny\u0171g\u00f6z\u0151 1760 lb \/ 800 kg \u00f6sszes\u00edtett h\u00faz\u00f3er\u0151vel. 360\u00b0-os all-round m\u00e1gnes tetszene? Tekintsd meg a <a href=\"https:\/\/magnetarmagnets.com\/shop\/exclusive-terror-magnet\/\"><strong>Terror<\/strong><\/a>-t. Ne felejtsd el megtekinteni a <a href=\"https:\/\/magnetarmagnets.com\/collections\/fishing-magnets\/magnet-fishing-kit\/\" target=\"_blank\" rel=\"noopener\">legjobb m\u00e1gnes horg\u00e1sz szetteket<\/a> vagy a <a href=\"https:\/\/magnetarmagnets.com\/accessories\/\" target=\"_blank\" rel=\"noopener\">m\u00e1gnes horg\u00e1sz felszerel\u00e9s\u00fcnket<\/a>.","protected":false},"excerpt":{"rendered":"<p>Szeretn\u00e9l belev\u00e1gni a m\u00e1gnes horg\u00e1szatba? A Bulldog 500 m\u00e1gnes horg\u00e1sz szett pontosan ebben seg\u00edt. Ez az all-in-one csomag mindent tartalmaz, amire sz\u00fcks\u00e9ged van, hogy elker\u00fcld a nem k\u00edv\u00e1nt meglepet\u00e9seket a v\u00edzparton. A k\u00e9toldal\u00fa Bulldog 500 horg\u00e1szm\u00e1gnes\u00fcnk, keszty\u0171, m\u00e1gnes horg\u00e1sz zsin\u00f3r \u00e9s f\u00e9mragaszt\u00f3 is szerepel ebben a komplett szettben. 360\u00b0-os all-round m\u00e1gnesre v\u00e1gysz? N\u00e9zd meg a [&hellip;]<\/p>\n","protected":false},"featured_media":78869,"comment_status":"open","ping_status":"closed","template":"","meta":{"_acf_changed":false,"inline_featured_image":false},"product_brand":[],"product_cat":[553,560,569,562,568],"product_tag":[],"class_list":{"0":"post-82599","1":"product","2":"type-product","3":"status-publish","4":"has-post-thumbnail","6":"product_cat-fishing-magnets-cs","7":"product_cat-oboustranne-fishing-magnety","8":"product_cat-pokrocili-dobrodruzi","9":"product_cat-sada-na-magnet-fishing","10":"product_cat-zacatecnici-a-deti","12":"first","13":"instock","14":"sale","15":"taxable","16":"shipping-taxable","17":"purchasable","18":"product-type-simple"},"acf":[],"yoast_head":"<!-- This site is optimized with the Yoast SEO plugin v27.3 - https:\/\/yoast.com\/product\/yoast-seo-wordpress\/ -->\n<title>K\u00e9toldal\u00fa m\u00e1gnes horg\u00e1sz szett - 500 kg - Bulldog - Magnet fishing with a Magnetar fishing magnet<\/title>\n<meta name=\"description\" content=\"K\u00e9toldal\u00fa m\u00e1gnes - 500 kg - Bulldog - Magnetar\" \/>\n<meta name=\"robots\" content=\"index, follow, max-snippet:-1, max-image-preview:large, max-video-preview:-1\" \/>\n<link rel=\"canonical\" href=\"https:\/\/magnetarmagnets.com\/hu\/shop\/ketoldalu-magnes-horgasz-szett-500-kg-bulldog\/\" \/>\n<meta property=\"og:locale\" content=\"hu_HU\" \/>\n<meta property=\"og:type\" content=\"article\" \/>\n<meta property=\"og:title\" content=\"K\u00e9toldal\u00fa m\u00e1gnes horg\u00e1sz szett - 500 kg - Bulldog - Magnet fishing with a Magnetar fishing magnet\" \/>\n<meta property=\"og:description\" content=\"K\u00e9toldal\u00fa m\u00e1gnes - 500 kg - Bulldog - Magnetar\" \/>\n<meta property=\"og:url\" content=\"https:\/\/magnetarmagnets.com\/hu\/shop\/ketoldalu-magnes-horgasz-szett-500-kg-bulldog\/\" \/>\n<meta property=\"og:site_name\" content=\"Magnet fishing with a Magnetar fishing magnet\" \/>\n<meta property=\"article:publisher\" content=\"https:\/\/www.facebook.com\/fishingmagnets\/\" \/>\n<meta property=\"article:modified_time\" content=\"2026-04-04T18:06:05+00:00\" \/>\n<meta property=\"og:image\" content=\"https:\/\/magnetarmagnets.com\/wp-content\/uploads\/2021\/10\/MAGNETAR-BULLDOG-500-KIT-GOOGLE.jpg\" \/>\n\t<meta property=\"og:image:width\" content=\"1500\" \/>\n\t<meta property=\"og:image:height\" content=\"1500\" \/>\n\t<meta property=\"og:image:type\" content=\"image\/jpeg\" \/>\n<meta name=\"twitter:card\" content=\"summary_large_image\" \/>\n<meta name=\"twitter:label1\" content=\"Becs\u00fclt olvas\u00e1si id\u0151\" \/>\n\t<meta name=\"twitter:data1\" content=\"3 perc\" \/>\n<script type=\"application\/ld+json\" class=\"yoast-schema-graph\">{\"@context\":\"https:\\\/\\\/schema.org\",\"@graph\":[{\"@type\":[\"WebPage\",\"ItemPage\"],\"@id\":\"https:\\\/\\\/magnetarmagnets.com\\\/hu\\\/shop\\\/ketoldalu-magnes-horgasz-szett-500-kg-bulldog\\\/\",\"url\":\"https:\\\/\\\/magnetarmagnets.com\\\/hu\\\/shop\\\/ketoldalu-magnes-horgasz-szett-500-kg-bulldog\\\/\",\"name\":\"K\u00e9toldal\u00fa m\u00e1gnes horg\u00e1sz szett - 500 kg - Bulldog - Magnet fishing with a Magnetar fishing magnet\",\"isPartOf\":{\"@id\":\"https:\\\/\\\/magnetarmagnets.com\\\/hu\\\/#website\"},\"primaryImageOfPage\":{\"@id\":\"https:\\\/\\\/magnetarmagnets.com\\\/hu\\\/shop\\\/ketoldalu-magnes-horgasz-szett-500-kg-bulldog\\\/#primaryimage\"},\"image\":{\"@id\":\"https:\\\/\\\/magnetarmagnets.com\\\/hu\\\/shop\\\/ketoldalu-magnes-horgasz-szett-500-kg-bulldog\\\/#primaryimage\"},\"thumbnailUrl\":\"https:\\\/\\\/magnetarmagnets.com\\\/wp-content\\\/uploads\\\/2021\\\/10\\\/MAGNETAR-BULLDOG-500-KIT-GOOGLE.jpg\",\"datePublished\":\"2025-06-05T07:54:14+00:00\",\"dateModified\":\"2026-04-04T18:06:05+00:00\",\"description\":\"K\u00e9toldal\u00fa m\u00e1gnes - 500 kg - Bulldog - Magnetar\",\"breadcrumb\":{\"@id\":\"https:\\\/\\\/magnetarmagnets.com\\\/hu\\\/shop\\\/ketoldalu-magnes-horgasz-szett-500-kg-bulldog\\\/#breadcrumb\"},\"inLanguage\":\"hu\",\"potentialAction\":[{\"@type\":\"ReadAction\",\"target\":[\"https:\\\/\\\/magnetarmagnets.com\\\/hu\\\/shop\\\/ketoldalu-magnes-horgasz-szett-500-kg-bulldog\\\/\"]}]},{\"@type\":\"ImageObject\",\"inLanguage\":\"hu\",\"@id\":\"https:\\\/\\\/magnetarmagnets.com\\\/hu\\\/shop\\\/ketoldalu-magnes-horgasz-szett-500-kg-bulldog\\\/#primaryimage\",\"url\":\"https:\\\/\\\/magnetarmagnets.com\\\/wp-content\\\/uploads\\\/2021\\\/10\\\/MAGNETAR-BULLDOG-500-KIT-GOOGLE.jpg\",\"contentUrl\":\"https:\\\/\\\/magnetarmagnets.com\\\/wp-content\\\/uploads\\\/2021\\\/10\\\/MAGNETAR-BULLDOG-500-KIT-GOOGLE.jpg\",\"width\":1500,\"height\":1500,\"caption\":\"MAGNETAR-BULLDOG-500-KIT\"},{\"@type\":\"BreadcrumbList\",\"@id\":\"https:\\\/\\\/magnetarmagnets.com\\\/hu\\\/shop\\\/ketoldalu-magnes-horgasz-szett-500-kg-bulldog\\\/#breadcrumb\",\"itemListElement\":[{\"@type\":\"ListItem\",\"position\":1,\"name\":\"Home\",\"item\":\"https:\\\/\\\/magnetarmagnets.com\\\/hu\\\/\"},{\"@type\":\"ListItem\",\"position\":2,\"name\":\"Webshop\",\"item\":\"https:\\\/\\\/magnetarmagnets.com\\\/webshop\\\/\"},{\"@type\":\"ListItem\",\"position\":3,\"name\":\"Horg\u00e1sz m\u00e1gnesek\",\"item\":\"https:\\\/\\\/magnetarmagnets.com\\\/hu\\\/collections\\\/horgasz-magnesek\\\/\"},{\"@type\":\"ListItem\",\"position\":4,\"name\":\"K\u00e9toldalas horg\u00e1sz m\u00e1gnesek\",\"item\":\"https:\\\/\\\/magnetarmagnets.com\\\/hu\\\/collections\\\/horgasz-magnesek\\\/ketoldalas-horgasz-magnesek\\\/\"},{\"@type\":\"ListItem\",\"position\":5,\"name\":\"K\u00e9toldal\u00fa m\u00e1gnes horg\u00e1sz szett &#8211; 500 kg &#8211; Bulldog\"}]},{\"@type\":\"WebSite\",\"@id\":\"https:\\\/\\\/magnetarmagnets.com\\\/hu\\\/#website\",\"url\":\"https:\\\/\\\/magnetarmagnets.com\\\/hu\\\/\",\"name\":\"Magnet fishing with a Magnetar fishing magnet\",\"description\":\"Er\u0151s m\u00e1gnesek m\u00e1gneshorg\u00e1szathoz\",\"publisher\":{\"@id\":\"https:\\\/\\\/magnetarmagnets.com\\\/hu\\\/#organization\"},\"potentialAction\":[{\"@type\":\"SearchAction\",\"target\":{\"@type\":\"EntryPoint\",\"urlTemplate\":\"https:\\\/\\\/magnetarmagnets.com\\\/hu\\\/?s={search_term_string}\"},\"query-input\":{\"@type\":\"PropertyValueSpecification\",\"valueRequired\":true,\"valueName\":\"search_term_string\"}}],\"inLanguage\":\"hu\"},{\"@type\":\"Organization\",\"@id\":\"https:\\\/\\\/magnetarmagnets.com\\\/hu\\\/#organization\",\"name\":\"Magnetar\",\"url\":\"https:\\\/\\\/magnetarmagnets.com\\\/hu\\\/\",\"logo\":{\"@type\":\"ImageObject\",\"inLanguage\":\"hu\",\"@id\":\"https:\\\/\\\/magnetarmagnets.com\\\/hu\\\/#\\\/schema\\\/logo\\\/image\\\/\",\"url\":\"https:\\\/\\\/magnetarmagnets.com\\\/wp-content\\\/uploads\\\/2025\\\/05\\\/Logo-03_PNG-Black-scaled.png\",\"contentUrl\":\"https:\\\/\\\/magnetarmagnets.com\\\/wp-content\\\/uploads\\\/2025\\\/05\\\/Logo-03_PNG-Black-scaled.png\",\"width\":2560,\"height\":1658,\"caption\":\"Magnetar\"},\"image\":{\"@id\":\"https:\\\/\\\/magnetarmagnets.com\\\/hu\\\/#\\\/schema\\\/logo\\\/image\\\/\"},\"sameAs\":[\"https:\\\/\\\/www.facebook.com\\\/fishingmagnets\\\/\",\"https:\\\/\\\/www.instagram.com\\\/magnetar_magnets\\\/\",\"https:\\\/\\\/www.linkedin.com\\\/company\\\/magnetarbv\\\/?originalSubdomain=nl\",\"https:\\\/\\\/www.youtube.com\\\/c\\\/MagnetarVismagneet\"]}]}<\/script>\n<!-- \/ Yoast SEO plugin. -->","yoast_head_json":{"title":"K\u00e9toldal\u00fa m\u00e1gnes horg\u00e1sz szett - 500 kg - Bulldog - Magnet fishing with a Magnetar fishing magnet","description":"K\u00e9toldal\u00fa m\u00e1gnes - 500 kg - Bulldog - Magnetar","robots":{"index":"index","follow":"follow","max-snippet":"max-snippet:-1","max-image-preview":"max-image-preview:large","max-video-preview":"max-video-preview:-1"},"canonical":"https:\/\/magnetarmagnets.com\/hu\/shop\/ketoldalu-magnes-horgasz-szett-500-kg-bulldog\/","og_locale":"hu_HU","og_type":"article","og_title":"K\u00e9toldal\u00fa m\u00e1gnes horg\u00e1sz szett - 500 kg - Bulldog - Magnet fishing with a Magnetar fishing magnet","og_description":"K\u00e9toldal\u00fa m\u00e1gnes - 500 kg - Bulldog - Magnetar","og_url":"https:\/\/magnetarmagnets.com\/hu\/shop\/ketoldalu-magnes-horgasz-szett-500-kg-bulldog\/","og_site_name":"Magnet fishing with a Magnetar fishing magnet","article_publisher":"https:\/\/www.facebook.com\/fishingmagnets\/","article_modified_time":"2026-04-04T18:06:05+00:00","og_image":[{"width":1500,"height":1500,"url":"https:\/\/magnetarmagnets.com\/wp-content\/uploads\/2021\/10\/MAGNETAR-BULLDOG-500-KIT-GOOGLE.jpg","type":"image\/jpeg"}],"twitter_card":"summary_large_image","twitter_misc":{"Becs\u00fclt olvas\u00e1si id\u0151":"3 perc"},"schema":{"@context":"https:\/\/schema.org","@graph":[{"@type":["WebPage","ItemPage"],"@id":"https:\/\/magnetarmagnets.com\/hu\/shop\/ketoldalu-magnes-horgasz-szett-500-kg-bulldog\/","url":"https:\/\/magnetarmagnets.com\/hu\/shop\/ketoldalu-magnes-horgasz-szett-500-kg-bulldog\/","name":"K\u00e9toldal\u00fa m\u00e1gnes horg\u00e1sz szett - 500 kg - Bulldog - Magnet fishing with a Magnetar fishing magnet","isPartOf":{"@id":"https:\/\/magnetarmagnets.com\/hu\/#website"},"primaryImageOfPage":{"@id":"https:\/\/magnetarmagnets.com\/hu\/shop\/ketoldalu-magnes-horgasz-szett-500-kg-bulldog\/#primaryimage"},"image":{"@id":"https:\/\/magnetarmagnets.com\/hu\/shop\/ketoldalu-magnes-horgasz-szett-500-kg-bulldog\/#primaryimage"},"thumbnailUrl":"https:\/\/magnetarmagnets.com\/wp-content\/uploads\/2021\/10\/MAGNETAR-BULLDOG-500-KIT-GOOGLE.jpg","datePublished":"2025-06-05T07:54:14+00:00","dateModified":"2026-04-04T18:06:05+00:00","description":"K\u00e9toldal\u00fa m\u00e1gnes - 500 kg - Bulldog - Magnetar","breadcrumb":{"@id":"https:\/\/magnetarmagnets.com\/hu\/shop\/ketoldalu-magnes-horgasz-szett-500-kg-bulldog\/#breadcrumb"},"inLanguage":"hu","potentialAction":[{"@type":"ReadAction","target":["https:\/\/magnetarmagnets.com\/hu\/shop\/ketoldalu-magnes-horgasz-szett-500-kg-bulldog\/"]}]},{"@type":"ImageObject","inLanguage":"hu","@id":"https:\/\/magnetarmagnets.com\/hu\/shop\/ketoldalu-magnes-horgasz-szett-500-kg-bulldog\/#primaryimage","url":"https:\/\/magnetarmagnets.com\/wp-content\/uploads\/2021\/10\/MAGNETAR-BULLDOG-500-KIT-GOOGLE.jpg","contentUrl":"https:\/\/magnetarmagnets.com\/wp-content\/uploads\/2021\/10\/MAGNETAR-BULLDOG-500-KIT-GOOGLE.jpg","width":1500,"height":1500,"caption":"MAGNETAR-BULLDOG-500-KIT"},{"@type":"BreadcrumbList","@id":"https:\/\/magnetarmagnets.com\/hu\/shop\/ketoldalu-magnes-horgasz-szett-500-kg-bulldog\/#breadcrumb","itemListElement":[{"@type":"ListItem","position":1,"name":"Home","item":"https:\/\/magnetarmagnets.com\/hu\/"},{"@type":"ListItem","position":2,"name":"Webshop","item":"https:\/\/magnetarmagnets.com\/webshop\/"},{"@type":"ListItem","position":3,"name":"Horg\u00e1sz m\u00e1gnesek","item":"https:\/\/magnetarmagnets.com\/hu\/collections\/horgasz-magnesek\/"},{"@type":"ListItem","position":4,"name":"K\u00e9toldalas horg\u00e1sz m\u00e1gnesek","item":"https:\/\/magnetarmagnets.com\/hu\/collections\/horgasz-magnesek\/ketoldalas-horgasz-magnesek\/"},{"@type":"ListItem","position":5,"name":"K\u00e9toldal\u00fa m\u00e1gnes horg\u00e1sz szett &#8211; 500 kg &#8211; Bulldog"}]},{"@type":"WebSite","@id":"https:\/\/magnetarmagnets.com\/hu\/#website","url":"https:\/\/magnetarmagnets.com\/hu\/","name":"Magnet fishing with a Magnetar fishing magnet","description":"Er\u0151s m\u00e1gnesek m\u00e1gneshorg\u00e1szathoz","publisher":{"@id":"https:\/\/magnetarmagnets.com\/hu\/#organization"},"potentialAction":[{"@type":"SearchAction","target":{"@type":"EntryPoint","urlTemplate":"https:\/\/magnetarmagnets.com\/hu\/?s={search_term_string}"},"query-input":{"@type":"PropertyValueSpecification","valueRequired":true,"valueName":"search_term_string"}}],"inLanguage":"hu"},{"@type":"Organization","@id":"https:\/\/magnetarmagnets.com\/hu\/#organization","name":"Magnetar","url":"https:\/\/magnetarmagnets.com\/hu\/","logo":{"@type":"ImageObject","inLanguage":"hu","@id":"https:\/\/magnetarmagnets.com\/hu\/#\/schema\/logo\/image\/","url":"https:\/\/magnetarmagnets.com\/wp-content\/uploads\/2025\/05\/Logo-03_PNG-Black-scaled.png","contentUrl":"https:\/\/magnetarmagnets.com\/wp-content\/uploads\/2025\/05\/Logo-03_PNG-Black-scaled.png","width":2560,"height":1658,"caption":"Magnetar"},"image":{"@id":"https:\/\/magnetarmagnets.com\/hu\/#\/schema\/logo\/image\/"},"sameAs":["https:\/\/www.facebook.com\/fishingmagnets\/","https:\/\/www.instagram.com\/magnetar_magnets\/","https:\/\/www.linkedin.com\/company\/magnetarbv\/?originalSubdomain=nl","https:\/\/www.youtube.com\/c\/MagnetarVismagneet"]}]}},"_links":{"self":[{"href":"https:\/\/magnetarmagnets.com\/hu\/wp-json\/wp\/v2\/product\/82599","targetHints":{"allow":["GET"]}}],"collection":[{"href":"https:\/\/magnetarmagnets.com\/hu\/wp-json\/wp\/v2\/product"}],"about":[{"href":"https:\/\/magnetarmagnets.com\/hu\/wp-json\/wp\/v2\/types\/product"}],"replies":[{"embeddable":true,"href":"https:\/\/magnetarmagnets.com\/hu\/wp-json\/wp\/v2\/comments?post=82599"}],"version-history":[{"count":0,"href":"https:\/\/magnetarmagnets.com\/hu\/wp-json\/wp\/v2\/product\/82599\/revisions"}],"wp:featuredmedia":[{"embeddable":true,"href":"https:\/\/magnetarmagnets.com\/hu\/wp-json\/wp\/v2\/media\/78869"}],"wp:attachment":[{"href":"https:\/\/magnetarmagnets.com\/hu\/wp-json\/wp\/v2\/media?parent=82599"}],"wp:term":[{"taxonomy":"product_brand","embeddable":true,"href":"https:\/\/magnetarmagnets.com\/hu\/wp-json\/wp\/v2\/product_brand?post=82599"},{"taxonomy":"product_cat","embeddable":true,"href":"https:\/\/magnetarmagnets.com\/hu\/wp-json\/wp\/v2\/product_cat?post=82599"},{"taxonomy":"product_tag","embeddable":true,"href":"https:\/\/magnetarmagnets.com\/hu\/wp-json\/wp\/v2\/product_tag?post=82599"}],"curies":[{"name":"wp","href":"https:\/\/api.w.org\/{rel}","templated":true}]}}