{"id":82596,"date":"2025-06-05T09:54:15","date_gmt":"2025-06-05T07:54:15","guid":{"rendered":"https:\/\/magnetarmagnets.com\/?post_type=product&#038;p=82596"},"modified":"2026-04-15T03:17:17","modified_gmt":"2026-04-15T01:17:17","slug":"magneses-horgaszbot-3-meter","status":"publish","type":"product","link":"https:\/\/magnetarmagnets.com\/hu\/shop\/magneses-horgaszbot-3-meter\/","title":{"rendered":"M\u00e1gneses horg\u00e1szbot \u2013 3 m\u00e9ter"},"content":{"rendered":"A \u201eLange Jan\u201d m\u00e1gneses sz\u00far\u00f3bot seg\u00edts\u00e9g\u00e9vel olyan t\u00e1rgyakat is kiemelhetsz, amelyeket a zsin\u00f3r nem b\u00edr megemelni. A m\u00e1gneses sz\u00far\u00f3bot sz\u00e9tszerelhet\u0151, \u00edgy k\u00f6nnyen sz\u00e1ll\u00edthatod (ak\u00e1r j\u00e1rm\u0171ben is).\n\n<strong>M\u00e1gneses sz\u00far\u00f3bot \u201eLange Jan\u201d<\/strong>\n\nA \u201eLange Jan\u201d m\u00e1gneses sz\u00far\u00f3bot t\u00f6k\u00e9letes eszk\u00f6z a m\u00e9lyen fekv\u0151 t\u00e1rgyakhoz. R\u00e9gi darabok, p\u00e9ld\u00e1ul \u00e1gy\u00fagoly\u00f3k \u00e9s II. vil\u00e1gh\u00e1bor\u00fas felszerel\u00e9sek id\u0151vel els\u00fcllyedhettek, vagy avar \u00e9s \u00e1gak al\u00e1 ker\u00fclhettek. A m\u00e1gneses sz\u00far\u00f3bottal olyan t\u00e1rgyakat emelsz ki, amelyeket a hagyom\u00e1nyos zsin\u00f3r h\u00e1trahagyna.\n\n<strong>Kiknek aj\u00e1nlott a Lange Jan m\u00e1gneses sz\u00far\u00f3bot?<\/strong>\n\nA Lange Jan m\u00e1gneses sz\u00far\u00f3bot azok sz\u00e1m\u00e1ra k\u00e9sz\u00fclt, akik v\u00edzbe szeretn\u00e9nek menni, vagy a partr\u00f3l sz\u00farn\u00e1nak. A sz\u00far\u00e1ssal m\u00e9lyen fekv\u0151 t\u00e1rgyakat is el\u00e9rhetsz. Ezek a leletek gyakran kiv\u00e1l\u00f3 \u00e1llapotban vannak, mivel kevesebb oxig\u00e9nnel \u00e9rintkeztek. Nem kell tapasztalt m\u00e1gneshorg\u00e1sznak lenned; ez az eszk\u00f6z mindenki sz\u00e1m\u00e1ra alkalmas.\n\nA m\u00e1gneses sz\u00far\u00f3bot a legt\u00f6bb Magnetar horg\u00e1szm\u00e1gnessel kombin\u00e1lhat\u00f3. A Classic Fishing Magnet 400, <a href=\"https:\/\/magnetarmagnets.com\/shop\/classic-fishing-magnet-1100lb-500kg\/\">Classic Fishing Magnet 500<\/a>, <a href=\"https:\/\/magnetarmagnets.com\/shop\/bulldog-500-double-sided\/\">Bulldog 500<\/a>, <a href=\"https:\/\/magnetarmagnets.com\/shop\/bulldog-800-double-sided\/\">Bulldog 800<\/a>, <a href=\"https:\/\/magnetarmagnets.com\/shop\/cube\/\">CUBE<\/a> \u00e9s <a href=\"https:\/\/magnetarmagnets.com\/shop\/megacube\/\">MEGACUBE<\/a> csatlakoz\u00e1sa azonban nem egyezik a sz\u00far\u00f3bot\u00e9val. Ez\u00e9rt ezek a horg\u00e1szm\u00e1gnesek nem haszn\u00e1lhat\u00f3k egy\u00fctt a sz\u00far\u00f3bottal.\n\nNe feledd megn\u00e9zni a <a href=\"https:\/\/magnetarmagnets.com\/\" target=\"_blank\" rel=\"noopener\">legjobb horg\u00e1szm\u00e1gneseket<\/a> vagy a <a href=\"https:\/\/magnetarmagnets.com\/collections\/fishing-magnets\/magnet-fishing-kit\/\" target=\"_blank\" rel=\"noopener\">legjobb m\u00e1gneses horg\u00e1sz szetteket<\/a>.","protected":false},"excerpt":{"rendered":"<p>A Magnetar\u00ae <strong>m\u00e1gneses horg\u00e1szbot<\/strong> seg\u00edts\u00e9g\u00e9vel <strong>prec\u00edzen<\/strong> c\u00e9lozhatod m\u00e1gnesedet a m\u00e9lyen rejt\u0151z\u0151 kincsekre!<\/p>\n","protected":false},"featured_media":72354,"comment_status":"open","ping_status":"closed","template":"","meta":{"_acf_changed":false,"inline_featured_image":false},"product_brand":[],"product_cat":[707,709,64],"product_tag":[],"class_list":{"0":"post-82596","1":"product","2":"type-product","3":"status-publish","4":"has-post-thumbnail","6":"product_cat-gear","7":"product_cat-magnet-fishing-gear","8":"product_cat-all-products","10":"first","11":"instock","12":"sale","13":"taxable","14":"shipping-taxable","15":"purchasable","16":"product-type-simple"},"acf":[],"yoast_head":"<!-- This site is optimized with the Yoast SEO plugin v27.4 - https:\/\/yoast.com\/product\/yoast-seo-wordpress\/ -->\n<title>M\u00e1gneses horg\u00e1szbot \u2013 3 m\u00e9ter - Magnet fishing with a Magnetar fishing magnet<\/title>\n<meta name=\"description\" content=\"M\u00e1gneses horg\u00e1szbot \u2013 alapvet\u0151 felszerel\u00e9s a Magnetart\u00f3l\" \/>\n<meta name=\"robots\" content=\"index, follow, max-snippet:-1, max-image-preview:large, max-video-preview:-1\" \/>\n<link rel=\"canonical\" href=\"https:\/\/magnetarmagnets.com\/hu\/shop\/magneses-horgaszbot-3-meter\/\" \/>\n<meta property=\"og:locale\" content=\"hu_HU\" \/>\n<meta property=\"og:type\" content=\"article\" \/>\n<meta property=\"og:title\" content=\"M\u00e1gneses horg\u00e1szbot \u2013 3 m\u00e9ter - Magnet fishing with a Magnetar fishing magnet\" \/>\n<meta property=\"og:description\" content=\"M\u00e1gneses horg\u00e1szbot \u2013 alapvet\u0151 felszerel\u00e9s a Magnetart\u00f3l\" \/>\n<meta property=\"og:url\" content=\"https:\/\/magnetarmagnets.com\/hu\/shop\/magneses-horgaszbot-3-meter\/\" \/>\n<meta property=\"og:site_name\" content=\"Magnet fishing with a Magnetar fishing magnet\" \/>\n<meta property=\"article:publisher\" content=\"https:\/\/www.facebook.com\/fishingmagnets\/\" \/>\n<meta property=\"article:modified_time\" content=\"2026-04-15T01:17:17+00:00\" \/>\n<meta property=\"og:image\" content=\"https:\/\/magnetarmagnets.com\/wp-content\/uploads\/2020\/12\/P1001679.jpg\" \/>\n\t<meta property=\"og:image:width\" content=\"1000\" \/>\n\t<meta property=\"og:image:height\" content=\"1000\" \/>\n\t<meta property=\"og:image:type\" content=\"image\/jpeg\" \/>\n<meta name=\"twitter:card\" content=\"summary_large_image\" \/>\n<meta name=\"twitter:label1\" content=\"Becs\u00fclt olvas\u00e1si id\u0151\" \/>\n\t<meta name=\"twitter:data1\" content=\"2 perc\" \/>\n<script type=\"application\/ld+json\" class=\"yoast-schema-graph\">{\"@context\":\"https:\\\/\\\/schema.org\",\"@graph\":[{\"@type\":[\"WebPage\",\"ItemPage\"],\"@id\":\"https:\\\/\\\/magnetarmagnets.com\\\/hu\\\/shop\\\/magneses-horgaszbot-3-meter\\\/\",\"url\":\"https:\\\/\\\/magnetarmagnets.com\\\/hu\\\/shop\\\/magneses-horgaszbot-3-meter\\\/\",\"name\":\"M\u00e1gneses horg\u00e1szbot \u2013 3 m\u00e9ter - Magnet fishing with a Magnetar fishing magnet\",\"isPartOf\":{\"@id\":\"https:\\\/\\\/magnetarmagnets.com\\\/hu\\\/#website\"},\"primaryImageOfPage\":{\"@id\":\"https:\\\/\\\/magnetarmagnets.com\\\/hu\\\/shop\\\/magneses-horgaszbot-3-meter\\\/#primaryimage\"},\"image\":{\"@id\":\"https:\\\/\\\/magnetarmagnets.com\\\/hu\\\/shop\\\/magneses-horgaszbot-3-meter\\\/#primaryimage\"},\"thumbnailUrl\":\"https:\\\/\\\/magnetarmagnets.com\\\/wp-content\\\/uploads\\\/2020\\\/12\\\/P1001679.jpg\",\"datePublished\":\"2025-06-05T07:54:15+00:00\",\"dateModified\":\"2026-04-15T01:17:17+00:00\",\"description\":\"M\u00e1gneses horg\u00e1szbot \u2013 alapvet\u0151 felszerel\u00e9s a Magnetart\u00f3l\",\"breadcrumb\":{\"@id\":\"https:\\\/\\\/magnetarmagnets.com\\\/hu\\\/shop\\\/magneses-horgaszbot-3-meter\\\/#breadcrumb\"},\"inLanguage\":\"hu\",\"potentialAction\":[{\"@type\":\"ReadAction\",\"target\":[\"https:\\\/\\\/magnetarmagnets.com\\\/hu\\\/shop\\\/magneses-horgaszbot-3-meter\\\/\"]}]},{\"@type\":\"ImageObject\",\"inLanguage\":\"hu\",\"@id\":\"https:\\\/\\\/magnetarmagnets.com\\\/hu\\\/shop\\\/magneses-horgaszbot-3-meter\\\/#primaryimage\",\"url\":\"https:\\\/\\\/magnetarmagnets.com\\\/wp-content\\\/uploads\\\/2020\\\/12\\\/P1001679.jpg\",\"contentUrl\":\"https:\\\/\\\/magnetarmagnets.com\\\/wp-content\\\/uploads\\\/2020\\\/12\\\/P1001679.jpg\",\"width\":1000,\"height\":1000,\"caption\":\"Magnetic Fishing Spike, The magnetic spike Lange Jan, magnetic prick stick,\"},{\"@type\":\"BreadcrumbList\",\"@id\":\"https:\\\/\\\/magnetarmagnets.com\\\/hu\\\/shop\\\/magneses-horgaszbot-3-meter\\\/#breadcrumb\",\"itemListElement\":[{\"@type\":\"ListItem\",\"position\":1,\"name\":\"Home\",\"item\":\"https:\\\/\\\/magnetarmagnets.com\\\/hu\\\/\"},{\"@type\":\"ListItem\",\"position\":2,\"name\":\"Webshop\",\"item\":\"https:\\\/\\\/magnetarmagnets.com\\\/webshop\\\/\"},{\"@type\":\"ListItem\",\"position\":3,\"name\":\"\u00d6sszes term\u00e9k\",\"item\":\"https:\\\/\\\/magnetarmagnets.com\\\/hu\\\/collections\\\/osszes-termek\\\/\"},{\"@type\":\"ListItem\",\"position\":4,\"name\":\"M\u00e1gneses horg\u00e1szbot \u2013 3 m\u00e9ter\"}]},{\"@type\":\"WebSite\",\"@id\":\"https:\\\/\\\/magnetarmagnets.com\\\/hu\\\/#website\",\"url\":\"https:\\\/\\\/magnetarmagnets.com\\\/hu\\\/\",\"name\":\"Magnet fishing with a Magnetar fishing magnet\",\"description\":\"Er\u0151s m\u00e1gnesek m\u00e1gneshorg\u00e1szathoz\",\"publisher\":{\"@id\":\"https:\\\/\\\/magnetarmagnets.com\\\/hu\\\/#organization\"},\"potentialAction\":[{\"@type\":\"SearchAction\",\"target\":{\"@type\":\"EntryPoint\",\"urlTemplate\":\"https:\\\/\\\/magnetarmagnets.com\\\/hu\\\/?s={search_term_string}\"},\"query-input\":{\"@type\":\"PropertyValueSpecification\",\"valueRequired\":true,\"valueName\":\"search_term_string\"}}],\"inLanguage\":\"hu\"},{\"@type\":\"Organization\",\"@id\":\"https:\\\/\\\/magnetarmagnets.com\\\/hu\\\/#organization\",\"name\":\"Magnetar\",\"url\":\"https:\\\/\\\/magnetarmagnets.com\\\/hu\\\/\",\"logo\":{\"@type\":\"ImageObject\",\"inLanguage\":\"hu\",\"@id\":\"https:\\\/\\\/magnetarmagnets.com\\\/hu\\\/#\\\/schema\\\/logo\\\/image\\\/\",\"url\":\"https:\\\/\\\/magnetarmagnets.com\\\/wp-content\\\/uploads\\\/2025\\\/05\\\/Logo-03_PNG-Black-scaled.png\",\"contentUrl\":\"https:\\\/\\\/magnetarmagnets.com\\\/wp-content\\\/uploads\\\/2025\\\/05\\\/Logo-03_PNG-Black-scaled.png\",\"width\":2560,\"height\":1658,\"caption\":\"Magnetar\"},\"image\":{\"@id\":\"https:\\\/\\\/magnetarmagnets.com\\\/hu\\\/#\\\/schema\\\/logo\\\/image\\\/\"},\"sameAs\":[\"https:\\\/\\\/www.facebook.com\\\/fishingmagnets\\\/\",\"https:\\\/\\\/www.instagram.com\\\/magnetar_magnets\\\/\",\"https:\\\/\\\/www.linkedin.com\\\/company\\\/magnetarbv\\\/?originalSubdomain=nl\",\"https:\\\/\\\/www.youtube.com\\\/c\\\/MagnetarVismagneet\"]}]}<\/script>\n<!-- \/ Yoast SEO plugin. -->","yoast_head_json":{"title":"M\u00e1gneses horg\u00e1szbot \u2013 3 m\u00e9ter - Magnet fishing with a Magnetar fishing magnet","description":"M\u00e1gneses horg\u00e1szbot \u2013 alapvet\u0151 felszerel\u00e9s a Magnetart\u00f3l","robots":{"index":"index","follow":"follow","max-snippet":"max-snippet:-1","max-image-preview":"max-image-preview:large","max-video-preview":"max-video-preview:-1"},"canonical":"https:\/\/magnetarmagnets.com\/hu\/shop\/magneses-horgaszbot-3-meter\/","og_locale":"hu_HU","og_type":"article","og_title":"M\u00e1gneses horg\u00e1szbot \u2013 3 m\u00e9ter - Magnet fishing with a Magnetar fishing magnet","og_description":"M\u00e1gneses horg\u00e1szbot \u2013 alapvet\u0151 felszerel\u00e9s a Magnetart\u00f3l","og_url":"https:\/\/magnetarmagnets.com\/hu\/shop\/magneses-horgaszbot-3-meter\/","og_site_name":"Magnet fishing with a Magnetar fishing magnet","article_publisher":"https:\/\/www.facebook.com\/fishingmagnets\/","article_modified_time":"2026-04-15T01:17:17+00:00","og_image":[{"width":1000,"height":1000,"url":"https:\/\/magnetarmagnets.com\/wp-content\/uploads\/2020\/12\/P1001679.jpg","type":"image\/jpeg"}],"twitter_card":"summary_large_image","twitter_misc":{"Becs\u00fclt olvas\u00e1si id\u0151":"2 perc"},"schema":{"@context":"https:\/\/schema.org","@graph":[{"@type":["WebPage","ItemPage"],"@id":"https:\/\/magnetarmagnets.com\/hu\/shop\/magneses-horgaszbot-3-meter\/","url":"https:\/\/magnetarmagnets.com\/hu\/shop\/magneses-horgaszbot-3-meter\/","name":"M\u00e1gneses horg\u00e1szbot \u2013 3 m\u00e9ter - Magnet fishing with a Magnetar fishing magnet","isPartOf":{"@id":"https:\/\/magnetarmagnets.com\/hu\/#website"},"primaryImageOfPage":{"@id":"https:\/\/magnetarmagnets.com\/hu\/shop\/magneses-horgaszbot-3-meter\/#primaryimage"},"image":{"@id":"https:\/\/magnetarmagnets.com\/hu\/shop\/magneses-horgaszbot-3-meter\/#primaryimage"},"thumbnailUrl":"https:\/\/magnetarmagnets.com\/wp-content\/uploads\/2020\/12\/P1001679.jpg","datePublished":"2025-06-05T07:54:15+00:00","dateModified":"2026-04-15T01:17:17+00:00","description":"M\u00e1gneses horg\u00e1szbot \u2013 alapvet\u0151 felszerel\u00e9s a Magnetart\u00f3l","breadcrumb":{"@id":"https:\/\/magnetarmagnets.com\/hu\/shop\/magneses-horgaszbot-3-meter\/#breadcrumb"},"inLanguage":"hu","potentialAction":[{"@type":"ReadAction","target":["https:\/\/magnetarmagnets.com\/hu\/shop\/magneses-horgaszbot-3-meter\/"]}]},{"@type":"ImageObject","inLanguage":"hu","@id":"https:\/\/magnetarmagnets.com\/hu\/shop\/magneses-horgaszbot-3-meter\/#primaryimage","url":"https:\/\/magnetarmagnets.com\/wp-content\/uploads\/2020\/12\/P1001679.jpg","contentUrl":"https:\/\/magnetarmagnets.com\/wp-content\/uploads\/2020\/12\/P1001679.jpg","width":1000,"height":1000,"caption":"Magnetic Fishing Spike, The magnetic spike Lange Jan, magnetic prick stick,"},{"@type":"BreadcrumbList","@id":"https:\/\/magnetarmagnets.com\/hu\/shop\/magneses-horgaszbot-3-meter\/#breadcrumb","itemListElement":[{"@type":"ListItem","position":1,"name":"Home","item":"https:\/\/magnetarmagnets.com\/hu\/"},{"@type":"ListItem","position":2,"name":"Webshop","item":"https:\/\/magnetarmagnets.com\/webshop\/"},{"@type":"ListItem","position":3,"name":"\u00d6sszes term\u00e9k","item":"https:\/\/magnetarmagnets.com\/hu\/collections\/osszes-termek\/"},{"@type":"ListItem","position":4,"name":"M\u00e1gneses horg\u00e1szbot \u2013 3 m\u00e9ter"}]},{"@type":"WebSite","@id":"https:\/\/magnetarmagnets.com\/hu\/#website","url":"https:\/\/magnetarmagnets.com\/hu\/","name":"Magnet fishing with a Magnetar fishing magnet","description":"Er\u0151s m\u00e1gnesek m\u00e1gneshorg\u00e1szathoz","publisher":{"@id":"https:\/\/magnetarmagnets.com\/hu\/#organization"},"potentialAction":[{"@type":"SearchAction","target":{"@type":"EntryPoint","urlTemplate":"https:\/\/magnetarmagnets.com\/hu\/?s={search_term_string}"},"query-input":{"@type":"PropertyValueSpecification","valueRequired":true,"valueName":"search_term_string"}}],"inLanguage":"hu"},{"@type":"Organization","@id":"https:\/\/magnetarmagnets.com\/hu\/#organization","name":"Magnetar","url":"https:\/\/magnetarmagnets.com\/hu\/","logo":{"@type":"ImageObject","inLanguage":"hu","@id":"https:\/\/magnetarmagnets.com\/hu\/#\/schema\/logo\/image\/","url":"https:\/\/magnetarmagnets.com\/wp-content\/uploads\/2025\/05\/Logo-03_PNG-Black-scaled.png","contentUrl":"https:\/\/magnetarmagnets.com\/wp-content\/uploads\/2025\/05\/Logo-03_PNG-Black-scaled.png","width":2560,"height":1658,"caption":"Magnetar"},"image":{"@id":"https:\/\/magnetarmagnets.com\/hu\/#\/schema\/logo\/image\/"},"sameAs":["https:\/\/www.facebook.com\/fishingmagnets\/","https:\/\/www.instagram.com\/magnetar_magnets\/","https:\/\/www.linkedin.com\/company\/magnetarbv\/?originalSubdomain=nl","https:\/\/www.youtube.com\/c\/MagnetarVismagneet"]}]}},"_links":{"self":[{"href":"https:\/\/magnetarmagnets.com\/hu\/wp-json\/wp\/v2\/product\/82596","targetHints":{"allow":["GET"]}}],"collection":[{"href":"https:\/\/magnetarmagnets.com\/hu\/wp-json\/wp\/v2\/product"}],"about":[{"href":"https:\/\/magnetarmagnets.com\/hu\/wp-json\/wp\/v2\/types\/product"}],"replies":[{"embeddable":true,"href":"https:\/\/magnetarmagnets.com\/hu\/wp-json\/wp\/v2\/comments?post=82596"}],"version-history":[{"count":1,"href":"https:\/\/magnetarmagnets.com\/hu\/wp-json\/wp\/v2\/product\/82596\/revisions"}],"predecessor-version":[{"id":95172,"href":"https:\/\/magnetarmagnets.com\/hu\/wp-json\/wp\/v2\/product\/82596\/revisions\/95172"}],"wp:featuredmedia":[{"embeddable":true,"href":"https:\/\/magnetarmagnets.com\/hu\/wp-json\/wp\/v2\/media\/72354"}],"wp:attachment":[{"href":"https:\/\/magnetarmagnets.com\/hu\/wp-json\/wp\/v2\/media?parent=82596"}],"wp:term":[{"taxonomy":"product_brand","embeddable":true,"href":"https:\/\/magnetarmagnets.com\/hu\/wp-json\/wp\/v2\/product_brand?post=82596"},{"taxonomy":"product_cat","embeddable":true,"href":"https:\/\/magnetarmagnets.com\/hu\/wp-json\/wp\/v2\/product_cat?post=82596"},{"taxonomy":"product_tag","embeddable":true,"href":"https:\/\/magnetarmagnets.com\/hu\/wp-json\/wp\/v2\/product_tag?post=82596"}],"curies":[{"name":"wp","href":"https:\/\/api.w.org\/{rel}","templated":true}]}}