{"id":82592,"date":"2025-06-05T09:54:15","date_gmt":"2025-06-05T07:54:15","guid":{"rendered":"https:\/\/magnetarmagnets.com\/?post_type=product&#038;p=82592"},"modified":"2026-04-03T12:35:13","modified_gmt":"2026-04-03T10:35:13","slug":"magnetar-kapucnis-pulover","status":"publish","type":"product","link":"https:\/\/magnetarmagnets.com\/hu\/shop\/magnetar-kapucnis-pulover\/","title":{"rendered":"Magnetar kapucnis pul\u00f3ver"},"content":{"rendered":"Magnetar\u00ae log\u00f3s, hossz\u00fa ujj\u00fa kapucnis pul\u00f3ver\u00fcnk annyira k\u00e9nyelmes, hogy ak\u00e1r eg\u00e9sz nap viselheted. Pamut\/poli\u00e9szter kever\u00e9kb\u0151l k\u00e9sz\u00fclt, \u00e9s h\u00edres Magnetar hal log\u00f3nk 3D h\u00edmz\u00e9ssel d\u00edsz\u00edtett. Bels\u0151 fel\u00fclete extra puha, bolyhos\u00edtott. A kapucni pedig \u00e1ll\u00edthat\u00f3, hogy mindig t\u00f6k\u00e9letesen illeszkedjen. H\u00fazd fel a Magnetar log\u00f3s pul\u00f3ver\u00fcnket a k\u00e9nyelem \u00e9s a st\u00edlus t\u00f6k\u00e9letes egyens\u00faly\u00e1\u00e9rt a <a href=\"https:\/\/magnetarmagnets.com\/\">m\u00e1gnes horg\u00e1szat<\/a> sor\u00e1n. A bord\u00e1zott mandzsett\u00e1k \u00e9s szeg\u00e9lyek megtartj\u00e1k eredeti form\u00e1jukat.\r\n<ul>\r\n \t<li>80% pamut\/20% poli\u00e9szter<\/li>\r\n \t<li>\u00c9leth\u0171, 3D h\u00edmz\u00e9ssel k\u00e9sz\u00fclt log\u00f3 a mellkason \u00e9s a h\u00e1ton<\/li>\r\n \t<li>Ultra puha, bolyhos\u00edtott bels\u0151<\/li>\r\n \t<li>Bord\u00e1zott mandzsett\u00e1k \u00e9s szeg\u00e9lyek<\/li>\r\n<\/ul>\r\nV\u00e1s\u00e1rold meg ezt a pul\u00f3vert egy <a href=\"https:\/\/magnetarmagnets.com\/magnet-fishing-kit\/\" target=\"_blank\" rel=\"noopener\">m\u00e1gnes horg\u00e1sz szett<\/a> r\u00e9szek\u00e9nt, \u00e9s m\u00e1r k\u00e9szen \u00e1llsz a k\u00f6vetkez\u0151 kalandra!","protected":false},"excerpt":{"rendered":"<p><span style=\"font-weight: 400;\">Mutasd meg m\u00e1soknak, hogy a <strong>m\u00e1gnes horg\u00e1szat<\/strong> ter\u00e9n is min\u0151s\u00e9ggel horg\u00e1szol! Ak\u00e1r v\u00edzben, ak\u00e1r parton, a Magnetar kapucnis hossz\u00fa ujj\u00fa pul\u00f3ver a <strong>k\u00e9nyelmet<\/strong> szolg\u00e1lja!<\/span><\/p>\n","protected":false},"featured_media":72262,"comment_status":"open","ping_status":"closed","template":"","meta":{"_acf_changed":false,"inline_featured_image":false},"product_brand":[],"product_cat":[536,538,1005],"product_tag":[],"class_list":{"0":"post-82592","1":"product","2":"type-product","3":"status-publish","4":"has-post-thumbnail","6":"product_cat-felszereles","7":"product_cat-merchandise-hu","8":"product_cat-osszes-termek","10":"first","11":"instock","12":"taxable","13":"shipping-taxable","14":"purchasable","15":"product-type-variable"},"acf":[],"yoast_head":"<!-- This site is optimized with the Yoast SEO plugin v27.3 - https:\/\/yoast.com\/product\/yoast-seo-wordpress\/ -->\n<title>Magnetar kapucnis pul\u00f3ver - Magnet fishing with a Magnetar fishing magnet<\/title>\n<meta name=\"description\" content=\"Magnetar kapucnis pul\u00f3ver - K\u00e9nyelmes \u00e9s praktikus\" \/>\n<meta name=\"robots\" content=\"index, follow, max-snippet:-1, max-image-preview:large, max-video-preview:-1\" \/>\n<link rel=\"canonical\" href=\"https:\/\/magnetarmagnets.com\/hu\/shop\/magnetar-kapucnis-pulover\/\" \/>\n<meta property=\"og:locale\" content=\"hu_HU\" \/>\n<meta property=\"og:type\" content=\"article\" \/>\n<meta property=\"og:title\" content=\"Magnetar kapucnis pul\u00f3ver - Magnet fishing with a Magnetar fishing magnet\" \/>\n<meta property=\"og:description\" content=\"Magnetar kapucnis pul\u00f3ver - K\u00e9nyelmes \u00e9s praktikus\" \/>\n<meta property=\"og:url\" content=\"https:\/\/magnetarmagnets.com\/hu\/shop\/magnetar-kapucnis-pulover\/\" \/>\n<meta property=\"og:site_name\" content=\"Magnet fishing with a Magnetar fishing magnet\" \/>\n<meta property=\"article:publisher\" content=\"https:\/\/www.facebook.com\/fishingmagnets\/\" \/>\n<meta property=\"article:modified_time\" content=\"2026-04-03T10:35:13+00:00\" \/>\n<meta property=\"og:image\" content=\"https:\/\/magnetarmagnets.com\/wp-content\/uploads\/2020\/01\/Magnetar-Hoodie-Magnet-fishing-clothing-scaled.jpg\" \/>\n\t<meta property=\"og:image:width\" content=\"2560\" \/>\n\t<meta property=\"og:image:height\" content=\"2560\" \/>\n\t<meta property=\"og:image:type\" content=\"image\/jpeg\" \/>\n<meta name=\"twitter:card\" content=\"summary_large_image\" \/>\n<meta name=\"twitter:label1\" content=\"Becs\u00fclt olvas\u00e1si id\u0151\" \/>\n\t<meta name=\"twitter:data1\" content=\"1 perc\" \/>\n<script type=\"application\/ld+json\" class=\"yoast-schema-graph\">{\"@context\":\"https:\\\/\\\/schema.org\",\"@graph\":[{\"@type\":[\"WebPage\",\"ItemPage\"],\"@id\":\"https:\\\/\\\/magnetarmagnets.com\\\/hu\\\/shop\\\/magnetar-kapucnis-pulover\\\/\",\"url\":\"https:\\\/\\\/magnetarmagnets.com\\\/hu\\\/shop\\\/magnetar-kapucnis-pulover\\\/\",\"name\":\"Magnetar kapucnis pul\u00f3ver - Magnet fishing with a Magnetar fishing magnet\",\"isPartOf\":{\"@id\":\"https:\\\/\\\/magnetarmagnets.com\\\/hu\\\/#website\"},\"primaryImageOfPage\":{\"@id\":\"https:\\\/\\\/magnetarmagnets.com\\\/hu\\\/shop\\\/magnetar-kapucnis-pulover\\\/#primaryimage\"},\"image\":{\"@id\":\"https:\\\/\\\/magnetarmagnets.com\\\/hu\\\/shop\\\/magnetar-kapucnis-pulover\\\/#primaryimage\"},\"thumbnailUrl\":\"https:\\\/\\\/magnetarmagnets.com\\\/wp-content\\\/uploads\\\/2020\\\/01\\\/Magnetar-Hoodie-Magnet-fishing-clothing-scaled.jpg\",\"datePublished\":\"2025-06-05T07:54:15+00:00\",\"dateModified\":\"2026-04-03T10:35:13+00:00\",\"description\":\"Magnetar kapucnis pul\u00f3ver - K\u00e9nyelmes \u00e9s praktikus\",\"breadcrumb\":{\"@id\":\"https:\\\/\\\/magnetarmagnets.com\\\/hu\\\/shop\\\/magnetar-kapucnis-pulover\\\/#breadcrumb\"},\"inLanguage\":\"hu\",\"potentialAction\":[{\"@type\":\"ReadAction\",\"target\":[\"https:\\\/\\\/magnetarmagnets.com\\\/hu\\\/shop\\\/magnetar-kapucnis-pulover\\\/\"]}]},{\"@type\":\"ImageObject\",\"inLanguage\":\"hu\",\"@id\":\"https:\\\/\\\/magnetarmagnets.com\\\/hu\\\/shop\\\/magnetar-kapucnis-pulover\\\/#primaryimage\",\"url\":\"https:\\\/\\\/magnetarmagnets.com\\\/wp-content\\\/uploads\\\/2020\\\/01\\\/Magnetar-Hoodie-Magnet-fishing-clothing-scaled.jpg\",\"contentUrl\":\"https:\\\/\\\/magnetarmagnets.com\\\/wp-content\\\/uploads\\\/2020\\\/01\\\/Magnetar-Hoodie-Magnet-fishing-clothing-scaled.jpg\",\"width\":2560,\"height\":2560,\"caption\":\"Magnetar Hoodie Magnet fishing clothing\"},{\"@type\":\"BreadcrumbList\",\"@id\":\"https:\\\/\\\/magnetarmagnets.com\\\/hu\\\/shop\\\/magnetar-kapucnis-pulover\\\/#breadcrumb\",\"itemListElement\":[{\"@type\":\"ListItem\",\"position\":1,\"name\":\"Home\",\"item\":\"https:\\\/\\\/magnetarmagnets.com\\\/hu\\\/\"},{\"@type\":\"ListItem\",\"position\":2,\"name\":\"Webshop\",\"item\":\"https:\\\/\\\/magnetarmagnets.com\\\/webshop\\\/\"},{\"@type\":\"ListItem\",\"position\":3,\"name\":\"Felszerel\u00e9s\",\"item\":\"https:\\\/\\\/magnetarmagnets.com\\\/hu\\\/collections\\\/felszereles\\\/\"},{\"@type\":\"ListItem\",\"position\":4,\"name\":\"Merchandise\",\"item\":\"https:\\\/\\\/magnetarmagnets.com\\\/hu\\\/collections\\\/felszereles\\\/merchandise-hu\\\/\"},{\"@type\":\"ListItem\",\"position\":5,\"name\":\"Magnetar kapucnis pul\u00f3ver\"}]},{\"@type\":\"WebSite\",\"@id\":\"https:\\\/\\\/magnetarmagnets.com\\\/hu\\\/#website\",\"url\":\"https:\\\/\\\/magnetarmagnets.com\\\/hu\\\/\",\"name\":\"Magnet fishing with a Magnetar fishing magnet\",\"description\":\"Er\u0151s m\u00e1gnesek m\u00e1gneshorg\u00e1szathoz\",\"publisher\":{\"@id\":\"https:\\\/\\\/magnetarmagnets.com\\\/hu\\\/#organization\"},\"potentialAction\":[{\"@type\":\"SearchAction\",\"target\":{\"@type\":\"EntryPoint\",\"urlTemplate\":\"https:\\\/\\\/magnetarmagnets.com\\\/hu\\\/?s={search_term_string}\"},\"query-input\":{\"@type\":\"PropertyValueSpecification\",\"valueRequired\":true,\"valueName\":\"search_term_string\"}}],\"inLanguage\":\"hu\"},{\"@type\":\"Organization\",\"@id\":\"https:\\\/\\\/magnetarmagnets.com\\\/hu\\\/#organization\",\"name\":\"Magnetar\",\"url\":\"https:\\\/\\\/magnetarmagnets.com\\\/hu\\\/\",\"logo\":{\"@type\":\"ImageObject\",\"inLanguage\":\"hu\",\"@id\":\"https:\\\/\\\/magnetarmagnets.com\\\/hu\\\/#\\\/schema\\\/logo\\\/image\\\/\",\"url\":\"https:\\\/\\\/magnetarmagnets.com\\\/wp-content\\\/uploads\\\/2025\\\/05\\\/Logo-03_PNG-Black-scaled.png\",\"contentUrl\":\"https:\\\/\\\/magnetarmagnets.com\\\/wp-content\\\/uploads\\\/2025\\\/05\\\/Logo-03_PNG-Black-scaled.png\",\"width\":2560,\"height\":1658,\"caption\":\"Magnetar\"},\"image\":{\"@id\":\"https:\\\/\\\/magnetarmagnets.com\\\/hu\\\/#\\\/schema\\\/logo\\\/image\\\/\"},\"sameAs\":[\"https:\\\/\\\/www.facebook.com\\\/fishingmagnets\\\/\",\"https:\\\/\\\/www.instagram.com\\\/magnetar_magnets\\\/\",\"https:\\\/\\\/www.linkedin.com\\\/company\\\/magnetarbv\\\/?originalSubdomain=nl\",\"https:\\\/\\\/www.youtube.com\\\/c\\\/MagnetarVismagneet\"]}]}<\/script>\n<!-- \/ Yoast SEO plugin. -->","yoast_head_json":{"title":"Magnetar kapucnis pul\u00f3ver - Magnet fishing with a Magnetar fishing magnet","description":"Magnetar kapucnis pul\u00f3ver - K\u00e9nyelmes \u00e9s praktikus","robots":{"index":"index","follow":"follow","max-snippet":"max-snippet:-1","max-image-preview":"max-image-preview:large","max-video-preview":"max-video-preview:-1"},"canonical":"https:\/\/magnetarmagnets.com\/hu\/shop\/magnetar-kapucnis-pulover\/","og_locale":"hu_HU","og_type":"article","og_title":"Magnetar kapucnis pul\u00f3ver - Magnet fishing with a Magnetar fishing magnet","og_description":"Magnetar kapucnis pul\u00f3ver - K\u00e9nyelmes \u00e9s praktikus","og_url":"https:\/\/magnetarmagnets.com\/hu\/shop\/magnetar-kapucnis-pulover\/","og_site_name":"Magnet fishing with a Magnetar fishing magnet","article_publisher":"https:\/\/www.facebook.com\/fishingmagnets\/","article_modified_time":"2026-04-03T10:35:13+00:00","og_image":[{"width":2560,"height":2560,"url":"https:\/\/magnetarmagnets.com\/wp-content\/uploads\/2020\/01\/Magnetar-Hoodie-Magnet-fishing-clothing-scaled.jpg","type":"image\/jpeg"}],"twitter_card":"summary_large_image","twitter_misc":{"Becs\u00fclt olvas\u00e1si id\u0151":"1 perc"},"schema":{"@context":"https:\/\/schema.org","@graph":[{"@type":["WebPage","ItemPage"],"@id":"https:\/\/magnetarmagnets.com\/hu\/shop\/magnetar-kapucnis-pulover\/","url":"https:\/\/magnetarmagnets.com\/hu\/shop\/magnetar-kapucnis-pulover\/","name":"Magnetar kapucnis pul\u00f3ver - Magnet fishing with a Magnetar fishing magnet","isPartOf":{"@id":"https:\/\/magnetarmagnets.com\/hu\/#website"},"primaryImageOfPage":{"@id":"https:\/\/magnetarmagnets.com\/hu\/shop\/magnetar-kapucnis-pulover\/#primaryimage"},"image":{"@id":"https:\/\/magnetarmagnets.com\/hu\/shop\/magnetar-kapucnis-pulover\/#primaryimage"},"thumbnailUrl":"https:\/\/magnetarmagnets.com\/wp-content\/uploads\/2020\/01\/Magnetar-Hoodie-Magnet-fishing-clothing-scaled.jpg","datePublished":"2025-06-05T07:54:15+00:00","dateModified":"2026-04-03T10:35:13+00:00","description":"Magnetar kapucnis pul\u00f3ver - K\u00e9nyelmes \u00e9s praktikus","breadcrumb":{"@id":"https:\/\/magnetarmagnets.com\/hu\/shop\/magnetar-kapucnis-pulover\/#breadcrumb"},"inLanguage":"hu","potentialAction":[{"@type":"ReadAction","target":["https:\/\/magnetarmagnets.com\/hu\/shop\/magnetar-kapucnis-pulover\/"]}]},{"@type":"ImageObject","inLanguage":"hu","@id":"https:\/\/magnetarmagnets.com\/hu\/shop\/magnetar-kapucnis-pulover\/#primaryimage","url":"https:\/\/magnetarmagnets.com\/wp-content\/uploads\/2020\/01\/Magnetar-Hoodie-Magnet-fishing-clothing-scaled.jpg","contentUrl":"https:\/\/magnetarmagnets.com\/wp-content\/uploads\/2020\/01\/Magnetar-Hoodie-Magnet-fishing-clothing-scaled.jpg","width":2560,"height":2560,"caption":"Magnetar Hoodie Magnet fishing clothing"},{"@type":"BreadcrumbList","@id":"https:\/\/magnetarmagnets.com\/hu\/shop\/magnetar-kapucnis-pulover\/#breadcrumb","itemListElement":[{"@type":"ListItem","position":1,"name":"Home","item":"https:\/\/magnetarmagnets.com\/hu\/"},{"@type":"ListItem","position":2,"name":"Webshop","item":"https:\/\/magnetarmagnets.com\/webshop\/"},{"@type":"ListItem","position":3,"name":"Felszerel\u00e9s","item":"https:\/\/magnetarmagnets.com\/hu\/collections\/felszereles\/"},{"@type":"ListItem","position":4,"name":"Merchandise","item":"https:\/\/magnetarmagnets.com\/hu\/collections\/felszereles\/merchandise-hu\/"},{"@type":"ListItem","position":5,"name":"Magnetar kapucnis pul\u00f3ver"}]},{"@type":"WebSite","@id":"https:\/\/magnetarmagnets.com\/hu\/#website","url":"https:\/\/magnetarmagnets.com\/hu\/","name":"Magnet fishing with a Magnetar fishing magnet","description":"Er\u0151s m\u00e1gnesek m\u00e1gneshorg\u00e1szathoz","publisher":{"@id":"https:\/\/magnetarmagnets.com\/hu\/#organization"},"potentialAction":[{"@type":"SearchAction","target":{"@type":"EntryPoint","urlTemplate":"https:\/\/magnetarmagnets.com\/hu\/?s={search_term_string}"},"query-input":{"@type":"PropertyValueSpecification","valueRequired":true,"valueName":"search_term_string"}}],"inLanguage":"hu"},{"@type":"Organization","@id":"https:\/\/magnetarmagnets.com\/hu\/#organization","name":"Magnetar","url":"https:\/\/magnetarmagnets.com\/hu\/","logo":{"@type":"ImageObject","inLanguage":"hu","@id":"https:\/\/magnetarmagnets.com\/hu\/#\/schema\/logo\/image\/","url":"https:\/\/magnetarmagnets.com\/wp-content\/uploads\/2025\/05\/Logo-03_PNG-Black-scaled.png","contentUrl":"https:\/\/magnetarmagnets.com\/wp-content\/uploads\/2025\/05\/Logo-03_PNG-Black-scaled.png","width":2560,"height":1658,"caption":"Magnetar"},"image":{"@id":"https:\/\/magnetarmagnets.com\/hu\/#\/schema\/logo\/image\/"},"sameAs":["https:\/\/www.facebook.com\/fishingmagnets\/","https:\/\/www.instagram.com\/magnetar_magnets\/","https:\/\/www.linkedin.com\/company\/magnetarbv\/?originalSubdomain=nl","https:\/\/www.youtube.com\/c\/MagnetarVismagneet"]}]}},"_links":{"self":[{"href":"https:\/\/magnetarmagnets.com\/hu\/wp-json\/wp\/v2\/product\/82592","targetHints":{"allow":["GET"]}}],"collection":[{"href":"https:\/\/magnetarmagnets.com\/hu\/wp-json\/wp\/v2\/product"}],"about":[{"href":"https:\/\/magnetarmagnets.com\/hu\/wp-json\/wp\/v2\/types\/product"}],"replies":[{"embeddable":true,"href":"https:\/\/magnetarmagnets.com\/hu\/wp-json\/wp\/v2\/comments?post=82592"}],"version-history":[{"count":0,"href":"https:\/\/magnetarmagnets.com\/hu\/wp-json\/wp\/v2\/product\/82592\/revisions"}],"wp:featuredmedia":[{"embeddable":true,"href":"https:\/\/magnetarmagnets.com\/hu\/wp-json\/wp\/v2\/media\/72262"}],"wp:attachment":[{"href":"https:\/\/magnetarmagnets.com\/hu\/wp-json\/wp\/v2\/media?parent=82592"}],"wp:term":[{"taxonomy":"product_brand","embeddable":true,"href":"https:\/\/magnetarmagnets.com\/hu\/wp-json\/wp\/v2\/product_brand?post=82592"},{"taxonomy":"product_cat","embeddable":true,"href":"https:\/\/magnetarmagnets.com\/hu\/wp-json\/wp\/v2\/product_cat?post=82592"},{"taxonomy":"product_tag","embeddable":true,"href":"https:\/\/magnetarmagnets.com\/hu\/wp-json\/wp\/v2\/product_tag?post=82592"}],"curies":[{"name":"wp","href":"https:\/\/api.w.org\/{rel}","templated":true}]}}