{"id":82591,"date":"2025-06-05T09:54:15","date_gmt":"2025-06-05T07:54:15","guid":{"rendered":"https:\/\/magnetarmagnets.com\/?post_type=product&#038;p=82591"},"modified":"2026-04-04T09:02:51","modified_gmt":"2026-04-04T07:02:51","slug":"fishing-pole-package-1-0-280-kg-huzoero-easy-allround-360-magnes-horgasz-szett","status":"publish","type":"product","link":"https:\/\/magnetarmagnets.com\/hu\/shop\/fishing-pole-package-1-0-280-kg-huzoero-easy-allround-360-magnes-horgasz-szett\/","title":{"rendered":"Fishing Pole Package 1.0 \u2013 280 kg h\u00faz\u00f3er\u0151 \u2013 Easy Allround 360\u00b0 m\u00e1gnes horg\u00e1sz szett"},"content":{"rendered":"<ul>\n  \t<li style=\"font-weight: 400;\"><span style=\"font-weight: 400;\">Extra hossz\u00fa nyom\u00f3bot: 3 m\u00e9ter (3&#215;1 m\u00e9teres szakaszok)<\/span><\/li>\n  \t<li style=\"font-weight: 400;\"><span style=\"font-weight: 400;\">Gyors \u00f6ssze- \u00e9s sz\u00e9tszerel\u00e9s<\/span><\/li>\n  \t<li style=\"font-weight: 400;\"><span style=\"font-weight: 400;\">Teljesen felk\u00e9sz\u00edtve a m\u00e1gneses horg\u00e1szathoz<\/span><\/li>\n  \t<li style=\"font-weight: 400;\"><span style=\"font-weight: 400;\">Alum\u00ednium bot, nem rozsd\u00e1sodik \u00e9s extra k\u00f6nny\u0171<\/span><\/li>\n  \t<li style=\"font-weight: 400;\"><span style=\"font-weight: 400;\">T\u00f6k\u00e9letes s\u00faly: 1,3 kg \/ 2,9 lb<\/span><\/li>\n  \t<li style=\"font-weight: 400;\"><span style=\"font-weight: 400;\">K\u00f6nnyen sz\u00e1ll\u00edthat\u00f3<\/span><\/li>\n  \t<li style=\"font-weight: 400;\"><span style=\"font-weight: 400;\">Tartalmaz t\u00e1rol\u00f3t\u00e1sk\u00e1t<\/span><\/li>\n  \t<li style=\"font-weight: 400;\"><span style=\"font-weight: 400;\">K\u00f6t\u00e9l r\u00f6gz\u00edt\u00e9s\u00e9hez csatok a csomagban<\/span><\/li>\n  \t<li style=\"font-weight: 400;\"><span style=\"font-weight: 400;\">Extra csomagkedvezm\u00e9ny!<\/span><\/li>\n<\/ul>\n<strong>Szeretn\u00e9l er\u0151sebb m\u00e1gnest haszn\u00e1lni a nyom\u00f3botodon? N\u00e9zd meg a Pokestick csomag 2-t!<\/strong>\n<span style=\"font-weight: 400;\">Szeretn\u00e9l elkezdeni a m\u00e1gneses horg\u00e1szatot \u00e9s keresed a megfelel\u0151 felszerel\u00e9st? Ebben az esetben a nyom\u00f3bot-csomag t\u00f6k\u00e9letes v\u00e1laszt\u00e1s! A csomag tartalmazza a \u2018Lange Jan\u2019 botot, az <a href=\"https:\/\/magnetarmagnets.com\/shop\/easy-magnet\/\">Easy<\/a> horg\u00e1sz m\u00e1gnest, <a href=\"https:\/\/magnetarmagnets.com\/shop\/gloves-waterproof\/\">v\u00edz\u00e1ll\u00f3 keszty\u0171ket<\/a>, <a href=\"https:\/\/magnetarmagnets.com\/shop\/lock-glue-metal\/\">menetr\u00f6gz\u00edt\u0151 ragaszt\u00f3t<\/a> \u00e9s a nyom\u00f3bot t\u00e1rol\u00f3t\u00e1sk\u00e1j\u00e1t. A \u2018Lange Jan\u2019 haszn\u00e1lat\u00e1val m\u00e9lyebbre hatolhatsz a s\u00e1rban, mint egy k\u00f6t\u00e9llel, \u00edgy nagyobb es\u00e9llyel tal\u00e1lod meg a s\u00e1r m\u00e9ly\u00e9n rejt\u0151z\u0151 t\u00e1rgyakat. Szeretn\u00e9l mindent kihal\u00e1szni a v\u00edzb\u0151l, vagy v\u00e1ltozatoss\u00e1gra v\u00e1gysz a m\u00e1gnes horg\u00e1szat sor\u00e1n? Akkor ez a megfelel\u0151 v\u00e1laszt\u00e1s.<\/span>\n<strong>Nyom\u00f3bot m\u00e1gneses horg\u00e1szathoz?<\/strong>\n<span style=\"font-weight: 400;\">Val\u00f3sz\u00edn\u0171leg ismered a k\u00f6teles m\u00e1gneses horg\u00e1szatot, de hallott\u00e1l m\u00e1r a pokestick m\u00e1gneses horg\u00e1szatr\u00f3l? Ez egy k\u00f6nnyebb m\u00f3dja annak, hogy a s\u00e1r alatt vagy a n\u00e1d k\u00f6z\u00f6tt rejt\u0151z\u0151 t\u00e1rgyakhoz juss. K\u00f6teles m\u00e1gnessel soha nem \u00e9rsz el 1 m\u00e9tern\u00e9l m\u00e9lyebbre a s\u00e1rban, de egy Magnetar pokestickkel igen. Szeretn\u00e9d, hogy ezek a kincsek tov\u00e1bbra is rejtve maradjanak? Vagy ink\u00e1bb a nyom\u00f3botunkat \u00e9s a horg\u00e1sz m\u00e1gnest haszn\u00e1ln\u00e1d, hogy minden kincset el\u0151h\u00fazz?<\/span>\nKattints ide az \u00f6sszeszerel\u00e9st bemutat\u00f3 <a href=\"https:\/\/www.youtube.com\/watch?v=zK9xbaohgCw\">\u00fatmutat\u00f3 vide\u00f3 megtekint\u00e9s\u00e9hez<\/a>.\n<h2><b>V\u00e9d\u0151bor\u00edt\u00e1s<\/b><\/h2>\nA v\u00e9d\u0151bor\u00edt\u00e1s, amely ebben a csomagban tal\u00e1lhat\u00f3, t\u00f6k\u00e9letes kieg\u00e9sz\u00edt\u0151 a m\u00e1gneshorg\u00e1szok sz\u00e1m\u00e1ra, akik haszn\u00e1lat k\u00f6zben szeretn\u00e9k meg\u00f3vni neod\u00edmium m\u00e1gnes\u00fcket. Ezek a tart\u00f3s bor\u00edt\u00e1sok kifejezetten \u00fagy k\u00e9sz\u00fcltek, hogy t\u00f6k\u00e9letesen illeszkedjenek a m\u00e1gnesre, \u00e9s extra v\u00e9delmi r\u00e9teget ny\u00fajtsanak karcol\u00e1sok, t\u00f6r\u00e9sek \u00e9s egy\u00e9b s\u00e9r\u00fcl\u00e9sek ellen. V\u00e9d\u0151bor\u00edt\u00e1saink hossz\u00fa \u00e9lettartamra lettek tervezve \u00e9s a legkem\u00e9nyebb k\u00f6r\u00fclm\u00e9nyeket is kib\u00edrj\u00e1k. A bor\u00edt\u00e1s rozsdamentes ac\u00e9lb\u00f3l k\u00e9sz\u00fclt, \u00edgy m\u00e1gnesed 360\u00b0-ban meg\u0151rzi m\u00e1gneses erej\u00e9t. V\u00e9d\u0151bor\u00edt\u00e1sainkkal nyugodtan \u00e9lvezheted a m\u00e1gnes horg\u00e1szatot an\u00e9lk\u00fcl, hogy agg\u00f3dn\u00e1l a dr\u00e1ga horg\u00e1sz m\u00e1gnesed s\u00e9r\u00fcl\u00e9se miatt.\n(K\u00e9rj\u00fck, vedd figyelembe, hogy a m\u00e1gnes alja nincs v\u00e9dve a bor\u00edt\u00e1ssal)","protected":false},"excerpt":{"rendered":"<p>Prec\u00edz <strong>m\u00e1gnes horg\u00e1szatot<\/strong> szeretn\u00e9l? A <strong>Fishing Pole Package 1.0<\/strong> seg\u00edts\u00e9g\u00e9vel megteheted! <strong>Egyes\u00edtsd<\/strong> az allround 360\u00b0 Easy horg\u00e1sz m\u00e1gnest a Magnet Pole bottal.<\/p>\n","protected":false},"featured_media":74051,"comment_status":"open","ping_status":"closed","template":"","meta":{"_acf_changed":false,"inline_featured_image":false},"product_brand":[],"product_cat":[542,534,528,533,541],"product_tag":[],"class_list":{"0":"post-82591","1":"product","2":"type-product","3":"status-publish","4":"has-post-thumbnail","6":"product_cat-halado-kalandorok","7":"product_cat-horgasz-magnes-keszlet","8":"product_cat-horgasz-magnesek","9":"product_cat-horgasz-magnesek-360","10":"product_cat-kezdok-es-gyerekek","12":"first","13":"instock","14":"sale","15":"taxable","16":"shipping-taxable","17":"purchasable","18":"product-type-simple"},"acf":[],"yoast_head":"<!-- This site is optimized with the Yoast SEO plugin v27.3 - https:\/\/yoast.com\/product\/yoast-seo-wordpress\/ -->\n<title>Fishing Pole Package 1.0 \u2013 280 kg h\u00faz\u00f3er\u0151 \u2013 Easy Allround 360\u00b0 m\u00e1gnes horg\u00e1sz szett - Magnet fishing with a Magnetar fishing magnet<\/title>\n<meta name=\"description\" content=\"Fishing Pole Package 1.0 \u2013 280 kg Easy \u2013 Magnetar\" \/>\n<meta name=\"robots\" content=\"index, follow, max-snippet:-1, max-image-preview:large, max-video-preview:-1\" \/>\n<link rel=\"canonical\" href=\"https:\/\/magnetarmagnets.com\/hu\/shop\/fishing-pole-package-1-0-280-kg-huzoero-easy-allround-360-magnes-horgasz-szett\/\" \/>\n<meta property=\"og:locale\" content=\"hu_HU\" \/>\n<meta property=\"og:type\" content=\"article\" \/>\n<meta property=\"og:title\" content=\"Fishing Pole Package 1.0 \u2013 280 kg h\u00faz\u00f3er\u0151 \u2013 Easy Allround 360\u00b0 m\u00e1gnes horg\u00e1sz szett - Magnet fishing with a Magnetar fishing magnet\" \/>\n<meta property=\"og:description\" content=\"Fishing Pole Package 1.0 \u2013 280 kg Easy \u2013 Magnetar\" \/>\n<meta property=\"og:url\" content=\"https:\/\/magnetarmagnets.com\/hu\/shop\/fishing-pole-package-1-0-280-kg-huzoero-easy-allround-360-magnes-horgasz-szett\/\" \/>\n<meta property=\"og:site_name\" content=\"Magnet fishing with a Magnetar fishing magnet\" \/>\n<meta property=\"article:publisher\" content=\"https:\/\/www.facebook.com\/fishingmagnets\/\" \/>\n<meta property=\"article:modified_time\" content=\"2026-04-04T07:02:51+00:00\" \/>\n<meta property=\"og:image\" content=\"https:\/\/magnetarmagnets.com\/wp-content\/uploads\/2019\/06\/deep-seeker-package-1.jpg\" \/>\n\t<meta property=\"og:image:width\" content=\"1500\" \/>\n\t<meta property=\"og:image:height\" content=\"1500\" \/>\n\t<meta property=\"og:image:type\" content=\"image\/jpeg\" \/>\n<meta name=\"twitter:card\" content=\"summary_large_image\" \/>\n<meta name=\"twitter:label1\" content=\"Becs\u00fclt olvas\u00e1si id\u0151\" \/>\n\t<meta name=\"twitter:data1\" content=\"2 perc\" \/>\n<script type=\"application\/ld+json\" class=\"yoast-schema-graph\">{\"@context\":\"https:\\\/\\\/schema.org\",\"@graph\":[{\"@type\":[\"WebPage\",\"ItemPage\"],\"@id\":\"https:\\\/\\\/magnetarmagnets.com\\\/hu\\\/shop\\\/fishing-pole-package-1-0-280-kg-huzoero-easy-allround-360-magnes-horgasz-szett\\\/\",\"url\":\"https:\\\/\\\/magnetarmagnets.com\\\/hu\\\/shop\\\/fishing-pole-package-1-0-280-kg-huzoero-easy-allround-360-magnes-horgasz-szett\\\/\",\"name\":\"Fishing Pole Package 1.0 \u2013 280 kg h\u00faz\u00f3er\u0151 \u2013 Easy Allround 360\u00b0 m\u00e1gnes horg\u00e1sz szett - Magnet fishing with a Magnetar fishing magnet\",\"isPartOf\":{\"@id\":\"https:\\\/\\\/magnetarmagnets.com\\\/hu\\\/#website\"},\"primaryImageOfPage\":{\"@id\":\"https:\\\/\\\/magnetarmagnets.com\\\/hu\\\/shop\\\/fishing-pole-package-1-0-280-kg-huzoero-easy-allround-360-magnes-horgasz-szett\\\/#primaryimage\"},\"image\":{\"@id\":\"https:\\\/\\\/magnetarmagnets.com\\\/hu\\\/shop\\\/fishing-pole-package-1-0-280-kg-huzoero-easy-allround-360-magnes-horgasz-szett\\\/#primaryimage\"},\"thumbnailUrl\":\"https:\\\/\\\/magnetarmagnets.com\\\/wp-content\\\/uploads\\\/2019\\\/06\\\/deep-seeker-package-1.jpg\",\"datePublished\":\"2025-06-05T07:54:15+00:00\",\"dateModified\":\"2026-04-04T07:02:51+00:00\",\"description\":\"Fishing Pole Package 1.0 \u2013 280 kg Easy \u2013 Magnetar\",\"breadcrumb\":{\"@id\":\"https:\\\/\\\/magnetarmagnets.com\\\/hu\\\/shop\\\/fishing-pole-package-1-0-280-kg-huzoero-easy-allround-360-magnes-horgasz-szett\\\/#breadcrumb\"},\"inLanguage\":\"hu\",\"potentialAction\":[{\"@type\":\"ReadAction\",\"target\":[\"https:\\\/\\\/magnetarmagnets.com\\\/hu\\\/shop\\\/fishing-pole-package-1-0-280-kg-huzoero-easy-allround-360-magnes-horgasz-szett\\\/\"]}]},{\"@type\":\"ImageObject\",\"inLanguage\":\"hu\",\"@id\":\"https:\\\/\\\/magnetarmagnets.com\\\/hu\\\/shop\\\/fishing-pole-package-1-0-280-kg-huzoero-easy-allround-360-magnes-horgasz-szett\\\/#primaryimage\",\"url\":\"https:\\\/\\\/magnetarmagnets.com\\\/wp-content\\\/uploads\\\/2019\\\/06\\\/deep-seeker-package-1.jpg\",\"contentUrl\":\"https:\\\/\\\/magnetarmagnets.com\\\/wp-content\\\/uploads\\\/2019\\\/06\\\/deep-seeker-package-1.jpg\",\"width\":1500,\"height\":1500,\"caption\":\"The best fishing magnet set for precise magnet fishing.\"},{\"@type\":\"BreadcrumbList\",\"@id\":\"https:\\\/\\\/magnetarmagnets.com\\\/hu\\\/shop\\\/fishing-pole-package-1-0-280-kg-huzoero-easy-allround-360-magnes-horgasz-szett\\\/#breadcrumb\",\"itemListElement\":[{\"@type\":\"ListItem\",\"position\":1,\"name\":\"Home\",\"item\":\"https:\\\/\\\/magnetarmagnets.com\\\/hu\\\/\"},{\"@type\":\"ListItem\",\"position\":2,\"name\":\"Webshop\",\"item\":\"https:\\\/\\\/magnetarmagnets.com\\\/webshop\\\/\"},{\"@type\":\"ListItem\",\"position\":3,\"name\":\"Horg\u00e1sz m\u00e1gnesek\",\"item\":\"https:\\\/\\\/magnetarmagnets.com\\\/hu\\\/collections\\\/horgasz-magnesek\\\/\"},{\"@type\":\"ListItem\",\"position\":4,\"name\":\"Horg\u00e1sz m\u00e1gnesek 360\u00b0\",\"item\":\"https:\\\/\\\/magnetarmagnets.com\\\/hu\\\/collections\\\/horgasz-magnesek\\\/horgasz-magnesek-360\\\/\"},{\"@type\":\"ListItem\",\"position\":5,\"name\":\"Fishing Pole Package 1.0 \u2013 280 kg h\u00faz\u00f3er\u0151 \u2013 Easy Allround 360\u00b0 m\u00e1gnes horg\u00e1sz szett\"}]},{\"@type\":\"WebSite\",\"@id\":\"https:\\\/\\\/magnetarmagnets.com\\\/hu\\\/#website\",\"url\":\"https:\\\/\\\/magnetarmagnets.com\\\/hu\\\/\",\"name\":\"Magnet fishing with a Magnetar fishing magnet\",\"description\":\"Er\u0151s m\u00e1gnesek m\u00e1gneshorg\u00e1szathoz\",\"publisher\":{\"@id\":\"https:\\\/\\\/magnetarmagnets.com\\\/hu\\\/#organization\"},\"potentialAction\":[{\"@type\":\"SearchAction\",\"target\":{\"@type\":\"EntryPoint\",\"urlTemplate\":\"https:\\\/\\\/magnetarmagnets.com\\\/hu\\\/?s={search_term_string}\"},\"query-input\":{\"@type\":\"PropertyValueSpecification\",\"valueRequired\":true,\"valueName\":\"search_term_string\"}}],\"inLanguage\":\"hu\"},{\"@type\":\"Organization\",\"@id\":\"https:\\\/\\\/magnetarmagnets.com\\\/hu\\\/#organization\",\"name\":\"Magnetar\",\"url\":\"https:\\\/\\\/magnetarmagnets.com\\\/hu\\\/\",\"logo\":{\"@type\":\"ImageObject\",\"inLanguage\":\"hu\",\"@id\":\"https:\\\/\\\/magnetarmagnets.com\\\/hu\\\/#\\\/schema\\\/logo\\\/image\\\/\",\"url\":\"https:\\\/\\\/magnetarmagnets.com\\\/wp-content\\\/uploads\\\/2025\\\/05\\\/Logo-03_PNG-Black-scaled.png\",\"contentUrl\":\"https:\\\/\\\/magnetarmagnets.com\\\/wp-content\\\/uploads\\\/2025\\\/05\\\/Logo-03_PNG-Black-scaled.png\",\"width\":2560,\"height\":1658,\"caption\":\"Magnetar\"},\"image\":{\"@id\":\"https:\\\/\\\/magnetarmagnets.com\\\/hu\\\/#\\\/schema\\\/logo\\\/image\\\/\"},\"sameAs\":[\"https:\\\/\\\/www.facebook.com\\\/fishingmagnets\\\/\",\"https:\\\/\\\/www.instagram.com\\\/magnetar_magnets\\\/\",\"https:\\\/\\\/www.linkedin.com\\\/company\\\/magnetarbv\\\/?originalSubdomain=nl\",\"https:\\\/\\\/www.youtube.com\\\/c\\\/MagnetarVismagneet\"]}]}<\/script>\n<!-- \/ Yoast SEO plugin. -->","yoast_head_json":{"title":"Fishing Pole Package 1.0 \u2013 280 kg h\u00faz\u00f3er\u0151 \u2013 Easy Allround 360\u00b0 m\u00e1gnes horg\u00e1sz szett - Magnet fishing with a Magnetar fishing magnet","description":"Fishing Pole Package 1.0 \u2013 280 kg Easy \u2013 Magnetar","robots":{"index":"index","follow":"follow","max-snippet":"max-snippet:-1","max-image-preview":"max-image-preview:large","max-video-preview":"max-video-preview:-1"},"canonical":"https:\/\/magnetarmagnets.com\/hu\/shop\/fishing-pole-package-1-0-280-kg-huzoero-easy-allround-360-magnes-horgasz-szett\/","og_locale":"hu_HU","og_type":"article","og_title":"Fishing Pole Package 1.0 \u2013 280 kg h\u00faz\u00f3er\u0151 \u2013 Easy Allround 360\u00b0 m\u00e1gnes horg\u00e1sz szett - Magnet fishing with a Magnetar fishing magnet","og_description":"Fishing Pole Package 1.0 \u2013 280 kg Easy \u2013 Magnetar","og_url":"https:\/\/magnetarmagnets.com\/hu\/shop\/fishing-pole-package-1-0-280-kg-huzoero-easy-allround-360-magnes-horgasz-szett\/","og_site_name":"Magnet fishing with a Magnetar fishing magnet","article_publisher":"https:\/\/www.facebook.com\/fishingmagnets\/","article_modified_time":"2026-04-04T07:02:51+00:00","og_image":[{"width":1500,"height":1500,"url":"https:\/\/magnetarmagnets.com\/wp-content\/uploads\/2019\/06\/deep-seeker-package-1.jpg","type":"image\/jpeg"}],"twitter_card":"summary_large_image","twitter_misc":{"Becs\u00fclt olvas\u00e1si id\u0151":"2 perc"},"schema":{"@context":"https:\/\/schema.org","@graph":[{"@type":["WebPage","ItemPage"],"@id":"https:\/\/magnetarmagnets.com\/hu\/shop\/fishing-pole-package-1-0-280-kg-huzoero-easy-allround-360-magnes-horgasz-szett\/","url":"https:\/\/magnetarmagnets.com\/hu\/shop\/fishing-pole-package-1-0-280-kg-huzoero-easy-allround-360-magnes-horgasz-szett\/","name":"Fishing Pole Package 1.0 \u2013 280 kg h\u00faz\u00f3er\u0151 \u2013 Easy Allround 360\u00b0 m\u00e1gnes horg\u00e1sz szett - Magnet fishing with a Magnetar fishing magnet","isPartOf":{"@id":"https:\/\/magnetarmagnets.com\/hu\/#website"},"primaryImageOfPage":{"@id":"https:\/\/magnetarmagnets.com\/hu\/shop\/fishing-pole-package-1-0-280-kg-huzoero-easy-allround-360-magnes-horgasz-szett\/#primaryimage"},"image":{"@id":"https:\/\/magnetarmagnets.com\/hu\/shop\/fishing-pole-package-1-0-280-kg-huzoero-easy-allround-360-magnes-horgasz-szett\/#primaryimage"},"thumbnailUrl":"https:\/\/magnetarmagnets.com\/wp-content\/uploads\/2019\/06\/deep-seeker-package-1.jpg","datePublished":"2025-06-05T07:54:15+00:00","dateModified":"2026-04-04T07:02:51+00:00","description":"Fishing Pole Package 1.0 \u2013 280 kg Easy \u2013 Magnetar","breadcrumb":{"@id":"https:\/\/magnetarmagnets.com\/hu\/shop\/fishing-pole-package-1-0-280-kg-huzoero-easy-allround-360-magnes-horgasz-szett\/#breadcrumb"},"inLanguage":"hu","potentialAction":[{"@type":"ReadAction","target":["https:\/\/magnetarmagnets.com\/hu\/shop\/fishing-pole-package-1-0-280-kg-huzoero-easy-allround-360-magnes-horgasz-szett\/"]}]},{"@type":"ImageObject","inLanguage":"hu","@id":"https:\/\/magnetarmagnets.com\/hu\/shop\/fishing-pole-package-1-0-280-kg-huzoero-easy-allround-360-magnes-horgasz-szett\/#primaryimage","url":"https:\/\/magnetarmagnets.com\/wp-content\/uploads\/2019\/06\/deep-seeker-package-1.jpg","contentUrl":"https:\/\/magnetarmagnets.com\/wp-content\/uploads\/2019\/06\/deep-seeker-package-1.jpg","width":1500,"height":1500,"caption":"The best fishing magnet set for precise magnet fishing."},{"@type":"BreadcrumbList","@id":"https:\/\/magnetarmagnets.com\/hu\/shop\/fishing-pole-package-1-0-280-kg-huzoero-easy-allround-360-magnes-horgasz-szett\/#breadcrumb","itemListElement":[{"@type":"ListItem","position":1,"name":"Home","item":"https:\/\/magnetarmagnets.com\/hu\/"},{"@type":"ListItem","position":2,"name":"Webshop","item":"https:\/\/magnetarmagnets.com\/webshop\/"},{"@type":"ListItem","position":3,"name":"Horg\u00e1sz m\u00e1gnesek","item":"https:\/\/magnetarmagnets.com\/hu\/collections\/horgasz-magnesek\/"},{"@type":"ListItem","position":4,"name":"Horg\u00e1sz m\u00e1gnesek 360\u00b0","item":"https:\/\/magnetarmagnets.com\/hu\/collections\/horgasz-magnesek\/horgasz-magnesek-360\/"},{"@type":"ListItem","position":5,"name":"Fishing Pole Package 1.0 \u2013 280 kg h\u00faz\u00f3er\u0151 \u2013 Easy Allround 360\u00b0 m\u00e1gnes horg\u00e1sz szett"}]},{"@type":"WebSite","@id":"https:\/\/magnetarmagnets.com\/hu\/#website","url":"https:\/\/magnetarmagnets.com\/hu\/","name":"Magnet fishing with a Magnetar fishing magnet","description":"Er\u0151s m\u00e1gnesek m\u00e1gneshorg\u00e1szathoz","publisher":{"@id":"https:\/\/magnetarmagnets.com\/hu\/#organization"},"potentialAction":[{"@type":"SearchAction","target":{"@type":"EntryPoint","urlTemplate":"https:\/\/magnetarmagnets.com\/hu\/?s={search_term_string}"},"query-input":{"@type":"PropertyValueSpecification","valueRequired":true,"valueName":"search_term_string"}}],"inLanguage":"hu"},{"@type":"Organization","@id":"https:\/\/magnetarmagnets.com\/hu\/#organization","name":"Magnetar","url":"https:\/\/magnetarmagnets.com\/hu\/","logo":{"@type":"ImageObject","inLanguage":"hu","@id":"https:\/\/magnetarmagnets.com\/hu\/#\/schema\/logo\/image\/","url":"https:\/\/magnetarmagnets.com\/wp-content\/uploads\/2025\/05\/Logo-03_PNG-Black-scaled.png","contentUrl":"https:\/\/magnetarmagnets.com\/wp-content\/uploads\/2025\/05\/Logo-03_PNG-Black-scaled.png","width":2560,"height":1658,"caption":"Magnetar"},"image":{"@id":"https:\/\/magnetarmagnets.com\/hu\/#\/schema\/logo\/image\/"},"sameAs":["https:\/\/www.facebook.com\/fishingmagnets\/","https:\/\/www.instagram.com\/magnetar_magnets\/","https:\/\/www.linkedin.com\/company\/magnetarbv\/?originalSubdomain=nl","https:\/\/www.youtube.com\/c\/MagnetarVismagneet"]}]}},"_links":{"self":[{"href":"https:\/\/magnetarmagnets.com\/hu\/wp-json\/wp\/v2\/product\/82591","targetHints":{"allow":["GET"]}}],"collection":[{"href":"https:\/\/magnetarmagnets.com\/hu\/wp-json\/wp\/v2\/product"}],"about":[{"href":"https:\/\/magnetarmagnets.com\/hu\/wp-json\/wp\/v2\/types\/product"}],"replies":[{"embeddable":true,"href":"https:\/\/magnetarmagnets.com\/hu\/wp-json\/wp\/v2\/comments?post=82591"}],"version-history":[{"count":0,"href":"https:\/\/magnetarmagnets.com\/hu\/wp-json\/wp\/v2\/product\/82591\/revisions"}],"wp:featuredmedia":[{"embeddable":true,"href":"https:\/\/magnetarmagnets.com\/hu\/wp-json\/wp\/v2\/media\/74051"}],"wp:attachment":[{"href":"https:\/\/magnetarmagnets.com\/hu\/wp-json\/wp\/v2\/media?parent=82591"}],"wp:term":[{"taxonomy":"product_brand","embeddable":true,"href":"https:\/\/magnetarmagnets.com\/hu\/wp-json\/wp\/v2\/product_brand?post=82591"},{"taxonomy":"product_cat","embeddable":true,"href":"https:\/\/magnetarmagnets.com\/hu\/wp-json\/wp\/v2\/product_cat?post=82591"},{"taxonomy":"product_tag","embeddable":true,"href":"https:\/\/magnetarmagnets.com\/hu\/wp-json\/wp\/v2\/product_tag?post=82591"}],"curies":[{"name":"wp","href":"https:\/\/api.w.org\/{rel}","templated":true}]}}