{"id":82590,"date":"2025-06-05T09:54:16","date_gmt":"2025-06-05T07:54:16","guid":{"rendered":"https:\/\/magnetarmagnets.com\/?post_type=product&#038;p=82590"},"modified":"2026-04-03T13:02:30","modified_gmt":"2026-04-03T11:02:30","slug":"magnetar-horgonykampo-magnes-horgaszathoz-rozsdamentes-acel-menetes-veg","status":"publish","type":"product","link":"https:\/\/magnetarmagnets.com\/hu\/shop\/magnetar-horgonykampo-magnes-horgaszathoz-rozsdamentes-acel-menetes-veg\/","title":{"rendered":"Magnetar horgonykamp\u00f3 m\u00e1gnes horg\u00e1szat\u00adhoz \u2013 rozsdamentes ac\u00e9l, menetes v\u00e9g"},"content":{"rendered":"El\u0151fordulhat, hogy a v\u00edzben tal\u00e1l olyan t\u00e1rgyat, amelyet \u00f6nmag\u00e1ban egy m\u00e1gneshorg\u00e1sz m\u00e1gnes nem tud kiemelni. Ilyen helyzetben mit tehet? Haszn\u00e1lja a Magnetar horgonykamp\u00f3j\u00e1t! Ezzel a kieg\u00e9sz\u00edt\u0151vel m\u00e9g a legnehezebben megfoghat\u00f3 t\u00e1rgyakat is stabilan meg tudja fogni. A horgonykamp\u00f3 menetes v\u00e9g\u00e9nek k\u00f6sz\u00f6nhet\u0151en csatlakoztathatja a m\u00e1gnes horg\u00e1szat sor\u00e1n haszn\u00e1lt &#8220;Lange Jan&#8221; horg\u00e1szbotunkhoz.\n\n<h2>Kiv\u00e1l\u00f3 min\u0151s\u00e9g\u0171 menetes horgonykamp\u00f3<\/h2>\n\nEz a m\u00e1gnes horg\u00e1szat kieg\u00e9sz\u00edt\u0151jek\u00e9nt szolg\u00e1l\u00f3 horgonykamp\u00f3 teljes eg\u00e9sz\u00e9ben rozsdamentes ac\u00e9lb\u00f3l k\u00e9sz\u00fclt. Ez biztos\u00edtja, hogy maga a kamp\u00f3 nem legyen m\u00e1gneses, \u00e9s ellen\u00e1lljon a korr\u00f3zi\u00f3nak, vagy annak minim\u00e1lis m\u00e9rt\u00e9kben legyen kit\u00e9ve. A kieg\u00e9sz\u00edt\u0151t gond n\u00e9lk\u00fcl haszn\u00e1lhatja egy\u00fctt a Magnetar m\u00e1gnes\u00e9vel. Nagyon k\u00e9nyelmes, nem igaz?\n\nEz az eszk\u00f6z kifejezetten a Lange Jan bothoz lett tervezve. A Lange Jan egy olyan horg\u00e1szbot, amelyet \u00e1ltal\u00e1ban a Magnetar <a href=\"https:\/\/magnetarmagnets.com\/strong-fishing-magnets\">horg\u00e1sz m\u00e1gnes<\/a> haszn\u00e1latakor alkalmaznak. Mostant\u00f3l horgonykamp\u00f3t is szerelhet a Lange Janra, \u00edgy k\u00f6nnyebben c\u00e9lozhatja meg a v\u00edz alatti t\u00e1rgyakat, mint puszta k\u00f6t\u00e9llel.\n\n<h2>Hogyan haszn\u00e1ljam a menetes horgonykamp\u00f3t?<\/h2>\n\nA horgonykamp\u00f3t kezdetben nem m\u00e1gneses t\u00e1rgyak kiemel\u00e9s\u00e9re haszn\u00e1lja. A bottal megpr\u00f3b\u00e1lhatja egyik kamp\u00f3sz\u00e1r\u00e1t a t\u00e1rgy m\u00f6g\u00e9 akasztani. Ezut\u00e1n \u00f3vatosan h\u00fazza felfel\u00e9 a t\u00e1rgyat.\n\nEl\u0151fordulhat, hogy \u00f6nmag\u00e1ban a m\u00e1gnes nem biztos\u00edt el\u00e9g fog\u00e1st. Itt l\u00e9p be a k\u00e9pbe a Magnetar horgonykamp\u00f3. \u00d3vatosan engedje le a kamp\u00f3t, \u00e9s k\u00eds\u00e9relje meg a tal\u00e1lat m\u00f6g\u00e9 akasztani. Ezut\u00e1n egyszerre h\u00fazza felfel\u00e9 a m\u00e1gneses csalit \u00e9s a horgonykamp\u00f3t.\n\n<h2>Magnetar min\u0151s\u00e9g<\/h2>\n\nA Magnetar egy kis csal\u00e1di v\u00e1llalkoz\u00e1s, amelyet val\u00f3di m\u00e1gneshorg\u00e1szok vezetnek. A min\u0151s\u00e9g az els\u0151dleges szempont sz\u00e1munkra, \u00e9s ez term\u00e9keinkben is t\u00fckr\u00f6z\u0151dik. Minden term\u00e9ket saj\u00e1t csapatunk tervez, hogy garant\u00e1lt legyen a megb\u00edzhat\u00f3s\u00e1g. Megb\u00edzhat\u00f3, hat\u00e9kony \u00e9s magas min\u0151s\u00e9g\u0171 m\u00e1gnes horg\u00e1szat felszerel\u00e9st keres? Akkor a Magnetar a t\u00f6k\u00e9letes v\u00e1laszt\u00e1s!\n\n<h2>Figyelem!<\/h2>\n\nA menetes horgonykamp\u00f3t a m\u00e1gnes horg\u00e1szat sor\u00e1n \u00e9s ut\u00e1n is \u00f3vatosan haszn\u00e1lja. Haszn\u00e1lat ut\u00e1n javasolt a term\u00e9ket megtiszt\u00edtani a hosszabb \u00e9lettartam \u00e9rdek\u00e9ben. Ezenk\u00edv\u00fcl \u00fcgyeljen a kamp\u00f3 \u00e9les v\u00e9gpontjaira. Gondoskodjon arr\u00f3l, hogy t\u00e1rol\u00e1s k\u00f6zben ezek a pontok ne jelentsenek vesz\u00e9lyt.","protected":false},"excerpt":{"rendered":"<p>Ezt a <strong>menetes horgonykamp\u00f3t<\/strong> szerelje fel a Magnetar Lange Jan m\u00e1gneshorg\u00e1sz botj\u00e1ra. \u00cdgy a <strong>horgonykamp\u00f3t<\/strong> m\u00e9g <strong>hat\u00e9konyabban<\/strong> haszn\u00e1lhatja.<\/p>\n","protected":false},"featured_media":79733,"comment_status":"open","ping_status":"closed","template":"","meta":{"_acf_changed":false,"inline_featured_image":false},"product_brand":[],"product_cat":[563,564],"product_tag":[],"class_list":{"0":"post-82590","1":"product","2":"type-product","3":"status-publish","4":"has-post-thumbnail","6":"product_cat-vybaveni","7":"product_cat-vybaveni-pro-magnet-fishing","9":"first","10":"instock","11":"taxable","12":"shipping-taxable","13":"purchasable","14":"product-type-simple"},"acf":[],"yoast_head":"<!-- This site is optimized with the Yoast SEO plugin v27.3 - https:\/\/yoast.com\/product\/yoast-seo-wordpress\/ -->\n<title>Magnetar horgonykamp\u00f3 m\u00e1gnes horg\u00e1szat\u00adhoz \u2013 rozsdamentes ac\u00e9l, menetes v\u00e9g<\/title>\n<meta name=\"description\" content=\"Horgonykamp\u00f3 m\u00e1gnes horg\u00e1szat \u2013 Magnetar alapfelszerel\u00e9s\" \/>\n<meta name=\"robots\" content=\"index, follow, max-snippet:-1, max-image-preview:large, max-video-preview:-1\" \/>\n<link rel=\"canonical\" href=\"https:\/\/magnetarmagnets.com\/hu\/shop\/magnetar-horgonykampo-magnes-horgaszathoz-rozsdamentes-acel-menetes-veg\/\" \/>\n<meta property=\"og:locale\" content=\"hu_HU\" \/>\n<meta property=\"og:type\" content=\"article\" \/>\n<meta property=\"og:title\" content=\"Magnetar horgonykamp\u00f3 m\u00e1gnes horg\u00e1szat\u00adhoz \u2013 rozsdamentes ac\u00e9l, menetes v\u00e9g\" \/>\n<meta property=\"og:description\" content=\"Horgonykamp\u00f3 m\u00e1gnes horg\u00e1szat \u2013 Magnetar alapfelszerel\u00e9s\" \/>\n<meta property=\"og:url\" content=\"https:\/\/magnetarmagnets.com\/hu\/shop\/magnetar-horgonykampo-magnes-horgaszathoz-rozsdamentes-acel-menetes-veg\/\" \/>\n<meta property=\"og:site_name\" content=\"Magnet fishing with a Magnetar fishing magnet\" \/>\n<meta property=\"article:publisher\" content=\"https:\/\/www.facebook.com\/fishingmagnets\/\" \/>\n<meta property=\"article:modified_time\" content=\"2026-04-03T11:02:30+00:00\" \/>\n<meta property=\"og:image\" content=\"https:\/\/magnetarmagnets.com\/wp-content\/uploads\/2023\/09\/JNF-Magnetar-Bedrijfsfotografie-01-09-2023-Foto-0172.jpg\" \/>\n\t<meta property=\"og:image:width\" content=\"1000\" \/>\n\t<meta property=\"og:image:height\" content=\"1000\" \/>\n\t<meta property=\"og:image:type\" content=\"image\/jpeg\" \/>\n<meta name=\"twitter:card\" content=\"summary_large_image\" \/>\n<meta name=\"twitter:label1\" content=\"Becs\u00fclt olvas\u00e1si id\u0151\" \/>\n\t<meta name=\"twitter:data1\" content=\"2 perc\" \/>\n<script type=\"application\/ld+json\" class=\"yoast-schema-graph\">{\"@context\":\"https:\\\/\\\/schema.org\",\"@graph\":[{\"@type\":[\"WebPage\",\"ItemPage\"],\"@id\":\"https:\\\/\\\/magnetarmagnets.com\\\/hu\\\/shop\\\/magnetar-horgonykampo-magnes-horgaszathoz-rozsdamentes-acel-menetes-veg\\\/\",\"url\":\"https:\\\/\\\/magnetarmagnets.com\\\/hu\\\/shop\\\/magnetar-horgonykampo-magnes-horgaszathoz-rozsdamentes-acel-menetes-veg\\\/\",\"name\":\"Magnetar horgonykamp\u00f3 m\u00e1gnes horg\u00e1szat\u00adhoz \u2013 rozsdamentes ac\u00e9l, menetes v\u00e9g\",\"isPartOf\":{\"@id\":\"https:\\\/\\\/magnetarmagnets.com\\\/hu\\\/#website\"},\"primaryImageOfPage\":{\"@id\":\"https:\\\/\\\/magnetarmagnets.com\\\/hu\\\/shop\\\/magnetar-horgonykampo-magnes-horgaszathoz-rozsdamentes-acel-menetes-veg\\\/#primaryimage\"},\"image\":{\"@id\":\"https:\\\/\\\/magnetarmagnets.com\\\/hu\\\/shop\\\/magnetar-horgonykampo-magnes-horgaszathoz-rozsdamentes-acel-menetes-veg\\\/#primaryimage\"},\"thumbnailUrl\":\"https:\\\/\\\/magnetarmagnets.com\\\/wp-content\\\/uploads\\\/2023\\\/09\\\/JNF-Magnetar-Bedrijfsfotografie-01-09-2023-Foto-0172.jpg\",\"datePublished\":\"2025-06-05T07:54:16+00:00\",\"dateModified\":\"2026-04-03T11:02:30+00:00\",\"description\":\"Horgonykamp\u00f3 m\u00e1gnes horg\u00e1szat \u2013 Magnetar alapfelszerel\u00e9s\",\"breadcrumb\":{\"@id\":\"https:\\\/\\\/magnetarmagnets.com\\\/hu\\\/shop\\\/magnetar-horgonykampo-magnes-horgaszathoz-rozsdamentes-acel-menetes-veg\\\/#breadcrumb\"},\"inLanguage\":\"hu\",\"potentialAction\":[{\"@type\":\"ReadAction\",\"target\":[\"https:\\\/\\\/magnetarmagnets.com\\\/hu\\\/shop\\\/magnetar-horgonykampo-magnes-horgaszathoz-rozsdamentes-acel-menetes-veg\\\/\"]}]},{\"@type\":\"ImageObject\",\"inLanguage\":\"hu\",\"@id\":\"https:\\\/\\\/magnetarmagnets.com\\\/hu\\\/shop\\\/magnetar-horgonykampo-magnes-horgaszathoz-rozsdamentes-acel-menetes-veg\\\/#primaryimage\",\"url\":\"https:\\\/\\\/magnetarmagnets.com\\\/wp-content\\\/uploads\\\/2023\\\/09\\\/JNF-Magnetar-Bedrijfsfotografie-01-09-2023-Foto-0172.jpg\",\"contentUrl\":\"https:\\\/\\\/magnetarmagnets.com\\\/wp-content\\\/uploads\\\/2023\\\/09\\\/JNF-Magnetar-Bedrijfsfotografie-01-09-2023-Foto-0172.jpg\",\"width\":1000,\"height\":1000,\"caption\":\"The grappling hook with a thread for magnet fishing\"},{\"@type\":\"BreadcrumbList\",\"@id\":\"https:\\\/\\\/magnetarmagnets.com\\\/hu\\\/shop\\\/magnetar-horgonykampo-magnes-horgaszathoz-rozsdamentes-acel-menetes-veg\\\/#breadcrumb\",\"itemListElement\":[{\"@type\":\"ListItem\",\"position\":1,\"name\":\"Home\",\"item\":\"https:\\\/\\\/magnetarmagnets.com\\\/hu\\\/\"},{\"@type\":\"ListItem\",\"position\":2,\"name\":\"Webshop\",\"item\":\"https:\\\/\\\/magnetarmagnets.com\\\/webshop\\\/\"},{\"@type\":\"ListItem\",\"position\":3,\"name\":\"Felszerel\u00e9s\",\"item\":\"https:\\\/\\\/magnetarmagnets.com\\\/hu\\\/collections\\\/felszereles\\\/\"},{\"@type\":\"ListItem\",\"position\":4,\"name\":\"Horg\u00e1sz m\u00e1gnes felszerel\u00e9s\",\"item\":\"https:\\\/\\\/magnetarmagnets.com\\\/hu\\\/collections\\\/felszereles\\\/horgasz-magnes-felszereles\\\/\"},{\"@type\":\"ListItem\",\"position\":5,\"name\":\"Magnetar horgonykamp\u00f3 m\u00e1gnes horg\u00e1szat\u00adhoz \u2013 rozsdamentes ac\u00e9l, menetes v\u00e9g\"}]},{\"@type\":\"WebSite\",\"@id\":\"https:\\\/\\\/magnetarmagnets.com\\\/hu\\\/#website\",\"url\":\"https:\\\/\\\/magnetarmagnets.com\\\/hu\\\/\",\"name\":\"Magnet fishing with a Magnetar fishing magnet\",\"description\":\"Er\u0151s m\u00e1gnesek m\u00e1gneshorg\u00e1szathoz\",\"publisher\":{\"@id\":\"https:\\\/\\\/magnetarmagnets.com\\\/hu\\\/#organization\"},\"potentialAction\":[{\"@type\":\"SearchAction\",\"target\":{\"@type\":\"EntryPoint\",\"urlTemplate\":\"https:\\\/\\\/magnetarmagnets.com\\\/hu\\\/?s={search_term_string}\"},\"query-input\":{\"@type\":\"PropertyValueSpecification\",\"valueRequired\":true,\"valueName\":\"search_term_string\"}}],\"inLanguage\":\"hu\"},{\"@type\":\"Organization\",\"@id\":\"https:\\\/\\\/magnetarmagnets.com\\\/hu\\\/#organization\",\"name\":\"Magnetar\",\"url\":\"https:\\\/\\\/magnetarmagnets.com\\\/hu\\\/\",\"logo\":{\"@type\":\"ImageObject\",\"inLanguage\":\"hu\",\"@id\":\"https:\\\/\\\/magnetarmagnets.com\\\/hu\\\/#\\\/schema\\\/logo\\\/image\\\/\",\"url\":\"https:\\\/\\\/magnetarmagnets.com\\\/wp-content\\\/uploads\\\/2025\\\/05\\\/Logo-03_PNG-Black-scaled.png\",\"contentUrl\":\"https:\\\/\\\/magnetarmagnets.com\\\/wp-content\\\/uploads\\\/2025\\\/05\\\/Logo-03_PNG-Black-scaled.png\",\"width\":2560,\"height\":1658,\"caption\":\"Magnetar\"},\"image\":{\"@id\":\"https:\\\/\\\/magnetarmagnets.com\\\/hu\\\/#\\\/schema\\\/logo\\\/image\\\/\"},\"sameAs\":[\"https:\\\/\\\/www.facebook.com\\\/fishingmagnets\\\/\",\"https:\\\/\\\/www.instagram.com\\\/magnetar_magnets\\\/\",\"https:\\\/\\\/www.linkedin.com\\\/company\\\/magnetarbv\\\/?originalSubdomain=nl\",\"https:\\\/\\\/www.youtube.com\\\/c\\\/MagnetarVismagneet\"]}]}<\/script>\n<!-- \/ Yoast SEO plugin. -->","yoast_head_json":{"title":"Magnetar horgonykamp\u00f3 m\u00e1gnes horg\u00e1szat\u00adhoz \u2013 rozsdamentes ac\u00e9l, menetes v\u00e9g","description":"Horgonykamp\u00f3 m\u00e1gnes horg\u00e1szat \u2013 Magnetar alapfelszerel\u00e9s","robots":{"index":"index","follow":"follow","max-snippet":"max-snippet:-1","max-image-preview":"max-image-preview:large","max-video-preview":"max-video-preview:-1"},"canonical":"https:\/\/magnetarmagnets.com\/hu\/shop\/magnetar-horgonykampo-magnes-horgaszathoz-rozsdamentes-acel-menetes-veg\/","og_locale":"hu_HU","og_type":"article","og_title":"Magnetar horgonykamp\u00f3 m\u00e1gnes horg\u00e1szat\u00adhoz \u2013 rozsdamentes ac\u00e9l, menetes v\u00e9g","og_description":"Horgonykamp\u00f3 m\u00e1gnes horg\u00e1szat \u2013 Magnetar alapfelszerel\u00e9s","og_url":"https:\/\/magnetarmagnets.com\/hu\/shop\/magnetar-horgonykampo-magnes-horgaszathoz-rozsdamentes-acel-menetes-veg\/","og_site_name":"Magnet fishing with a Magnetar fishing magnet","article_publisher":"https:\/\/www.facebook.com\/fishingmagnets\/","article_modified_time":"2026-04-03T11:02:30+00:00","og_image":[{"width":1000,"height":1000,"url":"https:\/\/magnetarmagnets.com\/wp-content\/uploads\/2023\/09\/JNF-Magnetar-Bedrijfsfotografie-01-09-2023-Foto-0172.jpg","type":"image\/jpeg"}],"twitter_card":"summary_large_image","twitter_misc":{"Becs\u00fclt olvas\u00e1si id\u0151":"2 perc"},"schema":{"@context":"https:\/\/schema.org","@graph":[{"@type":["WebPage","ItemPage"],"@id":"https:\/\/magnetarmagnets.com\/hu\/shop\/magnetar-horgonykampo-magnes-horgaszathoz-rozsdamentes-acel-menetes-veg\/","url":"https:\/\/magnetarmagnets.com\/hu\/shop\/magnetar-horgonykampo-magnes-horgaszathoz-rozsdamentes-acel-menetes-veg\/","name":"Magnetar horgonykamp\u00f3 m\u00e1gnes horg\u00e1szat\u00adhoz \u2013 rozsdamentes ac\u00e9l, menetes v\u00e9g","isPartOf":{"@id":"https:\/\/magnetarmagnets.com\/hu\/#website"},"primaryImageOfPage":{"@id":"https:\/\/magnetarmagnets.com\/hu\/shop\/magnetar-horgonykampo-magnes-horgaszathoz-rozsdamentes-acel-menetes-veg\/#primaryimage"},"image":{"@id":"https:\/\/magnetarmagnets.com\/hu\/shop\/magnetar-horgonykampo-magnes-horgaszathoz-rozsdamentes-acel-menetes-veg\/#primaryimage"},"thumbnailUrl":"https:\/\/magnetarmagnets.com\/wp-content\/uploads\/2023\/09\/JNF-Magnetar-Bedrijfsfotografie-01-09-2023-Foto-0172.jpg","datePublished":"2025-06-05T07:54:16+00:00","dateModified":"2026-04-03T11:02:30+00:00","description":"Horgonykamp\u00f3 m\u00e1gnes horg\u00e1szat \u2013 Magnetar alapfelszerel\u00e9s","breadcrumb":{"@id":"https:\/\/magnetarmagnets.com\/hu\/shop\/magnetar-horgonykampo-magnes-horgaszathoz-rozsdamentes-acel-menetes-veg\/#breadcrumb"},"inLanguage":"hu","potentialAction":[{"@type":"ReadAction","target":["https:\/\/magnetarmagnets.com\/hu\/shop\/magnetar-horgonykampo-magnes-horgaszathoz-rozsdamentes-acel-menetes-veg\/"]}]},{"@type":"ImageObject","inLanguage":"hu","@id":"https:\/\/magnetarmagnets.com\/hu\/shop\/magnetar-horgonykampo-magnes-horgaszathoz-rozsdamentes-acel-menetes-veg\/#primaryimage","url":"https:\/\/magnetarmagnets.com\/wp-content\/uploads\/2023\/09\/JNF-Magnetar-Bedrijfsfotografie-01-09-2023-Foto-0172.jpg","contentUrl":"https:\/\/magnetarmagnets.com\/wp-content\/uploads\/2023\/09\/JNF-Magnetar-Bedrijfsfotografie-01-09-2023-Foto-0172.jpg","width":1000,"height":1000,"caption":"The grappling hook with a thread for magnet fishing"},{"@type":"BreadcrumbList","@id":"https:\/\/magnetarmagnets.com\/hu\/shop\/magnetar-horgonykampo-magnes-horgaszathoz-rozsdamentes-acel-menetes-veg\/#breadcrumb","itemListElement":[{"@type":"ListItem","position":1,"name":"Home","item":"https:\/\/magnetarmagnets.com\/hu\/"},{"@type":"ListItem","position":2,"name":"Webshop","item":"https:\/\/magnetarmagnets.com\/webshop\/"},{"@type":"ListItem","position":3,"name":"Felszerel\u00e9s","item":"https:\/\/magnetarmagnets.com\/hu\/collections\/felszereles\/"},{"@type":"ListItem","position":4,"name":"Horg\u00e1sz m\u00e1gnes felszerel\u00e9s","item":"https:\/\/magnetarmagnets.com\/hu\/collections\/felszereles\/horgasz-magnes-felszereles\/"},{"@type":"ListItem","position":5,"name":"Magnetar horgonykamp\u00f3 m\u00e1gnes horg\u00e1szat\u00adhoz \u2013 rozsdamentes ac\u00e9l, menetes v\u00e9g"}]},{"@type":"WebSite","@id":"https:\/\/magnetarmagnets.com\/hu\/#website","url":"https:\/\/magnetarmagnets.com\/hu\/","name":"Magnet fishing with a Magnetar fishing magnet","description":"Er\u0151s m\u00e1gnesek m\u00e1gneshorg\u00e1szathoz","publisher":{"@id":"https:\/\/magnetarmagnets.com\/hu\/#organization"},"potentialAction":[{"@type":"SearchAction","target":{"@type":"EntryPoint","urlTemplate":"https:\/\/magnetarmagnets.com\/hu\/?s={search_term_string}"},"query-input":{"@type":"PropertyValueSpecification","valueRequired":true,"valueName":"search_term_string"}}],"inLanguage":"hu"},{"@type":"Organization","@id":"https:\/\/magnetarmagnets.com\/hu\/#organization","name":"Magnetar","url":"https:\/\/magnetarmagnets.com\/hu\/","logo":{"@type":"ImageObject","inLanguage":"hu","@id":"https:\/\/magnetarmagnets.com\/hu\/#\/schema\/logo\/image\/","url":"https:\/\/magnetarmagnets.com\/wp-content\/uploads\/2025\/05\/Logo-03_PNG-Black-scaled.png","contentUrl":"https:\/\/magnetarmagnets.com\/wp-content\/uploads\/2025\/05\/Logo-03_PNG-Black-scaled.png","width":2560,"height":1658,"caption":"Magnetar"},"image":{"@id":"https:\/\/magnetarmagnets.com\/hu\/#\/schema\/logo\/image\/"},"sameAs":["https:\/\/www.facebook.com\/fishingmagnets\/","https:\/\/www.instagram.com\/magnetar_magnets\/","https:\/\/www.linkedin.com\/company\/magnetarbv\/?originalSubdomain=nl","https:\/\/www.youtube.com\/c\/MagnetarVismagneet"]}]}},"_links":{"self":[{"href":"https:\/\/magnetarmagnets.com\/hu\/wp-json\/wp\/v2\/product\/82590","targetHints":{"allow":["GET"]}}],"collection":[{"href":"https:\/\/magnetarmagnets.com\/hu\/wp-json\/wp\/v2\/product"}],"about":[{"href":"https:\/\/magnetarmagnets.com\/hu\/wp-json\/wp\/v2\/types\/product"}],"replies":[{"embeddable":true,"href":"https:\/\/magnetarmagnets.com\/hu\/wp-json\/wp\/v2\/comments?post=82590"}],"version-history":[{"count":0,"href":"https:\/\/magnetarmagnets.com\/hu\/wp-json\/wp\/v2\/product\/82590\/revisions"}],"wp:featuredmedia":[{"embeddable":true,"href":"https:\/\/magnetarmagnets.com\/hu\/wp-json\/wp\/v2\/media\/79733"}],"wp:attachment":[{"href":"https:\/\/magnetarmagnets.com\/hu\/wp-json\/wp\/v2\/media?parent=82590"}],"wp:term":[{"taxonomy":"product_brand","embeddable":true,"href":"https:\/\/magnetarmagnets.com\/hu\/wp-json\/wp\/v2\/product_brand?post=82590"},{"taxonomy":"product_cat","embeddable":true,"href":"https:\/\/magnetarmagnets.com\/hu\/wp-json\/wp\/v2\/product_cat?post=82590"},{"taxonomy":"product_tag","embeddable":true,"href":"https:\/\/magnetarmagnets.com\/hu\/wp-json\/wp\/v2\/product_tag?post=82590"}],"curies":[{"name":"wp","href":"https:\/\/api.w.org\/{rel}","templated":true}]}}